{"id":42,"date":"2018-06-18T09:30:00","date_gmt":"2018-06-18T09:30:00","guid":{"rendered":"http:\/\/bet-bonus.net\/tr\/?page_id=42"},"modified":"2018-07-23T13:50:14","modified_gmt":"2018-07-23T13:50:14","slug":"bahis","status":"publish","type":"page","link":"https:\/\/bet-bonus.net\/tr\/bahis\/","title":{"rendered":"1xBet \u0130ddaa Oranlar\u0131 ve Bahis Se\u00e7enekleri"},"content":{"rendered":"<p class=\"text-justify\">1xbet bahis d\u00fcnyas\u0131na g\u00fc\u00e7l\u00fc bir finansmanla 2007 y\u0131l\u0131nda ad\u0131m att\u0131. Rusya merkezli bahis sitesi 1xcorp b\u00fcnyesinde Curocao lisans\u0131na sahip. Cascade alt yap\u0131s\u0131 sorunsuz bahisler i\u00e7in \u00e7erezleri \u00f6nlerken, online oyunlarda ve bahislerde internetin yava\u015flamas\u0131na kar\u015f\u0131 donmalar\u0131 engeller. 1x bahis, kolay ve g\u00fcvenli bahis yapma, geni\u015f yelpazeli bahisler ve \u00f6deme garantisi sunar. Xbahis 0212 900 89 64 \u0130stanbul merkezli yerel numaras\u0131n\u0131 T\u00fcrk bahis\u00e7ilerin ihtiya\u00e7lar\u0131n\u0131 gidermek i\u00e7in yay\u0131nlad\u0131.<a href=\"https:\/\/bet-bonus.net\/tr\/bahis\/canli-bahis\/\">1xbet canl\u0131 bahis<\/a><strong>,<\/strong>ma\u00e7 esnas\u0131nda en d\u00fc\u015f\u00fck marj ile en y\u00fcksek oranlar\u0131 verirve ayn\u0131 zamanda \u00e7oklu bahis alternatifleri, d\u00fcnya lig ma\u00e7lar\u0131, farkl\u0131 spor dallar\u0131nda bahis se\u00e7enekleri sunar.<\/p>\r\n<p class=\"text-justify\"><span style=\"font-weight: 400;\">            <div class=\"bonus-box first-box\">\n                <div class=\"bonus-box-head\">\n                    <div class=\"col-lg-3 col-md-4 col-sm-4 col-xs-12 \">\n                        <span class=\"hotfix operator-logo\"><img decoding=\"async\" src=\"\/turkish\/assets\/logos\/sport\/dark-back\/1xbet.png\" width=\"auto\" height=\"auto\" alt=\"1xBet\" \/><\/span>                    <\/div>\n                    <div class=\"col-lg-4 col-md-4 col-sm-4 col-xs-6\">\n                        <p class=\"box-title\">1xBet&nbsp; <\/p>\n                    <\/div>\n                    <div class=\"col-lg-5 col-md-4 col-sm-4 col-xs-6\">\n                        <div class=\"likes-box likes-js\" data-likesid=\"1\">\n                            <div class=\"likes-icon-js\"><i class=\"fa fa-heart\" aria-hidden=\"true\"><\/i><\/div>\n                            <div class=\"likes-text-js\"><p>1571 Be\u011feni<\/p><\/div>\n                        <\/div>\n                    <\/div>\n                <\/div>\n                <div class=\"bonus-box-body\">\n                    <div class=\"col-lg-3 col-md-3 col-sm-6 col-xs-12 rightBordered m-bonus no-padding\">\n                        <p>Maksimum Bonus<\/p>\n                        <p class=\"bonus-value max-bonus\">1000\u20ba<\/p>\n                    <\/div>\n                                            <div class=\"col-lg-2 col-md-2 col-sm-6 col-xs-12 no-padding\">\n                            <p>Minimum Oran<\/p>\n                            <p class=\"bonus-value\">1.40<\/p>\n                        <\/div>\n                                                                <div class=\"col-lg-2 col-md-2 col-sm-6 col-xs-12 no-padding \">\n                            <p>\u00c7evirim<\/p>\n                            <p class=\"bonus-value\">5x Bonus<\/p>\n                        <\/div>\n                                        <div class=\"col-lg-2 col-md-2 col-sm-6 col-xs-12 no-padding\">\n                        <p>Y\u00fczde<\/p>\n                        <p class=\"bonus-value\">200%<\/p>\n                    <\/div>\n                    <div class=\"col-lg-3 col-md-3 col-sm-6 col-xs-12 claim-bonus-sec \">\n\n                                                <div>\n                             <div   class=\"bonuscode  secret-code \"><span>Bonus Kodu Yok<\/span><\/div> <span class=\"cursored button js-golink  claim-bonus-code\"  onclick=\"OpenGoLink(this);\" data-operator=\"7\" data-bonus=\"3923\"   data-clicks=\"1\"data-type=\" \" ><div class='hvr-animation bonus-btn-main-sec'><span>Bonus Kodunu G\u00f6ster<\/span><\/div> <\/span>                         <\/div>\n                    <\/div>\n                <\/div>\n                            <\/div>\n                        <div class=\"bonus-box first-box\">\n                <div class=\"bonus-box-head\">\n                    <div class=\"col-lg-3 col-md-4 col-sm-4 col-xs-12 \">\n                        <span class=\"hotfix operator-logo\"><img decoding=\"async\" src=\"\/turkish\/assets\/logos\/casino\/dark-back\/1xbet-casino.png\" width=\"auto\" height=\"auto\" alt=\"1xBet\" \/><\/span>                    <\/div>\n                    <div class=\"col-lg-4 col-md-4 col-sm-4 col-xs-6\">\n                        <p class=\"box-title\">1xBet&nbsp; <\/p>\n                    <\/div>\n                    <div class=\"col-lg-5 col-md-4 col-sm-4 col-xs-6\">\n                        <div class=\"likes-box likes-js\" data-likesid=\"15\">\n                            <div class=\"likes-icon-js\"><i class=\"fa fa-heart\" aria-hidden=\"true\"><\/i><\/div>\n                            <div class=\"likes-text-js\"><p>1137 Be\u011feni<\/p><\/div>\n                        <\/div>\n                    <\/div>\n                <\/div>\n                <div class=\"bonus-box-body\">\n                    <div class=\"col-lg-3 col-md-3 col-sm-6 col-xs-12 rightBordered m-bonus no-padding\">\n                        <p>Maksimum Bonus<\/p>\n                        <p class=\"bonus-value max-bonus\">300\u20ac<\/p>\n                    <\/div>\n                                                                <div class=\"col-lg-2 col-md-2 col-sm-6 col-xs-12 no-padding \">\n                            <p>\u00c7evirim<\/p>\n                            <p class=\"bonus-value\">35x Bonus<\/p>\n                        <\/div>\n                                        <div class=\"col-lg-2 col-md-2 col-sm-6 col-xs-12 no-padding\">\n                        <p>Y\u00fczde<\/p>\n                        <p class=\"bonus-value\">300%<\/p>\n                    <\/div>\n                    <div class=\"col-lg-3 col-md-3 col-sm-6 col-xs-12 claim-bonus-sec \">\n\n                                                <div>\n                             <div   class=\"bonuscode  secret-code \"><span>Bonus Kodu Yok<\/span><\/div> <span class=\"cursored button js-golink  claim-bonus-code\"  onclick=\"OpenGoLink(this);\" data-operator=\"7\" data-bonus=\"3923\"   data-clicks=\"1\"data-type=\" \" ><div class='hvr-animation bonus-btn-main-sec'><span>Bonus Kodunu G\u00f6ster<\/span><\/div> <\/span>                         <\/div>\n                    <\/div>\n                <\/div>\n                            <\/div>\n                        <div class=\"bonus-box first-box\">\n                <div class=\"bonus-box-head\">\n                    <div class=\"col-lg-3 col-md-4 col-sm-4 col-xs-12 \">\n                        <span class=\"hotfix operator-logo\"><img decoding=\"async\" src=\"\/turkish\/assets\/logos\/poker\/dark-back\/1xbet-poker.png\" width=\"auto\" height=\"auto\" alt=\"1xBet\" \/><\/span>                    <\/div>\n                    <div class=\"col-lg-4 col-md-4 col-sm-4 col-xs-6\">\n                        <p class=\"box-title\">1xBet&nbsp; <\/p>\n                    <\/div>\n                    <div class=\"col-lg-5 col-md-4 col-sm-4 col-xs-6\">\n                        <div class=\"likes-box likes-js\" data-likesid=\"13\">\n                            <div class=\"likes-icon-js\"><i class=\"fa fa-heart\" aria-hidden=\"true\"><\/i><\/div>\n                            <div class=\"likes-text-js\"><p>1353 Be\u011feni<\/p><\/div>\n                        <\/div>\n                    <\/div>\n                <\/div>\n                <div class=\"bonus-box-body\">\n                    <div class=\"col-lg-3 col-md-3 col-sm-6 col-xs-12 rightBordered m-bonus no-padding\">\n                        <p>Maksimum Bonus<\/p>\n                        <p class=\"bonus-value max-bonus\">No Bonus<\/p>\n                    <\/div>\n                                                                <div class=\"col-lg-2 col-md-2 col-sm-6 col-xs-12 no-padding \">\n                            <p>\u00c7evirim<\/p>\n                            <p class=\"bonus-value\">x <\/p>\n                        <\/div>\n                                        <div class=\"col-lg-2 col-md-2 col-sm-6 col-xs-12 no-padding\">\n                        <p>Y\u00fczde<\/p>\n                        <p class=\"bonus-value\">-<\/p>\n                    <\/div>\n                    <div class=\"col-lg-3 col-md-3 col-sm-6 col-xs-12 claim-bonus-sec \">\n\n                                                <div>\n                             <div   class=\"bonuscode  secret-code \"><span>Bonus Kodu Yok<\/span><\/div> <span class=\"cursored button js-golink  claim-bonus-code\"  onclick=\"OpenGoLink(this);\" data-operator=\"7\" data-bonus=\"3923\"   data-clicks=\"1\"data-type=\" \" ><div class='hvr-animation bonus-btn-main-sec'><span>Bonus Kodunu G\u00f6ster<\/span><\/div> <\/span>                         <\/div>\n                    <\/div>\n                <\/div>\n                            <\/div>\n            <\/span><\/p>\r\n<div class=\"moreHome hideContent\">\r\n<p class=\"text-justify\">Floorball ya da kriket gibi egzotik sporlardan iki bine varan etkinlik her g\u00fcn yay\u0131ndad\u0131r.Amerikan futbolu, beyzbol, futbol, \u200b\u200bbasketbol, \u200b\u200bat, taz\u0131 yar\u0131\u015f\u0131 ve hatta satran\u00e7 bu bahis sitesinde bulunan sanal toplam teklifin sadece birka\u00e7 sporudur. Ho\u015fgeldin bonusu veren bahis siteleri oyunculara sadece ilk yat\u0131r\u0131mda kazan\u00e7 sa\u011flarken <a href=\"https:\/\/bet-bonus.net\/tr\/bonus\/ozel-promosyonlar\/\">1xbet \u00f6zel promosyonlar\u0131<\/a> ile prestijli \u00f6d\u00fcller ve ayr\u0131ca a\u00e7m\u0131\u015f oldu\u011fu geni\u015f iddaa program\u0131 ile se\u00e7im \u00f6ncesi bahisler, \u00e7ekili\u015fler, online casino veya slot oyunlar\u0131 ile her an heyecan verir.<\/p>\r\n\r\n<ul>\r\n \t<li class=\"text-justify\">\u0130nteraktif sistem ma\u00e7 s\u0131ras\u0131nda hangi olay\u0131n ger\u00e7ekle\u015fece\u011fini tahmin ederek bahis oynaman\u0131z\u0131 sa\u011flar.<\/li>\r\n<\/ul>\r\n&nbsp;\r\n<ul>\r\n \t<li class=\"text-justify\">En iyi canl\u0131 bahis siteleri aras\u0131nda ilk s\u0131rada yer alan 1xbet y\u00fcksek oranlarla \u015fa\u015f\u0131rt\u0131r.<\/li>\r\n<\/ul>\r\n&nbsp;\r\n<ul>\r\n \t<li class=\"text-justify\">1000den fazla bahis marketi ile kazanman\u0131z\u0131 \u015fansa b\u0131rakmaman\u0131z\u0131 \u00f6n g\u00f6r\u00fcr.<\/li>\r\n<\/ul>\r\n&nbsp;\r\n<ul>\r\n \t<li class=\"text-justify\">En iyi canl\u0131 bahis sitesi oyunculara yeni \u00fcyelerin bile kolayca ba\u015f edebilece\u011fi sezgisel aray\u00fcz sunar.<\/li>\r\n<\/ul>\r\n&nbsp;\r\n<ul>\r\n \t<li class=\"text-justify\">En g\u00fcvenilir canl\u0131 bahis siteleri uygun arama sistemi ve tek t\u0131klamayla bahis yapma yetene\u011fi; g\u00f6revi kolayla\u015ft\u0131r\u0131r ve oyunu daha heyecanl\u0131 hale getirir.<\/li>\r\n<\/ul>\r\n<\/div>\r\n\r\n<span style=\"font-weight: 400;\">\r\n<div class=\"cta-direct-bonus\">\r\n    <div class=\"col-lg-8 col-md-8 col-sm-8 col-xs-12\">\r\n        <div class=\"row\">\r\n            <p class=\"cta-direct-slogan\">\r\n                Ho\u015fgeldin Bonusu Kazanmaya Haz\u0131r M\u0131s\u0131n?            <\/p>\r\n        <\/div>\r\n    <\/div>\r\n    <div class=\"col-lg-4 col-md-4 col-sm-4 col-xs-12\">\r\n        <div class=\"row\">\r\n             <span class=\"cursored button js-golink cta-direct-button hvr-animation new-hover\"  onclick=\"OpenGoLink(this);\" data-operator=\"7\" data-bonus=\"3923\"   data-clicks=\"1\"data-type=\"sport\" ><span>\u015eimdi 1xBet \u00dcyesi Ol!!<\/span> <\/span> \r\n        <\/div>\r\n    <\/div>\r\n<\/div>\r\n\r\n<style type=\"text\/css\" media=\"screen\">\r\n    .cta-direct-button.new-hover {\r\n        padding: 3px 0 2px;\r\n    }\r\n<\/style><\/span>\r\n<h2 class=\"text-justify\"><strong>1xBet ile \u0130lk Para Yat\u0131rma \u0130\u015fleminize Kar\u015f\u0131l\u0131k 500TL 'ye Kadar %100 Ho\u015fgeldin Bonusu Kazanabilirsiniz!<\/strong><strong><\/strong><\/h2>\r\n<strong><span style=\"font-weight: 400;\"><div class=\"moreHome hideContent\"><\/span><\/strong>\r\n<p class=\"text-justify\">Xbahis sitesi ,500 TL\u2019ye kadar %100 bonus sa\u011flar. En az 10 TL yat\u0131rd\u0131ktan sonra hesab\u0131m k\u0131sm\u0131ndan bonus promosyonlar\u0131na kat\u0131l butonunu aktifle\u015ftirmeniz gerekir. Spor bahisleri yaparak en az 30 g\u00fcn i\u00e7inde \u00e7evrim sa\u011flamal\u0131s\u0131n\u0131z.Bahis stratejilerini \u015fekillendirmek isteyen \u00fcyeler i\u00e7in y\u00fcksek iddaa oranlar\u0131 hayati \u00f6neme sahiptir.Bu durum canl\u0131 iddaa oynarken de de\u011fi\u015fken oranlardan yararlanman\u0131z\u0131 sa\u011flar. Oyun i\u00e7i bahislerle erken para kazanabilirsiniz, e\u011fer spor etkinli\u011fi sizin lehinize gitmiyorsa normal bahislerden daha az riske girmeniz muhtemeldir.<\/p>\r\n<p class=\"text-justify\"><span style=\"font-weight: 400;\"><\/div><\/span><\/p>\r\n\r\n<h3 class=\"text-justify\"><strong>1xBet ile Online Canl\u0131 Bahis Oynama F\u0131rsat\u0131<\/strong><\/h3>\r\n<strong><span style=\"font-weight: 400;\"><div class=\"moreHome hideContent\"><\/span><\/strong>\r\n<p class=\"text-justify\"><a href=\"https:\/\/bet-bonus.net\/tr\/\"><strong><\/strong>1xbet\u00a0anasayfa<\/a> men\u00fcs\u00fcndeki canl\u0131 bahis sayfas\u0131, istatistiksel bilgi sistemini m\u00fckemmel \u015fekilde sunar. Burada ihtiyac\u0131n\u0131z olan bir tak\u0131m\u0131n, sporcunun veya turnuvan\u0131n g\u00f6stergelerini bulmakt\u0131r. G\u00fcvenilir canl\u0131 bahis sitesi olarak tan\u0131mlanan 1xbet sayfas\u0131nda anl\u0131k kupon olu\u015fturma f\u0131rsat\u0131 sayesinde \u00fcyeler, ba\u015far\u0131l\u0131 tahmin yapabilir. Do\u011fru ve tam bilginin \u00f6nemli oldu\u011fu canl\u0131 bahiste 3-4 kat fazla kazan\u00e7 sa\u011flanabilir.Ayr\u0131ca canl\u0131 ma\u00e7 yay\u0131nlar\u0131n\u0131 da online olarak hd kalitesinde izleme sahibi olan \u00fcyeler,yat\u0131r\u0131m yapt\u0131k\u00e7a sitede a\u00e7\u0131lmakta olan y\u00fczlerce kar\u015f\u0131la\u015fmay\u0131 hesaplar\u0131ndan an\u0131nda takip ederek yat\u0131r\u0131mlar\u0131n\u0131 daha kazan\u00e7l\u0131 hale getirebilmektedirler.Bir \u00e7ok bahis sitesi beta yay\u0131n ile canl\u0131 ma\u00e7 kar\u015f\u0131la\u015fmalar\u0131n\u0131 sunarken,1xbet ise bu i\u015flemi direk olarak sitesinden ba\u015fka bir y\u00f6nlendirme i\u015flemi yapmadan d\u00fcnya standartlar\u0131ndaki kaliteli hizmetiyle kullan\u0131c\u0131lar\u0131n\u0131 memnun etmektedir.<\/p>\r\n<p class=\"text-justify\"><span style=\"font-weight: 400;\"><\/div><\/span><\/p>\r\n<p class=\"text-justify\"><span style=\"font-weight: 400;\"><div class=\"bonus-table\">\n    <div class=\"col-xs-12\">\n        <div class=\"row\">\n\n<!--            <div class=\"hidden-lg hidden-md hidden-sm col-xs-8 bonus-table-body top-responsive\">-->\n<!---->\n<!--            <\/div>-->\n            <div class=\"col-lg-12 col-md-12 col-sm-12 col-xs-12 bonus-table-body op-table no-padding\">\n                <div class=\"col-lg-3 col-md-4 col-sm-12 col-xs-12 bonus-table-head no-padding\">\n                    <p>Bahis Sitesi<\/p>\n                   <!--  <a class=\"hotfix\" href=\"\" rel=\"nofollow\" target=\"_blank\"><img decoding=\"async\" src=\"<?php\/\/ echo $logo_url; ?>\" class=\"img-responsive\"><\/a> -->\n                    <span class=\"\"><img decoding=\"async\" src=\"\/turkish\/assets\/logos\/sport\/light-back\/1xbet.png\" width=\"100px\" height=\"auto\" alt=\"1xBet\" \/><\/span>                <\/div>\n                <div class=\"col-lg-2 col-md-2 col-sm-6 col-xs-12 rightBordered borders no-padding\">\n                    <p>BONUS<\/p>\n                    <p class=\"bonus-value max-bonus\">1000\u20ba<\/p>\n                <\/div>\n                <div class=\"col-lg-2 col-md-2 col-sm-6 col-xs-6 rightBordered no-padding\">\n                    <p>Y\u00fczde<\/p>\n                    <p class=\"bonus-value\">200%<\/p>\n                <\/div>\n                <div class=\"col-lg-2 col-md-2 col-sm-6 col-xs-6 no-padding\">\n                    <p>Puan<\/p>\n                    <p class=\"rating-number\">9.9<\/p>\n                <\/div>\n                <div class=\"col-lg-3 col-md-4 col-sm-6 col-xs-12 op-table-button no-padding\">\n                    <p>Bahis Sitesini \u0130ncele<\/p>\n                     <span class=\"cursored button js-golink button claim-bonus-code\"  onclick=\"OpenGoLink(this);\" data-operator=\"7\" data-bonus=\"3923\"   data-clicks=\"1\"data-type=\"sport\" ><button class=\"hvr-animation multi-line bonus-btn-main-sec\"><span>Bonus Al !<\/span><\/button> <\/span>                 <\/div>\n            <\/div>\n        <\/div>\n    <\/div>\n<\/div>\n        <script type=\"application\/ld+json\">\n    {\n        \"@context\": \"https:\/\/schema.org\/\",\n        \"@type\": \"Review\",\n        \"datePublished\": \"18-06-2018\",\n        \"dateModified\": \"08-11-2022\",\n        \"itemReviewed\":{\n                \"@type\": \"Organization\",\n                \"name\": \"1xBet\",\n                \"image\": \" https:\/\/bet-bonus.net\/tr\/turkish\/assets\/logos\/light-back\/1xbet.png\"\n        },\n         \"author\":{\n                \"@type\": \"Person\",\n                 \"name\": \"bet-bonus.net\/TR\"\n         },\n           \"reviewRating\": {\n                \"ratingValue\": \"9.9\",\n                \"bestRating\": \"10\"\n         }\n    }\n\n\n\n        <\/script>\n        <\/span><\/p>\r\n\r\n<h3 class=\"text-justify\"><strong>E-sports Bahisleri<\/strong><strong><\/strong><\/h3>\r\n<strong><span style=\"font-weight: 400;\"><div class=\"moreHome hideContent\"><\/span><\/strong>\r\n<p class=\"text-justify\">1xBet, sahip olmu\u015f oldu\u011fu geni\u015f bahis marketlerinin yan\u0131 s\u0131ra ayn\u0131 zamanda b\u00fcnyesinde bulundurmu\u015f oldu\u011fu farkl\u0131 oyun \u00e7e\u015fitleriyle de olduk\u00e7a dikkat \u00e7eken bir markad\u0131r.\u00d6rnek vermek gerekirse;\u00f6zellikle son bir ka\u00e7 y\u0131ld\u0131r \u00fclkemizde s\u0131k\u00e7a ad\u0131n\u0131 duymakta oldu\u011fumuz <a href=\"https:\/\/bet-bonus.net\/tr\/oyunlar\/esport\/\">1xbet\u00a0eSport<\/a>\u00a0kar\u015f\u0131la\u015fmalar\u0131na da bahis a\u00e7an site,bu oyunun tutkunlar\u0131n\u0131 da kendisine \u00e7ekmeyi ba\u015farm\u0131\u015f bulunmakta.Genel olarak eSport tutkunlar\u0131n\u0131n site i\u00e7erisinde bulabilecekleri oyun t\u00fcrlerini a\u015fa\u011f\u0131daki gibi k\u0131saca s\u0131ralayabiliriz;<\/p>\r\n\r\n<ul>\r\n \t<li class=\"text-justify\">Counter Strike: Global Offensive \u2013 ESEA League, ESL India, ESL SEEC, Lootbet Cup, OZ Cup, NEE Cup and X-Bet Invitational<\/li>\r\n<\/ul>\r\n&nbsp;\r\n<ul>\r\n \t<li class=\"text-justify\">League of Legends \u2013 LVP Superliga<\/li>\r\n<\/ul>\r\n&nbsp;\r\n<ul>\r\n \t<li class=\"text-justify\">DOTA2 \u2013 DOTA Cinema Captains Draft, H-Cup, Prodata Cup, The Summit and TEvent Season 6<\/li>\r\n<\/ul>\r\n&nbsp;\r\n<ul>\r\n \t<li class=\"text-justify\">Overwatch \u2013 Nexus Cup, OWL<\/li>\r\n<\/ul>\r\n<span style=\"font-weight: 400;\"><\/div><\/span>\r\n\r\n<span style=\"font-weight: 400;\">\r\n<div class=\"cta-direct-bonus\">\r\n    <div class=\"col-lg-8 col-md-8 col-sm-8 col-xs-12\">\r\n        <div class=\"row\">\r\n            <p class=\"cta-direct-slogan\">\r\n                Ho\u015fgeldin Bonusu Kazanmaya Haz\u0131r M\u0131s\u0131n?            <\/p>\r\n        <\/div>\r\n    <\/div>\r\n    <div class=\"col-lg-4 col-md-4 col-sm-4 col-xs-12\">\r\n        <div class=\"row\">\r\n             <span class=\"cursored button js-golink cta-direct-button hvr-animation new-hover\"  onclick=\"OpenGoLink(this);\" data-operator=\"7\" data-bonus=\"3923\"   data-clicks=\"1\"data-type=\"sport\" ><span>\u015eimdi 1xBet \u00dcyesi Ol!!<\/span> <\/span> \r\n        <\/div>\r\n    <\/div>\r\n<\/div>\r\n\r\n<style type=\"text\/css\" media=\"screen\">\r\n    .cta-direct-button.new-hover {\r\n        padding: 3px 0 2px;\r\n    }\r\n<\/style><\/span>","protected":false},"excerpt":{"rendered":"1xbet bahis d\u00fcnyas\u0131na g\u00fc\u00e7l\u00fc bir finansmanla 2007 y\u0131l\u0131nda ad\u0131m att\u0131. Rusya merkezli bahis sitesi 1xcorp b\u00fcnyesinde Curocao lisans\u0131na sahip. Cascade alt yap\u0131s\u0131 sorunsuz bahisler i\u00e7in \u00e7erezleri \u00f6nlerken, online oyunlarda ve bahislerde internetin yava\u015flamas\u0131na kar\u015f\u0131 donmalar\u0131 engeller. 1x bahis, kolay ve g\u00fcvenli bahis yapma, geni\u015f yelpazeli bahisler ve \u00f6deme garantisi sunar. Xbahis 0212 900 89 64<a href=\"https:\/\/bet-bonus.net\/tr\/bahis\/\"> &#8230;<\/a>","protected":false},"author":1,"featured_media":0,"parent":0,"menu_order":0,"comment_status":"closed","ping_status":"closed","template":"","meta":{"footnotes":""},"categories":[],"tags":[],"class_list":["post-42","page","type-page","status-publish","hentry"],"yoast_head":"<!-- This site is optimized with the Yoast SEO plugin v26.7 - https:\/\/yoast.com\/wordpress\/plugins\/seo\/ -->\n<title>1x Bahis \/ Birxbet \u00bb \u0130ddaa Siteleri \u00bb Sanal Bahis \u00bb Canl\u0131 Casino \u00bb eSport<\/title>\n<meta name=\"robots\" content=\"index, follow, max-snippet:-1, max-image-preview:large, max-video-preview:-1\" \/>\n<link rel=\"canonical\" href=\"https:\/\/bet-bonus.net\/tr\/bahis\/\" \/>\n<meta property=\"og:locale\" content=\"tr_TR\" \/>\n<meta property=\"og:type\" content=\"article\" \/>\n<meta property=\"og:title\" content=\"1x Bahis \/ Birxbet \u00bb \u0130ddaa Siteleri \u00bb Sanal Bahis \u00bb Canl\u0131 Casino \u00bb eSport\" \/>\n<meta property=\"og:url\" content=\"https:\/\/bet-bonus.net\/tr\/bahis\/\" \/>\n<meta property=\"og:site_name\" content=\"bet-bonus.net\/TR\" \/>\n<meta property=\"article:modified_time\" content=\"2018-07-23T13:50:14+00:00\" \/>\n<meta name=\"twitter:card\" content=\"summary_large_image\" \/>\n<meta name=\"twitter:label1\" content=\"Tahmini okuma s\u00fcresi\" \/>\n\t<meta name=\"twitter:data1\" content=\"4 dakika\" \/>\n<script type=\"application\/ld+json\" class=\"yoast-schema-graph\">{\"@context\":\"https:\/\/schema.org\",\"@graph\":[{\"@type\":\"WebPage\",\"@id\":\"https:\/\/bet-bonus.net\/tr\/bahis\/\",\"url\":\"https:\/\/bet-bonus.net\/tr\/bahis\/\",\"name\":\"1x Bahis \/ Birxbet \u00bb \u0130ddaa Siteleri \u00bb Sanal Bahis \u00bb Canl\u0131 Casino \u00bb eSport\",\"isPartOf\":{\"@id\":\"https:\/\/bet-bonus.net\/tr\/#website\"},\"datePublished\":\"2018-06-18T09:30:00+00:00\",\"dateModified\":\"2018-07-23T13:50:14+00:00\",\"breadcrumb\":{\"@id\":\"https:\/\/bet-bonus.net\/tr\/bahis\/#breadcrumb\"},\"inLanguage\":\"tr\",\"potentialAction\":[{\"@type\":\"ReadAction\",\"target\":[\"https:\/\/bet-bonus.net\/tr\/bahis\/\"]}]},{\"@type\":\"BreadcrumbList\",\"@id\":\"https:\/\/bet-bonus.net\/tr\/bahis\/#breadcrumb\",\"itemListElement\":[{\"@type\":\"ListItem\",\"position\":1,\"name\":\"Home\",\"item\":\"https:\/\/bet-bonus.net\/tr\/\"},{\"@type\":\"ListItem\",\"position\":2,\"name\":\"1xBet \u0130ddaa Oranlar\u0131 ve Bahis Se\u00e7enekleri\"}]},{\"@type\":\"WebSite\",\"@id\":\"https:\/\/bet-bonus.net\/tr\/#website\",\"url\":\"https:\/\/bet-bonus.net\/tr\/\",\"name\":\"bet-bonus.net\/TR\",\"description\":\"\",\"potentialAction\":[{\"@type\":\"SearchAction\",\"target\":{\"@type\":\"EntryPoint\",\"urlTemplate\":\"https:\/\/bet-bonus.net\/tr\/?s={search_term_string}\"},\"query-input\":{\"@type\":\"PropertyValueSpecification\",\"valueRequired\":true,\"valueName\":\"search_term_string\"}}],\"inLanguage\":\"tr\"}]}<\/script>\n<!-- \/ Yoast SEO plugin. -->","yoast_head_json":{"title":"1x Bahis \/ Birxbet \u00bb \u0130ddaa Siteleri \u00bb Sanal Bahis \u00bb Canl\u0131 Casino \u00bb eSport","robots":{"index":"index","follow":"follow","max-snippet":"max-snippet:-1","max-image-preview":"max-image-preview:large","max-video-preview":"max-video-preview:-1"},"canonical":"https:\/\/bet-bonus.net\/tr\/bahis\/","og_locale":"tr_TR","og_type":"article","og_title":"1x Bahis \/ Birxbet \u00bb \u0130ddaa Siteleri \u00bb Sanal Bahis \u00bb Canl\u0131 Casino \u00bb eSport","og_url":"https:\/\/bet-bonus.net\/tr\/bahis\/","og_site_name":"bet-bonus.net\/TR","article_modified_time":"2018-07-23T13:50:14+00:00","twitter_card":"summary_large_image","twitter_misc":{"Tahmini okuma s\u00fcresi":"4 dakika"},"schema":{"@context":"https:\/\/schema.org","@graph":[{"@type":"WebPage","@id":"https:\/\/bet-bonus.net\/tr\/bahis\/","url":"https:\/\/bet-bonus.net\/tr\/bahis\/","name":"1x Bahis \/ Birxbet \u00bb \u0130ddaa Siteleri \u00bb Sanal Bahis \u00bb Canl\u0131 Casino \u00bb eSport","isPartOf":{"@id":"https:\/\/bet-bonus.net\/tr\/#website"},"datePublished":"2018-06-18T09:30:00+00:00","dateModified":"2018-07-23T13:50:14+00:00","breadcrumb":{"@id":"https:\/\/bet-bonus.net\/tr\/bahis\/#breadcrumb"},"inLanguage":"tr","potentialAction":[{"@type":"ReadAction","target":["https:\/\/bet-bonus.net\/tr\/bahis\/"]}]},{"@type":"BreadcrumbList","@id":"https:\/\/bet-bonus.net\/tr\/bahis\/#breadcrumb","itemListElement":[{"@type":"ListItem","position":1,"name":"Home","item":"https:\/\/bet-bonus.net\/tr\/"},{"@type":"ListItem","position":2,"name":"1xBet \u0130ddaa Oranlar\u0131 ve Bahis Se\u00e7enekleri"}]},{"@type":"WebSite","@id":"https:\/\/bet-bonus.net\/tr\/#website","url":"https:\/\/bet-bonus.net\/tr\/","name":"bet-bonus.net\/TR","description":"","potentialAction":[{"@type":"SearchAction","target":{"@type":"EntryPoint","urlTemplate":"https:\/\/bet-bonus.net\/tr\/?s={search_term_string}"},"query-input":{"@type":"PropertyValueSpecification","valueRequired":true,"valueName":"search_term_string"}}],"inLanguage":"tr"}]}},"_links":{"self":[{"href":"https:\/\/bet-bonus.net\/tr\/wp-json\/wp\/v2\/pages\/42","targetHints":{"allow":["GET"]}}],"collection":[{"href":"https:\/\/bet-bonus.net\/tr\/wp-json\/wp\/v2\/pages"}],"about":[{"href":"https:\/\/bet-bonus.net\/tr\/wp-json\/wp\/v2\/types\/page"}],"author":[{"embeddable":true,"href":"https:\/\/bet-bonus.net\/tr\/wp-json\/wp\/v2\/users\/1"}],"replies":[{"embeddable":true,"href":"https:\/\/bet-bonus.net\/tr\/wp-json\/wp\/v2\/comments?post=42"}],"version-history":[{"count":15,"href":"https:\/\/bet-bonus.net\/tr\/wp-json\/wp\/v2\/pages\/42\/revisions"}],"predecessor-version":[{"id":858,"href":"https:\/\/bet-bonus.net\/tr\/wp-json\/wp\/v2\/pages\/42\/revisions\/858"}],"wp:attachment":[{"href":"https:\/\/bet-bonus.net\/tr\/wp-json\/wp\/v2\/media?parent=42"}],"wp:term":[{"taxonomy":"category","embeddable":true,"href":"https:\/\/bet-bonus.net\/tr\/wp-json\/wp\/v2\/categories?post=42"},{"taxonomy":"post_tag","embeddable":true,"href":"https:\/\/bet-bonus.net\/tr\/wp-json\/wp\/v2\/tags?post=42"}],"curies":[{"name":"wp","href":"https:\/\/api.w.org\/{rel}","templated":true}]}}