{"id":298,"date":"2018-06-28T14:40:33","date_gmt":"2018-06-28T14:40:33","guid":{"rendered":"http:\/\/bet-bonus.net\/tr\/?page_id=298"},"modified":"2018-07-19T09:14:19","modified_gmt":"2018-07-19T09:14:19","slug":"android","status":"publish","type":"page","link":"https:\/\/bet-bonus.net\/tr\/mobil-bahis\/android\/","title":{"rendered":"1xBet Mobil Giri\u015f \u0130\u00e7in Android Uygulamas\u0131 \u0130ndir!"},"content":{"rendered":"<p class=\"text-justify\"><span style=\"font-weight: 400;\"><div class=\"moreHome hideContent\"><\/span><\/p>\r\n<p class=\"text-justify\"><div class=\"social-logos \"><img decoding=\"async\" class=\"right\" src=\"\/wp-content\/themes\/ministrap-child\/assets\/images\/android.png\" alt=\"android\">1xbet android uygulama, g\u00fcn\u00fcn her saatinde bahis ya da casino oyunlar\u0131ndan yararlanmak isteyen kullan\u0131c\u0131lar a\u00e7\u0131s\u0131ndan avantajl\u0131d\u0131r. 2007 y\u0131l\u0131nda T\u00fcrkiye i\u00e7erisinde bahis sekt\u00f6r\u00fcne kat\u0131lan 1xbet, talep g\u00f6ren platformlardan biri. Farkl\u0131 oyun se\u00e7enekleri, y\u00fcksek bahis oranlar\u0131, kolay tasar\u0131m\u0131 ve canl\u0131 destek birimi ile k\u0131sa s\u00fcre i\u00e7erisinde kazan\u00e7 sa\u011flaman\u0131za yard\u0131mc\u0131\u00a0<span style=\"background-color: transparent;\">oluyor<\/span><span style=\"background-color: transparent;\">. Android uygulamas\u0131 ise yat\u0131r\u0131mlar\u0131n anl\u0131k takip edilmesine zemin haz\u0131rlar. 1xbet mobil, ak\u0131ll\u0131 telefon ve tabletlerde kullanabildi\u011fi i\u00e7in canl\u0131\u00a0<\/span><span style=\"background-color: transparent;\">ma\u00e7lar\u0131n anl\u0131k takip edilmesine de destek verir. 1xbet mobil sitesini kullanarak f\u0131rsatlardan yararlanmak istiyorsan\u0131z, \u00fcyelik olu\u015fturman\u0131z ve t\u00fcm bilgilerinizi sayfaya aktarman\u0131z temel kurallar aras\u0131ndad\u0131r.<\/span><a href=\"https:\/\/bet-bonus.net\/tr\/mobil-bahis\/\"><strong style=\"background-color: transparent;\">1xbet <\/strong><strong style=\"background-color: transparent;\">mobil uygulamas\u0131n\u0131<\/strong><\/a><span style=\"background-color: transparent;\"> indirebilmek i\u00e7in telefon ya da tablette bulunan \u201cGoogle Play\u201d sekmesine t\u0131klamak yeterlidir. Arama alan\u0131na 1xbet mobile yaz\u0131lmas\u0131 durumunda uygulama k\u0131sa s\u00fcre i\u00e7erisinde a<\/span><span style=\"background-color: transparent;\">ktif hale gelir. \u00dcyelik ve hesap aktivasyon i\u015flemleri sonras\u0131nda mobil sayfay\u0131 kullanmak m\u00fcmk\u00fcnd\u00fcr.1xbet sayfas\u0131n\u0131n mobil uygulamas\u0131 \u00fccretsiz olarak indirilebilir. Mevcut \u00fcyelikleri olan kullan\u0131c\u0131lar, uygulamay\u0131 indirdikten sonra oyunlara en k\u0131sa s\u00fcrede kat\u0131l\u0131m sa\u011flamaya ba\u015flayabilirler.<\/div><\/span><\/p>\r\n<p class=\"text-justify\"><span style=\"background-color: transparent;\"><span style=\"font-weight: 400;\"><\/div><\/span><\/span><\/p>\r\n<p class=\"text-justify\"><span style=\"font-weight: 400;\"><div class=\"bonus-table\">\n    <div class=\"col-xs-12\">\n        <div class=\"row\">\n\n<!--            <div class=\"hidden-lg hidden-md hidden-sm col-xs-8 bonus-table-body top-responsive\">-->\n<!---->\n<!--            <\/div>-->\n            <div class=\"col-lg-12 col-md-12 col-sm-12 col-xs-12 bonus-table-body op-table no-padding\">\n                <div class=\"col-lg-3 col-md-4 col-sm-12 col-xs-12 bonus-table-head no-padding\">\n                    <p>Bahis Sitesi<\/p>\n                   <!--  <a class=\"hotfix\" href=\"\" rel=\"nofollow\" target=\"_blank\"><img decoding=\"async\" src=\"<?php\/\/ echo $logo_url; ?>\" class=\"img-responsive\"><\/a> -->\n                    <span class=\"\"><img decoding=\"async\" src=\"\/turkish\/assets\/logos\/sport\/light-back\/1xbet.png\" width=\"100px\" height=\"auto\" alt=\"1xBet\" \/><\/span>                <\/div>\n                <div class=\"col-lg-2 col-md-2 col-sm-6 col-xs-12 rightBordered borders no-padding\">\n                    <p>BONUS<\/p>\n                    <p class=\"bonus-value max-bonus\">1000\u20ba<\/p>\n                <\/div>\n                <div class=\"col-lg-2 col-md-2 col-sm-6 col-xs-6 rightBordered no-padding\">\n                    <p>Y\u00fczde<\/p>\n                    <p class=\"bonus-value\">200%<\/p>\n                <\/div>\n                <div class=\"col-lg-2 col-md-2 col-sm-6 col-xs-6 no-padding\">\n                    <p>Puan<\/p>\n                    <p class=\"rating-number\">9.9<\/p>\n                <\/div>\n                <div class=\"col-lg-3 col-md-4 col-sm-6 col-xs-12 op-table-button no-padding\">\n                    <p>Bahis Sitesini \u0130ncele<\/p>\n                     <span class=\"cursored button js-golink button claim-bonus-code\"  onclick=\"OpenGoLink(this);\" data-operator=\"7\" data-bonus=\"3923\"   data-clicks=\"1\"data-type=\"sport\" ><button class=\"hvr-animation multi-line bonus-btn-main-sec\"><span>Bonus Al !<\/span><\/button> <\/span>                 <\/div>\n            <\/div>\n        <\/div>\n    <\/div>\n<\/div>\n        <script type=\"application\/ld+json\">\n    {\n        \"@context\": \"https:\/\/schema.org\/\",\n        \"@type\": \"Review\",\n        \"datePublished\": \"28-06-2018\",\n        \"dateModified\": \"31-10-2022\",\n        \"itemReviewed\":{\n                \"@type\": \"Organization\",\n                \"name\": \"1xBet\",\n                \"image\": \" https:\/\/bet-bonus.net\/tr\/turkish\/assets\/logos\/light-back\/1xbet.png\"\n        },\n         \"author\":{\n                \"@type\": \"Person\",\n                 \"name\": \"bet-bonus.net\/TR\"\n         },\n           \"reviewRating\": {\n                \"ratingValue\": \"9.9\",\n                \"bestRating\": \"10\"\n         }\n    }\n\n\n\n        <\/script>\n        <\/span><\/p>\r\n\r\n<h2 class=\"text-justify\">Andorid Cihazlar \u00dczerinden 1xBet Mobil Adresine Giri\u015f Yapabilir Miyim?<\/h2>\r\n<span style=\"font-weight: 400;\"><div class=\"moreHome hideContent\"><\/span>\r\n<p class=\"text-justify\"><div class=\"social-logos \"><img decoding=\"async\" class=\"left\" src=\"\/wp-content\/themes\/ministrap-child\/assets\/images\/android.png\" alt=\"android\"><\/div>Android i\u015fletim sistemine sahip telefon ve tabletler \u00fczerinden 1xbet sayfas\u0131na giri\u015f yapmak m\u00fcmk\u00fcnd\u00fcr. Mobil bahis siteleri aras\u0131nda her zaman fark\u0131n\u0131 kan\u0131tlayan 1xbet, \u00fcyelerinin her an oyunlardan yararlanabilmeleri ad\u0131na kolay giri\u015f a\u015famalar\u0131 olu\u015fturur.Android i\u015fletim sistemini kullanan cihazlar \u00fczerinden 1xbet sayfas\u0131na giri\u015f yapabilmek ad\u0131na kay\u0131t s\u00fcre\u00e7lerini tamamlamak gerekir. Bu noktada ise adaylar\u0131n 18 ya\u015f\u0131ndan b\u00fcy\u00fck olmalar\u0131 \u00f6nemlidir. Kay\u0131t sonras\u0131nda 1xbet mobil giri\u015f adresi de\u011fi\u015fse bile \u00fcyeler, yeni sayfada oyunlar\u0131 de\u011ferlendirmeye devam edebilirler. \u00dclkemizde ka\u00e7ak olarak hizmet veren bahis siteleri BTK denetiminde kapansa bile mevcut \u00fcyelerin bilgileri yeni sayfaya aktar\u0131l\u0131r. Bu sayede oyun severler hesaplar\u0131n\u0131 kullanmaya devam ederler.\u00a0G\u00fcn\u00fcn her saatinde ve farkl\u0131 mekanlarda sanal oyunlara yat\u0131r\u0131m yapmak isteyenler i\u00e7in 1xbet tablet, t\u00fcm \u00fcyelerine de\u011fi\u015fik avantajlar sunar. Mobil uygulama i\u00e7erisinde <a href=\"https:\/\/bet-bonus.net\/tr\/bonus\/\">1xbet ho\u015fgeldin bonusu<\/a> kampanyas\u0131 ba\u015fta olmak \u00fczere y\u00fcksek bahis oranlar\u0131 ve di\u011fer bonuslar sizleri bekliyor.<\/p>\r\n<p class=\"text-justify\"><span style=\"font-weight: 400;\"><\/div><\/span><\/p>\r\n<span style=\"font-weight: 400;\">\r\n<div class=\"cta-direct-bonus\">\r\n    <div class=\"col-lg-8 col-md-8 col-sm-8 col-xs-12\">\r\n        <div class=\"row\">\r\n            <p class=\"cta-direct-slogan\">\r\n                Ho\u015fgeldin Bonusu Kazanmaya Haz\u0131r M\u0131s\u0131n?            <\/p>\r\n        <\/div>\r\n    <\/div>\r\n    <div class=\"col-lg-4 col-md-4 col-sm-4 col-xs-12\">\r\n        <div class=\"row\">\r\n             <span class=\"cursored button js-golink cta-direct-button hvr-animation new-hover\"  onclick=\"OpenGoLink(this);\" data-operator=\"7\" data-bonus=\"3923\"   data-clicks=\"1\"data-type=\"sport\" ><span>\u015eimdi 1xBet \u00dcyesi Ol!!<\/span> <\/span> \r\n        <\/div>\r\n    <\/div>\r\n<\/div>\r\n\r\n<style type=\"text\/css\" media=\"screen\">\r\n    .cta-direct-button.new-hover {\r\n        padding: 3px 0 2px;\r\n    }\r\n<\/style><\/span>\r\n<h2>1xBet Android Uygulama Nas\u0131l Y\u00fcklenir?<\/h2>\r\n<span style=\"font-weight: 400;\"><div class=\"moreHome hideContent\"><\/span>\r\n<ul>\r\n \t<li class=\"text-justify\">1xbet mobil uygulamas\u0131n\u0131 y\u00fckleyebilmek ad\u0131na \u00f6ncelikle Android i\u015fletim sistemine sahip telefon ya da tablet kullan\u0131yor olmak gerekir. Daha sonras\u0131nda 1xbet mobil giri\u015f adresi tam olarak uygulaman\u0131n arama motoruna yaz\u0131l\u0131r ve indirme k\u0131sa s\u00fcre i\u00e7erisinde ger\u00e7ekle\u015fir. G\u00fcvenilir mobil bahis siteleri aras\u0131nda yer alan 1xbet, Android kullanan ak\u0131ll\u0131 telefon ve tabletlere \u00fccretsiz olarak indirilebilir.<\/li>\r\n<\/ul>\r\n&nbsp;\r\n<ul>\r\n \t<li class=\"text-justify\">Uygulamay\u0131 y\u00fckledikten sonra ana sayfada bahis yap se\u00e7ene\u011fi bulunur. Tak\u0131mlar, oyuncular ve ba\u015far\u0131 durumlar\u0131 hakk\u0131nda bilgi sahibi olan \u00fcyeler, k\u0131sa s\u00fcrede bahis kuponu olu\u015fturabilirler.\u0130ddaa oranlar\u0131 mobil sayfada s\u00fcrekli de\u011fi\u015fiklik g\u00f6sterdi\u011fi i\u00e7in takipte kalmakta fayda vard\u0131r.<\/li>\r\n<\/ul>\r\n&nbsp;\r\n<ul>\r\n \t<li class=\"text-justify\">\u00dcyelerin memnun olmas\u0131 ad\u0131na mobil site i\u00e7erisinde g\u00fcnl\u00fck ya da haftal\u0131k iddaa b\u00fclteni hizmeti de mevcuttur.Bu sayede kar\u015f\u0131la\u015fmalar, saatleri, oyuncu say\u0131lar\u0131 ve kart durumlar\u0131 ile ilgili bilgi edinmek daha kolayd\u0131r.Ayr\u0131ca ilk kez bahis yapacaklar i\u00e7in sayfada ma\u00e7 tahminleri de bulunur.<\/li>\r\n<\/ul>\r\n&nbsp;\r\n<ul>\r\n \t<li class=\"text-justify\">Android uygulamas\u0131n\u0131 do\u011fru bir \u015fekilde \u00fccretsiz olarak indiren kullan\u0131c\u0131lar, b\u00f6ylelikle bahis konusunda deneyim kazanma f\u0131rsat\u0131na da sahiplerdir. Futbol, beyzbol, tenis, basketbol gibi spor dallar\u0131 d\u0131\u015f\u0131nda \u00fcyeler, esports kategorisinde de avantajl\u0131 yat\u0131r\u0131mlar ger\u00e7ekle\u015ftirebilirler.<\/li>\r\n<\/ul>\r\n&nbsp;\r\n<ul>\r\n \t<li class=\"text-justify\">Mobil sayfada bahis d\u0131\u015f\u0131nda casino, canl\u0131 rulet ve tombala gibi farkl\u0131 oyun se\u00e7enekleri de mevcuttur. Deneyim kazanana kadar d\u00fc\u015f\u00fck tutarlarda yat\u0131r\u0131m yapmak \u00f6nemlidir. Bahis yapmaf\u0131rsatlar\u0131n\u0131 de\u011ferlendiren \u00fcyeler, 1xbet casino oyunlar\u0131nda da deneyim kazand\u0131klar\u0131nda kaybetme riskleri azal\u0131r. 1xbet Android mobil uygulamas\u0131 i\u00e7erisinde oyunlar s\u00fcrekli g\u00fcncellendi\u011finden dolay\u0131 s\u0131k\u0131lmadan yat\u0131r\u0131m yapmak m\u00fcmk\u00fcnd\u00fcr.<\/li>\r\n<\/ul>\r\n<span style=\"font-weight: 400;\"><\/div><\/span>\r\n<h2>1xbet Android Uygulama Tablet Cihazlar \u0130\u00e7in de Ge\u00e7erli Mi?<\/h2>\r\n<span style=\"font-weight: 400;\"><div class=\"moreHome hideContent\"><\/span>\r\n<p class=\"text-justify\"><div class=\"social-logos \"><img decoding=\"async\" class=\"right\" src=\"\/wp-content\/themes\/ministrap-child\/assets\/images\/android.png\" alt=\"android\"><\/div>1xbet android uygulamas\u0131n\u0131 \u00fcyeler ya da yeni kullan\u0131c\u0131lar tabletler \u00fczerinden de de\u011ferlendirebilirler. Ancak bu noktada tabletin Android i\u015fletim sistemine sahip olmas\u0131 \u00f6nemlidir. 1xbet Android uygulama, yaln\u0131zca belirtilen i\u015fletim sistemini kullanan cihazlar \u00fczerinde \u00e7al\u0131\u015f\u0131r.1xbet mobile, an\u0131n tad\u0131n\u0131 \u00e7\u0131kar\u0131rken \u015fans oyunlar\u0131n\u0131 de\u011ferlendirmek isteyen kullan\u0131c\u0131lar ad\u0131na tasarlanm\u0131\u015ft\u0131r. Kullan\u0131c\u0131 ad\u0131 ve \u015fifre belirtilmedi durumunda Android cihazlar \u00fczerinden 1xbet sayfas\u0131ndaki hesaba eri\u015fim sa\u011flamak m\u00fcmk\u00fcnd\u00fcr. Bu noktada g\u00fcvenlik ad\u0131na kullan\u0131c\u0131 bilgilerinin do\u011fru girilmesi \u00f6nemlidir.Andorid cihazlar\u0131 bulunmayan ziyaret\u00e7elerimiz e\u011fer bu sat\u0131rlar\u0131 okuyorlarsa sizler i\u00e7in yine ayn\u0131 \u015fekilde <a href=\"https:\/\/bet-bonus.net\/tr\/mobil-bahis\/iphone\/\">1xbet iPhone uygulamas\u0131<\/a> hakk\u0131nda yazm\u0131\u015f oldu\u011fumuz yaz\u0131 sayesinde cihazlar\u0131n\u0131za uygulamay\u0131 nas\u0131l indirebilece\u011finizi de belirtmi\u015f bulunmaktay\u0131z.<\/p>\r\n<p class=\"text-justify\"><span style=\"font-weight: 400;\"><\/div><\/span><\/p>\r\n<span style=\"font-weight: 400;\">\r\n<div class=\"cta-direct-bonus\">\r\n    <div class=\"col-lg-8 col-md-8 col-sm-8 col-xs-12\">\r\n        <div class=\"row\">\r\n            <p class=\"cta-direct-slogan\">\r\n                Ho\u015fgeldin Bonusu Kazanmaya Haz\u0131r M\u0131s\u0131n?            <\/p>\r\n        <\/div>\r\n    <\/div>\r\n    <div class=\"col-lg-4 col-md-4 col-sm-4 col-xs-12\">\r\n        <div class=\"row\">\r\n             <span class=\"cursored button js-golink cta-direct-button hvr-animation new-hover\"  onclick=\"OpenGoLink(this);\" data-operator=\"7\" data-bonus=\"3923\"   data-clicks=\"1\"data-type=\"sport\" ><span>\u015eimdi 1xBet \u00dcyesi Ol!!<\/span> <\/span> \r\n        <\/div>\r\n    <\/div>\r\n<\/div>\r\n\r\n<style type=\"text\/css\" media=\"screen\">\r\n    .cta-direct-button.new-hover {\r\n        padding: 3px 0 2px;\r\n    }\r\n<\/style><\/span>","protected":false},"excerpt":{"rendered":"Andorid Cihazlar \u00dczerinden 1xBet Mobil Adresine Giri\u015f Yapabilir Miyim? 1xBet Android Uygulama Nas\u0131l Y\u00fcklenir? 1xbet Android Uygulama Tablet Cihazlar \u0130\u00e7in de Ge\u00e7erli Mi?","protected":false},"author":1,"featured_media":0,"parent":283,"menu_order":0,"comment_status":"closed","ping_status":"closed","template":"","meta":{"footnotes":""},"categories":[],"tags":[],"class_list":["post-298","page","type-page","status-publish","hentry"],"yoast_head":"<!-- This site is optimized with the Yoast SEO plugin v26.7 - https:\/\/yoast.com\/wordpress\/plugins\/seo\/ -->\n<title>1xBet Android Uygulama \u00bb En \u0130yi Mobil Bahis Sitesi \u00bb Canl\u0131 \u0130ddaa Oyna!<\/title>\n<meta name=\"robots\" content=\"index, follow, max-snippet:-1, max-image-preview:large, max-video-preview:-1\" \/>\n<link rel=\"canonical\" href=\"https:\/\/bet-bonus.net\/tr\/mobil-bahis\/android\/\" \/>\n<meta property=\"og:locale\" content=\"tr_TR\" \/>\n<meta property=\"og:type\" content=\"article\" \/>\n<meta property=\"og:title\" content=\"1xBet Android Uygulama \u00bb En \u0130yi Mobil Bahis Sitesi \u00bb Canl\u0131 \u0130ddaa Oyna!\" \/>\n<meta property=\"og:url\" content=\"https:\/\/bet-bonus.net\/tr\/mobil-bahis\/android\/\" \/>\n<meta property=\"og:site_name\" content=\"bet-bonus.net\/TR\" \/>\n<meta property=\"article:modified_time\" content=\"2018-07-19T09:14:19+00:00\" \/>\n<meta name=\"twitter:card\" content=\"summary_large_image\" \/>\n<meta name=\"twitter:label1\" content=\"Tahmini okuma s\u00fcresi\" \/>\n\t<meta name=\"twitter:data1\" content=\"4 dakika\" \/>\n<script type=\"application\/ld+json\" class=\"yoast-schema-graph\">{\"@context\":\"https:\/\/schema.org\",\"@graph\":[{\"@type\":\"WebPage\",\"@id\":\"https:\/\/bet-bonus.net\/tr\/mobil-bahis\/android\/\",\"url\":\"https:\/\/bet-bonus.net\/tr\/mobil-bahis\/android\/\",\"name\":\"1xBet Android Uygulama \u00bb En \u0130yi Mobil Bahis Sitesi \u00bb Canl\u0131 \u0130ddaa Oyna!\",\"isPartOf\":{\"@id\":\"https:\/\/bet-bonus.net\/tr\/#website\"},\"datePublished\":\"2018-06-28T14:40:33+00:00\",\"dateModified\":\"2018-07-19T09:14:19+00:00\",\"breadcrumb\":{\"@id\":\"https:\/\/bet-bonus.net\/tr\/mobil-bahis\/android\/#breadcrumb\"},\"inLanguage\":\"tr\",\"potentialAction\":[{\"@type\":\"ReadAction\",\"target\":[\"https:\/\/bet-bonus.net\/tr\/mobil-bahis\/android\/\"]}]},{\"@type\":\"BreadcrumbList\",\"@id\":\"https:\/\/bet-bonus.net\/tr\/mobil-bahis\/android\/#breadcrumb\",\"itemListElement\":[{\"@type\":\"ListItem\",\"position\":1,\"name\":\"Home\",\"item\":\"https:\/\/bet-bonus.net\/tr\/\"},{\"@type\":\"ListItem\",\"position\":2,\"name\":\"1xBet Mobil Bahis Sitesi \u0130\u00e7erisinde Yer Alan Uygulama Programlar\u0131 ve Mobil \u0130ddaa Se\u00e7enekleri\",\"item\":\"https:\/\/bet-bonus.net\/tr\/mobil-bahis\/\"},{\"@type\":\"ListItem\",\"position\":3,\"name\":\"1xBet Mobil Giri\u015f \u0130\u00e7in Android Uygulamas\u0131 \u0130ndir!\"}]},{\"@type\":\"WebSite\",\"@id\":\"https:\/\/bet-bonus.net\/tr\/#website\",\"url\":\"https:\/\/bet-bonus.net\/tr\/\",\"name\":\"bet-bonus.net\/TR\",\"description\":\"\",\"potentialAction\":[{\"@type\":\"SearchAction\",\"target\":{\"@type\":\"EntryPoint\",\"urlTemplate\":\"https:\/\/bet-bonus.net\/tr\/?s={search_term_string}\"},\"query-input\":{\"@type\":\"PropertyValueSpecification\",\"valueRequired\":true,\"valueName\":\"search_term_string\"}}],\"inLanguage\":\"tr\"}]}<\/script>\n<!-- \/ Yoast SEO plugin. -->","yoast_head_json":{"title":"1xBet Android Uygulama \u00bb En \u0130yi Mobil Bahis Sitesi \u00bb Canl\u0131 \u0130ddaa Oyna!","robots":{"index":"index","follow":"follow","max-snippet":"max-snippet:-1","max-image-preview":"max-image-preview:large","max-video-preview":"max-video-preview:-1"},"canonical":"https:\/\/bet-bonus.net\/tr\/mobil-bahis\/android\/","og_locale":"tr_TR","og_type":"article","og_title":"1xBet Android Uygulama \u00bb En \u0130yi Mobil Bahis Sitesi \u00bb Canl\u0131 \u0130ddaa Oyna!","og_url":"https:\/\/bet-bonus.net\/tr\/mobil-bahis\/android\/","og_site_name":"bet-bonus.net\/TR","article_modified_time":"2018-07-19T09:14:19+00:00","twitter_card":"summary_large_image","twitter_misc":{"Tahmini okuma s\u00fcresi":"4 dakika"},"schema":{"@context":"https:\/\/schema.org","@graph":[{"@type":"WebPage","@id":"https:\/\/bet-bonus.net\/tr\/mobil-bahis\/android\/","url":"https:\/\/bet-bonus.net\/tr\/mobil-bahis\/android\/","name":"1xBet Android Uygulama \u00bb En \u0130yi Mobil Bahis Sitesi \u00bb Canl\u0131 \u0130ddaa Oyna!","isPartOf":{"@id":"https:\/\/bet-bonus.net\/tr\/#website"},"datePublished":"2018-06-28T14:40:33+00:00","dateModified":"2018-07-19T09:14:19+00:00","breadcrumb":{"@id":"https:\/\/bet-bonus.net\/tr\/mobil-bahis\/android\/#breadcrumb"},"inLanguage":"tr","potentialAction":[{"@type":"ReadAction","target":["https:\/\/bet-bonus.net\/tr\/mobil-bahis\/android\/"]}]},{"@type":"BreadcrumbList","@id":"https:\/\/bet-bonus.net\/tr\/mobil-bahis\/android\/#breadcrumb","itemListElement":[{"@type":"ListItem","position":1,"name":"Home","item":"https:\/\/bet-bonus.net\/tr\/"},{"@type":"ListItem","position":2,"name":"1xBet Mobil Bahis Sitesi \u0130\u00e7erisinde Yer Alan Uygulama Programlar\u0131 ve Mobil \u0130ddaa Se\u00e7enekleri","item":"https:\/\/bet-bonus.net\/tr\/mobil-bahis\/"},{"@type":"ListItem","position":3,"name":"1xBet Mobil Giri\u015f \u0130\u00e7in Android Uygulamas\u0131 \u0130ndir!"}]},{"@type":"WebSite","@id":"https:\/\/bet-bonus.net\/tr\/#website","url":"https:\/\/bet-bonus.net\/tr\/","name":"bet-bonus.net\/TR","description":"","potentialAction":[{"@type":"SearchAction","target":{"@type":"EntryPoint","urlTemplate":"https:\/\/bet-bonus.net\/tr\/?s={search_term_string}"},"query-input":{"@type":"PropertyValueSpecification","valueRequired":true,"valueName":"search_term_string"}}],"inLanguage":"tr"}]}},"_links":{"self":[{"href":"https:\/\/bet-bonus.net\/tr\/wp-json\/wp\/v2\/pages\/298","targetHints":{"allow":["GET"]}}],"collection":[{"href":"https:\/\/bet-bonus.net\/tr\/wp-json\/wp\/v2\/pages"}],"about":[{"href":"https:\/\/bet-bonus.net\/tr\/wp-json\/wp\/v2\/types\/page"}],"author":[{"embeddable":true,"href":"https:\/\/bet-bonus.net\/tr\/wp-json\/wp\/v2\/users\/1"}],"replies":[{"embeddable":true,"href":"https:\/\/bet-bonus.net\/tr\/wp-json\/wp\/v2\/comments?post=298"}],"version-history":[{"count":17,"href":"https:\/\/bet-bonus.net\/tr\/wp-json\/wp\/v2\/pages\/298\/revisions"}],"predecessor-version":[{"id":827,"href":"https:\/\/bet-bonus.net\/tr\/wp-json\/wp\/v2\/pages\/298\/revisions\/827"}],"up":[{"embeddable":true,"href":"https:\/\/bet-bonus.net\/tr\/wp-json\/wp\/v2\/pages\/283"}],"wp:attachment":[{"href":"https:\/\/bet-bonus.net\/tr\/wp-json\/wp\/v2\/media?parent=298"}],"wp:term":[{"taxonomy":"category","embeddable":true,"href":"https:\/\/bet-bonus.net\/tr\/wp-json\/wp\/v2\/categories?post=298"},{"taxonomy":"post_tag","embeddable":true,"href":"https:\/\/bet-bonus.net\/tr\/wp-json\/wp\/v2\/tags?post=298"}],"curies":[{"name":"wp","href":"https:\/\/api.w.org\/{rel}","templated":true}]}}