{"id":286,"date":"2018-06-28T13:01:38","date_gmt":"2018-06-28T13:01:38","guid":{"rendered":"http:\/\/bet-bonus.net\/tr\/?page_id=286"},"modified":"2018-08-02T12:04:11","modified_gmt":"2018-08-02T12:04:11","slug":"yeni-giris-adresi","status":"publish","type":"page","link":"https:\/\/bet-bonus.net\/tr\/mobil-bahis\/yeni-giris-adresi\/","title":{"rendered":"Chrome Uygulamas\u0131 \u0130ndirerek De\u011fi\u015fen 1xBet Yeni Giri\u015f Adresine Sorunsuz Giri\u015f Yap!"},"content":{"rendered":"<p class=\"text-justify\"><span style=\"font-weight: 400;\"><div class=\"moreHome hideContent\"><\/span><\/p>\r\n<p class=\"text-justify\">1xbet giri\u015f adresi, belirli aral\u0131klar ile de\u011fi\u015fiklik g\u00f6sterebildi\u011fi i\u00e7in eri\u015fim sa\u011flayacak kullan\u0131c\u0131lar\u0131n takipte kalmalar\u0131 gerekir. T\u00fcrkiye\u2019de ka\u00e7ak olarak hizmet veren 1x bahis sayfas\u0131, 2007 y\u0131l\u0131ndan bu yana t\u00fcm \u00fcyelerine farkl\u0131 hizmetler sunuyor. Casino, bahis, esports ve tombala gibi oyun se\u00e7enekleri d\u0131\u015f\u0131nda sitede avantajl\u0131 <a href=\"https:\/\/bet-bonus.net\/tr\/bonus\/ozel-promosyonlar\/\">1xbet \u00f6zel promosyon f\u0131rsatlar\u0131<\/a> da mevcut. Cura\u00e7ao lisans\u0131 kullan\u0131ld\u0131\u011f\u0131 i\u00e7in \u00fcyeler ma\u011fdur olmadan g\u00fcvenle t\u00fcm uygulamalar\u0131 de\u011ferlendirme f\u0131rsat\u0131na sahipler. 1xbet yeni giri\u015f adresi yak\u0131n zaman \u00f6ncesinde 1xbetXX olarak de\u011fi\u015ftirilmi\u015f olsa da \u00fcyeler oyunlardan yararlanmaya devam ediyor. Site g\u00fcncellense bile t\u00fcm \u00fcyelerin bilgileri korunur ve kesintisiz olarak oyunlardan yararlanmalar\u0131 ad\u0131na hizmet verilir.<\/p>\r\n<p class=\"text-justify\"><span style=\"font-weight: 400;\"><\/div><\/span><\/p>\r\n\r\n<a class=\"hotfix\" href=\"https:\/\/bet-bonus.net\/tr\/go\/?operator=7&operator_type=sport&bonus=3923\" rel=\"nofollow\" target=\"_blank\">\r\n    <div class=\"col-xs-12 post-image custom-size\">\r\n        <div class=\"row\">\r\n            <img loading=\"lazy\" decoding=\"async\" width=\"844\" height=\"270\" src=\"https:\/\/bet-bonus.net\/tr\/wp-content\/uploads\/sites\/3\/2018\/06\/1xbet-stop-image.jpg\" class=\"attachment-full size-full wp-post-image\" alt=\"\" srcset=\"https:\/\/bet-bonus.net\/tr\/wp-content\/uploads\/sites\/3\/2018\/06\/1xbet-stop-image.jpg 844w, https:\/\/bet-bonus.net\/tr\/wp-content\/uploads\/sites\/3\/2018\/06\/1xbet-stop-image-300x96.jpg 300w, https:\/\/bet-bonus.net\/tr\/wp-content\/uploads\/sites\/3\/2018\/06\/1xbet-stop-image-768x246.jpg 768w\" sizes=\"auto, (max-width: 844px) 100vw, 844px\" \/>        <\/div>\r\n    <\/div>\r\n<\/a>\r\n\r\n<span style=\"font-weight: 400;\"><div class=\"moreHome hideContent\"><\/span>\r\n<p class=\"text-justify\">Bahis ya da casino oyunlar\u0131na ilgi duyanlar, telefonlar\u0131na ya da tabletlerine chrome uygulamas\u0131n\u0131 indirerek sitenin adresine eri\u015fim sa\u011flama f\u0131rsat\u0131na sahiplerdir. <a href=\"https:\/\/bet-bonus.net\/tr\/bahis\/spor-bahisleri\/\">1xbet spor bahisleri<\/a> yapmak\u00a0i\u00e7in g\u00fcnl\u00fck kupon olu\u015fturmak son derece kolayd\u0131r.Site \u00fclkemizde ka\u00e7ak oldu\u011fu i\u00e7in BTK taraf\u0131ndan fark edildi\u011finde giri\u015f adresi g\u00fcncellenir. Sayfan\u0131n yenilendi\u011finden haberdar olabilmek ad\u0131na 1xbet chrome eklentisini de indirmekte fayda vard\u0131r. Bu sayede sorunsuz bir \u015fekilde \u00fcyeler, g\u00fcncellenen sayfaya eri\u015fim sa\u011flayarak oyunlar ile kazanmaya devam ederler.<\/p>\r\n<p class=\"text-justify\"><span style=\"font-weight: 400;\"><\/div><\/span><\/p>\r\n\r\n<h2 class=\"text-justify\">1xBet Giri\u015f Adresi Neden S\u00fcrekli De\u011fi\u015fiyor?<\/h2>\r\n<span style=\"font-weight: 400;\"><div class=\"moreHome hideContent\"><\/span>\r\n<ul>\r\n \t<li class=\"text-justify\">1xbet ise giri\u015f sayfas\u0131 kapat\u0131ld\u0131\u011f\u0131nda \u00fcyelerini ma\u011fdur etmemek ad\u0131na g\u00fcncelleme yapar.<\/li>\r\n<\/ul>\r\n&nbsp;\r\n<ul>\r\n \t<li class=\"text-justify\">1xbet T\u00fcrkiye giri\u015f adresi de\u011fi\u015fti\u011finde oyunlar, bonuslar ya da genel kurallar ayn\u0131 kald\u0131\u011f\u0131 i\u00e7in \u00fcyeler f\u0131rsatlar\u0131 de\u011ferlendirmeye devam eder.<\/li>\r\n<\/ul>\r\n&nbsp;\r\n<ul>\r\n \t<li class=\"text-justify\">Sitenin yaln\u0131zca giri\u015f adresi de\u011fi\u015fir, di\u011fer t\u00fcm hizmetleri ayn\u0131 kal\u0131r.<\/li>\r\n<\/ul>\r\n&nbsp;\r\n<ul>\r\n \t<li class=\"text-justify\">Belirtilen sayfa ka\u00e7ak olarak faaliyet g\u00f6sterse de Cura\u00e7ao lisans\u0131n\u0131 kulland\u0131\u011f\u0131 i\u00e7in bahis kurallar\u0131na uygun bir \u015fekilde y\u00f6netilir.<\/li>\r\n<\/ul>\r\n&nbsp;\r\n<ul>\r\n \t<li class=\"text-justify\">1xbet T\u00fcrkiye giri\u015f nas\u0131l yap\u0131l\u0131r? ara\u015ft\u0131rmas\u0131nda olan oyun severlerin, g\u00fcncellenen adresini bulmalar\u0131 ve \u00fcyelik olu\u015fturmalar\u0131 yeterlidir.<\/li>\r\n<\/ul>\r\n&nbsp;\r\n<ul>\r\n \t<li class=\"text-justify\">Mevcut \u00fcyelerin kullan\u0131c\u0131 ad\u0131 ve \u015fifreleri ile hesaplar\u0131n\u0131 kullanmalar\u0131na izin verilir.<\/li>\r\n<\/ul>\r\n<span style=\"font-weight: 400;\"><\/div><\/span>\r\n\r\n<span style=\"font-weight: 400;\"><div class=\"bonus-table\">\n    <div class=\"col-xs-12\">\n        <div class=\"row\">\n\n<!--            <div class=\"hidden-lg hidden-md hidden-sm col-xs-8 bonus-table-body top-responsive\">-->\n<!---->\n<!--            <\/div>-->\n            <div class=\"col-lg-12 col-md-12 col-sm-12 col-xs-12 bonus-table-body op-table no-padding\">\n                <div class=\"col-lg-3 col-md-4 col-sm-12 col-xs-12 bonus-table-head no-padding\">\n                    <p>Bahis Sitesi<\/p>\n                   <!--  <a class=\"hotfix\" href=\"\" rel=\"nofollow\" target=\"_blank\"><img decoding=\"async\" src=\"<?php\/\/ echo $logo_url; ?>\" class=\"img-responsive\"><\/a> -->\n                    <span class=\"\"><img decoding=\"async\" src=\"\/turkish\/assets\/logos\/sport\/light-back\/1xbet.png\" width=\"100px\" height=\"auto\" alt=\"1xBet\" \/><\/span>                <\/div>\n                <div class=\"col-lg-2 col-md-2 col-sm-6 col-xs-12 rightBordered borders no-padding\">\n                    <p>BONUS<\/p>\n                    <p class=\"bonus-value max-bonus\">1000\u20ba<\/p>\n                <\/div>\n                <div class=\"col-lg-2 col-md-2 col-sm-6 col-xs-6 rightBordered no-padding\">\n                    <p>Y\u00fczde<\/p>\n                    <p class=\"bonus-value\">200%<\/p>\n                <\/div>\n                <div class=\"col-lg-2 col-md-2 col-sm-6 col-xs-6 no-padding\">\n                    <p>Puan<\/p>\n                    <p class=\"rating-number\">9.9<\/p>\n                <\/div>\n                <div class=\"col-lg-3 col-md-4 col-sm-6 col-xs-12 op-table-button no-padding\">\n                    <p>Bahis Sitesini \u0130ncele<\/p>\n                     <span class=\"cursored button js-golink button claim-bonus-code\"  onclick=\"OpenGoLink(this);\" data-operator=\"7\" data-bonus=\"3923\"   data-clicks=\"1\"data-type=\"sport\" ><button class=\"hvr-animation multi-line bonus-btn-main-sec\"><span>Bonus Al !<\/span><\/button> <\/span>                 <\/div>\n            <\/div>\n        <\/div>\n    <\/div>\n<\/div>\n        <script type=\"application\/ld+json\">\n    {\n        \"@context\": \"https:\/\/schema.org\/\",\n        \"@type\": \"Review\",\n        \"datePublished\": \"28-06-2018\",\n        \"dateModified\": \"08-11-2022\",\n        \"itemReviewed\":{\n                \"@type\": \"Organization\",\n                \"name\": \"1xBet\",\n                \"image\": \" https:\/\/bet-bonus.net\/tr\/turkish\/assets\/logos\/light-back\/1xbet.png\"\n        },\n         \"author\":{\n                \"@type\": \"Person\",\n                 \"name\": \"bet-bonus.net\/TR\"\n         },\n           \"reviewRating\": {\n                \"ratingValue\": \"9.9\",\n                \"bestRating\": \"10\"\n         }\n    }\n\n\n\n        <\/script>\n        <\/span>\r\n<h2>1xbet Mobil Giri\u015f ve Masa\u00fcst\u00fc Uygulamalar\u0131 Aras\u0131nda Herhangi Bir Fark Bulunuyor Mu?<\/h2>\r\n<span style=\"font-weight: 400;\"><div class=\"moreHome hideContent\"><\/span>\r\n<ul>\r\n \t<li>1xbet yeni giri\u015f adresi devaml\u0131\u00a0olarak g\u00fcncellendikten sonra mobil sayfas\u0131 da daha avantajl\u0131 hale getirilmeye ba\u015flam\u0131\u015ft\u0131r hatta\u00a0iddaa oranlar\u0131 s\u00fcrekli g\u00fcncellendi\u011fi i\u00e7in kazan\u00e7 sa\u011flamak isteyenlerin takipte kalmalar\u0131nda fayda vard\u0131r.<\/li>\r\n<\/ul>\r\n&nbsp;\r\n<ul>\r\n \t<li>Farkl\u0131 mekanlarda, g\u00fcn\u00fcn her saatinde, herhangi bir s\u0131n\u0131rland\u0131rma olmadan bahis yapmak isteyenler i\u00e7in mobil sayfa olduk\u00e7a pratiktir.<\/li>\r\n<\/ul>\r\n&nbsp;\r\n<ul>\r\n \t<li>Mobil uygulaman\u0131n ana ekran\u0131nda t\u00fcm oyunlar, kat\u0131l\u0131m \u015fartlar\u0131 ve \u00fcye giri\u015fi gibi alanlar oldu\u011fu i\u00e7in acemi \u00fcyeler zorluk ya\u015famaz.Yine ayn\u0131 \u015fekilde sitede iddaa b\u00fclteni oldu\u011fundan dolay\u0131 kar\u015f\u0131la\u015fmalar, oyuncular\u0131 ve oranlar\u0131 konusunda bilgi sahibi olmak daha kolayd\u0131r.<\/li>\r\n<\/ul>\r\n&nbsp;\r\n<ul>\r\n \t<li>Her ne kadar i\u015flemsel olarak website ve mobil uygulama farkl\u0131 olsa da oyunlar s\u00f6z konusu oldu\u011funda ayn\u0131 hizmet verilir.\u0130lk kez bahis yapacaklar\u0131n ise ma\u00e7 tahminleri incelemeleri, daha sonras\u0131nda kupon olu\u015fturmalar\u0131 daha yararl\u0131 olacakt\u0131r. Tahminler ya da uzman yorumlar\u0131, \u00fcyelerin tak\u0131mlar ile ilgili daha detayl\u0131 bilgi sahibi olmalar\u0131na katk\u0131 sa\u011flar.<\/li>\r\n<\/ul>\r\n&nbsp;\r\n<ul>\r\n \t<li>Her iki platformda da casino, bahis, tombala ve esports oyunlar\u0131 ayn\u0131d\u0131r.<\/li>\r\n<\/ul>\r\n&nbsp;\r\n<ul>\r\n \t<li>Yat\u0131r\u0131m ve kat\u0131l\u0131m kurallar\u0131 da ayn\u0131 oldu\u011fu i\u00e7in \u00fcyeler ister mobil sayfadan isterlerde web sitesi \u00fczerinden \u015fanslar\u0131n\u0131 deneme f\u0131rsat\u0131na sahiplerdir.<\/li>\r\n<\/ul>\r\n&nbsp;\r\n<ul>\r\n \t<li><a href=\"https:\/\/bet-bonus.net\/tr\/mobil-bahis\/\">1xbet mobil<\/a> pratik ve kullan\u0131\u015fl\u0131 tasar\u0131m\u0131 ile \u00fcyelerin istedikleri uygulamaya kolay eri\u015fim sa\u011flayabilmelerine yard\u0131mc\u0131 olur.<\/li>\r\n<\/ul>\r\n&nbsp;\r\n<ul>\r\n \t<li>Hem mobil sitede hem de web sayfas\u0131nda \u00fcyelerin merak ettikleri sorular\u0131 y\u00f6neltebilmeleri ad\u0131na canl\u0131 destek birimi hizmet verir.<\/li>\r\n<\/ul>\r\n&nbsp;\r\n<ul>\r\n \t<li>7\/24 aktif olan m\u00fc\u015fteri hizmetleri kullan\u0131c\u0131lar\u0131n deneyim kazanmalar\u0131 a\u00e7\u0131s\u0131ndan \u00f6nemlidir.<\/li>\r\n<\/ul>\r\n<span style=\"font-weight: 400;\"><\/div><\/span>\r\n\r\n<span style=\"font-weight: 400;\">\r\n<div class=\"cta-direct-bonus\">\r\n    <div class=\"col-lg-8 col-md-8 col-sm-8 col-xs-12\">\r\n        <div class=\"row\">\r\n            <p class=\"cta-direct-slogan\">\r\n                Ho\u015fgeldin Bonusu Kazanmaya Haz\u0131r M\u0131s\u0131n?            <\/p>\r\n        <\/div>\r\n    <\/div>\r\n    <div class=\"col-lg-4 col-md-4 col-sm-4 col-xs-12\">\r\n        <div class=\"row\">\r\n             <span class=\"cursored button js-golink cta-direct-button hvr-animation new-hover\"  onclick=\"OpenGoLink(this);\" data-operator=\"7\" data-bonus=\"3923\"   data-clicks=\"1\"data-type=\"sport\" ><span>\u015eimdi 1xBet \u00dcyesi Ol!!<\/span> <\/span> \r\n        <\/div>\r\n    <\/div>\r\n<\/div>\r\n\r\n<style type=\"text\/css\" media=\"screen\">\r\n    .cta-direct-button.new-hover {\r\n        padding: 3px 0 2px;\r\n    }\r\n<\/style><\/span>","protected":false},"excerpt":{"rendered":"1xBet Giri\u015f Adresi Neden S\u00fcrekli De\u011fi\u015fiyor? 1xbet Mobil Giri\u015f ve Masa\u00fcst\u00fc Uygulamalar\u0131 Aras\u0131nda Herhangi Bir Fark Bulunuyor Mu?","protected":false},"author":1,"featured_media":289,"parent":283,"menu_order":0,"comment_status":"closed","ping_status":"closed","template":"","meta":{"footnotes":""},"categories":[],"tags":[4],"class_list":["post-286","page","type-page","status-publish","has-post-thumbnail","hentry","tag-interesting"],"yoast_head":"<!-- This site is optimized with the Yoast SEO plugin v26.7 - https:\/\/yoast.com\/wordpress\/plugins\/seo\/ -->\n<title>1xBet Giri\u015f Adresi \u00bb Bahis Siteleri Giri\u015f Adresleri \u00bb Ka\u00e7ak \u0130ddaa Siteleri<\/title>\n<meta name=\"robots\" content=\"index, follow, max-snippet:-1, max-image-preview:large, max-video-preview:-1\" \/>\n<link rel=\"canonical\" href=\"https:\/\/bet-bonus.net\/tr\/mobil-bahis\/yeni-giris-adresi\/\" \/>\n<meta property=\"og:locale\" content=\"tr_TR\" \/>\n<meta property=\"og:type\" content=\"article\" \/>\n<meta property=\"og:title\" content=\"1xBet Giri\u015f Adresi \u00bb Bahis Siteleri Giri\u015f Adresleri \u00bb Ka\u00e7ak \u0130ddaa Siteleri\" \/>\n<meta property=\"og:url\" content=\"https:\/\/bet-bonus.net\/tr\/mobil-bahis\/yeni-giris-adresi\/\" \/>\n<meta property=\"og:site_name\" content=\"bet-bonus.net\/TR\" \/>\n<meta property=\"article:modified_time\" content=\"2018-08-02T12:04:11+00:00\" \/>\n<meta property=\"og:image\" content=\"https:\/\/bet-bonus.net\/tr\/wp-content\/uploads\/sites\/3\/2018\/06\/1xbet-stop-image.jpg\" \/>\n\t<meta property=\"og:image:width\" content=\"844\" \/>\n\t<meta property=\"og:image:height\" content=\"270\" \/>\n\t<meta property=\"og:image:type\" content=\"image\/jpeg\" \/>\n<meta name=\"twitter:card\" content=\"summary_large_image\" \/>\n<meta name=\"twitter:label1\" content=\"Tahmini okuma s\u00fcresi\" \/>\n\t<meta name=\"twitter:data1\" content=\"3 dakika\" \/>\n<script type=\"application\/ld+json\" class=\"yoast-schema-graph\">{\"@context\":\"https:\/\/schema.org\",\"@graph\":[{\"@type\":\"WebPage\",\"@id\":\"https:\/\/bet-bonus.net\/tr\/mobil-bahis\/yeni-giris-adresi\/\",\"url\":\"https:\/\/bet-bonus.net\/tr\/mobil-bahis\/yeni-giris-adresi\/\",\"name\":\"1xBet Giri\u015f Adresi \u00bb Bahis Siteleri Giri\u015f Adresleri \u00bb Ka\u00e7ak \u0130ddaa Siteleri\",\"isPartOf\":{\"@id\":\"https:\/\/bet-bonus.net\/tr\/#website\"},\"primaryImageOfPage\":{\"@id\":\"https:\/\/bet-bonus.net\/tr\/mobil-bahis\/yeni-giris-adresi\/#primaryimage\"},\"image\":{\"@id\":\"https:\/\/bet-bonus.net\/tr\/mobil-bahis\/yeni-giris-adresi\/#primaryimage\"},\"thumbnailUrl\":\"https:\/\/bet-bonus.net\/tr\/wp-content\/uploads\/sites\/3\/2018\/06\/1xbet-stop-image.jpg\",\"datePublished\":\"2018-06-28T13:01:38+00:00\",\"dateModified\":\"2018-08-02T12:04:11+00:00\",\"breadcrumb\":{\"@id\":\"https:\/\/bet-bonus.net\/tr\/mobil-bahis\/yeni-giris-adresi\/#breadcrumb\"},\"inLanguage\":\"tr\",\"potentialAction\":[{\"@type\":\"ReadAction\",\"target\":[\"https:\/\/bet-bonus.net\/tr\/mobil-bahis\/yeni-giris-adresi\/\"]}]},{\"@type\":\"ImageObject\",\"inLanguage\":\"tr\",\"@id\":\"https:\/\/bet-bonus.net\/tr\/mobil-bahis\/yeni-giris-adresi\/#primaryimage\",\"url\":\"https:\/\/bet-bonus.net\/tr\/wp-content\/uploads\/sites\/3\/2018\/06\/1xbet-stop-image.jpg\",\"contentUrl\":\"https:\/\/bet-bonus.net\/tr\/wp-content\/uploads\/sites\/3\/2018\/06\/1xbet-stop-image.jpg\",\"width\":844,\"height\":270},{\"@type\":\"BreadcrumbList\",\"@id\":\"https:\/\/bet-bonus.net\/tr\/mobil-bahis\/yeni-giris-adresi\/#breadcrumb\",\"itemListElement\":[{\"@type\":\"ListItem\",\"position\":1,\"name\":\"Home\",\"item\":\"https:\/\/bet-bonus.net\/tr\/\"},{\"@type\":\"ListItem\",\"position\":2,\"name\":\"1xBet Mobil Bahis Sitesi \u0130\u00e7erisinde Yer Alan Uygulama Programlar\u0131 ve Mobil \u0130ddaa Se\u00e7enekleri\",\"item\":\"https:\/\/bet-bonus.net\/tr\/mobil-bahis\/\"},{\"@type\":\"ListItem\",\"position\":3,\"name\":\"Chrome Uygulamas\u0131 \u0130ndirerek De\u011fi\u015fen 1xBet Yeni Giri\u015f Adresine Sorunsuz Giri\u015f Yap!\"}]},{\"@type\":\"WebSite\",\"@id\":\"https:\/\/bet-bonus.net\/tr\/#website\",\"url\":\"https:\/\/bet-bonus.net\/tr\/\",\"name\":\"bet-bonus.net\/TR\",\"description\":\"\",\"potentialAction\":[{\"@type\":\"SearchAction\",\"target\":{\"@type\":\"EntryPoint\",\"urlTemplate\":\"https:\/\/bet-bonus.net\/tr\/?s={search_term_string}\"},\"query-input\":{\"@type\":\"PropertyValueSpecification\",\"valueRequired\":true,\"valueName\":\"search_term_string\"}}],\"inLanguage\":\"tr\"}]}<\/script>\n<!-- \/ Yoast SEO plugin. -->","yoast_head_json":{"title":"1xBet Giri\u015f Adresi \u00bb Bahis Siteleri Giri\u015f Adresleri \u00bb Ka\u00e7ak \u0130ddaa Siteleri","robots":{"index":"index","follow":"follow","max-snippet":"max-snippet:-1","max-image-preview":"max-image-preview:large","max-video-preview":"max-video-preview:-1"},"canonical":"https:\/\/bet-bonus.net\/tr\/mobil-bahis\/yeni-giris-adresi\/","og_locale":"tr_TR","og_type":"article","og_title":"1xBet Giri\u015f Adresi \u00bb Bahis Siteleri Giri\u015f Adresleri \u00bb Ka\u00e7ak \u0130ddaa Siteleri","og_url":"https:\/\/bet-bonus.net\/tr\/mobil-bahis\/yeni-giris-adresi\/","og_site_name":"bet-bonus.net\/TR","article_modified_time":"2018-08-02T12:04:11+00:00","og_image":[{"width":844,"height":270,"url":"https:\/\/bet-bonus.net\/tr\/wp-content\/uploads\/sites\/3\/2018\/06\/1xbet-stop-image.jpg","type":"image\/jpeg"}],"twitter_card":"summary_large_image","twitter_misc":{"Tahmini okuma s\u00fcresi":"3 dakika"},"schema":{"@context":"https:\/\/schema.org","@graph":[{"@type":"WebPage","@id":"https:\/\/bet-bonus.net\/tr\/mobil-bahis\/yeni-giris-adresi\/","url":"https:\/\/bet-bonus.net\/tr\/mobil-bahis\/yeni-giris-adresi\/","name":"1xBet Giri\u015f Adresi \u00bb Bahis Siteleri Giri\u015f Adresleri \u00bb Ka\u00e7ak \u0130ddaa Siteleri","isPartOf":{"@id":"https:\/\/bet-bonus.net\/tr\/#website"},"primaryImageOfPage":{"@id":"https:\/\/bet-bonus.net\/tr\/mobil-bahis\/yeni-giris-adresi\/#primaryimage"},"image":{"@id":"https:\/\/bet-bonus.net\/tr\/mobil-bahis\/yeni-giris-adresi\/#primaryimage"},"thumbnailUrl":"https:\/\/bet-bonus.net\/tr\/wp-content\/uploads\/sites\/3\/2018\/06\/1xbet-stop-image.jpg","datePublished":"2018-06-28T13:01:38+00:00","dateModified":"2018-08-02T12:04:11+00:00","breadcrumb":{"@id":"https:\/\/bet-bonus.net\/tr\/mobil-bahis\/yeni-giris-adresi\/#breadcrumb"},"inLanguage":"tr","potentialAction":[{"@type":"ReadAction","target":["https:\/\/bet-bonus.net\/tr\/mobil-bahis\/yeni-giris-adresi\/"]}]},{"@type":"ImageObject","inLanguage":"tr","@id":"https:\/\/bet-bonus.net\/tr\/mobil-bahis\/yeni-giris-adresi\/#primaryimage","url":"https:\/\/bet-bonus.net\/tr\/wp-content\/uploads\/sites\/3\/2018\/06\/1xbet-stop-image.jpg","contentUrl":"https:\/\/bet-bonus.net\/tr\/wp-content\/uploads\/sites\/3\/2018\/06\/1xbet-stop-image.jpg","width":844,"height":270},{"@type":"BreadcrumbList","@id":"https:\/\/bet-bonus.net\/tr\/mobil-bahis\/yeni-giris-adresi\/#breadcrumb","itemListElement":[{"@type":"ListItem","position":1,"name":"Home","item":"https:\/\/bet-bonus.net\/tr\/"},{"@type":"ListItem","position":2,"name":"1xBet Mobil Bahis Sitesi \u0130\u00e7erisinde Yer Alan Uygulama Programlar\u0131 ve Mobil \u0130ddaa Se\u00e7enekleri","item":"https:\/\/bet-bonus.net\/tr\/mobil-bahis\/"},{"@type":"ListItem","position":3,"name":"Chrome Uygulamas\u0131 \u0130ndirerek De\u011fi\u015fen 1xBet Yeni Giri\u015f Adresine Sorunsuz Giri\u015f Yap!"}]},{"@type":"WebSite","@id":"https:\/\/bet-bonus.net\/tr\/#website","url":"https:\/\/bet-bonus.net\/tr\/","name":"bet-bonus.net\/TR","description":"","potentialAction":[{"@type":"SearchAction","target":{"@type":"EntryPoint","urlTemplate":"https:\/\/bet-bonus.net\/tr\/?s={search_term_string}"},"query-input":{"@type":"PropertyValueSpecification","valueRequired":true,"valueName":"search_term_string"}}],"inLanguage":"tr"}]}},"_links":{"self":[{"href":"https:\/\/bet-bonus.net\/tr\/wp-json\/wp\/v2\/pages\/286","targetHints":{"allow":["GET"]}}],"collection":[{"href":"https:\/\/bet-bonus.net\/tr\/wp-json\/wp\/v2\/pages"}],"about":[{"href":"https:\/\/bet-bonus.net\/tr\/wp-json\/wp\/v2\/types\/page"}],"author":[{"embeddable":true,"href":"https:\/\/bet-bonus.net\/tr\/wp-json\/wp\/v2\/users\/1"}],"replies":[{"embeddable":true,"href":"https:\/\/bet-bonus.net\/tr\/wp-json\/wp\/v2\/comments?post=286"}],"version-history":[{"count":16,"href":"https:\/\/bet-bonus.net\/tr\/wp-json\/wp\/v2\/pages\/286\/revisions"}],"predecessor-version":[{"id":900,"href":"https:\/\/bet-bonus.net\/tr\/wp-json\/wp\/v2\/pages\/286\/revisions\/900"}],"up":[{"embeddable":true,"href":"https:\/\/bet-bonus.net\/tr\/wp-json\/wp\/v2\/pages\/283"}],"wp:featuredmedia":[{"embeddable":true,"href":"https:\/\/bet-bonus.net\/tr\/wp-json\/wp\/v2\/media\/289"}],"wp:attachment":[{"href":"https:\/\/bet-bonus.net\/tr\/wp-json\/wp\/v2\/media?parent=286"}],"wp:term":[{"taxonomy":"category","embeddable":true,"href":"https:\/\/bet-bonus.net\/tr\/wp-json\/wp\/v2\/categories?post=286"},{"taxonomy":"post_tag","embeddable":true,"href":"https:\/\/bet-bonus.net\/tr\/wp-json\/wp\/v2\/tags?post=286"}],"curies":[{"name":"wp","href":"https:\/\/api.w.org\/{rel}","templated":true}]}}