{"id":253,"date":"2018-06-28T10:18:57","date_gmt":"2018-06-28T10:18:57","guid":{"rendered":"http:\/\/bet-bonus.net\/tr\/?page_id=253"},"modified":"2018-07-19T09:09:53","modified_gmt":"2018-07-19T09:09:53","slug":"horoz-dovusleri","status":"publish","type":"page","link":"https:\/\/bet-bonus.net\/tr\/oyunlar\/horoz-dovusleri\/","title":{"rendered":"Daha \u00d6nce Horoz D\u00f6v\u00fc\u015flerine Bahis Yapmad\u0131ysan 1xBet ile Bir \u0130lki Ger\u00e7ekle\u015ftir!"},"content":{"rendered":"<p class=\"text-justify\"><span style=\"font-weight: 400;\"><div class=\"moreHome hideContent\"><\/span><\/p>\r\n<p class=\"text-justify\">1xbet horoz d\u00f6v\u00fc\u015f\u00fc oyunu, an\u0131nda yat\u0131r\u0131m yapma se\u00e7ene\u011fi, h\u0131zl\u0131 \u00e7ekim i\u015flemleriyle platform e\u011flencesi sunuyor. Horoz d\u00f6v\u00fc\u015fleri oyunlar\u0131 ge\u00e7mi\u015fte arenalarda oynanan ve bahis yap\u0131larak kazan\u00e7 sa\u011flanan oyun \u00e7e\u015fitlerinden biridir. Hong Kong firmas\u0131 t\u00fcm d\u00fcnyada oynanan gelenekler oyunu, dijital oyun platformlar\u0131na uyarlayarak, sanal oyunlar kategorisinde bahis f\u0131rsatlar\u0131yla sunmaktad\u0131r.Oyun son derece kolay ve pratiktir. Bahis severlerin b\u00fcy\u00fck ilgisini \u00e7eken sanal oyun sistemi, yaln\u0131zca \u00fcyelik sistemi ile kullan\u0131m sa\u011flar. Demo versiyonlar\u0131n\u0131 inceleyebilir, info b\u00f6l\u00fcm\u00fcnden oyun hakk\u0131nda bilgi alabilir ve bahis oranlar\u0131n\u0131 de\u011ferlendirerek kat\u0131l\u0131m sa\u011flanabilir.<a href=\"https:\/\/bet-bonus.net\/tr\/bahis\/canli-bahis\/\">1xbet canl\u0131 bahis<\/a> kategorisinde horoz d\u00f6v\u00fc\u015fleri ile faaliyet g\u00f6steriyor. Canl\u0131 bahisler, sanal bahisleri spor ve e-sports bahislerinden fakl\u0131 olarak canl\u0131 sistem \u00fczerinden hizmet veriyor. Ger\u00e7ek HD Tv g\u00f6r\u00fcnt\u00fc kalitesi ve Cascade alt yap\u0131s\u0131 ile s\u0131ra d\u0131\u015f\u0131 se\u00e7enekler sunuyor.2007 y\u0131l\u0131nda yay\u0131n hayat\u0131na ba\u015flayan, Curacao H\u00fck\u00fcmeti ve Curacao Gaming Commision lisans\u0131 ile tamamen yasal hizmet sunan 1xbet, horoz d\u00f6v\u00fc\u015f\u00fc kategorisi ile e\u011flence ve kazanc\u0131 bir arada sunuyor. Horoz d\u00f6v\u00fc\u015f\u00fc oyunu ile canl\u0131 olarak sunulan platformdan, y\u00fcksek oranlar\u0131 de\u011ferlendirerek kat\u0131l\u0131m sa\u011flayabilirsiniz.<\/p>\r\n<p class=\"text-justify\"><span style=\"font-weight: 400;\"><\/div><\/span><\/p>\r\n<p class=\"text-justify\"><span style=\"font-weight: 400;\"><div class=\"bonus-table\">\n    <div class=\"col-xs-12\">\n        <div class=\"row\">\n\n<!--            <div class=\"hidden-lg hidden-md hidden-sm col-xs-8 bonus-table-body top-responsive\">-->\n<!---->\n<!--            <\/div>-->\n            <div class=\"col-lg-12 col-md-12 col-sm-12 col-xs-12 bonus-table-body op-table no-padding\">\n                <div class=\"col-lg-3 col-md-4 col-sm-12 col-xs-12 bonus-table-head no-padding\">\n                    <p>Bahis Sitesi<\/p>\n                   <!--  <a class=\"hotfix\" href=\"\" rel=\"nofollow\" target=\"_blank\"><img decoding=\"async\" src=\"<?php\/\/ echo $logo_url; ?>\" class=\"img-responsive\"><\/a> -->\n                    <span class=\"\"><img decoding=\"async\" src=\"\/turkish\/assets\/logos\/sport\/light-back\/1xbet.png\" width=\"100px\" height=\"auto\" alt=\"1xBet\" \/><\/span>                <\/div>\n                <div class=\"col-lg-2 col-md-2 col-sm-6 col-xs-12 rightBordered borders no-padding\">\n                    <p>BONUS<\/p>\n                    <p class=\"bonus-value max-bonus\">1000\u20ba<\/p>\n                <\/div>\n                <div class=\"col-lg-2 col-md-2 col-sm-6 col-xs-6 rightBordered no-padding\">\n                    <p>Y\u00fczde<\/p>\n                    <p class=\"bonus-value\">200%<\/p>\n                <\/div>\n                <div class=\"col-lg-2 col-md-2 col-sm-6 col-xs-6 no-padding\">\n                    <p>Puan<\/p>\n                    <p class=\"rating-number\">9.9<\/p>\n                <\/div>\n                <div class=\"col-lg-3 col-md-4 col-sm-6 col-xs-12 op-table-button no-padding\">\n                    <p>Bahis Sitesini \u0130ncele<\/p>\n                     <span class=\"cursored button js-golink button claim-bonus-code\"  onclick=\"OpenGoLink(this);\" data-operator=\"7\" data-bonus=\"3923\"   data-clicks=\"1\"data-type=\"sport\" ><button class=\"hvr-animation multi-line bonus-btn-main-sec\"><span>Bonus Al !<\/span><\/button> <\/span>                 <\/div>\n            <\/div>\n        <\/div>\n    <\/div>\n<\/div>\n        <script type=\"application\/ld+json\">\n    {\n        \"@context\": \"https:\/\/schema.org\/\",\n        \"@type\": \"Review\",\n        \"datePublished\": \"28-06-2018\",\n        \"dateModified\": \"30-10-2022\",\n        \"itemReviewed\":{\n                \"@type\": \"Organization\",\n                \"name\": \"1xBet\",\n                \"image\": \" https:\/\/bet-bonus.net\/tr\/turkish\/assets\/logos\/light-back\/1xbet.png\"\n        },\n         \"author\":{\n                \"@type\": \"Person\",\n                 \"name\": \"bet-bonus.net\/TR\"\n         },\n           \"reviewRating\": {\n                \"ratingValue\": \"9.9\",\n                \"bestRating\": \"10\"\n         }\n    }\n\n\n\n        <\/script>\n        <\/span><\/p>\r\n\r\n<h2 class=\"text-justify\">D\u00fcnyan\u0131n En \u0130llegal Kumar Bahisi Olan Horoz D\u00f6v\u00fc\u015fleri,Canl\u0131 Yay\u0131n ile 1xBet Sanal Bahis Se\u00e7eneklerinde Yer Al\u0131yor!<\/h2>\r\n<span style=\"font-weight: 400;\"><div class=\"moreHome hideContent\"><\/span>\r\n<p class=\"text-justify\">Edge Gaming alt yap\u0131s\u0131 ile tasarlanan horoz d\u00f6v\u00fc\u015f\u00fc oyunu T\u00fcrk kullan\u0131c\u0131lar\u0131n en \u00e7ok tercih etti\u011fi oyunlardan biridir. 1xbet horoz d\u00f6v\u00fc\u015f\u00fc oyunu, geleneksel horoz d\u00f6v\u00fc\u015f\u00fc oyunlar\u0131n\u0131n teknolojiye uyarlanm\u0131\u015f halidir. Renkli grafikler, e\u011flenceli yaz\u0131l\u0131m i\u00e7erikleri, m\u00fczik ve ses efektleriyle g\u00f6rsel kalite sunar.Sanal bahis kategorisinde sunulan horoz d\u00f6v\u00fc\u015fleri, sanal arenada yap\u0131lan oyun t\u00fcrlerindendir. 1xbet sanal bahis siteleri aras\u0131nda geni\u015f kapsaml\u0131 se\u00e7enekler, oyun t\u00fcrleri, en g\u00fcncel versiyonlar ile horoz d\u00f6v\u00fc\u015fleri kategorisi sunuluyor. Tasar\u0131mda kullan\u0131lan efektler, yaz\u0131l\u0131m kalitesi ile casino sitelerinin en pop\u00fcler oyunlar\u0131 aras\u0131nda yer al\u0131r.<\/p>\r\n<p class=\"text-justify\"><span style=\"font-weight: 400;\"><\/div><\/span><\/p>\r\n<p class=\"text-justify\"><span style=\"font-weight: 400;\">\r\n<div class=\"cta-direct-bonus\">\r\n    <div class=\"col-lg-8 col-md-8 col-sm-8 col-xs-12\">\r\n        <div class=\"row\">\r\n            <p class=\"cta-direct-slogan\">\r\n                Ho\u015fgeldin Bonusu Kazanmaya Haz\u0131r M\u0131s\u0131n?            <\/p>\r\n        <\/div>\r\n    <\/div>\r\n    <div class=\"col-lg-4 col-md-4 col-sm-4 col-xs-12\">\r\n        <div class=\"row\">\r\n             <span class=\"cursored button js-golink cta-direct-button hvr-animation new-hover\"  onclick=\"OpenGoLink(this);\" data-operator=\"7\" data-bonus=\"3923\"   data-clicks=\"1\"data-type=\"sport\" ><span>\u015eimdi 1xBet \u00dcyesi Ol!!<\/span> <\/span> \r\n        <\/div>\r\n    <\/div>\r\n<\/div>\r\n\r\n<style type=\"text\/css\" media=\"screen\">\r\n    .cta-direct-button.new-hover {\r\n        padding: 3px 0 2px;\r\n    }\r\n<\/style><\/span><\/p>\r\n\r\n<h2 class=\"text-justify\">Horoz D\u00f6v\u00fc\u015fleri Bahislerinin Canl\u0131 Yay\u0131n\u0131n\u0131 Sa\u011flayan Edge Gaming Hangi \u00dclke \u00dczerinden Bu \u0130\u015flemleri Ger\u00e7ekle\u015ftiriyor?<\/h2>\r\n<span style=\"font-weight: 400;\"><div class=\"moreHome hideContent\"><\/span>\r\n<p class=\"text-justify\">Edge Gaming \u015firketi Hong Kong alt yap\u0131l\u0131 bir firmad\u0131r. 1xbet Cascade alt yap\u0131s\u0131 ile uyumlu olarak \u00e7al\u0131\u015fan 1xbet horoz d\u00f6v\u00fc\u015f\u00fc oyunu, <a href=\"https:\/\/bet-bonus.net\/tr\/mobil-bahis\/iphone\/\">1xbet iphone uygulamas\u0131<\/a> ile mobil giri\u015f ve masa \u00fcst\u00fc giri\u015f se\u00e7enekleri ile kesintisiz ve sorunsuz \u015fekilde \u00e7al\u0131\u015f\u0131yor.T\u00fcrkiye'de oyun se\u00e7enekleri ile fark yaratan horoz d\u00f6v\u00fc\u015f\u00fc oyunu, y\u00fcksek bahis oranlar\u0131 ile kazan\u00e7 fakt\u00f6rl\u00fc sunuluyor. \u00dcstelik yat\u0131r\u0131m i\u015flemleri i\u00e7in elektronik, dijital ve sanal sistemler kullan\u0131labilir, cepbank ve bank transfer etkinlikleri kullan\u0131larak \u2018\u2019Bahis Yap\u2019\u2019 butonundan horoz d\u00f6v\u00fc\u015fleri bahisleri sa\u011flanabilir.Horoz d\u00f6v\u00fc\u015f\u00fc bahisleri yapmak i\u00e7in \u2018\u2019Giri\u015f Yap\u2019\u2019 sekmesinden, kullan\u0131c\u0131 bilgileri girilerek giri\u015f yap\u0131l\u0131r. \u0130lk kay\u0131t i\u015flemlerinde t\u00fcm kullan\u0131c\u0131lara 500 TL\u2019ye kadar bonus f\u0131rsat\u0131 %100 oran\u0131nda sunuluyor. Bu bonus horoz d\u00f6v\u00fc\u015fleri oyun kategorisinde veya canl\u0131 bahis b\u00f6l\u00fcmlerinde \u00e7evrimli \u015fekilde kullan\u0131labilir.Verilen horoz d\u00f6v\u00fc\u015f\u00fc sanal bahisleri oranlar\u0131n\u0131 se\u00e7erek, sistem \u00fczerinden bahis yapabilirsiniz. \u00dcstelik yat\u0131r\u0131m se\u00e7ene\u011finize g\u00f6re de bonus f\u0131rsatlar\u0131ndan yararlanarak, sanal bahisler ve horoz d\u00f6v\u00fc\u015f\u00fc platformunda ekstra kazan\u00e7 sa\u011flayabilirsiniz.<\/p>\r\n<p class=\"text-justify\"><span style=\"font-weight: 400;\"><\/div><\/span><\/p>\r\n<span style=\"font-weight: 400;\">            <div class=\"bonus-box first-box\">\n                <div class=\"bonus-box-head\">\n                    <div class=\"col-lg-3 col-md-4 col-sm-4 col-xs-12 \">\n                        <span class=\"hotfix operator-logo\"><img decoding=\"async\" src=\"\/turkish\/assets\/logos\/sport\/dark-back\/1xbet.png\" width=\"auto\" height=\"auto\" alt=\"1xBet\" \/><\/span>                    <\/div>\n                    <div class=\"col-lg-4 col-md-4 col-sm-4 col-xs-6\">\n                        <p class=\"box-title\">1xBet&nbsp; <\/p>\n                    <\/div>\n                    <div class=\"col-lg-5 col-md-4 col-sm-4 col-xs-6\">\n                        <div class=\"likes-box likes-js\" data-likesid=\"1\">\n                            <div class=\"likes-icon-js\"><i class=\"fa fa-heart\" aria-hidden=\"true\"><\/i><\/div>\n                            <div class=\"likes-text-js\"><p>1571 Be\u011feni<\/p><\/div>\n                        <\/div>\n                    <\/div>\n                <\/div>\n                <div class=\"bonus-box-body\">\n                    <div class=\"col-lg-3 col-md-3 col-sm-6 col-xs-12 rightBordered m-bonus no-padding\">\n                        <p>Maksimum Bonus<\/p>\n                        <p class=\"bonus-value max-bonus\">1000\u20ba<\/p>\n                    <\/div>\n                                            <div class=\"col-lg-2 col-md-2 col-sm-6 col-xs-12 no-padding\">\n                            <p>Minimum Oran<\/p>\n                            <p class=\"bonus-value\">1.40<\/p>\n                        <\/div>\n                                                                <div class=\"col-lg-2 col-md-2 col-sm-6 col-xs-12 no-padding \">\n                            <p>\u00c7evirim<\/p>\n                            <p class=\"bonus-value\">5x Bonus<\/p>\n                        <\/div>\n                                        <div class=\"col-lg-2 col-md-2 col-sm-6 col-xs-12 no-padding\">\n                        <p>Y\u00fczde<\/p>\n                        <p class=\"bonus-value\">200%<\/p>\n                    <\/div>\n                    <div class=\"col-lg-3 col-md-3 col-sm-6 col-xs-12 claim-bonus-sec \">\n\n                                                <div>\n                             <div   class=\"bonuscode  secret-code \"><span>Bonus Kodu Yok<\/span><\/div> <span class=\"cursored button js-golink  claim-bonus-code\"  onclick=\"OpenGoLink(this);\" data-operator=\"7\" data-bonus=\"3923\"   data-clicks=\"1\"data-type=\" \" ><div class='hvr-animation bonus-btn-main-sec'><span>Bonus Kodunu G\u00f6ster<\/span><\/div> <\/span>                         <\/div>\n                    <\/div>\n                <\/div>\n                            <\/div>\n                        <div class=\"bonus-box first-box\">\n                <div class=\"bonus-box-head\">\n                    <div class=\"col-lg-3 col-md-4 col-sm-4 col-xs-12 \">\n                        <span class=\"hotfix operator-logo\"><img decoding=\"async\" src=\"\/turkish\/assets\/logos\/casino\/dark-back\/1xbet-casino.png\" width=\"auto\" height=\"auto\" alt=\"1xBet\" \/><\/span>                    <\/div>\n                    <div class=\"col-lg-4 col-md-4 col-sm-4 col-xs-6\">\n                        <p class=\"box-title\">1xBet&nbsp; <\/p>\n                    <\/div>\n                    <div class=\"col-lg-5 col-md-4 col-sm-4 col-xs-6\">\n                        <div class=\"likes-box likes-js\" data-likesid=\"15\">\n                            <div class=\"likes-icon-js\"><i class=\"fa fa-heart\" aria-hidden=\"true\"><\/i><\/div>\n                            <div class=\"likes-text-js\"><p>1137 Be\u011feni<\/p><\/div>\n                        <\/div>\n                    <\/div>\n                <\/div>\n                <div class=\"bonus-box-body\">\n                    <div class=\"col-lg-3 col-md-3 col-sm-6 col-xs-12 rightBordered m-bonus no-padding\">\n                        <p>Maksimum Bonus<\/p>\n                        <p class=\"bonus-value max-bonus\">300\u20ac<\/p>\n                    <\/div>\n                                                                <div class=\"col-lg-2 col-md-2 col-sm-6 col-xs-12 no-padding \">\n                            <p>\u00c7evirim<\/p>\n                            <p class=\"bonus-value\">35x Bonus<\/p>\n                        <\/div>\n                                        <div class=\"col-lg-2 col-md-2 col-sm-6 col-xs-12 no-padding\">\n                        <p>Y\u00fczde<\/p>\n                        <p class=\"bonus-value\">300%<\/p>\n                    <\/div>\n                    <div class=\"col-lg-3 col-md-3 col-sm-6 col-xs-12 claim-bonus-sec \">\n\n                                                <div>\n                             <div   class=\"bonuscode  secret-code \"><span>Bonus Kodu Yok<\/span><\/div> <span class=\"cursored button js-golink  claim-bonus-code\"  onclick=\"OpenGoLink(this);\" data-operator=\"7\" data-bonus=\"3923\"   data-clicks=\"1\"data-type=\" \" ><div class='hvr-animation bonus-btn-main-sec'><span>Bonus Kodunu G\u00f6ster<\/span><\/div> <\/span>                         <\/div>\n                    <\/div>\n                <\/div>\n                            <\/div>\n                        <div class=\"bonus-box first-box\">\n                <div class=\"bonus-box-head\">\n                    <div class=\"col-lg-3 col-md-4 col-sm-4 col-xs-12 \">\n                        <span class=\"hotfix operator-logo\"><img decoding=\"async\" src=\"\/turkish\/assets\/logos\/poker\/dark-back\/1xbet-poker.png\" width=\"auto\" height=\"auto\" alt=\"1xBet\" \/><\/span>                    <\/div>\n                    <div class=\"col-lg-4 col-md-4 col-sm-4 col-xs-6\">\n                        <p class=\"box-title\">1xBet&nbsp; <\/p>\n                    <\/div>\n                    <div class=\"col-lg-5 col-md-4 col-sm-4 col-xs-6\">\n                        <div class=\"likes-box likes-js\" data-likesid=\"13\">\n                            <div class=\"likes-icon-js\"><i class=\"fa fa-heart\" aria-hidden=\"true\"><\/i><\/div>\n                            <div class=\"likes-text-js\"><p>1353 Be\u011feni<\/p><\/div>\n                        <\/div>\n                    <\/div>\n                <\/div>\n                <div class=\"bonus-box-body\">\n                    <div class=\"col-lg-3 col-md-3 col-sm-6 col-xs-12 rightBordered m-bonus no-padding\">\n                        <p>Maksimum Bonus<\/p>\n                        <p class=\"bonus-value max-bonus\">No Bonus<\/p>\n                    <\/div>\n                                                                <div class=\"col-lg-2 col-md-2 col-sm-6 col-xs-12 no-padding \">\n                            <p>\u00c7evirim<\/p>\n                            <p class=\"bonus-value\">x <\/p>\n                        <\/div>\n                                        <div class=\"col-lg-2 col-md-2 col-sm-6 col-xs-12 no-padding\">\n                        <p>Y\u00fczde<\/p>\n                        <p class=\"bonus-value\">-<\/p>\n                    <\/div>\n                    <div class=\"col-lg-3 col-md-3 col-sm-6 col-xs-12 claim-bonus-sec \">\n\n                                                <div>\n                             <div   class=\"bonuscode  secret-code \"><span>Bonus Kodu Yok<\/span><\/div> <span class=\"cursored button js-golink  claim-bonus-code\"  onclick=\"OpenGoLink(this);\" data-operator=\"7\" data-bonus=\"3923\"   data-clicks=\"1\"data-type=\" \" ><div class='hvr-animation bonus-btn-main-sec'><span>Bonus Kodunu G\u00f6ster<\/span><\/div> <\/span>                         <\/div>\n                    <\/div>\n                <\/div>\n                            <\/div>\n            <\/span>","protected":false},"excerpt":{"rendered":"D\u00fcnyan\u0131n En \u0130llegal Kumar Bahisi Olan Horoz D\u00f6v\u00fc\u015fleri,Canl\u0131 Yay\u0131n ile 1xBet Sanal Bahis Se\u00e7eneklerinde Yer Al\u0131yor! Horoz D\u00f6v\u00fc\u015fleri Bahislerinin Canl\u0131 Yay\u0131n\u0131n\u0131 Sa\u011flayan Edge Gaming Hangi \u00dclke \u00dczerinden Bu \u0130\u015flemleri Ger\u00e7ekle\u015ftiriyor?","protected":false},"author":1,"featured_media":0,"parent":244,"menu_order":0,"comment_status":"closed","ping_status":"closed","template":"","meta":{"footnotes":""},"categories":[],"tags":[],"class_list":["post-253","page","type-page","status-publish","hentry"],"yoast_head":"<!-- This site is optimized with the Yoast SEO plugin v26.7 - https:\/\/yoast.com\/wordpress\/plugins\/seo\/ -->\n<title>1xBet Horoz D\u00f6v\u00fc\u015f\u00fc Oyunu \u00bb \u0130llegal Bahis Siteleri \u00bb Online \u015eans Oyunlar\u0131<\/title>\n<meta name=\"robots\" content=\"index, follow, max-snippet:-1, max-image-preview:large, max-video-preview:-1\" \/>\n<link rel=\"canonical\" href=\"https:\/\/bet-bonus.net\/tr\/oyunlar\/horoz-dovusleri\/\" \/>\n<meta property=\"og:locale\" content=\"tr_TR\" \/>\n<meta property=\"og:type\" content=\"article\" \/>\n<meta property=\"og:title\" content=\"1xBet Horoz D\u00f6v\u00fc\u015f\u00fc Oyunu \u00bb \u0130llegal Bahis Siteleri \u00bb Online \u015eans Oyunlar\u0131\" \/>\n<meta property=\"og:url\" content=\"https:\/\/bet-bonus.net\/tr\/oyunlar\/horoz-dovusleri\/\" \/>\n<meta property=\"og:site_name\" content=\"bet-bonus.net\/TR\" \/>\n<meta property=\"article:modified_time\" content=\"2018-07-19T09:09:53+00:00\" \/>\n<meta name=\"twitter:card\" content=\"summary_large_image\" \/>\n<meta name=\"twitter:label1\" content=\"Tahmini okuma s\u00fcresi\" \/>\n\t<meta name=\"twitter:data1\" content=\"3 dakika\" \/>\n<script type=\"application\/ld+json\" class=\"yoast-schema-graph\">{\"@context\":\"https:\/\/schema.org\",\"@graph\":[{\"@type\":\"WebPage\",\"@id\":\"https:\/\/bet-bonus.net\/tr\/oyunlar\/horoz-dovusleri\/\",\"url\":\"https:\/\/bet-bonus.net\/tr\/oyunlar\/horoz-dovusleri\/\",\"name\":\"1xBet Horoz D\u00f6v\u00fc\u015f\u00fc Oyunu \u00bb \u0130llegal Bahis Siteleri \u00bb Online \u015eans Oyunlar\u0131\",\"isPartOf\":{\"@id\":\"https:\/\/bet-bonus.net\/tr\/#website\"},\"datePublished\":\"2018-06-28T10:18:57+00:00\",\"dateModified\":\"2018-07-19T09:09:53+00:00\",\"breadcrumb\":{\"@id\":\"https:\/\/bet-bonus.net\/tr\/oyunlar\/horoz-dovusleri\/#breadcrumb\"},\"inLanguage\":\"tr\",\"potentialAction\":[{\"@type\":\"ReadAction\",\"target\":[\"https:\/\/bet-bonus.net\/tr\/oyunlar\/horoz-dovusleri\/\"]}]},{\"@type\":\"BreadcrumbList\",\"@id\":\"https:\/\/bet-bonus.net\/tr\/oyunlar\/horoz-dovusleri\/#breadcrumb\",\"itemListElement\":[{\"@type\":\"ListItem\",\"position\":1,\"name\":\"Home\",\"item\":\"https:\/\/bet-bonus.net\/tr\/\"},{\"@type\":\"ListItem\",\"position\":2,\"name\":\"Yeti\u015fkinlere \u00d6zel : 1xBet Online \u015eans Oyunlar\u0131 Se\u00e7enekleri\",\"item\":\"https:\/\/bet-bonus.net\/tr\/oyunlar\/\"},{\"@type\":\"ListItem\",\"position\":3,\"name\":\"Daha \u00d6nce Horoz D\u00f6v\u00fc\u015flerine Bahis Yapmad\u0131ysan 1xBet ile Bir \u0130lki Ger\u00e7ekle\u015ftir!\"}]},{\"@type\":\"WebSite\",\"@id\":\"https:\/\/bet-bonus.net\/tr\/#website\",\"url\":\"https:\/\/bet-bonus.net\/tr\/\",\"name\":\"bet-bonus.net\/TR\",\"description\":\"\",\"potentialAction\":[{\"@type\":\"SearchAction\",\"target\":{\"@type\":\"EntryPoint\",\"urlTemplate\":\"https:\/\/bet-bonus.net\/tr\/?s={search_term_string}\"},\"query-input\":{\"@type\":\"PropertyValueSpecification\",\"valueRequired\":true,\"valueName\":\"search_term_string\"}}],\"inLanguage\":\"tr\"}]}<\/script>\n<!-- \/ Yoast SEO plugin. -->","yoast_head_json":{"title":"1xBet Horoz D\u00f6v\u00fc\u015f\u00fc Oyunu \u00bb \u0130llegal Bahis Siteleri \u00bb Online \u015eans Oyunlar\u0131","robots":{"index":"index","follow":"follow","max-snippet":"max-snippet:-1","max-image-preview":"max-image-preview:large","max-video-preview":"max-video-preview:-1"},"canonical":"https:\/\/bet-bonus.net\/tr\/oyunlar\/horoz-dovusleri\/","og_locale":"tr_TR","og_type":"article","og_title":"1xBet Horoz D\u00f6v\u00fc\u015f\u00fc Oyunu \u00bb \u0130llegal Bahis Siteleri \u00bb Online \u015eans Oyunlar\u0131","og_url":"https:\/\/bet-bonus.net\/tr\/oyunlar\/horoz-dovusleri\/","og_site_name":"bet-bonus.net\/TR","article_modified_time":"2018-07-19T09:09:53+00:00","twitter_card":"summary_large_image","twitter_misc":{"Tahmini okuma s\u00fcresi":"3 dakika"},"schema":{"@context":"https:\/\/schema.org","@graph":[{"@type":"WebPage","@id":"https:\/\/bet-bonus.net\/tr\/oyunlar\/horoz-dovusleri\/","url":"https:\/\/bet-bonus.net\/tr\/oyunlar\/horoz-dovusleri\/","name":"1xBet Horoz D\u00f6v\u00fc\u015f\u00fc Oyunu \u00bb \u0130llegal Bahis Siteleri \u00bb Online \u015eans Oyunlar\u0131","isPartOf":{"@id":"https:\/\/bet-bonus.net\/tr\/#website"},"datePublished":"2018-06-28T10:18:57+00:00","dateModified":"2018-07-19T09:09:53+00:00","breadcrumb":{"@id":"https:\/\/bet-bonus.net\/tr\/oyunlar\/horoz-dovusleri\/#breadcrumb"},"inLanguage":"tr","potentialAction":[{"@type":"ReadAction","target":["https:\/\/bet-bonus.net\/tr\/oyunlar\/horoz-dovusleri\/"]}]},{"@type":"BreadcrumbList","@id":"https:\/\/bet-bonus.net\/tr\/oyunlar\/horoz-dovusleri\/#breadcrumb","itemListElement":[{"@type":"ListItem","position":1,"name":"Home","item":"https:\/\/bet-bonus.net\/tr\/"},{"@type":"ListItem","position":2,"name":"Yeti\u015fkinlere \u00d6zel : 1xBet Online \u015eans Oyunlar\u0131 Se\u00e7enekleri","item":"https:\/\/bet-bonus.net\/tr\/oyunlar\/"},{"@type":"ListItem","position":3,"name":"Daha \u00d6nce Horoz D\u00f6v\u00fc\u015flerine Bahis Yapmad\u0131ysan 1xBet ile Bir \u0130lki Ger\u00e7ekle\u015ftir!"}]},{"@type":"WebSite","@id":"https:\/\/bet-bonus.net\/tr\/#website","url":"https:\/\/bet-bonus.net\/tr\/","name":"bet-bonus.net\/TR","description":"","potentialAction":[{"@type":"SearchAction","target":{"@type":"EntryPoint","urlTemplate":"https:\/\/bet-bonus.net\/tr\/?s={search_term_string}"},"query-input":{"@type":"PropertyValueSpecification","valueRequired":true,"valueName":"search_term_string"}}],"inLanguage":"tr"}]}},"_links":{"self":[{"href":"https:\/\/bet-bonus.net\/tr\/wp-json\/wp\/v2\/pages\/253","targetHints":{"allow":["GET"]}}],"collection":[{"href":"https:\/\/bet-bonus.net\/tr\/wp-json\/wp\/v2\/pages"}],"about":[{"href":"https:\/\/bet-bonus.net\/tr\/wp-json\/wp\/v2\/types\/page"}],"author":[{"embeddable":true,"href":"https:\/\/bet-bonus.net\/tr\/wp-json\/wp\/v2\/users\/1"}],"replies":[{"embeddable":true,"href":"https:\/\/bet-bonus.net\/tr\/wp-json\/wp\/v2\/comments?post=253"}],"version-history":[{"count":7,"href":"https:\/\/bet-bonus.net\/tr\/wp-json\/wp\/v2\/pages\/253\/revisions"}],"predecessor-version":[{"id":817,"href":"https:\/\/bet-bonus.net\/tr\/wp-json\/wp\/v2\/pages\/253\/revisions\/817"}],"up":[{"embeddable":true,"href":"https:\/\/bet-bonus.net\/tr\/wp-json\/wp\/v2\/pages\/244"}],"wp:attachment":[{"href":"https:\/\/bet-bonus.net\/tr\/wp-json\/wp\/v2\/media?parent=253"}],"wp:term":[{"taxonomy":"category","embeddable":true,"href":"https:\/\/bet-bonus.net\/tr\/wp-json\/wp\/v2\/categories?post=253"},{"taxonomy":"post_tag","embeddable":true,"href":"https:\/\/bet-bonus.net\/tr\/wp-json\/wp\/v2\/tags?post=253"}],"curies":[{"name":"wp","href":"https:\/\/api.w.org\/{rel}","templated":true}]}}