{"id":244,"date":"2018-06-28T08:17:32","date_gmt":"2018-06-28T08:17:32","guid":{"rendered":"http:\/\/bet-bonus.net\/tr\/?page_id=244"},"modified":"2018-08-02T08:08:42","modified_gmt":"2018-08-02T08:08:42","slug":"oyunlar","status":"publish","type":"page","link":"https:\/\/bet-bonus.net\/tr\/oyunlar\/","title":{"rendered":"Yeti\u015fkinlere \u00d6zel : 1xBet Online \u015eans Oyunlar\u0131 Se\u00e7enekleri"},"content":{"rendered":"<p class=\"text-justify\"><span style=\"font-weight: 400;\"><div class=\"moreHome hideContent\"><\/span><\/p>\r\n<p class=\"text-justify\">1xbet \u015fans oyunlar\u0131 ile e\u011flenceli bir vakit ge\u00e7irmek isteyen ki\u015filer, siteye giri\u015f yaparak \u00fcye olabilirler. Firma, son y\u0131llarda en \u00e7ok getiren \u015firketlerden birisidir. 2007 y\u0131l\u0131nda Rusya'da kurulmu\u015ftur. Ancak k\u0131sa s\u00fcre i\u00e7inde bir\u00e7ok \u00fclkede hizmet vermeye ba\u015flam\u0131\u015ft\u0131r. Aktif oldu\u011fu her \u00fclkede, oran\u0131n resmi dil se\u00e7ene\u011fine sahip olan bir web sitesi a\u00e7m\u0131\u015ft\u0131r. Curacao oyun komisyonundan gerekli t\u00fcm izinleri alan i\u015fletme, bunun yan\u0131 s\u0131ra 1xcorp isminde yap\u0131n\u0131n i\u00e7inde bulunmaktad\u0131r.Buna g\u00f6re firman\u0131n resmi sitesi \u00fczerinden son d\u00f6nemde \u00e7ok b\u00fcy\u00fck bir pop\u00fclerli\u011fe eri\u015fmi\u015f olan esport se\u00e7eneklerine yat\u0131r\u0131m yapmak m\u00fcmk\u00fcnd\u00fcr. Bunun yan\u0131 s\u0131ra T\u00fcrk k\u00fclt\u00fcr\u00fcn\u00fcn ayr\u0131lmayan bir par\u00e7as\u0131 haline gelen tavla oyununu, online bir \u015fekilde ve ger\u00e7ek oyuncularla oynayabilirsiniz. Loto alan\u0131nda ise d\u00fcnyan\u0131n farkl\u0131 \u00fclkelerindeki loto organizasyonlar\u0131na kat\u0131l\u0131m sa\u011flaman\u0131z m\u00fcmk\u00fcn olacakt\u0131r. Online olarak de\u011fi\u015fik bran\u015flarda yap\u0131lan \u00e7ekili\u015fler sayesinde, para kazanman\u0131z \u00e7ok kolayd\u0131r. Ayr\u0131ca sayfada bir de piyango b\u00f6l\u00fcm\u00fc bulunmaktad\u0131r. T\u00fcm bu oyunlara kat\u0131l\u0131m noktas\u0131nda \u00fcyelik i\u015flemlerinizi ba\u015far\u0131l\u0131 bir \u015fekilde tamamlaman\u0131z gerekmektedir. B\u00f6ylelikle istedi\u011finiz gibi bahis yapabilme \u015fans\u0131na eri\u015fmi\u015f olacaks\u0131n\u0131z.<\/p>\r\n<p class=\"text-justify\"><span style=\"font-weight: 400;\"><\/div><\/span><\/p>\r\n<p class=\"text-justify\"><span style=\"font-weight: 400;\"><div class=\"bonus-table\">\n    <div class=\"col-xs-12\">\n        <div class=\"row\">\n\n<!--            <div class=\"hidden-lg hidden-md hidden-sm col-xs-8 bonus-table-body top-responsive\">-->\n<!---->\n<!--            <\/div>-->\n            <div class=\"col-lg-12 col-md-12 col-sm-12 col-xs-12 bonus-table-body op-table no-padding\">\n                <div class=\"col-lg-3 col-md-4 col-sm-12 col-xs-12 bonus-table-head no-padding\">\n                    <p>Bahis Sitesi<\/p>\n                   <!--  <a class=\"hotfix\" href=\"\" rel=\"nofollow\" target=\"_blank\"><img decoding=\"async\" src=\"<?php\/\/ echo $logo_url; ?>\" class=\"img-responsive\"><\/a> -->\n                    <span class=\"\"><img decoding=\"async\" src=\"\/turkish\/assets\/logos\/sport\/light-back\/1xbet.png\" width=\"100px\" height=\"auto\" alt=\"1xBet\" \/><\/span>                <\/div>\n                <div class=\"col-lg-2 col-md-2 col-sm-6 col-xs-12 rightBordered borders no-padding\">\n                    <p>BONUS<\/p>\n                    <p class=\"bonus-value max-bonus\">1000\u20ba<\/p>\n                <\/div>\n                <div class=\"col-lg-2 col-md-2 col-sm-6 col-xs-6 rightBordered no-padding\">\n                    <p>Y\u00fczde<\/p>\n                    <p class=\"bonus-value\">200%<\/p>\n                <\/div>\n                <div class=\"col-lg-2 col-md-2 col-sm-6 col-xs-6 no-padding\">\n                    <p>Puan<\/p>\n                    <p class=\"rating-number\">9.9<\/p>\n                <\/div>\n                <div class=\"col-lg-3 col-md-4 col-sm-6 col-xs-12 op-table-button no-padding\">\n                    <p>Bahis Sitesini \u0130ncele<\/p>\n                     <span class=\"cursored button js-golink button claim-bonus-code\"  onclick=\"OpenGoLink(this);\" data-operator=\"7\" data-bonus=\"3923\"   data-clicks=\"1\"data-type=\"sport\" ><button class=\"hvr-animation multi-line bonus-btn-main-sec\"><span>Bonus Al !<\/span><\/button> <\/span>                 <\/div>\n            <\/div>\n        <\/div>\n    <\/div>\n<\/div>\n        <script type=\"application\/ld+json\">\n    {\n        \"@context\": \"https:\/\/schema.org\/\",\n        \"@type\": \"Review\",\n        \"datePublished\": \"28-06-2018\",\n        \"dateModified\": \"08-11-2022\",\n        \"itemReviewed\":{\n                \"@type\": \"Organization\",\n                \"name\": \"1xBet\",\n                \"image\": \" https:\/\/bet-bonus.net\/tr\/turkish\/assets\/logos\/light-back\/1xbet.png\"\n        },\n         \"author\":{\n                \"@type\": \"Person\",\n                 \"name\": \"bet-bonus.net\/TR\"\n         },\n           \"reviewRating\": {\n                \"ratingValue\": \"9.9\",\n                \"bestRating\": \"10\"\n         }\n    }\n\n\n\n        <\/script>\n        <\/span><\/p>\r\n\r\n<h2 class=\"text-justify\">1xBet \u015eans Oyunlar\u0131nda De\u011ferlendirebilece\u011finiz Bonus Se\u00e7enekleri<\/h2>\r\n<span style=\"font-weight: 400;\"><div class=\"moreHome hideContent\"><\/span>\r\n<ul>\r\n \t<li class=\"text-justify\">Mr Slotty ad\u0131 verilen oyun alt yap\u0131 firmas\u0131n\u0131n sa\u011flam\u0131\u015f oldu\u011fu <a href=\"https:\/\/bet-bonus.net\/tr\/casino\/slot-oyunlari\/\">1xbet\u00a0slot oyunlar\u0131<\/a> ile \u00e7e\u015fitli miktarlarda \u00f6d\u00fcl kazanman\u0131z m\u00fcmk\u00fcn olacakt\u0131r. Buna g\u00f6re yap\u0131lmas\u0131 gereken \u015fey, firmaya ait olan slot oyunlar\u0131na giri\u015f yapmak ve oyunu oynamakt\u0131r. Bakiyenizdeki paraya g\u00f6re puan kazanman\u0131z m\u00fcmk\u00fcn olacakt\u0131r. Bu \u015fekilde turnuva i\u015ftirak edebilirsiniz. Birinci olan ki\u015fiye tam 50 free spin verilmektedir. \u0130kinci 45, \u00fc\u00e7\u00fcnc\u00fc ise 40 free spin kazanmaktad\u0131r.<\/li>\r\n<\/ul>\r\n&nbsp;\r\n<ul>\r\n \t<li class=\"text-justify\">Futbol temal\u0131 olan slot oyunlar\u0131yla da para kazanmak m\u00fcmk\u00fcnd\u00fcr. Bunun i\u00e7in firma taraf\u0131ndan \u00e7e\u015fitli miktarlarda bonuslar verilmektedir. Champions Goal, Football Superstar, Football, Soocer Babes, 2016 Gladiators, Soccer Safari, Hugo Goal gibi slot oyunlar\u0131na girmek gerekmektedir. Bu i\u015flem sonras\u0131nda en az 10 Euro tutar\u0131nda bahis olu\u015fturulmal\u0131d\u0131r. Turnuva bittikten sonra birinci olan ki\u015fiye 50000 Euro, ikinciye 30000 Euro, \u00fc\u00e7\u00fcnc\u00fcye 10000 Euro ve 4 ile 53.s\u0131ras\u0131nda yer alan ki\u015filere de 200'er Euro \u00f6d\u00fcl verilecektir.<\/li>\r\n<\/ul>\r\n&nbsp;\r\n<ul>\r\n \t<li class=\"text-justify\">Casino alan\u0131 i\u00e7inde bulunan ve alt yap\u0131 \u015firketi olarak hizmet veren Extreme Live \u00fczerinden oyun oynamak, bonus paras\u0131 alman\u0131z\u0131 sa\u011flayacakt\u0131r. Bu noktada Golden Ball masalar\u0131n\u0131n tercih edilmesi gerekmektedir. Yap\u0131lacak olan bu turnuvada b\u00fcy\u00fck \u00f6d\u00fcl ise 250 Euro olarak belirtilmi\u015f. \u0130kinci olacak ki\u015fiye 150 Euro verilirken, \u00fc\u00e7\u00fcnc\u00fc ki\u015fi de tam 100 Euro kazanabilmektedir.<\/li>\r\n<\/ul>\r\n&nbsp;\r\n<ul>\r\n \t<li class=\"text-justify\">1xbet oyunlar\u0131 \u00e7er\u00e7evesinde slot oyunlar\u0131 firmas\u0131 olan Spinomenal \u015firketinin baz\u0131 oyunlar\u0131nda oynayarak, hediye para elde etmeniz m\u00fcmk\u00fcnd\u00fcr. Buna g\u00f6re Reviving love, Tiki Rainbow, Hunting Treasure gibi oyunlara kat\u0131lmal\u0131s\u0131n\u0131z. Her 1 Euro'luk bahis i\u00e7in 1 adet loto bileti kazanacaks\u0131n\u0131z. Daha sonra ise bir \u00e7ekili\u015f ger\u00e7ekle\u015ftirilecek. Ard\u0131ndan da turnuvan\u0131n galibi belli olacak. Buna g\u00f6re birinci olan ki\u015fi tam 700 Euro de\u011ferindeki \u00f6d\u00fcl\u00fcn sahibi olacak. \u015eans oyunlar\u0131 i\u00e7inde bulunan bu alternatife g\u00f6re ikinci 300, \u00fc\u00e7\u00fcnc\u00fc 200, d\u00f6rd\u00fcnc\u00fc 100 ve be\u015finci ise 50 Euro kazanacak.<\/li>\r\n<\/ul>\r\n&nbsp;\r\n<ul>\r\n \t<li class=\"text-justify\">Futbol turnuvas\u0131 temal\u0131 olan slotlar, m\u00fc\u015fterilere \u00f6d\u00fcl kazand\u0131ran bir ba\u015fka opsiyon, buna g\u00f6re Futbol slotlar\u0131na yap\u0131lacak olan yat\u0131r\u0131mlar ile puan toplayabilir ve bu puanlar sayesinde para sahibi olabilirsiniz. 15 Temmuz tarihinde sona erecek olan bu turnuva i\u00e7inde ilk s\u0131ray\u0131 alan ki\u015fi, tam 2000 Euro kazanacakt\u0131r. \u0130kinci s\u0131rada yer alan oyuncuya ise 1500 Euro verilecektir. \u00dc\u00e7\u00fcnc\u00fc s\u0131radaki ki\u015fi 750 Euro kazan\u0131rken, d\u00f6rd\u00fcnc\u00fc 500 Euro alacakt\u0131r. Be\u015finci s\u0131rada turnuvay\u0131 bitirecek olan ki\u015fiye ise 250 Euro \u00f6d\u00fcl verilecektir.<\/li>\r\n<\/ul>\r\n<span style=\"font-weight: 400;\"><\/div><\/span>\r\n\r\n<span style=\"font-weight: 400;\">\r\n<div class=\"cta-direct-bonus\">\r\n    <div class=\"col-lg-8 col-md-8 col-sm-8 col-xs-12\">\r\n        <div class=\"row\">\r\n            <p class=\"cta-direct-slogan\">\r\n                Ho\u015fgeldin Bonusu Kazanmaya Haz\u0131r M\u0131s\u0131n?            <\/p>\r\n        <\/div>\r\n    <\/div>\r\n    <div class=\"col-lg-4 col-md-4 col-sm-4 col-xs-12\">\r\n        <div class=\"row\">\r\n             <span class=\"cursored button js-golink cta-direct-button hvr-animation new-hover\"  onclick=\"OpenGoLink(this);\" data-operator=\"7\" data-bonus=\"3923\"   data-clicks=\"1\"data-type=\"sport\" ><span>\u015eimdi 1xBet \u00dcyesi Ol!!<\/span> <\/span> \r\n        <\/div>\r\n    <\/div>\r\n<\/div>\r\n\r\n<style type=\"text\/css\" media=\"screen\">\r\n    .cta-direct-button.new-hover {\r\n        padding: 3px 0 2px;\r\n    }\r\n<\/style><\/span>\r\n<h2>1xBet Casino Oyunlar\u0131n\u0131n D\u0131\u015f\u0131nda Bulunan Di\u011fer \u015eans Oyunlar\u0131 Nelerdir?<\/h2>\r\n<span style=\"font-weight: 400;\"><div class=\"moreHome hideContent\"><\/span>\r\n<ul>\r\n \t<li class=\"text-justify\"><strong>Tavla:<\/strong> En \u00e7ok tercih edilen ve yat\u0131r\u0131m yap\u0131lan \u015fans oyunlar\u0131 i\u00e7inde bulunmaktad\u0131r. Bu b\u00f6l\u00fcme girdikten sonra turnuvalara kat\u0131l\u0131m sa\u011flayabilirsiniz. Bunun yan\u0131 s\u0131ra <strong>1xbet tavla b\u00f6l\u00fcm\u00fc<\/strong> i\u00e7inde bir\u00e7ok farkl\u0131 masa vard\u0131r. Masalar\u0131n \u00e7ok olmas\u0131ndan dolay\u0131 zaman kayb\u0131 olmadan istedi\u011finiz bir alana ge\u00e7ebilir ve oyunu oynayabilirsiniz. Masa isimleri ise tavla, parti, tapa, hiper, nack, k\u0131sa ve uzun olarak belirtilmi\u015ftir. Tavla kurallar\u0131 \u00e7ok basittir. \u0130ki oyuncu ile oynanan tavlada, zar kullanarak size ait olan pullar\u0131 \u00f6nce \u00f6n\u00fcnde toplamal\u0131 sonras\u0131nda ise almal\u0131s\u0131n\u0131z. Pullar\u0131 ilk kim toplarsa, oyunu da o kazanacakt\u0131r.<\/li>\r\n<\/ul>\r\n&nbsp;\r\n<ul>\r\n \t<li class=\"text-justify\"><strong>eSport:<\/strong> \u0130lgi \u00e7ekici bir oyundur. \u00d6zellikle bilgisayar oyunlar\u0131na merak olan kimseler taraf\u0131ndan \u00e7ok s\u0131k tercih edilmektedir. Bir\u00e7ok farkl\u0131 opsiyon mevcuttur. Bunlar aras\u0131nda Street Fighter, CS GO, Disc Jam Battle, Injustice Battle gibi de\u011fi\u015fik oyun t\u00fcrleri mevcuttur. Oyunlara kat\u0131l\u0131m \u00e7ok basittir. \u00dcyelik sonras\u0131nda herhangi bir oyuna, \u00fcst, alt, kim kazan\u0131r gibi bahisleri yapabilirsiniz. Tam anlam\u0131 ile bahis mant\u0131\u011f\u0131 ile oyunlara yakla\u015fmak size para kazand\u0131racakt\u0131r. <a href=\"https:\/\/bet-bonus.net\/tr\/oyunlar\/esport\/\">1xbet eSport b\u00f6l\u00fcm\u00fc oyunlar\u0131<\/a>, canl\u0131 olarak oynanabilmektedir.<\/li>\r\n<\/ul>\r\n&nbsp;\r\n<ul>\r\n \t<li class=\"text-justify\"><strong>Loto:<\/strong> D\u00fcnyan\u0131n de\u011fi\u015fik \u00fclkelerinde d\u00fczenlenen \u00e7ekili\u015flere, site \u00fczerinden eri\u015fim sa\u011flamak m\u00fcmk\u00fcnd\u00fcr. Buna g\u00f6re bir\u00e7ok turnuva ve \u00e7ekili\u015f s\u00f6z konusudur. Logonun \u00fcst\u00fcne t\u0131klad\u0131ktan sonra \u00e7ekili\u015fe kalan s\u00fcreyi ve ne zamana kadar biletlerin kabul edilebilece\u011fini g\u00f6rebilirsiniz. Buna g\u00f6re ilk olarak numaralar\u0131 belirlemeli ve sonra bilet ekle k\u0131sm\u0131na bir defa t\u0131klamal\u0131s\u0131n\u0131z. \u00c7ekili\u015f sonras\u0131nda kazanan belli olacakt\u0131r. \u015eans oyunlar\u0131 i\u00e7inde yer alan <a href=\"https:\/\/bet-bonus.net\/tr\/oyunlar\/sayisal-loto\/\">1xbet Loto opsiyonu<\/a>, \u00e7ok b\u00fcy\u00fck bir ilgi g\u00f6rmektedir.<\/li>\r\n<\/ul>\r\n&nbsp;\r\n<ul>\r\n \t<li class=\"text-justify\"><strong>Piyango:<\/strong> Tamamen \u015fansa dayal\u0131 olan bir ba\u015fka oyun t\u00fcr\u00fcd\u00fcr. G\u00fcnl\u00fck olarak sat\u0131n alma i\u015flemini yapabilirsiniz. Herhangi bir s\u0131n\u0131rlama ya da k\u0131s\u0131tlama s\u00f6z konusu de\u011fildir. Buna g\u00f6re 6 basamakl\u0131 piyango bileti ile \u015fans\u0131n\u0131z\u0131 deneyebilirsiniz. <a href=\"https:\/\/bet-bonus.net\/tr\/oyunlar\/blockchain-piyango\/\">Blockchain piyango<\/a> bu b\u00f6l\u00fcmde dikkat \u00e7eken bir di\u011fer oyundur. Ayr\u0131ca \u00e7ok yak\u0131n bir zaman i\u00e7inde \u00e7ark\u0131felek tarz\u0131nda bir \u015fans oyununun da piyango alternatifleri i\u00e7inde olaca\u011f\u0131n\u0131 s\u00f6ylemek gerekiyor.<\/li>\r\n<\/ul>\r\n<span style=\"font-weight: 400;\"><\/div><\/span>\r\n\r\n<span style=\"font-weight: 400;\"><div class=\"bonus-table\">\n    <div class=\"col-xs-12\">\n        <div class=\"row\">\n\n<!--            <div class=\"hidden-lg hidden-md hidden-sm col-xs-8 bonus-table-body top-responsive\">-->\n<!---->\n<!--            <\/div>-->\n            <div class=\"col-lg-12 col-md-12 col-sm-12 col-xs-12 bonus-table-body op-table no-padding\">\n                <div class=\"col-lg-3 col-md-4 col-sm-12 col-xs-12 bonus-table-head no-padding\">\n                    <p>Bahis Sitesi<\/p>\n                   <!--  <a class=\"hotfix\" href=\"\" rel=\"nofollow\" target=\"_blank\"><img decoding=\"async\" src=\"<?php\/\/ echo $logo_url; ?>\" class=\"img-responsive\"><\/a> -->\n                    <span class=\"\"><img decoding=\"async\" src=\"\/turkish\/assets\/logos\/sport\/light-back\/1xbet.png\" width=\"100px\" height=\"auto\" alt=\"1xBet\" \/><\/span>                <\/div>\n                <div class=\"col-lg-2 col-md-2 col-sm-6 col-xs-12 rightBordered borders no-padding\">\n                    <p>BONUS<\/p>\n                    <p class=\"bonus-value max-bonus\">1000\u20ba<\/p>\n                <\/div>\n                <div class=\"col-lg-2 col-md-2 col-sm-6 col-xs-6 rightBordered no-padding\">\n                    <p>Y\u00fczde<\/p>\n                    <p class=\"bonus-value\">200%<\/p>\n                <\/div>\n                <div class=\"col-lg-2 col-md-2 col-sm-6 col-xs-6 no-padding\">\n                    <p>Puan<\/p>\n                    <p class=\"rating-number\">9.9<\/p>\n                <\/div>\n                <div class=\"col-lg-3 col-md-4 col-sm-6 col-xs-12 op-table-button no-padding\">\n                    <p>Bahis Sitesini \u0130ncele<\/p>\n                     <span class=\"cursored button js-golink button claim-bonus-code\"  onclick=\"OpenGoLink(this);\" data-operator=\"7\" data-bonus=\"3923\"   data-clicks=\"1\"data-type=\"sport\" ><button class=\"hvr-animation multi-line bonus-btn-main-sec\"><span>Bonus Al !<\/span><\/button> <\/span>                 <\/div>\n            <\/div>\n        <\/div>\n    <\/div>\n<\/div>\n        <script type=\"application\/ld+json\">\n    {\n        \"@context\": \"https:\/\/schema.org\/\",\n        \"@type\": \"Review\",\n        \"datePublished\": \"28-06-2018\",\n        \"dateModified\": \"08-11-2022\",\n        \"itemReviewed\":{\n                \"@type\": \"Organization\",\n                \"name\": \"1xBet\",\n                \"image\": \" https:\/\/bet-bonus.net\/tr\/turkish\/assets\/logos\/light-back\/1xbet.png\"\n        },\n         \"author\":{\n                \"@type\": \"Person\",\n                 \"name\": \"bet-bonus.net\/TR\"\n         },\n           \"reviewRating\": {\n                \"ratingValue\": \"9.9\",\n                \"bestRating\": \"10\"\n         }\n    }\n\n\n\n        <\/script>\n        <\/span>\r\n<h2>1xBet \u015eans Oyunlar\u0131n\u0131n Avantajlar\u0131<\/h2>\r\n<span style=\"font-weight: 400;\"><div class=\"moreHome hideContent\"><\/span>\r\n<p class=\"text-justify\">Online oyunlar ile \u015fans\u0131n\u0131 denemek isteyen ki\u015filer, bu noktada mevcut oyunlar \u00fczerinden istedikleri gibi g\u00fczel zaman ge\u00e7irebilirler. Firman\u0131n resmi sitesinde yer alan oyunlar\u0131n \u00e7ok fazla olmas\u0131 ve farkl\u0131 maceralar vaat etmesi, son derece ilgi \u00e7ekicidir. \u00c7\u00fcnk\u00fc \u015fans oyunlar\u0131 genel olarak \u00e7ok fazla yer verilen bir alternatif de\u011fildir. Fakat 1xbet bu konuda daha farkl\u0131 d\u00fc\u015f\u00fcnd\u00fc\u011f\u00fc i\u00e7in akl\u0131n\u0131za gelebilecek ya da daha \u00f6nce hi\u00e7 duymad\u0131\u011f\u0131n\u0131z oyunlar ile e\u011flenmenizi sa\u011flamaktad\u0131r. Her oyuna giri\u015f a\u015famas\u0131nda \u00fcyelik \u015fart\u0131n\u0131n oldu\u011funu g\u00f6rmekteyiz. Sadece slot oyunlar\u0131 i\u00e7in b\u00f6yle bir zorunluluk yoktur. Sanal para olarak site taraf\u0131ndan verilen bakiyeyi bu anlamda kullanman\u0131z m\u00fcmk\u00fcn olacakt\u0131r.<\/p>\r\n<p class=\"text-justify\">1xbet online \u015fans oyunlar\u0131 sitesi, kaliteli alt yap\u0131s\u0131 sayesinde oyunlar\u0131n kesintiye u\u011framas\u0131n\u0131 engellemektedir. B\u00f6ylelikle giri\u015f yapm\u0131\u015f oldu\u011funuz bir \u015fans oyunu, herhangi bir bi\u00e7imde donma ya da duraklama gibi durumlar ile kar\u015f\u0131la\u015fmadan oynayabilirsiniz. \u00d6rne\u011fin tavla oyunu, ger\u00e7ek\u00e7i olarak dikkat \u00e7eken grafiklere sahiptir. Oyun masas\u0131 son derece b\u00fcy\u00fck oldu\u011fu i\u00e7in her t\u00fcrl\u00fc ayr\u0131nt\u0131y\u0131 rahat bir bi\u00e7imde g\u00f6rebilirsiniz.<\/p>\r\n<p class=\"text-justify\">Piyango bileti almak ise bizzat sizin yapm\u0131\u015f oldu\u011funuz se\u00e7imler ile \u00e7ok daha e\u011flenceli olabilmektedir. B\u00fcy\u00fck esport oyunlar\u0131 turnuvalar\u0131 ise canl\u0131 bir bi\u00e7imde takip edilebilmektedir. Bu sayede oyunlara kat\u0131l\u0131m sa\u011flamak \u00e7ok kolay olacakt\u0131r. 1xbet oyunlar\u0131, genel manada h\u0131zl\u0131 oldu\u011fu i\u00e7in zaman kayb\u0131na da yol a\u00e7mayacakt\u0131r. Sitede, her t\u00fcrl\u00fc be\u011feni ve zevke uygun olan bir oyuna denk gelmek m\u00fcmk\u00fcnd\u00fcr. Firma, bu anlamda daha de\u011fi\u015fik oyun tercihleri ile yak\u0131n bir zamanda men\u00fcs\u00fcn\u00fc g\u00fcncelleyecektir. B\u00f6ylelikle spor oyunlar\u0131ndan s\u0131k\u0131lanlar, sadece \u015fans\u0131na g\u00fcvenen ki\u015filer, \u00e7ok daha fazla oyuna eri\u015fim sa\u011flayabilecekler.<\/p>\r\n<p class=\"text-justify\"><span style=\"font-weight: 400;\"><\/div><\/span><\/p>\r\n<p class=\"text-justify\"><span style=\"font-weight: 400;\">\r\n<div class=\"cta-direct-bonus\">\r\n    <div class=\"col-lg-8 col-md-8 col-sm-8 col-xs-12\">\r\n        <div class=\"row\">\r\n            <p class=\"cta-direct-slogan\">\r\n                Ho\u015fgeldin Bonusu Kazanmaya Haz\u0131r M\u0131s\u0131n?            <\/p>\r\n        <\/div>\r\n    <\/div>\r\n    <div class=\"col-lg-4 col-md-4 col-sm-4 col-xs-12\">\r\n        <div class=\"row\">\r\n             <span class=\"cursored button js-golink cta-direct-button hvr-animation new-hover\"  onclick=\"OpenGoLink(this);\" data-operator=\"7\" data-bonus=\"3923\"   data-clicks=\"1\"data-type=\"sport\" ><span>\u015eimdi 1xBet \u00dcyesi Ol!!<\/span> <\/span> \r\n        <\/div>\r\n    <\/div>\r\n<\/div>\r\n\r\n<style type=\"text\/css\" media=\"screen\">\r\n    .cta-direct-button.new-hover {\r\n        padding: 3px 0 2px;\r\n    }\r\n<\/style><\/span><\/p>","protected":false},"excerpt":{"rendered":"1xBet \u015eans Oyunlar\u0131nda De\u011ferlendirebilece\u011finiz Bonus Se\u00e7enekleri 1xBet Casino Oyunlar\u0131n\u0131n D\u0131\u015f\u0131nda Bulunan Di\u011fer \u015eans Oyunlar\u0131 Nelerdir? 1xBet \u015eans Oyunlar\u0131n\u0131n Avantajlar\u0131","protected":false},"author":1,"featured_media":0,"parent":0,"menu_order":0,"comment_status":"closed","ping_status":"closed","template":"","meta":{"footnotes":""},"categories":[],"tags":[4],"class_list":["post-244","page","type-page","status-publish","hentry","tag-interesting"],"yoast_head":"<!-- This site is optimized with the Yoast SEO plugin v26.7 - https:\/\/yoast.com\/wordpress\/plugins\/seo\/ -->\n<title>1xBet \u015eans Oyunlar\u0131 \u00bb Sanal Bahis \u00bb SporToto \u00bb Tavla \u00bb Piyango \u00bb eSport<\/title>\n<meta name=\"robots\" content=\"index, follow, max-snippet:-1, max-image-preview:large, max-video-preview:-1\" \/>\n<link rel=\"canonical\" href=\"https:\/\/bet-bonus.net\/tr\/oyunlar\/\" \/>\n<meta property=\"og:locale\" content=\"tr_TR\" \/>\n<meta property=\"og:type\" content=\"article\" \/>\n<meta property=\"og:title\" content=\"1xBet \u015eans Oyunlar\u0131 \u00bb Sanal Bahis \u00bb SporToto \u00bb Tavla \u00bb Piyango \u00bb eSport\" \/>\n<meta property=\"og:url\" content=\"https:\/\/bet-bonus.net\/tr\/oyunlar\/\" \/>\n<meta property=\"og:site_name\" content=\"bet-bonus.net\/TR\" \/>\n<meta property=\"article:modified_time\" content=\"2018-08-02T08:08:42+00:00\" \/>\n<meta name=\"twitter:card\" content=\"summary_large_image\" \/>\n<meta name=\"twitter:label1\" content=\"Tahmini okuma s\u00fcresi\" \/>\n\t<meta name=\"twitter:data1\" content=\"7 dakika\" \/>\n<script type=\"application\/ld+json\" class=\"yoast-schema-graph\">{\"@context\":\"https:\/\/schema.org\",\"@graph\":[{\"@type\":\"WebPage\",\"@id\":\"https:\/\/bet-bonus.net\/tr\/oyunlar\/\",\"url\":\"https:\/\/bet-bonus.net\/tr\/oyunlar\/\",\"name\":\"1xBet \u015eans Oyunlar\u0131 \u00bb Sanal Bahis \u00bb SporToto \u00bb Tavla \u00bb Piyango \u00bb eSport\",\"isPartOf\":{\"@id\":\"https:\/\/bet-bonus.net\/tr\/#website\"},\"datePublished\":\"2018-06-28T08:17:32+00:00\",\"dateModified\":\"2018-08-02T08:08:42+00:00\",\"breadcrumb\":{\"@id\":\"https:\/\/bet-bonus.net\/tr\/oyunlar\/#breadcrumb\"},\"inLanguage\":\"tr\",\"potentialAction\":[{\"@type\":\"ReadAction\",\"target\":[\"https:\/\/bet-bonus.net\/tr\/oyunlar\/\"]}]},{\"@type\":\"BreadcrumbList\",\"@id\":\"https:\/\/bet-bonus.net\/tr\/oyunlar\/#breadcrumb\",\"itemListElement\":[{\"@type\":\"ListItem\",\"position\":1,\"name\":\"Home\",\"item\":\"https:\/\/bet-bonus.net\/tr\/\"},{\"@type\":\"ListItem\",\"position\":2,\"name\":\"Yeti\u015fkinlere \u00d6zel : 1xBet Online \u015eans Oyunlar\u0131 Se\u00e7enekleri\"}]},{\"@type\":\"WebSite\",\"@id\":\"https:\/\/bet-bonus.net\/tr\/#website\",\"url\":\"https:\/\/bet-bonus.net\/tr\/\",\"name\":\"bet-bonus.net\/TR\",\"description\":\"\",\"potentialAction\":[{\"@type\":\"SearchAction\",\"target\":{\"@type\":\"EntryPoint\",\"urlTemplate\":\"https:\/\/bet-bonus.net\/tr\/?s={search_term_string}\"},\"query-input\":{\"@type\":\"PropertyValueSpecification\",\"valueRequired\":true,\"valueName\":\"search_term_string\"}}],\"inLanguage\":\"tr\"}]}<\/script>\n<!-- \/ Yoast SEO plugin. -->","yoast_head_json":{"title":"1xBet \u015eans Oyunlar\u0131 \u00bb Sanal Bahis \u00bb SporToto \u00bb Tavla \u00bb Piyango \u00bb eSport","robots":{"index":"index","follow":"follow","max-snippet":"max-snippet:-1","max-image-preview":"max-image-preview:large","max-video-preview":"max-video-preview:-1"},"canonical":"https:\/\/bet-bonus.net\/tr\/oyunlar\/","og_locale":"tr_TR","og_type":"article","og_title":"1xBet \u015eans Oyunlar\u0131 \u00bb Sanal Bahis \u00bb SporToto \u00bb Tavla \u00bb Piyango \u00bb eSport","og_url":"https:\/\/bet-bonus.net\/tr\/oyunlar\/","og_site_name":"bet-bonus.net\/TR","article_modified_time":"2018-08-02T08:08:42+00:00","twitter_card":"summary_large_image","twitter_misc":{"Tahmini okuma s\u00fcresi":"7 dakika"},"schema":{"@context":"https:\/\/schema.org","@graph":[{"@type":"WebPage","@id":"https:\/\/bet-bonus.net\/tr\/oyunlar\/","url":"https:\/\/bet-bonus.net\/tr\/oyunlar\/","name":"1xBet \u015eans Oyunlar\u0131 \u00bb Sanal Bahis \u00bb SporToto \u00bb Tavla \u00bb Piyango \u00bb eSport","isPartOf":{"@id":"https:\/\/bet-bonus.net\/tr\/#website"},"datePublished":"2018-06-28T08:17:32+00:00","dateModified":"2018-08-02T08:08:42+00:00","breadcrumb":{"@id":"https:\/\/bet-bonus.net\/tr\/oyunlar\/#breadcrumb"},"inLanguage":"tr","potentialAction":[{"@type":"ReadAction","target":["https:\/\/bet-bonus.net\/tr\/oyunlar\/"]}]},{"@type":"BreadcrumbList","@id":"https:\/\/bet-bonus.net\/tr\/oyunlar\/#breadcrumb","itemListElement":[{"@type":"ListItem","position":1,"name":"Home","item":"https:\/\/bet-bonus.net\/tr\/"},{"@type":"ListItem","position":2,"name":"Yeti\u015fkinlere \u00d6zel : 1xBet Online \u015eans Oyunlar\u0131 Se\u00e7enekleri"}]},{"@type":"WebSite","@id":"https:\/\/bet-bonus.net\/tr\/#website","url":"https:\/\/bet-bonus.net\/tr\/","name":"bet-bonus.net\/TR","description":"","potentialAction":[{"@type":"SearchAction","target":{"@type":"EntryPoint","urlTemplate":"https:\/\/bet-bonus.net\/tr\/?s={search_term_string}"},"query-input":{"@type":"PropertyValueSpecification","valueRequired":true,"valueName":"search_term_string"}}],"inLanguage":"tr"}]}},"_links":{"self":[{"href":"https:\/\/bet-bonus.net\/tr\/wp-json\/wp\/v2\/pages\/244","targetHints":{"allow":["GET"]}}],"collection":[{"href":"https:\/\/bet-bonus.net\/tr\/wp-json\/wp\/v2\/pages"}],"about":[{"href":"https:\/\/bet-bonus.net\/tr\/wp-json\/wp\/v2\/types\/page"}],"author":[{"embeddable":true,"href":"https:\/\/bet-bonus.net\/tr\/wp-json\/wp\/v2\/users\/1"}],"replies":[{"embeddable":true,"href":"https:\/\/bet-bonus.net\/tr\/wp-json\/wp\/v2\/comments?post=244"}],"version-history":[{"count":8,"href":"https:\/\/bet-bonus.net\/tr\/wp-json\/wp\/v2\/pages\/244\/revisions"}],"predecessor-version":[{"id":815,"href":"https:\/\/bet-bonus.net\/tr\/wp-json\/wp\/v2\/pages\/244\/revisions\/815"}],"wp:attachment":[{"href":"https:\/\/bet-bonus.net\/tr\/wp-json\/wp\/v2\/media?parent=244"}],"wp:term":[{"taxonomy":"category","embeddable":true,"href":"https:\/\/bet-bonus.net\/tr\/wp-json\/wp\/v2\/categories?post=244"},{"taxonomy":"post_tag","embeddable":true,"href":"https:\/\/bet-bonus.net\/tr\/wp-json\/wp\/v2\/tags?post=244"}],"curies":[{"name":"wp","href":"https:\/\/api.w.org\/{rel}","templated":true}]}}