{"id":232,"date":"2018-06-28T07:58:51","date_gmt":"2018-06-28T07:58:51","guid":{"rendered":"http:\/\/bet-bonus.net\/tr\/?page_id=232"},"modified":"2018-07-23T13:53:51","modified_gmt":"2018-07-23T13:53:51","slug":"erotik-casino","status":"publish","type":"page","link":"https:\/\/bet-bonus.net\/tr\/casino\/erotik-casino\/","title":{"rendered":"Yeti\u015fkinlere \u00d6zel : 1xBet ile Erotik Casino Geceleri"},"content":{"rendered":"<p class=\"text-justify\"><span style=\"font-weight: 400;\"><div class=\"moreHome hideContent\"><\/span><\/p>\r\n<p class=\"text-justify\">Erotik casino \u00f6zelli\u011fi ile bilinen 1xbet sitesi, 2007 senesinde kurulmu\u015ftur. \u015eirketin merkezi Rusya'da bulunmaktad\u0131r. D\u00fcnyan\u0131n bir\u00e7ok yerinde aktif bir bi\u00e7imde hizmet veren i\u015fletme, Curacao oyun komisyonundan lisans alm\u0131\u015ft\u0131r. Bundan dolay\u0131 g\u00fcvenilir ve lisansl\u0131 bet ofisleri aras\u0131nda dikkat \u00e7ekmektedir. \u0130\u015fletmenin alt yap\u0131s\u0131nda ise Cascade ad\u0131 verilen sistemin tercih edildi\u011fini g\u00f6r\u00fcyoruz. Bu sistemin en dikkat \u00e7ekici \u00f6zelli\u011fi ise hem h\u0131zl\u0131 olmas\u0131 hem de oyunlar\u0131n donmas\u0131n\u0131 ba\u015far\u0131l\u0131 bir bi\u00e7imde engellemesidir. Bu sayede rahatl\u0131kla casino oyunlar\u0131n\u0131 oynamak m\u00fcmk\u00fcn olacakt\u0131r. \u00d6zellikle porno casino alan\u0131nda, bu sayede bir sorun olmayacakt\u0131r.<\/p>\r\n<p class=\"text-justify\">Canl\u0131 casino siteleri i\u00e7inde yer alan 1xbet, oyun d\u00fcnyas\u0131na getirmi\u015f oldu\u011fu b\u00fcy\u00fck yenilik ile dikkat \u00e7ekmektedir. Buna g\u00f6re site \u00fczerinden son derece heyecan verici olan erotik casino oyununa giri\u015f yapabilir ve s\u0131cak dakikalar ya\u015fayarak, birbirinden g\u00fczel k\u0131zlar ile para kazanabilirsiniz. Bu noktada farkl\u0131 ka\u011f\u0131t ve masa oyunlar\u0131 aras\u0131ndan se\u00e7im yapmak m\u00fcmk\u00fcnd\u00fcr. Buna g\u00f6re blackjack, bakara ve rulet oyunlar\u0131 i\u00e7in \u00f6zel olarak tasarlanm\u0131\u015f bir erotik casino s\u00f6z konusudur.<\/p>\r\n<p class=\"text-justify\"><span style=\"font-weight: 400;\"><\/div><\/span><\/p>\r\n\r\n<h2 class=\"text-justify\">1xBet Erotik Casino Oyuncular\u0131na \u00d6zel Bonuslar Var M\u0131?<\/h2>\r\n<span style=\"font-weight: 400;\"><div class=\"moreHome hideContent\"><\/span>\r\n<p class=\"text-justify\">Erotik canl\u0131 casino i\u00e7in \u00f6zel olarak olu\u015fturulmu\u015f bir bonus t\u00fcr\u00fc s\u00f6z konusu de\u011fildir. Bundan dolay\u0131 casino b\u00f6l\u00fcm\u00fcnde yer alan di\u011fer promosyonlara bakabilir ve bunlar \u00fczerinden bir se\u00e7im olu\u015fturabilirsiniz. Rulet oynamak isteyenler i\u00e7in \u00f6zel bir \u015fekilde d\u00fczenlenmi\u015f bir turnuva s\u00f6z konusudur. Bunun yan\u0131 s\u0131ra vip olan \u00fcyeler, istedikleri gibi nakit para kazanabilirler. Casino ho\u015fgeldin bonusu yerine ise genel olarak verilen <a href=\"https:\/\/bet-bonus.net\/tr\/bonus\/\">1xbet ho\u015fgeldin bonusu<\/a>ndan faydalanmak m\u00fcmk\u00fcnd\u00fcr. Ayr\u0131ca d\u00fcnya kupas\u0131na yapaca\u011f\u0131n\u0131z \u00e7e\u015fitli yat\u0131r\u0131mlar sayesinde farkl\u0131 miktarl\u0131 promosyonlardan faydalanman\u0131z son derece kolay olacakt\u0131r. \u00dcye olan ki\u015filerin bilmesi gereken temel kural ise promosyon talepleri i\u00e7in \u00e7evrim \u015fartlar\u0131n\u0131n ba\u015far\u0131l\u0131 bir bi\u00e7imde yerine getirilmesidir. Buna uymayan ki\u015filerin bonus almas\u0131 m\u00fcmk\u00fcn olmamaktad\u0131r.<\/p>\r\n<p class=\"text-justify\"><span style=\"font-weight: 400;\"><\/div><\/span><\/p>\r\n\r\n<h2 class=\"text-justify\">1xBet Porno Casino Oynamak \u0130\u00e7in Bir Ya\u015f S\u0131n\u0131r\u0131 Mevcut Mu?<\/h2>\r\n<span style=\"font-weight: 400;\"><div class=\"moreHome hideContent\"><\/span>\r\n<p class=\"text-justify\">Resmi bir \u015fekilde hizmet veren siteye giren ki\u015filer, ancak belli \u015fartlar\u0131 ta\u015f\u0131d\u0131klar\u0131 zaman porno gazino imkan\u0131ndan faydalanabilirler. Buna g\u00f6re casinoya giri\u015f i\u00e7in en temel \u015fart 18 ya\u015f\u0131ndan b\u00fcy\u00fck olmakt\u0131r. \u00c7\u00fcnk\u00fc oyunlar, yeti\u015fkinler i\u00e7in \u00f6zel bir bi\u00e7imde tasarlanm\u0131\u015ft\u0131r. Burada g\u00f6rev yapan bayan krupiyeler, oyun boyunca ilk olarak son derece seksi k\u0131yafetler ile boy g\u00f6stermektedir. Daha sonra ise \u00fcss\u00fcz bir bi\u00e7imde oyunu y\u00f6netmektedirler. Bundan dolay\u0131 gazino siteleri i\u00e7inde bulunan siteye giri\u015f a\u015famas\u0131nda ya\u015f s\u0131n\u0131r\u0131na mutlaka uymak gerekmektedir. Buna uymayan ki\u015filerin i\u015flem yapmas\u0131 ise m\u00fcmk\u00fcn de\u011fildir.Siteye giri\u015fte bir \u00fcyelik b\u00f6l\u00fcm\u00fcn\u00fcn oldu\u011funu g\u00f6receksiniz. Bu b\u00f6l\u00fcm\u00fc doldururken, kimlik bilgilerinizin onay s\u00fcrecinden ge\u00e7mesi gerekmektedir. \u015eirket, canl\u0131 casino oyunlar\u0131na kat\u0131l\u0131m sa\u011flamak isteyen ki\u015filerden, \u015f\u00fcphelenmesi durumunda belge ve kimlik verilerini talep edebilir. \u00d6zellikle erotik casinoya giri\u015f i\u015flemlerinde b\u00f6yle bir durum s\u00f6z konusudur.<\/p>\r\n<p class=\"text-justify\"><span style=\"font-weight: 400;\"><\/div><\/span><\/p>\r\n<p class=\"text-justify\"><span style=\"font-weight: 400;\">\r\n<a class=\"hotfix\" href=\"https:\/\/bet-bonus.net\/tr\/go\/?operator=7&operator_type=sport&bonus=3923\" rel=\"nofollow\" target=\"_blank\">\r\n    <div class=\"col-xs-12 post-image custom-size\">\r\n        <div class=\"row\">\r\n            <img loading=\"lazy\" decoding=\"async\" width=\"850\" height=\"357\" src=\"https:\/\/bet-bonus.net\/tr\/wp-content\/uploads\/sites\/3\/2018\/07\/pornhub_image1-e1531234440746.jpg\" class=\"attachment-full size-full wp-post-image\" alt=\"\" \/>        <\/div>\r\n    <\/div>\r\n<\/a><\/span><\/p>\r\n<p class=\"text-justify\"><span style=\"font-weight: 400;\">\r\n<div class=\"cta-direct-bonus\">\r\n    <div class=\"col-lg-8 col-md-8 col-sm-8 col-xs-12\">\r\n        <div class=\"row\">\r\n            <p class=\"cta-direct-slogan\">\r\n                Ho\u015fgeldin Bonusu Kazanmaya Haz\u0131r M\u0131s\u0131n?            <\/p>\r\n        <\/div>\r\n    <\/div>\r\n    <div class=\"col-lg-4 col-md-4 col-sm-4 col-xs-12\">\r\n        <div class=\"row\">\r\n             <span class=\"cursored button js-golink cta-direct-button hvr-animation new-hover\"  onclick=\"OpenGoLink(this);\" data-operator=\"7\" data-bonus=\"3923\"   data-clicks=\"1\"data-type=\"sport\" ><span>\u015eimdi 1xBet \u00dcyesi Ol!!<\/span> <\/span> \r\n        <\/div>\r\n    <\/div>\r\n<\/div>\r\n\r\n<style type=\"text\/css\" media=\"screen\">\r\n    .cta-direct-button.new-hover {\r\n        padding: 3px 0 2px;\r\n    }\r\n<\/style><\/span><\/p>\r\n\r\n<h2 class=\"text-justify\">1xBet Erotik Casino Kullan\u0131c\u0131lar\u0131na Ne Sunuyor?<\/h2>\r\n<span style=\"font-weight: 400;\"><div class=\"moreHome hideContent\"><\/span>\r\n<p class=\"text-justify\">Porno casino gibi erkeklerin hayalini s\u00fcsleyecek derecede g\u00fczel olan kad\u0131nlar\u0131 g\u00f6rebilece\u011finiz oyundan faydalanabilmek i\u00e7in resmi siteye girerek online olman\u0131z gerekmektedir. Buna g\u00f6re siteye giri\u015f sonras\u0131nda oyunlar b\u00f6l\u00fcm\u00fcnden +18 yaz\u0131l\u0131 yere t\u0131klamal\u0131s\u0131n\u0131z. Bu i\u015flemin ard\u0131ndan ise kar\u015f\u0131n\u0131za erotik gazino b\u00f6l\u00fcm\u00fc gelecektir. Oyun oynamak isteyen ki\u015filer, \u00fc\u00e7 farkl\u0131 masa oyunu \u00fczerinden se\u00e7imde bulunabilirler. Bu noktada en \u00e7ok dikkat \u00e7eken oyunlar bakara, rulet ve <a href=\"https:\/\/bet-bonus.net\/tr\/casino\/blackjack\/\">1xbet blackjack masalar\u0131 <\/a>ile kar\u015f\u0131n\u0131za \u00e7\u0131kacakt\u0131r. Bu \u015fekilde ger\u00e7ek para ile kumar oynama \u015fans\u0131n\u0131 \u00e7ok kolay bir bi\u00e7imde yakalam\u0131\u015f olacaks\u0131n\u0131z. Ard\u0131ndan ise istedi\u011finiz oyunun \u00fczerine t\u0131klayarak, giri\u015f i\u015flemlerini sorunsuz bir \u015fekilde yapabilirsiniz.<\/p>\r\n<p class=\"text-justify\">Oyuna girmeden \u00f6nce hangi bayan krupiyelerin aktif bir bi\u00e7imde hizmet verdi\u011fini de g\u00f6rebilirsiniz. Buna g\u00f6re hangi masalar\u0131n a\u00e7\u0131k oldu\u011fu ve masalar ile alakal\u0131 bilgiler de burada yer almaktad\u0131r. Son eller, masa limitleri gibi bir\u00e7ok farkl\u0131 veri s\u00f6z konusudur.<a href=\"https:\/\/bet-bonus.net\/tr\/casino\/bakarat\/\">1xbet\u00a0Bakara oyununda<\/a> 1 dolar minimum limit olarak kar\u015f\u0131m\u0131za \u00e7\u0131kmaktad\u0131r. \u00dcst limit ise 100 dolar olarak ifade edilmi\u015ftir. Baz\u0131 oyunlarda ise giri\u015f i\u00e7in minimum olarak 5 dolar limitine uyman\u0131z \u015fartt\u0131r. Bu \u015fekilde casino oyunlar\u0131 ile hem para kazanabilir hem de oyunlar\u0131 y\u00f6neten g\u00fczel krupiyelerin \u015fahane v\u00fccutlar\u0131n\u0131 g\u00f6rebilirsiniz.<\/p>\r\n<p class=\"text-justify\"><span style=\"font-weight: 400;\"><\/div><\/span><\/p>\r\n\r\n<h2 class=\"text-justify\">1xBet'in Seksi Kurpiyerlerine Merhaba Deyin!<\/h2>\r\n<span style=\"font-weight: 400;\"><div class=\"moreHome hideContent\"><\/span>\r\n<p class=\"text-justify\">Canl\u0131 casino sitesi olarak hizmet veren i\u015fletmenin sayfas\u0131n tek bir oyun ya da bayan krupiye yoktur. Birden fazla bayan vard\u0131r. Bayanlar\u0131n resimlerinin alt\u0131ndaki oyna butonuna t\u0131klad\u0131ktan sonra canl\u0131 yay\u0131n ile ger\u00e7ek kumarhaneye kullanman\u0131z m\u00fcmk\u00fcn olacakt\u0131r. Kar\u015f\u0131n\u0131za gelecek olan manzara ise tek kelime ile muhte\u015femdir. \u00c7\u00fcnk\u00fc t\u00fcm bayan krupiyeler \u00f6zel olarak se\u00e7ilmi\u015ftir. Ayr\u0131ca hepsi, harika ve kusursuz v\u00fccutlar\u0131 ile dikkat \u00e7ekmektedir. Birbirinden seksi k\u0131yafetler giyen bayanlar, oyun i\u00e7inde son derece c\u00fcretkar olabilmektedirler. Bu noktada kad\u0131nlar\u0131n v\u00fccutlar\u0131n\u0131 sergilediklerini g\u00f6rebilirsiniz. Buna g\u00f6re oyun devam ederken, bayanlar \u00fcsts\u00fcz bir \u015fekilde oyunu y\u00f6netmektedirler.<\/p>\r\n<p class=\"text-justify\">G\u00fcvenilir casino siteleri i\u00e7inde bulunan i\u015fletmenin sunmu\u015f oldu\u011fu hizmet sadece bununla kalmamaktad\u0131r. \u00c7\u00fcnk\u00fc ayn\u0131 anda di\u011fer masadaki bayanlar\u0131 da g\u00f6rmeniz m\u00fcmk\u00fcn olacakt\u0131r. Giri\u015f i\u015flemlerini ba\u015far\u0131l\u0131 olarak yapan \u00fcyeler, isterlerse oyun oynamadan da bayanlar\u0131 izleyebilirler. Ancak bu \u015fekilde para kazanman\u0131z m\u00fcmk\u00fcn de\u011fildir. Bundan dolay\u0131 yap\u0131lmas\u0131 gereken \u015fey ise ilk olarak \u00fcye olmak ve sonras\u0131nda bu casino i\u00e7inde online olmakt\u0131r. Online olma i\u015flemlerinden sonra ad\u0131 ge\u00e7en oyunlara kat\u0131l\u0131m son derece basittir. Bunun yan\u0131 s\u0131ra oyunlarda g\u00f6revli olan bayanlar, belli bir zaman aral\u0131\u011f\u0131nda yer de\u011fi\u015fikli\u011fi yapmaktad\u0131rlar. B\u00f6ylelikle her kad\u0131n\u0131 yar\u0131 \u00e7\u0131plak bir \u015fekilde g\u00f6rmeniz m\u00fcmk\u00fcn olacakt\u0131r. Bilmeniz gereken temel \u015fey ise bayanlar\u0131n k\u0131yafetleri tam a\u00e7\u0131k olmasa bile her bayan\u0131n zaman zaman \u00fcss\u00fcz bir \u015fekilde g\u00fczelliklerini sergilemeleridir. Bundan dolay\u0131 oyun oynayarak para kazanman\u0131n yan\u0131 s\u0131ra son derece seksi olan bayanlar\u0131 izleme \u015fans\u0131na sahip olacaks\u0131n\u0131z.<\/p>\r\n<p class=\"text-justify\"><span style=\"font-weight: 400;\"><\/div><\/span><\/p>\r\n<div class=\"bonus-table\">\n    <div class=\"col-xs-12\">\n        <div class=\"row\">\n\n<!--            <div class=\"hidden-lg hidden-md hidden-sm col-xs-8 bonus-table-body top-responsive\">-->\n<!---->\n<!--            <\/div>-->\n            <div class=\"col-lg-12 col-md-12 col-sm-12 col-xs-12 bonus-table-body op-table no-padding\">\n                <div class=\"col-lg-3 col-md-4 col-sm-12 col-xs-12 bonus-table-head no-padding\">\n                    <p>Bahis Sitesi<\/p>\n                   <!--  <a class=\"hotfix\" href=\"\" rel=\"nofollow\" target=\"_blank\"><img decoding=\"async\" src=\"<?php\/\/ echo $logo_url; ?>\" class=\"img-responsive\"><\/a> -->\n                    <span class=\"\"><img decoding=\"async\" src=\"\/turkish\/assets\/logos\/sport\/light-back\/1xbet.png\" width=\"100px\" height=\"auto\" alt=\"1xBet\" \/><\/span>                <\/div>\n                <div class=\"col-lg-2 col-md-2 col-sm-6 col-xs-12 rightBordered borders no-padding\">\n                    <p>BONUS<\/p>\n                    <p class=\"bonus-value max-bonus\">1000\u20ba<\/p>\n                <\/div>\n                <div class=\"col-lg-2 col-md-2 col-sm-6 col-xs-6 rightBordered no-padding\">\n                    <p>Y\u00fczde<\/p>\n                    <p class=\"bonus-value\">200%<\/p>\n                <\/div>\n                <div class=\"col-lg-2 col-md-2 col-sm-6 col-xs-6 no-padding\">\n                    <p>Puan<\/p>\n                    <p class=\"rating-number\">9.9<\/p>\n                <\/div>\n                <div class=\"col-lg-3 col-md-4 col-sm-6 col-xs-12 op-table-button no-padding\">\n                    <p>Bahis Sitesini \u0130ncele<\/p>\n                     <span class=\"cursored button js-golink button claim-bonus-code\"  onclick=\"OpenGoLink(this);\" data-operator=\"7\" data-bonus=\"3923\"   data-clicks=\"1\"data-type=\"sport\" ><button class=\"hvr-animation multi-line bonus-btn-main-sec\"><span>Bonus Al !<\/span><\/button> <\/span>                 <\/div>\n            <\/div>\n        <\/div>\n    <\/div>\n<\/div>\n        <script type=\"application\/ld+json\">\n    {\n        \"@context\": \"https:\/\/schema.org\/\",\n        \"@type\": \"Review\",\n        \"datePublished\": \"28-06-2018\",\n        \"dateModified\": \"08-11-2022\",\n        \"itemReviewed\":{\n                \"@type\": \"Organization\",\n                \"name\": \"1xBet\",\n                \"image\": \" https:\/\/bet-bonus.net\/tr\/turkish\/assets\/logos\/light-back\/1xbet.png\"\n        },\n         \"author\":{\n                \"@type\": \"Person\",\n                 \"name\": \"bet-bonus.net\/TR\"\n         },\n           \"reviewRating\": {\n                \"ratingValue\": \"9.9\",\n                \"bestRating\": \"10\"\n         }\n    }\n\n\n\n        <\/script>\n        \r\n\r\n<span style=\"font-weight: 400;\"><div class=\"moreHome hideContent\"><\/span>\r\n<p class=\"text-justify\">Erotic casino b\u00f6l\u00fcm\u00fcnde 4 farkl\u0131 masa vard\u0131r. Masalardaki oyunlar belli bir s\u00fcreye sahiptir. Bu s\u00fcre boyunca online bir \u015fekilde bahis yapman\u0131z m\u00fcmk\u00fcnd\u00fcr. Bunun yan\u0131 s\u0131ra bahis yaparken, mutlaka limitlere uymal\u0131s\u0131n\u0131z. Limitlerin d\u0131\u015f\u0131nda hareket etmek ise yasaklanm\u0131\u015ft\u0131r. Oyunlara kat\u0131l\u0131m g\u00f6sterdi\u011finiz zaman ayn\u0131 zamanda bayanlar ile sohbet etme f\u0131rsat\u0131 da yakalayabilirsiniz. \u00c7\u00fcnk\u00fc yazm\u0131\u015f oldu\u011funuz t\u00fcm mesajlar otomatik bir \u015fekilde bayan\u0131n \u00f6n\u00fcnde yer alan ekrana yans\u0131yacakt\u0131r. Bayanlar, her zaman gelen mesajlar\u0131 okumakta ve cevap vermektedir.<\/p>\r\n<p class=\"text-justify\">Erotic casino oyunu i\u00e7in \u00f6zel olarak tasarlanm\u0131\u015f ekranda, oyuna g\u00f6re farkl\u0131 buton ve men\u00fcler yer almaktad\u0131r. Buna g\u00f6re oyun devam ederken rahatl\u0131kla bahis miktar\u0131n\u0131 artt\u0131rabilirsiniz. Oyun ekran\u0131ndan kullan\u0131lan dil ise T\u00fcrk\u00e7edir. Bundan dolay\u0131 bahis yapmak \u00e7ok kolay olacakt\u0131r. Bayanlar\u0131n muhte\u015fem g\u00fczelliklerini sergiledikleri bu oyun t\u00fcr\u00fc, d\u00fcnyada bir ilk olarak tan\u0131mlanmaktad\u0131r. Bundan dolay\u0131 fark yaratan \u015firket, son derece geni\u015f olarak tan\u0131mlayabilece\u011fimiz bir kitleye hizmet vermektedir. Bu sayede olduk\u00e7a iyi bir zaman ge\u00e7irmek m\u00fcmk\u00fcn olacakt\u0131r. Giri\u015fler ise \u00fcyelik ile m\u00fcmk\u00fcn olmaktad\u0131r. B\u00f6ylelikle yasal bir bi\u00e7imde ve sorunsuz olarak casino oyunlar\u0131n\u0131 oynayabilirsiniz.<\/p>\r\n<p class=\"text-justify\"><span style=\"font-weight: 400;\"><\/div><\/span><\/p>\r\n<p class=\"text-justify\"><span style=\"font-weight: 400;\">\r\n<div class=\"cta-direct-bonus\">\r\n    <div class=\"col-lg-8 col-md-8 col-sm-8 col-xs-12\">\r\n        <div class=\"row\">\r\n            <p class=\"cta-direct-slogan\">\r\n                Ho\u015fgeldin Bonusu Kazanmaya Haz\u0131r M\u0131s\u0131n?            <\/p>\r\n        <\/div>\r\n    <\/div>\r\n    <div class=\"col-lg-4 col-md-4 col-sm-4 col-xs-12\">\r\n        <div class=\"row\">\r\n             <span class=\"cursored button js-golink cta-direct-button hvr-animation new-hover\"  onclick=\"OpenGoLink(this);\" data-operator=\"7\" data-bonus=\"3923\"   data-clicks=\"1\"data-type=\"sport\" ><span>\u015eimdi 1xBet \u00dcyesi Ol!!<\/span> <\/span> \r\n        <\/div>\r\n    <\/div>\r\n<\/div>\r\n\r\n<style type=\"text\/css\" media=\"screen\">\r\n    .cta-direct-button.new-hover {\r\n        padding: 3px 0 2px;\r\n    }\r\n<\/style><\/span><\/p>","protected":false},"excerpt":{"rendered":"1xBet Erotik Casino Oyuncular\u0131na \u00d6zel Bonuslar Var M\u0131? 1xBet Porno Casino Oynamak \u0130\u00e7in Bir Ya\u015f S\u0131n\u0131r\u0131 Mevcut Mu? 1xBet Erotik Casino Kullan\u0131c\u0131lar\u0131na Ne Sunuyor? 1xBet&#8217;in Seksi Kurpiyerlerine Merhaba Deyin!","protected":false},"author":1,"featured_media":445,"parent":205,"menu_order":0,"comment_status":"closed","ping_status":"closed","template":"","meta":{"footnotes":""},"categories":[],"tags":[],"class_list":["post-232","page","type-page","status-publish","has-post-thumbnail","hentry"],"yoast_head":"<!-- This site is optimized with the Yoast SEO plugin v26.7 - https:\/\/yoast.com\/wordpress\/plugins\/seo\/ -->\n<title>1xBet Erotik Casino \u00bb Canl\u0131 Casino \u0130zle \u00bb En \u0130yi Online Casino Siteleri<\/title>\n<meta name=\"robots\" content=\"index, follow, max-snippet:-1, max-image-preview:large, max-video-preview:-1\" \/>\n<link rel=\"canonical\" href=\"https:\/\/bet-bonus.net\/tr\/casino\/erotik-casino\/\" \/>\n<meta property=\"og:locale\" content=\"tr_TR\" \/>\n<meta property=\"og:type\" content=\"article\" \/>\n<meta property=\"og:title\" content=\"1xBet Erotik Casino \u00bb Canl\u0131 Casino \u0130zle \u00bb En \u0130yi Online Casino Siteleri\" \/>\n<meta property=\"og:url\" content=\"https:\/\/bet-bonus.net\/tr\/casino\/erotik-casino\/\" \/>\n<meta property=\"og:site_name\" content=\"bet-bonus.net\/TR\" \/>\n<meta property=\"article:modified_time\" content=\"2018-07-23T13:53:51+00:00\" \/>\n<meta property=\"og:image\" content=\"https:\/\/bet-bonus.net\/tr\/wp-content\/uploads\/sites\/3\/2018\/07\/pornhub_image1-e1531234440746.jpg\" \/>\n\t<meta property=\"og:image:width\" content=\"850\" \/>\n\t<meta property=\"og:image:height\" content=\"357\" \/>\n\t<meta property=\"og:image:type\" content=\"image\/jpeg\" \/>\n<meta name=\"twitter:card\" content=\"summary_large_image\" \/>\n<meta name=\"twitter:label1\" content=\"Tahmini okuma s\u00fcresi\" \/>\n\t<meta name=\"twitter:data1\" content=\"7 dakika\" \/>\n<script type=\"application\/ld+json\" class=\"yoast-schema-graph\">{\"@context\":\"https:\/\/schema.org\",\"@graph\":[{\"@type\":\"WebPage\",\"@id\":\"https:\/\/bet-bonus.net\/tr\/casino\/erotik-casino\/\",\"url\":\"https:\/\/bet-bonus.net\/tr\/casino\/erotik-casino\/\",\"name\":\"1xBet Erotik Casino \u00bb Canl\u0131 Casino \u0130zle \u00bb En \u0130yi Online Casino Siteleri\",\"isPartOf\":{\"@id\":\"https:\/\/bet-bonus.net\/tr\/#website\"},\"primaryImageOfPage\":{\"@id\":\"https:\/\/bet-bonus.net\/tr\/casino\/erotik-casino\/#primaryimage\"},\"image\":{\"@id\":\"https:\/\/bet-bonus.net\/tr\/casino\/erotik-casino\/#primaryimage\"},\"thumbnailUrl\":\"https:\/\/bet-bonus.net\/tr\/wp-content\/uploads\/sites\/3\/2018\/07\/pornhub_image1-e1531234440746.jpg\",\"datePublished\":\"2018-06-28T07:58:51+00:00\",\"dateModified\":\"2018-07-23T13:53:51+00:00\",\"breadcrumb\":{\"@id\":\"https:\/\/bet-bonus.net\/tr\/casino\/erotik-casino\/#breadcrumb\"},\"inLanguage\":\"tr\",\"potentialAction\":[{\"@type\":\"ReadAction\",\"target\":[\"https:\/\/bet-bonus.net\/tr\/casino\/erotik-casino\/\"]}]},{\"@type\":\"ImageObject\",\"inLanguage\":\"tr\",\"@id\":\"https:\/\/bet-bonus.net\/tr\/casino\/erotik-casino\/#primaryimage\",\"url\":\"https:\/\/bet-bonus.net\/tr\/wp-content\/uploads\/sites\/3\/2018\/07\/pornhub_image1-e1531234440746.jpg\",\"contentUrl\":\"https:\/\/bet-bonus.net\/tr\/wp-content\/uploads\/sites\/3\/2018\/07\/pornhub_image1-e1531234440746.jpg\",\"width\":850,\"height\":357},{\"@type\":\"BreadcrumbList\",\"@id\":\"https:\/\/bet-bonus.net\/tr\/casino\/erotik-casino\/#breadcrumb\",\"itemListElement\":[{\"@type\":\"ListItem\",\"position\":1,\"name\":\"Home\",\"item\":\"https:\/\/bet-bonus.net\/tr\/\"},{\"@type\":\"ListItem\",\"position\":2,\"name\":\"1xBet \u0130\u00e7erisinde Bulunan Canl\u0131 Casino Oyunlar\u0131\",\"item\":\"https:\/\/bet-bonus.net\/tr\/casino\/\"},{\"@type\":\"ListItem\",\"position\":3,\"name\":\"Yeti\u015fkinlere \u00d6zel : 1xBet ile Erotik Casino Geceleri\"}]},{\"@type\":\"WebSite\",\"@id\":\"https:\/\/bet-bonus.net\/tr\/#website\",\"url\":\"https:\/\/bet-bonus.net\/tr\/\",\"name\":\"bet-bonus.net\/TR\",\"description\":\"\",\"potentialAction\":[{\"@type\":\"SearchAction\",\"target\":{\"@type\":\"EntryPoint\",\"urlTemplate\":\"https:\/\/bet-bonus.net\/tr\/?s={search_term_string}\"},\"query-input\":{\"@type\":\"PropertyValueSpecification\",\"valueRequired\":true,\"valueName\":\"search_term_string\"}}],\"inLanguage\":\"tr\"}]}<\/script>\n<!-- \/ Yoast SEO plugin. -->","yoast_head_json":{"title":"1xBet Erotik Casino \u00bb Canl\u0131 Casino \u0130zle \u00bb En \u0130yi Online Casino Siteleri","robots":{"index":"index","follow":"follow","max-snippet":"max-snippet:-1","max-image-preview":"max-image-preview:large","max-video-preview":"max-video-preview:-1"},"canonical":"https:\/\/bet-bonus.net\/tr\/casino\/erotik-casino\/","og_locale":"tr_TR","og_type":"article","og_title":"1xBet Erotik Casino \u00bb Canl\u0131 Casino \u0130zle \u00bb En \u0130yi Online Casino Siteleri","og_url":"https:\/\/bet-bonus.net\/tr\/casino\/erotik-casino\/","og_site_name":"bet-bonus.net\/TR","article_modified_time":"2018-07-23T13:53:51+00:00","og_image":[{"width":850,"height":357,"url":"https:\/\/bet-bonus.net\/tr\/wp-content\/uploads\/sites\/3\/2018\/07\/pornhub_image1-e1531234440746.jpg","type":"image\/jpeg"}],"twitter_card":"summary_large_image","twitter_misc":{"Tahmini okuma s\u00fcresi":"7 dakika"},"schema":{"@context":"https:\/\/schema.org","@graph":[{"@type":"WebPage","@id":"https:\/\/bet-bonus.net\/tr\/casino\/erotik-casino\/","url":"https:\/\/bet-bonus.net\/tr\/casino\/erotik-casino\/","name":"1xBet Erotik Casino \u00bb Canl\u0131 Casino \u0130zle \u00bb En \u0130yi Online Casino Siteleri","isPartOf":{"@id":"https:\/\/bet-bonus.net\/tr\/#website"},"primaryImageOfPage":{"@id":"https:\/\/bet-bonus.net\/tr\/casino\/erotik-casino\/#primaryimage"},"image":{"@id":"https:\/\/bet-bonus.net\/tr\/casino\/erotik-casino\/#primaryimage"},"thumbnailUrl":"https:\/\/bet-bonus.net\/tr\/wp-content\/uploads\/sites\/3\/2018\/07\/pornhub_image1-e1531234440746.jpg","datePublished":"2018-06-28T07:58:51+00:00","dateModified":"2018-07-23T13:53:51+00:00","breadcrumb":{"@id":"https:\/\/bet-bonus.net\/tr\/casino\/erotik-casino\/#breadcrumb"},"inLanguage":"tr","potentialAction":[{"@type":"ReadAction","target":["https:\/\/bet-bonus.net\/tr\/casino\/erotik-casino\/"]}]},{"@type":"ImageObject","inLanguage":"tr","@id":"https:\/\/bet-bonus.net\/tr\/casino\/erotik-casino\/#primaryimage","url":"https:\/\/bet-bonus.net\/tr\/wp-content\/uploads\/sites\/3\/2018\/07\/pornhub_image1-e1531234440746.jpg","contentUrl":"https:\/\/bet-bonus.net\/tr\/wp-content\/uploads\/sites\/3\/2018\/07\/pornhub_image1-e1531234440746.jpg","width":850,"height":357},{"@type":"BreadcrumbList","@id":"https:\/\/bet-bonus.net\/tr\/casino\/erotik-casino\/#breadcrumb","itemListElement":[{"@type":"ListItem","position":1,"name":"Home","item":"https:\/\/bet-bonus.net\/tr\/"},{"@type":"ListItem","position":2,"name":"1xBet \u0130\u00e7erisinde Bulunan Canl\u0131 Casino Oyunlar\u0131","item":"https:\/\/bet-bonus.net\/tr\/casino\/"},{"@type":"ListItem","position":3,"name":"Yeti\u015fkinlere \u00d6zel : 1xBet ile Erotik Casino Geceleri"}]},{"@type":"WebSite","@id":"https:\/\/bet-bonus.net\/tr\/#website","url":"https:\/\/bet-bonus.net\/tr\/","name":"bet-bonus.net\/TR","description":"","potentialAction":[{"@type":"SearchAction","target":{"@type":"EntryPoint","urlTemplate":"https:\/\/bet-bonus.net\/tr\/?s={search_term_string}"},"query-input":{"@type":"PropertyValueSpecification","valueRequired":true,"valueName":"search_term_string"}}],"inLanguage":"tr"}]}},"_links":{"self":[{"href":"https:\/\/bet-bonus.net\/tr\/wp-json\/wp\/v2\/pages\/232","targetHints":{"allow":["GET"]}}],"collection":[{"href":"https:\/\/bet-bonus.net\/tr\/wp-json\/wp\/v2\/pages"}],"about":[{"href":"https:\/\/bet-bonus.net\/tr\/wp-json\/wp\/v2\/types\/page"}],"author":[{"embeddable":true,"href":"https:\/\/bet-bonus.net\/tr\/wp-json\/wp\/v2\/users\/1"}],"replies":[{"embeddable":true,"href":"https:\/\/bet-bonus.net\/tr\/wp-json\/wp\/v2\/comments?post=232"}],"version-history":[{"count":15,"href":"https:\/\/bet-bonus.net\/tr\/wp-json\/wp\/v2\/pages\/232\/revisions"}],"predecessor-version":[{"id":879,"href":"https:\/\/bet-bonus.net\/tr\/wp-json\/wp\/v2\/pages\/232\/revisions\/879"}],"up":[{"embeddable":true,"href":"https:\/\/bet-bonus.net\/tr\/wp-json\/wp\/v2\/pages\/205"}],"wp:featuredmedia":[{"embeddable":true,"href":"https:\/\/bet-bonus.net\/tr\/wp-json\/wp\/v2\/media\/445"}],"wp:attachment":[{"href":"https:\/\/bet-bonus.net\/tr\/wp-json\/wp\/v2\/media?parent=232"}],"wp:term":[{"taxonomy":"category","embeddable":true,"href":"https:\/\/bet-bonus.net\/tr\/wp-json\/wp\/v2\/categories?post=232"},{"taxonomy":"post_tag","embeddable":true,"href":"https:\/\/bet-bonus.net\/tr\/wp-json\/wp\/v2\/tags?post=232"}],"curies":[{"name":"wp","href":"https:\/\/api.w.org\/{rel}","templated":true}]}}