{"id":74,"date":"2018-06-12T10:45:54","date_gmt":"2018-06-12T10:45:54","guid":{"rendered":"http:\/\/bet-bonus.net\/es\/?page_id=74"},"modified":"2018-06-18T14:27:57","modified_gmt":"2018-06-18T14:27:57","slug":"como-apostar","status":"publish","type":"page","link":"https:\/\/bet-bonus.net\/es\/como-apostar\/","title":{"rendered":"C\u00f3mo Jugar y Apostar en 1xBet - Gu\u00eda para Ganar Dinero"},"content":{"rendered":"<p class=\"text-justify\">Para ganar dinero en esta casa de apuestas y juegos de azar rusa, antes necesitas saber 1xbet C\u00f3mo apostar. Tienes que aprender los procedimientos de esta web, c\u00f3mo utilizarlos y qu\u00e9 requisitos son necesarios para jugar y, por supuesto, tener la oportunidad de ganar todo cuanto te sea posible.<\/p>\r\n<p class=\"text-justify\">Aqu\u00ed vamos a explicar c\u00f3mo se apuesta en 1xbet, adem\u00e1s de c\u00f3mo se juega 1xbet, c\u00f3mo saber cuando ganas y, en definitiva, todo lo que puedes llevar a cabo en este gigante del azar para disfrutar mientras lo pasas bien jugando y apostando con esa recompensa econ\u00f3mica como objetivo.<\/p>\r\n\r\n<h2 class=\"text-justify\">C\u00f3mo apostar en 1xbet - Introducci\u00f3n a la casa de apuestas rusa<\/h2>\r\n<p class=\"text-justify\">Si te preguntas c\u00f3mo apostar en 1xbet, antes has de saber que el primer paso y m\u00e1s importante de todos es registrarte como usuario en este portal. Cualquier introducci\u00f3n a la casa de apuestas rusa pasa por entrar en su p\u00e1gina web, acceder a la secci\u00f3n de creaci\u00f3n de cuentas e introducir tanto un email como una clave de acceso para dar forma a un perfil de usuario con el que jugar o apostar en todas las posibilidades que brinda.<\/p>\r\n<p class=\"text-justify\">El c\u00f3mo se apuesta en 1xbet es algo que pasa por escoger un deporte. Con tu perfil ya creado, debes a\u00f1adir fondos a trav\u00e9s de los diferentes m\u00e9todos de pago que hay a tu disposici\u00f3n (bastante diferentes y variados para que siempre haya algo de tu agrado) y, una vez tengas el dinero en tu cuenta, pasar a la secci\u00f3n de apuestas para comenzar a jugar con \u00e9l.<\/p>\r\n<p class=\"text-justify\"><span style=\"font-weight: 400;\">\n<style>\n #operator-closed {\n        margin-top: 3em;\n        margin-bottom: 1rem;\n        color: #414141; \n    }\n    .operator-closed-body {\n        min-height: 420px;\n        background-color: #F9F9F9;\n    }\n    #operator-closed .operator-closed-message {\n        display: flex;\n        align-items: center;\n        justify-content: center;\n        font-size: 20px;\n        text-align: center;\n        color: #fff;\n        padding: 1.75em 0.5rem;\n        background: #002E5D;\n        text-shadow: 0 1px 1px rgba(0, 0, 0, 0.3);\n        box-shadow: 0 -4px 0 0 #1a1a1a;\n    }\n    #operator-closed .operator-closed-message b {\n        display: block;\n        font-size: 24px;\n    }\n    .operator-closed-box-container {\n        padding: 40px 30px;\n    }\n    #operator-closed .operator-closed-box {\n        display: flex;\n        flex-direction: column;\n        justify-content: center;\n        align-items: center;\n        background-color: #FFFFFF;\n        box-shadow: 0px 0px 5px #00000024;\n    }\n   \/* #operator-closed .operator-closed-box a:first-of-type {\n        display: flex;\n        justify-content: center;\n        width: 100%;\n        background: #ffffff;\n        border-top: 3px solid #f46613;\n    }*\/\n    #operator-closed img {\n        width: 100px;\n        display: block;\n    }\n    #operator-closed .operator-box-header { \n        display: flex; \n        width: 100%;\n        justify-content: center;\n        background-color: #ECECEC; \n        padding: 13px;\n    }\n    #operator-closed .operator-closed-box-stars {\n        display: flex;\n        flex-wrap: wrap;\n        justify-content: center;\n        padding: 1em 0;\n    }\n    #operator-closed .operator-closed-box-stars span{\n        color: #002E5D;\n        font-size: 36px;\n        line-height: 1.1;\n        text-align: center;\n        width: 100%;\n        font-weight: 900;\n    }\n    #operator-closed .button {\n        text-transform: uppercase;\n        margin-top: 0;\n        margin-bottom: 28px;\n        font-weight: 600;\n        padding: 10px 13px; \n        font-size: 13px; \n        width: 100%;\n    }\n    #operator-closed .button i {\n        font-size: 12px;\n        padding-top: 0;\n    }\n    .claim-bonus-code:hover>.bonus-btn-main-sec {\n        color: #c8102e;\n    }\n    @media ( max-width: 767px ) {\n\n        #operator-closed .operator-closed-message {\n            font-size: 14px;\n        }  \n        #operator-closed .operator-closed-message b {\n            font-size: 17px;\n        }\n        #operator-closed .operator-closed-box {\n            flex-direction: row;\n            flex-wrap: wrap;\n            justify-content: space-around;\n            max-width: 300px;\n            margin-left: auto;\n            margin-right: auto;\n        }\n        #operator-closed .col-lg-4.col-md-6.col-sm-4.col-xs-12:nth-child(3) .operator-closed-box {\n            margin-bottom: 0; \n        }\n        .operator-closed-box-container {\n            padding: 30px 15px;\n        }\n        #operator-closed .operator-closed-box {\n            margin-bottom: 2.5rem; \n        }\n    }\n<\/style>\n<div id=\"operator-closed-wrapper\">\n    <div id=\"operator-closed\" class=\"operator-closed-body\">\n        <div class=\"operator-closed-message \">\n\n            <div><b>Mejor echa un vistazo a estos mejores casinos<\/b>\n                             <\/div>\n        <\/div>\n        \n        <div class=\"row operator-closed-box-container\">\n                            <div class=\"col-lg-4 col-md-6 col-sm-4 col-xs-12\">\n                    <div class=\"operator-closed-box\">\n                        <span class=\"operator-box-header\"><img decoding=\"async\" src=\"\/spanish\/assets\/logos\/sport\/light-back\/bwin.png\" width=\"auto\" height=\"auto\" alt=\"Bwin\" \/><\/span>                        <div class=\"operator-closed-box-stars\">\n                          <span>100\u20ac <\/span>Max Bonus                        <\/div>\n\n                        <div class=\"claim-bonus-code button-bottom\">\n                             <span class=\"cursored button js-golink hvr-animation multi-line bonus-btn-main-sec\"  onclick=\"OpenGoLink(this);\" data-operator=\"79\" data-bonus=\"16070\"   data-clicks=\"34\"data-type=\"sport\" >visita el casino<i class=\"fa fa-chevron-right\" aria-hidden=\"true\"><\/i> <\/span>                         <\/div><!-- \/.claim-bonus-code -->   \n                    <\/div>\n                <\/div>\n                                <div class=\"col-lg-4 col-md-6 col-sm-4 col-xs-12\">\n                    <div class=\"operator-closed-box\">\n                        <span class=\"operator-box-header\"><img decoding=\"async\" src=\"\/spanish\/assets\/logos\/sport\/light-back\/888sport.png\" width=\"auto\" height=\"auto\" alt=\"888\" \/><\/span>                        <div class=\"operator-closed-box-stars\">\n                          <span>110\u20ac <\/span>Max Bonus                        <\/div>\n\n                        <div class=\"claim-bonus-code button-bottom\">\n                             <span class=\"cursored button js-golink hvr-animation multi-line bonus-btn-main-sec\"  onclick=\"OpenGoLink(this);\" data-operator=\"20\" data-bonus=\"6743\"   data-clicks=\"22\"data-type=\"sport\" >visita el casino<i class=\"fa fa-chevron-right\" aria-hidden=\"true\"><\/i> <\/span>                         <\/div><!-- \/.claim-bonus-code -->   \n                    <\/div>\n                <\/div>\n                                <div class=\"col-lg-4 col-md-6 col-sm-4 col-xs-12\">\n                    <div class=\"operator-closed-box\">\n                        <span class=\"operator-box-header\"><img decoding=\"async\" src=\"\/spanish\/assets\/logos\/sport\/light-back\/william-hill.png\" width=\"auto\" height=\"auto\" alt=\"WilliamHill\" \/><\/span>                        <div class=\"operator-closed-box-stars\">\n                          <span>500A$ <\/span>Max Bonus                        <\/div>\n\n                        <div class=\"claim-bonus-code button-bottom\">\n                             <span class=\"cursored button js-golink hvr-animation multi-line bonus-btn-main-sec\"  onclick=\"OpenGoLink(this);\" data-operator=\"315\" data-bonus=\"2809\"   data-clicks=\"24\"data-type=\"sport\" >visita el casino<i class=\"fa fa-chevron-right\" aria-hidden=\"true\"><\/i> <\/span>                         <\/div><!-- \/.claim-bonus-code -->   \n                    <\/div>\n                <\/div>\n                        <\/div>\n    <\/div>\n<\/div><\/span><\/p>\r\n<span style=\"font-weight: 400;\"><div class=\"moreHome hideContent\"><\/span>\r\n<p class=\"text-justify\">Tan solo dir\u00edgete a la secci\u00f3n de deportes que aparece en la pantalla principal y, a partir de ah\u00ed, comienza a bucear por sus diferentes modalidades, los partidos que hay, los partidos que est\u00e1n por llegar\u2026 Hay d\u00f3nde escoger. Con esto ya listo, busca aquellos <a href=\"https:\/\/bet-bonus.net\/es\/mercados-deportes\/\">mercados<\/a> que te resulten m\u00e1s interesantes y aprovecha las jugosas cuotas que hay para maximizar tus beneficios en caso de ganar.<\/p>\r\n<p class=\"text-justify\">Para terminar el 1xbet how to bet, ya solo te queda pasar por el boleto de apuestas, invertir la cantidad de dinero que consideres adecuada y validar tu o tus apuestas para finalizar. Tras esto, ya solo queda esperar a ver c\u00f3mo se dan los encuentros y si se cumplen tus vaticinios en los diferentes partidos por los que has pujado. Recuerda que tienes muchas variantes con las que probar, como el h\u00e1ndicap asi\u00e1tico o las apuestas combinadas y, por supuesto, que la opci\u00f3n de cash out est\u00e1 siempre disponible para cerrar lo m\u00e1s r\u00e1pido posible en caso de ser necesario.<\/p>\r\n<span style=\"font-weight: 400;\"><\/div><\/span>\r\n<h2 class=\"text-justify\">C\u00f3mo usar 1xbet para ganar dinero<\/h2>\r\n<p class=\"text-justify\">Saber apostar no es lo mismo que saber ganar. La cuesti\u00f3n ahora es 1xbet c\u00f3mo ganar dinero, y en ese sentido este portal ofrece numerosas respuestas en forma de promos, bonos, ofertas especiales, juegos con recompensas, infinidad de mercados, de juegos y, por supuesto, de deportes. Su especialidad es tener un abanico inmenso para que el usuario pueda sumergirse en \u00e9l de lleno y explorar hasta dar con el terreno donde se encuentre m\u00e1s c\u00f3modo.<\/p>\r\n<p class=\"text-justify\">Por ejemplo, puedes aprovechar la promoci\u00f3n por<a href=\"https:\/\/bet-bonus.net\/es\/\"> registro de nuevo usuario en 1xbet<\/a>, que te ofrece el doble de dinero que ingreses para realizar apuestas o jugar con un l\u00edmite de 100\u20ac\u20ac para la cantidad extra. Est\u00e1 sujeta a unas condiciones espec\u00edficas, pero sus beneficios son m\u00e1s que interesantes dado el plus de dinero que otorga para aprovecharlo y maximizar beneficios sin apenas coste.<\/p>\r\n<span style=\"font-weight: 400;\"><div class=\"moreHome hideContent\"><\/span>\r\n<p class=\"text-justify\">Tambi\u00e9n hay otras promociones como la combinada del d\u00eda, que ofrece un combo predeterminado de <a href=\"https:\/\/bet-bonus.net\/es\/cuotas\/\">odds<\/a> para probar suerte y, en caso de acertar, conseguir un mayor multiplicador de beneficios, adem\u00e1s de unas cuotas mejoradas en un 10% con respecto a su valor original. O, por otra parte, propuestas del estilo de Viernes x2, los partidos del d\u00eda o, por supuesto, las live bets.<\/p>\r\n<p class=\"text-justify\">Es muy recomendable observar el apartado de estad\u00edsticas deportivas para conocer el comportamiento de los diferentes equipos y poder hacer una mejor predicci\u00f3n de su rendimiento en futuros encuentros, ideal para apostar con cuidado. Del mismo modo, las apuestas en directo son algo bastante interesante, ya que adem\u00e1s tienes la ocasi\u00f3n de realizarlas viendo el partido en cuesti\u00f3n a trav\u00e9s de la propia p\u00e1gina de 1xBet para estar al tanto de todo y maniobrar r\u00e1pidamente.<\/p>\r\n<p class=\"text-justify\">Con todo esto, ganar dinero en 1xbet no es demasiado complicado, solo hay que actuar con algo de templanza y pensando bien cada movimiento. Aprovechando las cuotas que hay y deportes con resultados r\u00e1pidos, se pueden hacer interesantes ganancias en tan solo una jornada.<\/p>\r\n<span style=\"font-weight: 400;\"><\/div><\/span>\r\n\r\n<span style=\"font-weight: 400;\">\r\n\r\n        <div class=\"\">\r\n            <div class=\"content-box faq-section\">\r\n                <div class=\"box-top-section\">\r\n                    <h2>FAQ<\/h2>\r\n                <\/div>\r\n            <\/div>\r\n            <div id=\"accordion\">\r\n                <div class=\"card\">\r\n                    <div class=\"faq-button\" data-toggle=\"collapse\" data-target=\"#collapseOne\" aria-expanded=\"true\" aria-controls=\"collapseOne\">\r\n                        <div class=\"card-header\" id=\"headingOne\">\r\n                            <h3 class=\"faq-heading\">Cu\u00e1ndo ganas en 1xbet<\/h3>\r\n                            <i class=\"fa fa-plus\" aria-hidden=\"true\"><\/i>\r\n                            <i class=\"fa fa-minus\" aria-hidden=\"true\"><\/i>\r\n                        <\/div>\r\n                    <\/div>\r\n\r\n                    <div id=\"collapseOne\" class=\"panel-collapse collapse in\" aria-labelledby=\"headingOne\" data-parent=\"#accordion\">\r\n                        <div class=\"card-body\">\r\n                            Determinar cu\u00e1ndo ganas en 1xbet es tan sencillo como mirar el boleto de apuestas para comprobar los resultados de estas al intentar canjearlas. El concepto de apuesta parte de la idea de que el jugador, al pujar por algo en concreto, est\u00e1 ofreciendo un dinero que se multiplicar\u00e1 en caso de acertar o se perder\u00e1 si falla.  De este modo, si tu odd se vuelca en la victoria de un equipo, en caso de que \u00e9ste gane, los fondos invertidos se multiplicar\u00e1n por la cuota que hab\u00eda indicada cuando realizaste la puja. Si pierde, los perder\u00e1s.  Puedes estar al tanto de todos los marcadores yendo al apartado de resultados de 1xBet, aunque las apuestas tambi\u00e9n pueden realizarse con respecto a otros factores mucho m\u00e1s complejos que ganar o perder.                        <\/div>\r\n                    <\/div>\r\n                <\/div>\r\n                <div class=\"card\">\r\n                    <div class=\"faq-button collapsed\" data-toggle=\"collapse\" data-target=\"#collapseTwo\" aria-expanded=\"false\" aria-controls=\"collapseTwo\">\r\n                        <div class=\"card-header\" id=\"headingTwo\">\r\n                            <h3 class=\"faq-heading\">\r\n                                No me dejar apostar - Qu\u00e9 hago<\/h3>\r\n                            <i class=\"fa fa-plus\" aria-hidden=\"true\"><\/i>\r\n                            <i class=\"fa fa-minus\" aria-hidden=\"true\"><\/i>\r\n                        <\/div>\r\n                    <\/div>\r\n                    <div id=\"collapseTwo\" class=\"collapse\" aria-labelledby=\"headingTwo\" data-parent=\"#accordion\">\r\n                        <div class=\"card-body\">\r\n                            Cuando 1xbet no me deja apostar, lo mejor que puedo hacer es comprobar los fondos. Muchas veces sucede que un usuario prepara una buena combinaci\u00f3n de apuestas, con unas cuotas de lo m\u00e1s interesante; pero al intentar cerrarlo todo para validarlo, la p\u00e1gina no le permite seguir por alg\u00fan tipo de error. Lo m\u00e1s frecuente, adem\u00e1s, es que este error se deba a que no hay dinero suficiente para poder jugar. En ese caso, se realiza un dep\u00f3sito y la situaci\u00f3n se resuelve.  No obstante, si el problema persiste, es cuando hay que contactar con el servicio de atenci\u00f3n al cliente a trav\u00e9s del email, del tel\u00e9fono o incluso del chat que hay disponible.<\/div>\r\n                    <\/div>\r\n                <\/div>\r\n                                <div class=\"card\">\r\n                    <div class=\"faq-button collapsed\" data-toggle=\"collapse\" data-target=\"#collapseThree\" aria-expanded=\"false\" aria-controls=\"collapseThree\">\r\n                        <div class=\"card-header\" id=\"headingThree\">\r\n                            <h3 class=\"faq-heading\">\r\n                                C\u00f3mo se juega en 1xbet<\/h3>\r\n                            <i class=\"fa fa-plus\" aria-hidden=\"true\"><\/i>\r\n                            <i class=\"fa fa-minus\" aria-hidden=\"true\"><\/i>\r\n                        <\/div>\r\n                    <\/div>\r\n                    <div id=\"collapseThree\" class=\"collapse\" aria-labelledby=\"headingThree\" data-parent=\"#accordion\">\r\n                        <div class=\"card-body\">\r\n                            No todo es apostar, tambi\u00e9n es importante saber lo que en ingl\u00e9s se denomina como 1xbet how to play, o lo que es lo mismo, c\u00f3mo se juega en 1xbet. Esta casa de apuestas deportivas online no solo puede presumir de poseer gran cantidad de deportes y mercados para apostar; tambi\u00e9n tiene un interesante abanico de juegos para que los usuarios lo pasen bien divirti\u00e9ndose y plantando cara al azar con cada tirada o giro de ruleta.  La secci\u00f3n de casino est\u00e1 disponible para probar propuestas como el Blackjack; pero tambi\u00e9n hay una extensa secci\u00f3n dedicada a las m\u00e1quinas tragamonedas, como otra pensada para jugar al p\u00f3ker online. Para ganar dinero con ellas, tan solo hace falta contar con fondos y lanzarse a vencer al azar.<\/div>\r\n                    <\/div>\r\n                <\/div>\r\n                                                            <\/div>\r\n        <\/div>\r\n<\/span>\r\n\r\n<span style=\"font-weight: 400;\">\r\n<div class=\"cta-direct-bonus\">\r\n    <div class=\"col-lg-8 col-md-8 col-sm-8 col-xs-12\">\r\n        <div class=\"row\">\r\n            <p class=\"cta-direct-slogan\">\r\n                \u00bfEst\u00e1s listo para Atrapar tu Bono de Bienvenida?            <\/p>\r\n        <\/div>\r\n    <\/div>\r\n    <div class=\"col-lg-4 col-md-4 col-sm-4 col-xs-12\">\r\n        <div class=\"row\">\r\n             <span class=\"cursored button js-golink cta-direct-button hvr-animation new-hover\"  onclick=\"OpenGoLink(this);\" data-operator=\"7\" data-bonus=\"3965\"   data-clicks=\"1\"data-type=\"sport\" ><span>Visita 1xBet Ahora!<\/span> <\/span> \r\n        <\/div>\r\n    <\/div>\r\n<\/div>\r\n\r\n<style type=\"text\/css\" media=\"screen\">\r\n    .cta-direct-button.new-hover {\r\n        padding: 3px 0 2px;\r\n    }\r\n<\/style><\/span>","protected":false},"excerpt":{"rendered":"Para ganar dinero en esta casa de apuestas y juegos de azar rusa, antes necesitas saber 1xbet C\u00f3mo apostar. Tienes que aprender los procedimientos de esta web, c\u00f3mo utilizarlos y qu\u00e9 requisitos son necesarios para jugar y, por supuesto, tener la oportunidad de ganar todo cuanto te sea posible. Aqu\u00ed vamos a explicar c\u00f3mo se<a href=\"https:\/\/bet-bonus.net\/es\/como-apostar\/\"> &#8230;<\/a>","protected":false},"author":1,"featured_media":0,"parent":0,"menu_order":0,"comment_status":"closed","ping_status":"closed","template":"","meta":{"footnotes":""},"categories":[],"tags":[],"class_list":["post-74","page","type-page","status-publish","hentry"],"yoast_head":"<!-- This site is optimized with the Yoast SEO plugin v26.7 - https:\/\/yoast.com\/wordpress\/plugins\/seo\/ -->\n<title>C\u00f3mo Apostar en 1xbet \u00bb Gu\u00eda para Ganar Dinero &amp; Usar el Operador<\/title>\n<meta name=\"robots\" content=\"index, follow, max-snippet:-1, max-image-preview:large, max-video-preview:-1\" \/>\n<link rel=\"canonical\" href=\"https:\/\/bet-bonus.net\/es\/como-apostar\/\" \/>\n<meta property=\"og:locale\" content=\"es_ES\" \/>\n<meta property=\"og:type\" content=\"article\" \/>\n<meta property=\"og:title\" content=\"C\u00f3mo Apostar en 1xbet \u00bb Gu\u00eda para Ganar Dinero &amp; Usar el Operador\" \/>\n<meta property=\"og:url\" content=\"https:\/\/bet-bonus.net\/es\/como-apostar\/\" \/>\n<meta property=\"og:site_name\" content=\"bet-bonus.net ES\" \/>\n<meta property=\"article:modified_time\" content=\"2018-06-18T14:27:57+00:00\" \/>\n<meta name=\"twitter:card\" content=\"summary_large_image\" \/>\n<meta name=\"twitter:label1\" content=\"Tiempo de lectura\" \/>\n\t<meta name=\"twitter:data1\" content=\"4 minutos\" \/>\n<script type=\"application\/ld+json\" class=\"yoast-schema-graph\">{\"@context\":\"https:\/\/schema.org\",\"@graph\":[{\"@type\":\"WebPage\",\"@id\":\"https:\/\/bet-bonus.net\/es\/como-apostar\/\",\"url\":\"https:\/\/bet-bonus.net\/es\/como-apostar\/\",\"name\":\"C\u00f3mo Apostar en 1xbet \u00bb Gu\u00eda para Ganar Dinero & Usar el Operador\",\"isPartOf\":{\"@id\":\"https:\/\/bet-bonus.net\/es\/#website\"},\"datePublished\":\"2018-06-12T10:45:54+00:00\",\"dateModified\":\"2018-06-18T14:27:57+00:00\",\"breadcrumb\":{\"@id\":\"https:\/\/bet-bonus.net\/es\/como-apostar\/#breadcrumb\"},\"inLanguage\":\"es\",\"potentialAction\":[{\"@type\":\"ReadAction\",\"target\":[\"https:\/\/bet-bonus.net\/es\/como-apostar\/\"]}]},{\"@type\":\"BreadcrumbList\",\"@id\":\"https:\/\/bet-bonus.net\/es\/como-apostar\/#breadcrumb\",\"itemListElement\":[{\"@type\":\"ListItem\",\"position\":1,\"name\":\"Home\",\"item\":\"https:\/\/bet-bonus.net\/es\/\"},{\"@type\":\"ListItem\",\"position\":2,\"name\":\"C\u00f3mo Jugar y Apostar en 1xBet - Gu\u00eda para Ganar Dinero\"}]},{\"@type\":\"WebSite\",\"@id\":\"https:\/\/bet-bonus.net\/es\/#website\",\"url\":\"https:\/\/bet-bonus.net\/es\/\",\"name\":\"bet-bonus.net ES\",\"description\":\"\",\"potentialAction\":[{\"@type\":\"SearchAction\",\"target\":{\"@type\":\"EntryPoint\",\"urlTemplate\":\"https:\/\/bet-bonus.net\/es\/?s={search_term_string}\"},\"query-input\":{\"@type\":\"PropertyValueSpecification\",\"valueRequired\":true,\"valueName\":\"search_term_string\"}}],\"inLanguage\":\"es\"}]}<\/script>\n<!-- \/ Yoast SEO plugin. -->","yoast_head_json":{"title":"C\u00f3mo Apostar en 1xbet \u00bb Gu\u00eda para Ganar Dinero & Usar el Operador","robots":{"index":"index","follow":"follow","max-snippet":"max-snippet:-1","max-image-preview":"max-image-preview:large","max-video-preview":"max-video-preview:-1"},"canonical":"https:\/\/bet-bonus.net\/es\/como-apostar\/","og_locale":"es_ES","og_type":"article","og_title":"C\u00f3mo Apostar en 1xbet \u00bb Gu\u00eda para Ganar Dinero & Usar el Operador","og_url":"https:\/\/bet-bonus.net\/es\/como-apostar\/","og_site_name":"bet-bonus.net ES","article_modified_time":"2018-06-18T14:27:57+00:00","twitter_card":"summary_large_image","twitter_misc":{"Tiempo de lectura":"4 minutos"},"schema":{"@context":"https:\/\/schema.org","@graph":[{"@type":"WebPage","@id":"https:\/\/bet-bonus.net\/es\/como-apostar\/","url":"https:\/\/bet-bonus.net\/es\/como-apostar\/","name":"C\u00f3mo Apostar en 1xbet \u00bb Gu\u00eda para Ganar Dinero & Usar el Operador","isPartOf":{"@id":"https:\/\/bet-bonus.net\/es\/#website"},"datePublished":"2018-06-12T10:45:54+00:00","dateModified":"2018-06-18T14:27:57+00:00","breadcrumb":{"@id":"https:\/\/bet-bonus.net\/es\/como-apostar\/#breadcrumb"},"inLanguage":"es","potentialAction":[{"@type":"ReadAction","target":["https:\/\/bet-bonus.net\/es\/como-apostar\/"]}]},{"@type":"BreadcrumbList","@id":"https:\/\/bet-bonus.net\/es\/como-apostar\/#breadcrumb","itemListElement":[{"@type":"ListItem","position":1,"name":"Home","item":"https:\/\/bet-bonus.net\/es\/"},{"@type":"ListItem","position":2,"name":"C\u00f3mo Jugar y Apostar en 1xBet - Gu\u00eda para Ganar Dinero"}]},{"@type":"WebSite","@id":"https:\/\/bet-bonus.net\/es\/#website","url":"https:\/\/bet-bonus.net\/es\/","name":"bet-bonus.net ES","description":"","potentialAction":[{"@type":"SearchAction","target":{"@type":"EntryPoint","urlTemplate":"https:\/\/bet-bonus.net\/es\/?s={search_term_string}"},"query-input":{"@type":"PropertyValueSpecification","valueRequired":true,"valueName":"search_term_string"}}],"inLanguage":"es"}]}},"_links":{"self":[{"href":"https:\/\/bet-bonus.net\/es\/wp-json\/wp\/v2\/pages\/74","targetHints":{"allow":["GET"]}}],"collection":[{"href":"https:\/\/bet-bonus.net\/es\/wp-json\/wp\/v2\/pages"}],"about":[{"href":"https:\/\/bet-bonus.net\/es\/wp-json\/wp\/v2\/types\/page"}],"author":[{"embeddable":true,"href":"https:\/\/bet-bonus.net\/es\/wp-json\/wp\/v2\/users\/1"}],"replies":[{"embeddable":true,"href":"https:\/\/bet-bonus.net\/es\/wp-json\/wp\/v2\/comments?post=74"}],"version-history":[{"count":3,"href":"https:\/\/bet-bonus.net\/es\/wp-json\/wp\/v2\/pages\/74\/revisions"}],"predecessor-version":[{"id":283,"href":"https:\/\/bet-bonus.net\/es\/wp-json\/wp\/v2\/pages\/74\/revisions\/283"}],"wp:attachment":[{"href":"https:\/\/bet-bonus.net\/es\/wp-json\/wp\/v2\/media?parent=74"}],"wp:term":[{"taxonomy":"category","embeddable":true,"href":"https:\/\/bet-bonus.net\/es\/wp-json\/wp\/v2\/categories?post=74"},{"taxonomy":"post_tag","embeddable":true,"href":"https:\/\/bet-bonus.net\/es\/wp-json\/wp\/v2\/tags?post=74"}],"curies":[{"name":"wp","href":"https:\/\/api.w.org\/{rel}","templated":true}]}}