{"id":70,"date":"2018-06-12T10:32:32","date_gmt":"2018-06-12T10:32:32","guid":{"rendered":"http:\/\/bet-bonus.net\/es\/?page_id=70"},"modified":"2018-06-18T14:15:38","modified_gmt":"2018-06-18T14:15:38","slug":"cerrar-apuesta","status":"publish","type":"page","link":"https:\/\/bet-bonus.net\/es\/cerrar-apuesta\/","title":{"rendered":"\u00bfHay Cash Out en 1xBet? - C\u00f3mo Cerrar tu Apuesta"},"content":{"rendered":"<p class=\"text-justify\">Si te preguntas si hay Cash Out en 1xBet, puedes respirar con alivio, esta casa de apuestas online cuenta con esta opci\u00f3n pensada para cerrar tu apuesta y asegurar ganancias antes de que acabe el evento, como tambi\u00e9n de reducir las p\u00e9rdidas si crees que las cosas no van a salir como deb\u00edan.<\/p>\r\n<p class=\"text-justify\">Este concepto es algo bastante frecuente dentro del mundo de las apuestas y se aprovecha especialmente cuando se decide apostar en directo. Es un mecanismo pensado para que los apostadores puedan mejorar la rentabilidad de sus movimientos.<\/p>\r\n\r\n<h2 class=\"text-justify\">C\u00f3mo cerrar apuesta en 1xbet<\/h2>\r\n<p class=\"text-justify\">Una vez conocido el apartado de 1xbet cerrar apuesta, es importante aprender c\u00f3mo hacerlo dentro de esta p\u00e1gina web. La plataforma, al igual que la mayor\u00eda de casas de apuestas deportivas actuales, brinda esta opci\u00f3n a todos los jugadores que quieren actuar con rapidez para asegurar su dinero ante posibles errores o en casos totalmente contrarios.<\/p>\r\n<p class=\"text-justify\">Para poder hacerlo, evidentemente antes hay que llevar a cabo alg\u00fan tipo de apuesta. En este sentido, como jugador puedes actuar con libertad. Es decir, tienes la oportunidad de realizar varias pujas y llevarlas a tu boleto como de costumbre, ya sea a base de apuestas sencillas o haciendo combinadas para intentar multiplicar mucho m\u00e1s el dinero invertido para jugar.<\/p>\r\n<span style=\"font-weight: 400;\">\n<style>\n #operator-closed {\n        margin-top: 3em;\n        margin-bottom: 1rem;\n        color: #414141; \n    }\n    .operator-closed-body {\n        min-height: 420px;\n        background-color: #F9F9F9;\n    }\n    #operator-closed .operator-closed-message {\n        display: flex;\n        align-items: center;\n        justify-content: center;\n        font-size: 20px;\n        text-align: center;\n        color: #fff;\n        padding: 1.75em 0.5rem;\n        background: #002E5D;\n        text-shadow: 0 1px 1px rgba(0, 0, 0, 0.3);\n        box-shadow: 0 -4px 0 0 #1a1a1a;\n    }\n    #operator-closed .operator-closed-message b {\n        display: block;\n        font-size: 24px;\n    }\n    .operator-closed-box-container {\n        padding: 40px 30px;\n    }\n    #operator-closed .operator-closed-box {\n        display: flex;\n        flex-direction: column;\n        justify-content: center;\n        align-items: center;\n        background-color: #FFFFFF;\n        box-shadow: 0px 0px 5px #00000024;\n    }\n   \/* #operator-closed .operator-closed-box a:first-of-type {\n        display: flex;\n        justify-content: center;\n        width: 100%;\n        background: #ffffff;\n        border-top: 3px solid #f46613;\n    }*\/\n    #operator-closed img {\n        width: 100px;\n        display: block;\n    }\n    #operator-closed .operator-box-header { \n        display: flex; \n        width: 100%;\n        justify-content: center;\n        background-color: #ECECEC; \n        padding: 13px;\n    }\n    #operator-closed .operator-closed-box-stars {\n        display: flex;\n        flex-wrap: wrap;\n        justify-content: center;\n        padding: 1em 0;\n    }\n    #operator-closed .operator-closed-box-stars span{\n        color: #002E5D;\n        font-size: 36px;\n        line-height: 1.1;\n        text-align: center;\n        width: 100%;\n        font-weight: 900;\n    }\n    #operator-closed .button {\n        text-transform: uppercase;\n        margin-top: 0;\n        margin-bottom: 28px;\n        font-weight: 600;\n        padding: 10px 13px; \n        font-size: 13px; \n        width: 100%;\n    }\n    #operator-closed .button i {\n        font-size: 12px;\n        padding-top: 0;\n    }\n    .claim-bonus-code:hover>.bonus-btn-main-sec {\n        color: #c8102e;\n    }\n    @media ( max-width: 767px ) {\n\n        #operator-closed .operator-closed-message {\n            font-size: 14px;\n        }  \n        #operator-closed .operator-closed-message b {\n            font-size: 17px;\n        }\n        #operator-closed .operator-closed-box {\n            flex-direction: row;\n            flex-wrap: wrap;\n            justify-content: space-around;\n            max-width: 300px;\n            margin-left: auto;\n            margin-right: auto;\n        }\n        #operator-closed .col-lg-4.col-md-6.col-sm-4.col-xs-12:nth-child(3) .operator-closed-box {\n            margin-bottom: 0; \n        }\n        .operator-closed-box-container {\n            padding: 30px 15px;\n        }\n        #operator-closed .operator-closed-box {\n            margin-bottom: 2.5rem; \n        }\n    }\n<\/style>\n<div id=\"operator-closed-wrapper\">\n    <div id=\"operator-closed\" class=\"operator-closed-body\">\n        <div class=\"operator-closed-message \">\n\n            <div><b>Mejor echa un vistazo a estos mejores casinos<\/b>\n                             <\/div>\n        <\/div>\n        \n        <div class=\"row operator-closed-box-container\">\n                            <div class=\"col-lg-4 col-md-6 col-sm-4 col-xs-12\">\n                    <div class=\"operator-closed-box\">\n                        <span class=\"operator-box-header\"><img decoding=\"async\" src=\"\/spanish\/assets\/logos\/sport\/light-back\/bwin.png\" width=\"auto\" height=\"auto\" alt=\"Bwin\" \/><\/span>                        <div class=\"operator-closed-box-stars\">\n                          <span>100\u20ac <\/span>Max Bonus                        <\/div>\n\n                        <div class=\"claim-bonus-code button-bottom\">\n                             <span class=\"cursored button js-golink hvr-animation multi-line bonus-btn-main-sec\"  onclick=\"OpenGoLink(this);\" data-operator=\"79\" data-bonus=\"16070\"   data-clicks=\"34\"data-type=\"sport\" >visita el casino<i class=\"fa fa-chevron-right\" aria-hidden=\"true\"><\/i> <\/span>                         <\/div><!-- \/.claim-bonus-code -->   \n                    <\/div>\n                <\/div>\n                                <div class=\"col-lg-4 col-md-6 col-sm-4 col-xs-12\">\n                    <div class=\"operator-closed-box\">\n                        <span class=\"operator-box-header\"><img decoding=\"async\" src=\"\/spanish\/assets\/logos\/sport\/light-back\/888sport.png\" width=\"auto\" height=\"auto\" alt=\"888\" \/><\/span>                        <div class=\"operator-closed-box-stars\">\n                          <span>110\u20ac <\/span>Max Bonus                        <\/div>\n\n                        <div class=\"claim-bonus-code button-bottom\">\n                             <span class=\"cursored button js-golink hvr-animation multi-line bonus-btn-main-sec\"  onclick=\"OpenGoLink(this);\" data-operator=\"20\" data-bonus=\"6743\"   data-clicks=\"22\"data-type=\"sport\" >visita el casino<i class=\"fa fa-chevron-right\" aria-hidden=\"true\"><\/i> <\/span>                         <\/div><!-- \/.claim-bonus-code -->   \n                    <\/div>\n                <\/div>\n                                <div class=\"col-lg-4 col-md-6 col-sm-4 col-xs-12\">\n                    <div class=\"operator-closed-box\">\n                        <span class=\"operator-box-header\"><img decoding=\"async\" src=\"\/spanish\/assets\/logos\/sport\/light-back\/william-hill.png\" width=\"auto\" height=\"auto\" alt=\"WilliamHill\" \/><\/span>                        <div class=\"operator-closed-box-stars\">\n                          <span>500A$ <\/span>Max Bonus                        <\/div>\n\n                        <div class=\"claim-bonus-code button-bottom\">\n                             <span class=\"cursored button js-golink hvr-animation multi-line bonus-btn-main-sec\"  onclick=\"OpenGoLink(this);\" data-operator=\"315\" data-bonus=\"2809\"   data-clicks=\"24\"data-type=\"sport\" >visita el casino<i class=\"fa fa-chevron-right\" aria-hidden=\"true\"><\/i> <\/span>                         <\/div><!-- \/.claim-bonus-code -->   \n                    <\/div>\n                <\/div>\n                        <\/div>\n    <\/div>\n<\/div><\/span>\r\n\r\n<span style=\"font-weight: 400;\"><div class=\"moreHome hideContent\"><\/span>\r\n<p class=\"text-justify\">A\u00fan as\u00ed, donde cobra m\u00e1s sentido el Cash Out en 1xBet es cuando se juega en directo. Apostar live es una de las bazas m\u00e1s interesantes de este portal, como tambi\u00e9n la que mejor encaja con el concepto de cierre, ya que permite acabar r\u00e1pido para poder reinvertir de nuevo el dinero en otra puja distinta o aprovechar alguna otra cuota que pueda ser interesante.<\/p>\r\n<p class=\"text-justify\">El m\u00e9todo es sencillo, una vez se ha apostado. Si se considera que va a salir mal la jugada, ha de irse r\u00e1pidamente al boleto y cerrar con la opci\u00f3n que aparece habilitada. Del mismo modo, si se ve con posibilidades de ganar, tambi\u00e9n se puede hacer para asegurarse el dinero estimado por la victoria y, con el partido a\u00fan en curso, reinvertir estos ingresos en cualquier otra apuesta para rentabilizar m\u00e1s todav\u00eda el encuentro.<\/p>\r\n<p class=\"text-justify\">Estas son algunas posibles estrategias que se llevan a cabo frecuentemente y que, como puedes ver, apenas requieren muchos pasos. De hecho, tan solo hacen falta un par de clics en el <a href=\"https:\/\/bet-bonus.net\/es\/app\/pc\/\">PC<\/a> para que se proceda a cerrar sin inconveniente alguno. La r\u00e1pida respuesta de 1xBet ayuda adem\u00e1s a que el proceso sea veloz.<\/p>\r\n<span style=\"font-weight: 400;\"><\/div><\/span>\r\n<h2 class=\"text-justify\">Realizar Cash Out desde tu m\u00f3vil<\/h2>\r\n<p class=\"text-justify\">Como ya hemos dicho, las apuestas en directo son el lugar donde este mecanismo cobra mucha m\u00e1s importancia; lo que tambi\u00e9n lleva a la conclusi\u00f3n de que realizar Cash Out desde <a href=\"https:\/\/bet-bonus.net\/es\/app\/\">tu m\u00f3vil en 1xBet<\/a> es la mejor forma de aligerar el proceso y, de paso, realizar un movimiento mucho m\u00e1s efectivo a nivel econ\u00f3mico.<\/p>\r\n<p class=\"text-justify\">La bondad de los smartphones en este sentido se debe a que el cierre de apuesta se hace mucho m\u00e1s r\u00e1pido que en el ordenador, adem\u00e1s de que se puede llevar a cabo independientemente del lugar en el que te encuentres. Imagina, por un momento, que has salido a ver un partido de f\u00fatbol por el que apostaste en su momento. Es improbable que tengas el ordenador cerca, pero s\u00ed el m\u00f3vil a mano.<\/p>\r\n<span style=\"font-weight: 400;\"><div class=\"moreHome hideContent\"><\/span>\r\n<p class=\"text-justify\">As\u00ed, tan solo tienes que coger el terminal, abrir la app de 1xBet para smartphones y realizar el procedimiento de cash out r\u00e1pidamente en caso de que sea necesario, o simplemente tener el bot\u00f3n cerca para pulsarlo con la mayor premura.<\/p>\r\n<p class=\"text-justify\">El hecho de que 1xbet sea compatible con terminales m\u00f3viles sirve para disfrutar de todas sus funciones donde y cuando sea, y precisamente la posibilidad de cerrar apuestas es una de las m\u00e1s importantes cuando hablamos de inmediatez.<\/p>\r\n<span style=\"font-weight: 400;\"><\/div><\/span>\r\n\r\n<span style=\"font-weight: 400;\">\r\n<div class=\"cta-direct-bonus\">\r\n    <div class=\"col-lg-8 col-md-8 col-sm-8 col-xs-12\">\r\n        <div class=\"row\">\r\n            <p class=\"cta-direct-slogan\">\r\n                \u00bfEst\u00e1s listo para Atrapar tu Bono de Bienvenida?            <\/p>\r\n        <\/div>\r\n    <\/div>\r\n    <div class=\"col-lg-4 col-md-4 col-sm-4 col-xs-12\">\r\n        <div class=\"row\">\r\n             <span class=\"cursored button js-golink cta-direct-button hvr-animation new-hover\"  onclick=\"OpenGoLink(this);\" data-operator=\"7\" data-bonus=\"3965\"   data-clicks=\"1\"data-type=\"sport\" ><span>Visita 1xBet Ahora!<\/span> <\/span> \r\n        <\/div>\r\n    <\/div>\r\n<\/div>\r\n\r\n<style type=\"text\/css\" media=\"screen\">\r\n    .cta-direct-button.new-hover {\r\n        padding: 3px 0 2px;\r\n    }\r\n<\/style><\/span>\r\n<h2 class=\"text-justify\">Qu\u00e9 significa cerrar apuesta o hacer Cash Out<\/h2>\r\n<p class=\"text-justify\">Qu\u00e9 significa cerrar apuesta es, probablemente, una de las preguntas m\u00e1s frecuentes de los nuevos usuarios que entran en 1xbet. Se trata de un concepto muy empleado en este terreno, pero desconocido para los que empiezan a dar sus primeros pasos en \u00e9l.<\/p>\r\n<p class=\"text-justify\">Por definici\u00f3n, cerrar apuesta o realizar un cash out es una funci\u00f3n que sirve para asegurar beneficios en caso de que una puja se vuelva en contra de un jugador. Si, por ejemplo, has apostado a dos partidos consecutivos, el primero ha terminado y ha quedado a favor de tu apuesta; pero el segundo est\u00e1 por celebrarse, puedes cerrar antes de que \u00e9ste comience y llevarte el dinero que te corresponde por el primer encuentro. Perder\u00e1s la oportunidad de potenciar los ingresos con el segundo; pero tambi\u00e9n ganas la posibilidad de asegurarte ese dinero si tienes dudas con respecto al otro resultado.<\/p>\r\n<span style=\"font-weight: 400;\"><div class=\"moreHome hideContent\"><\/span>\r\n<p class=\"text-justify\">Para los apostadores es una herramienta realmente \u00fatil, sobre todo para las <a href=\"https:\/\/bet-bonus.net\/es\/en-directo\/\">apuestas en directo,<\/a> ya que minimiza los riesgos si apuran m\u00e1s de la cuenta. En caso de hacer varios movimientos con alguno especialmente dudoso, se puede recurrir a este m\u00e9todo para evitar problemas e incluso reducir posibles p\u00e9rdidas si las cosas salen mal desde el comienzo.<\/p>\r\n<span style=\"font-weight: 400;\"><\/div><\/span>\r\n<h2 class=\"text-justify\">Cu\u00e1ndo cerrar apuesta<\/h2>\r\n<p class=\"text-justify\">En base a todo lo explicado hasta el momento, es l\u00f3gico llegar a la conclusi\u00f3n de que saber cu\u00e1ndo cerrar apuesta en 1xbet es algo bastante importante para mejorar el rendimiento de todas las pujas que se vayan haciendo. Como dec\u00edamos, es una pr\u00e1ctica bastante habitual entre los apostadores m\u00e1s expertos, por eso conviene familiarizarse con el concepto lo m\u00e1s pronto posible y saber detectar los momentos m\u00e1s adecuados para realizarlo.<\/p>\r\n<span style=\"font-weight: 400;\"><div class=\"moreHome hideContent\"><\/span>\r\n<p class=\"text-justify\">Lo habitual a la hora de realizar un Cash Out es que se haga cuando se considere que una apuesta ya registrada est\u00e1 perdiendo valor y se est\u00e1 volcando a favor del equipo o jugador contrario. En estos momentos, el usuario debe optar por esta opci\u00f3n para que las p\u00e9rdidas sean m\u00ednimas y, al menos, se puede recuperar parte de la inversi\u00f3n realizada. Lo que se conoce como control de da\u00f1os.<\/p>\r\n<p class=\"text-justify\">Otra situaci\u00f3n en la que es conveniente realizar un cierre de apuesta 1xbet es cuando se hace una <a href=\"https:\/\/bet-bonus.net\/es\/apuestas-combinadas\/\">apuesta combinada en 1xbet<\/a> y se han cumplido varias, pero queda una que tiene muchas papeletas de no salir como se estimaba. Cambios de \u00faltima hora pueden hacer que los resultados no sean los esperados, por lo que la opci\u00f3n de hacer cashout se convierte en la mejor baza.<\/p>\r\n<span style=\"font-weight: 400;\"><\/div><\/span>\r\n\r\n<span style=\"font-weight: 400;\">\r\n<div class=\"cta-direct-bonus\">\r\n    <div class=\"col-lg-8 col-md-8 col-sm-8 col-xs-12\">\r\n        <div class=\"row\">\r\n            <p class=\"cta-direct-slogan\">\r\n                \u00bfEst\u00e1s listo para Atrapar tu Bono de Bienvenida?            <\/p>\r\n        <\/div>\r\n    <\/div>\r\n    <div class=\"col-lg-4 col-md-4 col-sm-4 col-xs-12\">\r\n        <div class=\"row\">\r\n             <span class=\"cursored button js-golink cta-direct-button hvr-animation new-hover\"  onclick=\"OpenGoLink(this);\" data-operator=\"7\" data-bonus=\"3965\"   data-clicks=\"1\"data-type=\"sport\" ><span>Visita 1xBet Ahora!<\/span> <\/span> \r\n        <\/div>\r\n    <\/div>\r\n<\/div>\r\n\r\n<style type=\"text\/css\" media=\"screen\">\r\n    .cta-direct-button.new-hover {\r\n        padding: 3px 0 2px;\r\n    }\r\n<\/style><\/span>","protected":false},"excerpt":{"rendered":"Si te preguntas si hay Cash Out en 1xBet, puedes respirar con alivio, esta casa de apuestas online cuenta con esta opci\u00f3n pensada para cerrar tu apuesta y asegurar ganancias antes de que acabe el evento, como tambi\u00e9n de reducir las p\u00e9rdidas si crees que las cosas no van a salir como deb\u00edan. Este concepto<a href=\"https:\/\/bet-bonus.net\/es\/cerrar-apuesta\/\"> &#8230;<\/a>","protected":false},"author":1,"featured_media":0,"parent":0,"menu_order":0,"comment_status":"closed","ping_status":"closed","template":"","meta":{"footnotes":""},"categories":[],"tags":[],"class_list":["post-70","page","type-page","status-publish","hentry"],"yoast_head":"<!-- This site is optimized with the Yoast SEO plugin v26.7 - https:\/\/yoast.com\/wordpress\/plugins\/seo\/ -->\n<title>1xbet Cerrar Apuesta \u00bb Qu\u00e9 Significa &amp; C\u00f3mo Hacer Cash Out<\/title>\n<meta name=\"robots\" content=\"index, follow, max-snippet:-1, max-image-preview:large, max-video-preview:-1\" \/>\n<link rel=\"canonical\" href=\"https:\/\/bet-bonus.net\/es\/cerrar-apuesta\/\" \/>\n<meta property=\"og:locale\" content=\"es_ES\" \/>\n<meta property=\"og:type\" content=\"article\" \/>\n<meta property=\"og:title\" content=\"1xbet Cerrar Apuesta \u00bb Qu\u00e9 Significa &amp; C\u00f3mo Hacer Cash Out\" \/>\n<meta property=\"og:url\" content=\"https:\/\/bet-bonus.net\/es\/cerrar-apuesta\/\" \/>\n<meta property=\"og:site_name\" content=\"bet-bonus.net ES\" \/>\n<meta property=\"article:modified_time\" content=\"2018-06-18T14:15:38+00:00\" \/>\n<meta name=\"twitter:card\" content=\"summary_large_image\" \/>\n<meta name=\"twitter:label1\" content=\"Tiempo de lectura\" \/>\n\t<meta name=\"twitter:data1\" content=\"6 minutos\" \/>\n<script type=\"application\/ld+json\" class=\"yoast-schema-graph\">{\"@context\":\"https:\/\/schema.org\",\"@graph\":[{\"@type\":\"WebPage\",\"@id\":\"https:\/\/bet-bonus.net\/es\/cerrar-apuesta\/\",\"url\":\"https:\/\/bet-bonus.net\/es\/cerrar-apuesta\/\",\"name\":\"1xbet Cerrar Apuesta \u00bb Qu\u00e9 Significa & C\u00f3mo Hacer Cash Out\",\"isPartOf\":{\"@id\":\"https:\/\/bet-bonus.net\/es\/#website\"},\"datePublished\":\"2018-06-12T10:32:32+00:00\",\"dateModified\":\"2018-06-18T14:15:38+00:00\",\"breadcrumb\":{\"@id\":\"https:\/\/bet-bonus.net\/es\/cerrar-apuesta\/#breadcrumb\"},\"inLanguage\":\"es\",\"potentialAction\":[{\"@type\":\"ReadAction\",\"target\":[\"https:\/\/bet-bonus.net\/es\/cerrar-apuesta\/\"]}]},{\"@type\":\"BreadcrumbList\",\"@id\":\"https:\/\/bet-bonus.net\/es\/cerrar-apuesta\/#breadcrumb\",\"itemListElement\":[{\"@type\":\"ListItem\",\"position\":1,\"name\":\"Home\",\"item\":\"https:\/\/bet-bonus.net\/es\/\"},{\"@type\":\"ListItem\",\"position\":2,\"name\":\"\u00bfHay Cash Out en 1xBet? - C\u00f3mo Cerrar tu Apuesta\"}]},{\"@type\":\"WebSite\",\"@id\":\"https:\/\/bet-bonus.net\/es\/#website\",\"url\":\"https:\/\/bet-bonus.net\/es\/\",\"name\":\"bet-bonus.net ES\",\"description\":\"\",\"potentialAction\":[{\"@type\":\"SearchAction\",\"target\":{\"@type\":\"EntryPoint\",\"urlTemplate\":\"https:\/\/bet-bonus.net\/es\/?s={search_term_string}\"},\"query-input\":{\"@type\":\"PropertyValueSpecification\",\"valueRequired\":true,\"valueName\":\"search_term_string\"}}],\"inLanguage\":\"es\"}]}<\/script>\n<!-- \/ Yoast SEO plugin. -->","yoast_head_json":{"title":"1xbet Cerrar Apuesta \u00bb Qu\u00e9 Significa & C\u00f3mo Hacer Cash Out","robots":{"index":"index","follow":"follow","max-snippet":"max-snippet:-1","max-image-preview":"max-image-preview:large","max-video-preview":"max-video-preview:-1"},"canonical":"https:\/\/bet-bonus.net\/es\/cerrar-apuesta\/","og_locale":"es_ES","og_type":"article","og_title":"1xbet Cerrar Apuesta \u00bb Qu\u00e9 Significa & C\u00f3mo Hacer Cash Out","og_url":"https:\/\/bet-bonus.net\/es\/cerrar-apuesta\/","og_site_name":"bet-bonus.net ES","article_modified_time":"2018-06-18T14:15:38+00:00","twitter_card":"summary_large_image","twitter_misc":{"Tiempo de lectura":"6 minutos"},"schema":{"@context":"https:\/\/schema.org","@graph":[{"@type":"WebPage","@id":"https:\/\/bet-bonus.net\/es\/cerrar-apuesta\/","url":"https:\/\/bet-bonus.net\/es\/cerrar-apuesta\/","name":"1xbet Cerrar Apuesta \u00bb Qu\u00e9 Significa & C\u00f3mo Hacer Cash Out","isPartOf":{"@id":"https:\/\/bet-bonus.net\/es\/#website"},"datePublished":"2018-06-12T10:32:32+00:00","dateModified":"2018-06-18T14:15:38+00:00","breadcrumb":{"@id":"https:\/\/bet-bonus.net\/es\/cerrar-apuesta\/#breadcrumb"},"inLanguage":"es","potentialAction":[{"@type":"ReadAction","target":["https:\/\/bet-bonus.net\/es\/cerrar-apuesta\/"]}]},{"@type":"BreadcrumbList","@id":"https:\/\/bet-bonus.net\/es\/cerrar-apuesta\/#breadcrumb","itemListElement":[{"@type":"ListItem","position":1,"name":"Home","item":"https:\/\/bet-bonus.net\/es\/"},{"@type":"ListItem","position":2,"name":"\u00bfHay Cash Out en 1xBet? - C\u00f3mo Cerrar tu Apuesta"}]},{"@type":"WebSite","@id":"https:\/\/bet-bonus.net\/es\/#website","url":"https:\/\/bet-bonus.net\/es\/","name":"bet-bonus.net ES","description":"","potentialAction":[{"@type":"SearchAction","target":{"@type":"EntryPoint","urlTemplate":"https:\/\/bet-bonus.net\/es\/?s={search_term_string}"},"query-input":{"@type":"PropertyValueSpecification","valueRequired":true,"valueName":"search_term_string"}}],"inLanguage":"es"}]}},"_links":{"self":[{"href":"https:\/\/bet-bonus.net\/es\/wp-json\/wp\/v2\/pages\/70","targetHints":{"allow":["GET"]}}],"collection":[{"href":"https:\/\/bet-bonus.net\/es\/wp-json\/wp\/v2\/pages"}],"about":[{"href":"https:\/\/bet-bonus.net\/es\/wp-json\/wp\/v2\/types\/page"}],"author":[{"embeddable":true,"href":"https:\/\/bet-bonus.net\/es\/wp-json\/wp\/v2\/users\/1"}],"replies":[{"embeddable":true,"href":"https:\/\/bet-bonus.net\/es\/wp-json\/wp\/v2\/comments?post=70"}],"version-history":[{"count":4,"href":"https:\/\/bet-bonus.net\/es\/wp-json\/wp\/v2\/pages\/70\/revisions"}],"predecessor-version":[{"id":281,"href":"https:\/\/bet-bonus.net\/es\/wp-json\/wp\/v2\/pages\/70\/revisions\/281"}],"wp:attachment":[{"href":"https:\/\/bet-bonus.net\/es\/wp-json\/wp\/v2\/media?parent=70"}],"wp:term":[{"taxonomy":"category","embeddable":true,"href":"https:\/\/bet-bonus.net\/es\/wp-json\/wp\/v2\/categories?post=70"},{"taxonomy":"post_tag","embeddable":true,"href":"https:\/\/bet-bonus.net\/es\/wp-json\/wp\/v2\/tags?post=70"}],"curies":[{"name":"wp","href":"https:\/\/api.w.org\/{rel}","templated":true}]}}