{"id":66,"date":"2018-06-12T10:27:25","date_gmt":"2018-06-12T10:27:25","guid":{"rendered":"http:\/\/bet-bonus.net\/es\/?page_id=66"},"modified":"2018-07-24T11:13:41","modified_gmt":"2018-07-24T11:13:41","slug":"resultados-estadisticas","status":"publish","type":"page","link":"https:\/\/bet-bonus.net\/es\/resultados-estadisticas\/","title":{"rendered":"Marcadores Online en 1xBet - Consulta todos los Resultados &#038; Estad\u00edsticas"},"content":{"rendered":"<p class=\"text-justify\">Es muy importante tener toda la informaci\u00f3n posible a la hora de realizar apuestas deportivas, ya que los resultados, las lesiones, el historial de goles y muchos m\u00e1s factores influyen a la hora de determinar resultados o posible situaciones. Por eso mismo, el apartado 1xbet marcadores disponible dentro de la casa de apuestas 1xBet resulta tan importante para los jugadores.<\/p>\r\n<p class=\"text-justify\">Este portal online posee un apartado dedicado a toda esta informaci\u00f3n y detalles que sirven para afinar al m\u00e1ximo los pron\u00f3sticos. Una secci\u00f3n de vital importancia para los m\u00e1s experimentados a la hora de apostar.<\/p>\r\n\r\n<h2 class=\"text-justify\">1xbet Marcadores - Consulta si has ganado<\/h2>\r\n<p class=\"text-justify\">El apartado de 1xbet Marcadores se encuentra disponible para aquel que quiera consultar si ha ganado o perdido, como tambi\u00e9n para los usuarios que simplemente est\u00e1n recopilando informaci\u00f3n sobre cualquier evento deportivo, liga o competici\u00f3n para valorar el impacto sobre todos los competidores y participantes y perfilar su estrategia de apuestas en consecuencia.<\/p>\r\n<p class=\"text-justify\">Para tener acceso a esta secci\u00f3n, hay que entrar en la p\u00e1gina de inicio de 1xBet. Una vez en ella, lo \u00fanico que se tiene que hacer es descender hasta llegar justo debajo de las apuestas disponibles, a un apartado con columnas de informaci\u00f3n sobre <a href=\"https:\/\/bet-bonus.net\/es\/apuestas-deportivas\/\">1XBET, Apuestas<\/a>, Juegos y Estad\u00edsticas. Precisamente en este \u00faltimo apartado es donde hay que centrarse, ya que justo debajo tiene una opci\u00f3n denominada \u2018Resultados\u2019 en la que, al dejar el rat\u00f3n, se abre un submen\u00fa para consultar Resultados en Directo y Resultados normales.<\/p>\r\n<span style=\"font-weight: 400;\">\n<style>\n #operator-closed {\n        margin-top: 3em;\n        margin-bottom: 1rem;\n        color: #414141; \n    }\n    .operator-closed-body {\n        min-height: 420px;\n        background-color: #F9F9F9;\n    }\n    #operator-closed .operator-closed-message {\n        display: flex;\n        align-items: center;\n        justify-content: center;\n        font-size: 20px;\n        text-align: center;\n        color: #fff;\n        padding: 1.75em 0.5rem;\n        background: #002E5D;\n        text-shadow: 0 1px 1px rgba(0, 0, 0, 0.3);\n        box-shadow: 0 -4px 0 0 #1a1a1a;\n    }\n    #operator-closed .operator-closed-message b {\n        display: block;\n        font-size: 24px;\n    }\n    .operator-closed-box-container {\n        padding: 40px 30px;\n    }\n    #operator-closed .operator-closed-box {\n        display: flex;\n        flex-direction: column;\n        justify-content: center;\n        align-items: center;\n        background-color: #FFFFFF;\n        box-shadow: 0px 0px 5px #00000024;\n    }\n   \/* #operator-closed .operator-closed-box a:first-of-type {\n        display: flex;\n        justify-content: center;\n        width: 100%;\n        background: #ffffff;\n        border-top: 3px solid #f46613;\n    }*\/\n    #operator-closed img {\n        width: 100px;\n        display: block;\n    }\n    #operator-closed .operator-box-header { \n        display: flex; \n        width: 100%;\n        justify-content: center;\n        background-color: #ECECEC; \n        padding: 13px;\n    }\n    #operator-closed .operator-closed-box-stars {\n        display: flex;\n        flex-wrap: wrap;\n        justify-content: center;\n        padding: 1em 0;\n    }\n    #operator-closed .operator-closed-box-stars span{\n        color: #002E5D;\n        font-size: 36px;\n        line-height: 1.1;\n        text-align: center;\n        width: 100%;\n        font-weight: 900;\n    }\n    #operator-closed .button {\n        text-transform: uppercase;\n        margin-top: 0;\n        margin-bottom: 28px;\n        font-weight: 600;\n        padding: 10px 13px; \n        font-size: 13px; \n        width: 100%;\n    }\n    #operator-closed .button i {\n        font-size: 12px;\n        padding-top: 0;\n    }\n    .claim-bonus-code:hover>.bonus-btn-main-sec {\n        color: #c8102e;\n    }\n    @media ( max-width: 767px ) {\n\n        #operator-closed .operator-closed-message {\n            font-size: 14px;\n        }  \n        #operator-closed .operator-closed-message b {\n            font-size: 17px;\n        }\n        #operator-closed .operator-closed-box {\n            flex-direction: row;\n            flex-wrap: wrap;\n            justify-content: space-around;\n            max-width: 300px;\n            margin-left: auto;\n            margin-right: auto;\n        }\n        #operator-closed .col-lg-4.col-md-6.col-sm-4.col-xs-12:nth-child(3) .operator-closed-box {\n            margin-bottom: 0; \n        }\n        .operator-closed-box-container {\n            padding: 30px 15px;\n        }\n        #operator-closed .operator-closed-box {\n            margin-bottom: 2.5rem; \n        }\n    }\n<\/style>\n<div id=\"operator-closed-wrapper\">\n    <div id=\"operator-closed\" class=\"operator-closed-body\">\n        <div class=\"operator-closed-message \">\n\n            <div><b>Mejor echa un vistazo a estos mejores casinos<\/b>\n                             <\/div>\n        <\/div>\n        \n        <div class=\"row operator-closed-box-container\">\n                            <div class=\"col-lg-4 col-md-6 col-sm-4 col-xs-12\">\n                    <div class=\"operator-closed-box\">\n                        <span class=\"operator-box-header\"><img decoding=\"async\" src=\"\/spanish\/assets\/logos\/sport\/light-back\/bwin.png\" width=\"auto\" height=\"auto\" alt=\"Bwin\" \/><\/span>                        <div class=\"operator-closed-box-stars\">\n                          <span>100\u20ac <\/span>Max Bonus                        <\/div>\n\n                        <div class=\"claim-bonus-code button-bottom\">\n                             <span class=\"cursored button js-golink hvr-animation multi-line bonus-btn-main-sec\"  onclick=\"OpenGoLink(this);\" data-operator=\"79\" data-bonus=\"16070\"   data-clicks=\"34\"data-type=\"sport\" >visita el casino<i class=\"fa fa-chevron-right\" aria-hidden=\"true\"><\/i> <\/span>                         <\/div><!-- \/.claim-bonus-code -->   \n                    <\/div>\n                <\/div>\n                                <div class=\"col-lg-4 col-md-6 col-sm-4 col-xs-12\">\n                    <div class=\"operator-closed-box\">\n                        <span class=\"operator-box-header\"><img decoding=\"async\" src=\"\/spanish\/assets\/logos\/sport\/light-back\/888sport.png\" width=\"auto\" height=\"auto\" alt=\"888\" \/><\/span>                        <div class=\"operator-closed-box-stars\">\n                          <span>110\u20ac <\/span>Max Bonus                        <\/div>\n\n                        <div class=\"claim-bonus-code button-bottom\">\n                             <span class=\"cursored button js-golink hvr-animation multi-line bonus-btn-main-sec\"  onclick=\"OpenGoLink(this);\" data-operator=\"20\" data-bonus=\"6743\"   data-clicks=\"22\"data-type=\"sport\" >visita el casino<i class=\"fa fa-chevron-right\" aria-hidden=\"true\"><\/i> <\/span>                         <\/div><!-- \/.claim-bonus-code -->   \n                    <\/div>\n                <\/div>\n                                <div class=\"col-lg-4 col-md-6 col-sm-4 col-xs-12\">\n                    <div class=\"operator-closed-box\">\n                        <span class=\"operator-box-header\"><img decoding=\"async\" src=\"\/spanish\/assets\/logos\/sport\/light-back\/william-hill.png\" width=\"auto\" height=\"auto\" alt=\"WilliamHill\" \/><\/span>                        <div class=\"operator-closed-box-stars\">\n                          <span>500A$ <\/span>Max Bonus                        <\/div>\n\n                        <div class=\"claim-bonus-code button-bottom\">\n                             <span class=\"cursored button js-golink hvr-animation multi-line bonus-btn-main-sec\"  onclick=\"OpenGoLink(this);\" data-operator=\"315\" data-bonus=\"2809\"   data-clicks=\"24\"data-type=\"sport\" >visita el casino<i class=\"fa fa-chevron-right\" aria-hidden=\"true\"><\/i> <\/span>                         <\/div><!-- \/.claim-bonus-code -->   \n                    <\/div>\n                <\/div>\n                        <\/div>\n    <\/div>\n<\/div><\/span>\r\n\r\n<span style=\"font-weight: 400;\"><div class=\"moreHome hideContent\"><\/span>\r\n<p class=\"text-justify\">Pulsando en este \u00faltimo, se pasa a un men\u00fa en el que se pueden escoger los deportes donde se quiere echar un vistazo, las fechas en las que ver marcadores y las competiciones en las que se concentran todos los encuentros de la jornada en cuesti\u00f3n. A partir de ah\u00ed, tan solo hay que pulsar en aquel del que se deseen saber los marcadores y observar en la parte derecha, donde aparece c\u00f3mo ha quedado y los parciales en caso de haberlos.<\/p>\r\n<p class=\"text-justify\">Como dec\u00edamos antes, esta informaci\u00f3n es muy importante ya que, para empezar, sirve para saber si se ha ganado o perdido una apuesta; pero tambi\u00e9n ayuda a conocer la motivaci\u00f3n que puede haber tras un jugador o un equipo entero si, por ejemplo, lleva una buena racha de victorias consecutivas. De la misma forma que sirve para conocer a aquellos que no van tan bien y que, por tanto, elevan sus cuotas a la hora de realizar apuestas debido a las pocas probabilidades que tengan de ganar.<\/p>\r\n<span style=\"font-weight: 400;\"><\/div><\/span>\r\n<h2 class=\"text-justify\">1xbet Resultados en Directo - C\u00f3mo ver si tu equipo va ganando<\/h2>\r\n<p class=\"text-justify\">De la misma forma que se pueden ojear los marcadores de eventos que ya han concluido, hay un apartado de 1xbet Resultados en Directo para ver si tu equipo va ganando o perdiendo un partido importante o, simplemente, uno en el que has realizado una apuesta y te intriga saber las posibilidades que tienes de hacerte con las ganancias de esas cuotas que te hab\u00edan llamado la atenci\u00f3n.<\/p>\r\n<p class=\"text-justify\">Para acceder, el proceso es casi id\u00e9ntico al explicado previamente. Hay que entrar en la p\u00e1gina principal de 1xBet, descender hasta llegar a las columnas y mirar en la de Estad\u00edsticas para, despu\u00e9s, pasar el rat\u00f3n por Resultados y, en esta ocasi\u00f3n, escoger la opci\u00f3n de Resultados en Directo.<\/p>\r\n<span style=\"font-weight: 400;\"><div class=\"moreHome hideContent\"><\/span>\r\n<p class=\"text-justify\">Tras esto, la web redirige autom\u00e1ticamente a esta secci\u00f3n, con una columna a la izquierda donde se pueden filtrar los resultados en funci\u00f3n del deporte que desees para que solo aparezcan los partidos que se est\u00e1n jugando al momento. F\u00fatbol, baloncesto, tenis, voleibol y hasta snooker aparecen disponibles para que el jugador filtre y observe.<\/p>\r\n<p class=\"text-justify\">El acceso, como podr\u00e1s comprobar, es bastante r\u00e1pido y sencillo, de la misma forma que la capacidad para tener la informaci\u00f3n en pantalla. Los marcadores se actualizan constantemente, sin que haya que intervenir refrescando la p\u00e1gina o haciendo cualquier otro procedimiento, lo que ayuda a conocer el desarrollo del partido segundo a segundo.<\/p>\r\n<p class=\"text-justify\">Para los amantes de un deporte concreto, es una forma bastante buena y certera de ver c\u00f3mo le va a su equipo favorito en ese encuentro tan tenso; para los que prefieren apostar, les ayuda a saber si hicieron bien, como tambi\u00e9n a maniobrar r\u00e1pidamente para llevar a cabo <a href=\"https:\/\/bet-bonus.net\/es\/en-directo\/\">apuestas live en 1xbet<\/a>, otra de las opciones disponibles para jugar, que adem\u00e1s se puede conjugar con la posibilidad de ver el partido v\u00eda streaming tambi\u00e9n a trav\u00e9s de esta plataforma web.<\/p>\r\n<span style=\"font-weight: 400;\"><\/div><\/span>\r\n\r\n<span style=\"font-weight: 400;\">\r\n<div class=\"cta-direct-bonus\">\r\n    <div class=\"col-lg-8 col-md-8 col-sm-8 col-xs-12\">\r\n        <div class=\"row\">\r\n            <p class=\"cta-direct-slogan\">\r\n                \u00bfEst\u00e1s listo para Atrapar tu Bono de Bienvenida?            <\/p>\r\n        <\/div>\r\n    <\/div>\r\n    <div class=\"col-lg-4 col-md-4 col-sm-4 col-xs-12\">\r\n        <div class=\"row\">\r\n             <span class=\"cursored button js-golink cta-direct-button hvr-animation new-hover\"  onclick=\"OpenGoLink(this);\" data-operator=\"7\" data-bonus=\"3965\"   data-clicks=\"1\"data-type=\"sport\" ><span>Visita 1xBet Ahora!<\/span> <\/span> \r\n        <\/div>\r\n    <\/div>\r\n<\/div>\r\n\r\n<style type=\"text\/css\" media=\"screen\">\r\n    .cta-direct-button.new-hover {\r\n        padding: 3px 0 2px;\r\n    }\r\n<\/style><\/span>\r\n<h2 class=\"text-justify\">1xbet Estad\u00edsticas - Juega con m\u00e1s conocimiento<\/h2>\r\n<p class=\"text-justify\">Adem\u00e1s de marcadores con resultados, los usuarios registrados en este portal de apuestas deportivas y juegos de azar tienen tambi\u00e9n a su disposici\u00f3n la secci\u00f3n 1xbet Estad\u00edsticas, una que sirve para jugar con m\u00e1s conocimiento gracias a la cantidad de informaci\u00f3n que aparece reflejada.<\/p>\r\n<p class=\"text-justify\">Para entrar a ella, de forma similar a los casos anteriores, hay que entrar en la <a href=\"https:\/\/bet-bonus.net\/es\/\">mainpage de 1xBet,<\/a> descender y buscar la secci\u00f3n de Estad\u00edsticas para, esta vez, pulsar en la opci\u00f3n hom\u00f3nima. Unos segundos despu\u00e9s, cargar\u00e1 un completo panel repleto de tablas, botones y, sobre todo, informaci\u00f3n que resulta de vital inter\u00e9s para que el apostador pueda recabar detalles importantes a tener muy en cuenta antes de seguir llevando a cabo apuestas de cualquier tipo.<\/p>\r\n<span style=\"font-weight: 400;\"><div class=\"moreHome hideContent\"><\/span>\r\n<p class=\"text-justify\">Antes insist\u00edamos en la importancia de saber los resultados de los encuentros; pero en este apartado la cantidad de detalles se ampl\u00eda sobremanera. A trav\u00e9s de los diferentes botones que aparecen, se pueden reducir b\u00fasquedas y resultados a ligas concretas, deportes espec\u00edficos e incluso jornadas o encuentros en especial para ir directo al grano y obtener los datos que se desean.<\/p>\r\n<p class=\"text-justify\">\u00bfQuieres saber si hubo un jugador lesionado?, \u00bfsi se acumularon demasiadas faltas?, \u00bfqui\u00e9n consigui\u00f3 m\u00e1s tantos?, \u00bfa qui\u00e9n o qui\u00e9nes expulsaron? Estas son las preguntas que suelen obtener respuesta en este apartado de 1xBet y, precisamente, las que conviene resolver para elaborar una estrategia a seguir cuando se quieran realizar m\u00e1s apuestas.<\/p>\r\n<p class=\"text-justify\">Los jugadores son seres humanos y, por supuesto, la presi\u00f3n de los partidos, los sucesos que tengan lugar en estos e incluso su evoluci\u00f3n en una competici\u00f3n determina su comportamiento, como tambi\u00e9n influye en el resto del equipo en caso de formar parte de uno. Apostar es algo que debe hacerse con cierto conocimiento, ya que dejarse llevar por el azar y el instinto no es precisamente la mejor opci\u00f3n si lo que se desea es conseguir dinero realmente.<\/p>\r\n<span style=\"font-weight: 400;\"><\/div><\/span><span style=\"font-weight: 400;\"><\/span>\r\n<h2 class=\"text-justify\">Verificar mi boleto en 1xbet<\/h2>\r\n<p class=\"text-justify\">En caso de haber ganado alguna o varias apuestas que se hayan realizado, es l\u00f3gico que el siguiente paso que quieras dar sea el de verificar tu boleto en 1xbet. Para hacerlo, lo tienes bastante f\u00e1cil, ya que tan solo tienes que entrar en la secci\u00f3n de Deportes como si fueras a realizar una apuesta. Sin embargo, cuando est\u00e9s dentro, has de dirigirte al bot\u00f3n del Boleto de apuestas.<\/p>\r\n<p class=\"text-justify\">Con su men\u00fa abierto, simplemente procede para realizar la validaci\u00f3n y en cuesti\u00f3n de segundos la habr\u00e1s terminado. Recuerda que, en caso de haber ganado dinero, este tardar\u00e1 un m\u00ednimo de 15 minutos en ingresarse en cuenta o un m\u00e1ximo de 24 horas si escogiste las <a href=\"https:\/\/bet-bonus.net\/es\/metodos-de-pago\/visa-mastercard\/\">tarjetas de cr\u00e9dito\/d\u00e9bito<\/a> como forma de pago.<\/p>\r\n<span style=\"font-weight: 400;\">\r\n<div class=\"cta-direct-bonus\">\r\n    <div class=\"col-lg-8 col-md-8 col-sm-8 col-xs-12\">\r\n        <div class=\"row\">\r\n            <p class=\"cta-direct-slogan\">\r\n                \u00bfEst\u00e1s listo para Atrapar tu Bono de Bienvenida?            <\/p>\r\n        <\/div>\r\n    <\/div>\r\n    <div class=\"col-lg-4 col-md-4 col-sm-4 col-xs-12\">\r\n        <div class=\"row\">\r\n             <span class=\"cursored button js-golink cta-direct-button hvr-animation new-hover\"  onclick=\"OpenGoLink(this);\" data-operator=\"7\" data-bonus=\"3965\"   data-clicks=\"1\"data-type=\"sport\" ><span>Visita 1xBet Ahora!<\/span> <\/span> \r\n        <\/div>\r\n    <\/div>\r\n<\/div>\r\n\r\n<style type=\"text\/css\" media=\"screen\">\r\n    .cta-direct-button.new-hover {\r\n        padding: 3px 0 2px;\r\n    }\r\n<\/style><\/span>","protected":false},"excerpt":{"rendered":"Es muy importante tener toda la informaci\u00f3n posible a la hora de realizar apuestas deportivas, ya que los resultados, las lesiones, el historial de goles y muchos m\u00e1s factores influyen a la hora de determinar resultados o posible situaciones. Por eso mismo, el apartado 1xbet marcadores disponible dentro de la casa de apuestas 1xBet resulta<a href=\"https:\/\/bet-bonus.net\/es\/resultados-estadisticas\/\"> &#8230;<\/a>","protected":false},"author":1,"featured_media":0,"parent":0,"menu_order":0,"comment_status":"closed","ping_status":"closed","template":"","meta":{"footnotes":""},"categories":[],"tags":[],"class_list":["post-66","page","type-page","status-publish","hentry"],"yoast_head":"<!-- This site is optimized with the Yoast SEO plugin v26.7 - https:\/\/yoast.com\/wordpress\/plugins\/seo\/ -->\n<title>1xbet Resultados y Estad\u00edsticas \u00bb Consulta los Marcadores Online<\/title>\n<meta name=\"robots\" content=\"index, follow, max-snippet:-1, max-image-preview:large, max-video-preview:-1\" \/>\n<link rel=\"canonical\" href=\"https:\/\/bet-bonus.net\/es\/resultados-estadisticas\/\" \/>\n<meta property=\"og:locale\" content=\"es_ES\" \/>\n<meta property=\"og:type\" content=\"article\" \/>\n<meta property=\"og:title\" content=\"1xbet Resultados y Estad\u00edsticas \u00bb Consulta los Marcadores Online\" \/>\n<meta property=\"og:url\" content=\"https:\/\/bet-bonus.net\/es\/resultados-estadisticas\/\" \/>\n<meta property=\"og:site_name\" content=\"bet-bonus.net ES\" \/>\n<meta property=\"article:modified_time\" content=\"2018-07-24T11:13:41+00:00\" \/>\n<meta name=\"twitter:card\" content=\"summary_large_image\" \/>\n<meta name=\"twitter:label1\" content=\"Tiempo de lectura\" \/>\n\t<meta name=\"twitter:data1\" content=\"6 minutos\" \/>\n<script type=\"application\/ld+json\" class=\"yoast-schema-graph\">{\"@context\":\"https:\/\/schema.org\",\"@graph\":[{\"@type\":\"WebPage\",\"@id\":\"https:\/\/bet-bonus.net\/es\/resultados-estadisticas\/\",\"url\":\"https:\/\/bet-bonus.net\/es\/resultados-estadisticas\/\",\"name\":\"1xbet Resultados y Estad\u00edsticas \u00bb Consulta los Marcadores Online\",\"isPartOf\":{\"@id\":\"https:\/\/bet-bonus.net\/es\/#website\"},\"datePublished\":\"2018-06-12T10:27:25+00:00\",\"dateModified\":\"2018-07-24T11:13:41+00:00\",\"breadcrumb\":{\"@id\":\"https:\/\/bet-bonus.net\/es\/resultados-estadisticas\/#breadcrumb\"},\"inLanguage\":\"es\",\"potentialAction\":[{\"@type\":\"ReadAction\",\"target\":[\"https:\/\/bet-bonus.net\/es\/resultados-estadisticas\/\"]}]},{\"@type\":\"BreadcrumbList\",\"@id\":\"https:\/\/bet-bonus.net\/es\/resultados-estadisticas\/#breadcrumb\",\"itemListElement\":[{\"@type\":\"ListItem\",\"position\":1,\"name\":\"Home\",\"item\":\"https:\/\/bet-bonus.net\/es\/\"},{\"@type\":\"ListItem\",\"position\":2,\"name\":\"Marcadores Online en 1xBet - Consulta todos los Resultados &#038; Estad\u00edsticas\"}]},{\"@type\":\"WebSite\",\"@id\":\"https:\/\/bet-bonus.net\/es\/#website\",\"url\":\"https:\/\/bet-bonus.net\/es\/\",\"name\":\"bet-bonus.net ES\",\"description\":\"\",\"potentialAction\":[{\"@type\":\"SearchAction\",\"target\":{\"@type\":\"EntryPoint\",\"urlTemplate\":\"https:\/\/bet-bonus.net\/es\/?s={search_term_string}\"},\"query-input\":{\"@type\":\"PropertyValueSpecification\",\"valueRequired\":true,\"valueName\":\"search_term_string\"}}],\"inLanguage\":\"es\"}]}<\/script>\n<!-- \/ Yoast SEO plugin. -->","yoast_head_json":{"title":"1xbet Resultados y Estad\u00edsticas \u00bb Consulta los Marcadores Online","robots":{"index":"index","follow":"follow","max-snippet":"max-snippet:-1","max-image-preview":"max-image-preview:large","max-video-preview":"max-video-preview:-1"},"canonical":"https:\/\/bet-bonus.net\/es\/resultados-estadisticas\/","og_locale":"es_ES","og_type":"article","og_title":"1xbet Resultados y Estad\u00edsticas \u00bb Consulta los Marcadores Online","og_url":"https:\/\/bet-bonus.net\/es\/resultados-estadisticas\/","og_site_name":"bet-bonus.net ES","article_modified_time":"2018-07-24T11:13:41+00:00","twitter_card":"summary_large_image","twitter_misc":{"Tiempo de lectura":"6 minutos"},"schema":{"@context":"https:\/\/schema.org","@graph":[{"@type":"WebPage","@id":"https:\/\/bet-bonus.net\/es\/resultados-estadisticas\/","url":"https:\/\/bet-bonus.net\/es\/resultados-estadisticas\/","name":"1xbet Resultados y Estad\u00edsticas \u00bb Consulta los Marcadores Online","isPartOf":{"@id":"https:\/\/bet-bonus.net\/es\/#website"},"datePublished":"2018-06-12T10:27:25+00:00","dateModified":"2018-07-24T11:13:41+00:00","breadcrumb":{"@id":"https:\/\/bet-bonus.net\/es\/resultados-estadisticas\/#breadcrumb"},"inLanguage":"es","potentialAction":[{"@type":"ReadAction","target":["https:\/\/bet-bonus.net\/es\/resultados-estadisticas\/"]}]},{"@type":"BreadcrumbList","@id":"https:\/\/bet-bonus.net\/es\/resultados-estadisticas\/#breadcrumb","itemListElement":[{"@type":"ListItem","position":1,"name":"Home","item":"https:\/\/bet-bonus.net\/es\/"},{"@type":"ListItem","position":2,"name":"Marcadores Online en 1xBet - Consulta todos los Resultados &#038; Estad\u00edsticas"}]},{"@type":"WebSite","@id":"https:\/\/bet-bonus.net\/es\/#website","url":"https:\/\/bet-bonus.net\/es\/","name":"bet-bonus.net ES","description":"","potentialAction":[{"@type":"SearchAction","target":{"@type":"EntryPoint","urlTemplate":"https:\/\/bet-bonus.net\/es\/?s={search_term_string}"},"query-input":{"@type":"PropertyValueSpecification","valueRequired":true,"valueName":"search_term_string"}}],"inLanguage":"es"}]}},"_links":{"self":[{"href":"https:\/\/bet-bonus.net\/es\/wp-json\/wp\/v2\/pages\/66","targetHints":{"allow":["GET"]}}],"collection":[{"href":"https:\/\/bet-bonus.net\/es\/wp-json\/wp\/v2\/pages"}],"about":[{"href":"https:\/\/bet-bonus.net\/es\/wp-json\/wp\/v2\/types\/page"}],"author":[{"embeddable":true,"href":"https:\/\/bet-bonus.net\/es\/wp-json\/wp\/v2\/users\/1"}],"replies":[{"embeddable":true,"href":"https:\/\/bet-bonus.net\/es\/wp-json\/wp\/v2\/comments?post=66"}],"version-history":[{"count":4,"href":"https:\/\/bet-bonus.net\/es\/wp-json\/wp\/v2\/pages\/66\/revisions"}],"predecessor-version":[{"id":280,"href":"https:\/\/bet-bonus.net\/es\/wp-json\/wp\/v2\/pages\/66\/revisions\/280"}],"wp:attachment":[{"href":"https:\/\/bet-bonus.net\/es\/wp-json\/wp\/v2\/media?parent=66"}],"wp:term":[{"taxonomy":"category","embeddable":true,"href":"https:\/\/bet-bonus.net\/es\/wp-json\/wp\/v2\/categories?post=66"},{"taxonomy":"post_tag","embeddable":true,"href":"https:\/\/bet-bonus.net\/es\/wp-json\/wp\/v2\/tags?post=66"}],"curies":[{"name":"wp","href":"https:\/\/api.w.org\/{rel}","templated":true}]}}