{"id":62,"date":"2018-06-12T10:17:20","date_gmt":"2018-06-12T10:17:20","guid":{"rendered":"http:\/\/bet-bonus.net\/es\/?page_id=62"},"modified":"2018-06-18T14:02:15","modified_gmt":"2018-06-18T14:02:15","slug":"apuestas-telegram","status":"publish","type":"page","link":"https:\/\/bet-bonus.net\/es\/apuestas-telegram\/","title":{"rendered":"Canal de Apuestas Telegram - Principales Caracter\u00edsticas"},"content":{"rendered":"<p class=\"text-justify\">Para estar a la orden del d\u00eda y acorde con las necesidades m\u00e1s actuales, 1xBet Telegram se ha convertido en una de las principales bazas de la casa de apuestas online 1xbet. Se trata de un canal preparado para que cualquier usuario con una cuenta registrada en el portal web pueda apostar directamente desde su tel\u00e9fono m\u00f3vil y a trav\u00e9s de Telegram, sin necesidad de conectarse a ninguna p\u00e1gina ni hacer nada m\u00e1s.<\/p>\r\n<p class=\"text-justify\">Una de las opciones m\u00e1s utilizadas por los aut\u00e9nticos expertos en el sector de las apuestas, disponible para cualquier interesado. Vamos a hablar m\u00e1s sobre 1xbet Telegram.<\/p>\r\n\r\n<h2 class=\"text-justify\">Apuestas a trav\u00e9s de Telegram en 1xbet<\/h2>\r\n<p class=\"text-justify\">La opci\u00f3n de Telegram apuestas es una que ha ido ganando m\u00e1s y m\u00e1s adeptos en los \u00faltimos a\u00f1os. Muchos jugadores, viendo las posibilidades de la popular app de mensajer\u00eda instant\u00e1nea y gratuita, decidieron que combinarla con un portal de apuestas online se podr\u00eda construir un sistema f\u00e1cil y sencillo para apostar sin recurrir a otras herramientas externas ni demasiado complejas. En 1xBet tomaron buena nota de ello, abriendo un canal pensado para apostar desde el smartphone.<\/p>\r\n<p class=\"text-justify\">Cualquier usuario que entre en la p\u00e1gina principal de 1xbet puede ver c\u00f3mo, arriba a la izquierda, entre las diferentes opciones que hay listadas, aparece una llamada Apuestas a trav\u00e9s de Telegram. Pulsando en ella se tiene acceso directo al enlace para entrar al canal y a\u00f1adirlo a la lista de contactos en la <a href=\"https:\/\/bet-bonus.net\/es\/app\/\">aplicaci\u00f3n<\/a> dentro del m\u00f3vil.<\/p>\r\n<span style=\"font-weight: 400;\">\n<style>\n #operator-closed {\n        margin-top: 3em;\n        margin-bottom: 1rem;\n        color: #414141; \n    }\n    .operator-closed-body {\n        min-height: 420px;\n        background-color: #F9F9F9;\n    }\n    #operator-closed .operator-closed-message {\n        display: flex;\n        align-items: center;\n        justify-content: center;\n        font-size: 20px;\n        text-align: center;\n        color: #fff;\n        padding: 1.75em 0.5rem;\n        background: #002E5D;\n        text-shadow: 0 1px 1px rgba(0, 0, 0, 0.3);\n        box-shadow: 0 -4px 0 0 #1a1a1a;\n    }\n    #operator-closed .operator-closed-message b {\n        display: block;\n        font-size: 24px;\n    }\n    .operator-closed-box-container {\n        padding: 40px 30px;\n    }\n    #operator-closed .operator-closed-box {\n        display: flex;\n        flex-direction: column;\n        justify-content: center;\n        align-items: center;\n        background-color: #FFFFFF;\n        box-shadow: 0px 0px 5px #00000024;\n    }\n   \/* #operator-closed .operator-closed-box a:first-of-type {\n        display: flex;\n        justify-content: center;\n        width: 100%;\n        background: #ffffff;\n        border-top: 3px solid #f46613;\n    }*\/\n    #operator-closed img {\n        width: 100px;\n        display: block;\n    }\n    #operator-closed .operator-box-header { \n        display: flex; \n        width: 100%;\n        justify-content: center;\n        background-color: #ECECEC; \n        padding: 13px;\n    }\n    #operator-closed .operator-closed-box-stars {\n        display: flex;\n        flex-wrap: wrap;\n        justify-content: center;\n        padding: 1em 0;\n    }\n    #operator-closed .operator-closed-box-stars span{\n        color: #002E5D;\n        font-size: 36px;\n        line-height: 1.1;\n        text-align: center;\n        width: 100%;\n        font-weight: 900;\n    }\n    #operator-closed .button {\n        text-transform: uppercase;\n        margin-top: 0;\n        margin-bottom: 28px;\n        font-weight: 600;\n        padding: 10px 13px; \n        font-size: 13px; \n        width: 100%;\n    }\n    #operator-closed .button i {\n        font-size: 12px;\n        padding-top: 0;\n    }\n    .claim-bonus-code:hover>.bonus-btn-main-sec {\n        color: #c8102e;\n    }\n    @media ( max-width: 767px ) {\n\n        #operator-closed .operator-closed-message {\n            font-size: 14px;\n        }  \n        #operator-closed .operator-closed-message b {\n            font-size: 17px;\n        }\n        #operator-closed .operator-closed-box {\n            flex-direction: row;\n            flex-wrap: wrap;\n            justify-content: space-around;\n            max-width: 300px;\n            margin-left: auto;\n            margin-right: auto;\n        }\n        #operator-closed .col-lg-4.col-md-6.col-sm-4.col-xs-12:nth-child(3) .operator-closed-box {\n            margin-bottom: 0; \n        }\n        .operator-closed-box-container {\n            padding: 30px 15px;\n        }\n        #operator-closed .operator-closed-box {\n            margin-bottom: 2.5rem; \n        }\n    }\n<\/style>\n<div id=\"operator-closed-wrapper\">\n    <div id=\"operator-closed\" class=\"operator-closed-body\">\n        <div class=\"operator-closed-message \">\n\n            <div><b>Mejor echa un vistazo a estos mejores casinos<\/b>\n                             <\/div>\n        <\/div>\n        \n        <div class=\"row operator-closed-box-container\">\n                            <div class=\"col-lg-4 col-md-6 col-sm-4 col-xs-12\">\n                    <div class=\"operator-closed-box\">\n                        <span class=\"operator-box-header\"><img decoding=\"async\" src=\"\/spanish\/assets\/logos\/sport\/light-back\/bwin.png\" width=\"auto\" height=\"auto\" alt=\"Bwin\" \/><\/span>                        <div class=\"operator-closed-box-stars\">\n                          <span>100\u20ac <\/span>Max Bonus                        <\/div>\n\n                        <div class=\"claim-bonus-code button-bottom\">\n                             <span class=\"cursored button js-golink hvr-animation multi-line bonus-btn-main-sec\"  onclick=\"OpenGoLink(this);\" data-operator=\"79\" data-bonus=\"16070\"   data-clicks=\"34\"data-type=\"sport\" >visita el casino<i class=\"fa fa-chevron-right\" aria-hidden=\"true\"><\/i> <\/span>                         <\/div><!-- \/.claim-bonus-code -->   \n                    <\/div>\n                <\/div>\n                                <div class=\"col-lg-4 col-md-6 col-sm-4 col-xs-12\">\n                    <div class=\"operator-closed-box\">\n                        <span class=\"operator-box-header\"><img decoding=\"async\" src=\"\/spanish\/assets\/logos\/sport\/light-back\/888sport.png\" width=\"auto\" height=\"auto\" alt=\"888\" \/><\/span>                        <div class=\"operator-closed-box-stars\">\n                          <span>110\u20ac <\/span>Max Bonus                        <\/div>\n\n                        <div class=\"claim-bonus-code button-bottom\">\n                             <span class=\"cursored button js-golink hvr-animation multi-line bonus-btn-main-sec\"  onclick=\"OpenGoLink(this);\" data-operator=\"20\" data-bonus=\"6743\"   data-clicks=\"22\"data-type=\"sport\" >visita el casino<i class=\"fa fa-chevron-right\" aria-hidden=\"true\"><\/i> <\/span>                         <\/div><!-- \/.claim-bonus-code -->   \n                    <\/div>\n                <\/div>\n                                <div class=\"col-lg-4 col-md-6 col-sm-4 col-xs-12\">\n                    <div class=\"operator-closed-box\">\n                        <span class=\"operator-box-header\"><img decoding=\"async\" src=\"\/spanish\/assets\/logos\/sport\/light-back\/william-hill.png\" width=\"auto\" height=\"auto\" alt=\"WilliamHill\" \/><\/span>                        <div class=\"operator-closed-box-stars\">\n                          <span>500A$ <\/span>Max Bonus                        <\/div>\n\n                        <div class=\"claim-bonus-code button-bottom\">\n                             <span class=\"cursored button js-golink hvr-animation multi-line bonus-btn-main-sec\"  onclick=\"OpenGoLink(this);\" data-operator=\"315\" data-bonus=\"2809\"   data-clicks=\"24\"data-type=\"sport\" >visita el casino<i class=\"fa fa-chevron-right\" aria-hidden=\"true\"><\/i> <\/span>                         <\/div><!-- \/.claim-bonus-code -->   \n                    <\/div>\n                <\/div>\n                        <\/div>\n    <\/div>\n<\/div><\/span>\r\n\r\n<span style=\"font-weight: 400;\"><div class=\"moreHome hideContent\"><\/span>\r\n<p class=\"text-justify\">Y lo mejor es que ofrece un abanico pr\u00e1cticamente id\u00e9ntico al de la web. Con solo coger tu tel\u00e9fono m\u00f3vil y abrir Telegram, puedes acceder a este bot que, aunque te pide iniciar sesi\u00f3n previamente, posee un amplio rango de men\u00fas a trav\u00e9s de los que realizar apuestas, depositar fondos, conocer el saldo de la cuenta, jugar con las m\u00e1quinas tragamonedas, comprobar el historial de apuestas realizadas o incluso comprobar el estado del boleto de apuestas para modificarlo o ver si se ha tenido alguna victoria recientemente.<\/p>\r\n<p class=\"text-justify\">Un rango de opciones disponibles para que se ejecuten con tan solo realizar un par de pulsaciones sobre la pantalla del terminal. Apenas requiere esfuerzo y tampoco instalaci\u00f3n m\u00e1s all\u00e1 de contar con la app de Telegram en el tel\u00e9fono, lo que hace mucho m\u00e1s sencilla la experiencia de uso de 1xbet y la transforma por completo para sacar partido de una aplicaci\u00f3n destinada a la mensajer\u00eda. Es un avance bastante importante y, sobre todo, necesario; ya que cada vez son m\u00e1s los que recurren a este sistema.<\/p>\r\n<span style=\"font-weight: 400;\"><\/div><\/span>\r\n<h2 class=\"text-justify\">C\u00f3mo participar en el canal de Telegram para apostar<\/h2>\r\n<p class=\"text-justify\">Si no sabes c\u00f3mo participar en el canal de Telegram para apostar, vamos a dedicar este apartado por completo a explicarte los pasos a seguir. Es un proceso que se lleva a cabo en cuesti\u00f3n de segundos; pero que te vamos a concretar de forma totalmente detallada para que puedas seguir nuestras indicaciones y, al terminar, tener el men\u00fa para apuestas abierto y listo para empezar:<\/p>\r\n\r\n<ol>\r\n \t<li class=\"text-justify\">Si no lo tienes, instala Telegram en tu tel\u00e9fono m\u00f3vil. Lo tienes disponible en la App Store si eres usuario de iOS o en Google Play Store si utilizas <a href=\"https:\/\/bet-bonus.net\/es\/app\/android\/\">Android<\/a>.<\/li>\r\n \t<li class=\"text-justify\">Entra en la p\u00e1gina web de 1xBet. No importa que lo hagas desde el PC o desde tu smartphone, accede a la p\u00e1gina principal a trav\u00e9s de tu navegador web y dir\u00edgete a la parte superior izquierda para pulsar en el bot\u00f3n de Apuestas a trav\u00e9s de Telegram.<\/li>\r\n \t<li class=\"text-justify\">En el cuadro de explicaci\u00f3n de este apartado, ver\u00e1s un texto resaltado en azul, \u201c@bot1xbetBot\u201d. Tienes que pulsar en \u00e9l para que se cargue autom\u00e1ticamente en tu Telegram. Se te preguntar\u00e1 si quieres a\u00f1adirlo, acepta y ya lo tendr\u00e1s contigo.<\/li>\r\n \t<li class=\"text-justify\">En la app, tendr\u00e1s una conversaci\u00f3n abierta con este a\u00f1adido de 1xBet. Te pedir\u00e1 que inicies sesi\u00f3n en tu perfil de usuario, por lo que probablemente se te redirigir\u00e1 a la web para rellenar el correspondiente formulario. Cuando lo hagas, volver\u00e1s a la aplicaci\u00f3n y se desplegar\u00e1 todo un men\u00fa de opciones.<\/li>\r\n \t<li class=\"text-justify\">Ya puedes entrar en aquellas que desees y consultar informaci\u00f3n, apostar o jugar como lo har\u00edas en la p\u00e1gina web, aunque modificando todos los par\u00e1metros directamente desde el chat de Telegram, mucho m\u00e1s ligero y, en ocasiones, m\u00e1s f\u00e1cil de ver.<\/li>\r\n<\/ol>\r\n<p class=\"text-justify\">Si has seguido todos estos pasos, puedes utilizar el canal de 1xbet telegram a partir de ahora y con total libertad. Solo es necesario que tengas una conexi\u00f3n a internet para entrar en tu perfil y jugar como har\u00edas habitualmente, pero a trav\u00e9s de una interfaz distinta.<\/p>\r\n<span style=\"font-weight: 400;\">\r\n<div class=\"cta-direct-bonus\">\r\n    <div class=\"col-lg-8 col-md-8 col-sm-8 col-xs-12\">\r\n        <div class=\"row\">\r\n            <p class=\"cta-direct-slogan\">\r\n                \u00bfEst\u00e1s listo para Atrapar tu Bono de Bienvenida?            <\/p>\r\n        <\/div>\r\n    <\/div>\r\n    <div class=\"col-lg-4 col-md-4 col-sm-4 col-xs-12\">\r\n        <div class=\"row\">\r\n             <span class=\"cursored button js-golink cta-direct-button hvr-animation new-hover\"  onclick=\"OpenGoLink(this);\" data-operator=\"7\" data-bonus=\"3965\"   data-clicks=\"1\"data-type=\"sport\" ><span>Visita 1xBet Ahora!<\/span> <\/span> \r\n        <\/div>\r\n    <\/div>\r\n<\/div>\r\n\r\n<style type=\"text\/css\" media=\"screen\">\r\n    .cta-direct-button.new-hover {\r\n        padding: 3px 0 2px;\r\n    }\r\n<\/style><\/span>\r\n<h2 class=\"text-justify\">Conseguir los bonos de 1xbet a trav\u00e9s de Telegram<\/h2>\r\n<p class=\"text-justify\">Los <a href=\"https:\/\/bet-bonus.net\/es\/\">bonos de 1xbet<\/a> se pueden aprovechar utilizando el sistema que ha preparado para Telegram, y es que a trav\u00e9s de la app se ofrece la oportunidad tanto de apostar como de a\u00f1adir fondos al perfil a trav\u00e9s de diferentes m\u00e9todos, lo que abre las puertas a muchas de las promociones que esta p\u00e1gina tiene activas tanto para apostar como para jugar.<\/p>\r\n<p class=\"text-justify\">Promos como la de bienvenida, los Viernes de la Suerte, los Mi\u00e9rcoles x2 o incluso la Combinada del D\u00eda est\u00e1n siempre disponibles, o al menos en los d\u00edas de la semana en los que el portal las pone en marcha, para poder aprovecharse tambi\u00e9n usando la alternativa de la app de mensajer\u00eda instant\u00e1nea.<\/p>\r\n<span style=\"font-weight: 400;\"><div class=\"moreHome hideContent\"><\/span>\r\n<p class=\"text-justify\">El jugador o usuario tan solo tiene que limitarse a cumplir con los requisitos que se indican en cada uno de estos bonus disponibles para jugar y tendr\u00e1 la ocasi\u00f3n de aprovechar esas oportunidades extra. Ingresos adicionales para jugar, giros de regalo, mejoras en las cuotas del <a href=\"https:\/\/bet-bonus.net\/es\/mercados-deportes\/peleas-de-gallos\/\">mercado de apuestas<\/a> o incluso premios en forma de videoconsolas, coches y dem\u00e1s recompensas disponibles para todos tambi\u00e9n se encuentran aqu\u00ed.<\/p>\r\n<p class=\"text-justify\">Es posible aprovechar estos bonos especiales tambi\u00e9n a trav\u00e9s del Telegram de 1xBet, lo que le da una utilidad y practicidad a\u00fan mayor a esta forma de utilizar los servicios de la casa de apuestas.<\/p>\r\n<span style=\"font-weight: 400;\"><\/div><\/span>\r\n<h2 class=\"text-justify\">\u00bfQu\u00e9 es Telegram y c\u00f3mo usarlo?<\/h2>\r\n<p class=\"text-justify\">Telegram, como ya se ha se\u00f1alado previamente, es una aplicaci\u00f3n de mensajer\u00eda instant\u00e1nea lanzada para rivalizar con WhatsApp. Una de sus mayores peculiaridades es precisamente lo que hace posible la interacci\u00f3n con la plataforma online de la casa 1xBet, la posibilidad de crear bots automatizados que sirvan para llevar a cabo diferentes tareas relacionadas con otros sistemas o plataformas.<\/p>\r\n<span style=\"font-weight: 400;\"><div class=\"moreHome hideContent\"><\/span>\r\n<p class=\"text-justify\">Descargar esta app es tan sencillo como entrar en la tienda de aplicaciones de la compa\u00f1\u00eda en cuesti\u00f3n, Google Play para Android y la App Store para iOS, buscarla por su nombre e instalarla sin pagar nada, dado que es gratuita. A partir de ah\u00ed, el usuario solo tiene que llevar a cabo un peque\u00f1o proceso de activaci\u00f3n para sincronizar su agenda y charlar con los contactos que posea y tengan tambi\u00e9n una cuenta en telegram.<\/p>\r\n<p class=\"text-justify\">En cuanto al uso del canal de 1xBet, ya hemos explicado los pasos a seguir para implementarlo. Una vez se tiene listo y preparado, se accede a \u00e9l como a una conversaci\u00f3n m\u00e1s dentro de esta aplicaci\u00f3n, pero se utiliza pasando por los diferentes men\u00fas y las opciones que se activan escribiendo en la barra de chat como en una conversaci\u00f3n cualquiera. Su uso es extremadamente sencillo.<\/p>\r\n<span style=\"font-weight: 400;\"><\/div><\/span>\r\n\r\n<span style=\"font-weight: 400;\">\r\n<div class=\"cta-direct-bonus\">\r\n    <div class=\"col-lg-8 col-md-8 col-sm-8 col-xs-12\">\r\n        <div class=\"row\">\r\n            <p class=\"cta-direct-slogan\">\r\n                \u00bfEst\u00e1s listo para Atrapar tu Bono de Bienvenida?            <\/p>\r\n        <\/div>\r\n    <\/div>\r\n    <div class=\"col-lg-4 col-md-4 col-sm-4 col-xs-12\">\r\n        <div class=\"row\">\r\n             <span class=\"cursored button js-golink cta-direct-button hvr-animation new-hover\"  onclick=\"OpenGoLink(this);\" data-operator=\"7\" data-bonus=\"3965\"   data-clicks=\"1\"data-type=\"sport\" ><span>Visita 1xBet Ahora!<\/span> <\/span> \r\n        <\/div>\r\n    <\/div>\r\n<\/div>\r\n\r\n<style type=\"text\/css\" media=\"screen\">\r\n    .cta-direct-button.new-hover {\r\n        padding: 3px 0 2px;\r\n    }\r\n<\/style><\/span>","protected":false},"excerpt":{"rendered":"Para estar a la orden del d\u00eda y acorde con las necesidades m\u00e1s actuales, 1xBet Telegram se ha convertido en una de las principales bazas de la casa de apuestas online 1xbet. Se trata de un canal preparado para que cualquier usuario con una cuenta registrada en el portal web pueda apostar directamente desde su<a href=\"https:\/\/bet-bonus.net\/es\/apuestas-telegram\/\"> &#8230;<\/a>","protected":false},"author":1,"featured_media":0,"parent":0,"menu_order":0,"comment_status":"closed","ping_status":"closed","template":"","meta":{"footnotes":""},"categories":[],"tags":[],"class_list":["post-62","page","type-page","status-publish","hentry"],"yoast_head":"<!-- This site is optimized with the Yoast SEO plugin v26.7 - https:\/\/yoast.com\/wordpress\/plugins\/seo\/ -->\n<title>1xbet Telegram \u00bb Tu Canal de Mensajer\u00eda Instant\u00e1nea para Apostar<\/title>\n<meta name=\"robots\" content=\"index, follow, max-snippet:-1, max-image-preview:large, max-video-preview:-1\" \/>\n<link rel=\"canonical\" href=\"https:\/\/bet-bonus.net\/es\/apuestas-telegram\/\" \/>\n<meta property=\"og:locale\" content=\"es_ES\" \/>\n<meta property=\"og:type\" content=\"article\" \/>\n<meta property=\"og:title\" content=\"1xbet Telegram \u00bb Tu Canal de Mensajer\u00eda Instant\u00e1nea para Apostar\" \/>\n<meta property=\"og:url\" content=\"https:\/\/bet-bonus.net\/es\/apuestas-telegram\/\" \/>\n<meta property=\"og:site_name\" content=\"bet-bonus.net ES\" \/>\n<meta property=\"article:modified_time\" content=\"2018-06-18T14:02:15+00:00\" \/>\n<meta name=\"twitter:card\" content=\"summary_large_image\" \/>\n<meta name=\"twitter:label1\" content=\"Tiempo de lectura\" \/>\n\t<meta name=\"twitter:data1\" content=\"7 minutos\" \/>\n<script type=\"application\/ld+json\" class=\"yoast-schema-graph\">{\"@context\":\"https:\/\/schema.org\",\"@graph\":[{\"@type\":\"WebPage\",\"@id\":\"https:\/\/bet-bonus.net\/es\/apuestas-telegram\/\",\"url\":\"https:\/\/bet-bonus.net\/es\/apuestas-telegram\/\",\"name\":\"1xbet Telegram \u00bb Tu Canal de Mensajer\u00eda Instant\u00e1nea para Apostar\",\"isPartOf\":{\"@id\":\"https:\/\/bet-bonus.net\/es\/#website\"},\"datePublished\":\"2018-06-12T10:17:20+00:00\",\"dateModified\":\"2018-06-18T14:02:15+00:00\",\"breadcrumb\":{\"@id\":\"https:\/\/bet-bonus.net\/es\/apuestas-telegram\/#breadcrumb\"},\"inLanguage\":\"es\",\"potentialAction\":[{\"@type\":\"ReadAction\",\"target\":[\"https:\/\/bet-bonus.net\/es\/apuestas-telegram\/\"]}]},{\"@type\":\"BreadcrumbList\",\"@id\":\"https:\/\/bet-bonus.net\/es\/apuestas-telegram\/#breadcrumb\",\"itemListElement\":[{\"@type\":\"ListItem\",\"position\":1,\"name\":\"Home\",\"item\":\"https:\/\/bet-bonus.net\/es\/\"},{\"@type\":\"ListItem\",\"position\":2,\"name\":\"Canal de Apuestas Telegram - Principales Caracter\u00edsticas\"}]},{\"@type\":\"WebSite\",\"@id\":\"https:\/\/bet-bonus.net\/es\/#website\",\"url\":\"https:\/\/bet-bonus.net\/es\/\",\"name\":\"bet-bonus.net ES\",\"description\":\"\",\"potentialAction\":[{\"@type\":\"SearchAction\",\"target\":{\"@type\":\"EntryPoint\",\"urlTemplate\":\"https:\/\/bet-bonus.net\/es\/?s={search_term_string}\"},\"query-input\":{\"@type\":\"PropertyValueSpecification\",\"valueRequired\":true,\"valueName\":\"search_term_string\"}}],\"inLanguage\":\"es\"}]}<\/script>\n<!-- \/ Yoast SEO plugin. -->","yoast_head_json":{"title":"1xbet Telegram \u00bb Tu Canal de Mensajer\u00eda Instant\u00e1nea para Apostar","robots":{"index":"index","follow":"follow","max-snippet":"max-snippet:-1","max-image-preview":"max-image-preview:large","max-video-preview":"max-video-preview:-1"},"canonical":"https:\/\/bet-bonus.net\/es\/apuestas-telegram\/","og_locale":"es_ES","og_type":"article","og_title":"1xbet Telegram \u00bb Tu Canal de Mensajer\u00eda Instant\u00e1nea para Apostar","og_url":"https:\/\/bet-bonus.net\/es\/apuestas-telegram\/","og_site_name":"bet-bonus.net ES","article_modified_time":"2018-06-18T14:02:15+00:00","twitter_card":"summary_large_image","twitter_misc":{"Tiempo de lectura":"7 minutos"},"schema":{"@context":"https:\/\/schema.org","@graph":[{"@type":"WebPage","@id":"https:\/\/bet-bonus.net\/es\/apuestas-telegram\/","url":"https:\/\/bet-bonus.net\/es\/apuestas-telegram\/","name":"1xbet Telegram \u00bb Tu Canal de Mensajer\u00eda Instant\u00e1nea para Apostar","isPartOf":{"@id":"https:\/\/bet-bonus.net\/es\/#website"},"datePublished":"2018-06-12T10:17:20+00:00","dateModified":"2018-06-18T14:02:15+00:00","breadcrumb":{"@id":"https:\/\/bet-bonus.net\/es\/apuestas-telegram\/#breadcrumb"},"inLanguage":"es","potentialAction":[{"@type":"ReadAction","target":["https:\/\/bet-bonus.net\/es\/apuestas-telegram\/"]}]},{"@type":"BreadcrumbList","@id":"https:\/\/bet-bonus.net\/es\/apuestas-telegram\/#breadcrumb","itemListElement":[{"@type":"ListItem","position":1,"name":"Home","item":"https:\/\/bet-bonus.net\/es\/"},{"@type":"ListItem","position":2,"name":"Canal de Apuestas Telegram - Principales Caracter\u00edsticas"}]},{"@type":"WebSite","@id":"https:\/\/bet-bonus.net\/es\/#website","url":"https:\/\/bet-bonus.net\/es\/","name":"bet-bonus.net ES","description":"","potentialAction":[{"@type":"SearchAction","target":{"@type":"EntryPoint","urlTemplate":"https:\/\/bet-bonus.net\/es\/?s={search_term_string}"},"query-input":{"@type":"PropertyValueSpecification","valueRequired":true,"valueName":"search_term_string"}}],"inLanguage":"es"}]}},"_links":{"self":[{"href":"https:\/\/bet-bonus.net\/es\/wp-json\/wp\/v2\/pages\/62","targetHints":{"allow":["GET"]}}],"collection":[{"href":"https:\/\/bet-bonus.net\/es\/wp-json\/wp\/v2\/pages"}],"about":[{"href":"https:\/\/bet-bonus.net\/es\/wp-json\/wp\/v2\/types\/page"}],"author":[{"embeddable":true,"href":"https:\/\/bet-bonus.net\/es\/wp-json\/wp\/v2\/users\/1"}],"replies":[{"embeddable":true,"href":"https:\/\/bet-bonus.net\/es\/wp-json\/wp\/v2\/comments?post=62"}],"version-history":[{"count":5,"href":"https:\/\/bet-bonus.net\/es\/wp-json\/wp\/v2\/pages\/62\/revisions"}],"predecessor-version":[{"id":279,"href":"https:\/\/bet-bonus.net\/es\/wp-json\/wp\/v2\/pages\/62\/revisions\/279"}],"wp:attachment":[{"href":"https:\/\/bet-bonus.net\/es\/wp-json\/wp\/v2\/media?parent=62"}],"wp:term":[{"taxonomy":"category","embeddable":true,"href":"https:\/\/bet-bonus.net\/es\/wp-json\/wp\/v2\/categories?post=62"},{"taxonomy":"post_tag","embeddable":true,"href":"https:\/\/bet-bonus.net\/es\/wp-json\/wp\/v2\/tags?post=62"}],"curies":[{"name":"wp","href":"https:\/\/api.w.org\/{rel}","templated":true}]}}