{"id":58,"date":"2018-06-12T10:10:39","date_gmt":"2018-06-12T10:10:39","guid":{"rendered":"http:\/\/bet-bonus.net\/es\/?page_id=58"},"modified":"2018-08-09T10:31:38","modified_gmt":"2018-08-09T10:31:38","slug":"live-streaming","status":"publish","type":"page","link":"https:\/\/bet-bonus.net\/es\/live-streaming\/","title":{"rendered":"Ver F\u00fatbol y Deportes Online en 1xBet - El Live Streaming Gratis"},"content":{"rendered":"<p class=\"text-justify\">Para disfrutar de los mejores partidos en directo mientras se realizan apuestas tambi\u00e9n en directo, 1xbet Live Streaming es la mejor secci\u00f3n de la casa de apuestas online y juegos de azar. Se trata de un apartado donde el usuario puede ver cualquier evento deportivo importante sin tener que pagar nada, pensado para poder apostar mientras tanto a trav\u00e9s de la modalidad de apuestas live.<\/p>\r\n<p class=\"text-justify\">Si no conoc\u00edas esta opci\u00f3n de la web de 1xBet, vamos a explicarla en profundidad para que conozcas todos sus detalles y posibilidades. Es otra de las grandes opciones que este portal brinda a sus usuarios.<\/p>\r\n\r\n<h2 class=\"text-justify\">1xbet, p\u00e1gina rusa para ver f\u00fatbol en directo<\/h2>\r\n<p class=\"text-justify\">Aunque su finalidad es la de ofrecer lo mejor a la hora de realizar apuestas deportivas y disfrutar de juegos de azar o cartas, 1xbet es tambi\u00e9n una de las mejores paginas rusas para ver f\u00fatbol y otros tantos deportes. La opci\u00f3n de disfrutar de partidos de esta disciplina, como tambi\u00e9n de otras como el baloncesto el tenis est\u00e1 disponible para quien la necesite.<\/p>\r\n<p class=\"text-justify\">No obstante, no es algo abierto a todo el mundo. Para disfrutar de la calidad de imagen y la fluidez que ofrece 1xbet live streaming, es necesario haberse registrado antes en la web y, adem\u00e1s, haber a\u00f1adido alg\u00fan fondo al dep\u00f3sito del usuario para poder realizar apuestas. Y es que su finalidad no es otra que la de permitir a los jugadores apostar en directo teniendo toda la informaci\u00f3n posible de primera mano, como si estuvieran disfrutando del partido en su televisor o en el estadio.<\/p>\r\n<span style=\"font-weight: 400;\"><div class=\"moreHome hideContent\"><\/span>\r\n<p class=\"text-justify\">Para muchos, es la mejor pagina rusa de f\u00fatbol; pero para la inmensa mayor\u00eda realmente es un a\u00f1adido excepcional para seguir disfrutando de las <a href=\"https:\/\/bet-bonus.net\/es\/apuestas-deportivas\/\">apuestas<\/a> y tratar de ganar m\u00e1s dinero jugando. Afortunadamente, se trata de un servicio disponible de forma totalmente gratuita, sin tener que pagar ni un c\u00e9ntimo por ver cualquiera de los encuentros que sean interesantes.<\/p>\r\n<span style=\"font-weight: 400;\"><\/div><\/span>\r\n\r\n<span style=\"font-weight: 400;\"> \n<style>\n #operator-closed {\n        margin-top: 3em;\n        margin-bottom: 1rem;\n        color: #414141; \n    }\n    .operator-closed-body {\n        min-height: 420px;\n        background-color: #F9F9F9;\n    }\n    #operator-closed .operator-closed-message {\n        display: flex;\n        align-items: center;\n        justify-content: center;\n        font-size: 20px;\n        text-align: center;\n        color: #fff;\n        padding: 1.75em 0.5rem;\n        background: #002E5D;\n        text-shadow: 0 1px 1px rgba(0, 0, 0, 0.3);\n        box-shadow: 0 -4px 0 0 #1a1a1a;\n    }\n    #operator-closed .operator-closed-message b {\n        display: block;\n        font-size: 24px;\n    }\n    .operator-closed-box-container {\n        padding: 40px 30px;\n    }\n    #operator-closed .operator-closed-box {\n        display: flex;\n        flex-direction: column;\n        justify-content: center;\n        align-items: center;\n        background-color: #FFFFFF;\n        box-shadow: 0px 0px 5px #00000024;\n    }\n   \/* #operator-closed .operator-closed-box a:first-of-type {\n        display: flex;\n        justify-content: center;\n        width: 100%;\n        background: #ffffff;\n        border-top: 3px solid #f46613;\n    }*\/\n    #operator-closed img {\n        width: 100px;\n        display: block;\n    }\n    #operator-closed .operator-box-header { \n        display: flex; \n        width: 100%;\n        justify-content: center;\n        background-color: #ECECEC; \n        padding: 13px;\n    }\n    #operator-closed .operator-closed-box-stars {\n        display: flex;\n        flex-wrap: wrap;\n        justify-content: center;\n        padding: 1em 0;\n    }\n    #operator-closed .operator-closed-box-stars span{\n        color: #002E5D;\n        font-size: 36px;\n        line-height: 1.1;\n        text-align: center;\n        width: 100%;\n        font-weight: 900;\n    }\n    #operator-closed .button {\n        text-transform: uppercase;\n        margin-top: 0;\n        margin-bottom: 28px;\n        font-weight: 600;\n        padding: 10px 13px; \n        font-size: 13px; \n        width: 100%;\n    }\n    #operator-closed .button i {\n        font-size: 12px;\n        padding-top: 0;\n    }\n    .claim-bonus-code:hover>.bonus-btn-main-sec {\n        color: #c8102e;\n    }\n    @media ( max-width: 767px ) {\n\n        #operator-closed .operator-closed-message {\n            font-size: 14px;\n        }  \n        #operator-closed .operator-closed-message b {\n            font-size: 17px;\n        }\n        #operator-closed .operator-closed-box {\n            flex-direction: row;\n            flex-wrap: wrap;\n            justify-content: space-around;\n            max-width: 300px;\n            margin-left: auto;\n            margin-right: auto;\n        }\n        #operator-closed .col-lg-4.col-md-6.col-sm-4.col-xs-12:nth-child(3) .operator-closed-box {\n            margin-bottom: 0; \n        }\n        .operator-closed-box-container {\n            padding: 30px 15px;\n        }\n        #operator-closed .operator-closed-box {\n            margin-bottom: 2.5rem; \n        }\n    }\n<\/style>\n<div id=\"operator-closed-wrapper\">\n    <div id=\"operator-closed\" class=\"operator-closed-body\">\n        <div class=\"operator-closed-message \">\n\n            <div><b>Mejor echa un vistazo a estos mejores casinos<\/b>\n                             <\/div>\n        <\/div>\n        \n        <div class=\"row operator-closed-box-container\">\n                            <div class=\"col-lg-4 col-md-6 col-sm-4 col-xs-12\">\n                    <div class=\"operator-closed-box\">\n                        <span class=\"operator-box-header\"><img decoding=\"async\" src=\"\/spanish\/assets\/logos\/sport\/light-back\/bwin.png\" width=\"auto\" height=\"auto\" alt=\"Bwin\" \/><\/span>                        <div class=\"operator-closed-box-stars\">\n                          <span>100\u20ac <\/span>Max Bonus                        <\/div>\n\n                        <div class=\"claim-bonus-code button-bottom\">\n                             <span class=\"cursored button js-golink hvr-animation multi-line bonus-btn-main-sec\"  onclick=\"OpenGoLink(this);\" data-operator=\"79\" data-bonus=\"16070\"   data-clicks=\"34\"data-type=\"sport\" >visita el casino<i class=\"fa fa-chevron-right\" aria-hidden=\"true\"><\/i> <\/span>                         <\/div><!-- \/.claim-bonus-code -->   \n                    <\/div>\n                <\/div>\n                                <div class=\"col-lg-4 col-md-6 col-sm-4 col-xs-12\">\n                    <div class=\"operator-closed-box\">\n                        <span class=\"operator-box-header\"><img decoding=\"async\" src=\"\/spanish\/assets\/logos\/sport\/light-back\/888sport.png\" width=\"auto\" height=\"auto\" alt=\"888\" \/><\/span>                        <div class=\"operator-closed-box-stars\">\n                          <span>110\u20ac <\/span>Max Bonus                        <\/div>\n\n                        <div class=\"claim-bonus-code button-bottom\">\n                             <span class=\"cursored button js-golink hvr-animation multi-line bonus-btn-main-sec\"  onclick=\"OpenGoLink(this);\" data-operator=\"20\" data-bonus=\"6743\"   data-clicks=\"22\"data-type=\"sport\" >visita el casino<i class=\"fa fa-chevron-right\" aria-hidden=\"true\"><\/i> <\/span>                         <\/div><!-- \/.claim-bonus-code -->   \n                    <\/div>\n                <\/div>\n                                <div class=\"col-lg-4 col-md-6 col-sm-4 col-xs-12\">\n                    <div class=\"operator-closed-box\">\n                        <span class=\"operator-box-header\"><img decoding=\"async\" src=\"\/spanish\/assets\/logos\/sport\/light-back\/william-hill.png\" width=\"auto\" height=\"auto\" alt=\"WilliamHill\" \/><\/span>                        <div class=\"operator-closed-box-stars\">\n                          <span>500A$ <\/span>Max Bonus                        <\/div>\n\n                        <div class=\"claim-bonus-code button-bottom\">\n                             <span class=\"cursored button js-golink hvr-animation multi-line bonus-btn-main-sec\"  onclick=\"OpenGoLink(this);\" data-operator=\"315\" data-bonus=\"2809\"   data-clicks=\"24\"data-type=\"sport\" >visita el casino<i class=\"fa fa-chevron-right\" aria-hidden=\"true\"><\/i> <\/span>                         <\/div><!-- \/.claim-bonus-code -->   \n                    <\/div>\n                <\/div>\n                        <\/div>\n    <\/div>\n<\/div><\/span>\r\n<h2 class=\"text-justify\">Gu\u00eda para ver live streaming en 1xbet<\/h2>\r\n<p class=\"text-justify\">Activar 1xbet streaming es mucho m\u00e1s f\u00e1cil de lo que puede parecer. La p\u00e1gina web tiene un apartado siempre disponible para que los usuarios disfruten de todos los partidos activos y en directo sin tener que moverse de su ordenador o de su smartphone, con un alto nivel de calidad de imagen y sin requerir una conexi\u00f3n a internet demasiado elevada.<\/p>\r\n<p class=\"text-justify\">En esta secci\u00f3n, 1xbet c\u00f3mo ver partidos, vamos a explicarte c\u00f3mo ver partidos de cualquier deporte posible y disponible dentro del cat\u00e1logo de emisiones de esta casa de apuestas en l\u00ednea. Todo paso a paso y con un lenguaje sencillo:<\/p>\r\n\r\n<ol>\r\n \t<li>Entra en el <a href=\"https:\/\/bet-bonus.net\/es\/\">portal online de 1xBet<\/a> e inicia sesi\u00f3n yendo al bot\u00f3n disponible en la parte superior de la ventana. Introduce tu email y tu clave de acceso para terminar con el login en tu perfil.<\/li>\r\n \t<li>Ahora, con tu usuario iniciado, ve a la barra superior que hay justo debajo de donde pulsaste antes y haz clic en \u2018Directo\u2019, sin importar el men\u00fa desplegable que aparece cuando pasas el rat\u00f3n.<\/li>\r\n \t<li>Desde aqu\u00ed, puedes acceder ya a los partidos que se est\u00e1n celebrando al momento y verlos; pero es recomendable hacer clic en el bot\u00f3n que contiene un monitor, al comienzo de todas las disciplinas que aparecen listadas en la barra que hay justo encima de los partidos y las cuotas de apuestas. Al hacerlo, se filtrar\u00e1 todo para que solo aparezca aquello que pueda verse v\u00eda streaming.<\/li>\r\n \t<li>Ahora, elige el enfrentamiento que quieras ver y, en lugar de pulsar en su nombre, presiona el peque\u00f1o bot\u00f3n que contiene la palabra Live. Ver\u00e1s que aparece una ventana peque\u00f1a a la derecha con un mensaje en ruso, debido a que la emisi\u00f3n proviene de paginas rusas f\u00fatbol y similares.<\/li>\r\n \t<li>Tienes que aceptar la instalaci\u00f3n y uso de Adobe Flash Player para poder activar estas emisiones. Acepta y refresca la p\u00e1gina, cuando vuelvas a pulsar en Live comenzar\u00e1 la emisi\u00f3n en la parte derecha.<\/li>\r\n<\/ol>\r\n<p class=\"text-justify\">As\u00ed puedes ver todos los partidos que se emitan y sean compatibles con la plataforma de 1xBet mientras, por supuesto, haces apuestas en directo.<\/p>\r\n<span style=\"font-weight: 400;\">\r\n<div class=\"cta-direct-bonus\">\r\n    <div class=\"col-lg-8 col-md-8 col-sm-8 col-xs-12\">\r\n        <div class=\"row\">\r\n            <p class=\"cta-direct-slogan\">\r\n                \u00bfEst\u00e1s listo para Atrapar tu Bono de Bienvenida?            <\/p>\r\n        <\/div>\r\n    <\/div>\r\n    <div class=\"col-lg-4 col-md-4 col-sm-4 col-xs-12\">\r\n        <div class=\"row\">\r\n             <span class=\"cursored button js-golink cta-direct-button hvr-animation new-hover\"  onclick=\"OpenGoLink(this);\" data-operator=\"7\" data-bonus=\"3965\"   data-clicks=\"1\"data-type=\"sport\" ><span>Visita 1xBet Ahora!<\/span> <\/span> \r\n        <\/div>\r\n    <\/div>\r\n<\/div>\r\n\r\n<style type=\"text\/css\" media=\"screen\">\r\n    .cta-direct-button.new-hover {\r\n        padding: 3px 0 2px;\r\n    }\r\n<\/style><\/span>\r\n<h2 class=\"text-justify\">Qu\u00e9 deportes online puedo ver en 1xbet<\/h2>\r\n<p class=\"text-justify\">Si se mira el cat\u00e1logo de <a href=\"https:\/\/bet-bonus.net\/es\/mercados-deportes\/\">deportes disponibles para apostar en 1xBet,<\/a> queda patente que hay un abanico muy amplio y pensado para satisfacer a todos los p\u00fablicos. Afortunadamente, este mismo abanico se aplica a la opci\u00f3n de hacer apuestas en directo y, consecuentemente, tambi\u00e9n a la posibilidad de disfrutar de los partidos de todas las disciplinas posibles v\u00eda streaming.<\/p>\r\n<p class=\"text-justify\">Hasta las modalidades m\u00e1s extra\u00f1as y novedosas, como los <a href=\"https:\/\/bet-bonus.net\/es\/mercados-deportes\/esports\/\"> deportes virtuales<\/a>, est\u00e1n acompa\u00f1adas de ese bot\u00f3n de 1xbet live streaming para verlas en riguroso directo mientras se intentan hacer apuestas con las que ganar dinero aprovechando el evento. Aunque lo m\u00e1s destacable es, precisamente, la idea de que los partidos m\u00e1s importantes de los deportes m\u00e1s famosos tambi\u00e9n est\u00e1n disponibles.<\/p>\r\n<span style=\"font-weight: 400;\"><div class=\"moreHome hideContent\"><\/span>\r\n<p class=\"text-justify\">Probablemente est\u00e9s pensando en la posibilidad de tener en tu ordenador las emisiones en directo de partidos de la liga espa\u00f1ola de f\u00fatbol, de la ACB o la NBA en baloncesto o incluso los torneos m\u00e1s reputados e importantes del tenis. Para tu alegr\u00eda, podemos confirmar que se encuentran disponibles y sin tener que pagar nada, aunque s\u00ed habi\u00e9ndote registrado previamente como usuario y teniendo alg\u00fan dinero depositado en los fondos de tu perfil para jugar.<\/p>\r\n<p class=\"text-justify\">Tenis directo online, los Cl\u00e1sicos, las grandes finales\u2026 Todo esto est\u00e1 disponible para que no tengas que pagar por la emisi\u00f3n de ninguna forma, con la doble oportunidad no solo de contemplarlo como espectador, sino de vivirlo al m\u00e1ximo apostando y pujando con todos los mercados disponibles, que adem\u00e1s suelen ampliarse cuando se trata de ocasiones especiales.<\/p>\r\n<p class=\"text-justify\">La variedad es bastante grande, pero saber que se cuenta con la opci\u00f3n de echar un vistazo tambi\u00e9n a los eventos de mayor renombre en las disciplinas m\u00e1s famosas de todo el mundo es algo bastante interesante para cualquier usuario, incluso para aquel menos amigo de probar suerte apostando.<\/p>\r\n<span style=\"font-weight: 400;\"><\/div><\/span>\r\n<h2 class=\"text-justify\">C\u00f3mo ver partidos en directo gratis en 1xbet<\/h2>\r\n<p class=\"text-justify\">Saber c\u00f3mo ver partidos en directo gratis en 1xbet no es demasiado dif\u00edcil. En el apartado anterior hemos explicado el procedimiento al completo y paso por paso. Teniendo en cuenta la importancia de que el navegador sea compatible con Adobe Flash Player, que es necesario haber iniciado sesi\u00f3n con una cuenta de usuario registrada y que, por supuesto, se debe tener dinero depositado en la cartera virtual de juego; se cumplen los requisitos esenciales.<\/p>\r\n<p class=\"text-justify\">No obstante, dado que se puede y se debe acceder a trav\u00e9s de la secci\u00f3n de apuestas en directo que se encuentra disponible en el men\u00fa principal de 1xBet, tambi\u00e9n es interesante plantear la opci\u00f3n de ver los partidos live apostando. Tras hacer clic en el bot\u00f3n de Live, puedes pulsar tambi\u00e9n en el nombre de los contrincantes para pasar a la secci\u00f3n de apostar y ver qu\u00e9 <a href=\"https:\/\/bet-bonus.net\/es\/cuotas\/\">cuotas<\/a> se manejan y las posibilidades que se pueden tantear.<\/p>\r\n<span style=\"font-weight: 400;\"><div class=\"moreHome hideContent\"><\/span>\r\n<p class=\"text-justify\">As\u00ed, mientras ves c\u00f3mo transcurre el acontecimiento puedes ir observando todos los factores de inter\u00e9s y c\u00f3mo, por ejemplo, van movi\u00e9ndose las cuotas para tratar de averiguar el momento m\u00e1s adecuado y la apuesta m\u00e1s adecuada para maximizar los beneficios. Ojeando el partido en directo se tiene una fuente de informaci\u00f3n constante, que adem\u00e1s permite adelantarse a los acontecimientos para predecir con mayor tino.<\/p>\r\n<p class=\"text-justify\">El nombre del pr\u00f3ximo jugador que va a marcar un gol, el integrante del equipo que va a ser expulsado, esa doble falta que va a cometer el tenista o ese saque impoluto con el que va a llevarse un set\u2026 Hay muchas opciones disponibles y muchas situaciones que pueden tener lugar.<\/p>\r\n<span style=\"font-weight: 400;\"><\/div><\/span>\r\n\r\n<span style=\"font-weight: 400;\">\r\n<div class=\"cta-direct-bonus\">\r\n    <div class=\"col-lg-8 col-md-8 col-sm-8 col-xs-12\">\r\n        <div class=\"row\">\r\n            <p class=\"cta-direct-slogan\">\r\n                \u00bfEst\u00e1s listo para Atrapar tu Bono de Bienvenida?            <\/p>\r\n        <\/div>\r\n    <\/div>\r\n    <div class=\"col-lg-4 col-md-4 col-sm-4 col-xs-12\">\r\n        <div class=\"row\">\r\n             <span class=\"cursored button js-golink cta-direct-button hvr-animation new-hover\"  onclick=\"OpenGoLink(this);\" data-operator=\"7\" data-bonus=\"3965\"   data-clicks=\"1\"data-type=\"sport\" ><span>Visita 1xBet Ahora!<\/span> <\/span> \r\n        <\/div>\r\n    <\/div>\r\n<\/div>\r\n\r\n<style type=\"text\/css\" media=\"screen\">\r\n    .cta-direct-button.new-hover {\r\n        padding: 3px 0 2px;\r\n    }\r\n<\/style><\/span>","protected":false},"excerpt":{"rendered":"Para disfrutar de los mejores partidos en directo mientras se realizan apuestas tambi\u00e9n en directo, 1xbet Live Streaming es la mejor secci\u00f3n de la casa de apuestas online y juegos de azar. Se trata de un apartado donde el usuario puede ver cualquier evento deportivo importante sin tener que pagar nada, pensado para poder apostar<a href=\"https:\/\/bet-bonus.net\/es\/live-streaming\/\"> &#8230;<\/a>","protected":false},"author":1,"featured_media":0,"parent":0,"menu_order":0,"comment_status":"closed","ping_status":"closed","template":"","meta":{"footnotes":""},"categories":[],"tags":[],"class_list":["post-58","page","type-page","status-publish","hentry"],"yoast_head":"<!-- This site is optimized with the Yoast SEO plugin v26.7 - https:\/\/yoast.com\/wordpress\/plugins\/seo\/ -->\n<title>1xbet Live Streaming \u00bb C\u00f3mo Ver Deportes &amp; F\u00fatbol en Directo Online<\/title>\n<meta name=\"robots\" content=\"index, follow, max-snippet:-1, max-image-preview:large, max-video-preview:-1\" \/>\n<link rel=\"canonical\" href=\"https:\/\/bet-bonus.net\/es\/live-streaming\/\" \/>\n<meta property=\"og:locale\" content=\"es_ES\" \/>\n<meta property=\"og:type\" content=\"article\" \/>\n<meta property=\"og:title\" content=\"1xbet Live Streaming \u00bb C\u00f3mo Ver Deportes &amp; F\u00fatbol en Directo Online\" \/>\n<meta property=\"og:url\" content=\"https:\/\/bet-bonus.net\/es\/live-streaming\/\" \/>\n<meta property=\"og:site_name\" content=\"bet-bonus.net ES\" \/>\n<meta property=\"article:modified_time\" content=\"2018-08-09T10:31:38+00:00\" \/>\n<meta name=\"twitter:card\" content=\"summary_large_image\" \/>\n<meta name=\"twitter:label1\" content=\"Tiempo de lectura\" \/>\n\t<meta name=\"twitter:data1\" content=\"7 minutos\" \/>\n<script type=\"application\/ld+json\" class=\"yoast-schema-graph\">{\"@context\":\"https:\/\/schema.org\",\"@graph\":[{\"@type\":\"WebPage\",\"@id\":\"https:\/\/bet-bonus.net\/es\/live-streaming\/\",\"url\":\"https:\/\/bet-bonus.net\/es\/live-streaming\/\",\"name\":\"1xbet Live Streaming \u00bb C\u00f3mo Ver Deportes & F\u00fatbol en Directo Online\",\"isPartOf\":{\"@id\":\"https:\/\/bet-bonus.net\/es\/#website\"},\"datePublished\":\"2018-06-12T10:10:39+00:00\",\"dateModified\":\"2018-08-09T10:31:38+00:00\",\"breadcrumb\":{\"@id\":\"https:\/\/bet-bonus.net\/es\/live-streaming\/#breadcrumb\"},\"inLanguage\":\"es\",\"potentialAction\":[{\"@type\":\"ReadAction\",\"target\":[\"https:\/\/bet-bonus.net\/es\/live-streaming\/\"]}]},{\"@type\":\"BreadcrumbList\",\"@id\":\"https:\/\/bet-bonus.net\/es\/live-streaming\/#breadcrumb\",\"itemListElement\":[{\"@type\":\"ListItem\",\"position\":1,\"name\":\"Home\",\"item\":\"https:\/\/bet-bonus.net\/es\/\"},{\"@type\":\"ListItem\",\"position\":2,\"name\":\"Ver F\u00fatbol y Deportes Online en 1xBet - El Live Streaming Gratis\"}]},{\"@type\":\"WebSite\",\"@id\":\"https:\/\/bet-bonus.net\/es\/#website\",\"url\":\"https:\/\/bet-bonus.net\/es\/\",\"name\":\"bet-bonus.net ES\",\"description\":\"\",\"potentialAction\":[{\"@type\":\"SearchAction\",\"target\":{\"@type\":\"EntryPoint\",\"urlTemplate\":\"https:\/\/bet-bonus.net\/es\/?s={search_term_string}\"},\"query-input\":{\"@type\":\"PropertyValueSpecification\",\"valueRequired\":true,\"valueName\":\"search_term_string\"}}],\"inLanguage\":\"es\"}]}<\/script>\n<!-- \/ Yoast SEO plugin. -->","yoast_head_json":{"title":"1xbet Live Streaming \u00bb C\u00f3mo Ver Deportes & F\u00fatbol en Directo Online","robots":{"index":"index","follow":"follow","max-snippet":"max-snippet:-1","max-image-preview":"max-image-preview:large","max-video-preview":"max-video-preview:-1"},"canonical":"https:\/\/bet-bonus.net\/es\/live-streaming\/","og_locale":"es_ES","og_type":"article","og_title":"1xbet Live Streaming \u00bb C\u00f3mo Ver Deportes & F\u00fatbol en Directo Online","og_url":"https:\/\/bet-bonus.net\/es\/live-streaming\/","og_site_name":"bet-bonus.net ES","article_modified_time":"2018-08-09T10:31:38+00:00","twitter_card":"summary_large_image","twitter_misc":{"Tiempo de lectura":"7 minutos"},"schema":{"@context":"https:\/\/schema.org","@graph":[{"@type":"WebPage","@id":"https:\/\/bet-bonus.net\/es\/live-streaming\/","url":"https:\/\/bet-bonus.net\/es\/live-streaming\/","name":"1xbet Live Streaming \u00bb C\u00f3mo Ver Deportes & F\u00fatbol en Directo Online","isPartOf":{"@id":"https:\/\/bet-bonus.net\/es\/#website"},"datePublished":"2018-06-12T10:10:39+00:00","dateModified":"2018-08-09T10:31:38+00:00","breadcrumb":{"@id":"https:\/\/bet-bonus.net\/es\/live-streaming\/#breadcrumb"},"inLanguage":"es","potentialAction":[{"@type":"ReadAction","target":["https:\/\/bet-bonus.net\/es\/live-streaming\/"]}]},{"@type":"BreadcrumbList","@id":"https:\/\/bet-bonus.net\/es\/live-streaming\/#breadcrumb","itemListElement":[{"@type":"ListItem","position":1,"name":"Home","item":"https:\/\/bet-bonus.net\/es\/"},{"@type":"ListItem","position":2,"name":"Ver F\u00fatbol y Deportes Online en 1xBet - El Live Streaming Gratis"}]},{"@type":"WebSite","@id":"https:\/\/bet-bonus.net\/es\/#website","url":"https:\/\/bet-bonus.net\/es\/","name":"bet-bonus.net ES","description":"","potentialAction":[{"@type":"SearchAction","target":{"@type":"EntryPoint","urlTemplate":"https:\/\/bet-bonus.net\/es\/?s={search_term_string}"},"query-input":{"@type":"PropertyValueSpecification","valueRequired":true,"valueName":"search_term_string"}}],"inLanguage":"es"}]}},"_links":{"self":[{"href":"https:\/\/bet-bonus.net\/es\/wp-json\/wp\/v2\/pages\/58","targetHints":{"allow":["GET"]}}],"collection":[{"href":"https:\/\/bet-bonus.net\/es\/wp-json\/wp\/v2\/pages"}],"about":[{"href":"https:\/\/bet-bonus.net\/es\/wp-json\/wp\/v2\/types\/page"}],"author":[{"embeddable":true,"href":"https:\/\/bet-bonus.net\/es\/wp-json\/wp\/v2\/users\/1"}],"replies":[{"embeddable":true,"href":"https:\/\/bet-bonus.net\/es\/wp-json\/wp\/v2\/comments?post=58"}],"version-history":[{"count":8,"href":"https:\/\/bet-bonus.net\/es\/wp-json\/wp\/v2\/pages\/58\/revisions"}],"predecessor-version":[{"id":499,"href":"https:\/\/bet-bonus.net\/es\/wp-json\/wp\/v2\/pages\/58\/revisions\/499"}],"wp:attachment":[{"href":"https:\/\/bet-bonus.net\/es\/wp-json\/wp\/v2\/media?parent=58"}],"wp:term":[{"taxonomy":"category","embeddable":true,"href":"https:\/\/bet-bonus.net\/es\/wp-json\/wp\/v2\/categories?post=58"},{"taxonomy":"post_tag","embeddable":true,"href":"https:\/\/bet-bonus.net\/es\/wp-json\/wp\/v2\/tags?post=58"}],"curies":[{"name":"wp","href":"https:\/\/api.w.org\/{rel}","templated":true}]}}