{"id":52,"date":"2018-06-12T10:02:00","date_gmt":"2018-06-12T10:02:00","guid":{"rendered":"http:\/\/bet-bonus.net\/es\/?page_id=52"},"modified":"2018-07-24T11:35:40","modified_gmt":"2018-07-24T11:35:40","slug":"cuotas","status":"publish","type":"page","link":"https:\/\/bet-bonus.net\/es\/cuotas\/","title":{"rendered":"Las Mejores Cuotas en 1xBet - Descubre c\u00f3mo Ganar con las Odds m\u00e1s Altas"},"content":{"rendered":"<p class=\"text-justify\">Como en cualquier casa de apuestas tanto tradicional como online las cuotas en 1xBet son uno de los aspectos m\u00e1s importantes para el jugador. Son las cantidades, o m\u00e1s bien, los multiplicadores que se aplican sobre el dinero invertido para dar como resultado el beneficio que se llevar\u00e1 el apostador en caso de ganar.<\/p>\r\n<p class=\"text-justify\">El punto de 1xbet Cuotas merece un an\u00e1lisis en profundidad, ya que este portal se preocupa por conseguir las m\u00e1s ajustadas y beneficiosas para los usuarios registrados. Por eso, vamos a ahondar en ellas y en las posibilidades que se brindan en este portal internacional.<\/p>\r\n\r\n<h2 class=\"text-justify\">C\u00f3mo conseguir las mejores cuotas en 1xbet<\/h2>\r\n<p class=\"text-justify\">Si te preguntas c\u00f3mo conseguir las mejores cuotas en 1xbet, debes saber que no es algo excesivamente complicado. \u00c9stas var\u00edan en funci\u00f3n de diferentes factores que afectan a las probabilidades del equipo, del jugador o del competidor de ganar o perder; como tambi\u00e9n de las probabilidades de que pueda suceder algo determinado, a veces los sucesos m\u00e1s extra\u00f1os aparecen como posibilidad para apostar, con importes muy elevados..<\/p>\r\n<p class=\"text-justify\">Echando un vistazo a todo el abanico que compone el conjunto de 1xbet odds, salta a la vista que hay cifras de todos los tipos. Se pueden ver multiplicadores simples y muy reducidos que superen por poco la unidad, pero tambi\u00e9n otros que superan las 300; es decir, apostar con ellos y acertar supondr\u00eda multiplicar por 300 el importe invertido, aunque las probabilidades de acierto son tan reducidas que es casi imposible disfrutar de estas grandes ofertas.<\/p>\r\n<span style=\"font-weight: 400;\">\n<style>\n #operator-closed {\n        margin-top: 3em;\n        margin-bottom: 1rem;\n        color: #414141; \n    }\n    .operator-closed-body {\n        min-height: 420px;\n        background-color: #F9F9F9;\n    }\n    #operator-closed .operator-closed-message {\n        display: flex;\n        align-items: center;\n        justify-content: center;\n        font-size: 20px;\n        text-align: center;\n        color: #fff;\n        padding: 1.75em 0.5rem;\n        background: #002E5D;\n        text-shadow: 0 1px 1px rgba(0, 0, 0, 0.3);\n        box-shadow: 0 -4px 0 0 #1a1a1a;\n    }\n    #operator-closed .operator-closed-message b {\n        display: block;\n        font-size: 24px;\n    }\n    .operator-closed-box-container {\n        padding: 40px 30px;\n    }\n    #operator-closed .operator-closed-box {\n        display: flex;\n        flex-direction: column;\n        justify-content: center;\n        align-items: center;\n        background-color: #FFFFFF;\n        box-shadow: 0px 0px 5px #00000024;\n    }\n   \/* #operator-closed .operator-closed-box a:first-of-type {\n        display: flex;\n        justify-content: center;\n        width: 100%;\n        background: #ffffff;\n        border-top: 3px solid #f46613;\n    }*\/\n    #operator-closed img {\n        width: 100px;\n        display: block;\n    }\n    #operator-closed .operator-box-header { \n        display: flex; \n        width: 100%;\n        justify-content: center;\n        background-color: #ECECEC; \n        padding: 13px;\n    }\n    #operator-closed .operator-closed-box-stars {\n        display: flex;\n        flex-wrap: wrap;\n        justify-content: center;\n        padding: 1em 0;\n    }\n    #operator-closed .operator-closed-box-stars span{\n        color: #002E5D;\n        font-size: 36px;\n        line-height: 1.1;\n        text-align: center;\n        width: 100%;\n        font-weight: 900;\n    }\n    #operator-closed .button {\n        text-transform: uppercase;\n        margin-top: 0;\n        margin-bottom: 28px;\n        font-weight: 600;\n        padding: 10px 13px; \n        font-size: 13px; \n        width: 100%;\n    }\n    #operator-closed .button i {\n        font-size: 12px;\n        padding-top: 0;\n    }\n    .claim-bonus-code:hover>.bonus-btn-main-sec {\n        color: #c8102e;\n    }\n    @media ( max-width: 767px ) {\n\n        #operator-closed .operator-closed-message {\n            font-size: 14px;\n        }  \n        #operator-closed .operator-closed-message b {\n            font-size: 17px;\n        }\n        #operator-closed .operator-closed-box {\n            flex-direction: row;\n            flex-wrap: wrap;\n            justify-content: space-around;\n            max-width: 300px;\n            margin-left: auto;\n            margin-right: auto;\n        }\n        #operator-closed .col-lg-4.col-md-6.col-sm-4.col-xs-12:nth-child(3) .operator-closed-box {\n            margin-bottom: 0; \n        }\n        .operator-closed-box-container {\n            padding: 30px 15px;\n        }\n        #operator-closed .operator-closed-box {\n            margin-bottom: 2.5rem; \n        }\n    }\n<\/style>\n<div id=\"operator-closed-wrapper\">\n    <div id=\"operator-closed\" class=\"operator-closed-body\">\n        <div class=\"operator-closed-message \">\n\n            <div><b>Mejor echa un vistazo a estos mejores casinos<\/b>\n                             <\/div>\n        <\/div>\n        \n        <div class=\"row operator-closed-box-container\">\n                            <div class=\"col-lg-4 col-md-6 col-sm-4 col-xs-12\">\n                    <div class=\"operator-closed-box\">\n                        <span class=\"operator-box-header\"><img decoding=\"async\" src=\"\/spanish\/assets\/logos\/sport\/light-back\/bwin.png\" width=\"auto\" height=\"auto\" alt=\"Bwin\" \/><\/span>                        <div class=\"operator-closed-box-stars\">\n                          <span>100\u20ac <\/span>Max Bonus                        <\/div>\n\n                        <div class=\"claim-bonus-code button-bottom\">\n                             <span class=\"cursored button js-golink hvr-animation multi-line bonus-btn-main-sec\"  onclick=\"OpenGoLink(this);\" data-operator=\"79\" data-bonus=\"16070\"   data-clicks=\"34\"data-type=\"sport\" >visita el casino<i class=\"fa fa-chevron-right\" aria-hidden=\"true\"><\/i> <\/span>                         <\/div><!-- \/.claim-bonus-code -->   \n                    <\/div>\n                <\/div>\n                                <div class=\"col-lg-4 col-md-6 col-sm-4 col-xs-12\">\n                    <div class=\"operator-closed-box\">\n                        <span class=\"operator-box-header\"><img decoding=\"async\" src=\"\/spanish\/assets\/logos\/sport\/light-back\/888sport.png\" width=\"auto\" height=\"auto\" alt=\"888\" \/><\/span>                        <div class=\"operator-closed-box-stars\">\n                          <span>110\u20ac <\/span>Max Bonus                        <\/div>\n\n                        <div class=\"claim-bonus-code button-bottom\">\n                             <span class=\"cursored button js-golink hvr-animation multi-line bonus-btn-main-sec\"  onclick=\"OpenGoLink(this);\" data-operator=\"20\" data-bonus=\"6743\"   data-clicks=\"22\"data-type=\"sport\" >visita el casino<i class=\"fa fa-chevron-right\" aria-hidden=\"true\"><\/i> <\/span>                         <\/div><!-- \/.claim-bonus-code -->   \n                    <\/div>\n                <\/div>\n                                <div class=\"col-lg-4 col-md-6 col-sm-4 col-xs-12\">\n                    <div class=\"operator-closed-box\">\n                        <span class=\"operator-box-header\"><img decoding=\"async\" src=\"\/spanish\/assets\/logos\/sport\/light-back\/william-hill.png\" width=\"auto\" height=\"auto\" alt=\"WilliamHill\" \/><\/span>                        <div class=\"operator-closed-box-stars\">\n                          <span>500A$ <\/span>Max Bonus                        <\/div>\n\n                        <div class=\"claim-bonus-code button-bottom\">\n                             <span class=\"cursored button js-golink hvr-animation multi-line bonus-btn-main-sec\"  onclick=\"OpenGoLink(this);\" data-operator=\"315\" data-bonus=\"2809\"   data-clicks=\"24\"data-type=\"sport\" >visita el casino<i class=\"fa fa-chevron-right\" aria-hidden=\"true\"><\/i> <\/span>                         <\/div><!-- \/.claim-bonus-code -->   \n                    <\/div>\n                <\/div>\n                        <\/div>\n    <\/div>\n<\/div><\/span>\r\n\r\n<span style=\"font-weight: 400;\"><div class=\"moreHome hideContent\"><\/span>\r\n<p class=\"text-justify\">Para encontrar las cuotas m\u00e1s altas dentro de la <a href=\"https:\/\/bet-bonus.net\/es\/apuestas-deportivas\/\">secci\u00f3n de apuestas de 1xBet<\/a>, el mejor m\u00e9todo es acceder a la secci\u00f3n de deportes y, una vez en ella, revisar una por una las diferentes modalidades que aparecen listadas en la barra superior. Aplicando los diferentes filtros se ven todas las disciplinas por las que se puede apostar, lo que adem\u00e1s sirve para detectar los importes m\u00e1s altos.<\/p>\r\n<p class=\"text-justify\">Tras esto, entra el momento de reflexionar. Tener delante una odd muy alta es sin\u00f3nimo de tener muy pocas posibilidades de acertar con ella, pero tambi\u00e9n de que, en caso de hacerlo, a poco que se introduzca dinero se va a multiplicar de forma m\u00e1s que considerable. Lo mejor, en estas situaciones, es repasar y observar detenidamente la explicaci\u00f3n exacta del tipo de apuesta y comprobar todas las posibles variables que pueden entrar en juego.<\/p>\r\n<p class=\"text-justify\">Es m\u00e1s, tambi\u00e9n es interesante hacer una inversi\u00f3n casi m\u00ednima en ellas dado que, teniendo cuotas tan altas, un acierto cada mucho tiempo puede suponer unos beneficios muy importantes.<\/p>\r\n<span style=\"font-weight: 400;\"><\/div><\/span>\r\n<h2 class=\"text-justify\">\u00bfSon altas las odds de 1xbet?<\/h2>\r\n<p class=\"text-justify\">Adem\u00e1s de tener multiplicadores interesantes, deportes de lo m\u00e1s variopinto y <a href=\"https:\/\/bet-bonus.net\/es\/mercados-deportes\/\">mercados<\/a> que pueden ir de lo m\u00e1s tradicional a lo m\u00e1s extra\u00f1o, tambi\u00e9n es interesante ver si, realmente, las cuotas 1xbet son elevadas. De ellas depende el dinero que se pueda conseguir con cada apuesta que se hace, por lo que este valor es de lo m\u00e1s importante a tener en cuenta tanto si hablamos de algo con poqu\u00edsimas posibilidades de hacerse realidad como de algo plenamente evidente.<\/p>\r\n<p class=\"text-justify\">Para comprobarlo, lo mejor es hacer una comparaci\u00f3n directa con la competencia. Teniendo en cuenta tambi\u00e9n nombres como Bwin, <a href=\"https:\/\/bet-bonus.net\/es\/william-hill\/\">William Hill<\/a> o <a href=\"https:\/\/bet-bonus.net\/es\/bet365\/\">Bet365<\/a> y poni\u00e9ndolos cara a cara con lo que ofrece 1xBet en este terreno en el que los n\u00fameros lo delatan todo, se observa que, aunque hay cifras muy similares, lo habitual es que 1xbet cuotas siempre est\u00e9n por encima de las dem\u00e1s.<\/p>\r\n<span style=\"font-weight: 400;\"><div class=\"moreHome hideContent\"><\/span>\r\n<p class=\"text-justify\">Sea en la liga de f\u00fatbol espa\u00f1ola, la italiana, los mundiales o cualquier otro deporte, este portal internacional logra apurar al m\u00e1ximo para ofrecer siempre cifras que superen a las del resto. Es probable encontrar casos puntuales en los que quede ligeramente por debajo, pero la tendencia m\u00e1s habitual es que logre posicionarse con ventaja, y en ocasiones con una diferencia bastante importante y, sobre todo, interesante para el jugador.<\/p>\r\n<p class=\"text-justify\">Otro tanto que 1xBet puede sumarse para atraer a los usuarios. Teniendo unas cuotas generalmente superiores a la competencia no hace m\u00e1s que se\u00f1alar la idea de que los beneficios que se obtienen con cada acierto siempre van a estar por encima del resto de webs de casas de apuestas online. Claro est\u00e1, las odds tampoco lo son todo, tambi\u00e9n hay que tener en cuenta la probabilidad de \u00e9xito y de fracaso y la importancia de saber escoger en qu\u00e9 hay que apostar.<\/p>\r\n<span style=\"font-weight: 400;\"><\/div><\/span>\r\n\r\n<span style=\"font-weight: 400;\">\r\n<div class=\"cta-direct-bonus\">\r\n    <div class=\"col-lg-8 col-md-8 col-sm-8 col-xs-12\">\r\n        <div class=\"row\">\r\n            <p class=\"cta-direct-slogan\">\r\n                \u00bfEst\u00e1s listo para Atrapar tu Bono de Bienvenida?            <\/p>\r\n        <\/div>\r\n    <\/div>\r\n    <div class=\"col-lg-4 col-md-4 col-sm-4 col-xs-12\">\r\n        <div class=\"row\">\r\n             <span class=\"cursored button js-golink cta-direct-button hvr-animation new-hover\"  onclick=\"OpenGoLink(this);\" data-operator=\"7\" data-bonus=\"3965\"   data-clicks=\"1\"data-type=\"sport\" ><span>Visita 1xBet Ahora!<\/span> <\/span> \r\n        <\/div>\r\n    <\/div>\r\n<\/div>\r\n\r\n<style type=\"text\/css\" media=\"screen\">\r\n    .cta-direct-button.new-hover {\r\n        padding: 3px 0 2px;\r\n    }\r\n<\/style><\/span>\r\n<h2 class=\"text-justify\">\u00bfPuedo conseguir cuotas mejoradas en 1xbet?<\/h2>\r\n<p class=\"text-justify\">Algunas casas de apuestas, con motivo de eventos especiales dentro del \u00e1mbito deportivo, o porque simplemente quieran realizar campa\u00f1as importantes con las que atraer a nuevos usuarios, hacen uso de lo que se considera como cuotas mejoradas o supercuotas. Se trata de cuotas que, normalmente, tendr\u00edan un valor bajo; pero que se empujan para que, aunque se trate de una apuesta segura, logren ofrecer jugosas recompensas a los jugadores que quieran animarse.<\/p>\r\n<p class=\"text-justify\">El <a href=\"https:\/\/bet-bonus.net\/es\/\">portal 1xBet<\/a> posee numerosas promociones y bonos de bienvenida bastante interesantes, de hecho tiene hasta eventos especiales a diario como el Partido del D\u00eda, con el que regala tambi\u00e9n giros gratuitos para los juegos de azar; pero carece de estas cuotas mejoradas. No sigue esta iniciativa dado que posee una buena variedad de promos tanto constantes como peri\u00f3dicas que sirven para animar ya de por s\u00ed a los posibles nuevos usuarios.<\/p>\r\n<span style=\"font-weight: 400;\"><div class=\"moreHome hideContent\"><\/span>\r\n<p class=\"text-justify\">Por el momento, no es posible disfrutar de estas supercuotas en esta casa de apuestas en l\u00ednea. Es posible que en el futuro se a\u00f1adan, pero no es una iniciativa disponible dado que hay muchas otras alternativas que ayudan a maximizar beneficios apostando o jugando en cualquiera de los apartados disponibles en la p\u00e1gina web.<\/p>\r\n<span style=\"font-weight: 400;\"><\/div><\/span>\r\n<h2 class=\"text-justify\">Principales caracter\u00edsticas de las cuotas de 1xbet<\/h2>\r\n<p class=\"text-justify\">Como ya hemos mencionado, las cuotas 1xbet tienen como caracter\u00edstica principal su capacidad de estar por encima de las de la competencia. Puede haber algunas que se encuentren por debajo, pero la mayor\u00eda ofrecen mayores beneficios para los jugadores, lo que a su vez supone un auge de inter\u00e9s tanto para novatos como para las personas que ya llevan un buen tiempo apostando.<\/p>\r\n<p class=\"text-justify\">Para su f\u00e1cil entendimiento, las odds aparecen listadas seg\u00fan la numeraci\u00f3n americana, es decir, usando el punto en lugar de la coma para representar cifras decimales. A la hora de averiguar lo que se ganar\u00eda en caso de acertar, tan solo hay que multiplicar el importe invertido por el valor num\u00e9rico de la cuota; aunque el boleto de apuestas ya se encarga de ofrecer el posible resultado para facilitar las cosas.<\/p>\r\n<span style=\"font-weight: 400;\"><div class=\"moreHome hideContent\"><\/span>\r\n<p class=\"text-justify\">Siempre presentes al lado de la afirmaci\u00f3n o situaci\u00f3n por la que se apuesta. Est\u00e1n perfectamente listadas y resaltadas para que el usuario las distinga al momento y sepa detectar las m\u00e1s elevadas, como tambi\u00e9n las m\u00e1s seguras.<\/p>\r\n<span style=\"font-weight: 400;\"><\/div><\/span>\r\n\r\n<span style=\"font-weight: 400;\"> \r\n<div class=\"cta-direct-bonus\">\r\n    <div class=\"col-lg-8 col-md-8 col-sm-8 col-xs-12\">\r\n        <div class=\"row\">\r\n            <p class=\"cta-direct-slogan\">\r\n                \u00bfEst\u00e1s listo para Atrapar tu Bono de Bienvenida?            <\/p>\r\n        <\/div>\r\n    <\/div>\r\n    <div class=\"col-lg-4 col-md-4 col-sm-4 col-xs-12\">\r\n        <div class=\"row\">\r\n             <span class=\"cursored button js-golink cta-direct-button hvr-animation new-hover\"  onclick=\"OpenGoLink(this);\" data-operator=\"7\" data-bonus=\"3965\"   data-clicks=\"1\"data-type=\"sport\" ><span>Visita 1xBet Ahora!<\/span> <\/span> \r\n        <\/div>\r\n    <\/div>\r\n<\/div>\r\n\r\n<style type=\"text\/css\" media=\"screen\">\r\n    .cta-direct-button.new-hover {\r\n        padding: 3px 0 2px;\r\n    }\r\n<\/style><\/span>","protected":false},"excerpt":{"rendered":"Como en cualquier casa de apuestas tanto tradicional como online las cuotas en 1xBet son uno de los aspectos m\u00e1s importantes para el jugador. Son las cantidades, o m\u00e1s bien, los multiplicadores que se aplican sobre el dinero invertido para dar como resultado el beneficio que se llevar\u00e1 el apostador en caso de ganar. El<a href=\"https:\/\/bet-bonus.net\/es\/cuotas\/\"> &#8230;<\/a>","protected":false},"author":1,"featured_media":0,"parent":0,"menu_order":0,"comment_status":"closed","ping_status":"closed","template":"","meta":{"footnotes":""},"categories":[],"tags":[],"class_list":["post-52","page","type-page","status-publish","hentry"],"yoast_head":"<!-- This site is optimized with the Yoast SEO plugin v26.7 - https:\/\/yoast.com\/wordpress\/plugins\/seo\/ -->\n<title>1xbet Mejores Cuotas \u00bb Consigue las Odds m\u00e1s altas del Mercado<\/title>\n<meta name=\"robots\" content=\"index, follow, max-snippet:-1, max-image-preview:large, max-video-preview:-1\" \/>\n<link rel=\"canonical\" href=\"https:\/\/bet-bonus.net\/es\/cuotas\/\" \/>\n<meta property=\"og:locale\" content=\"es_ES\" \/>\n<meta property=\"og:type\" content=\"article\" \/>\n<meta property=\"og:title\" content=\"1xbet Mejores Cuotas \u00bb Consigue las Odds m\u00e1s altas del Mercado\" \/>\n<meta property=\"og:url\" content=\"https:\/\/bet-bonus.net\/es\/cuotas\/\" \/>\n<meta property=\"og:site_name\" content=\"bet-bonus.net ES\" \/>\n<meta property=\"article:modified_time\" content=\"2018-07-24T11:35:40+00:00\" \/>\n<meta name=\"twitter:card\" content=\"summary_large_image\" \/>\n<meta name=\"twitter:label1\" content=\"Tiempo de lectura\" \/>\n\t<meta name=\"twitter:data1\" content=\"6 minutos\" \/>\n<script type=\"application\/ld+json\" class=\"yoast-schema-graph\">{\"@context\":\"https:\/\/schema.org\",\"@graph\":[{\"@type\":\"WebPage\",\"@id\":\"https:\/\/bet-bonus.net\/es\/cuotas\/\",\"url\":\"https:\/\/bet-bonus.net\/es\/cuotas\/\",\"name\":\"1xbet Mejores Cuotas \u00bb Consigue las Odds m\u00e1s altas del Mercado\",\"isPartOf\":{\"@id\":\"https:\/\/bet-bonus.net\/es\/#website\"},\"datePublished\":\"2018-06-12T10:02:00+00:00\",\"dateModified\":\"2018-07-24T11:35:40+00:00\",\"breadcrumb\":{\"@id\":\"https:\/\/bet-bonus.net\/es\/cuotas\/#breadcrumb\"},\"inLanguage\":\"es\",\"potentialAction\":[{\"@type\":\"ReadAction\",\"target\":[\"https:\/\/bet-bonus.net\/es\/cuotas\/\"]}]},{\"@type\":\"BreadcrumbList\",\"@id\":\"https:\/\/bet-bonus.net\/es\/cuotas\/#breadcrumb\",\"itemListElement\":[{\"@type\":\"ListItem\",\"position\":1,\"name\":\"Home\",\"item\":\"https:\/\/bet-bonus.net\/es\/\"},{\"@type\":\"ListItem\",\"position\":2,\"name\":\"Las Mejores Cuotas en 1xBet - Descubre c\u00f3mo Ganar con las Odds m\u00e1s Altas\"}]},{\"@type\":\"WebSite\",\"@id\":\"https:\/\/bet-bonus.net\/es\/#website\",\"url\":\"https:\/\/bet-bonus.net\/es\/\",\"name\":\"bet-bonus.net ES\",\"description\":\"\",\"potentialAction\":[{\"@type\":\"SearchAction\",\"target\":{\"@type\":\"EntryPoint\",\"urlTemplate\":\"https:\/\/bet-bonus.net\/es\/?s={search_term_string}\"},\"query-input\":{\"@type\":\"PropertyValueSpecification\",\"valueRequired\":true,\"valueName\":\"search_term_string\"}}],\"inLanguage\":\"es\"}]}<\/script>\n<!-- \/ Yoast SEO plugin. -->","yoast_head_json":{"title":"1xbet Mejores Cuotas \u00bb Consigue las Odds m\u00e1s altas del Mercado","robots":{"index":"index","follow":"follow","max-snippet":"max-snippet:-1","max-image-preview":"max-image-preview:large","max-video-preview":"max-video-preview:-1"},"canonical":"https:\/\/bet-bonus.net\/es\/cuotas\/","og_locale":"es_ES","og_type":"article","og_title":"1xbet Mejores Cuotas \u00bb Consigue las Odds m\u00e1s altas del Mercado","og_url":"https:\/\/bet-bonus.net\/es\/cuotas\/","og_site_name":"bet-bonus.net ES","article_modified_time":"2018-07-24T11:35:40+00:00","twitter_card":"summary_large_image","twitter_misc":{"Tiempo de lectura":"6 minutos"},"schema":{"@context":"https:\/\/schema.org","@graph":[{"@type":"WebPage","@id":"https:\/\/bet-bonus.net\/es\/cuotas\/","url":"https:\/\/bet-bonus.net\/es\/cuotas\/","name":"1xbet Mejores Cuotas \u00bb Consigue las Odds m\u00e1s altas del Mercado","isPartOf":{"@id":"https:\/\/bet-bonus.net\/es\/#website"},"datePublished":"2018-06-12T10:02:00+00:00","dateModified":"2018-07-24T11:35:40+00:00","breadcrumb":{"@id":"https:\/\/bet-bonus.net\/es\/cuotas\/#breadcrumb"},"inLanguage":"es","potentialAction":[{"@type":"ReadAction","target":["https:\/\/bet-bonus.net\/es\/cuotas\/"]}]},{"@type":"BreadcrumbList","@id":"https:\/\/bet-bonus.net\/es\/cuotas\/#breadcrumb","itemListElement":[{"@type":"ListItem","position":1,"name":"Home","item":"https:\/\/bet-bonus.net\/es\/"},{"@type":"ListItem","position":2,"name":"Las Mejores Cuotas en 1xBet - Descubre c\u00f3mo Ganar con las Odds m\u00e1s Altas"}]},{"@type":"WebSite","@id":"https:\/\/bet-bonus.net\/es\/#website","url":"https:\/\/bet-bonus.net\/es\/","name":"bet-bonus.net ES","description":"","potentialAction":[{"@type":"SearchAction","target":{"@type":"EntryPoint","urlTemplate":"https:\/\/bet-bonus.net\/es\/?s={search_term_string}"},"query-input":{"@type":"PropertyValueSpecification","valueRequired":true,"valueName":"search_term_string"}}],"inLanguage":"es"}]}},"_links":{"self":[{"href":"https:\/\/bet-bonus.net\/es\/wp-json\/wp\/v2\/pages\/52","targetHints":{"allow":["GET"]}}],"collection":[{"href":"https:\/\/bet-bonus.net\/es\/wp-json\/wp\/v2\/pages"}],"about":[{"href":"https:\/\/bet-bonus.net\/es\/wp-json\/wp\/v2\/types\/page"}],"author":[{"embeddable":true,"href":"https:\/\/bet-bonus.net\/es\/wp-json\/wp\/v2\/users\/1"}],"replies":[{"embeddable":true,"href":"https:\/\/bet-bonus.net\/es\/wp-json\/wp\/v2\/comments?post=52"}],"version-history":[{"count":4,"href":"https:\/\/bet-bonus.net\/es\/wp-json\/wp\/v2\/pages\/52\/revisions"}],"predecessor-version":[{"id":476,"href":"https:\/\/bet-bonus.net\/es\/wp-json\/wp\/v2\/pages\/52\/revisions\/476"}],"wp:attachment":[{"href":"https:\/\/bet-bonus.net\/es\/wp-json\/wp\/v2\/media?parent=52"}],"wp:term":[{"taxonomy":"category","embeddable":true,"href":"https:\/\/bet-bonus.net\/es\/wp-json\/wp\/v2\/categories?post=52"},{"taxonomy":"post_tag","embeddable":true,"href":"https:\/\/bet-bonus.net\/es\/wp-json\/wp\/v2\/tags?post=52"}],"curies":[{"name":"wp","href":"https:\/\/api.w.org\/{rel}","templated":true}]}}