{"id":50,"date":"2018-06-12T09:53:00","date_gmt":"2018-06-12T09:53:00","guid":{"rendered":"http:\/\/bet-bonus.net\/es\/?page_id=50"},"modified":"2018-06-18T13:28:56","modified_gmt":"2018-06-18T13:28:56","slug":"peleas-de-gallos","status":"publish","type":"page","link":"https:\/\/bet-bonus.net\/es\/mercados-deportes\/peleas-de-gallos\/","title":{"rendered":"Peleas de Gallos en 1xBet - Las Apuestas M\u00e1s Sorprendentes en Directo"},"content":{"rendered":"<p class=\"text-justify\">1xbet Peleas de Gallos es otra de las razones por las que se puede asegurar sin miedo alguno que este portal de apuestas deportivas y juegos de azar siempre hace lo posible por innovar y renovarse con nuevos contenidos. Aunque controvertidas, estas batallas entre aves tienen una alta popularidad en determinados pa\u00edses, donde se mueven grandes cantidades de dinero apostando.<\/p>\r\n<p class=\"text-justify\">El juego pelea de gallos se encuentra disponible en esta web para todos aquellos interesados. Bastante desconocido, quienes participan en \u00e9l tienen la oportunidad de realizar apuestas con resultados m\u00e1s que interesantes.<\/p>\r\n\r\n<h2 class=\"text-justify\">\u00bfPuedo apostar a las peleas de gallos en 1xbet?<\/h2>\r\n<p class=\"text-justify\">En este sentido, 1xbet saca una tremenda delantera a la gran mayor\u00eda de casas de apuestas que existen a nivel internacional. Esta plataforma ha incorporado hace poco la posibilidad de apostar a las peleas de gallos tanto en diferido como en directo. Un m\u00e1s que potente y novedoso movimiento que le ha servido para ganar especial popularidad en determinados pa\u00edses donde esta competici\u00f3n se ha vuelto en algo realmente importante.<\/p>\r\n<p class=\"text-justify\">Como su nombre indica, el juego de pelea de gallos enfrenta a dos de estas aves (siempre machos) en un recinto cerrado. Ah\u00ed, ambas combaten con un juez de por medio que se encarga de comprobar que todo est\u00e1 siempre en orden y que no se ha modificado su plumaje para reducir da\u00f1os, de la misma forma que tampoco se las ha equipado con componentes que hagan m\u00e1s da\u00f1o o de que sus garras tengan la longitud adecuada. Sin duda, se trata de un <a href=\"https:\/\/bet-bonus.net\/es\/mercados-deportes\/\">mercado<\/a> muy novedoso.<\/p>\r\n<span style=\"font-weight: 400;\"><div class=\"moreHome hideContent\"><\/span>\r\n<p class=\"text-justify\">As\u00ed, cada enfrentamiento se salda con la victoria de un gallo y la derrota de otro. No se termina hasta que uno de los dos no puede seguir peleando o su propietario decide tirar la toalla. Sin profundizar mucho en el reglamento, por ahora, es evidente se\u00f1alar que la \u00fanica apuesta que se puede hacer aqu\u00ed es cu\u00e1l ser\u00e1 el gallo ganador y cu\u00e1l el perdedor. El jugador tiene solo dos opciones cada vez que entra en estas competiciones tanto en directo como en diferido.<\/p>\r\n<p class=\"text-justify\">Por tanto, las apuestas en el juego de las peleas de gallos son bastante sencillas, como tambi\u00e9n poseen la capacidad de otorgar importantes beneficios. Hay mucho azar de por medio, pero una buena racha puede ser m\u00e1s que suficiente para triplicar fondos en cuesti\u00f3n de minutos. Prestando atenci\u00f3n a las emisiones y al historial de estas aves de pelea, se puede intentar vaticinar el resultado a la hora de hacer la puja.<\/p>\r\n<span style=\"font-weight: 400;\"><\/div><\/span>\r\n\r\n<span style=\"font-weight: 400;\"> \n<style>\n #operator-closed {\n        margin-top: 3em;\n        margin-bottom: 1rem;\n        color: #414141; \n    }\n    .operator-closed-body {\n        min-height: 420px;\n        background-color: #F9F9F9;\n    }\n    #operator-closed .operator-closed-message {\n        display: flex;\n        align-items: center;\n        justify-content: center;\n        font-size: 20px;\n        text-align: center;\n        color: #fff;\n        padding: 1.75em 0.5rem;\n        background: #002E5D;\n        text-shadow: 0 1px 1px rgba(0, 0, 0, 0.3);\n        box-shadow: 0 -4px 0 0 #1a1a1a;\n    }\n    #operator-closed .operator-closed-message b {\n        display: block;\n        font-size: 24px;\n    }\n    .operator-closed-box-container {\n        padding: 40px 30px;\n    }\n    #operator-closed .operator-closed-box {\n        display: flex;\n        flex-direction: column;\n        justify-content: center;\n        align-items: center;\n        background-color: #FFFFFF;\n        box-shadow: 0px 0px 5px #00000024;\n    }\n   \/* #operator-closed .operator-closed-box a:first-of-type {\n        display: flex;\n        justify-content: center;\n        width: 100%;\n        background: #ffffff;\n        border-top: 3px solid #f46613;\n    }*\/\n    #operator-closed img {\n        width: 100px;\n        display: block;\n    }\n    #operator-closed .operator-box-header { \n        display: flex; \n        width: 100%;\n        justify-content: center;\n        background-color: #ECECEC; \n        padding: 13px;\n    }\n    #operator-closed .operator-closed-box-stars {\n        display: flex;\n        flex-wrap: wrap;\n        justify-content: center;\n        padding: 1em 0;\n    }\n    #operator-closed .operator-closed-box-stars span{\n        color: #002E5D;\n        font-size: 36px;\n        line-height: 1.1;\n        text-align: center;\n        width: 100%;\n        font-weight: 900;\n    }\n    #operator-closed .button {\n        text-transform: uppercase;\n        margin-top: 0;\n        margin-bottom: 28px;\n        font-weight: 600;\n        padding: 10px 13px; \n        font-size: 13px; \n        width: 100%;\n    }\n    #operator-closed .button i {\n        font-size: 12px;\n        padding-top: 0;\n    }\n    .claim-bonus-code:hover>.bonus-btn-main-sec {\n        color: #c8102e;\n    }\n    @media ( max-width: 767px ) {\n\n        #operator-closed .operator-closed-message {\n            font-size: 14px;\n        }  \n        #operator-closed .operator-closed-message b {\n            font-size: 17px;\n        }\n        #operator-closed .operator-closed-box {\n            flex-direction: row;\n            flex-wrap: wrap;\n            justify-content: space-around;\n            max-width: 300px;\n            margin-left: auto;\n            margin-right: auto;\n        }\n        #operator-closed .col-lg-4.col-md-6.col-sm-4.col-xs-12:nth-child(3) .operator-closed-box {\n            margin-bottom: 0; \n        }\n        .operator-closed-box-container {\n            padding: 30px 15px;\n        }\n        #operator-closed .operator-closed-box {\n            margin-bottom: 2.5rem; \n        }\n    }\n<\/style>\n<div id=\"operator-closed-wrapper\">\n    <div id=\"operator-closed\" class=\"operator-closed-body\">\n        <div class=\"operator-closed-message \">\n\n            <div><b>Mejor echa un vistazo a estos mejores casinos<\/b>\n                             <\/div>\n        <\/div>\n        \n        <div class=\"row operator-closed-box-container\">\n                            <div class=\"col-lg-4 col-md-6 col-sm-4 col-xs-12\">\n                    <div class=\"operator-closed-box\">\n                        <span class=\"operator-box-header\"><img decoding=\"async\" src=\"\/spanish\/assets\/logos\/sport\/light-back\/bwin.png\" width=\"auto\" height=\"auto\" alt=\"Bwin\" \/><\/span>                        <div class=\"operator-closed-box-stars\">\n                          <span>100\u20ac <\/span>Max Bonus                        <\/div>\n\n                        <div class=\"claim-bonus-code button-bottom\">\n                             <span class=\"cursored button js-golink hvr-animation multi-line bonus-btn-main-sec\"  onclick=\"OpenGoLink(this);\" data-operator=\"79\" data-bonus=\"16070\"   data-clicks=\"34\"data-type=\"sport\" >visita el casino<i class=\"fa fa-chevron-right\" aria-hidden=\"true\"><\/i> <\/span>                         <\/div><!-- \/.claim-bonus-code -->   \n                    <\/div>\n                <\/div>\n                                <div class=\"col-lg-4 col-md-6 col-sm-4 col-xs-12\">\n                    <div class=\"operator-closed-box\">\n                        <span class=\"operator-box-header\"><img decoding=\"async\" src=\"\/spanish\/assets\/logos\/sport\/light-back\/888sport.png\" width=\"auto\" height=\"auto\" alt=\"888\" \/><\/span>                        <div class=\"operator-closed-box-stars\">\n                          <span>110\u20ac <\/span>Max Bonus                        <\/div>\n\n                        <div class=\"claim-bonus-code button-bottom\">\n                             <span class=\"cursored button js-golink hvr-animation multi-line bonus-btn-main-sec\"  onclick=\"OpenGoLink(this);\" data-operator=\"20\" data-bonus=\"6743\"   data-clicks=\"22\"data-type=\"sport\" >visita el casino<i class=\"fa fa-chevron-right\" aria-hidden=\"true\"><\/i> <\/span>                         <\/div><!-- \/.claim-bonus-code -->   \n                    <\/div>\n                <\/div>\n                                <div class=\"col-lg-4 col-md-6 col-sm-4 col-xs-12\">\n                    <div class=\"operator-closed-box\">\n                        <span class=\"operator-box-header\"><img decoding=\"async\" src=\"\/spanish\/assets\/logos\/sport\/light-back\/william-hill.png\" width=\"auto\" height=\"auto\" alt=\"WilliamHill\" \/><\/span>                        <div class=\"operator-closed-box-stars\">\n                          <span>500A$ <\/span>Max Bonus                        <\/div>\n\n                        <div class=\"claim-bonus-code button-bottom\">\n                             <span class=\"cursored button js-golink hvr-animation multi-line bonus-btn-main-sec\"  onclick=\"OpenGoLink(this);\" data-operator=\"315\" data-bonus=\"2809\"   data-clicks=\"24\"data-type=\"sport\" >visita el casino<i class=\"fa fa-chevron-right\" aria-hidden=\"true\"><\/i> <\/span>                         <\/div><!-- \/.claim-bonus-code -->   \n                    <\/div>\n                <\/div>\n                        <\/div>\n    <\/div>\n<\/div><\/span>\r\n<h2 class=\"text-justify\">Principales caracter\u00edsticas del juego de las peleas de gallos<\/h2>\r\n<p class=\"text-justify\">El juego de gallos de pelea posee una serie de caracter\u00edsticas principales que han de tenerse en cuenta a la hora de realizar apuestas en la<a href=\"https:\/\/bet-bonus.net\/es\/\"> web de 1xBet.<\/a> El portal lo pone muy f\u00e1cil para proceder, ya que su interfaz est\u00e1 pensada para que cualquiera pueda utilizarla sin complicaciones, pero no puede ayudar a la hora de tomar las decisiones adecuadas, siendo ah\u00ed donde entra en juego la importancia de conocer el reglamento.<\/p>\r\n<p class=\"text-justify\">Por lo general, las aves han de tener el mismo peso y, de no tenerlo, la diferencia ha de ser m\u00ednima para que est\u00e9n en igualdad de condiciones y, por supuesto, ambos rivales deben estar en perfecto estado de salud. En el momento en el que el juez o sus ayudantes detectan que hay alg\u00fan atisbo de enfermedad, descalifican y dejan fuera al gallo para evitar problemas.<\/p>\r\n<span style=\"font-weight: 400;\"><div class=\"moreHome hideContent\"><\/span>\r\n<p class=\"text-justify\">Las ri\u00f1as, as\u00ed es como se llama a las peleas, tienen una duraci\u00f3n m\u00e1xima de 70 minutos. Si uno de los gallos se opone a pelear durante un minuto queda eliminado; por otra parte, si hay da\u00f1os severos se cierra la pelea por completo considerando vencedor al que est\u00e9 en mejores condiciones y, por otra parte, si ambos p\u00e1jaros se resisten a pelear, se ofrece empate como resultado.<\/p>\r\n<span style=\"font-weight: 400;\"><\/div><\/span>\r\n<h2 class=\"text-justify\">Ver las peleas de gallos en directo mientras apuesto<\/h2>\r\n<p class=\"text-justify\">No son muchos los pa\u00edses que permiten ver las peleas de gallos en directo, y muchos menos los que compaginan esto con las <a href=\"https:\/\/bet-bonus.net\/es\/en-directo\/\">apuestas en directo<\/a>. Afortunadamente, en 1xBet no hay problemas para ello, ya que tienen una secci\u00f3n destinada a ver estas batallas a trav\u00e9s de streamings online.<\/p>\r\n<p class=\"text-justify\">De esta manera, el jugador que se anime a apostar por las batallas de gallos tiene la ocasi\u00f3n de ver cada contienda mientras esta tiene lugar para actuar consecuentemente y ver por cu\u00e1l candidato debe apostar para ganar. Es importante tener aqu\u00ed muy en cuenta los valores de las cuotas, ya que suelen indicar cu\u00e1l es el favorito, de la misma forma que tambi\u00e9n cuenta conocer bien el reglamento para saber si vale la pena pujar o esperar a que uno de los gallos pare o pierda.<\/p>\r\n<span style=\"font-weight: 400;\"><div class=\"moreHome hideContent\"><\/span>\r\n<p class=\"text-justify\">Con esta combinaci\u00f3n, se pueden vivir las peleas de gallos como si se estuviera en el recinto y, adem\u00e1s, se hace mucho m\u00e1s f\u00e1cil el poder acertar con las apuestas que se hagan. 1xBet se ha encargado de que todo lo relacionado con las apuestas live sea lo m\u00e1s completo posible ofreciendo un servicio de emisiones, y estas peleas son otra de las propuestas que incluye en su amplio repertorio.<\/p>\r\n<span style=\"font-weight: 400;\"><\/div><\/span>\r\n\r\n<span style=\"font-weight: 400;\"> \r\n<div class=\"cta-direct-bonus\">\r\n    <div class=\"col-lg-8 col-md-8 col-sm-8 col-xs-12\">\r\n        <div class=\"row\">\r\n            <p class=\"cta-direct-slogan\">\r\n                \u00bfEst\u00e1s listo para Atrapar tu Bono de Bienvenida?            <\/p>\r\n        <\/div>\r\n    <\/div>\r\n    <div class=\"col-lg-4 col-md-4 col-sm-4 col-xs-12\">\r\n        <div class=\"row\">\r\n             <span class=\"cursored button js-golink cta-direct-button hvr-animation new-hover\"  onclick=\"OpenGoLink(this);\" data-operator=\"7\" data-bonus=\"3965\"   data-clicks=\"1\"data-type=\"sport\" ><span>Visita 1xBet Ahora!<\/span> <\/span> \r\n        <\/div>\r\n    <\/div>\r\n<\/div>\r\n\r\n<style type=\"text\/css\" media=\"screen\">\r\n    .cta-direct-button.new-hover {\r\n        padding: 3px 0 2px;\r\n    }\r\n<\/style><\/span>\r\n<h2 class=\"text-justify\">\u00bfDesde d\u00f3nde retransmiten las peleas de gallos?<\/h2>\r\n<p class=\"text-justify\">Hay varios pa\u00edses en los que las peleas de gallos son completamente legales y, de hecho, son tremendamente famosas. De hecho, en regiones de Espa\u00f1a como Andaluc\u00eda o las Islas Canarias es posible ver estas ri\u00f1as de aves ocasionalmente.<\/p>\r\n<p class=\"text-justify\">Los lugares donde m\u00e1s se celebran y donde incluso se emiten para ver<a href=\"https:\/\/bet-bonus.net\/es\/live-streaming\/\"> en directo y en streaming<\/a> en plataformas como la de 1xbet son Camboya y Filipinas. Varias zonas de Am\u00e9rica Latina tambi\u00e9n se dejan llevar por la intensidad de estas peleas, convirti\u00e9ndolas en una de las competiciones m\u00e1s populares y, por supuesto, emiti\u00e9ndolas tambi\u00e9n por internet, como es el caso de M\u00e9xico.<\/p>","protected":false},"excerpt":{"rendered":"1xbet Peleas de Gallos es otra de las razones por las que se puede asegurar sin miedo alguno que este portal de apuestas deportivas y juegos de azar siempre hace lo posible por innovar y renovarse con nuevos contenidos. Aunque controvertidas, estas batallas entre aves tienen una alta popularidad en determinados pa\u00edses, donde se mueven<a href=\"https:\/\/bet-bonus.net\/es\/mercados-deportes\/peleas-de-gallos\/\"> &#8230;<\/a>","protected":false},"author":1,"featured_media":0,"parent":39,"menu_order":4,"comment_status":"closed","ping_status":"closed","template":"","meta":{"footnotes":""},"categories":[],"tags":[],"class_list":["post-50","page","type-page","status-publish","hentry"],"yoast_head":"<!-- This site is optimized with the Yoast SEO plugin v26.7 - https:\/\/yoast.com\/wordpress\/plugins\/seo\/ -->\n<title>1xbet Peleas de Gallos \u00bb Ve en Directo &amp; Apuesta a la Ri\u00f1a<\/title>\n<meta name=\"robots\" content=\"index, follow, max-snippet:-1, max-image-preview:large, max-video-preview:-1\" \/>\n<link rel=\"canonical\" href=\"https:\/\/bet-bonus.net\/es\/mercados-deportes\/peleas-de-gallos\/\" \/>\n<meta property=\"og:locale\" content=\"es_ES\" \/>\n<meta property=\"og:type\" content=\"article\" \/>\n<meta property=\"og:title\" content=\"1xbet Peleas de Gallos \u00bb Ve en Directo &amp; Apuesta a la Ri\u00f1a\" \/>\n<meta property=\"og:url\" content=\"https:\/\/bet-bonus.net\/es\/mercados-deportes\/peleas-de-gallos\/\" \/>\n<meta property=\"og:site_name\" content=\"bet-bonus.net ES\" \/>\n<meta property=\"article:modified_time\" content=\"2018-06-18T13:28:56+00:00\" \/>\n<meta name=\"twitter:card\" content=\"summary_large_image\" \/>\n<meta name=\"twitter:label1\" content=\"Tiempo de lectura\" \/>\n\t<meta name=\"twitter:data1\" content=\"5 minutos\" \/>\n<script type=\"application\/ld+json\" class=\"yoast-schema-graph\">{\"@context\":\"https:\/\/schema.org\",\"@graph\":[{\"@type\":\"WebPage\",\"@id\":\"https:\/\/bet-bonus.net\/es\/mercados-deportes\/peleas-de-gallos\/\",\"url\":\"https:\/\/bet-bonus.net\/es\/mercados-deportes\/peleas-de-gallos\/\",\"name\":\"1xbet Peleas de Gallos \u00bb Ve en Directo & Apuesta a la Ri\u00f1a\",\"isPartOf\":{\"@id\":\"https:\/\/bet-bonus.net\/es\/#website\"},\"datePublished\":\"2018-06-12T09:53:00+00:00\",\"dateModified\":\"2018-06-18T13:28:56+00:00\",\"breadcrumb\":{\"@id\":\"https:\/\/bet-bonus.net\/es\/mercados-deportes\/peleas-de-gallos\/#breadcrumb\"},\"inLanguage\":\"es\",\"potentialAction\":[{\"@type\":\"ReadAction\",\"target\":[\"https:\/\/bet-bonus.net\/es\/mercados-deportes\/peleas-de-gallos\/\"]}]},{\"@type\":\"BreadcrumbList\",\"@id\":\"https:\/\/bet-bonus.net\/es\/mercados-deportes\/peleas-de-gallos\/#breadcrumb\",\"itemListElement\":[{\"@type\":\"ListItem\",\"position\":1,\"name\":\"Home\",\"item\":\"https:\/\/bet-bonus.net\/es\/\"},{\"@type\":\"ListItem\",\"position\":2,\"name\":\"Todos los Deportes Disponibles en 1xBet - Descubre los Mercados de Apuestas\",\"item\":\"https:\/\/bet-bonus.net\/es\/mercados-deportes\/\"},{\"@type\":\"ListItem\",\"position\":3,\"name\":\"Peleas de Gallos en 1xBet - Las Apuestas M\u00e1s Sorprendentes en Directo\"}]},{\"@type\":\"WebSite\",\"@id\":\"https:\/\/bet-bonus.net\/es\/#website\",\"url\":\"https:\/\/bet-bonus.net\/es\/\",\"name\":\"bet-bonus.net ES\",\"description\":\"\",\"potentialAction\":[{\"@type\":\"SearchAction\",\"target\":{\"@type\":\"EntryPoint\",\"urlTemplate\":\"https:\/\/bet-bonus.net\/es\/?s={search_term_string}\"},\"query-input\":{\"@type\":\"PropertyValueSpecification\",\"valueRequired\":true,\"valueName\":\"search_term_string\"}}],\"inLanguage\":\"es\"}]}<\/script>\n<!-- \/ Yoast SEO plugin. -->","yoast_head_json":{"title":"1xbet Peleas de Gallos \u00bb Ve en Directo & Apuesta a la Ri\u00f1a","robots":{"index":"index","follow":"follow","max-snippet":"max-snippet:-1","max-image-preview":"max-image-preview:large","max-video-preview":"max-video-preview:-1"},"canonical":"https:\/\/bet-bonus.net\/es\/mercados-deportes\/peleas-de-gallos\/","og_locale":"es_ES","og_type":"article","og_title":"1xbet Peleas de Gallos \u00bb Ve en Directo & Apuesta a la Ri\u00f1a","og_url":"https:\/\/bet-bonus.net\/es\/mercados-deportes\/peleas-de-gallos\/","og_site_name":"bet-bonus.net ES","article_modified_time":"2018-06-18T13:28:56+00:00","twitter_card":"summary_large_image","twitter_misc":{"Tiempo de lectura":"5 minutos"},"schema":{"@context":"https:\/\/schema.org","@graph":[{"@type":"WebPage","@id":"https:\/\/bet-bonus.net\/es\/mercados-deportes\/peleas-de-gallos\/","url":"https:\/\/bet-bonus.net\/es\/mercados-deportes\/peleas-de-gallos\/","name":"1xbet Peleas de Gallos \u00bb Ve en Directo & Apuesta a la Ri\u00f1a","isPartOf":{"@id":"https:\/\/bet-bonus.net\/es\/#website"},"datePublished":"2018-06-12T09:53:00+00:00","dateModified":"2018-06-18T13:28:56+00:00","breadcrumb":{"@id":"https:\/\/bet-bonus.net\/es\/mercados-deportes\/peleas-de-gallos\/#breadcrumb"},"inLanguage":"es","potentialAction":[{"@type":"ReadAction","target":["https:\/\/bet-bonus.net\/es\/mercados-deportes\/peleas-de-gallos\/"]}]},{"@type":"BreadcrumbList","@id":"https:\/\/bet-bonus.net\/es\/mercados-deportes\/peleas-de-gallos\/#breadcrumb","itemListElement":[{"@type":"ListItem","position":1,"name":"Home","item":"https:\/\/bet-bonus.net\/es\/"},{"@type":"ListItem","position":2,"name":"Todos los Deportes Disponibles en 1xBet - Descubre los Mercados de Apuestas","item":"https:\/\/bet-bonus.net\/es\/mercados-deportes\/"},{"@type":"ListItem","position":3,"name":"Peleas de Gallos en 1xBet - Las Apuestas M\u00e1s Sorprendentes en Directo"}]},{"@type":"WebSite","@id":"https:\/\/bet-bonus.net\/es\/#website","url":"https:\/\/bet-bonus.net\/es\/","name":"bet-bonus.net ES","description":"","potentialAction":[{"@type":"SearchAction","target":{"@type":"EntryPoint","urlTemplate":"https:\/\/bet-bonus.net\/es\/?s={search_term_string}"},"query-input":{"@type":"PropertyValueSpecification","valueRequired":true,"valueName":"search_term_string"}}],"inLanguage":"es"}]}},"_links":{"self":[{"href":"https:\/\/bet-bonus.net\/es\/wp-json\/wp\/v2\/pages\/50","targetHints":{"allow":["GET"]}}],"collection":[{"href":"https:\/\/bet-bonus.net\/es\/wp-json\/wp\/v2\/pages"}],"about":[{"href":"https:\/\/bet-bonus.net\/es\/wp-json\/wp\/v2\/types\/page"}],"author":[{"embeddable":true,"href":"https:\/\/bet-bonus.net\/es\/wp-json\/wp\/v2\/users\/1"}],"replies":[{"embeddable":true,"href":"https:\/\/bet-bonus.net\/es\/wp-json\/wp\/v2\/comments?post=50"}],"version-history":[{"count":4,"href":"https:\/\/bet-bonus.net\/es\/wp-json\/wp\/v2\/pages\/50\/revisions"}],"predecessor-version":[{"id":270,"href":"https:\/\/bet-bonus.net\/es\/wp-json\/wp\/v2\/pages\/50\/revisions\/270"}],"up":[{"embeddable":true,"href":"https:\/\/bet-bonus.net\/es\/wp-json\/wp\/v2\/pages\/39"}],"wp:attachment":[{"href":"https:\/\/bet-bonus.net\/es\/wp-json\/wp\/v2\/media?parent=50"}],"wp:term":[{"taxonomy":"category","embeddable":true,"href":"https:\/\/bet-bonus.net\/es\/wp-json\/wp\/v2\/categories?post=50"},{"taxonomy":"post_tag","embeddable":true,"href":"https:\/\/bet-bonus.net\/es\/wp-json\/wp\/v2\/tags?post=50"}],"curies":[{"name":"wp","href":"https:\/\/api.w.org\/{rel}","templated":true}]}}