{"id":47,"date":"2018-06-12T09:50:01","date_gmt":"2018-06-12T09:50:01","guid":{"rendered":"http:\/\/bet-bonus.net\/es\/?page_id=47"},"modified":"2018-07-24T11:17:06","modified_gmt":"2018-07-24T11:17:06","slug":"galgos","status":"publish","type":"page","link":"https:\/\/bet-bonus.net\/es\/mercados-deportes\/galgos\/","title":{"rendered":"Las Mejores Apuestas a Carreras de Galgos - Consejos &#038; Resultados en Directo"},"content":{"rendered":"<p class=\"text-justify\">La velocidad tambi\u00e9n forma parte de aquello por lo que se puede apostar, incluso cuando se habla de mezclarla con animales. Las carreras de galgos son un claro ejemplo del mundo de las apuestas, llevan d\u00e9cadas existiendo y su salto al entorno digital era cuesti\u00f3n de tiempo.<\/p>\r\n<p class=\"text-justify\">1xbet Carreras Galgos tiene mucho que decir dentro de este sector, tanto que vamos a explicar todo lo que ofrece esta plataforma online y que tanto atrae a los amantes de los c\u00e1nidos.<\/p>\r\n\r\n<h2 class=\"text-justify\">Bonos de 1xbet para realizar tus apuestas galgos<\/h2>\r\n<p class=\"text-justify\">Utilizar bonos siempre es una buena forma de ahorrar dinero y conseguir m\u00e1s ingresos como recompensa a las apuestas que se realicen. Dentro del terreno de las apuestas galgos en 1xBet es posible sacar partido de determinadas promociones y ofertas para obtener m\u00e1s fondos a aprovechar intentando adivinar cu\u00e1les ser\u00e1n los animales m\u00e1s veloces en las pistas de competici\u00f3n.<\/p>\r\n<p class=\"text-justify\">De esta forma, el usuario reci\u00e9n registrado puede utilizar el<a href=\"https:\/\/bet-bonus.net\/es\/\"> bono de bienvenida de 1xbet,<\/a> ese mismo que le permite duplicar los fondos ingresados tras el registro hasta tener un total de 100\u20ac\u20ac m\u00e1s, pero con la condici\u00f3n de realizar varias apuestas de forma combinada para poder sacar partido de este dinero extra. Siguiendo esta misma l\u00ednea, tenemos tambi\u00e9n los Mi\u00e9rcoles x2 y los Viernes de la Suerte, pensados para duplicar fondos haciendo 5 o m\u00e1s apuestas.<\/p>\r\n<span style=\"font-weight: 400;\"><div class=\"moreHome hideContent\"><\/span>\r\n<p class=\"text-justify\">Por lo general, la secci\u00f3n de Promos disponible en el men\u00fa principal de 1xBet suele actualizarse con todas las oportunidades de este tipo que hay para los usuarios. Algunas son ofertas fijas, que siempre est\u00e1n presentes para quienes quieran aprovecharlas; pero otras se reducen a jornadas especiales o temporadas concretas dado que suelen llegar acompa\u00f1adas de alguna tem\u00e1tica espec\u00edfica.<\/p>\r\n<p class=\"text-justify\">Desde estos extras hasta devoluciones de dinero en caso de fallar con los pron\u00f3sticos en las apuestas de galgos 1xbet, hay muchas oportunidades de tener acceso a las facilidades que esta web pone en bandeja de plata a sus usuarios. Tan solo hay que prestar atenci\u00f3n para enterarse de las nuevas promociones que aparezcan y sacar partido de los bonos y todas las ofertas posibles.<\/p>\r\n<span style=\"font-weight: 400;\"><\/div><\/span>\r\n\r\n<span style=\"font-weight: 400;\">\n<style>\n #operator-closed {\n        margin-top: 3em;\n        margin-bottom: 1rem;\n        color: #414141; \n    }\n    .operator-closed-body {\n        min-height: 420px;\n        background-color: #F9F9F9;\n    }\n    #operator-closed .operator-closed-message {\n        display: flex;\n        align-items: center;\n        justify-content: center;\n        font-size: 20px;\n        text-align: center;\n        color: #fff;\n        padding: 1.75em 0.5rem;\n        background: #002E5D;\n        text-shadow: 0 1px 1px rgba(0, 0, 0, 0.3);\n        box-shadow: 0 -4px 0 0 #1a1a1a;\n    }\n    #operator-closed .operator-closed-message b {\n        display: block;\n        font-size: 24px;\n    }\n    .operator-closed-box-container {\n        padding: 40px 30px;\n    }\n    #operator-closed .operator-closed-box {\n        display: flex;\n        flex-direction: column;\n        justify-content: center;\n        align-items: center;\n        background-color: #FFFFFF;\n        box-shadow: 0px 0px 5px #00000024;\n    }\n   \/* #operator-closed .operator-closed-box a:first-of-type {\n        display: flex;\n        justify-content: center;\n        width: 100%;\n        background: #ffffff;\n        border-top: 3px solid #f46613;\n    }*\/\n    #operator-closed img {\n        width: 100px;\n        display: block;\n    }\n    #operator-closed .operator-box-header { \n        display: flex; \n        width: 100%;\n        justify-content: center;\n        background-color: #ECECEC; \n        padding: 13px;\n    }\n    #operator-closed .operator-closed-box-stars {\n        display: flex;\n        flex-wrap: wrap;\n        justify-content: center;\n        padding: 1em 0;\n    }\n    #operator-closed .operator-closed-box-stars span{\n        color: #002E5D;\n        font-size: 36px;\n        line-height: 1.1;\n        text-align: center;\n        width: 100%;\n        font-weight: 900;\n    }\n    #operator-closed .button {\n        text-transform: uppercase;\n        margin-top: 0;\n        margin-bottom: 28px;\n        font-weight: 600;\n        padding: 10px 13px; \n        font-size: 13px; \n        width: 100%;\n    }\n    #operator-closed .button i {\n        font-size: 12px;\n        padding-top: 0;\n    }\n    .claim-bonus-code:hover>.bonus-btn-main-sec {\n        color: #c8102e;\n    }\n    @media ( max-width: 767px ) {\n\n        #operator-closed .operator-closed-message {\n            font-size: 14px;\n        }  \n        #operator-closed .operator-closed-message b {\n            font-size: 17px;\n        }\n        #operator-closed .operator-closed-box {\n            flex-direction: row;\n            flex-wrap: wrap;\n            justify-content: space-around;\n            max-width: 300px;\n            margin-left: auto;\n            margin-right: auto;\n        }\n        #operator-closed .col-lg-4.col-md-6.col-sm-4.col-xs-12:nth-child(3) .operator-closed-box {\n            margin-bottom: 0; \n        }\n        .operator-closed-box-container {\n            padding: 30px 15px;\n        }\n        #operator-closed .operator-closed-box {\n            margin-bottom: 2.5rem; \n        }\n    }\n<\/style>\n<div id=\"operator-closed-wrapper\">\n    <div id=\"operator-closed\" class=\"operator-closed-body\">\n        <div class=\"operator-closed-message \">\n\n            <div><b>Mejor echa un vistazo a estos mejores casinos<\/b>\n                             <\/div>\n        <\/div>\n        \n        <div class=\"row operator-closed-box-container\">\n                            <div class=\"col-lg-4 col-md-6 col-sm-4 col-xs-12\">\n                    <div class=\"operator-closed-box\">\n                        <span class=\"operator-box-header\"><img decoding=\"async\" src=\"\/spanish\/assets\/logos\/sport\/light-back\/bwin.png\" width=\"auto\" height=\"auto\" alt=\"Bwin\" \/><\/span>                        <div class=\"operator-closed-box-stars\">\n                          <span>100\u20ac <\/span>Max Bonus                        <\/div>\n\n                        <div class=\"claim-bonus-code button-bottom\">\n                             <span class=\"cursored button js-golink hvr-animation multi-line bonus-btn-main-sec\"  onclick=\"OpenGoLink(this);\" data-operator=\"79\" data-bonus=\"16070\"   data-clicks=\"34\"data-type=\"sport\" >visita el casino<i class=\"fa fa-chevron-right\" aria-hidden=\"true\"><\/i> <\/span>                         <\/div><!-- \/.claim-bonus-code -->   \n                    <\/div>\n                <\/div>\n                                <div class=\"col-lg-4 col-md-6 col-sm-4 col-xs-12\">\n                    <div class=\"operator-closed-box\">\n                        <span class=\"operator-box-header\"><img decoding=\"async\" src=\"\/spanish\/assets\/logos\/sport\/light-back\/888sport.png\" width=\"auto\" height=\"auto\" alt=\"888\" \/><\/span>                        <div class=\"operator-closed-box-stars\">\n                          <span>110\u20ac <\/span>Max Bonus                        <\/div>\n\n                        <div class=\"claim-bonus-code button-bottom\">\n                             <span class=\"cursored button js-golink hvr-animation multi-line bonus-btn-main-sec\"  onclick=\"OpenGoLink(this);\" data-operator=\"20\" data-bonus=\"6743\"   data-clicks=\"22\"data-type=\"sport\" >visita el casino<i class=\"fa fa-chevron-right\" aria-hidden=\"true\"><\/i> <\/span>                         <\/div><!-- \/.claim-bonus-code -->   \n                    <\/div>\n                <\/div>\n                                <div class=\"col-lg-4 col-md-6 col-sm-4 col-xs-12\">\n                    <div class=\"operator-closed-box\">\n                        <span class=\"operator-box-header\"><img decoding=\"async\" src=\"\/spanish\/assets\/logos\/sport\/light-back\/william-hill.png\" width=\"auto\" height=\"auto\" alt=\"WilliamHill\" \/><\/span>                        <div class=\"operator-closed-box-stars\">\n                          <span>500A$ <\/span>Max Bonus                        <\/div>\n\n                        <div class=\"claim-bonus-code button-bottom\">\n                             <span class=\"cursored button js-golink hvr-animation multi-line bonus-btn-main-sec\"  onclick=\"OpenGoLink(this);\" data-operator=\"315\" data-bonus=\"2809\"   data-clicks=\"24\"data-type=\"sport\" >visita el casino<i class=\"fa fa-chevron-right\" aria-hidden=\"true\"><\/i> <\/span>                         <\/div><!-- \/.claim-bonus-code -->   \n                    <\/div>\n                <\/div>\n                        <\/div>\n    <\/div>\n<\/div><\/span>\r\n<h2 class=\"text-justify\">Principales caracter\u00edsticas de las apuestas galgos<\/h2>\r\n<p class=\"text-justify\">El mecanismo y conceptos de las carreras de galgos forman parte de algo tremendamente sencillo. Hay un ganador, que es el perro que cruza la l\u00ednea de meta en primer lugar dejando atr\u00e1s al resto, que ocupar\u00e1n las posiciones restantes hasta la \u00faltima. No es necesario entender mucho m\u00e1s para saber c\u00f3mo funcionan estas competiciones ni tampoco las apuestas que se pueden hacer en 1xbet galgos.<\/p>\r\n<p class=\"text-justify\">Un total de 8 canes echan a correr al sonido del disparo de inicio por la pista habilitada y solo puede quedar uno. El concepto es tan simple como lo contamos, lo que hace a sus apuestas un terreno bastante accesible; como tambi\u00e9n m\u00e1s que presente. Este tipo de carreras se realiza constantemente en determinados pa\u00edses, y su corta duraci\u00f3n permite que los jugadores puedan estar apostando continuamente y amontonar grandes cantidades de dinero si tienen un buen d\u00eda. Por ello, lo hace un <a href=\"https:\/\/bet-bonus.net\/es\/mercados-deportes\/\">deporte de 1xbet<\/a> muy interesante para apostar.<\/p>\r\n<span style=\"font-weight: 400;\"><div class=\"moreHome hideContent\"><\/span>\r\n<p class=\"text-justify\">A la hora de apostar, las opciones son tan sencillas como espec\u00edficas, solo puedes pujar por el nombre del ganador, fij\u00e1ndote tambi\u00e9n en las cuotas que aparecen listadas para ver las posibilidades que tiene de vencer. En base a esto, el azar juega un papel m\u00e1s importante que nunca cuando se habla de esta variante disponible en 1xbet; pero a cambio promete unos altos beneficios.<\/p>\r\n<span style=\"font-weight: 400;\"><\/div><\/span>\r\n<h2 class=\"text-justify\">C\u00f3mo hacer apuestas de galgos<\/h2>\r\n<p class=\"text-justify\">Si te preguntas c\u00f3mo hacer apuestas de galgos en 1xbet, es algo bastante f\u00e1cil de llevar a cabo. Para proceder con ellas, lo primero que has de hacer es iniciar sesi\u00f3n en la <a href=\"https:\/\/bet-bonus.net\/es\/apuestas-deportivas\/\">web de apuestas<\/a> y juegos de azar con tu correo y la clave de acceso correspondiente.<\/p>\r\n<p class=\"text-justify\">Despu\u00e9s, dir\u00edgete a la secci\u00f3n deportes y escoge el filtro de carreras de galgos para que solo aparezcan estos. Ahora, tan solo debes elegir las que consideres interesantes y, una vez dentro, marcar el perro o perra que creas que va a ganar para, justo despu\u00e9s, establecer la cantidad a invertir en el boleto de apuestas y aceptar para dejar tu apuesta registrada.<\/p>\r\n<span style=\"font-weight: 400;\"><div class=\"moreHome hideContent\"><\/span>\r\n<p class=\"text-justify\">Es dif\u00edcil adelantar cu\u00e1l es el galgo que logre alzarse con la victoria; pero s\u00ed se pueden tener en cuenta varios factores que ayudan a dominar el c\u00f3mo apostar a los galgos. Es interesante echar un vistazo al apartado Forma, disponible en la tabla que acompa\u00f1a a cada competici\u00f3n, de la misma forma que se recomienda ojear el historial de cada uno de los perros buscando sus nombres en la red para conocer cu\u00e1ntas victorias llevan acumuladas.<\/p>\r\n<p class=\"text-justify\">Toda informaci\u00f3n posible es buena, pero hay que recordar siempre que el azar tiene la \u00faltima palabra.<\/p>\r\n<span style=\"font-weight: 400;\"><\/div><\/span>\r\n\r\n<span style=\"font-weight: 400;\">\r\n<div class=\"cta-direct-bonus\">\r\n    <div class=\"col-lg-8 col-md-8 col-sm-8 col-xs-12\">\r\n        <div class=\"row\">\r\n            <p class=\"cta-direct-slogan\">\r\n                \u00bfEst\u00e1s listo para Atrapar tu Bono de Bienvenida?            <\/p>\r\n        <\/div>\r\n    <\/div>\r\n    <div class=\"col-lg-4 col-md-4 col-sm-4 col-xs-12\">\r\n        <div class=\"row\">\r\n             <span class=\"cursored button js-golink cta-direct-button hvr-animation new-hover\"  onclick=\"OpenGoLink(this);\" data-operator=\"7\" data-bonus=\"3965\"   data-clicks=\"1\"data-type=\"sport\" ><span>Visita 1xBet Ahora!<\/span> <\/span> \r\n        <\/div>\r\n    <\/div>\r\n<\/div>\r\n\r\n<style type=\"text\/css\" media=\"screen\">\r\n    .cta-direct-button.new-hover {\r\n        padding: 3px 0 2px;\r\n    }\r\n<\/style><\/span>\r\n<h2 class=\"text-justify\">Ver carreras de galgos en directo mientras apuestas<\/h2>\r\n<p class=\"text-justify\">De la misma forma que ocurre en cualquier otro deporte disponible en el portal web de 1xbet, el usuario tiene la oportunidad de ver en directo cualquier carrera galgos en la que quiera apostar a trav\u00e9s de la p\u00e1gina disponible para <a href=\"https:\/\/bet-bonus.net\/es\/live-streaming\/\">live streamings<\/a>. Sin muchos requisitos de conexi\u00f3n que den problemas, la imagen aparece con la claridad y fluidez m\u00e1s que suficientes para ver el espect\u00e1culo en riguroso directo y, de paso, poder aprovechar para pujar mientras tanto.<\/p>\r\n<p class=\"text-justify\">El realismo es mucho mayor si se opta por ver las carreras de estos veloces perros en el ordenador o el tel\u00e9fono m\u00f3vil mientras se intenta aprovechar el momento adecuado para sacar la mejor cuota con la que ganar dinero acertando al vencedor de cada carrera. Es la sensaci\u00f3n m\u00e1s parecida que hay a estar en el can\u00f3dromo y echar un vistazo a todo desde la grada con los boletos de haber apostado en la mano.<\/p>\r\n<span style=\"font-weight: 400;\"><div class=\"moreHome hideContent\"><\/span>\r\n<p class=\"text-justify\">Con esta posibilidad, adem\u00e1s, el jugador tiene m\u00e1s oportunidad de acertar con sus pron\u00f3sticos haciendo apuestas con 1xbet live. Observando el rendimiento de cada galgo, su capacidad para tomar la delantera y su desempe\u00f1o en la pista, los m\u00e1s observadores son capaces de alcanzar altas tasas de acierto con cada apuesta que realizan.<\/p>\r\n<span style=\"font-weight: 400;\"><\/div><\/span>\r\n<h2 class=\"text-justify\">C\u00f3mo consultar los resultados de las carreras de galgos en 1xbet<\/h2>\r\n<p class=\"text-justify\">Cuando terminan las carreras, es normal que la primera cuesti\u00f3n que llegue a la cabeza del usuario est\u00e9 relacionada con carrera de galgos <a href=\"https:\/\/bet-bonus.net\/es\/resultados-estadisticas\/\">resultados<\/a>. Puedes ver c\u00f3mo han terminado todas aquellas en las que has apostado echando un simple vistazo a tu boleto. Si has acertado, se te indicar\u00e1 junto con las cantidades que pasar\u00e1n a a\u00f1adirse a tus fondos por la victoria; si no, tambi\u00e9n quedar\u00e1 reflejado para que sepas por qu\u00e9 tus fondos no han aumentado.<\/p>\r\n<span style=\"font-weight: 400;\"><div class=\"moreHome hideContent\"><\/span>\r\n<p class=\"text-justify\">Por otra parte, dentro de la secci\u00f3n de carreras de galgos de 1xbet tambi\u00e9n tienes la opci\u00f3n de consultar resultados. Tan solo dir\u00edgete a la carrera en cuesti\u00f3n y pulsa en ella. Despu\u00e9s, la parte superior de la pantalla contendr\u00e1 una tabla que, adem\u00e1s del estado de forma de cada can competidor, mostrar\u00e1 su posici\u00f3n para indicar c\u00f3mo ha terminado en la competici\u00f3n.<\/p>\r\n<p class=\"text-justify\">Estas herramientas son de sobra suficientes para permitirte enterarte de c\u00f3mo han quedado las apuestas de galgos que hab\u00edas realizado.<\/p>\r\n<span style=\"font-weight: 400;\"><\/div><\/span>\r\n\r\n<span style=\"font-weight: 400;\">\r\n<div class=\"cta-direct-bonus\">\r\n    <div class=\"col-lg-8 col-md-8 col-sm-8 col-xs-12\">\r\n        <div class=\"row\">\r\n            <p class=\"cta-direct-slogan\">\r\n                \u00bfEst\u00e1s listo para Atrapar tu Bono de Bienvenida?            <\/p>\r\n        <\/div>\r\n    <\/div>\r\n    <div class=\"col-lg-4 col-md-4 col-sm-4 col-xs-12\">\r\n        <div class=\"row\">\r\n             <span class=\"cursored button js-golink cta-direct-button hvr-animation new-hover\"  onclick=\"OpenGoLink(this);\" data-operator=\"7\" data-bonus=\"3965\"   data-clicks=\"1\"data-type=\"sport\" ><span>Visita 1xBet Ahora!<\/span> <\/span> \r\n        <\/div>\r\n    <\/div>\r\n<\/div>\r\n\r\n<style type=\"text\/css\" media=\"screen\">\r\n    .cta-direct-button.new-hover {\r\n        padding: 3px 0 2px;\r\n    }\r\n<\/style><\/span>","protected":false},"excerpt":{"rendered":"La velocidad tambi\u00e9n forma parte de aquello por lo que se puede apostar, incluso cuando se habla de mezclarla con animales. Las carreras de galgos son un claro ejemplo del mundo de las apuestas, llevan d\u00e9cadas existiendo y su salto al entorno digital era cuesti\u00f3n de tiempo. 1xbet Carreras Galgos tiene mucho que decir dentro<a href=\"https:\/\/bet-bonus.net\/es\/mercados-deportes\/galgos\/\"> &#8230;<\/a>","protected":false},"author":1,"featured_media":0,"parent":39,"menu_order":3,"comment_status":"closed","ping_status":"closed","template":"","meta":{"footnotes":""},"categories":[],"tags":[],"class_list":["post-47","page","type-page","status-publish","hentry"],"yoast_head":"<!-- This site is optimized with the Yoast SEO plugin v26.7 - https:\/\/yoast.com\/wordpress\/plugins\/seo\/ -->\n<title>1xbet Carreras de Galgos \u00bb Resultados &amp; Consejos para Apostar<\/title>\n<meta name=\"robots\" content=\"index, follow, max-snippet:-1, max-image-preview:large, max-video-preview:-1\" \/>\n<link rel=\"canonical\" href=\"https:\/\/bet-bonus.net\/es\/mercados-deportes\/galgos\/\" \/>\n<meta property=\"og:locale\" content=\"es_ES\" \/>\n<meta property=\"og:type\" content=\"article\" \/>\n<meta property=\"og:title\" content=\"1xbet Carreras de Galgos \u00bb Resultados &amp; Consejos para Apostar\" \/>\n<meta property=\"og:url\" content=\"https:\/\/bet-bonus.net\/es\/mercados-deportes\/galgos\/\" \/>\n<meta property=\"og:site_name\" content=\"bet-bonus.net ES\" \/>\n<meta property=\"article:modified_time\" content=\"2018-07-24T11:17:06+00:00\" \/>\n<meta name=\"twitter:card\" content=\"summary_large_image\" \/>\n<meta name=\"twitter:label1\" content=\"Tiempo de lectura\" \/>\n\t<meta name=\"twitter:data1\" content=\"6 minutos\" \/>\n<script type=\"application\/ld+json\" class=\"yoast-schema-graph\">{\"@context\":\"https:\/\/schema.org\",\"@graph\":[{\"@type\":\"WebPage\",\"@id\":\"https:\/\/bet-bonus.net\/es\/mercados-deportes\/galgos\/\",\"url\":\"https:\/\/bet-bonus.net\/es\/mercados-deportes\/galgos\/\",\"name\":\"1xbet Carreras de Galgos \u00bb Resultados & Consejos para Apostar\",\"isPartOf\":{\"@id\":\"https:\/\/bet-bonus.net\/es\/#website\"},\"datePublished\":\"2018-06-12T09:50:01+00:00\",\"dateModified\":\"2018-07-24T11:17:06+00:00\",\"breadcrumb\":{\"@id\":\"https:\/\/bet-bonus.net\/es\/mercados-deportes\/galgos\/#breadcrumb\"},\"inLanguage\":\"es\",\"potentialAction\":[{\"@type\":\"ReadAction\",\"target\":[\"https:\/\/bet-bonus.net\/es\/mercados-deportes\/galgos\/\"]}]},{\"@type\":\"BreadcrumbList\",\"@id\":\"https:\/\/bet-bonus.net\/es\/mercados-deportes\/galgos\/#breadcrumb\",\"itemListElement\":[{\"@type\":\"ListItem\",\"position\":1,\"name\":\"Home\",\"item\":\"https:\/\/bet-bonus.net\/es\/\"},{\"@type\":\"ListItem\",\"position\":2,\"name\":\"Todos los Deportes Disponibles en 1xBet - Descubre los Mercados de Apuestas\",\"item\":\"https:\/\/bet-bonus.net\/es\/mercados-deportes\/\"},{\"@type\":\"ListItem\",\"position\":3,\"name\":\"Las Mejores Apuestas a Carreras de Galgos - Consejos &#038; Resultados en Directo\"}]},{\"@type\":\"WebSite\",\"@id\":\"https:\/\/bet-bonus.net\/es\/#website\",\"url\":\"https:\/\/bet-bonus.net\/es\/\",\"name\":\"bet-bonus.net ES\",\"description\":\"\",\"potentialAction\":[{\"@type\":\"SearchAction\",\"target\":{\"@type\":\"EntryPoint\",\"urlTemplate\":\"https:\/\/bet-bonus.net\/es\/?s={search_term_string}\"},\"query-input\":{\"@type\":\"PropertyValueSpecification\",\"valueRequired\":true,\"valueName\":\"search_term_string\"}}],\"inLanguage\":\"es\"}]}<\/script>\n<!-- \/ Yoast SEO plugin. -->","yoast_head_json":{"title":"1xbet Carreras de Galgos \u00bb Resultados & Consejos para Apostar","robots":{"index":"index","follow":"follow","max-snippet":"max-snippet:-1","max-image-preview":"max-image-preview:large","max-video-preview":"max-video-preview:-1"},"canonical":"https:\/\/bet-bonus.net\/es\/mercados-deportes\/galgos\/","og_locale":"es_ES","og_type":"article","og_title":"1xbet Carreras de Galgos \u00bb Resultados & Consejos para Apostar","og_url":"https:\/\/bet-bonus.net\/es\/mercados-deportes\/galgos\/","og_site_name":"bet-bonus.net ES","article_modified_time":"2018-07-24T11:17:06+00:00","twitter_card":"summary_large_image","twitter_misc":{"Tiempo de lectura":"6 minutos"},"schema":{"@context":"https:\/\/schema.org","@graph":[{"@type":"WebPage","@id":"https:\/\/bet-bonus.net\/es\/mercados-deportes\/galgos\/","url":"https:\/\/bet-bonus.net\/es\/mercados-deportes\/galgos\/","name":"1xbet Carreras de Galgos \u00bb Resultados & Consejos para Apostar","isPartOf":{"@id":"https:\/\/bet-bonus.net\/es\/#website"},"datePublished":"2018-06-12T09:50:01+00:00","dateModified":"2018-07-24T11:17:06+00:00","breadcrumb":{"@id":"https:\/\/bet-bonus.net\/es\/mercados-deportes\/galgos\/#breadcrumb"},"inLanguage":"es","potentialAction":[{"@type":"ReadAction","target":["https:\/\/bet-bonus.net\/es\/mercados-deportes\/galgos\/"]}]},{"@type":"BreadcrumbList","@id":"https:\/\/bet-bonus.net\/es\/mercados-deportes\/galgos\/#breadcrumb","itemListElement":[{"@type":"ListItem","position":1,"name":"Home","item":"https:\/\/bet-bonus.net\/es\/"},{"@type":"ListItem","position":2,"name":"Todos los Deportes Disponibles en 1xBet - Descubre los Mercados de Apuestas","item":"https:\/\/bet-bonus.net\/es\/mercados-deportes\/"},{"@type":"ListItem","position":3,"name":"Las Mejores Apuestas a Carreras de Galgos - Consejos &#038; Resultados en Directo"}]},{"@type":"WebSite","@id":"https:\/\/bet-bonus.net\/es\/#website","url":"https:\/\/bet-bonus.net\/es\/","name":"bet-bonus.net ES","description":"","potentialAction":[{"@type":"SearchAction","target":{"@type":"EntryPoint","urlTemplate":"https:\/\/bet-bonus.net\/es\/?s={search_term_string}"},"query-input":{"@type":"PropertyValueSpecification","valueRequired":true,"valueName":"search_term_string"}}],"inLanguage":"es"}]}},"_links":{"self":[{"href":"https:\/\/bet-bonus.net\/es\/wp-json\/wp\/v2\/pages\/47","targetHints":{"allow":["GET"]}}],"collection":[{"href":"https:\/\/bet-bonus.net\/es\/wp-json\/wp\/v2\/pages"}],"about":[{"href":"https:\/\/bet-bonus.net\/es\/wp-json\/wp\/v2\/types\/page"}],"author":[{"embeddable":true,"href":"https:\/\/bet-bonus.net\/es\/wp-json\/wp\/v2\/users\/1"}],"replies":[{"embeddable":true,"href":"https:\/\/bet-bonus.net\/es\/wp-json\/wp\/v2\/comments?post=47"}],"version-history":[{"count":5,"href":"https:\/\/bet-bonus.net\/es\/wp-json\/wp\/v2\/pages\/47\/revisions"}],"predecessor-version":[{"id":263,"href":"https:\/\/bet-bonus.net\/es\/wp-json\/wp\/v2\/pages\/47\/revisions\/263"}],"up":[{"embeddable":true,"href":"https:\/\/bet-bonus.net\/es\/wp-json\/wp\/v2\/pages\/39"}],"wp:attachment":[{"href":"https:\/\/bet-bonus.net\/es\/wp-json\/wp\/v2\/media?parent=47"}],"wp:term":[{"taxonomy":"category","embeddable":true,"href":"https:\/\/bet-bonus.net\/es\/wp-json\/wp\/v2\/categories?post=47"},{"taxonomy":"post_tag","embeddable":true,"href":"https:\/\/bet-bonus.net\/es\/wp-json\/wp\/v2\/tags?post=47"}],"curies":[{"name":"wp","href":"https:\/\/api.w.org\/{rel}","templated":true}]}}