{"id":39,"date":"2018-06-12T09:39:52","date_gmt":"2018-06-12T09:39:52","guid":{"rendered":"http:\/\/bet-bonus.net\/es\/?page_id=39"},"modified":"2018-07-12T11:49:23","modified_gmt":"2018-07-12T11:49:23","slug":"mercados-deportes","status":"publish","type":"page","link":"https:\/\/bet-bonus.net\/es\/mercados-deportes\/","title":{"rendered":"Todos los Deportes Disponibles en 1xBet - Descubre los Mercados de Apuestas"},"content":{"rendered":"<p class=\"text-justify\">Cuando buscas una web donde realizar <a href=\"https:\/\/bet-bonus.net\/es\/apuestas-deportivas\/\">apuestas deportivas,<\/a> dos de los factores m\u00e1s importantes a valorar son los deportes y los mercados que hay disponibles. Ambos se encargan de construir todo el ecosistema de posibilidades que el jugador tiene a su disposici\u00f3n para arriesgar y ganar dinero, que a su vez sirve para diferenciar y hacer que unos portales despunten m\u00e1s que otros.<\/p>\r\n<p class=\"text-justify\">F\u00fatbol, baloncesto, tenis, carreras de galgos y hasta videojuegos son parte del abanico que compone gran parte de 1xbet Mercados de apuestas y deportes. Algo en lo que, junto a los citados mercados, vamos a centrarnos aqu\u00ed.<\/p>\r\n\r\n<h2 class=\"text-justify\">\u00bfQu\u00e9 mercados de apuestas hay disponible en 1xbet?<\/h2>\r\n<p class=\"text-justify\">\u00bfC\u00f3mo apuesto?, \u00bfcon qu\u00e9 apuesto? Estas cuestiones son aquellas que miran a la secci\u00f3n de mercados dentro del mundo de las apuestas. En el apartado de 1xbet Mercados de apuestas y deportes es posible encontrar much\u00edsimas variantes distintas que tocan pr\u00e1cticamente todos los mercados disponibles en las respectivas disciplinas deportivas que se recogen en el portal online.<\/p>\r\n<p class=\"text-justify\">Los deportes m\u00e1s importantes cuentan, adem\u00e1s de con los mercados m\u00e1s relevantes, tambi\u00e9n con las propuestas m\u00e1s extra\u00f1as con las que apostar. Los miembros registrados de 1xBet pueden probar suerte para vaticinar cu\u00e1l ser\u00e1 el equipo ganador en cualquier partido, como es habitual, como tambi\u00e9n pueden aspirar a cosas m\u00e1s concretas como la forma en la que se marcar\u00e1 el siguiente tanto, qui\u00e9n firmar\u00e1 m\u00e1s puntos a favor o goles despu\u00e9s de saques de esquina, entre otras tantas posibilidades.<\/p>\r\n<span style=\"font-weight: 400;\"><div class=\"bonus-table\">\n    <div class=\"col-xs-12\">\n        <div class=\"row\">\n\n<!--            <div class=\"hidden-lg hidden-md hidden-sm col-xs-8 bonus-table-body top-responsive\">-->\n<!---->\n<!--            <\/div>-->\n            <div class=\"col-lg-12 col-md-12 col-sm-12 col-xs-12 bonus-table-body op-table no-padding\">\n                <div class=\"col-lg-3 col-md-4 col-sm-12 col-xs-12 bonus-table-head no-padding\">\n                    <p>Casa de Apuestas<\/p>\n                   <!--  <a class=\"hotfix\" href=\"\" rel=\"nofollow\" target=\"_blank\"><img decoding=\"async\" src=\"<?php\/\/ echo $logo_url; ?>\" class=\"img-responsive\"><\/a> -->\n                    <span class=\"\"><img decoding=\"async\" src=\"\/spanish\/assets\/logos\/sport\/light-back\/1xbet.png\" width=\"100px\" height=\"auto\" alt=\"1xBet\" \/><\/span>                <\/div>\n                <div class=\"col-lg-2 col-md-2 col-sm-6 col-xs-12 rightBordered borders no-padding\">\n                    <p>BONO<\/p>\n                    <p class=\"bonus-value max-bonus\">100\u20ac<\/p>\n                <\/div>\n                <div class=\"col-lg-2 col-md-2 col-sm-6 col-xs-6 rightBordered no-padding\">\n                    <p>Porcentaje<\/p>\n                    <p class=\"bonus-value\">100%<\/p>\n                <\/div>\n                <div class=\"col-lg-2 col-md-2 col-sm-6 col-xs-6 no-padding\">\n                    <p>Nota<\/p>\n                    <p class=\"rating-number\">9.8<\/p>\n                <\/div>\n                <div class=\"col-lg-3 col-md-4 col-sm-6 col-xs-12 op-table-button no-padding\">\n                    <p>A la casa de apuestas<\/p>\n                     <span class=\"cursored button js-golink button claim-bonus-code\"  onclick=\"OpenGoLink(this);\" data-operator=\"7\" data-bonus=\"3965\"   data-clicks=\"1\"data-type=\"sport\" ><button class=\"hvr-animation multi-line bonus-btn-main-sec\"><span>Consigue el bono<\/span><\/button> <\/span>                 <\/div>\n            <\/div>\n        <\/div>\n    <\/div>\n<\/div>\n        <script type=\"application\/ld+json\">\n    {\n        \"@context\": \"https:\/\/schema.org\/\",\n        \"@type\": \"Review\",\n        \"datePublished\": \"12-06-2018\",\n        \"dateModified\": \"30-10-2022\",\n        \"itemReviewed\":{\n                \"@type\": \"Organization\",\n                \"name\": \"1xBet\",\n                \"image\": \" https:\/\/bet-bonus.net\/es\/spanish\/assets\/logos\/light-back\/1xbet.png\"\n        },\n         \"author\":{\n                \"@type\": \"Person\",\n                 \"name\": \"bet-bonus.net ES\"\n         },\n           \"reviewRating\": {\n                \"ratingValue\": \"9.8\",\n                \"bestRating\": \"10\"\n         }\n    }\n\n\n\n        <\/script>\n        <\/span>\r\n\r\n<span style=\"font-weight: 400;\"><div class=\"moreHome hideContent\"><\/span>\r\n<p class=\"text-justify\">Y este espectro que va de lo habitual a lo raro se expande por todas las modalidades deportivas que hay disponibles. Desde las m\u00e1s comunes y populares como el deporte rey o el basket hasta otras menos frecuentes como el tenis de mesa, las artes marciales o el biatl\u00f3n. Aunque m\u00e1s adelante especificaremos la variedad deportiva que hay disponible para poder hacer apuestas en 1xBet, ya podemos adelantar que es enorme.<\/p>\r\n<p class=\"text-justify\">Disponer de un amplio mercado para apostar es uno de los puntos m\u00e1s importantes de un portal de apuestas, y en ese sentido <a href=\"https:\/\/bet-bonus.net\/es\/\">1xbet<\/a> demuestra que tiene razones m\u00e1s que suficientes para justificar su crecimiento y expansi\u00f3n por tantos territorios. Tiene mucho que ofrecer para los que van tanto a lo habitual como a lo m\u00e1s raro cuando quieren plantar cara al azar con su dinero incluso en el deporte m\u00e1s conocido.<\/p>\r\n<p class=\"text-justify\">Busques lo que busques a la hora de apostar en los deportes 1xbet m\u00e1s importantes, \u00e9stos son capaces de albergar una variedad importante para satisfacer las necesidades y exigencias de los usuarios con m\u00e1s experiencia en este terreno. Adem\u00e1s, queremos destacar la posibilidad de apostar al <a href=\"https:\/\/bet-bonus.net\/es\/mercados-deportes\/handicap-asiatico\/\">h\u00e1ndicap asi\u00e1tico<\/a>, uno de los mercados m\u00e1s demandados por los expertos.<\/p>\r\n<span style=\"font-weight: 400;\"><\/div><\/span>\r\n<h2 class=\"text-justify\">\u00bfA qu\u00e9 deportes puedo apostar en 1xbet?<\/h2>\r\n<p class=\"text-justify\">Si los mercados son lo que componen la variedad que se puede ofrecer dentro de cada deporte, luego queda por resolver la cuesti\u00f3n sobre con qu\u00e9 deportes se puede apostar en 1xbet. La variedad era el t\u00e9rmino m\u00e1s adecuado para definir al apartado anterior, y vuelve a serlo en este, donde adem\u00e1s hace sitio para algunas de las propuestas m\u00e1s extra\u00f1as que pueda haber en el mundillo.<\/p>\r\n<p class=\"text-justify\">La secci\u00f3n 1xbet deportes est\u00e1 encabezada por el <a href=\"https:\/\/bet-bonus.net\/es\/mercados-deportes\/futbol\/\">f\u00fatbol<\/a>, el baloncesto y el tenis; pero prosigue con el ajedrez, con 1xbet handball, con 1xbet badminton, con el tenis de mesa, las artes marciales, el atletismo, el balonmano, el billar, el boxeo, las carreras de caballos, el ciclismo y un largu\u00edsimo etc\u00e9tera en el que el usuario puede perderse durante horas para escoger la mejor combinaci\u00f3n deportiva que pueda encontrar.<\/p>\r\n<span style=\"font-weight: 400;\"><div class=\"moreHome hideContent\"><\/span>\r\n<p class=\"text-justify\">Las rarezas son, quiz\u00e1, lo m\u00e1s llamativo de este elenco. El portal 1xBet, dentro de su secci\u00f3n deportiva, posee un apartado llamado Apuestas Especiales donde se puede pujar por cuestiones pol\u00edticas, por el futuro de la casa real brit\u00e1nica, por competiciones de pesca o, en el culmen de lo extra\u00f1o, por el fin del mundo. Hay para todos los gustos, incluso para los que se alejan por completo de las corrientes m\u00e1s habituales.<\/p>\r\n<p class=\"text-justify\">Se podr\u00eda seguir con la lista, pero los nombres que se han reflejado ya son motivo suficiente para comprobar que esta casa de apuestas y juegos de azar no se ha cortado a la hora de introducir riqueza y variedad a su cat\u00e1logo. Con esto, logra atraer a una mayor legi\u00f3n de jugadores que descubren todo lo que pueden hacer dentro de un portal que, adem\u00e1s de ser tan rico en propuestas de juego, puede presumir tambi\u00e9n de ser bastante f\u00e1cil de usar.<\/p>\r\n<p class=\"text-justify\">Con esta riqueza, no tardan en calar entre un p\u00fablico cada vez m\u00e1s grande. Hay propuestas suficientes para encajar con todos los gustos, generando un mayor inter\u00e9s incluso en p\u00fablico reticente a las casas de apuestas tanto tradicionales como online. Como se suele decir, en la variedad est\u00e1 el gusto, y en ese sentido 1xBet tiene much\u00edsimo que decir y que aportar.<\/p>\r\n<span style=\"font-weight: 400;\"><\/div><\/span>\r\n\r\n<span style=\"font-weight: 400;\">\r\n<div class=\"cta-direct-bonus\">\r\n    <div class=\"col-lg-8 col-md-8 col-sm-8 col-xs-12\">\r\n        <div class=\"row\">\r\n            <p class=\"cta-direct-slogan\">\r\n                \u00bfEst\u00e1s listo para Atrapar tu Bono de Bienvenida?            <\/p>\r\n        <\/div>\r\n    <\/div>\r\n    <div class=\"col-lg-4 col-md-4 col-sm-4 col-xs-12\">\r\n        <div class=\"row\">\r\n             <span class=\"cursored button js-golink cta-direct-button hvr-animation new-hover\"  onclick=\"OpenGoLink(this);\" data-operator=\"7\" data-bonus=\"3965\"   data-clicks=\"1\"data-type=\"sport\" ><span>Visita 1xBet Ahora!<\/span> <\/span> \r\n        <\/div>\r\n    <\/div>\r\n<\/div>\r\n\r\n<style type=\"text\/css\" media=\"screen\">\r\n    .cta-direct-button.new-hover {\r\n        padding: 3px 0 2px;\r\n    }\r\n<\/style><\/span>\r\n<h2 class=\"text-justify\">Apuestas especiales en 1xbet - Apuestas raras disponibles<\/h2>\r\n<p class=\"text-justify\">Siguiendo el hilo de la riqueza y la variedad que constituyen el cat\u00e1logo de variantes a la hora de apostar en 1xBet, conviene pararse un momento a observar detenidamente la parte m\u00e1s diferente, las apuestas especiales en 1xbet. Existen muchas apuestas raras disponibles para todo el que quiera probar suerte con ellas, propuestas imposibles de ver en otras casas online.<\/p>\r\n<p class=\"text-justify\">Dentro de lo menos extra\u00f1o es posible encontrar apuestas relacionadas con el f\u00fatbol ga\u00e9lico o con el deporte del hurling o incluso<a href=\"https:\/\/bet-bonus.net\/es\/mercados-deportes\/peleas-de-gallos\/\"> las peleas de gallos<\/a>; pero si se empieza a ahondar un poco m\u00e1s se puede dar con el rinc\u00f3n de las competiciones virtuales, esas que re\u00fanen a jugadores para que compitan en videojuegos a trav\u00e9s de importantes torneos en los que cualquier usuario de 1xBet puede participar apostando por los favoritos o los equipos revelaci\u00f3n.<\/p>\r\n<span style=\"font-weight: 400;\"><div class=\"moreHome hideContent\"><\/span>\r\n<p class=\"text-justify\">El apartado de Apuestas Especiales que hay disponible es el que se lleva la palma en cuanto a rarezas disponibles. En \u00e9l se tiene la oportunidad de hacer apuestas sobre pol\u00edtica o sobre realeza, incluso hay quienes pujan con un alto ratio de beneficio a que la hija de Serena Williams llega a ser la primera mujer en la Luna o se decantan por lo musical con 1xbet Eurovisi\u00f3n.<\/p>\r\n<span style=\"font-weight: 400;\"><\/div><\/span>\r\n<h3 class=\"text-justify\">Apuestas de pol\u00edtica en 1xbet<\/h3>\r\n<p class=\"text-justify\">Las apuestas de pol\u00edtica en 1xbet son lo que parece. Una oportunidad para que los ajenos al deporte o incluso los familiarizados con \u00e9l tambi\u00e9n se puedan llevar algo de dinero ante aspectos como cu\u00e1l ser\u00e1 el pr\u00f3ximo pa\u00eds en abandonar la Uni\u00f3n Europea, qu\u00e9 pasar\u00e1 con la familia de Donald Trump o cu\u00e1l ser\u00e1 el pr\u00f3ximo candidato dem\u00f3crata de cara a las elecciones estadounidenses de 2020.<\/p>\r\n<p class=\"text-justify\">Son sucesos que pueden darse o no, y que entran dentro de las posibilidades de apostar dada la incertidumbre que les rodea. Lo interesante aqu\u00ed es que, quienes est\u00e9n al tanto de la actualidad y sepan c\u00f3mo est\u00e1 la situaci\u00f3n en otros pa\u00edses, pueden conseguir llevarse interesantes beneficios si realizan los movimientos adecuados.<\/p>\r\n<span style=\"font-weight: 400;\">\r\n<div class=\"cta-direct-bonus\">\r\n    <div class=\"col-lg-8 col-md-8 col-sm-8 col-xs-12\">\r\n        <div class=\"row\">\r\n            <p class=\"cta-direct-slogan\">\r\n                \u00bfEst\u00e1s listo para Atrapar tu Bono de Bienvenida?            <\/p>\r\n        <\/div>\r\n    <\/div>\r\n    <div class=\"col-lg-4 col-md-4 col-sm-4 col-xs-12\">\r\n        <div class=\"row\">\r\n             <span class=\"cursored button js-golink cta-direct-button hvr-animation new-hover\"  onclick=\"OpenGoLink(this);\" data-operator=\"7\" data-bonus=\"3965\"   data-clicks=\"1\"data-type=\"sport\" ><span>Visita 1xBet Ahora!<\/span> <\/span> \r\n        <\/div>\r\n    <\/div>\r\n<\/div>\r\n\r\n<style type=\"text\/css\" media=\"screen\">\r\n    .cta-direct-button.new-hover {\r\n        padding: 3px 0 2px;\r\n    }\r\n<\/style><\/span>\r\n<p class=\"text-justify\">\r\n\r\n        <div class=\"\">\r\n            <div class=\"content-box faq-section\">\r\n                <div class=\"box-top-section\">\r\n                    <h2>FAQ<\/h2>\r\n                <\/div>\r\n            <\/div>\r\n            <div id=\"accordion\">\r\n                <div class=\"card\">\r\n                    <div class=\"faq-button\" data-toggle=\"collapse\" data-target=\"#collapseOne\" aria-expanded=\"true\" aria-controls=\"collapseOne\">\r\n                        <div class=\"card-header\" id=\"headingOne\">\r\n                            <h3 class=\"faq-heading\">\u00bfQu\u00e9 es moneyline o l\u00ednea de dinero en 1xbet?<\/h3>\r\n                            <i class=\"fa fa-plus\" aria-hidden=\"true\"><\/i>\r\n                            <i class=\"fa fa-minus\" aria-hidden=\"true\"><\/i>\r\n                        <\/div>\r\n                    <\/div>\r\n\r\n                    <div id=\"collapseOne\" class=\"panel-collapse collapse in\" aria-labelledby=\"headingOne\" data-parent=\"#accordion\">\r\n                        <div class=\"card-body\">\r\n                            El concepto es bastante habitual en territorio estadounidense, pero cuando se lleva a otros pa\u00edses es normal que surjan dudas sobre qu\u00e9 es l\u00ednea de dinero o moneyline. Se trata de un sistema utilizado sobre todo en los deportes m\u00e1s populares de Estados Unidos, como el basket, el hockey o el f\u00fatbol americano y sus respectivas ligas profesionales.  Utiliza signos positivos y negativos en funci\u00f3n de las capacidades del equipo y sus posibilidades para ganar, y siempre haciendo referencia a 100 d\u00f3lares. De esta forma, en caso de ver un -150, significa que hay que invertir 150 d\u00f3lares para obtener un beneficio de 100; por el contrario, si aparece +150 quiere decir que con invertir 100 se obtienen 150.  Es importante remarcar que el operador marca como ejemplo una apuesta de 100, pero obviamente el jugador podr\u00e1 jugar con la cantidad que estime oportuno.                        <\/div>\r\n                    <\/div>\r\n                <\/div>\r\n                <div class=\"card\">\r\n                    <div class=\"faq-button collapsed\" data-toggle=\"collapse\" data-target=\"#collapseTwo\" aria-expanded=\"false\" aria-controls=\"collapseTwo\">\r\n                        <div class=\"card-header\" id=\"headingTwo\">\r\n                            <h3 class=\"faq-heading\">\r\n                                \u00bfQu\u00e9 es scorecast?<\/h3>\r\n                            <i class=\"fa fa-plus\" aria-hidden=\"true\"><\/i>\r\n                            <i class=\"fa fa-minus\" aria-hidden=\"true\"><\/i>\r\n                        <\/div>\r\n                    <\/div>\r\n                    <div id=\"collapseTwo\" class=\"collapse\" aria-labelledby=\"headingTwo\" data-parent=\"#accordion\">\r\n                        <div class=\"card-body\">\r\n                            Dentro de los mercados, otro bastante especial en el terreno de las apuestas es el que se conoce como scorecast. \u00c9ste, disponible dentro de 1xbet apuestas deportivas hace referencia a una combinaci\u00f3n de elementos que est\u00e1n conectados en cierto modo y que, a su vez, pueden propiciar unas ganancias bastante elevadas.  Saber qu\u00e9 es scorecast es tan sencillo como entender que se trata de un m\u00e9todo mediante el cual un jugador debe apostar por qui\u00e9n anotar\u00e1 el primer tanto en un partido y, adem\u00e1s, el equipo que ganar\u00e1 dicho encuentro, junto con el resultado. Es decir, un ejemplo v\u00e1lido ser\u00eda decir que Bale marcar\u00e1 el primer gol en un partido de f\u00fatbol y, adem\u00e1s, el Real Madrid ganar\u00e1 por un 3-1.<\/div>\r\n                    <\/div>\r\n                <\/div>\r\n                                <div class=\"card\">\r\n                    <div class=\"faq-button collapsed\" data-toggle=\"collapse\" data-target=\"#collapseThree\" aria-expanded=\"false\" aria-controls=\"collapseThree\">\r\n                        <div class=\"card-header\" id=\"headingThree\">\r\n                            <h3 class=\"faq-heading\">\r\n                                \u00bfQu\u00e9 1xbet l\u00ednea de gol?<\/h3>\r\n                            <i class=\"fa fa-plus\" aria-hidden=\"true\"><\/i>\r\n                            <i class=\"fa fa-minus\" aria-hidden=\"true\"><\/i>\r\n                        <\/div>\r\n                    <\/div>\r\n                    <div id=\"collapseThree\" class=\"collapse\" aria-labelledby=\"headingThree\" data-parent=\"#accordion\">\r\n                        <div class=\"card-body\">\r\n                            Disponible con variantes como la de 1xbet l\u00ednea de gol, este tipo de apuestas se encuentran disponibles tambi\u00e9n dentro de nuestro operador y son un mecanismo que anima a los jugadores a desafiar a la propia web cuando se proponen apostar.  El concepto de l\u00ednea de gol se refiere a un total de goles que establece la casa con respecto a un partido y por el que, en caso de que se supere, un jugador puede llevarse una importante suma de dinero. Para explicarlo mejor, podemos decir que, si se indica una l\u00ednea de 3 goles y en un partido se marcan 4, quien haya apostado se llevar\u00e1 dinero autom\u00e1ticamente. Si se iguala, se devuelve el dinero y si la cantidad es inferior, se pierde.<\/div>\r\n                    <\/div>\r\n                <\/div>\r\n                                                            <\/div>\r\n        <\/div>\r\n<span style=\"font-weight: 400;\"><\/span><\/p>\r\n<span style=\"font-weight: 400;\">\r\n<div class=\"cta-direct-bonus\">\r\n    <div class=\"col-lg-8 col-md-8 col-sm-8 col-xs-12\">\r\n        <div class=\"row\">\r\n            <p class=\"cta-direct-slogan\">\r\n                \u00bfEst\u00e1s listo para Atrapar tu Bono de Bienvenida?            <\/p>\r\n        <\/div>\r\n    <\/div>\r\n    <div class=\"col-lg-4 col-md-4 col-sm-4 col-xs-12\">\r\n        <div class=\"row\">\r\n             <span class=\"cursored button js-golink cta-direct-button hvr-animation new-hover\"  onclick=\"OpenGoLink(this);\" data-operator=\"7\" data-bonus=\"3965\"   data-clicks=\"1\"data-type=\"sport\" ><span>Visita 1xBet Ahora!<\/span> <\/span> \r\n        <\/div>\r\n    <\/div>\r\n<\/div>\r\n\r\n<style type=\"text\/css\" media=\"screen\">\r\n    .cta-direct-button.new-hover {\r\n        padding: 3px 0 2px;\r\n    }\r\n<\/style><\/span>","protected":false},"excerpt":{"rendered":"Cuando buscas una web donde realizar apuestas deportivas, dos de los factores m\u00e1s importantes a valorar son los deportes y los mercados que hay disponibles. Ambos se encargan de construir todo el ecosistema de posibilidades que el jugador tiene a su disposici\u00f3n para arriesgar y ganar dinero, que a su vez sirve para diferenciar y<a href=\"https:\/\/bet-bonus.net\/es\/mercados-deportes\/\"> &#8230;<\/a>","protected":false},"author":1,"featured_media":0,"parent":0,"menu_order":0,"comment_status":"closed","ping_status":"closed","template":"","meta":{"footnotes":""},"categories":[],"tags":[],"class_list":["post-39","page","type-page","status-publish","hentry"],"yoast_head":"<!-- This site is optimized with the Yoast SEO plugin v26.7 - https:\/\/yoast.com\/wordpress\/plugins\/seo\/ -->\n<title>1xbet Mercados \u00bb Todos los Deportes &amp; Competiciones para Jugar<\/title>\n<meta name=\"robots\" content=\"index, follow, max-snippet:-1, max-image-preview:large, max-video-preview:-1\" \/>\n<link rel=\"canonical\" href=\"https:\/\/bet-bonus.net\/es\/mercados-deportes\/\" \/>\n<meta property=\"og:locale\" content=\"es_ES\" \/>\n<meta property=\"og:type\" content=\"article\" \/>\n<meta property=\"og:title\" content=\"1xbet Mercados \u00bb Todos los Deportes &amp; Competiciones para Jugar\" \/>\n<meta property=\"og:url\" content=\"https:\/\/bet-bonus.net\/es\/mercados-deportes\/\" \/>\n<meta property=\"og:site_name\" content=\"bet-bonus.net ES\" \/>\n<meta property=\"article:modified_time\" content=\"2018-07-12T11:49:23+00:00\" \/>\n<meta name=\"twitter:card\" content=\"summary_large_image\" \/>\n<meta name=\"twitter:label1\" content=\"Tiempo de lectura\" \/>\n\t<meta name=\"twitter:data1\" content=\"6 minutos\" \/>\n<script type=\"application\/ld+json\" class=\"yoast-schema-graph\">{\"@context\":\"https:\/\/schema.org\",\"@graph\":[{\"@type\":\"WebPage\",\"@id\":\"https:\/\/bet-bonus.net\/es\/mercados-deportes\/\",\"url\":\"https:\/\/bet-bonus.net\/es\/mercados-deportes\/\",\"name\":\"1xbet Mercados \u00bb Todos los Deportes & Competiciones para Jugar\",\"isPartOf\":{\"@id\":\"https:\/\/bet-bonus.net\/es\/#website\"},\"datePublished\":\"2018-06-12T09:39:52+00:00\",\"dateModified\":\"2018-07-12T11:49:23+00:00\",\"breadcrumb\":{\"@id\":\"https:\/\/bet-bonus.net\/es\/mercados-deportes\/#breadcrumb\"},\"inLanguage\":\"es\",\"potentialAction\":[{\"@type\":\"ReadAction\",\"target\":[\"https:\/\/bet-bonus.net\/es\/mercados-deportes\/\"]}]},{\"@type\":\"BreadcrumbList\",\"@id\":\"https:\/\/bet-bonus.net\/es\/mercados-deportes\/#breadcrumb\",\"itemListElement\":[{\"@type\":\"ListItem\",\"position\":1,\"name\":\"Home\",\"item\":\"https:\/\/bet-bonus.net\/es\/\"},{\"@type\":\"ListItem\",\"position\":2,\"name\":\"Todos los Deportes Disponibles en 1xBet - Descubre los Mercados de Apuestas\"}]},{\"@type\":\"WebSite\",\"@id\":\"https:\/\/bet-bonus.net\/es\/#website\",\"url\":\"https:\/\/bet-bonus.net\/es\/\",\"name\":\"bet-bonus.net ES\",\"description\":\"\",\"potentialAction\":[{\"@type\":\"SearchAction\",\"target\":{\"@type\":\"EntryPoint\",\"urlTemplate\":\"https:\/\/bet-bonus.net\/es\/?s={search_term_string}\"},\"query-input\":{\"@type\":\"PropertyValueSpecification\",\"valueRequired\":true,\"valueName\":\"search_term_string\"}}],\"inLanguage\":\"es\"}]}<\/script>\n<!-- \/ Yoast SEO plugin. -->","yoast_head_json":{"title":"1xbet Mercados \u00bb Todos los Deportes & Competiciones para Jugar","robots":{"index":"index","follow":"follow","max-snippet":"max-snippet:-1","max-image-preview":"max-image-preview:large","max-video-preview":"max-video-preview:-1"},"canonical":"https:\/\/bet-bonus.net\/es\/mercados-deportes\/","og_locale":"es_ES","og_type":"article","og_title":"1xbet Mercados \u00bb Todos los Deportes & Competiciones para Jugar","og_url":"https:\/\/bet-bonus.net\/es\/mercados-deportes\/","og_site_name":"bet-bonus.net ES","article_modified_time":"2018-07-12T11:49:23+00:00","twitter_card":"summary_large_image","twitter_misc":{"Tiempo de lectura":"6 minutos"},"schema":{"@context":"https:\/\/schema.org","@graph":[{"@type":"WebPage","@id":"https:\/\/bet-bonus.net\/es\/mercados-deportes\/","url":"https:\/\/bet-bonus.net\/es\/mercados-deportes\/","name":"1xbet Mercados \u00bb Todos los Deportes & Competiciones para Jugar","isPartOf":{"@id":"https:\/\/bet-bonus.net\/es\/#website"},"datePublished":"2018-06-12T09:39:52+00:00","dateModified":"2018-07-12T11:49:23+00:00","breadcrumb":{"@id":"https:\/\/bet-bonus.net\/es\/mercados-deportes\/#breadcrumb"},"inLanguage":"es","potentialAction":[{"@type":"ReadAction","target":["https:\/\/bet-bonus.net\/es\/mercados-deportes\/"]}]},{"@type":"BreadcrumbList","@id":"https:\/\/bet-bonus.net\/es\/mercados-deportes\/#breadcrumb","itemListElement":[{"@type":"ListItem","position":1,"name":"Home","item":"https:\/\/bet-bonus.net\/es\/"},{"@type":"ListItem","position":2,"name":"Todos los Deportes Disponibles en 1xBet - Descubre los Mercados de Apuestas"}]},{"@type":"WebSite","@id":"https:\/\/bet-bonus.net\/es\/#website","url":"https:\/\/bet-bonus.net\/es\/","name":"bet-bonus.net ES","description":"","potentialAction":[{"@type":"SearchAction","target":{"@type":"EntryPoint","urlTemplate":"https:\/\/bet-bonus.net\/es\/?s={search_term_string}"},"query-input":{"@type":"PropertyValueSpecification","valueRequired":true,"valueName":"search_term_string"}}],"inLanguage":"es"}]}},"_links":{"self":[{"href":"https:\/\/bet-bonus.net\/es\/wp-json\/wp\/v2\/pages\/39","targetHints":{"allow":["GET"]}}],"collection":[{"href":"https:\/\/bet-bonus.net\/es\/wp-json\/wp\/v2\/pages"}],"about":[{"href":"https:\/\/bet-bonus.net\/es\/wp-json\/wp\/v2\/types\/page"}],"author":[{"embeddable":true,"href":"https:\/\/bet-bonus.net\/es\/wp-json\/wp\/v2\/users\/1"}],"replies":[{"embeddable":true,"href":"https:\/\/bet-bonus.net\/es\/wp-json\/wp\/v2\/comments?post=39"}],"version-history":[{"count":8,"href":"https:\/\/bet-bonus.net\/es\/wp-json\/wp\/v2\/pages\/39\/revisions"}],"predecessor-version":[{"id":474,"href":"https:\/\/bet-bonus.net\/es\/wp-json\/wp\/v2\/pages\/39\/revisions\/474"}],"wp:attachment":[{"href":"https:\/\/bet-bonus.net\/es\/wp-json\/wp\/v2\/media?parent=39"}],"wp:term":[{"taxonomy":"category","embeddable":true,"href":"https:\/\/bet-bonus.net\/es\/wp-json\/wp\/v2\/categories?post=39"},{"taxonomy":"post_tag","embeddable":true,"href":"https:\/\/bet-bonus.net\/es\/wp-json\/wp\/v2\/tags?post=39"}],"curies":[{"name":"wp","href":"https:\/\/api.w.org\/{rel}","templated":true}]}}