{"id":35,"date":"2018-06-12T09:35:24","date_gmt":"2018-06-12T09:35:24","guid":{"rendered":"http:\/\/bet-bonus.net\/es\/?page_id=35"},"modified":"2021-09-10T08:52:44","modified_gmt":"2021-09-10T08:52:44","slug":"en-directo","status":"publish","type":"page","link":"https:\/\/bet-bonus.net\/es\/en-directo\/","title":{"rendered":"Apuestas Live de 1xBet - Gana Apostando en Vivo &#038; en Directo"},"content":{"rendered":"<p class=\"text-justify\">Apostar es algo que se puede hacer de diferentes formas y con diferentes deportes. Los que ya lo han hecho o los que todav\u00eda no conocen ese mundo saben ya que hay muchos factores por los que jugar con dinero que siempre tienen ese toque de vaticinio y, por supuesto, uno de los m\u00e1s nuevos y famosos es el que se aplica tambi\u00e9n en la secci\u00f3n 1xbet en Directo.<\/p>\r\n<p class=\"text-justify\">Con las Apuestas Live de 1xBet podr\u00e1s disfrutar de ver los eventos favoritos en directo y a\u00f1adirle un poco m\u00e1s de picante con unas apuestas que te pueden hacer ganar dinero.<\/p>\r\n\r\n<h2 class=\"text-justify\">Bonos de 1xbet en directo - Qu\u00e9 promociones hay<\/h2>\r\n<p class=\"text-justify\">Como sucede con otras propuestas que hay dentro de esta p\u00e1gina web, existen varios bonos de 1xbet en directo que sirven para poder apostar m\u00e1s de lo habitual con dinero que, pr\u00e1cticamente, llega en forma de regalo. El portal cuenta con varias promociones pensadas para poner las cosas f\u00e1ciles a los jugadores cuando se lanzan de lleno a realizar apuestas.<\/p>\r\n<p class=\"text-justify\">El <a href=\"https:\/\/bet-bonus.net\/es\/\">bono de bienvenida de 1xBet<\/a> es una de las promos m\u00e1s conocidas que tiene esta casa. Con tan solo registrarte y realizar varias combinadas, tambi\u00e9n en el formato live, puedes llevarte hasta 100\u20ac\u20ac extra con los que potenciar tus ganancias y duplicar el dinero que te lleves si logras una buena jugada.<\/p>\r\n<span style=\"font-weight: 400;\"><div class=\"moreHome hideContent\"><\/span>\r\n<p class=\"text-justify\">No obstante, no es lo \u00fanico disponible, esta web contiene una secci\u00f3n dedicada a las ofertas y promociones especiales en las que llevarse porcentajes de devoluciones que pueden ir desde el 10% al 30% solo si se efect\u00faan apuestas en riguroso directo mientras tiene lugar el evento en cuesti\u00f3n. Cada poco tiempo, adem\u00e1s, aparecen bonos para carreras de galgos en directo o incluso las m\u00e1s que frecuentes apuestas en directo f\u00fatbol.<\/p>\r\n<p class=\"text-justify\">1xBet se encarga de construir un surtido constante de bonus y promos pensados para que quienes gustan de disfrutar del juego en directo tengan posibilidades de seguir ganando o, en caso contrario, reducir p\u00e9rdidas.<\/p>\r\n<span style=\"font-weight: 400;\"><\/div><\/span>\r\n\r\n<span style=\"font-weight: 400;\"> \n<style>\n #operator-closed {\n        margin-top: 3em;\n        margin-bottom: 1rem;\n        color: #414141; \n    }\n    .operator-closed-body {\n        min-height: 420px;\n        background-color: #F9F9F9;\n    }\n    #operator-closed .operator-closed-message {\n        display: flex;\n        align-items: center;\n        justify-content: center;\n        font-size: 20px;\n        text-align: center;\n        color: #fff;\n        padding: 1.75em 0.5rem;\n        background: #002E5D;\n        text-shadow: 0 1px 1px rgba(0, 0, 0, 0.3);\n        box-shadow: 0 -4px 0 0 #1a1a1a;\n    }\n    #operator-closed .operator-closed-message b {\n        display: block;\n        font-size: 24px;\n    }\n    .operator-closed-box-container {\n        padding: 40px 30px;\n    }\n    #operator-closed .operator-closed-box {\n        display: flex;\n        flex-direction: column;\n        justify-content: center;\n        align-items: center;\n        background-color: #FFFFFF;\n        box-shadow: 0px 0px 5px #00000024;\n    }\n   \/* #operator-closed .operator-closed-box a:first-of-type {\n        display: flex;\n        justify-content: center;\n        width: 100%;\n        background: #ffffff;\n        border-top: 3px solid #f46613;\n    }*\/\n    #operator-closed img {\n        width: 100px;\n        display: block;\n    }\n    #operator-closed .operator-box-header { \n        display: flex; \n        width: 100%;\n        justify-content: center;\n        background-color: #ECECEC; \n        padding: 13px;\n    }\n    #operator-closed .operator-closed-box-stars {\n        display: flex;\n        flex-wrap: wrap;\n        justify-content: center;\n        padding: 1em 0;\n    }\n    #operator-closed .operator-closed-box-stars span{\n        color: #002E5D;\n        font-size: 36px;\n        line-height: 1.1;\n        text-align: center;\n        width: 100%;\n        font-weight: 900;\n    }\n    #operator-closed .button {\n        text-transform: uppercase;\n        margin-top: 0;\n        margin-bottom: 28px;\n        font-weight: 600;\n        padding: 10px 13px; \n        font-size: 13px; \n        width: 100%;\n    }\n    #operator-closed .button i {\n        font-size: 12px;\n        padding-top: 0;\n    }\n    .claim-bonus-code:hover>.bonus-btn-main-sec {\n        color: #c8102e;\n    }\n    @media ( max-width: 767px ) {\n\n        #operator-closed .operator-closed-message {\n            font-size: 14px;\n        }  \n        #operator-closed .operator-closed-message b {\n            font-size: 17px;\n        }\n        #operator-closed .operator-closed-box {\n            flex-direction: row;\n            flex-wrap: wrap;\n            justify-content: space-around;\n            max-width: 300px;\n            margin-left: auto;\n            margin-right: auto;\n        }\n        #operator-closed .col-lg-4.col-md-6.col-sm-4.col-xs-12:nth-child(3) .operator-closed-box {\n            margin-bottom: 0; \n        }\n        .operator-closed-box-container {\n            padding: 30px 15px;\n        }\n        #operator-closed .operator-closed-box {\n            margin-bottom: 2.5rem; \n        }\n    }\n<\/style>\n<div id=\"operator-closed-wrapper\">\n    <div id=\"operator-closed\" class=\"operator-closed-body\">\n        <div class=\"operator-closed-message \">\n\n            <div><b>Mejor echa un vistazo a estos mejores casinos<\/b>\n                             <\/div>\n        <\/div>\n        \n        <div class=\"row operator-closed-box-container\">\n                            <div class=\"col-lg-4 col-md-6 col-sm-4 col-xs-12\">\n                    <div class=\"operator-closed-box\">\n                        <span class=\"operator-box-header\"><img decoding=\"async\" src=\"\/spanish\/assets\/logos\/sport\/light-back\/bwin.png\" width=\"auto\" height=\"auto\" alt=\"Bwin\" \/><\/span>                        <div class=\"operator-closed-box-stars\">\n                          <span>100\u20ac <\/span>Max Bonus                        <\/div>\n\n                        <div class=\"claim-bonus-code button-bottom\">\n                             <span class=\"cursored button js-golink hvr-animation multi-line bonus-btn-main-sec\"  onclick=\"OpenGoLink(this);\" data-operator=\"79\" data-bonus=\"16070\"   data-clicks=\"34\"data-type=\"sport\" >visita el casino<i class=\"fa fa-chevron-right\" aria-hidden=\"true\"><\/i> <\/span>                         <\/div><!-- \/.claim-bonus-code -->   \n                    <\/div>\n                <\/div>\n                                <div class=\"col-lg-4 col-md-6 col-sm-4 col-xs-12\">\n                    <div class=\"operator-closed-box\">\n                        <span class=\"operator-box-header\"><img decoding=\"async\" src=\"\/spanish\/assets\/logos\/sport\/light-back\/888sport.png\" width=\"auto\" height=\"auto\" alt=\"888\" \/><\/span>                        <div class=\"operator-closed-box-stars\">\n                          <span>110\u20ac <\/span>Max Bonus                        <\/div>\n\n                        <div class=\"claim-bonus-code button-bottom\">\n                             <span class=\"cursored button js-golink hvr-animation multi-line bonus-btn-main-sec\"  onclick=\"OpenGoLink(this);\" data-operator=\"20\" data-bonus=\"6743\"   data-clicks=\"22\"data-type=\"sport\" >visita el casino<i class=\"fa fa-chevron-right\" aria-hidden=\"true\"><\/i> <\/span>                         <\/div><!-- \/.claim-bonus-code -->   \n                    <\/div>\n                <\/div>\n                                <div class=\"col-lg-4 col-md-6 col-sm-4 col-xs-12\">\n                    <div class=\"operator-closed-box\">\n                        <span class=\"operator-box-header\"><img decoding=\"async\" src=\"\/spanish\/assets\/logos\/sport\/light-back\/william-hill.png\" width=\"auto\" height=\"auto\" alt=\"WilliamHill\" \/><\/span>                        <div class=\"operator-closed-box-stars\">\n                          <span>500A$ <\/span>Max Bonus                        <\/div>\n\n                        <div class=\"claim-bonus-code button-bottom\">\n                             <span class=\"cursored button js-golink hvr-animation multi-line bonus-btn-main-sec\"  onclick=\"OpenGoLink(this);\" data-operator=\"315\" data-bonus=\"2809\"   data-clicks=\"24\"data-type=\"sport\" >visita el casino<i class=\"fa fa-chevron-right\" aria-hidden=\"true\"><\/i> <\/span>                         <\/div><!-- \/.claim-bonus-code -->   \n                    <\/div>\n                <\/div>\n                        <\/div>\n    <\/div>\n<\/div><\/span>\r\n<h2 class=\"text-justify\">1xbet en directo - \u00bfQu\u00e9 me puedo esperar?<\/h2>\r\n<p class=\"text-justify\">El portal online cuenta con una secci\u00f3n plenamente dedicada a la rama live de <a href=\"https:\/\/bet-bonus.net\/es\/apuestas-deportivas\/\">apuestas<\/a>, 1xbet directo. Entrando al men\u00fa que hay disponible y visible nada m\u00e1s entrar en la p\u00e1gina inicial de esta casa de apuestas en l\u00ednea, se abre ante ti una extensa tabla con todos los eventos deportivos que est\u00e1n teniendo lugar al momento y sus movimientos para que puedas actuar con rapidez.<\/p>\r\n<p class=\"text-justify\">Un primer vistazo deja claro que el patr\u00f3n y la utilizaci\u00f3n son bastante m\u00e1s sencillos que la secci\u00f3n de bet365 apuestas en directo u otras propuestas de la competencia. Este vistazo directo, en todos los sentidos, sirve para actuar con rapidez entrando con un solo clic a su men\u00fa para empezar a hacer pujas r\u00e1pidas antes de que haya otro movimiento.<\/p>\r\n<span style=\"font-weight: 400;\"><div class=\"moreHome hideContent\"><\/span>\r\n<p class=\"text-justify\">El uso de colores para indicar subidas o bajadas de cuotas tambi\u00e9n ayuda a ver c\u00f3mo transcurre el partido o evento deportivo en cuesti\u00f3n sin mirar a marcadores. Se puede obrar en consecuencia y con premura gracias tambi\u00e9n a lo r\u00e1pida que es la navegaci\u00f3n por los men\u00fas, lo que permite apurar hasta el \u00faltimo segundo.<\/p>\r\n<p class=\"text-justify\">En resumidas cuentas, es una plataforma pensada por y para el jugador que prefiere las apuestas live. 1xBet ha montado una estructura f\u00e1cil de usar y con tiempos de carga m\u00ednimos para evitar cualquier trastorno por plazos de tiempo prolongados.<\/p>\r\n<span style=\"font-weight: 400;\"><\/div><\/span>\r\n<h2 class=\"text-justify\">1xbet live - \u00bfCu\u00e1les son las ventajas de jugar en directo?<\/h2>\r\n<p class=\"text-justify\">Estamos hablando de la posibilidad de hacer apuestas live en GoalooES Livescore, pero no hemos concretado cu\u00e1les son las ventajas de jugar en directo, y la realidad es que son muchas, sobre todo para los usuarios de smartphones que cuentan con la <a href=\"https:\/\/bet-bonus.net\/es\/app\/\">app<\/a> instalada en sus terminales.<\/p>\r\n<p class=\"text-justify\">La propia web y la aplicaci\u00f3n contemplan la posibilidad de coordinarte mientras ves el partido o la competici\u00f3n directamente, lo que te ayuda a observar el comportamiento de los participantes y poder obrar en consecuencia. Si ves que hay alguien con riesgo de recibir una tarjeta en f\u00fatbol, un oponente que est\u00e1 teniendo un comportamiento extra\u00f1o y puede ser descalificado o simplemente alguien que se acerca cada vez m\u00e1s al tanto, puedes acceder r\u00e1pidamente, apostar por ello y ganar si aciertas.<\/p>\r\n<span style=\"font-weight: 400;\"><div class=\"moreHome hideContent\"><\/span>\r\n<p class=\"text-justify\">Como es habitual, tener el tel\u00e9fono cerca mientras se ve un partido te permitir\u00e1 apostar en directo con facilidad. Si sumamos a esto la posibilidad de cerrar la apuesta con rapidez para sacar el dinero al momento, puedes terminar el partido de tu equipo favorito con una doble alegr\u00eda: la de su victoria y la de esos euros que te has logrado llevar por apostar r\u00e1pidamente.<\/p>\r\n<span style=\"font-weight: 400;\"><\/div><\/span>\r\n\r\n<span style=\"font-weight: 400;\">\r\n<div class=\"cta-direct-bonus\">\r\n    <div class=\"col-lg-8 col-md-8 col-sm-8 col-xs-12\">\r\n        <div class=\"row\">\r\n            <p class=\"cta-direct-slogan\">\r\n                \u00bfEst\u00e1s listo para Atrapar tu Bono de Bienvenida?            <\/p>\r\n        <\/div>\r\n    <\/div>\r\n    <div class=\"col-lg-4 col-md-4 col-sm-4 col-xs-12\">\r\n        <div class=\"row\">\r\n             <span class=\"cursored button js-golink cta-direct-button hvr-animation new-hover\"  onclick=\"OpenGoLink(this);\" data-operator=\"7\" data-bonus=\"3965\"   data-clicks=\"1\"data-type=\"sport\" ><span>Visita 1xBet Ahora!<\/span> <\/span> \r\n        <\/div>\r\n    <\/div>\r\n<\/div>\r\n\r\n<style type=\"text\/css\" media=\"screen\">\r\n    .cta-direct-button.new-hover {\r\n        padding: 3px 0 2px;\r\n    }\r\n<\/style><\/span>\r\n<h2 class=\"text-justify\">\u00bfC\u00f3mo apostar a 1xbet en directo?<\/h2>\r\n<p class=\"text-justify\">Si te preguntas c\u00f3mo apostar a 1xbet en directo, la respuesta es bastante sencilla. Vamos a explicarte los pasos a seguir para sumarte a esta tendencia tan de moda y aprovechar bien cada deporte para ganar dinero f\u00e1cil y r\u00e1pidamente.<\/p>\r\n<p class=\"text-justify\">En primer lugar, debes tener la sesi\u00f3n iniciada en 1xBet. Una vez lo hayas hecho, dir\u00edgete al apartado \u2018Directo\u2019 que hay en la barra superior y tendr\u00e1s una lista con todos los partidos y eventos que est\u00e1n teniendo lugar al momento. Tan solo debes pulsar en aquel que te resulte de inter\u00e9s.<\/p>\r\n<span style=\"font-weight: 400;\"><div class=\"moreHome hideContent\"><\/span>\r\n<p class=\"text-justify\">Acto seguido, tendr\u00e1s frente a ti todas las posibilidades en las que apostar. Elige aquella que gustes, aprovecha las <a href=\"https:\/\/bet-bonus.net\/es\/apuestas-combinadas\/\">combinadas<\/a> que hay o simplemente pincha en todo aquello que consideres posible para intentar maximizar el dinero que inviertas con tus apuestas en directo. Una vez lo hayas hecho, dir\u00edgete al boleto de apuestas que hay arriba, establece cantidades de dinero y pulsa en el bot\u00f3n de color verde para terminar.<\/p>\r\n<p class=\"text-justify\">Si todo va bien durante el encuentro y has sabido acertar, ver\u00e1s que autom\u00e1ticamente se te dan por v\u00e1lidas y por ganadas las apuestas que has realizado. El resto es esperar para poder cobrar tus victorias y llevarte ese dinero que has ganado al vaticinar con buen ojo lo que iba a suceder.<\/p>\r\n<span style=\"font-weight: 400;\"><\/div><\/span>\r\n<h2 class=\"text-justify\">\u00bfQu\u00e9 deportes son los mejores para apostar en directo?<\/h2>\r\n<p class=\"text-justify\">Hay mucho entre lo que elegir cuando se observa la secci\u00f3n de apuestas en directo de 1xBet, pero siempre es bueno saber qu\u00e9 deportes son los mejores para apostar en directo. Hay varios nombres que sobresalen por encima del resto, ya que son los favoritos de los jugadores y del p\u00fablico en general.<\/p>\r\n<p class=\"text-justify\">Tienes a tu disposici\u00f3n todos los deportes posibles, incluidos los virtuales; pero lo mejor si quieres ganar dinero con 1xbet directo es que mires sobre todo a las <a href=\"https:\/\/bet-bonus.net\/es\/mercados-deportes\/galgos\/\">carreras galgos<\/a> en directo, el hockey sobre hielo en directo y por supuesto el f\u00fatbol en directo. Vamos a hablar de varios de ellos a continuaci\u00f3n.<\/p>\r\n\r\n<h3 class=\"text-justify\">Apuestas f\u00fatbol en directo<\/h3>\r\n<p class=\"text-justify\">Da igual que sea un partido de la liga italiana, f\u00fatbol paraguayo en directo, la liga espa\u00f1ola, la Champions League o incluso el Mundial. Los grandes partidos de este deporte est\u00e1n disponibles para que, mientras <a href=\"https:\/\/bet-bonus.net\/es\/live-streaming\/\">ves el f\u00fatbol en directo<\/a>, puedas apostar usando 1xbet live football.<\/p>\r\n<p class=\"text-justify\">Realizar apuestas para adivinar qu\u00e9 equipo lanzar\u00e1 el pr\u00f3ximo c\u00f3rner, qui\u00e9n anotar\u00e1 el siguiente tanto, cu\u00e1l ser\u00e1 la tarjeta que salga, sobre qui\u00e9n se provocar\u00e1 la falta\u2026 Tienes muchas posibilidades entre las que escoger y muchos valores a tener en cuenta para intentar ganar.<\/p>\r\n\r\n<h3 class=\"text-justify\">Apuestas carreras de galgos en directo<\/h3>\r\n<p class=\"text-justify\">Si te gusta ver carreras de galgos en directo, te complacer\u00e1 saber que tambi\u00e9n puedes apostar por los canes que veas con m\u00e1s posibilidades a trav\u00e9s de la vertiente 1xbet live disponible en el portal de esta m\u00e1s que popular casa de apuestas online.<\/p>\r\n<p class=\"text-justify\">Tienes muchas opciones entre las que escoger cuando miras a estas competiciones protagonizadas por perros. Por supuesto, el ganador es la opci\u00f3n clave a escoger, una que puedes acertar con mayor o menor tino si lo compaginas con ver la carrera en tu pc o televisor.<\/p>\r\n\r\n<h3 class=\"text-justify\">Deportes virtuales en directo<\/h3>\r\n<p class=\"text-justify\">Los amantes de los videojuegos tambi\u00e9n pueden lucrarse apostando por los <a href=\"https:\/\/bet-bonus.net\/es\/mercados-deportes\/esports\/\">deportes virtuales<\/a> en directo. Las competiciones m\u00e1s importantes de eSports de todo el mundo se re\u00fanen en la secci\u00f3n de 1xbet en directo tambi\u00e9n para que, mientras las ves v\u00eda streaming, tengas la opci\u00f3n de apostar.<\/p>\r\n<p class=\"text-justify\">Ganadores de rondas, pr\u00f3ximos eliminados, mejores jugadores\u2026 Tienes varias opciones bastante interesantes a tu disposici\u00f3n, pensadas para que aproveches lo que ves y apuestes r\u00e1pidamente para intentar llevarte todo el dinero que puedas.<\/p>\r\n<span style=\"font-weight: 400;\">\r\n<div class=\"cta-direct-bonus\">\r\n    <div class=\"col-lg-8 col-md-8 col-sm-8 col-xs-12\">\r\n        <div class=\"row\">\r\n            <p class=\"cta-direct-slogan\">\r\n                \u00bfEst\u00e1s listo para Atrapar tu Bono de Bienvenida?            <\/p>\r\n        <\/div>\r\n    <\/div>\r\n    <div class=\"col-lg-4 col-md-4 col-sm-4 col-xs-12\">\r\n        <div class=\"row\">\r\n             <span class=\"cursored button js-golink cta-direct-button hvr-animation new-hover\"  onclick=\"OpenGoLink(this);\" data-operator=\"7\" data-bonus=\"3965\"   data-clicks=\"1\"data-type=\"sport\" ><span>Visita 1xBet Ahora!<\/span> <\/span> \r\n        <\/div>\r\n    <\/div>\r\n<\/div>\r\n\r\n<style type=\"text\/css\" media=\"screen\">\r\n    .cta-direct-button.new-hover {\r\n        padding: 3px 0 2px;\r\n    }\r\n<\/style><\/span>\r\n<h2 class=\"text-justify\">No me deja apostar en directo en 1xbet - \u00bfQu\u00e9 hago?<\/h2>\r\n<p class=\"text-justify\">En raras ocasiones puede suceder que la web no te deje apostar en directo en 1xbet. En estos momentos, en lugar de parar y preguntarte \u201c\u00bfQu\u00e9 hago?\u201d, lo mejor es que te muevas con rapidez, ya que todo segundo cuenta cuando se trata de este tipo de apuestas.<\/p>\r\n<p class=\"text-justify\">Lo primero que debes hacer es comprobar si tienes fondos echando un vistazo a la pesta\u00f1a de saldo principal que hay arriba, algo que tambi\u00e9n te servir\u00e1 para comprobar si has iniciado sesi\u00f3n correctamente. En caso de que cumplas ambos requisitos, actualiza la p\u00e1gina y deja que vuelva a cargar. Si el problema sigue, revisa tu conexi\u00f3n a internet y, en \u00faltima instancia, contacta directamente con el equipo de 1xbet para que te ayuden con el problema y den con la soluci\u00f3n.<\/p>","protected":false},"excerpt":{"rendered":"Apostar es algo que se puede hacer de diferentes formas y con diferentes deportes. Los que ya lo han hecho o los que todav\u00eda no conocen ese mundo saben ya que hay muchos factores por los que jugar con dinero que siempre tienen ese toque de vaticinio y, por supuesto, uno de los m\u00e1s nuevos<a href=\"https:\/\/bet-bonus.net\/es\/en-directo\/\"> &#8230;<\/a>","protected":false},"author":1,"featured_media":0,"parent":0,"menu_order":0,"comment_status":"closed","ping_status":"closed","template":"","meta":{"footnotes":""},"categories":[],"tags":[],"class_list":["post-35","page","type-page","status-publish","hentry"],"yoast_head":"<!-- This site is optimized with the Yoast SEO plugin v26.7 - https:\/\/yoast.com\/wordpress\/plugins\/seo\/ -->\n<title>1xbet En Directo \u00bb Gana Jugando Live &amp; En Vivo con 100\u20ac<\/title>\n<meta name=\"robots\" content=\"index, follow, max-snippet:-1, max-image-preview:large, max-video-preview:-1\" \/>\n<link rel=\"canonical\" href=\"https:\/\/bet-bonus.net\/es\/en-directo\/\" \/>\n<meta property=\"og:locale\" content=\"es_ES\" \/>\n<meta property=\"og:type\" content=\"article\" \/>\n<meta property=\"og:title\" content=\"1xbet En Directo \u00bb Gana Jugando Live &amp; En Vivo con 100\u20ac\" \/>\n<meta property=\"og:url\" content=\"https:\/\/bet-bonus.net\/es\/en-directo\/\" \/>\n<meta property=\"og:site_name\" content=\"bet-bonus.net ES\" \/>\n<meta property=\"article:modified_time\" content=\"2021-09-10T08:52:44+00:00\" \/>\n<meta name=\"twitter:card\" content=\"summary_large_image\" \/>\n<meta name=\"twitter:label1\" content=\"Tiempo de lectura\" \/>\n\t<meta name=\"twitter:data1\" content=\"8 minutos\" \/>\n<script type=\"application\/ld+json\" class=\"yoast-schema-graph\">{\"@context\":\"https:\/\/schema.org\",\"@graph\":[{\"@type\":\"WebPage\",\"@id\":\"https:\/\/bet-bonus.net\/es\/en-directo\/\",\"url\":\"https:\/\/bet-bonus.net\/es\/en-directo\/\",\"name\":\"1xbet En Directo \u00bb Gana Jugando Live & En Vivo con [bonus operator=\\\"7\\\" type=\\\"1\\\" conditions=\\\"8\\\" user=\\\"2\\\" template=\\\"51\\\" option=\\\"amount\\\"]\",\"isPartOf\":{\"@id\":\"https:\/\/bet-bonus.net\/es\/#website\"},\"datePublished\":\"2018-06-12T09:35:24+00:00\",\"dateModified\":\"2021-09-10T08:52:44+00:00\",\"breadcrumb\":{\"@id\":\"https:\/\/bet-bonus.net\/es\/en-directo\/#breadcrumb\"},\"inLanguage\":\"es\",\"potentialAction\":[{\"@type\":\"ReadAction\",\"target\":[\"https:\/\/bet-bonus.net\/es\/en-directo\/\"]}]},{\"@type\":\"BreadcrumbList\",\"@id\":\"https:\/\/bet-bonus.net\/es\/en-directo\/#breadcrumb\",\"itemListElement\":[{\"@type\":\"ListItem\",\"position\":1,\"name\":\"Home\",\"item\":\"https:\/\/bet-bonus.net\/es\/\"},{\"@type\":\"ListItem\",\"position\":2,\"name\":\"Apuestas Live de 1xBet - Gana Apostando en Vivo &#038; en Directo\"}]},{\"@type\":\"WebSite\",\"@id\":\"https:\/\/bet-bonus.net\/es\/#website\",\"url\":\"https:\/\/bet-bonus.net\/es\/\",\"name\":\"bet-bonus.net ES\",\"description\":\"\",\"potentialAction\":[{\"@type\":\"SearchAction\",\"target\":{\"@type\":\"EntryPoint\",\"urlTemplate\":\"https:\/\/bet-bonus.net\/es\/?s={search_term_string}\"},\"query-input\":{\"@type\":\"PropertyValueSpecification\",\"valueRequired\":true,\"valueName\":\"search_term_string\"}}],\"inLanguage\":\"es\"}]}<\/script>\n<!-- \/ Yoast SEO plugin. -->","yoast_head_json":{"title":"1xbet En Directo \u00bb Gana Jugando Live & En Vivo con 100\u20ac","robots":{"index":"index","follow":"follow","max-snippet":"max-snippet:-1","max-image-preview":"max-image-preview:large","max-video-preview":"max-video-preview:-1"},"canonical":"https:\/\/bet-bonus.net\/es\/en-directo\/","og_locale":"es_ES","og_type":"article","og_title":"1xbet En Directo \u00bb Gana Jugando Live & En Vivo con 100\u20ac","og_url":"https:\/\/bet-bonus.net\/es\/en-directo\/","og_site_name":"bet-bonus.net ES","article_modified_time":"2021-09-10T08:52:44+00:00","twitter_card":"summary_large_image","twitter_misc":{"Tiempo de lectura":"8 minutos"},"schema":{"@context":"https:\/\/schema.org","@graph":[{"@type":"WebPage","@id":"https:\/\/bet-bonus.net\/es\/en-directo\/","url":"https:\/\/bet-bonus.net\/es\/en-directo\/","name":"1xbet En Directo \u00bb Gana Jugando Live & En Vivo con [bonus operator=\"7\" type=\"1\" conditions=\"8\" user=\"2\" template=\"51\" option=\"amount\"]","isPartOf":{"@id":"https:\/\/bet-bonus.net\/es\/#website"},"datePublished":"2018-06-12T09:35:24+00:00","dateModified":"2021-09-10T08:52:44+00:00","breadcrumb":{"@id":"https:\/\/bet-bonus.net\/es\/en-directo\/#breadcrumb"},"inLanguage":"es","potentialAction":[{"@type":"ReadAction","target":["https:\/\/bet-bonus.net\/es\/en-directo\/"]}]},{"@type":"BreadcrumbList","@id":"https:\/\/bet-bonus.net\/es\/en-directo\/#breadcrumb","itemListElement":[{"@type":"ListItem","position":1,"name":"Home","item":"https:\/\/bet-bonus.net\/es\/"},{"@type":"ListItem","position":2,"name":"Apuestas Live de 1xBet - Gana Apostando en Vivo &#038; en Directo"}]},{"@type":"WebSite","@id":"https:\/\/bet-bonus.net\/es\/#website","url":"https:\/\/bet-bonus.net\/es\/","name":"bet-bonus.net ES","description":"","potentialAction":[{"@type":"SearchAction","target":{"@type":"EntryPoint","urlTemplate":"https:\/\/bet-bonus.net\/es\/?s={search_term_string}"},"query-input":{"@type":"PropertyValueSpecification","valueRequired":true,"valueName":"search_term_string"}}],"inLanguage":"es"}]}},"_links":{"self":[{"href":"https:\/\/bet-bonus.net\/es\/wp-json\/wp\/v2\/pages\/35","targetHints":{"allow":["GET"]}}],"collection":[{"href":"https:\/\/bet-bonus.net\/es\/wp-json\/wp\/v2\/pages"}],"about":[{"href":"https:\/\/bet-bonus.net\/es\/wp-json\/wp\/v2\/types\/page"}],"author":[{"embeddable":true,"href":"https:\/\/bet-bonus.net\/es\/wp-json\/wp\/v2\/users\/1"}],"replies":[{"embeddable":true,"href":"https:\/\/bet-bonus.net\/es\/wp-json\/wp\/v2\/comments?post=35"}],"version-history":[{"count":8,"href":"https:\/\/bet-bonus.net\/es\/wp-json\/wp\/v2\/pages\/35\/revisions"}],"predecessor-version":[{"id":511,"href":"https:\/\/bet-bonus.net\/es\/wp-json\/wp\/v2\/pages\/35\/revisions\/511"}],"wp:attachment":[{"href":"https:\/\/bet-bonus.net\/es\/wp-json\/wp\/v2\/media?parent=35"}],"wp:term":[{"taxonomy":"category","embeddable":true,"href":"https:\/\/bet-bonus.net\/es\/wp-json\/wp\/v2\/categories?post=35"},{"taxonomy":"post_tag","embeddable":true,"href":"https:\/\/bet-bonus.net\/es\/wp-json\/wp\/v2\/tags?post=35"}],"curies":[{"name":"wp","href":"https:\/\/api.w.org\/{rel}","templated":true}]}}