{"id":299,"date":"2018-06-19T08:09:32","date_gmt":"2018-06-19T08:09:32","guid":{"rendered":"http:\/\/bet-bonus.net\/es\/?page_id=299"},"modified":"2018-06-19T08:22:39","modified_gmt":"2018-06-19T08:22:39","slug":"sportium","status":"publish","type":"page","link":"https:\/\/bet-bonus.net\/es\/sportium\/","title":{"rendered":"C\u00f3digo de Registro de Sportium - Gana  con el Bono de Bienvenida &#038; Comp\u00e1ralo con 1xbet"},"content":{"rendered":"<p class=\"text-justify\">Sportium es una casa de apuestas deportivas y juegos de azar que puede presumir de hacer bien su trabajo. En activo desde hace pocos a\u00f1os (desde 2007 para ser exactos), esta firma ha logrado mantenerse siempre al pie del ca\u00f1\u00f3n con un p\u00fablico constante gracias a una continua adaptaci\u00f3n a las novedades en formatos y dispositivos, como tambi\u00e9n a exigencias y posibilidades.<\/p>\r\n<p class=\"text-justify\">Un importante nombre dentro del sector del azar que vamos a analizar en profundidad para, posteriormente, realizar la comparativa 1xbet vs Sportium con la que poner sobre la mesa las luces y sombras de cada una.<\/p>\r\n\r\n<h2 class=\"text-justify\">Bonos de Sportium - \u00bfCu\u00e1l es su oferta?<\/h2>\r\n<p class=\"text-justify\">En el terreno de los bonos de Sportium, el usuario puede encontrar ofertas de todo tipo, desde promociones que se centran en premiar la inscripci\u00f3n en el sistema de la casa de apuestas hasta otras que buscan mantener contentos a los m\u00e1s fieles a la plataforma con ingresos extra, tiradas o devoluciones, entre otras tantas posibilidades.<\/p>\r\n<p class=\"text-justify\">Dentro del apartado Sportium bonus lo m\u00e1s destacable es el bono de bienvenida. Todos los jugadores que se registren por primera vez en el portal web tienen la ocasi\u00f3n de llevarse hasta + de regalo para jugar y apostar. Por el mero hecho de realizar el registro, el usuario recibe  para apuestas gratis; adem\u00e1s, su primer dep\u00f3sito se dobla hasta .<\/p>\r\n<span style=\"font-weight: 400;\"> <\/span>\r\n\r\n<span style=\"font-weight: 400;\"><div class=\"moreHome hideContent\"><\/span>\r\n<p class=\"text-justify\">Pero hay m\u00e1s mundo aparte de esta calurosa bienvenida. Los usuarios pueden toparse con iniciativas como las cuotas especiales por hacer apuestas en directo, el <a href=\"https:\/\/bet-bonus.net\/es\/cerrar-apuesta\/\">cash out<\/a> para cerrar apuestas antes y asegurar su dinero e incluso un Club VIP para tener de su lado las ofertas m\u00e1s especiales y exclusivas de esta casa online.<\/p>\r\n<p class=\"text-justify\">Una variedad que, aunque no es extensa, busca premiar tanto al novato como al que ya lleva un buen tiempo jugando en Sportium. La oferta de bonos de esta casa es concentrada, pero satisfactoria.<\/p>\r\n<span style=\"font-weight: 400;\"><\/div><\/span>\r\n<h3 class=\"text-justify\">C\u00f3digo de Bono de Sportium<\/h3>\r\n<p class=\"text-justify\">Para dar bonificaciones extra, Sportium cuenta con un apartado de c\u00f3digos promocionales dentro de su formulario de registro. Poco antes de concluir con este proceso, el usuario puede encontrar un campo denominado C\u00f3digo Promocional, en el que puede escribir el c\u00f3digo de bono que tenga en posesi\u00f3n para disfrutar de ventajas adicionales.<\/p>\r\n<p class=\"text-justify\"><span style=\"background-color: transparent;\">Te recomendamos que visites nuestra p\u00e1gina de<a href=\"https:\/\/bet-bonus.net\/es\/\"> 1xbet bonus<\/a> para saber si hay alg\u00fan c\u00f3digo de bonus para Sportium.<\/span><\/p>\r\n\r\n<h3 class=\"text-justify\"><span style=\"background-color: transparent;\">\u00bfHay un bono sin dep\u00f3sito en Sportium?<\/span><\/h3>\r\n<p class=\"text-justify\"><span style=\"background-color: transparent;\">En los \u00faltimos tiempos, Sportium ofrece un bono sin dep\u00f3sito que consiste en recibir\u00a0 s\u00f3lo por el registro en forma de\u00a0. Simplemente rellenando tus datos personales y entrando en la web de Sportium podr\u00e1s conseguir tu bono sin dep\u00f3sito.\u00a0<\/span><span style=\"font-weight: 400;\"><\/span><\/p>\r\n\r\n<h2 class=\"text-justify\">Resumen de Sportium - Qu\u00e9 ofrece el operador<\/h2>\r\n<p class=\"text-justify\">Sportium es una casa de apuestas que proviene de la colaboraci\u00f3n de varias compa\u00f1\u00edas de renombre. Fundada en el a\u00f1o 2007 como reto\u00f1o de la alianza entre CIRSA y Ladbrokes Coral Group, esta firma se dedica por completo a las apuestas deportivas, a los juegos de casino y las tragaperras, centrando todos sus esfuerzos en convertirse en un referente, en algo a la altura de lo que sus dos principales responsables han conseguido a nivel internacional<\/p>\r\n<p class=\"text-justify\">Con el paso de los a\u00f1os, se ha ido extendiendo y adaptando a todos los cambios que han ido surgiendo en la sociedad y en la tecnolog\u00eda para ofrecer siempre la mejor respuesta en todos los sentidos y satisfacer las cambiantes demandas del p\u00fablico. A consecuencia de esto, ha acabado abriendo un potente portal para los jugadores que tienen en las apuestas su plato estrella, pero que lo acompa\u00f1a con las apuestas live, los slots, el casino, el poker y el servicio de unificaci\u00f3n Sportium Uno.<\/p>\r\n<span style=\"font-weight: 400;\"><div class=\"moreHome hideContent\"><\/span>\r\n<p class=\"text-justify\">Y es que esta firma tambi\u00e9n opera en numerosos locales repartidos por el pa\u00eds. A trav\u00e9s de ese programa citado, el usuario puede conectar lo que hace en los establecimientos oficiales con su juego online, teniendo un perfil de juego unificado para poder controlar ingresos, ganancias y todo lo que juega.<\/p>\r\n<p class=\"text-justify\">As\u00ed, los usuarios que se adentren en su portal online pueden tener acceso a una mir\u00edada de apuestas deportivas en las principales ligas actuales de los deportes m\u00e1s populares; participar en apuestas en directo o incluso lanzarse al apartado m\u00e1s l\u00fadico y divertido con las m\u00e1quinas de slots o el casino que posee. Todo se encuentra accesible desde la propia portada de la web y perfectamente ubicado para entrar con tan solo un par de pulsaciones.<\/p>\r\n<p class=\"text-justify\">Adem\u00e1s de las cuotas, la <a href=\"https:\/\/bet-bonus.net\/es\/mercados-deportes\/\">variedad de deportes<\/a> que posee para los apostadores es lo que capta m\u00e1s la atenci\u00f3n a los jugadores, adem\u00e1s del amplio historial y experiencia de los nombres que hay tras ella. Sportium es una buena plataforma para el jugador novato y para el veterano.<\/p>\r\n<span style=\"font-weight: 400;\"><\/div><\/span>\r\n\r\n<span style=\"font-weight: 400;\">\r\n<div class=\"cta-direct-bonus\">\r\n    <div class=\"col-lg-8 col-md-8 col-sm-8 col-xs-12\">\r\n        <div class=\"row\">\r\n            <p class=\"cta-direct-slogan\">\r\n                \u00bfEst\u00e1s listo para Atrapar tu Bono de Bienvenida?            <\/p>\r\n        <\/div>\r\n    <\/div>\r\n    <div class=\"col-lg-4 col-md-4 col-sm-4 col-xs-12\">\r\n        <div class=\"row\">\r\n             <span class=\"cursored button js-golink cta-direct-button hvr-animation new-hover\"  onclick=\"OpenGoLink(this);\" data-operator=\"611\" data-bonus=\"\"   data-clicks=\"\"data-type=\"sport\" ><span>Visita Sportium Ahora!<\/span> <\/span> \r\n        <\/div>\r\n    <\/div>\r\n<\/div>\r\n\r\n<style type=\"text\/css\" media=\"screen\">\r\n    .cta-direct-button.new-hover {\r\n        padding: 3px 0 2px;\r\n    }\r\n<\/style><\/span>\r\n<h2 class=\"text-justify\">\u00bfC\u00f3mo es el Casino de Sportium?<\/h2>\r\n<p class=\"text-justify\">El casino de Sportium est\u00e1 dividido en cuatro ramas principales: ruleta, Blackjack, casino en vivo y slots. Adem\u00e1s, cuenta con una opci\u00f3n de recomendados en la que aparecen las propuestas m\u00e1s jugadas por los usuarios actuales.<\/p>\r\n<p class=\"text-justify\">En este sentido, el operador tiene varios tipos de ruleta, desde la americana hasta la francesa, pasando por una Premium; adem\u00e1s de varios <a href=\"https:\/\/bet-bonus.net\/es\/blackjack\/\">tipos de Blackjack<\/a> y la opci\u00f3n de jugar al Pontoon espa\u00f1ol. Entrando en las m\u00e1quinas tragaperras es donde encontramos la mayor cantidad de alternativas, todas de calidad y con planteamientos que pasan por lo m\u00e1s tradicional y por lo m\u00e1s atrevido en cuanto a l\u00edneas y combinaciones.<\/p>\r\n<span style=\"font-weight: 400;\"><div class=\"moreHome hideContent\"><\/span>\r\n<p class=\"text-justify\">Este \u00faltimo sector es el que tiene mayor fuerza dentro del cat\u00e1logo de juegos de Sportium. Y es que, en \u00e9l, el usuario se topa con una oferta de lo m\u00e1s variado y con productos bastante destacables. Jugar con m\u00e1quinas inspiradas en Matrix o Batman no es algo que se encuentre disponible en muchos lugares; sin embargo, en Sportium es posible y forma parte de un elenco de m\u00e1s de 50 m\u00e1quinas virtuales con las que ganar dinero a base de combinar figuras y objetos de todo tipo con cada tirada e incluso con botes acumulados.<\/p>\r\n<span style=\"font-weight: 400;\"><\/div><\/span>\r\n<h2 class=\"text-justify\">Sportium desde el m\u00f3vil - Jugando con su app<\/h2>\r\n<p class=\"text-justify\">Sportium tambi\u00e9n cuenta con aplicaciones lanzadas para que los usuarios de smartphones puedan acceder a su cat\u00e1logo y apostar adem\u00e1s de jugar. Compatible con dispositivos iOS y <a href=\"https:\/\/bet-bonus.net\/es\/app\/android\/\">Android<\/a>, aunque requiriendo una instalaci\u00f3n manual en este \u00faltimo por la normativa de la tienda digital de Google, est\u00e1 plenamente optimizada para funcionar en cualquier terminal moderno.<\/p>\r\n<p class=\"text-justify\">Desde una misma aplicaci\u00f3n, el jugador puede entrar a todo el cat\u00e1logo de la plataforma principal. Con un gran \u00e9nfasis en los eventos en directo que hay disponibles a diario y en la ruleta en vivo, ofrece la oportunidad de disfrutar de los mejores juegos de tragamonedas de Sportium a trav\u00e9s del smartphone, como tambi\u00e9n de apostar de todas las formas posibles.<\/p>\r\n<span style=\"font-weight: 400;\"><div class=\"moreHome hideContent\"><\/span>\r\n<p class=\"text-justify\">Para ello, brinda una interfaz limpia, con muchas similitudes con respecto a la que se observa en la versi\u00f3n web; pero con una clara redistribuci\u00f3n pensada para adaptarse a las pantallas de los dispositivos m\u00f3viles. Gracias a esto, los jugadores tienen a su disposici\u00f3n un programa muy ligero, que funciona con una gran fluidez y que les brinda el mismo abanico del portal online, pero con la ventaja de tenerlo disponible siempre en su bolsillo.<\/p>\r\n<p class=\"text-justify\">Es una alternativa bastante interesante para jugar y apostar. A pesar de que la versi\u00f3n web adaptada a smartphones tambi\u00e9n es bastante v\u00e1lida, usar la aplicaci\u00f3n es m\u00e1s recomendable.<\/p>\r\n<span style=\"font-weight: 400;\"><\/div><\/span>\r\n\r\n<span style=\"font-weight: 400;\"><div class=\"bonus-table\">\n    <div class=\"col-xs-12\">\n        <div class=\"row\">\n\n<!--            <div class=\"hidden-lg hidden-md hidden-sm col-xs-8 bonus-table-body top-responsive\">-->\n<!---->\n<!--            <\/div>-->\n            <div class=\"col-lg-12 col-md-12 col-sm-12 col-xs-12 bonus-table-body op-table no-padding\">\n                <div class=\"col-lg-3 col-md-4 col-sm-12 col-xs-12 bonus-table-head no-padding\">\n                    <p>Casa de Apuestas<\/p>\n                   <!--  <a class=\"hotfix\" href=\"\" rel=\"nofollow\" target=\"_blank\"><img decoding=\"async\" src=\"<?php\/\/ echo $logo_url; ?>\" class=\"img-responsive\"><\/a> -->\n                    <span class=\"\"><img decoding=\"async\" src=\"\/spanish\/assets\/logos\/sport\/light-back\/sportium.png\" width=\"100px\" height=\"auto\" alt=\"Sportium\" \/><\/span>                <\/div>\n                <div class=\"col-lg-2 col-md-2 col-sm-6 col-xs-12 rightBordered borders no-padding\">\n                    <p>BONO<\/p>\n                    <p class=\"bonus-value max-bonus\"><\/p>\n                <\/div>\n                <div class=\"col-lg-2 col-md-2 col-sm-6 col-xs-6 rightBordered no-padding\">\n                    <p>Porcentaje<\/p>\n                    <p class=\"bonus-value\">-<\/p>\n                <\/div>\n                <div class=\"col-lg-2 col-md-2 col-sm-6 col-xs-6 no-padding\">\n                    <p>Nota<\/p>\n                    <p class=\"rating-number\">9.2<\/p>\n                <\/div>\n                <div class=\"col-lg-3 col-md-4 col-sm-6 col-xs-12 op-table-button no-padding\">\n                    <p>A la casa de apuestas<\/p>\n                     <span class=\"cursored button js-golink button claim-bonus-code\"  onclick=\"OpenGoLink(this);\" data-operator=\"611\" data-bonus=\"\"   data-clicks=\"\"data-type=\"sport\" ><button class=\"hvr-animation multi-line bonus-btn-main-sec\"><span>Consigue el bono<\/span><\/button> <\/span>                 <\/div>\n            <\/div>\n        <\/div>\n    <\/div>\n<\/div>\n        <script type=\"application\/ld+json\">\n    {\n        \"@context\": \"https:\/\/schema.org\/\",\n        \"@type\": \"Review\",\n        \"datePublished\": \"19-06-2018\",\n        \"dateModified\": \"08-11-2022\",\n        \"itemReviewed\":{\n                \"@type\": \"Organization\",\n                \"name\": \"Sportium opiniones\",\n                \"image\": \" https:\/\/bet-bonus.net\/es\/spanish\/assets\/logos\/light-back\/sportium.png\"\n        },\n         \"author\":{\n                \"@type\": \"Person\",\n                 \"name\": \"bet-bonus.net ES\"\n         },\n           \"reviewRating\": {\n                \"ratingValue\": \"9.2\",\n                \"bestRating\": \"10\"\n         }\n    }\n\n\n\n        <\/script>\n        <\/span>\r\n<h2 class=\"text-justify\">Atenci\u00f3n al cliente de Sportium<\/h2>\r\n<p class=\"text-justify\">En el terreno de la atenci\u00f3n al cliente, Sportium se caracteriza por ponerla a disposici\u00f3n de los interesados a trav\u00e9s de la secci\u00f3n de ayuda. El mismo apartado donde se puede acceder a las preguntas m\u00e1s frecuentes, realizar quejas o reclamaciones de cualquier tipo o informarse sobre la web, es tambi\u00e9n el lugar en el que contactar con ellos.<\/p>\r\n<p class=\"text-justify\">El usuario, as\u00ed, tiene acceso a 4 formas distintas de contactar con la asistencia. Por un lado est\u00e1 la opci\u00f3n de llamar por tel\u00e9fono a un n\u00famero gratuito; por otro, el de utilizar el chat en directo que tienen disponible; tambi\u00e9n, recurrir al correo electr\u00f3nico para realizar las consultas v\u00eda email o, por \u00faltimo, ir a lo m\u00e1s tradicional y aprovechar el correo postal enviando cartas a la direcci\u00f3n que tienen disponible en este apartado.<\/p>\r\n<span style=\"font-weight: 400;\"><div class=\"moreHome hideContent\"><\/span>\r\n<p class=\"text-justify\">Cuatro v\u00edas de contacto que van desde lo m\u00e1s actual hasta lo m\u00e1s tradicional, pero con unos tiempos muy reducidos para ofrecer soluciones con la mayor brevedad posible.<\/p>\r\n<span style=\"font-weight: 400;\"><\/div><\/span>\r\n<h2 class=\"text-justify\">Sportium vs 1xbet - \u00bfCon cu\u00e1l me quedo?<\/h2>\r\n<p class=\"text-justify\">Dado que ya hemos analizado toda la oferta y funciones de esta casa de apuestas y juegos de azar, vamos a comparar 1xbet vs Sportium para ver en qu\u00e9 puntos destacan una sobre la otra, y viceversa.<\/p>\r\n<p class=\"text-justify\">El principal inconveniente de 1xBet es su incapacidad para operar en Espa\u00f1a por no contar con la<a href=\"https:\/\/bet-bonus.net\/es\/licencia-en-espana\/\"> licencia de juego del pa\u00eds.<\/a> A diferencia de Sportium, que s\u00ed lo permite, el usuario tiene que entrar en la casa de apuestas rusa simulando una conexi\u00f3n extranjera; en el caso de la web espa\u00f1ola, no es necesario hacer nada de eso.<\/p>\r\n<span style=\"font-weight: 400;\"><div class=\"moreHome hideContent\"><\/span>\r\n<p class=\"text-justify\">Los bonos de bienvenida de Sportium logran ponerse por delante a los de 1xBet por el doble. Mientras el portal ruso ofrece hasta 100 euros por el registro de un usuario, el espa\u00f1ol re\u00fane hasta  para apostar, aunque si se aprovechan los c\u00f3digos se tiene un abanico que llega a los 1.000\u20ac para jugar al p\u00f3ker. Limit\u00e1ndonos a la matem\u00e1tica m\u00e1s pura, los n\u00fameros dan ventaja a la casa espa\u00f1ola, aunque la variedad es para la casa rusa.<\/p>\r\n<p class=\"text-justify\">Adem\u00e1s de esto, la variedad de juegos es mucho m\u00e1s grande en 1xBet. Sportium tiene una oferta m\u00e1s reducida en este plano, aunque posee un gran cat\u00e1logo de apuestas que llega a las 60.000 opciones para el usuario. Hay un equilibrio importante en este \u00e1mbito, ya que el operador ruso gana por variedad en deportes y posee un margen de mercados interesante, pero no logra adelantar a Sportium.<\/p>\r\n<p class=\"text-justify\">Por variedad, la casa rusa queda por encima debido al inmenso abanico que abre ante todos sus jugadores en todos sus terrenos.<\/p>\r\n<span style=\"font-weight: 400;\"><\/div><\/span>\r\n\r\n<span style=\"font-weight: 400;\">\r\n<div class=\"cta-direct-bonus\">\r\n    <div class=\"col-lg-8 col-md-8 col-sm-8 col-xs-12\">\r\n        <div class=\"row\">\r\n            <p class=\"cta-direct-slogan\">\r\n                \u00bfEst\u00e1s listo para Atrapar tu Bono de Bienvenida?            <\/p>\r\n        <\/div>\r\n    <\/div>\r\n    <div class=\"col-lg-4 col-md-4 col-sm-4 col-xs-12\">\r\n        <div class=\"row\">\r\n             <span class=\"cursored button js-golink cta-direct-button hvr-animation new-hover\"  onclick=\"OpenGoLink(this);\" data-operator=\"611\" data-bonus=\"\"   data-clicks=\"\"data-type=\"sport\" ><span>Visita Sportium Ahora!<\/span> <\/span> \r\n        <\/div>\r\n    <\/div>\r\n<\/div>\r\n\r\n<style type=\"text\/css\" media=\"screen\">\r\n    .cta-direct-button.new-hover {\r\n        padding: 3px 0 2px;\r\n    }\r\n<\/style><\/span>","protected":false},"excerpt":{"rendered":"Sportium es una casa de apuestas deportivas y juegos de azar que puede presumir de hacer bien su trabajo. En activo desde hace pocos a\u00f1os (desde 2007 para ser exactos), esta firma ha logrado mantenerse siempre al pie del ca\u00f1\u00f3n con un p\u00fablico constante gracias a una continua adaptaci\u00f3n a las novedades en formatos y<a href=\"https:\/\/bet-bonus.net\/es\/sportium\/\"> &#8230;<\/a>","protected":false},"author":1,"featured_media":0,"parent":0,"menu_order":0,"comment_status":"closed","ping_status":"closed","template":"","meta":{"footnotes":""},"categories":[],"tags":[],"class_list":["post-299","page","type-page","status-publish","hentry"],"yoast_head":"<!-- This site is optimized with the Yoast SEO plugin v26.7 - https:\/\/yoast.com\/wordpress\/plugins\/seo\/ -->\n<title>Sportium \u00bb Comparativa + Bono de  + C\u00f3digo Promocional<\/title>\n<meta name=\"robots\" content=\"index, follow, max-snippet:-1, max-image-preview:large, max-video-preview:-1\" \/>\n<link rel=\"canonical\" href=\"https:\/\/bet-bonus.net\/es\/sportium\/\" \/>\n<meta property=\"og:locale\" content=\"es_ES\" \/>\n<meta property=\"og:type\" content=\"article\" \/>\n<meta property=\"og:title\" content=\"Sportium \u00bb Comparativa + Bono de  + C\u00f3digo Promocional\" \/>\n<meta property=\"og:url\" content=\"https:\/\/bet-bonus.net\/es\/sportium\/\" \/>\n<meta property=\"og:site_name\" content=\"bet-bonus.net ES\" \/>\n<meta property=\"article:modified_time\" content=\"2018-06-19T08:22:39+00:00\" \/>\n<meta name=\"twitter:card\" content=\"summary_large_image\" \/>\n<meta name=\"twitter:label1\" content=\"Tiempo de lectura\" \/>\n\t<meta name=\"twitter:data1\" content=\"9 minutos\" \/>\n<script type=\"application\/ld+json\" class=\"yoast-schema-graph\">{\"@context\":\"https:\/\/schema.org\",\"@graph\":[{\"@type\":\"WebPage\",\"@id\":\"https:\/\/bet-bonus.net\/es\/sportium\/\",\"url\":\"https:\/\/bet-bonus.net\/es\/sportium\/\",\"name\":\"Sportium \u00bb Comparativa + Bono de [bonus operator=\\\"611\\\" type=\\\"1\\\" conditions=\\\"8\\\" user=\\\"2\\\" template=\\\"51\\\" option=\\\"amount\\\"] + C\u00f3digo Promocional\",\"isPartOf\":{\"@id\":\"https:\/\/bet-bonus.net\/es\/#website\"},\"datePublished\":\"2018-06-19T08:09:32+00:00\",\"dateModified\":\"2018-06-19T08:22:39+00:00\",\"breadcrumb\":{\"@id\":\"https:\/\/bet-bonus.net\/es\/sportium\/#breadcrumb\"},\"inLanguage\":\"es\",\"potentialAction\":[{\"@type\":\"ReadAction\",\"target\":[\"https:\/\/bet-bonus.net\/es\/sportium\/\"]}]},{\"@type\":\"BreadcrumbList\",\"@id\":\"https:\/\/bet-bonus.net\/es\/sportium\/#breadcrumb\",\"itemListElement\":[{\"@type\":\"ListItem\",\"position\":1,\"name\":\"Home\",\"item\":\"https:\/\/bet-bonus.net\/es\/\"},{\"@type\":\"ListItem\",\"position\":2,\"name\":\"C\u00f3digo de Registro de Sportium - Gana con el Bono de Bienvenida &#038; Comp\u00e1ralo con 1xbet\"}]},{\"@type\":\"WebSite\",\"@id\":\"https:\/\/bet-bonus.net\/es\/#website\",\"url\":\"https:\/\/bet-bonus.net\/es\/\",\"name\":\"bet-bonus.net ES\",\"description\":\"\",\"potentialAction\":[{\"@type\":\"SearchAction\",\"target\":{\"@type\":\"EntryPoint\",\"urlTemplate\":\"https:\/\/bet-bonus.net\/es\/?s={search_term_string}\"},\"query-input\":{\"@type\":\"PropertyValueSpecification\",\"valueRequired\":true,\"valueName\":\"search_term_string\"}}],\"inLanguage\":\"es\"}]}<\/script>\n<!-- \/ Yoast SEO plugin. -->","yoast_head_json":{"title":"Sportium \u00bb Comparativa + Bono de  + C\u00f3digo Promocional","robots":{"index":"index","follow":"follow","max-snippet":"max-snippet:-1","max-image-preview":"max-image-preview:large","max-video-preview":"max-video-preview:-1"},"canonical":"https:\/\/bet-bonus.net\/es\/sportium\/","og_locale":"es_ES","og_type":"article","og_title":"Sportium \u00bb Comparativa + Bono de  + C\u00f3digo Promocional","og_url":"https:\/\/bet-bonus.net\/es\/sportium\/","og_site_name":"bet-bonus.net ES","article_modified_time":"2018-06-19T08:22:39+00:00","twitter_card":"summary_large_image","twitter_misc":{"Tiempo de lectura":"9 minutos"},"schema":{"@context":"https:\/\/schema.org","@graph":[{"@type":"WebPage","@id":"https:\/\/bet-bonus.net\/es\/sportium\/","url":"https:\/\/bet-bonus.net\/es\/sportium\/","name":"Sportium \u00bb Comparativa + Bono de [bonus operator=\"611\" type=\"1\" conditions=\"8\" user=\"2\" template=\"51\" option=\"amount\"] + C\u00f3digo Promocional","isPartOf":{"@id":"https:\/\/bet-bonus.net\/es\/#website"},"datePublished":"2018-06-19T08:09:32+00:00","dateModified":"2018-06-19T08:22:39+00:00","breadcrumb":{"@id":"https:\/\/bet-bonus.net\/es\/sportium\/#breadcrumb"},"inLanguage":"es","potentialAction":[{"@type":"ReadAction","target":["https:\/\/bet-bonus.net\/es\/sportium\/"]}]},{"@type":"BreadcrumbList","@id":"https:\/\/bet-bonus.net\/es\/sportium\/#breadcrumb","itemListElement":[{"@type":"ListItem","position":1,"name":"Home","item":"https:\/\/bet-bonus.net\/es\/"},{"@type":"ListItem","position":2,"name":"C\u00f3digo de Registro de Sportium - Gana con el Bono de Bienvenida &#038; Comp\u00e1ralo con 1xbet"}]},{"@type":"WebSite","@id":"https:\/\/bet-bonus.net\/es\/#website","url":"https:\/\/bet-bonus.net\/es\/","name":"bet-bonus.net ES","description":"","potentialAction":[{"@type":"SearchAction","target":{"@type":"EntryPoint","urlTemplate":"https:\/\/bet-bonus.net\/es\/?s={search_term_string}"},"query-input":{"@type":"PropertyValueSpecification","valueRequired":true,"valueName":"search_term_string"}}],"inLanguage":"es"}]}},"_links":{"self":[{"href":"https:\/\/bet-bonus.net\/es\/wp-json\/wp\/v2\/pages\/299","targetHints":{"allow":["GET"]}}],"collection":[{"href":"https:\/\/bet-bonus.net\/es\/wp-json\/wp\/v2\/pages"}],"about":[{"href":"https:\/\/bet-bonus.net\/es\/wp-json\/wp\/v2\/types\/page"}],"author":[{"embeddable":true,"href":"https:\/\/bet-bonus.net\/es\/wp-json\/wp\/v2\/users\/1"}],"replies":[{"embeddable":true,"href":"https:\/\/bet-bonus.net\/es\/wp-json\/wp\/v2\/comments?post=299"}],"version-history":[{"count":5,"href":"https:\/\/bet-bonus.net\/es\/wp-json\/wp\/v2\/pages\/299\/revisions"}],"predecessor-version":[{"id":304,"href":"https:\/\/bet-bonus.net\/es\/wp-json\/wp\/v2\/pages\/299\/revisions\/304"}],"wp:attachment":[{"href":"https:\/\/bet-bonus.net\/es\/wp-json\/wp\/v2\/media?parent=299"}],"wp:term":[{"taxonomy":"category","embeddable":true,"href":"https:\/\/bet-bonus.net\/es\/wp-json\/wp\/v2\/categories?post=299"},{"taxonomy":"post_tag","embeddable":true,"href":"https:\/\/bet-bonus.net\/es\/wp-json\/wp\/v2\/tags?post=299"}],"curies":[{"name":"wp","href":"https:\/\/api.w.org\/{rel}","templated":true}]}}