{"id":228,"date":"2018-06-15T14:23:02","date_gmt":"2018-06-15T14:23:02","guid":{"rendered":"http:\/\/bet-bonus.net\/es\/?page_id=228"},"modified":"2018-08-07T10:35:54","modified_gmt":"2018-08-07T10:35:54","slug":"bwin","status":"publish","type":"page","link":"https:\/\/bet-bonus.net\/es\/bwin\/","title":{"rendered":"C\u00f3digo de Registro de Bwin - Gana 100\u20ac con el Bono de Bienvenida &#038; Comp\u00e1ralo con 1xbet"},"content":{"rendered":"<p class=\"text-justify\">Considerada como la mejor casa de apuestas de todo el mundo, bwin es uno de los nombres que suenan con m\u00e1s fuerza actualmente. Esta firma posee algunas de las mejores cuotas en diferentes mercados de apuestas, como tambi\u00e9n un casino que brilla por su variedad y la calidad de cada uno de los juegos que lo componen.<\/p>\r\n<p class=\"text-justify\">Por todo esto, y por m\u00e1s, vamos a echar un vistazo para acabar con un 1xbet vs bwin que sirva para poner cara a cara las propiedades de cada una de estas casas.<\/p>\r\n\r\n<h2 class=\"text-justify\">Bonos de bwin - \u00bfCu\u00e1l es su oferta?<\/h2>\r\n<p class=\"text-justify\">Los bonos de Bwin cuentan con una gran cantidad de promociones diferentes. Gracias a la oferta actual, el usuario puede encontrar cuotas mejoradas en la mayor\u00eda de apuestas que vaya a realizar, dinero extra de regalo por apostar antes del pitido inicial de partidos seleccionados, apuestas gratuitas por acertar goleadores, premios por cada victoria de la selecci\u00f3n espa\u00f1ola -era el caso del Mundial-, devoluciones realizando combinadas, freebets por derrotas y un bote de hasta 5 millones de euros si se aciertan los nombres de determinados equipos que pasen clasificatorias.<\/p>\r\n<p class=\"text-justify\">El repertorio es muy grande, sobre todo con grandes eventos como el Mundial de f\u00fatbol; no obstante, tiene en su haber otras propuestas tambi\u00e9n bastante interesantes para los jugadores. Por ejemplo, el bono de bienvenida que ofrece Bwin llega a ser de hasta 100\u20ac tras realizar un primer dep\u00f3sito que puede ser de tan solo 5\u20ac. Es necesario realizar una apuesta con una cuota m\u00ednima de  en un plazo de 7d\u00edas, pero no es una restricci\u00f3n demasiado grande para el potencial de este bwin bonus.<\/p>\r\n<span style=\"font-weight: 400;\">            <div class=\"bonus-box first-box\">\n                <div class=\"bonus-box-head\">\n                    <div class=\"col-lg-3 col-md-4 col-sm-4 col-xs-12 \">\n                        <span class=\"hotfix operator-logo\"><img decoding=\"async\" src=\"\/spanish\/assets\/logos\/sport\/dark-back\/bwin.png\" width=\"auto\" height=\"auto\" alt=\"Bwin\" \/><\/span>                    <\/div>\n                    <div class=\"col-lg-4 col-md-4 col-sm-4 col-xs-6\">\n                        <p class=\"box-title\">Bwin&nbsp;sport<\/p>\n                    <\/div>\n                    <div class=\"col-lg-5 col-md-4 col-sm-4 col-xs-6\">\n                        <div class=\"likes-box likes-js\" data-likesid=\"34\">\n                            <div class=\"likes-icon-js\"><i class=\"fa fa-heart\" aria-hidden=\"true\"><\/i><\/div>\n                            <div class=\"likes-text-js\"><p>1697  likes<\/p><\/div>\n                        <\/div>\n                    <\/div>\n                <\/div>\n                <div class=\"bonus-box-body\">\n                    <div class=\"col-lg-3 col-md-3 col-sm-6 col-xs-12 rightBordered m-bonus no-padding\">\n                        <p>Bono M\u00e1ximo<\/p>\n                        <p class=\"bonus-value max-bonus\">100\u20ac<\/p>\n                    <\/div>\n                                                                <div class=\"col-lg-2 col-md-2 col-sm-6 col-xs-12 no-padding \">\n                            <p>Rollover<\/p>\n                            <p class=\"bonus-value\">x Bonus<\/p>\n                        <\/div>\n                                        <div class=\"col-lg-2 col-md-2 col-sm-6 col-xs-12 no-padding\">\n                        <p>Porcentaje<\/p>\n                        <p class=\"bonus-value\">100%<\/p>\n                    <\/div>\n                    <div class=\"col-lg-3 col-md-3 col-sm-6 col-xs-12 claim-bonus-sec \">\n\n                                                <div>\n                             <div   class=\"bonuscode  secret-code \"><span>No se necesita c\u00f3digo<\/span><\/div> <span class=\"cursored button js-golink  claim-bonus-code\"  onclick=\"OpenGoLink(this);\" data-operator=\"79\" data-bonus=\"16070\"   data-clicks=\"34\"data-type=\"sport\" ><div class='hvr-animation bonus-btn-main-sec'><span>Muestra el C\u00f3digo <\/span><\/div> <\/span>                         <\/div>\n                    <\/div>\n                <\/div>\n                            <\/div>\n            <\/span>\r\n\r\n<span style=\"font-weight: 400;\"><div class=\"moreHome hideContent\"><\/span>\r\n<p class=\"text-justify\">La secci\u00f3n de promociones de Bwin est\u00e1 siempre disponible y actualizada para ofrecer las mejores iniciativas a los jugadores. Estar atento a ella es algo m\u00e1s que recomendable para tener siempre a la vista las ventajas m\u00e1s interesantes.<\/p>\r\n<span style=\"font-weight: 400;\"><\/div><\/span>\r\n<h3 class=\"text-justify\">C\u00f3digo de Bono de bwin<\/h3>\r\n<p class=\"text-justify\">Actualmente no hay ning\u00fan <a href=\"https:\/\/bet-bonus.net\/es\/codigo-de-bono\/\">c\u00f3digo de bono<\/a> de bwin. Las promociones y bonus que ofrece este operador de apuestas se encuentran disponibles en una secci\u00f3n y no requieren introducir clave alguna. De hecho, no hay ning\u00fan campo disponible para ello en el formulario de registro, como s\u00ed sucede en otras casas de diferentes pa\u00edses cuando un usuario comienza a crear su cuenta.<\/p>\r\n<p class=\"text-justify\">Por lo tanto, si quieres disfrutar de descuentos, ingresos extra, devoluciones y muchas m\u00e1s propuestas de lo m\u00e1s interesante, tan solo tienes que acceder a la secci\u00f3n de ofertas y promos del portal web y consultar sus condiciones para cumplirlas.<\/p>\r\n\r\n<h3 class=\"text-justify\">\u00bfHay un bono sin dep\u00f3sito en bwin?<\/h3>\r\n<p class=\"text-justify\">Por lo general, no existe un bono sin dep\u00f3sito en bwin. Para que el usuario pueda tener acceso a alg\u00fan tipo de bwin bonus, antes debe haber ingresado dinero en su cuenta de juego y, posteriormente, dirigirse a jugar para sacar partido a este tipo de iniciativas promocionales tan recurrentes.<\/p>\r\n<p class=\"text-justify\">No obstante, en determinados eventos deportivos s\u00ed es posible que el portal habilite un bono sin dep\u00f3sito. Por eso mismo, es conveniente estar alerta ante anuncios de la casa o las promociones que publique para ver si se puede disfrutar de estos bonus sin tener que ingresar dinero alguno en el perfil.<\/p>\r\n\r\n<h2 class=\"text-justify\">Resumen de bwin - Qu\u00e9 ofrece el operador<\/h2>\r\n<p class=\"text-justify\">Actual resultado de una fusi\u00f3n realizada en 2011 entre la empresa original, de origen austriaco, y la casa inglesa Party Gaming, Bwin se ha posicionado como uno de los operadores m\u00e1s importantes a nivel internacional, siendo conocido sobre todo por su labor dentro del terreno del p\u00f3ker online. Actualmente opera como uno de los <a href=\"https:\/\/bet-bonus.net\/es\/casino\/\">casinos en l\u00ednea<\/a> m\u00e1s importantes que existen, pero el terreno de las cartas es donde predomina.<\/p>\r\n<p class=\"text-justify\">Abarca el terreno de las apuestas y los juegos de azar como la inmensa mayor\u00eda de portales de juego en l\u00ednea y destaca en todos ellos gracias a unas cuotas y unos valores de retorno al jugador bastante interesantes; aunque tambi\u00e9n lo hace por la calidad de su plataforma en general. Tanto por distribuci\u00f3n como por calidades de los juegos virtuales que posee, siempre logra quedarse como una de las propuestas favoritas de los usuarios, sobre todo de aquellos que ya tienen una larga experiencia jugando.<\/p>\r\n<span style=\"font-weight: 400;\"><div class=\"moreHome hideContent\"><\/span>\r\n<p class=\"text-justify\">Los continuos bonos con los que viste su secci\u00f3n de promociones ayudan tambi\u00e9n a seguir con las apuestas y los diferentes juegos de su casino con el fin de ganar. Todos animan a hacerlo de alguna forma, sea con ingresos extra, con ganancias potenciadas o con interesantes porcentajes de devoluci\u00f3n; convirti\u00e9ndose en uno de los principales motivos por los que los jugadores se registran cuando piensan en una casa en la que ganar dinero gracias al azar.<\/p>\r\n<p class=\"text-justify\">Una oferta equilibrada y bastante competitiva con respecto al resto. Bwin es una casa de apuestas que justifica todos los galardones que ha recibido a lo largo de su ya dilatada trayectoria en este sector.<\/p>\r\n<span style=\"font-weight: 400;\"><\/div><\/span>\r\n\r\n<span style=\"font-weight: 400;\">\r\n<div class=\"cta-direct-bonus\">\r\n    <div class=\"col-lg-8 col-md-8 col-sm-8 col-xs-12\">\r\n        <div class=\"row\">\r\n            <p class=\"cta-direct-slogan\">\r\n                \u00bfEst\u00e1s listo para Atrapar tu Bono de Bienvenida?            <\/p>\r\n        <\/div>\r\n    <\/div>\r\n    <div class=\"col-lg-4 col-md-4 col-sm-4 col-xs-12\">\r\n        <div class=\"row\">\r\n             <span class=\"cursored button js-golink cta-direct-button hvr-animation new-hover\"  onclick=\"OpenGoLink(this);\" data-operator=\"79\" data-bonus=\"16070\"   data-clicks=\"34\"data-type=\"sport\" ><span>Visita Bwin Ahora!<\/span> <\/span> \r\n        <\/div>\r\n    <\/div>\r\n<\/div>\r\n\r\n<style type=\"text\/css\" media=\"screen\">\r\n    .cta-direct-button.new-hover {\r\n        padding: 3px 0 2px;\r\n    }\r\n<\/style><\/span>\r\n<h2 class=\"text-justify\">\u00bfC\u00f3mo es el Casino de Bwin?<\/h2>\r\n<p class=\"text-justify\">El casino de Bwin tiene un buen repertorio de juegos disponibles para todo tipo de jugadores. En \u00e9l, el usuario puede encontrar desde las cl\u00e1sicas m\u00e1quinas tragaperras hasta secciones de Blackjack o, por supuesto, mesas donde jugar a la ruleta virtual en directo. Con una calidad media-alta, es su variedad en este sector lo que m\u00e1s logra captar la atenci\u00f3n de los usuarios \u00e1vidos de jugar y ganar dinero con ello.<\/p>\r\n<p class=\"text-justify\">En este \u00faltimo sentido, el casino online que poseen tiene un alto \u00edndice de retorno para el jugador en sus m\u00e1quinas, lo que garantiza una alta tasa de victorias cuando se trata de probar suerte con las tragamonedas y dem\u00e1s alternativas disponibles. Por otra parte, y aunque su cat\u00e1logo se reduce en Espa\u00f1a con respecto a otros pa\u00edses, tiene m\u00e1s de 200 <a href=\"https:\/\/bet-bonus.net\/es\/tragaperras\/\">tragamonedas<\/a> y cerca de 10 ruletas, entre otras propuestas jugables.<\/p>\r\n<span style=\"font-weight: 400;\"><div class=\"moreHome hideContent\"><\/span>\r\n<p class=\"text-justify\">La interfaz de todas ellas y su usabilidad son algo pr\u00e1cticamente impecable. Dado que es la propia Bwin la que se encarga del dise\u00f1o y desarrollo del software, salvo contadas excepciones que funcionan en vivo, todo est\u00e1 planteado para funcionar a la perfecci\u00f3n tanto en su portal web como en la app que ha lanzado para smartphones y tablets.<\/p>\r\n<span style=\"font-weight: 400;\"><\/div><\/span>\r\n<h2 class=\"text-justify\">Bwin desde el m\u00f3vil - Jugando con su app<\/h2>\r\n<p class=\"text-justify\">Para los usuarios que prefieren hacerlo todo a trav\u00e9s de su tel\u00e9fono m\u00f3vil, bwin cuenta con una app que se encuentra disponible tanto para dispositivos Android como para iOS. Los jugadores con <a href=\"https:\/\/bet-bonus.net\/es\/app\/apple\/\">iPhone<\/a> pueden entrar directamente a la App Store del terminal para descargar dicha aplicaci\u00f3n, mientras que los del sistema operativo de Google tienen que realizar la instalaci\u00f3n de forma manual por las restricciones de la tienda digital.<\/p>\r\n<p class=\"text-justify\">La app bwin se caracteriza por ofrecer acceso directo a los juegos y apuestas del portal online, permite realizar b\u00fasquedas mucho m\u00e1s r\u00e1pidas para pujar por eventos o mercados concretos y, adem\u00e1s, permite contar con un sistema de alertas para aquellos eventos de los que se quiera estar informado.<\/p>\r\n<span style=\"font-weight: 400;\"><div class=\"moreHome hideContent\"><\/span>\r\n<p class=\"text-justify\">No obstante, su cat\u00e1logo jugable es bastante reducido en comparaci\u00f3n con lo que hay disponible dentro de la web oficial. La adaptaci\u00f3n se va realizando de forma paulatina para incrementar las opciones de cara al usuario de smartphones, pero la versi\u00f3n web siempre queda por delante en esta carrera, ya que es el medio principal y por donde pasan en primer lugar todas las novedades siempre.<\/p>\r\n<p class=\"text-justify\">Aun as\u00ed, todo lo que rige el cat\u00e1logo de la aplicaci\u00f3n bwin para smartphones es m\u00e1s que suficiente para dar oportunidades de todo tipo. Los juegos est\u00e1n plenamente adaptados, del mismo modo que la interfaz de apuestas, de forma que utilizar y jugar en ambos campos es sumamente sencillo e intuitivo.<\/p>\r\n<span style=\"font-weight: 400;\"><\/div><\/span>\r\n\r\n<span style=\"font-weight: 400;\"> <div class=\"bonus-table\">\n    <div class=\"col-xs-12\">\n        <div class=\"row\">\n\n<!--            <div class=\"hidden-lg hidden-md hidden-sm col-xs-8 bonus-table-body top-responsive\">-->\n<!---->\n<!--            <\/div>-->\n            <div class=\"col-lg-12 col-md-12 col-sm-12 col-xs-12 bonus-table-body op-table no-padding\">\n                <div class=\"col-lg-3 col-md-4 col-sm-12 col-xs-12 bonus-table-head no-padding\">\n                    <p>Casa de Apuestas<\/p>\n                   <!--  <a class=\"hotfix\" href=\"\" rel=\"nofollow\" target=\"_blank\"><img decoding=\"async\" src=\"<?php\/\/ echo $logo_url; ?>\" class=\"img-responsive\"><\/a> -->\n                    <span class=\"\"><img decoding=\"async\" src=\"\/spanish\/assets\/logos\/sport\/light-back\/bwin.png\" width=\"100px\" height=\"auto\" alt=\"Bwin\" \/><\/span>                <\/div>\n                <div class=\"col-lg-2 col-md-2 col-sm-6 col-xs-12 rightBordered borders no-padding\">\n                    <p>BONO<\/p>\n                    <p class=\"bonus-value max-bonus\">100\u20ac<\/p>\n                <\/div>\n                <div class=\"col-lg-2 col-md-2 col-sm-6 col-xs-6 rightBordered no-padding\">\n                    <p>Porcentaje<\/p>\n                    <p class=\"bonus-value\">100%<\/p>\n                <\/div>\n                <div class=\"col-lg-2 col-md-2 col-sm-6 col-xs-6 no-padding\">\n                    <p>Nota<\/p>\n                    <p class=\"rating-number\">9.6<\/p>\n                <\/div>\n                <div class=\"col-lg-3 col-md-4 col-sm-6 col-xs-12 op-table-button no-padding\">\n                    <p>A la casa de apuestas<\/p>\n                     <span class=\"cursored button js-golink button claim-bonus-code\"  onclick=\"OpenGoLink(this);\" data-operator=\"79\" data-bonus=\"16070\"   data-clicks=\"34\"data-type=\"sport\" ><button class=\"hvr-animation multi-line bonus-btn-main-sec\"><span>Consigue el bono<\/span><\/button> <\/span>                 <\/div>\n            <\/div>\n        <\/div>\n    <\/div>\n<\/div>\n        <script type=\"application\/ld+json\">\n    {\n        \"@context\": \"https:\/\/schema.org\/\",\n        \"@type\": \"Review\",\n        \"datePublished\": \"15-06-2018\",\n        \"dateModified\": \"19-11-2023\",\n        \"itemReviewed\":{\n                \"@type\": \"Organization\",\n                \"name\": \"Bwin Opiniones\",\n                \"image\": \" https:\/\/bet-bonus.net\/es\/spanish\/assets\/logos\/light-back\/bwin.png\"\n        },\n         \"author\":{\n                \"@type\": \"Person\",\n                 \"name\": \"bet-bonus.net ES\"\n         },\n           \"reviewRating\": {\n                \"ratingValue\": \"9.6\",\n                \"bestRating\": \"10\"\n         }\n    }\n\n\n\n        <\/script>\n        <\/span>\r\n<h2 class=\"text-justify\">Atenci\u00f3n al cliente de bwin<\/h2>\r\n<p class=\"text-justify\">A diferencia de lo que ocurre con otras casas online de apuestas, la atenci\u00f3n al cliente de bwin carece de un chat en vivo a trav\u00e9s del cual realizar todas las cuestiones que se desee. S\u00ed posee un formulario de contacto con el que el usuario puede preguntar, hacer consultas de todo tipo o simplemente dejar sus quejas, con un plazo de respuesta de unas 24 horas aproximadamente; pero carece de la otra opci\u00f3n, mucho m\u00e1s directa y eficaz.<\/p>\r\n<p class=\"text-justify\">A pesar de ello, en caso de estar en una situaci\u00f3n que requiera rapidez, se tiene tambi\u00e9n la opci\u00f3n de realizar el contacto por tel\u00e9fono. La l\u00ednea telef\u00f3nica habilitada por esta web de juegos de azar est\u00e1 pensada para las situaciones m\u00e1s urgentes y, aunque su disponibilidad no es total, cumple bastante bien con su funci\u00f3n de cara a ayudar a quienes lo necesiten.<\/p>\r\n<p class=\"text-justify\">No es la atenci\u00f3n m\u00e1s completa que pueda haber, pero s\u00ed cumple bien con sus tareas.<\/p>\r\n\r\n<h2 class=\"text-justify\">bwin vs 1xbet - \u00bfCon cu\u00e1l me quedo?<\/h2>\r\n<p class=\"text-justify\">Despu\u00e9s de repasar toda la oferta de esta casa de apuestas, vamos a comparar 1xbet vs bwin para comprobar en qu\u00e9 puntos sobresale cada una con respecto a la otra.<\/p>\r\n<p class=\"text-justify\">Para empezar, Bwin s\u00ed puede operar totalmente en Espa\u00f1a, mientras que 1xbet no. Esta casa internacional posee las licencias necesarias y requeridas por la DGOJ espa\u00f1ola para poder abrir sus puertas sin inconvenientes en nuestro pa\u00eds, mientras que la casa rusa no tiene todav\u00eda lo necesario para hacer lo mismo. Los usuarios pueden entrar en la primera sin problemas, mientras que para hacerlo en la segunda han de recurrir a otros m\u00e9todos distintos a lo habitual.<\/p>\r\n<span style=\"font-weight: 400;\"><div class=\"moreHome hideContent\"><\/span>\r\n<p class=\"text-justify\">Por otra parte, el bono de bienvenida de Bwin tiene un l\u00edmite mucho mayor y unas condiciones menos exigentes que las de 1xBet. El usuario puede conseguir hasta 100\u20ac extra por su primer ingreso a cambio de unos requisitos bastante suaves; en el caso del <a href=\"https:\/\/bet-bonus.net\/es\/\">bono de bienvenida de 1xbet,<\/a> lo m\u00e1ximo son 100\u20ac y es necesario llevar a cabo varias combinadas en diferentes eventos.<\/p>\r\n<p class=\"text-justify\">La variedad en cuanto a juegos es el terreno donde 1xbet gana por goleada y con diferencia. Aqu\u00ed, puede presumir de tener mayor variedad y calidad en numerosas propuestas de juego, adem\u00e1s de en accesibilidad desde su app para m\u00f3viles. Bwin ha dado sus pasos aqu\u00ed, pero ni posee tantas ofertas para jugar ni las integra todas en la misma cantidad que la otra con la que estamos comparando.<\/p>\r\n<p class=\"text-justify\">Adem\u00e1s de esto, la oferta de bonos y promociones de 1xBet tambi\u00e9n es m\u00e1s variada que la de Bwin. Aunque esta \u00faltima aprieta con fuerza cada vez que hay un evento deportivo importante, la casa rusa tiene un abanico perenne mucho m\u00e1s grande, al que se suman tambi\u00e9n iniciativas especiales por grandes eventos.<\/p>\r\n<span style=\"font-weight: 400;\"><\/div><\/span>\r\n\r\n<span style=\"font-weight: 400;\">\r\n<div class=\"cta-direct-bonus\">\r\n    <div class=\"col-lg-8 col-md-8 col-sm-8 col-xs-12\">\r\n        <div class=\"row\">\r\n            <p class=\"cta-direct-slogan\">\r\n                \u00bfEst\u00e1s listo para Atrapar tu Bono de Bienvenida?            <\/p>\r\n        <\/div>\r\n    <\/div>\r\n    <div class=\"col-lg-4 col-md-4 col-sm-4 col-xs-12\">\r\n        <div class=\"row\">\r\n             <span class=\"cursored button js-golink cta-direct-button hvr-animation new-hover\"  onclick=\"OpenGoLink(this);\" data-operator=\"79\" data-bonus=\"16070\"   data-clicks=\"34\"data-type=\"sport\" ><span>Visita Bwin Ahora!<\/span> <\/span> \r\n        <\/div>\r\n    <\/div>\r\n<\/div>\r\n\r\n<style type=\"text\/css\" media=\"screen\">\r\n    .cta-direct-button.new-hover {\r\n        padding: 3px 0 2px;\r\n    }\r\n<\/style><\/span>","protected":false},"excerpt":{"rendered":"Considerada como la mejor casa de apuestas de todo el mundo, bwin es uno de los nombres que suenan con m\u00e1s fuerza actualmente. Esta firma posee algunas de las mejores cuotas en diferentes mercados de apuestas, como tambi\u00e9n un casino que brilla por su variedad y la calidad de cada uno de los juegos que<a href=\"https:\/\/bet-bonus.net\/es\/bwin\/\"> &#8230;<\/a>","protected":false},"author":1,"featured_media":0,"parent":0,"menu_order":0,"comment_status":"closed","ping_status":"closed","template":"","meta":{"footnotes":""},"categories":[],"tags":[],"class_list":["post-228","page","type-page","status-publish","hentry"],"yoast_head":"<!-- This site is optimized with the Yoast SEO plugin v26.7 - https:\/\/yoast.com\/wordpress\/plugins\/seo\/ -->\n<title>Bwin \u00bb Comparativa + Bono de 100\u20ac + C\u00f3digo Promocional<\/title>\n<meta name=\"robots\" content=\"index, follow, max-snippet:-1, max-image-preview:large, max-video-preview:-1\" \/>\n<link rel=\"canonical\" href=\"https:\/\/bet-bonus.net\/es\/bwin\/\" \/>\n<meta property=\"og:locale\" content=\"es_ES\" \/>\n<meta property=\"og:type\" content=\"article\" \/>\n<meta property=\"og:title\" content=\"Bwin \u00bb Comparativa + Bono de 100\u20ac + C\u00f3digo Promocional\" \/>\n<meta property=\"og:url\" content=\"https:\/\/bet-bonus.net\/es\/bwin\/\" \/>\n<meta property=\"og:site_name\" content=\"bet-bonus.net ES\" \/>\n<meta property=\"article:modified_time\" content=\"2018-08-07T10:35:54+00:00\" \/>\n<meta name=\"twitter:card\" content=\"summary_large_image\" \/>\n<meta name=\"twitter:label1\" content=\"Tiempo de lectura\" \/>\n\t<meta name=\"twitter:data1\" content=\"9 minutos\" \/>\n<script type=\"application\/ld+json\" class=\"yoast-schema-graph\">{\"@context\":\"https:\/\/schema.org\",\"@graph\":[{\"@type\":\"WebPage\",\"@id\":\"https:\/\/bet-bonus.net\/es\/bwin\/\",\"url\":\"https:\/\/bet-bonus.net\/es\/bwin\/\",\"name\":\"Bwin \u00bb Comparativa + Bono de [bonus operator=\\\"79\\\" type=\\\"1\\\" conditions=\\\"8\\\" user=\\\"2\\\" template=\\\"51\\\" option=\\\"amount\\\"] + C\u00f3digo Promocional\",\"isPartOf\":{\"@id\":\"https:\/\/bet-bonus.net\/es\/#website\"},\"datePublished\":\"2018-06-15T14:23:02+00:00\",\"dateModified\":\"2018-08-07T10:35:54+00:00\",\"breadcrumb\":{\"@id\":\"https:\/\/bet-bonus.net\/es\/bwin\/#breadcrumb\"},\"inLanguage\":\"es\",\"potentialAction\":[{\"@type\":\"ReadAction\",\"target\":[\"https:\/\/bet-bonus.net\/es\/bwin\/\"]}]},{\"@type\":\"BreadcrumbList\",\"@id\":\"https:\/\/bet-bonus.net\/es\/bwin\/#breadcrumb\",\"itemListElement\":[{\"@type\":\"ListItem\",\"position\":1,\"name\":\"Home\",\"item\":\"https:\/\/bet-bonus.net\/es\/\"},{\"@type\":\"ListItem\",\"position\":2,\"name\":\"C\u00f3digo de Registro de Bwin - Gana con el Bono de Bienvenida &#038; Comp\u00e1ralo con 1xbet\"}]},{\"@type\":\"WebSite\",\"@id\":\"https:\/\/bet-bonus.net\/es\/#website\",\"url\":\"https:\/\/bet-bonus.net\/es\/\",\"name\":\"bet-bonus.net ES\",\"description\":\"\",\"potentialAction\":[{\"@type\":\"SearchAction\",\"target\":{\"@type\":\"EntryPoint\",\"urlTemplate\":\"https:\/\/bet-bonus.net\/es\/?s={search_term_string}\"},\"query-input\":{\"@type\":\"PropertyValueSpecification\",\"valueRequired\":true,\"valueName\":\"search_term_string\"}}],\"inLanguage\":\"es\"}]}<\/script>\n<!-- \/ Yoast SEO plugin. -->","yoast_head_json":{"title":"Bwin \u00bb Comparativa + Bono de 100\u20ac + C\u00f3digo Promocional","robots":{"index":"index","follow":"follow","max-snippet":"max-snippet:-1","max-image-preview":"max-image-preview:large","max-video-preview":"max-video-preview:-1"},"canonical":"https:\/\/bet-bonus.net\/es\/bwin\/","og_locale":"es_ES","og_type":"article","og_title":"Bwin \u00bb Comparativa + Bono de 100\u20ac + C\u00f3digo Promocional","og_url":"https:\/\/bet-bonus.net\/es\/bwin\/","og_site_name":"bet-bonus.net ES","article_modified_time":"2018-08-07T10:35:54+00:00","twitter_card":"summary_large_image","twitter_misc":{"Tiempo de lectura":"9 minutos"},"schema":{"@context":"https:\/\/schema.org","@graph":[{"@type":"WebPage","@id":"https:\/\/bet-bonus.net\/es\/bwin\/","url":"https:\/\/bet-bonus.net\/es\/bwin\/","name":"Bwin \u00bb Comparativa + Bono de [bonus operator=\"79\" type=\"1\" conditions=\"8\" user=\"2\" template=\"51\" option=\"amount\"] + C\u00f3digo Promocional","isPartOf":{"@id":"https:\/\/bet-bonus.net\/es\/#website"},"datePublished":"2018-06-15T14:23:02+00:00","dateModified":"2018-08-07T10:35:54+00:00","breadcrumb":{"@id":"https:\/\/bet-bonus.net\/es\/bwin\/#breadcrumb"},"inLanguage":"es","potentialAction":[{"@type":"ReadAction","target":["https:\/\/bet-bonus.net\/es\/bwin\/"]}]},{"@type":"BreadcrumbList","@id":"https:\/\/bet-bonus.net\/es\/bwin\/#breadcrumb","itemListElement":[{"@type":"ListItem","position":1,"name":"Home","item":"https:\/\/bet-bonus.net\/es\/"},{"@type":"ListItem","position":2,"name":"C\u00f3digo de Registro de Bwin - Gana con el Bono de Bienvenida &#038; Comp\u00e1ralo con 1xbet"}]},{"@type":"WebSite","@id":"https:\/\/bet-bonus.net\/es\/#website","url":"https:\/\/bet-bonus.net\/es\/","name":"bet-bonus.net ES","description":"","potentialAction":[{"@type":"SearchAction","target":{"@type":"EntryPoint","urlTemplate":"https:\/\/bet-bonus.net\/es\/?s={search_term_string}"},"query-input":{"@type":"PropertyValueSpecification","valueRequired":true,"valueName":"search_term_string"}}],"inLanguage":"es"}]}},"_links":{"self":[{"href":"https:\/\/bet-bonus.net\/es\/wp-json\/wp\/v2\/pages\/228","targetHints":{"allow":["GET"]}}],"collection":[{"href":"https:\/\/bet-bonus.net\/es\/wp-json\/wp\/v2\/pages"}],"about":[{"href":"https:\/\/bet-bonus.net\/es\/wp-json\/wp\/v2\/types\/page"}],"author":[{"embeddable":true,"href":"https:\/\/bet-bonus.net\/es\/wp-json\/wp\/v2\/users\/1"}],"replies":[{"embeddable":true,"href":"https:\/\/bet-bonus.net\/es\/wp-json\/wp\/v2\/comments?post=228"}],"version-history":[{"count":5,"href":"https:\/\/bet-bonus.net\/es\/wp-json\/wp\/v2\/pages\/228\/revisions"}],"predecessor-version":[{"id":306,"href":"https:\/\/bet-bonus.net\/es\/wp-json\/wp\/v2\/pages\/228\/revisions\/306"}],"wp:attachment":[{"href":"https:\/\/bet-bonus.net\/es\/wp-json\/wp\/v2\/media?parent=228"}],"wp:term":[{"taxonomy":"category","embeddable":true,"href":"https:\/\/bet-bonus.net\/es\/wp-json\/wp\/v2\/categories?post=228"},{"taxonomy":"post_tag","embeddable":true,"href":"https:\/\/bet-bonus.net\/es\/wp-json\/wp\/v2\/tags?post=228"}],"curies":[{"name":"wp","href":"https:\/\/api.w.org\/{rel}","templated":true}]}}