{"id":205,"date":"2018-06-15T12:47:23","date_gmt":"2018-06-15T12:47:23","guid":{"rendered":"http:\/\/bet-bonus.net\/es\/?page_id=205"},"modified":"2018-08-10T06:58:34","modified_gmt":"2018-08-10T06:58:34","slug":"pc","status":"publish","type":"page","link":"https:\/\/bet-bonus.net\/es\/app\/pc\/","title":{"rendered":"1xBet en tu PC - Juega Online o Descarga el Software en tu Ordenador"},"content":{"rendered":"<p class=\"text-justify\">A la hora de usar 1xBet en tu PC, es habitual tener en mente la plataforma web a la que se accede a trav\u00e9s del navegador. No obstante, la casa rusa de apuestas online y juegos de azar cuenta tambi\u00e9n con otra soluci\u00f3n v\u00e1lida para los usuarios de ordenadores que prefieren algo mucho m\u00e1s directo y sencillo, sin intermediarios.<\/p>\r\n<p class=\"text-justify\">El programa 1xbet PC permite jugar y apostar sin necesidad de recurrir a un navegador. Se trata de un m\u00e9todo mucho m\u00e1s sencillo y eficaz, a la par que c\u00f3modo, para los que desean disfrutar de lo que brinda esta casa.<\/p>\r\n\r\n<h2 class=\"text-justify\">Jugar a 1xbet en mi PC - Principales ventajas<\/h2>\r\n<p class=\"text-justify\">Acceder y jugar desde el smartphone es una oportunidad bastante interesante para los usuarios, sin embargo, jugar a 1xbet en el pc posee una serie de ventajas imposibles de obtener por otros medios. A continuaci\u00f3n, vamos a explicarlas todas para que quede bien claro qu\u00e9 diferencia a este sistema del resto:<\/p>\r\n\r\n<ul>\r\n \t<li class=\"text-justify\">La versi\u00f3n m\u00e1s completa. Acceder a 1xBet desde el ordenador es acceder a todo el repertorio de la plataforma de juego y apuestas. Todo el cat\u00e1logo est\u00e1 disponible para el usuario registrado, que puede apostar, ver partidos en directo, jugar a todo lo que hay disponible e incluso a las alternativas m\u00e1s extra\u00f1as que hay disponibles. Sin limitaciones, es la \u00fanica v\u00eda con la que tener acceso a todo.<\/li>\r\n \t<li class=\"text-justify\">Navegaci\u00f3n f\u00e1cil. Aunque en <a href=\"https:\/\/bet-bonus.net\/es\/app\/\">terminales m\u00f3viles<\/a> todo est\u00e1 bien dispuesto para que no haya problemas entrando en men\u00fas y opciones, en el PC es mucho m\u00e1s f\u00e1cil y, sobre todo, completo. La cantidad de informaci\u00f3n disponible en todo momento es mucho mayor que en terminales debido a la grand\u00edsima diferencia entre formatos y tama\u00f1os.<\/li>\r\n \t<li class=\"text-justify\">Los mejores partidos en directo. \u00bfQuieres hacer pujas en directo para un partido, pero prefieres verlo desde casa? La web de 1xbet brinda esta opci\u00f3n a trav\u00e9s del reproductor integrado que posee, lo que a su vez permite disfrutar de estos encuentros con la mayor calidad y sin apenas requerir una gran conexi\u00f3n a internet. Disfruta del mejor f\u00fatbol o baloncesto sin moverte de casa y sin tener que pagar por los partidos.<\/li>\r\n \t<li class=\"text-justify\">Funciona en cualquier ordenador. No necesitas reunir unas especificaciones elevadas para jugar en 1xbet PC. El portal est\u00e1 totalmente optimizado y pensado para que cualquier usuario pueda acceder, jugar y apostar sin problemas de rendimiento.<\/li>\r\n<\/ul>\r\n<p class=\"text-justify\">Si te planteabas por qu\u00e9 es mejor jugar a 1xbet en el ordenador, estos son motivos m\u00e1s que suficientes para hacerlo.<\/p>\r\n<span style=\"font-weight: 400;\"> \n<style>\n #operator-closed {\n        margin-top: 3em;\n        margin-bottom: 1rem;\n        color: #414141; \n    }\n    .operator-closed-body {\n        min-height: 420px;\n        background-color: #F9F9F9;\n    }\n    #operator-closed .operator-closed-message {\n        display: flex;\n        align-items: center;\n        justify-content: center;\n        font-size: 20px;\n        text-align: center;\n        color: #fff;\n        padding: 1.75em 0.5rem;\n        background: #002E5D;\n        text-shadow: 0 1px 1px rgba(0, 0, 0, 0.3);\n        box-shadow: 0 -4px 0 0 #1a1a1a;\n    }\n    #operator-closed .operator-closed-message b {\n        display: block;\n        font-size: 24px;\n    }\n    .operator-closed-box-container {\n        padding: 40px 30px;\n    }\n    #operator-closed .operator-closed-box {\n        display: flex;\n        flex-direction: column;\n        justify-content: center;\n        align-items: center;\n        background-color: #FFFFFF;\n        box-shadow: 0px 0px 5px #00000024;\n    }\n   \/* #operator-closed .operator-closed-box a:first-of-type {\n        display: flex;\n        justify-content: center;\n        width: 100%;\n        background: #ffffff;\n        border-top: 3px solid #f46613;\n    }*\/\n    #operator-closed img {\n        width: 100px;\n        display: block;\n    }\n    #operator-closed .operator-box-header { \n        display: flex; \n        width: 100%;\n        justify-content: center;\n        background-color: #ECECEC; \n        padding: 13px;\n    }\n    #operator-closed .operator-closed-box-stars {\n        display: flex;\n        flex-wrap: wrap;\n        justify-content: center;\n        padding: 1em 0;\n    }\n    #operator-closed .operator-closed-box-stars span{\n        color: #002E5D;\n        font-size: 36px;\n        line-height: 1.1;\n        text-align: center;\n        width: 100%;\n        font-weight: 900;\n    }\n    #operator-closed .button {\n        text-transform: uppercase;\n        margin-top: 0;\n        margin-bottom: 28px;\n        font-weight: 600;\n        padding: 10px 13px; \n        font-size: 13px; \n        width: 100%;\n    }\n    #operator-closed .button i {\n        font-size: 12px;\n        padding-top: 0;\n    }\n    .claim-bonus-code:hover>.bonus-btn-main-sec {\n        color: #c8102e;\n    }\n    @media ( max-width: 767px ) {\n\n        #operator-closed .operator-closed-message {\n            font-size: 14px;\n        }  \n        #operator-closed .operator-closed-message b {\n            font-size: 17px;\n        }\n        #operator-closed .operator-closed-box {\n            flex-direction: row;\n            flex-wrap: wrap;\n            justify-content: space-around;\n            max-width: 300px;\n            margin-left: auto;\n            margin-right: auto;\n        }\n        #operator-closed .col-lg-4.col-md-6.col-sm-4.col-xs-12:nth-child(3) .operator-closed-box {\n            margin-bottom: 0; \n        }\n        .operator-closed-box-container {\n            padding: 30px 15px;\n        }\n        #operator-closed .operator-closed-box {\n            margin-bottom: 2.5rem; \n        }\n    }\n<\/style>\n<div id=\"operator-closed-wrapper\">\n    <div id=\"operator-closed\" class=\"operator-closed-body\">\n        <div class=\"operator-closed-message \">\n\n            <div><b>Mejor echa un vistazo a estos mejores casinos<\/b>\n                             <\/div>\n        <\/div>\n        \n        <div class=\"row operator-closed-box-container\">\n                            <div class=\"col-lg-4 col-md-6 col-sm-4 col-xs-12\">\n                    <div class=\"operator-closed-box\">\n                        <span class=\"operator-box-header\"><img decoding=\"async\" src=\"\/spanish\/assets\/logos\/sport\/light-back\/bwin.png\" width=\"auto\" height=\"auto\" alt=\"Bwin\" \/><\/span>                        <div class=\"operator-closed-box-stars\">\n                          <span>100\u20ac <\/span>Max Bonus                        <\/div>\n\n                        <div class=\"claim-bonus-code button-bottom\">\n                             <span class=\"cursored button js-golink hvr-animation multi-line bonus-btn-main-sec\"  onclick=\"OpenGoLink(this);\" data-operator=\"79\" data-bonus=\"16070\"   data-clicks=\"34\"data-type=\"sport\" >visita el casino<i class=\"fa fa-chevron-right\" aria-hidden=\"true\"><\/i> <\/span>                         <\/div><!-- \/.claim-bonus-code -->   \n                    <\/div>\n                <\/div>\n                                <div class=\"col-lg-4 col-md-6 col-sm-4 col-xs-12\">\n                    <div class=\"operator-closed-box\">\n                        <span class=\"operator-box-header\"><img decoding=\"async\" src=\"\/spanish\/assets\/logos\/sport\/light-back\/888sport.png\" width=\"auto\" height=\"auto\" alt=\"888\" \/><\/span>                        <div class=\"operator-closed-box-stars\">\n                          <span>110\u20ac <\/span>Max Bonus                        <\/div>\n\n                        <div class=\"claim-bonus-code button-bottom\">\n                             <span class=\"cursored button js-golink hvr-animation multi-line bonus-btn-main-sec\"  onclick=\"OpenGoLink(this);\" data-operator=\"20\" data-bonus=\"6743\"   data-clicks=\"22\"data-type=\"sport\" >visita el casino<i class=\"fa fa-chevron-right\" aria-hidden=\"true\"><\/i> <\/span>                         <\/div><!-- \/.claim-bonus-code -->   \n                    <\/div>\n                <\/div>\n                                <div class=\"col-lg-4 col-md-6 col-sm-4 col-xs-12\">\n                    <div class=\"operator-closed-box\">\n                        <span class=\"operator-box-header\"><img decoding=\"async\" src=\"\/spanish\/assets\/logos\/sport\/light-back\/william-hill.png\" width=\"auto\" height=\"auto\" alt=\"WilliamHill\" \/><\/span>                        <div class=\"operator-closed-box-stars\">\n                          <span>500A$ <\/span>Max Bonus                        <\/div>\n\n                        <div class=\"claim-bonus-code button-bottom\">\n                             <span class=\"cursored button js-golink hvr-animation multi-line bonus-btn-main-sec\"  onclick=\"OpenGoLink(this);\" data-operator=\"315\" data-bonus=\"2809\"   data-clicks=\"24\"data-type=\"sport\" >visita el casino<i class=\"fa fa-chevron-right\" aria-hidden=\"true\"><\/i> <\/span>                         <\/div><!-- \/.claim-bonus-code -->   \n                    <\/div>\n                <\/div>\n                        <\/div>\n    <\/div>\n<\/div><\/span>\r\n<h2 class=\"text-justify\">C\u00f3mo descargar el Software de 1xbet en mi ordenador<\/h2>\r\n<p class=\"text-justify\">Adem\u00e1s de poner una versi\u00f3n web a disposici\u00f3n de los usuarios, 1xbet ofrece tambi\u00e9n un conjunto de software pensado para mejorar la experiencia de juego en el PC. Se trata de varios programas orientados por completo a sacar partido de la plataforma de apuestas y azar, ofreciendo a cambio algo totalmente centrado, r\u00e1pido y mucho m\u00e1s directo que el recurrir a un navegador.<\/p>\r\n<p class=\"text-justify\">Accediendo a la p\u00e1gina oficial de 1xBet, el usuario puede ver en la parte superior izquierda una barra con varios botones. En ella, se encuentra la opci\u00f3n 1xWin Aplicaci\u00f3n de Apuestas, que lleva a la secci\u00f3n de aplicaciones y programas para PC. Aqu\u00ed es donde se puede ver todo el software de 1xbet PC y descargar, a trav\u00e9s de los botones disponibles, cualquiera de las propuestas que hay.<\/p>\r\n<span style=\"font-weight: 400;\"><div class=\"moreHome hideContent\"><\/span>\r\n<p class=\"text-justify\">Puedes filtrar los resultados para que se centren solo en las aplicaciones para Windows, como tambi\u00e9n para que muestren todo lo que hay disponible en el resto de los sentidos. Vamos a centrarnos en el primero, ya que es el m\u00e1s habitual entre los usuarios de PC y el que ofrece las soluciones m\u00e1s pr\u00e1cticas.<\/p>\r\n<p class=\"text-justify\">Los programas de 1xbet en Windows se dividen en 1xWin y 1xBrowser. El primero es un software que permite hacer apuestas antes y durante los eventos deportivos de forma r\u00e1pida y segura, ahorrando tr\u00e1fico de red. Se trata de una aplicaci\u00f3n pensada por y para aprovechar todos los deportes, pero tambi\u00e9n para entrar en la<a href=\"https:\/\/bet-bonus.net\/es\/loteria\/\"> secci\u00f3n TOTO<\/a> y los juegos de TV si se desea.<\/p>\r\n<p class=\"text-justify\">Por otra parte, tambi\u00e9n est\u00e1 disponible el navegador exclusivo 1xBrowser, una versi\u00f3n alternativa a propuestas como Google Chrome o Internet Explorer que tiene como \u00fanica finalidad hacerlo todo m\u00e1s f\u00e1cil para quienes solo quieren entrar a 1xbet, jugar y ganar dinero con las apuestas y juegos que hay disponibles.<\/p>\r\n<span style=\"font-weight: 400;\"><\/div><\/span>\r\n\r\n<span style=\"font-weight: 400;\"> <div class=\"bonus-table\">\n    <div class=\"col-xs-12\">\n        <div class=\"row\">\n\n<!--            <div class=\"hidden-lg hidden-md hidden-sm col-xs-8 bonus-table-body top-responsive\">-->\n<!---->\n<!--            <\/div>-->\n            <div class=\"col-lg-12 col-md-12 col-sm-12 col-xs-12 bonus-table-body op-table no-padding\">\n                <div class=\"col-lg-3 col-md-4 col-sm-12 col-xs-12 bonus-table-head no-padding\">\n                    <p>Casa de Apuestas<\/p>\n                   <!--  <a class=\"hotfix\" href=\"\" rel=\"nofollow\" target=\"_blank\"><img decoding=\"async\" src=\"<?php\/\/ echo $logo_url; ?>\" class=\"img-responsive\"><\/a> -->\n                    <span class=\"\"><img decoding=\"async\" src=\"\/spanish\/assets\/logos\/sport\/light-back\/1xbet.png\" width=\"100px\" height=\"auto\" alt=\"1xBet\" \/><\/span>                <\/div>\n                <div class=\"col-lg-2 col-md-2 col-sm-6 col-xs-12 rightBordered borders no-padding\">\n                    <p>BONO<\/p>\n                    <p class=\"bonus-value max-bonus\">100\u20ac<\/p>\n                <\/div>\n                <div class=\"col-lg-2 col-md-2 col-sm-6 col-xs-6 rightBordered no-padding\">\n                    <p>Porcentaje<\/p>\n                    <p class=\"bonus-value\">100%<\/p>\n                <\/div>\n                <div class=\"col-lg-2 col-md-2 col-sm-6 col-xs-6 no-padding\">\n                    <p>Nota<\/p>\n                    <p class=\"rating-number\">9.8<\/p>\n                <\/div>\n                <div class=\"col-lg-3 col-md-4 col-sm-6 col-xs-12 op-table-button no-padding\">\n                    <p>A la casa de apuestas<\/p>\n                     <span class=\"cursored button js-golink button claim-bonus-code\"  onclick=\"OpenGoLink(this);\" data-operator=\"7\" data-bonus=\"3965\"   data-clicks=\"1\"data-type=\"sport\" ><button class=\"hvr-animation multi-line bonus-btn-main-sec\"><span>Consigue el bono<\/span><\/button> <\/span>                 <\/div>\n            <\/div>\n        <\/div>\n    <\/div>\n<\/div>\n        <script type=\"application\/ld+json\">\n    {\n        \"@context\": \"https:\/\/schema.org\/\",\n        \"@type\": \"Review\",\n        \"datePublished\": \"15-06-2018\",\n        \"dateModified\": \"08-11-2022\",\n        \"itemReviewed\":{\n                \"@type\": \"Organization\",\n                \"name\": \"1xBet\",\n                \"image\": \" https:\/\/bet-bonus.net\/es\/spanish\/assets\/logos\/light-back\/1xbet.png\"\n        },\n         \"author\":{\n                \"@type\": \"Person\",\n                 \"name\": \"bet-bonus.net ES\"\n         },\n           \"reviewRating\": {\n                \"ratingValue\": \"9.8\",\n                \"bestRating\": \"10\"\n         }\n    }\n\n\n\n        <\/script>\n        <\/span>\r\n<h2 class=\"text-justify\">1xBrowser en mi PC - Qu\u00e9 es y C\u00f3mo Obtenerlo<\/h2>\r\n<p class=\"text-justify\">Como ya hemos avanzado en el apartado anterior, 1xBrowser para PC es una versi\u00f3n de navegador web pensada para su uso exclusivo con el<a href=\"https:\/\/bet-bonus.net\/es\/\"> portal online de 1xBet<\/a>. Est\u00e1 totalmente orientada, preparada y optimizada para que la experiencia de uso sea la mejor, para facilitar todos los acceso, agilizar todos los tr\u00e1mites y ofrecer toda la seguridad posible de cara al usuario.<\/p>\r\n<p class=\"text-justify\">Para descargarlo tan solo hay que entrar en la web principal de la casa de apuestas rusa y entrar en la secci\u00f3n que indicamos en el apartado anterior, 1xWin Aplicaci\u00f3n de Apuestas. Una vez dentro, hay dos opciones principales que aparecen listadas, este programa y el navegador al que nos referimos. Haciendo clic en el bot\u00f3n de descarga de 1xBrowser se bajar\u00e1 el instalador, que tan solo tendr\u00e1 que abrirse para seguir los pasos que se indican y tenerlo instalado.<\/p>\r\n<span style=\"font-weight: 400;\"><div class=\"moreHome hideContent\"><\/span>\r\n<p class=\"text-justify\">A partir de ese momento, tan solo hay que abrir dicho navegador para disfrutar de todas sus ventajas. Es la soluci\u00f3n perfecta para disfrutar de 1xbet pc sin preocupaci\u00f3n alguna y sin miedo a cualquier error por incompatibilidades o falta de componentes. Si quieres tener la experiencia definitiva de este portal de apuestas online y juegos de azar, la propuesta de 1xbrowser es, sin duda alguna, la mejor opci\u00f3n que hay disponible.<\/p>\r\n<span style=\"font-weight: 400;\"><\/div><\/span>\r\n<h2 class=\"text-justify\">1xbet PC v Mobile<\/h2>\r\n<p class=\"text-justify\">Conocidas ya todas las bondades de la versi\u00f3n y programas para ordenadores de la propuesta de esta casa de apuestas, es el momento adecuado de plantarla frente a la propuesta para smartphones y hacer una comparativa 1xbet PC v Mobile. Ambas poseen claras diferencias que las hacen m\u00e1s o menos adecuadas para diferentes sectores del p\u00fablico, y conviene se\u00f1alarlas.<\/p>\r\n<p class=\"text-justify\">En primer lugar, la gran diferencia entre ambas versiones es la portabilidad. Con las apps de 1xbet para smartphones, el usuario puede jugar y apostar desde donde quiera, sin tener que limitarse a una conexi\u00f3n dom\u00e9stica o un ordenador para acceder. Esta es una clar\u00edsima ventaja para quienes paran poco en casa o apenas tienen tiempo y necesitan algo r\u00e1pido y disponible en todo momento.<\/p>\r\n<span style=\"font-weight: 400;\"><div class=\"moreHome hideContent\"><\/span>\r\n<p class=\"text-justify\">Por otra parte, la versi\u00f3n 1xbet pc es la m\u00e1s completa. A diferencia de lo que ocurre en smartphones, aqu\u00ed el usuario lo tiene todo a su total disposici\u00f3n. Puede jugar a lo que quiera, ver los partidos que quiera, apostar en lo que desee y tener todo el cat\u00e1logo de juegos disponible sin problemas por compatibilidad. En smartphones hay peque\u00f1as ausencias que logran que quede por detr\u00e1s en cuanto a contenido con respecto a la versi\u00f3n m\u00e1s grande.<\/p>\r\n<p class=\"text-justify\">Los men\u00fas, por supuesto, est\u00e1n dispuestos de forma completamente diferente en ambas plataformas. Mientras los jugadores que acceden a trav\u00e9s de la app m\u00f3vil se encuentran con algo estructurado para aprovechar las capacidades de la pantalla t\u00e1ctil, los que entren desde su PC posee una interfaz muy completa y llena de informaci\u00f3n. En este sentido, todo depende de lo que el usuario desee tener por pantalla. Si prefiere algo accesible, pero con menos detalles a simple vista, puede optar por la app; si desea lo contrario, es mejor recurrir al PC.<\/p>\r\n<p class=\"text-justify\">Por otra parte, en m\u00f3viles es posible disfrutar de una serie de bonos exclusivos. Los usuarios de 1xbet pc siempre tienen a su disposici\u00f3n la <a href=\"https:\/\/bet-bonus.net\/es\/promociones\/\">secci\u00f3n de Promociones<\/a> para encontrar promos, ofertas y bonus; pero los de smartphones tiene esa alternativa que brinda algunas exclusividades interesantes.<\/p>\r\n<span style=\"font-weight: 400;\"><\/div><\/span>\r\n\r\n<span style=\"font-weight: 400;\"> \r\n<div class=\"cta-direct-bonus\">\r\n    <div class=\"col-lg-8 col-md-8 col-sm-8 col-xs-12\">\r\n        <div class=\"row\">\r\n            <p class=\"cta-direct-slogan\">\r\n                \u00bfEst\u00e1s listo para Atrapar tu Bono de Bienvenida?            <\/p>\r\n        <\/div>\r\n    <\/div>\r\n    <div class=\"col-lg-4 col-md-4 col-sm-4 col-xs-12\">\r\n        <div class=\"row\">\r\n             <span class=\"cursored button js-golink cta-direct-button hvr-animation new-hover\"  onclick=\"OpenGoLink(this);\" data-operator=\"7\" data-bonus=\"3965\"   data-clicks=\"1\"data-type=\"sport\" ><span>Visita 1xBet Ahora!<\/span> <\/span> \r\n        <\/div>\r\n    <\/div>\r\n<\/div>\r\n\r\n<style type=\"text\/css\" media=\"screen\">\r\n    .cta-direct-button.new-hover {\r\n        padding: 3px 0 2px;\r\n    }\r\n<\/style><\/span>","protected":false},"excerpt":{"rendered":"A la hora de usar 1xBet en tu PC, es habitual tener en mente la plataforma web a la que se accede a trav\u00e9s del navegador. No obstante, la casa rusa de apuestas online y juegos de azar cuenta tambi\u00e9n con otra soluci\u00f3n v\u00e1lida para los usuarios de ordenadores que prefieren algo mucho m\u00e1s directo<a href=\"https:\/\/bet-bonus.net\/es\/app\/pc\/\"> &#8230;<\/a>","protected":false},"author":1,"featured_media":0,"parent":195,"menu_order":3,"comment_status":"closed","ping_status":"closed","template":"","meta":{"footnotes":""},"categories":[],"tags":[],"class_list":["post-205","page","type-page","status-publish","hentry"],"yoast_head":"<!-- This site is optimized with the Yoast SEO plugin v26.7 - https:\/\/yoast.com\/wordpress\/plugins\/seo\/ -->\n<title>1xbet PC \u00bb Descarga &amp; Juega desde tu Ordenador \u00bb Gana 100\u20ac<\/title>\n<meta name=\"robots\" content=\"index, follow, max-snippet:-1, max-image-preview:large, max-video-preview:-1\" \/>\n<link rel=\"canonical\" href=\"https:\/\/bet-bonus.net\/es\/app\/pc\/\" \/>\n<meta property=\"og:locale\" content=\"es_ES\" \/>\n<meta property=\"og:type\" content=\"article\" \/>\n<meta property=\"og:title\" content=\"1xbet PC \u00bb Descarga &amp; Juega desde tu Ordenador \u00bb Gana 100\u20ac\" \/>\n<meta property=\"og:url\" content=\"https:\/\/bet-bonus.net\/es\/app\/pc\/\" \/>\n<meta property=\"og:site_name\" content=\"bet-bonus.net ES\" \/>\n<meta property=\"article:modified_time\" content=\"2018-08-10T06:58:34+00:00\" \/>\n<meta name=\"twitter:card\" content=\"summary_large_image\" \/>\n<meta name=\"twitter:label1\" content=\"Tiempo de lectura\" \/>\n\t<meta name=\"twitter:data1\" content=\"7 minutos\" \/>\n<script type=\"application\/ld+json\" class=\"yoast-schema-graph\">{\"@context\":\"https:\/\/schema.org\",\"@graph\":[{\"@type\":\"WebPage\",\"@id\":\"https:\/\/bet-bonus.net\/es\/app\/pc\/\",\"url\":\"https:\/\/bet-bonus.net\/es\/app\/pc\/\",\"name\":\"1xbet PC \u00bb Descarga & Juega desde tu Ordenador \u00bb Gana [bonus operator=\\\"7\\\" type=\\\"1\\\" conditions=\\\"8\\\" user=\\\"2\\\" template=\\\"51\\\" option=\\\"amount\\\"]\",\"isPartOf\":{\"@id\":\"https:\/\/bet-bonus.net\/es\/#website\"},\"datePublished\":\"2018-06-15T12:47:23+00:00\",\"dateModified\":\"2018-08-10T06:58:34+00:00\",\"breadcrumb\":{\"@id\":\"https:\/\/bet-bonus.net\/es\/app\/pc\/#breadcrumb\"},\"inLanguage\":\"es\",\"potentialAction\":[{\"@type\":\"ReadAction\",\"target\":[\"https:\/\/bet-bonus.net\/es\/app\/pc\/\"]}]},{\"@type\":\"BreadcrumbList\",\"@id\":\"https:\/\/bet-bonus.net\/es\/app\/pc\/#breadcrumb\",\"itemListElement\":[{\"@type\":\"ListItem\",\"position\":1,\"name\":\"Home\",\"item\":\"https:\/\/bet-bonus.net\/es\/\"},{\"@type\":\"ListItem\",\"position\":2,\"name\":\"Aplicaci\u00f3n M\u00f3vil de 1xbet - C\u00f3mo Descargar y Jugar en tu Mobile o Tablet\",\"item\":\"https:\/\/bet-bonus.net\/es\/app\/\"},{\"@type\":\"ListItem\",\"position\":3,\"name\":\"1xBet en tu PC - Juega Online o Descarga el Software en tu Ordenador\"}]},{\"@type\":\"WebSite\",\"@id\":\"https:\/\/bet-bonus.net\/es\/#website\",\"url\":\"https:\/\/bet-bonus.net\/es\/\",\"name\":\"bet-bonus.net ES\",\"description\":\"\",\"potentialAction\":[{\"@type\":\"SearchAction\",\"target\":{\"@type\":\"EntryPoint\",\"urlTemplate\":\"https:\/\/bet-bonus.net\/es\/?s={search_term_string}\"},\"query-input\":{\"@type\":\"PropertyValueSpecification\",\"valueRequired\":true,\"valueName\":\"search_term_string\"}}],\"inLanguage\":\"es\"}]}<\/script>\n<!-- \/ Yoast SEO plugin. -->","yoast_head_json":{"title":"1xbet PC \u00bb Descarga & Juega desde tu Ordenador \u00bb Gana 100\u20ac","robots":{"index":"index","follow":"follow","max-snippet":"max-snippet:-1","max-image-preview":"max-image-preview:large","max-video-preview":"max-video-preview:-1"},"canonical":"https:\/\/bet-bonus.net\/es\/app\/pc\/","og_locale":"es_ES","og_type":"article","og_title":"1xbet PC \u00bb Descarga & Juega desde tu Ordenador \u00bb Gana 100\u20ac","og_url":"https:\/\/bet-bonus.net\/es\/app\/pc\/","og_site_name":"bet-bonus.net ES","article_modified_time":"2018-08-10T06:58:34+00:00","twitter_card":"summary_large_image","twitter_misc":{"Tiempo de lectura":"7 minutos"},"schema":{"@context":"https:\/\/schema.org","@graph":[{"@type":"WebPage","@id":"https:\/\/bet-bonus.net\/es\/app\/pc\/","url":"https:\/\/bet-bonus.net\/es\/app\/pc\/","name":"1xbet PC \u00bb Descarga & Juega desde tu Ordenador \u00bb Gana [bonus operator=\"7\" type=\"1\" conditions=\"8\" user=\"2\" template=\"51\" option=\"amount\"]","isPartOf":{"@id":"https:\/\/bet-bonus.net\/es\/#website"},"datePublished":"2018-06-15T12:47:23+00:00","dateModified":"2018-08-10T06:58:34+00:00","breadcrumb":{"@id":"https:\/\/bet-bonus.net\/es\/app\/pc\/#breadcrumb"},"inLanguage":"es","potentialAction":[{"@type":"ReadAction","target":["https:\/\/bet-bonus.net\/es\/app\/pc\/"]}]},{"@type":"BreadcrumbList","@id":"https:\/\/bet-bonus.net\/es\/app\/pc\/#breadcrumb","itemListElement":[{"@type":"ListItem","position":1,"name":"Home","item":"https:\/\/bet-bonus.net\/es\/"},{"@type":"ListItem","position":2,"name":"Aplicaci\u00f3n M\u00f3vil de 1xbet - C\u00f3mo Descargar y Jugar en tu Mobile o Tablet","item":"https:\/\/bet-bonus.net\/es\/app\/"},{"@type":"ListItem","position":3,"name":"1xBet en tu PC - Juega Online o Descarga el Software en tu Ordenador"}]},{"@type":"WebSite","@id":"https:\/\/bet-bonus.net\/es\/#website","url":"https:\/\/bet-bonus.net\/es\/","name":"bet-bonus.net ES","description":"","potentialAction":[{"@type":"SearchAction","target":{"@type":"EntryPoint","urlTemplate":"https:\/\/bet-bonus.net\/es\/?s={search_term_string}"},"query-input":{"@type":"PropertyValueSpecification","valueRequired":true,"valueName":"search_term_string"}}],"inLanguage":"es"}]}},"_links":{"self":[{"href":"https:\/\/bet-bonus.net\/es\/wp-json\/wp\/v2\/pages\/205","targetHints":{"allow":["GET"]}}],"collection":[{"href":"https:\/\/bet-bonus.net\/es\/wp-json\/wp\/v2\/pages"}],"about":[{"href":"https:\/\/bet-bonus.net\/es\/wp-json\/wp\/v2\/types\/page"}],"author":[{"embeddable":true,"href":"https:\/\/bet-bonus.net\/es\/wp-json\/wp\/v2\/users\/1"}],"replies":[{"embeddable":true,"href":"https:\/\/bet-bonus.net\/es\/wp-json\/wp\/v2\/comments?post=205"}],"version-history":[{"count":5,"href":"https:\/\/bet-bonus.net\/es\/wp-json\/wp\/v2\/pages\/205\/revisions"}],"predecessor-version":[{"id":345,"href":"https:\/\/bet-bonus.net\/es\/wp-json\/wp\/v2\/pages\/205\/revisions\/345"}],"up":[{"embeddable":true,"href":"https:\/\/bet-bonus.net\/es\/wp-json\/wp\/v2\/pages\/195"}],"wp:attachment":[{"href":"https:\/\/bet-bonus.net\/es\/wp-json\/wp\/v2\/media?parent=205"}],"wp:term":[{"taxonomy":"category","embeddable":true,"href":"https:\/\/bet-bonus.net\/es\/wp-json\/wp\/v2\/categories?post=205"},{"taxonomy":"post_tag","embeddable":true,"href":"https:\/\/bet-bonus.net\/es\/wp-json\/wp\/v2\/tags?post=205"}],"curies":[{"name":"wp","href":"https:\/\/api.w.org\/{rel}","templated":true}]}}