{"id":201,"date":"2018-06-15T12:30:14","date_gmt":"2018-06-15T12:30:14","guid":{"rendered":"http:\/\/bet-bonus.net\/es\/?page_id=201"},"modified":"2018-07-24T13:12:55","modified_gmt":"2018-07-24T13:12:55","slug":"android","status":"publish","type":"page","link":"https:\/\/bet-bonus.net\/es\/app\/android\/","title":{"rendered":"Descarga la app Android de 1xBet - C\u00f3mo Instalar la apk"},"content":{"rendered":"<p class=\"text-justify\">Los terminales Android son la rama m\u00e1s extendida de smartphones dentro de todo el territorio global. Por eso mismo, 1xBet cuenta con una app preparada y optimizada para este tipo de terminales, para que sus usuarios puedan disfrutar de la inmediatez de la aplicaci\u00f3n y jugar con todas sus comodidades.<\/p>\r\n<p class=\"text-justify\">Si t\u00fa tambi\u00e9n tienes un tel\u00e9fono con este sistema operativo, te interesa todo lo que vamos a contarte sobre 1xbet app android, una soluci\u00f3n ideal para jugar y apostar desde el tel\u00e9fono m\u00f3vil.<\/p>\r\n\r\n<h2 class=\"text-justify\">\u00bfPuedo jugar a 1xbet desde mi Android?<\/h2>\r\n<p class=\"text-justify\">Como hemos mencionado previamente, adem\u00e1s de poder acceder, registrarse e incluso iniciar sesi\u00f3n a trav\u00e9s de la versi\u00f3n web est\u00e1ndar, accesible desde cualquier dispositivo con conexi\u00f3n a internet y un navegador; 1xBet tiene tambi\u00e9n una app apuestas deportivas android perfecta para los usuarios que llevan esta marca en sus smartphones.<\/p>\r\n<p class=\"text-justify\">Dentro del apartado de aplicaciones que se puede observar en la propia p\u00e1gina principal de esta casa de apuestas y juegos de azar rusa se encuentra no solo esta versi\u00f3n de la aplicaci\u00f3n, sino tambi\u00e9n otras tantas pensadas para dispositivos de otras compa\u00f1\u00edas.<\/p>\r\n<span style=\"font-weight: 400;\"><div class=\"moreHome hideContent\"><\/span>\r\n\r\n<span style=\"font-weight: 400;\"> \n<style>\n #operator-closed {\n        margin-top: 3em;\n        margin-bottom: 1rem;\n        color: #414141; \n    }\n    .operator-closed-body {\n        min-height: 420px;\n        background-color: #F9F9F9;\n    }\n    #operator-closed .operator-closed-message {\n        display: flex;\n        align-items: center;\n        justify-content: center;\n        font-size: 20px;\n        text-align: center;\n        color: #fff;\n        padding: 1.75em 0.5rem;\n        background: #002E5D;\n        text-shadow: 0 1px 1px rgba(0, 0, 0, 0.3);\n        box-shadow: 0 -4px 0 0 #1a1a1a;\n    }\n    #operator-closed .operator-closed-message b {\n        display: block;\n        font-size: 24px;\n    }\n    .operator-closed-box-container {\n        padding: 40px 30px;\n    }\n    #operator-closed .operator-closed-box {\n        display: flex;\n        flex-direction: column;\n        justify-content: center;\n        align-items: center;\n        background-color: #FFFFFF;\n        box-shadow: 0px 0px 5px #00000024;\n    }\n   \/* #operator-closed .operator-closed-box a:first-of-type {\n        display: flex;\n        justify-content: center;\n        width: 100%;\n        background: #ffffff;\n        border-top: 3px solid #f46613;\n    }*\/\n    #operator-closed img {\n        width: 100px;\n        display: block;\n    }\n    #operator-closed .operator-box-header { \n        display: flex; \n        width: 100%;\n        justify-content: center;\n        background-color: #ECECEC; \n        padding: 13px;\n    }\n    #operator-closed .operator-closed-box-stars {\n        display: flex;\n        flex-wrap: wrap;\n        justify-content: center;\n        padding: 1em 0;\n    }\n    #operator-closed .operator-closed-box-stars span{\n        color: #002E5D;\n        font-size: 36px;\n        line-height: 1.1;\n        text-align: center;\n        width: 100%;\n        font-weight: 900;\n    }\n    #operator-closed .button {\n        text-transform: uppercase;\n        margin-top: 0;\n        margin-bottom: 28px;\n        font-weight: 600;\n        padding: 10px 13px; \n        font-size: 13px; \n        width: 100%;\n    }\n    #operator-closed .button i {\n        font-size: 12px;\n        padding-top: 0;\n    }\n    .claim-bonus-code:hover>.bonus-btn-main-sec {\n        color: #c8102e;\n    }\n    @media ( max-width: 767px ) {\n\n        #operator-closed .operator-closed-message {\n            font-size: 14px;\n        }  \n        #operator-closed .operator-closed-message b {\n            font-size: 17px;\n        }\n        #operator-closed .operator-closed-box {\n            flex-direction: row;\n            flex-wrap: wrap;\n            justify-content: space-around;\n            max-width: 300px;\n            margin-left: auto;\n            margin-right: auto;\n        }\n        #operator-closed .col-lg-4.col-md-6.col-sm-4.col-xs-12:nth-child(3) .operator-closed-box {\n            margin-bottom: 0; \n        }\n        .operator-closed-box-container {\n            padding: 30px 15px;\n        }\n        #operator-closed .operator-closed-box {\n            margin-bottom: 2.5rem; \n        }\n    }\n<\/style>\n<div id=\"operator-closed-wrapper\">\n    <div id=\"operator-closed\" class=\"operator-closed-body\">\n        <div class=\"operator-closed-message \">\n\n            <div><b>Mejor echa un vistazo a estos mejores casinos<\/b>\n                             <\/div>\n        <\/div>\n        \n        <div class=\"row operator-closed-box-container\">\n                            <div class=\"col-lg-4 col-md-6 col-sm-4 col-xs-12\">\n                    <div class=\"operator-closed-box\">\n                        <span class=\"operator-box-header\"><img decoding=\"async\" src=\"\/spanish\/assets\/logos\/sport\/light-back\/bwin.png\" width=\"auto\" height=\"auto\" alt=\"Bwin\" \/><\/span>                        <div class=\"operator-closed-box-stars\">\n                          <span>100\u20ac <\/span>Max Bonus                        <\/div>\n\n                        <div class=\"claim-bonus-code button-bottom\">\n                             <span class=\"cursored button js-golink hvr-animation multi-line bonus-btn-main-sec\"  onclick=\"OpenGoLink(this);\" data-operator=\"79\" data-bonus=\"16070\"   data-clicks=\"34\"data-type=\"sport\" >visita el casino<i class=\"fa fa-chevron-right\" aria-hidden=\"true\"><\/i> <\/span>                         <\/div><!-- \/.claim-bonus-code -->   \n                    <\/div>\n                <\/div>\n                                <div class=\"col-lg-4 col-md-6 col-sm-4 col-xs-12\">\n                    <div class=\"operator-closed-box\">\n                        <span class=\"operator-box-header\"><img decoding=\"async\" src=\"\/spanish\/assets\/logos\/sport\/light-back\/888sport.png\" width=\"auto\" height=\"auto\" alt=\"888\" \/><\/span>                        <div class=\"operator-closed-box-stars\">\n                          <span>110\u20ac <\/span>Max Bonus                        <\/div>\n\n                        <div class=\"claim-bonus-code button-bottom\">\n                             <span class=\"cursored button js-golink hvr-animation multi-line bonus-btn-main-sec\"  onclick=\"OpenGoLink(this);\" data-operator=\"20\" data-bonus=\"6743\"   data-clicks=\"22\"data-type=\"sport\" >visita el casino<i class=\"fa fa-chevron-right\" aria-hidden=\"true\"><\/i> <\/span>                         <\/div><!-- \/.claim-bonus-code -->   \n                    <\/div>\n                <\/div>\n                                <div class=\"col-lg-4 col-md-6 col-sm-4 col-xs-12\">\n                    <div class=\"operator-closed-box\">\n                        <span class=\"operator-box-header\"><img decoding=\"async\" src=\"\/spanish\/assets\/logos\/sport\/light-back\/william-hill.png\" width=\"auto\" height=\"auto\" alt=\"WilliamHill\" \/><\/span>                        <div class=\"operator-closed-box-stars\">\n                          <span>500A$ <\/span>Max Bonus                        <\/div>\n\n                        <div class=\"claim-bonus-code button-bottom\">\n                             <span class=\"cursored button js-golink hvr-animation multi-line bonus-btn-main-sec\"  onclick=\"OpenGoLink(this);\" data-operator=\"315\" data-bonus=\"2809\"   data-clicks=\"24\"data-type=\"sport\" >visita el casino<i class=\"fa fa-chevron-right\" aria-hidden=\"true\"><\/i> <\/span>                         <\/div><!-- \/.claim-bonus-code -->   \n                    <\/div>\n                <\/div>\n                        <\/div>\n    <\/div>\n<\/div><\/span>\r\n<p class=\"text-justify\">En todo caso, si eres de los que entran a Google buscando cosas como 1xbet Samsung, 1xbet LG o incluso 1xbet Huawei, este apartado del portal es el que m\u00e1s te interesa, ya que tiene justo esa app que requieres para poder disfrutar del entorno m\u00f3vil y jugar o apostar cuando y donde desees. Y es que la portabilidad es todo un punto a favor de recurrir a la app en lugar de al portal tradicional. Te permite jugar sin complicaciones desde donde te apetezca.<\/p>\r\n<p class=\"text-justify\">Aunque el proceso de descarga e instalaci\u00f3n requiere un par de pasos adicionales con respecto a lo que hace falta hacer, por ejemplo, en caso de ser poseedor de un <a href=\"https:\/\/bet-bonus.net\/es\/app\/apple\/\">iPhone o de un iPad<\/a>, 1xbet for android es un programa totalmente preparado y capacitado para sacar partido de estos terminales m\u00f3viles que cuentan con unas entra\u00f1as firmadas por el gigante de internet, Google.<\/p>\r\n<p class=\"text-justify\">En caso de que te preguntaras si puedes jugar a 1xbet desde tu Android, ya sabes que es totalmente posible y que, de hecho, pone a tu disposici\u00f3n la gran mayor\u00eda de juegos y apuestas que hay disponibles en la p\u00e1gina web rusa. Hay algunas ausencias menores que no logran aportar el abanico completo, pero la rapidez y la comodidad de disfrutar de esta propuesta sin complicaci\u00f3n alguna son dos puntos a favor que capean por completo esas faltas.<\/p>\r\n<span style=\"font-weight: 400;\"><\/div><\/span>\r\n<h2 class=\"text-justify\">Gu\u00eda para instalar la apk 1xbet en mi Android<\/h2>\r\n<p class=\"text-justify\">Para instalar la apk 1xbet en tu Android, primero debes descargarla en tu tel\u00e9fono de forma manual. Este procedimiento, que explicaremos a continuaci\u00f3n en profundidad, tan solo requiere entrar en la web principal de la casa de apuestas y realizar un par de sencillos pasos. Pero, el proceso de instalaci\u00f3n s\u00ed requiere algo m\u00e1s:<\/p>\r\n<p class=\"text-justify\">En primer lugar, transfiere el fichero apk de instalaci\u00f3n a tu tel\u00e9fono. Utiliza el cable USB que tengas y con\u00e9ctalo tanto al terminal como al <a href=\"https:\/\/bet-bonus.net\/es\/app\/pc\/\">PC<\/a> para poder enviar y recibir ficheros. Cuando lo hagas, tan solo coge el archivo de 1xbet para android y c\u00f3pialo a la memoria del tel\u00e9fono.<\/p>\r\n<p class=\"text-justify\">Ahora, con el terminal en tus manos, dir\u00edgete a los Ajustes y busca entre los apartados de Seguridad la opci\u00f3n para poder ejecutar e instalar apps de origen desconocido o de terceros. Por lo general, Google no permite que se haga esto, por lo que el usuario debe entrar antes en la configuraci\u00f3n y activar este par\u00e1metro para poder seguir.<\/p>\r\n<span style=\"font-weight: 400;\"><div class=\"moreHome hideContent\"><\/span>\r\n<p class=\"text-justify\">Ahora, tan solo busca en la memoria interna de tu m\u00f3vil con cualquier programa de exploraci\u00f3n de ficheros hasta dar con el archivo en cuesti\u00f3n. Pulsa en \u00e9l y te preguntar\u00e1 si deseas proceder con la instalaci\u00f3n. Tan solo acepta y ver\u00e1s que comienza un procedimiento autom\u00e1tico tras el que se te facilitar\u00e1 el acceso a la app 1xBet de Android.<\/p>\r\n<p class=\"text-justify\">Completado este procedimiento, ya tendr\u00e1s la aplicaci\u00f3n 1xbet instalada en tu terminal y lista para poder jugar y apostar cuando desees y desde donde desees. No obstante, antes de esto, necesitar conocer el proceso de descarga y d\u00f3nde hay que acceder para poder dar comienzo a la instalaci\u00f3n.<\/p>\r\n<p class=\"text-justify\">De eso vamos a hablar a continuaci\u00f3n. En el siguiente apartado vamos a explicar no solo lo que tienes que hacer para bajar los ficheros en tu tel\u00e9fono, sino tambi\u00e9n c\u00f3mo jugar r\u00e1pidamente con todo el cat\u00e1logo de 1xbet para m\u00f3viles.<\/p>\r\n<span style=\"font-weight: 400;\"><\/div><\/span>\r\n<h2 class=\"text-justify\">1xbet Android - C\u00f3mo descargar y jugar<\/h2>\r\n<p class=\"text-justify\">Dado que Google Play no permite tener acceso a aplicaciones relacionadas con apuestas y juegos de azar, como bet365 android apk, los usuarios de Android que quieren tener la app de 1xBet instalada, antes han de pasar por la p\u00e1gina web del operador de apuestas ruso y hacer algo tremendamente sencillo.<\/p>\r\n<p class=\"text-justify\">Cuando est\u00e9s dentro de la p\u00e1gina principal, tan solo dir\u00edgete al apartado de<a href=\"https:\/\/bet-bonus.net\/es\/app\/\"> Aplicaci\u00f3n para Smartphone<\/a> y haz clic en \u00e9l. Se te llevar\u00e1 autom\u00e1ticamente a una ventana con varios botones y opciones en el que tienes que elegir la primera, Android, para que aparezca un bot\u00f3n que facilite la descarga. A partir de aqu\u00ed, el resto de pasos a seguir han quedado ya explicados en el apartado previo.<\/p>\r\n<span style=\"font-weight: 400;\"><div class=\"moreHome hideContent\"><\/span>\r\n<p class=\"text-justify\">En cuanto al m\u00e9todo con el que jugar usando 1xbet app android. Una vez se tiene instalada, tan solo hay que pulsar en su icono e introducir los datos necesarios para iniciar sesi\u00f3n. El resto ya se limita a echar un vistazo a todas las opciones que se muestran por pantalla, realizar apuestas en diferido o en directo, jugar con el cat\u00e1logo de 1xGames y disfrutar de todas las facilidades y comodidades que brinda a los usuarios que deciden sacar provecho de sus posibilidades.<\/p>\r\n<span style=\"font-weight: 400;\"><\/div><\/span>\r\n\r\n<span style=\"font-weight: 400;\">\r\n<div class=\"cta-direct-bonus\">\r\n    <div class=\"col-lg-8 col-md-8 col-sm-8 col-xs-12\">\r\n        <div class=\"row\">\r\n            <p class=\"cta-direct-slogan\">\r\n                \u00bfEst\u00e1s listo para Atrapar tu Bono de Bienvenida?            <\/p>\r\n        <\/div>\r\n    <\/div>\r\n    <div class=\"col-lg-4 col-md-4 col-sm-4 col-xs-12\">\r\n        <div class=\"row\">\r\n             <span class=\"cursored button js-golink cta-direct-button hvr-animation new-hover\"  onclick=\"OpenGoLink(this);\" data-operator=\"7\" data-bonus=\"3965\"   data-clicks=\"1\"data-type=\"sport\" ><span>Visita 1xBet Ahora!<\/span> <\/span> \r\n        <\/div>\r\n    <\/div>\r\n<\/div>\r\n\r\n<style type=\"text\/css\" media=\"screen\">\r\n    .cta-direct-button.new-hover {\r\n        padding: 3px 0 2px;\r\n    }\r\n<\/style><\/span>\r\n<h2 class=\"text-justify\">1xbet en mi Tablet Android - \u00bfSe ve bien?<\/h2>\r\n<p class=\"text-justify\">Jugar a 1xbet en la Tablet Android es una experiencia similar a hacerlo desde un smartphone. El proceso de descarga e instalaci\u00f3n es exactamente el mismo que el que hemos explicado en los apartados anteriores en relaci\u00f3n con los tel\u00e9fonos m\u00f3viles; pero lo que cambia es el dispositivo con el que se accede para jugar tras completarlo todo, ya que una tablet es mucho m\u00e1s grande que un smartphone.<\/p>\r\n<p class=\"text-justify\">Esto, lejos de ser un problema para el usuario, es toda una ventaja. 1xbet for android se adapta perfectamente al tama\u00f1o y resoluci\u00f3n de estos aparatos que suelen poseer un mayor n\u00famero de pulgadas, lo que permite tener mucho m\u00e1s espacio para tener acceso directo a una mayor cantidad de informaci\u00f3n y manejarse con mayor facilidad por unos men\u00fas que, aunque ya son f\u00e1ciles de por s\u00ed gracias a su estructura, ganan a\u00fan m\u00e1s en facilidad.<\/p>\r\n<span style=\"font-weight: 400;\"><div class=\"moreHome hideContent\"><\/span>\r\n<p class=\"text-justify\">De hecho, este aumento de tama\u00f1o no hace m\u00e1s que mejorar la experiencia de usuario. En caso de querer ver los partidos en directo, de jugar a los diferentes juegos que hay disponibles en este cat\u00e1logo virtual para ganar dinero y pasarlo bien con las propuestas de ocio que brinda, todo luce con una nitidez remarcable y con una resoluci\u00f3n perfecta para distinguir cualquier detalle sin problemas.<\/p>\r\n<span style=\"font-weight: 400;\"><\/div><\/span>\r\n<h2 class=\"text-justify\">Juegos disponibles en 1xbet Android<\/h2>\r\n<p class=\"text-justify\">La propuesta, o m\u00e1s bien, el cat\u00e1logo de juegos disponibles en 1xbet Android es bastante amplia y, sobre todo, cuenta con la ventaja de estar adaptada para poder jugarse sin problemas desde el terminal sin complicaciones. Es cierto que en la aplicaci\u00f3n hay algunas ausencias con respecto a todo el abanico l\u00fadico que ha construido el portal ruso de apuestas y azar; pero en rasgos generales se abarca la inmensa mayor\u00eda que existen.<\/p>\r\n<span style=\"font-weight: 400;\"><div class=\"moreHome hideContent\"><\/span>\r\n<p class=\"text-justify\">El usuario tiene la oportunidad de probar suerte con toda la secci\u00f3n 1xGames, disponible a tan solo una pulsaci\u00f3n de distancia, como tambi\u00e9n probar con los juegos TV o incluso todas las propuestas en directo que brinda esta plataforma. Desde la ruleta hasta el casino, las cartas, la<a href=\"https:\/\/bet-bonus.net\/es\/fantasy-games\/\"> liga Fantasy<\/a>, las m\u00e1quinas tragamonedas o incluso el Blackjack est\u00e1n disponibles para jugar cuando quieras y desde donde quieras gracias a tu smartphone.<\/p>\r\n<p class=\"text-justify\">Una buena mezcla de diversi\u00f3n y, sobre todo, recompensas con esa constante posibilidad de ganar dinero con cada partida que juegues a trav\u00e9s de tu terminal. 1xbet app android re\u00fane pr\u00e1cticamente la totalidad de bondades del portal web ruso de apuestas y juegos de azar para ofrecer una soluci\u00f3n pr\u00e1ctica y accesible al usuario actual, ese que tanto recurre a su smartphone para hacer cualquier cosa.<\/p>\r\n<span style=\"font-weight: 400;\"><\/div><\/span>\r\n\r\n<span style=\"font-weight: 400;\">\r\n<div class=\"cta-direct-bonus\">\r\n    <div class=\"col-lg-8 col-md-8 col-sm-8 col-xs-12\">\r\n        <div class=\"row\">\r\n            <p class=\"cta-direct-slogan\">\r\n                \u00bfEst\u00e1s listo para Atrapar tu Bono de Bienvenida?            <\/p>\r\n        <\/div>\r\n    <\/div>\r\n    <div class=\"col-lg-4 col-md-4 col-sm-4 col-xs-12\">\r\n        <div class=\"row\">\r\n             <span class=\"cursored button js-golink cta-direct-button hvr-animation new-hover\"  onclick=\"OpenGoLink(this);\" data-operator=\"7\" data-bonus=\"3965\"   data-clicks=\"1\"data-type=\"sport\" ><span>Visita 1xBet Ahora!<\/span> <\/span> \r\n        <\/div>\r\n    <\/div>\r\n<\/div>\r\n\r\n<style type=\"text\/css\" media=\"screen\">\r\n    .cta-direct-button.new-hover {\r\n        padding: 3px 0 2px;\r\n    }\r\n<\/style><\/span>","protected":false},"excerpt":{"rendered":"Los terminales Android son la rama m\u00e1s extendida de smartphones dentro de todo el territorio global. Por eso mismo, 1xBet cuenta con una app preparada y optimizada para este tipo de terminales, para que sus usuarios puedan disfrutar de la inmediatez de la aplicaci\u00f3n y jugar con todas sus comodidades. Si t\u00fa tambi\u00e9n tienes un<a href=\"https:\/\/bet-bonus.net\/es\/app\/android\/\"> &#8230;<\/a>","protected":false},"author":1,"featured_media":0,"parent":195,"menu_order":1,"comment_status":"closed","ping_status":"closed","template":"","meta":{"footnotes":""},"categories":[],"tags":[],"class_list":["post-201","page","type-page","status-publish","hentry"],"yoast_head":"<!-- This site is optimized with the Yoast SEO plugin v26.7 - https:\/\/yoast.com\/wordpress\/plugins\/seo\/ -->\n<title>1xbet Android \u00bb Descarga la apk &amp; Gana un Bono de 100\u20ac<\/title>\n<meta name=\"robots\" content=\"index, follow, max-snippet:-1, max-image-preview:large, max-video-preview:-1\" \/>\n<link rel=\"canonical\" href=\"https:\/\/bet-bonus.net\/es\/app\/android\/\" \/>\n<meta property=\"og:locale\" content=\"es_ES\" \/>\n<meta property=\"og:type\" content=\"article\" \/>\n<meta property=\"og:title\" content=\"1xbet Android \u00bb Descarga la apk &amp; Gana un Bono de 100\u20ac\" \/>\n<meta property=\"og:url\" content=\"https:\/\/bet-bonus.net\/es\/app\/android\/\" \/>\n<meta property=\"og:site_name\" content=\"bet-bonus.net ES\" \/>\n<meta property=\"article:modified_time\" content=\"2018-07-24T13:12:55+00:00\" \/>\n<meta name=\"twitter:card\" content=\"summary_large_image\" \/>\n<meta name=\"twitter:label1\" content=\"Tiempo de lectura\" \/>\n\t<meta name=\"twitter:data1\" content=\"8 minutos\" \/>\n<script type=\"application\/ld+json\" class=\"yoast-schema-graph\">{\"@context\":\"https:\/\/schema.org\",\"@graph\":[{\"@type\":\"WebPage\",\"@id\":\"https:\/\/bet-bonus.net\/es\/app\/android\/\",\"url\":\"https:\/\/bet-bonus.net\/es\/app\/android\/\",\"name\":\"1xbet Android \u00bb Descarga la apk & Gana un Bono de [bonus operator=\\\"7\\\" type=\\\"1\\\" conditions=\\\"8\\\" user=\\\"2\\\" template=\\\"51\\\" option=\\\"amount\\\"]\",\"isPartOf\":{\"@id\":\"https:\/\/bet-bonus.net\/es\/#website\"},\"datePublished\":\"2018-06-15T12:30:14+00:00\",\"dateModified\":\"2018-07-24T13:12:55+00:00\",\"breadcrumb\":{\"@id\":\"https:\/\/bet-bonus.net\/es\/app\/android\/#breadcrumb\"},\"inLanguage\":\"es\",\"potentialAction\":[{\"@type\":\"ReadAction\",\"target\":[\"https:\/\/bet-bonus.net\/es\/app\/android\/\"]}]},{\"@type\":\"BreadcrumbList\",\"@id\":\"https:\/\/bet-bonus.net\/es\/app\/android\/#breadcrumb\",\"itemListElement\":[{\"@type\":\"ListItem\",\"position\":1,\"name\":\"Home\",\"item\":\"https:\/\/bet-bonus.net\/es\/\"},{\"@type\":\"ListItem\",\"position\":2,\"name\":\"Aplicaci\u00f3n M\u00f3vil de 1xbet - C\u00f3mo Descargar y Jugar en tu Mobile o Tablet\",\"item\":\"https:\/\/bet-bonus.net\/es\/app\/\"},{\"@type\":\"ListItem\",\"position\":3,\"name\":\"Descarga la app Android de 1xBet - C\u00f3mo Instalar la apk\"}]},{\"@type\":\"WebSite\",\"@id\":\"https:\/\/bet-bonus.net\/es\/#website\",\"url\":\"https:\/\/bet-bonus.net\/es\/\",\"name\":\"bet-bonus.net ES\",\"description\":\"\",\"potentialAction\":[{\"@type\":\"SearchAction\",\"target\":{\"@type\":\"EntryPoint\",\"urlTemplate\":\"https:\/\/bet-bonus.net\/es\/?s={search_term_string}\"},\"query-input\":{\"@type\":\"PropertyValueSpecification\",\"valueRequired\":true,\"valueName\":\"search_term_string\"}}],\"inLanguage\":\"es\"}]}<\/script>\n<!-- \/ Yoast SEO plugin. -->","yoast_head_json":{"title":"1xbet Android \u00bb Descarga la apk & Gana un Bono de 100\u20ac","robots":{"index":"index","follow":"follow","max-snippet":"max-snippet:-1","max-image-preview":"max-image-preview:large","max-video-preview":"max-video-preview:-1"},"canonical":"https:\/\/bet-bonus.net\/es\/app\/android\/","og_locale":"es_ES","og_type":"article","og_title":"1xbet Android \u00bb Descarga la apk & Gana un Bono de 100\u20ac","og_url":"https:\/\/bet-bonus.net\/es\/app\/android\/","og_site_name":"bet-bonus.net ES","article_modified_time":"2018-07-24T13:12:55+00:00","twitter_card":"summary_large_image","twitter_misc":{"Tiempo de lectura":"8 minutos"},"schema":{"@context":"https:\/\/schema.org","@graph":[{"@type":"WebPage","@id":"https:\/\/bet-bonus.net\/es\/app\/android\/","url":"https:\/\/bet-bonus.net\/es\/app\/android\/","name":"1xbet Android \u00bb Descarga la apk & Gana un Bono de [bonus operator=\"7\" type=\"1\" conditions=\"8\" user=\"2\" template=\"51\" option=\"amount\"]","isPartOf":{"@id":"https:\/\/bet-bonus.net\/es\/#website"},"datePublished":"2018-06-15T12:30:14+00:00","dateModified":"2018-07-24T13:12:55+00:00","breadcrumb":{"@id":"https:\/\/bet-bonus.net\/es\/app\/android\/#breadcrumb"},"inLanguage":"es","potentialAction":[{"@type":"ReadAction","target":["https:\/\/bet-bonus.net\/es\/app\/android\/"]}]},{"@type":"BreadcrumbList","@id":"https:\/\/bet-bonus.net\/es\/app\/android\/#breadcrumb","itemListElement":[{"@type":"ListItem","position":1,"name":"Home","item":"https:\/\/bet-bonus.net\/es\/"},{"@type":"ListItem","position":2,"name":"Aplicaci\u00f3n M\u00f3vil de 1xbet - C\u00f3mo Descargar y Jugar en tu Mobile o Tablet","item":"https:\/\/bet-bonus.net\/es\/app\/"},{"@type":"ListItem","position":3,"name":"Descarga la app Android de 1xBet - C\u00f3mo Instalar la apk"}]},{"@type":"WebSite","@id":"https:\/\/bet-bonus.net\/es\/#website","url":"https:\/\/bet-bonus.net\/es\/","name":"bet-bonus.net ES","description":"","potentialAction":[{"@type":"SearchAction","target":{"@type":"EntryPoint","urlTemplate":"https:\/\/bet-bonus.net\/es\/?s={search_term_string}"},"query-input":{"@type":"PropertyValueSpecification","valueRequired":true,"valueName":"search_term_string"}}],"inLanguage":"es"}]}},"_links":{"self":[{"href":"https:\/\/bet-bonus.net\/es\/wp-json\/wp\/v2\/pages\/201","targetHints":{"allow":["GET"]}}],"collection":[{"href":"https:\/\/bet-bonus.net\/es\/wp-json\/wp\/v2\/pages"}],"about":[{"href":"https:\/\/bet-bonus.net\/es\/wp-json\/wp\/v2\/types\/page"}],"author":[{"embeddable":true,"href":"https:\/\/bet-bonus.net\/es\/wp-json\/wp\/v2\/users\/1"}],"replies":[{"embeddable":true,"href":"https:\/\/bet-bonus.net\/es\/wp-json\/wp\/v2\/comments?post=201"}],"version-history":[{"count":3,"href":"https:\/\/bet-bonus.net\/es\/wp-json\/wp\/v2\/pages\/201\/revisions"}],"predecessor-version":[{"id":339,"href":"https:\/\/bet-bonus.net\/es\/wp-json\/wp\/v2\/pages\/201\/revisions\/339"}],"up":[{"embeddable":true,"href":"https:\/\/bet-bonus.net\/es\/wp-json\/wp\/v2\/pages\/195"}],"wp:attachment":[{"href":"https:\/\/bet-bonus.net\/es\/wp-json\/wp\/v2\/media?parent=201"}],"wp:term":[{"taxonomy":"category","embeddable":true,"href":"https:\/\/bet-bonus.net\/es\/wp-json\/wp\/v2\/categories?post=201"},{"taxonomy":"post_tag","embeddable":true,"href":"https:\/\/bet-bonus.net\/es\/wp-json\/wp\/v2\/tags?post=201"}],"curies":[{"name":"wp","href":"https:\/\/api.w.org\/{rel}","templated":true}]}}