{"id":17,"date":"2018-06-12T08:48:58","date_gmt":"2018-06-12T08:48:58","guid":{"rendered":"http:\/\/bet-bonus.net\/es\/?page_id=17"},"modified":"2018-06-19T10:20:40","modified_gmt":"2018-06-19T10:20:40","slug":"fiable-seguro","status":"publish","type":"page","link":"https:\/\/bet-bonus.net\/es\/fiable-seguro\/","title":{"rendered":"1xBet Fiable &#038; Seguro - Por qu\u00e9 el Operador No es una Estafa"},"content":{"rendered":"<p class=\"text-justify\">Busques lo que busques por las redes, la respuesta es siempre la misma: 1xbet fiable y seguro. Este operador de apuestas online, que ofrece tambi\u00e9n juegos de azar y cartas a los usuarios, re\u00fane todos los requisitos indispensables para demostrar su fiabilidad y convertirse en un lugar de confianza para que la \u00fanica preocupaci\u00f3n del usuario sea la de divertirse y ganar dinero.<\/p>\r\n\r\n<h2 class=\"text-justify\">Por qu\u00e9 1xBet es Fiable y Seguro para los espa\u00f1oles<\/h2>\r\n<p class=\"text-justify\">Por el momento, este portal opera en numerosos pa\u00edses de diferentes partes del mundo. Los usuarios de <a href=\"https:\/\/bet-bonus.net\/es\/latinoamerica\/\">pa\u00edses sudamericanos<\/a> pueden acceder a \u00e9l y disfrutar de todos sus servicios sin impedimento alguno, ya que tambi\u00e9n cuenta con una vertiente en espa\u00f1ol que facilita el entendimiento. Pero, \u00bfpor qu\u00e9 1xBet es Fiable y Seguro para los espa\u00f1oles?<\/p>\r\n<p class=\"text-justify\">Lo cierto es que este operador todav\u00eda no cuenta con las<a href=\"https:\/\/bet-bonus.net\/es\/licencia-en-espana\/\"> licencias de juego de Espa\u00f1a,<\/a> por lo que no puede abrir sus puertas en el territorio peninsular e isle\u00f1o por el momento. El equipo est\u00e1 trabajando para conseguir los permisos correspondientes y abrir sus puertas para seguir demostrando que 1xbet es seguro.<\/p>\r\n<span style=\"font-weight: 400;\">\n<style>\n #operator-closed {\n        margin-top: 3em;\n        margin-bottom: 1rem;\n        color: #414141; \n    }\n    .operator-closed-body {\n        min-height: 420px;\n        background-color: #F9F9F9;\n    }\n    #operator-closed .operator-closed-message {\n        display: flex;\n        align-items: center;\n        justify-content: center;\n        font-size: 20px;\n        text-align: center;\n        color: #fff;\n        padding: 1.75em 0.5rem;\n        background: #002E5D;\n        text-shadow: 0 1px 1px rgba(0, 0, 0, 0.3);\n        box-shadow: 0 -4px 0 0 #1a1a1a;\n    }\n    #operator-closed .operator-closed-message b {\n        display: block;\n        font-size: 24px;\n    }\n    .operator-closed-box-container {\n        padding: 40px 30px;\n    }\n    #operator-closed .operator-closed-box {\n        display: flex;\n        flex-direction: column;\n        justify-content: center;\n        align-items: center;\n        background-color: #FFFFFF;\n        box-shadow: 0px 0px 5px #00000024;\n    }\n   \/* #operator-closed .operator-closed-box a:first-of-type {\n        display: flex;\n        justify-content: center;\n        width: 100%;\n        background: #ffffff;\n        border-top: 3px solid #f46613;\n    }*\/\n    #operator-closed img {\n        width: 100px;\n        display: block;\n    }\n    #operator-closed .operator-box-header { \n        display: flex; \n        width: 100%;\n        justify-content: center;\n        background-color: #ECECEC; \n        padding: 13px;\n    }\n    #operator-closed .operator-closed-box-stars {\n        display: flex;\n        flex-wrap: wrap;\n        justify-content: center;\n        padding: 1em 0;\n    }\n    #operator-closed .operator-closed-box-stars span{\n        color: #002E5D;\n        font-size: 36px;\n        line-height: 1.1;\n        text-align: center;\n        width: 100%;\n        font-weight: 900;\n    }\n    #operator-closed .button {\n        text-transform: uppercase;\n        margin-top: 0;\n        margin-bottom: 28px;\n        font-weight: 600;\n        padding: 10px 13px; \n        font-size: 13px; \n        width: 100%;\n    }\n    #operator-closed .button i {\n        font-size: 12px;\n        padding-top: 0;\n    }\n    .claim-bonus-code:hover>.bonus-btn-main-sec {\n        color: #c8102e;\n    }\n    @media ( max-width: 767px ) {\n\n        #operator-closed .operator-closed-message {\n            font-size: 14px;\n        }  \n        #operator-closed .operator-closed-message b {\n            font-size: 17px;\n        }\n        #operator-closed .operator-closed-box {\n            flex-direction: row;\n            flex-wrap: wrap;\n            justify-content: space-around;\n            max-width: 300px;\n            margin-left: auto;\n            margin-right: auto;\n        }\n        #operator-closed .col-lg-4.col-md-6.col-sm-4.col-xs-12:nth-child(3) .operator-closed-box {\n            margin-bottom: 0; \n        }\n        .operator-closed-box-container {\n            padding: 30px 15px;\n        }\n        #operator-closed .operator-closed-box {\n            margin-bottom: 2.5rem; \n        }\n    }\n<\/style>\n<div id=\"operator-closed-wrapper\">\n    <div id=\"operator-closed\" class=\"operator-closed-body\">\n        <div class=\"operator-closed-message \">\n\n            <div><b>Mejor echa un vistazo a estos mejores casinos<\/b>\n                             <\/div>\n        <\/div>\n        \n        <div class=\"row operator-closed-box-container\">\n                            <div class=\"col-lg-4 col-md-6 col-sm-4 col-xs-12\">\n                    <div class=\"operator-closed-box\">\n                        <span class=\"operator-box-header\"><img decoding=\"async\" src=\"\/spanish\/assets\/logos\/sport\/light-back\/bwin.png\" width=\"auto\" height=\"auto\" alt=\"Bwin\" \/><\/span>                        <div class=\"operator-closed-box-stars\">\n                          <span>100\u20ac <\/span>Max Bonus                        <\/div>\n\n                        <div class=\"claim-bonus-code button-bottom\">\n                             <span class=\"cursored button js-golink hvr-animation multi-line bonus-btn-main-sec\"  onclick=\"OpenGoLink(this);\" data-operator=\"79\" data-bonus=\"16070\"   data-clicks=\"34\"data-type=\"sport\" >visita el casino<i class=\"fa fa-chevron-right\" aria-hidden=\"true\"><\/i> <\/span>                         <\/div><!-- \/.claim-bonus-code -->   \n                    <\/div>\n                <\/div>\n                                <div class=\"col-lg-4 col-md-6 col-sm-4 col-xs-12\">\n                    <div class=\"operator-closed-box\">\n                        <span class=\"operator-box-header\"><img decoding=\"async\" src=\"\/spanish\/assets\/logos\/sport\/light-back\/888sport.png\" width=\"auto\" height=\"auto\" alt=\"888\" \/><\/span>                        <div class=\"operator-closed-box-stars\">\n                          <span>110\u20ac <\/span>Max Bonus                        <\/div>\n\n                        <div class=\"claim-bonus-code button-bottom\">\n                             <span class=\"cursored button js-golink hvr-animation multi-line bonus-btn-main-sec\"  onclick=\"OpenGoLink(this);\" data-operator=\"20\" data-bonus=\"6743\"   data-clicks=\"22\"data-type=\"sport\" >visita el casino<i class=\"fa fa-chevron-right\" aria-hidden=\"true\"><\/i> <\/span>                         <\/div><!-- \/.claim-bonus-code -->   \n                    <\/div>\n                <\/div>\n                                <div class=\"col-lg-4 col-md-6 col-sm-4 col-xs-12\">\n                    <div class=\"operator-closed-box\">\n                        <span class=\"operator-box-header\"><img decoding=\"async\" src=\"\/spanish\/assets\/logos\/sport\/light-back\/william-hill.png\" width=\"auto\" height=\"auto\" alt=\"WilliamHill\" \/><\/span>                        <div class=\"operator-closed-box-stars\">\n                          <span>500A$ <\/span>Max Bonus                        <\/div>\n\n                        <div class=\"claim-bonus-code button-bottom\">\n                             <span class=\"cursored button js-golink hvr-animation multi-line bonus-btn-main-sec\"  onclick=\"OpenGoLink(this);\" data-operator=\"315\" data-bonus=\"2809\"   data-clicks=\"24\"data-type=\"sport\" >visita el casino<i class=\"fa fa-chevron-right\" aria-hidden=\"true\"><\/i> <\/span>                         <\/div><!-- \/.claim-bonus-code -->   \n                    <\/div>\n                <\/div>\n                        <\/div>\n    <\/div>\n<\/div><\/span>\r\n\r\n<span style=\"font-weight: 400;\"><div class=\"moreHome hideContent\"><\/span>\r\n<p class=\"text-justify\">A pesar de no actuar todav\u00eda en territorio espa\u00f1ol, el portal responde a quienes aseveran que 1xbet estafa con una expansi\u00f3n imparable. Es uno de los operadores de apuestas y juego con m\u00e1s presencia en todo el mundo, gozando de un crecimiento constante y extendi\u00e9ndose tanto a diferentes pa\u00edses como p\u00fablicos. Sus bazas son la seguridad, la variedad, las facilidades y las comodidades para el jugador, y por ahora no est\u00e1n haciendo m\u00e1s que empujarlo hacia el \u00e9xito all\u00e1 por donde va en esta breve pero intensa trayectoria que lleva.<\/p>\r\n<p class=\"text-justify\">Quienes quieran acceder a esta p\u00e1gina para poder jugar y apostar, pueden hacerlo incluso si no est\u00e1 habilitada en su pa\u00eds. Para ello, tan solo tienen que recurrir al <a href=\"https:\/\/bet-bonus.net\/es\/vpn\/\">uso de VPN<\/a> para conectarse a trav\u00e9s de una direcci\u00f3n donde 1xBet s\u00ed est\u00e9 operativo para, as\u00ed, poder acceder y aprovechar toda su oferta online y ganar dinero jugando.<\/p>\r\n<p class=\"text-justify\">Tarde o temprano esta casa de apuestas estar\u00e1 disponible tambi\u00e9n en Espa\u00f1a junto con otros tantos pa\u00edses que se sumen a su rango de acci\u00f3n. En ese momento, no ser\u00e1 necesario recurrir a otras t\u00e9cnicas para entrar y se podr\u00e1 comprobar con mayor facilidad que 1xbet es completamente seguro y de fiar.<\/p>\r\n<span style=\"font-weight: 400;\"><\/div><\/span>\r\n<h3 class=\"text-justify\">\u00bfEs 1xBet una estafa? Por supuesto que no<\/h3>\r\n<p class=\"text-justify\">El portal web de 1xBet, as\u00ed como la propia casa de apuestas, llevan poco tiempo en activo. No obstante, el suficiente para que gran parte del p\u00fablico se pregunte si es 1xbet una estafa. La respuesta es tan sencilla como tajante: por supuesto que no. No hay motivos que empujen a pensarlo salvo la desconfianza de la comunidad ante lo desconocido cuando llega una plataforma nueva y que crece de forma tan r\u00e1pido.<\/p>\r\n<p class=\"text-justify\">En todo el tiempo que lleva en activo, ha quedado m\u00e1s que claro que 1xbet es seguro. No se ha dado ning\u00fan caso de estafas ni timos, ni tan siquiera problemas a la hora de realizar apuestas tanto programadas como en directo, de la misma forma que tampoco han surgido al querer canjear promociones en forma de bonos o cobrar el dinero ganado tanto a trav\u00e9s de apuestas como jugando a cualquiera de las propuestas que hay disponibles. Al menos, no tenemos constancia de ello.<\/p>\r\n<span style=\"font-weight: 400;\"><div class=\"moreHome hideContent\"><\/span>\r\n<p class=\"text-justify\">De hecho, el equipo de 1xBet est\u00e1 plenamente comprometido a la hora de satisfacer al consumidor. Siempre disponibles a trav\u00e9s del tel\u00e9fono, del chat, del mail y de los formularios de contacto, como hemos comentado en <a href=\"https:\/\/bet-bonus.net\/es\/opiniones\/\">nuestra opini\u00f3n de 1xbet<\/a>, trabajan constantemente para ofrecer lo mejor y plantear siempre una soluci\u00f3n o una respuesta que resuelva cualquier posible inconveniente o duda que surja. Este vuelco es otro de los principales avales de esta joven plataforma.<\/p>\r\n<p class=\"text-justify\">Todos estos factores apuntan a la respuesta que coment\u00e1bamos al comienzo. 1xbet no es una estafa, todo lo contrario. Su m\u00e1xima es crecer tanto a nivel internacional como a nivel de usuarios y de cat\u00e1logo. No deja de incorporar nuevas promociones, ofertas especiales, eventos y deportes a su cat\u00e1logo de apuestas para que cada vez haya m\u00e1s donde elegir y se tengan todas las facilidades posibles tanto para ganar dinero como para divertirse jugando.<\/p>\r\n<p class=\"text-justify\">En definitiva, un lugar de confianza con el que sacar grandes beneficios mientras se pasa un buen rato jugando.<\/p>\r\n<span style=\"font-weight: 400;\"><\/div><\/span>\r\n\r\n<span style=\"font-weight: 400;\">\r\n<div class=\"cta-direct-bonus\">\r\n    <div class=\"col-lg-8 col-md-8 col-sm-8 col-xs-12\">\r\n        <div class=\"row\">\r\n            <p class=\"cta-direct-slogan\">\r\n                \u00bfEst\u00e1s listo para Atrapar tu Bono de Bienvenida?            <\/p>\r\n        <\/div>\r\n    <\/div>\r\n    <div class=\"col-lg-4 col-md-4 col-sm-4 col-xs-12\">\r\n        <div class=\"row\">\r\n             <span class=\"cursored button js-golink cta-direct-button hvr-animation new-hover\"  onclick=\"OpenGoLink(this);\" data-operator=\"7\" data-bonus=\"3965\"   data-clicks=\"1\"data-type=\"sport\" ><span>Visita 1xBet Ahora!<\/span> <\/span> \r\n        <\/div>\r\n    <\/div>\r\n<\/div>\r\n\r\n<style type=\"text\/css\" media=\"screen\">\r\n    .cta-direct-button.new-hover {\r\n        padding: 3px 0 2px;\r\n    }\r\n<\/style><\/span>\r\n<h2 class=\"text-justify\">La seguridad de jugar en 1xBet<\/h2>\r\n<p class=\"text-justify\">La seguridad de jugar en 1xBet es una sensaci\u00f3n constante. Para conseguirla, el equipo tras esta casa de apuestas y juegos de azar en l\u00ednea se ha asegurado de equipar al portal web con todos los protocolos y est\u00e1ndares de seguridad m\u00e1s actuales. Todo para velar por la tranquilidad del usuario mientras realiza sus apuestas y juega para intentar ganar m\u00e1s dinero.<\/p>\r\n<p class=\"text-justify\">As\u00ed, lo primero que se puede observar nada m\u00e1s entrar es que utiliza el protocolo HTTPS para proteger toda la informaci\u00f3n a trav\u00e9s del cifrado de seguridad. Los datos de perfiles, de cuentas, de m\u00e9todos de pago y de transacciones est\u00e1n escondidos y protegidos tras un sistema de encriptaci\u00f3n que los hace inaccesibles de cara a manos ajenas.<\/p>\r\n<p class=\"text-justify\">Con este tipo de sistemas, se evitan las filtraciones de datos personales y, sobre todo, bancarios. Uno de los motivos que m\u00e1s asusta a los usuarios a la hora de introducir informaci\u00f3n relacionada con su cuenta bancaria y, en definitiva, con lo que tenga que ver con su dinero es la posibilidad de que todo est\u00e9 monitorizado y pase por donde no debe. Por suerte, 1xBet se ha blindado por completo para evitar que esto suceda en ninguna de las partes de su web.<\/p>\r\n\r\n<h2 class=\"text-justify\">Seguridad y Fiabilidad en los M\u00e9todos de Pago<\/h2>\r\n<p class=\"text-justify\">La seguridad y fiabilidad en los <a href=\"https:\/\/bet-bonus.net\/es\/metodos-de-pago\/\">m\u00e9todos de pago de 1xbet<\/a> es algo tanto o m\u00e1s elevado que la cantidad de formas distintas que hay para pagar. Para poder apostar o jugar en cualquiera de las posibilidades que hay en esta web, es necesario a\u00f1adir fondos antes para tener dinero con el que realizar las jugadas, y a la hora de hacerlo el usuario se encuentra con un ampl\u00edsimo abanico de m\u00e9todos diferentes para recurrir a aquel que le inspire m\u00e1s confianza.<\/p>\r\n<p class=\"text-justify\">A la hora de ingresar dinero, se puede elegir entre el uso de <a href=\"https:\/\/bet-bonus.net\/es\/metodos-de-pago\/visa-mastercard\/\">tarjetas de cr\u00e9dito o de d\u00e9bito<\/a>, utilizar carteras electr\u00f3nicas, banca online, aprovechar tarjetas prepago, recurrir a las criptomonedas, aprovechar cupones, usar objetos de juegos o realizar transferencias bancarias. Este amplio repertorio es el que se encuentra disponible a la hora de acceder al dep\u00f3sito de fondos para la cartera de juego, construyendo un total de 35 propuestas diferentes entre las que escoger.<\/p>\r\n<span style=\"font-weight: 400;\"><div class=\"moreHome hideContent\"><\/span>\r\n<p class=\"text-justify\">Todos estos sistemas hacen que la seguridad se multiplique de forma supina, ya que cada uno de ellos cuenta con sus propios sistemas para evitar cualquier inconveniente con las transferencias. Las pasarelas de pago son completamente seguras y est\u00e1n preparadas para trabajar en cualquier pa\u00eds posible evitando cualquier filtraci\u00f3n o infiltraci\u00f3n por parte de agentes externos.<\/p>\r\n<p class=\"text-justify\">Esta variedad no hace m\u00e1s que apuntar a lo m\u00e1s alto en cuanto a protocolos seguros. El portal web de 1xBet ha recopilado una gran cantidad de m\u00e9todos distintos no solo para pon\u00e9rselo f\u00e1cil al consumidor a la hora de introducir o extraer dinero de la plataforma, sino tambi\u00e9n para que pueda hacerlo sin tener preocupaciones. Todo est\u00e1 protegido en todo momento para que la informaci\u00f3n est\u00e9 siempre a buen recaudo y se pierda el miedo a tener problemas con el dinero por las amenazas que suelen moverse a trav\u00e9s de la red de redes.<\/p>\r\n<span style=\"font-weight: 400;\"><\/div><\/span>\r\n\r\n<span style=\"font-weight: 400;\">\r\n<div class=\"cta-direct-bonus\">\r\n    <div class=\"col-lg-8 col-md-8 col-sm-8 col-xs-12\">\r\n        <div class=\"row\">\r\n            <p class=\"cta-direct-slogan\">\r\n                \u00bfEst\u00e1s listo para Atrapar tu Bono de Bienvenida?            <\/p>\r\n        <\/div>\r\n    <\/div>\r\n    <div class=\"col-lg-4 col-md-4 col-sm-4 col-xs-12\">\r\n        <div class=\"row\">\r\n             <span class=\"cursored button js-golink cta-direct-button hvr-animation new-hover\"  onclick=\"OpenGoLink(this);\" data-operator=\"7\" data-bonus=\"3965\"   data-clicks=\"1\"data-type=\"sport\" ><span>Visita 1xBet Ahora!<\/span> <\/span> \r\n        <\/div>\r\n    <\/div>\r\n<\/div>\r\n\r\n<style type=\"text\/css\" media=\"screen\">\r\n    .cta-direct-button.new-hover {\r\n        padding: 3px 0 2px;\r\n    }\r\n<\/style><\/span>","protected":false},"excerpt":{"rendered":"Busques lo que busques por las redes, la respuesta es siempre la misma: 1xbet fiable y seguro. Este operador de apuestas online, que ofrece tambi\u00e9n juegos de azar y cartas a los usuarios, re\u00fane todos los requisitos indispensables para demostrar su fiabilidad y convertirse en un lugar de confianza para que la \u00fanica preocupaci\u00f3n del<a href=\"https:\/\/bet-bonus.net\/es\/fiable-seguro\/\"> &#8230;<\/a>","protected":false},"author":1,"featured_media":0,"parent":0,"menu_order":0,"comment_status":"closed","ping_status":"closed","template":"","meta":{"footnotes":""},"categories":[],"tags":[],"class_list":["post-17","page","type-page","status-publish","hentry"],"yoast_head":"<!-- This site is optimized with the Yoast SEO plugin v26.7 - https:\/\/yoast.com\/wordpress\/plugins\/seo\/ -->\n<title>\u00bfEs 1xbet una Estafa? \u00bb Datos del Operador Ruso Seguro &amp; Fiable<\/title>\n<meta name=\"robots\" content=\"index, follow, max-snippet:-1, max-image-preview:large, max-video-preview:-1\" \/>\n<link rel=\"canonical\" href=\"https:\/\/bet-bonus.net\/es\/fiable-seguro\/\" \/>\n<meta property=\"og:locale\" content=\"es_ES\" \/>\n<meta property=\"og:type\" content=\"article\" \/>\n<meta property=\"og:title\" content=\"\u00bfEs 1xbet una Estafa? \u00bb Datos del Operador Ruso Seguro &amp; Fiable\" \/>\n<meta property=\"og:url\" content=\"https:\/\/bet-bonus.net\/es\/fiable-seguro\/\" \/>\n<meta property=\"og:site_name\" content=\"bet-bonus.net ES\" \/>\n<meta property=\"article:modified_time\" content=\"2018-06-19T10:20:40+00:00\" \/>\n<meta name=\"twitter:card\" content=\"summary_large_image\" \/>\n<meta name=\"twitter:label1\" content=\"Tiempo de lectura\" \/>\n\t<meta name=\"twitter:data1\" content=\"7 minutos\" \/>\n<script type=\"application\/ld+json\" class=\"yoast-schema-graph\">{\"@context\":\"https:\/\/schema.org\",\"@graph\":[{\"@type\":\"WebPage\",\"@id\":\"https:\/\/bet-bonus.net\/es\/fiable-seguro\/\",\"url\":\"https:\/\/bet-bonus.net\/es\/fiable-seguro\/\",\"name\":\"\u00bfEs 1xbet una Estafa? \u00bb Datos del Operador Ruso Seguro & Fiable\",\"isPartOf\":{\"@id\":\"https:\/\/bet-bonus.net\/es\/#website\"},\"datePublished\":\"2018-06-12T08:48:58+00:00\",\"dateModified\":\"2018-06-19T10:20:40+00:00\",\"breadcrumb\":{\"@id\":\"https:\/\/bet-bonus.net\/es\/fiable-seguro\/#breadcrumb\"},\"inLanguage\":\"es\",\"potentialAction\":[{\"@type\":\"ReadAction\",\"target\":[\"https:\/\/bet-bonus.net\/es\/fiable-seguro\/\"]}]},{\"@type\":\"BreadcrumbList\",\"@id\":\"https:\/\/bet-bonus.net\/es\/fiable-seguro\/#breadcrumb\",\"itemListElement\":[{\"@type\":\"ListItem\",\"position\":1,\"name\":\"Home\",\"item\":\"https:\/\/bet-bonus.net\/es\/\"},{\"@type\":\"ListItem\",\"position\":2,\"name\":\"1xBet Fiable &#038; Seguro - Por qu\u00e9 el Operador No es una Estafa\"}]},{\"@type\":\"WebSite\",\"@id\":\"https:\/\/bet-bonus.net\/es\/#website\",\"url\":\"https:\/\/bet-bonus.net\/es\/\",\"name\":\"bet-bonus.net ES\",\"description\":\"\",\"potentialAction\":[{\"@type\":\"SearchAction\",\"target\":{\"@type\":\"EntryPoint\",\"urlTemplate\":\"https:\/\/bet-bonus.net\/es\/?s={search_term_string}\"},\"query-input\":{\"@type\":\"PropertyValueSpecification\",\"valueRequired\":true,\"valueName\":\"search_term_string\"}}],\"inLanguage\":\"es\"}]}<\/script>\n<!-- \/ Yoast SEO plugin. -->","yoast_head_json":{"title":"\u00bfEs 1xbet una Estafa? \u00bb Datos del Operador Ruso Seguro & Fiable","robots":{"index":"index","follow":"follow","max-snippet":"max-snippet:-1","max-image-preview":"max-image-preview:large","max-video-preview":"max-video-preview:-1"},"canonical":"https:\/\/bet-bonus.net\/es\/fiable-seguro\/","og_locale":"es_ES","og_type":"article","og_title":"\u00bfEs 1xbet una Estafa? \u00bb Datos del Operador Ruso Seguro & Fiable","og_url":"https:\/\/bet-bonus.net\/es\/fiable-seguro\/","og_site_name":"bet-bonus.net ES","article_modified_time":"2018-06-19T10:20:40+00:00","twitter_card":"summary_large_image","twitter_misc":{"Tiempo de lectura":"7 minutos"},"schema":{"@context":"https:\/\/schema.org","@graph":[{"@type":"WebPage","@id":"https:\/\/bet-bonus.net\/es\/fiable-seguro\/","url":"https:\/\/bet-bonus.net\/es\/fiable-seguro\/","name":"\u00bfEs 1xbet una Estafa? \u00bb Datos del Operador Ruso Seguro & Fiable","isPartOf":{"@id":"https:\/\/bet-bonus.net\/es\/#website"},"datePublished":"2018-06-12T08:48:58+00:00","dateModified":"2018-06-19T10:20:40+00:00","breadcrumb":{"@id":"https:\/\/bet-bonus.net\/es\/fiable-seguro\/#breadcrumb"},"inLanguage":"es","potentialAction":[{"@type":"ReadAction","target":["https:\/\/bet-bonus.net\/es\/fiable-seguro\/"]}]},{"@type":"BreadcrumbList","@id":"https:\/\/bet-bonus.net\/es\/fiable-seguro\/#breadcrumb","itemListElement":[{"@type":"ListItem","position":1,"name":"Home","item":"https:\/\/bet-bonus.net\/es\/"},{"@type":"ListItem","position":2,"name":"1xBet Fiable &#038; Seguro - Por qu\u00e9 el Operador No es una Estafa"}]},{"@type":"WebSite","@id":"https:\/\/bet-bonus.net\/es\/#website","url":"https:\/\/bet-bonus.net\/es\/","name":"bet-bonus.net ES","description":"","potentialAction":[{"@type":"SearchAction","target":{"@type":"EntryPoint","urlTemplate":"https:\/\/bet-bonus.net\/es\/?s={search_term_string}"},"query-input":{"@type":"PropertyValueSpecification","valueRequired":true,"valueName":"search_term_string"}}],"inLanguage":"es"}]}},"_links":{"self":[{"href":"https:\/\/bet-bonus.net\/es\/wp-json\/wp\/v2\/pages\/17","targetHints":{"allow":["GET"]}}],"collection":[{"href":"https:\/\/bet-bonus.net\/es\/wp-json\/wp\/v2\/pages"}],"about":[{"href":"https:\/\/bet-bonus.net\/es\/wp-json\/wp\/v2\/types\/page"}],"author":[{"embeddable":true,"href":"https:\/\/bet-bonus.net\/es\/wp-json\/wp\/v2\/users\/1"}],"replies":[{"embeddable":true,"href":"https:\/\/bet-bonus.net\/es\/wp-json\/wp\/v2\/comments?post=17"}],"version-history":[{"count":3,"href":"https:\/\/bet-bonus.net\/es\/wp-json\/wp\/v2\/pages\/17\/revisions"}],"predecessor-version":[{"id":319,"href":"https:\/\/bet-bonus.net\/es\/wp-json\/wp\/v2\/pages\/17\/revisions\/319"}],"wp:attachment":[{"href":"https:\/\/bet-bonus.net\/es\/wp-json\/wp\/v2\/media?parent=17"}],"wp:term":[{"taxonomy":"category","embeddable":true,"href":"https:\/\/bet-bonus.net\/es\/wp-json\/wp\/v2\/categories?post=17"},{"taxonomy":"post_tag","embeddable":true,"href":"https:\/\/bet-bonus.net\/es\/wp-json\/wp\/v2\/tags?post=17"}],"curies":[{"name":"wp","href":"https:\/\/api.w.org\/{rel}","templated":true}]}}