{"id":140,"date":"2018-06-12T13:51:13","date_gmt":"2018-06-12T13:51:13","guid":{"rendered":"http:\/\/bet-bonus.net\/es\/?page_id=140"},"modified":"2018-06-27T08:09:03","modified_gmt":"2018-06-27T08:09:03","slug":"porno-casino","status":"publish","type":"page","link":"https:\/\/bet-bonus.net\/es\/porno-casino\/","title":{"rendered":"Croupiers Porno en 1xBet - Divi\u00e9rtete con las Dealers de Pornhub"},"content":{"rendered":"<p class=\"text-justify\">El juego es para adultos. Las Croupiers Porno en 1xBet demuestran que hay otra forma de entretenerse que va m\u00e1s all\u00e1 de las apuestas y los juegos de azar tradicionales, mezclando el erotismo con las sesiones subidas de tono para que los jugadores disfruten de otra forma de jugar.<\/p>\r\n<p class=\"text-justify\">1xbet porno casino forma parte de todos los servicios de juego que ofrece este popular portal ruso, y es uno de los m\u00e1s sobresalientes tanto por variedad como por calidad, como tambi\u00e9n por la posibilidad de ganar dinero con una perspectiva muy distinta.<\/p>\r\n\r\n<h2 class=\"text-justify\">Bonos para jugar al Casino Porno en 1xbet<\/h2>\r\n<p class=\"text-justify\">Para fomentar el juego y facilitar las cosas al usuario, hay una serie de bonos para jugar al casino porno en 1xbet sin pagar nada. El portal de apuestas y azar de origen ruso tiene preparados varios mecanismos bastante interesantes para quienes acaban de llegar y para quienes ya llevan un buen tiempo jugando con todo lo que posee dentro de su cat\u00e1logo. Una buena colecci\u00f3n de iniciativas que tambi\u00e9n ayudan a ganar m\u00e1s dinero haciendo que la inversi\u00f3n sea m\u00ednima.<\/p>\r\n<p class=\"text-justify\">Adem\u00e1s de las promociones especiales para los viernes y los mi\u00e9rcoles, que logran duplicar los fondos ingresados con un m\u00e1ximo de 100\u20ac\u20ac tras cumplir unas condiciones espec\u00edficas, tambi\u00e9n hay otras promociones especiales de car\u00e1cter peri\u00f3dico que ayudan a esto de la gratuidad con todos los juegos del porno casino de 1xbet, como tambi\u00e9n en el resto de propuestas de juego diferentes que existen.<\/p>\r\n<span style=\"font-weight: 400;\"> \n<style>\n #operator-closed {\n        margin-top: 3em;\n        margin-bottom: 1rem;\n        color: #414141; \n    }\n    .operator-closed-body {\n        min-height: 420px;\n        background-color: #F9F9F9;\n    }\n    #operator-closed .operator-closed-message {\n        display: flex;\n        align-items: center;\n        justify-content: center;\n        font-size: 20px;\n        text-align: center;\n        color: #fff;\n        padding: 1.75em 0.5rem;\n        background: #002E5D;\n        text-shadow: 0 1px 1px rgba(0, 0, 0, 0.3);\n        box-shadow: 0 -4px 0 0 #1a1a1a;\n    }\n    #operator-closed .operator-closed-message b {\n        display: block;\n        font-size: 24px;\n    }\n    .operator-closed-box-container {\n        padding: 40px 30px;\n    }\n    #operator-closed .operator-closed-box {\n        display: flex;\n        flex-direction: column;\n        justify-content: center;\n        align-items: center;\n        background-color: #FFFFFF;\n        box-shadow: 0px 0px 5px #00000024;\n    }\n   \/* #operator-closed .operator-closed-box a:first-of-type {\n        display: flex;\n        justify-content: center;\n        width: 100%;\n        background: #ffffff;\n        border-top: 3px solid #f46613;\n    }*\/\n    #operator-closed img {\n        width: 100px;\n        display: block;\n    }\n    #operator-closed .operator-box-header { \n        display: flex; \n        width: 100%;\n        justify-content: center;\n        background-color: #ECECEC; \n        padding: 13px;\n    }\n    #operator-closed .operator-closed-box-stars {\n        display: flex;\n        flex-wrap: wrap;\n        justify-content: center;\n        padding: 1em 0;\n    }\n    #operator-closed .operator-closed-box-stars span{\n        color: #002E5D;\n        font-size: 36px;\n        line-height: 1.1;\n        text-align: center;\n        width: 100%;\n        font-weight: 900;\n    }\n    #operator-closed .button {\n        text-transform: uppercase;\n        margin-top: 0;\n        margin-bottom: 28px;\n        font-weight: 600;\n        padding: 10px 13px; \n        font-size: 13px; \n        width: 100%;\n    }\n    #operator-closed .button i {\n        font-size: 12px;\n        padding-top: 0;\n    }\n    .claim-bonus-code:hover>.bonus-btn-main-sec {\n        color: #c8102e;\n    }\n    @media ( max-width: 767px ) {\n\n        #operator-closed .operator-closed-message {\n            font-size: 14px;\n        }  \n        #operator-closed .operator-closed-message b {\n            font-size: 17px;\n        }\n        #operator-closed .operator-closed-box {\n            flex-direction: row;\n            flex-wrap: wrap;\n            justify-content: space-around;\n            max-width: 300px;\n            margin-left: auto;\n            margin-right: auto;\n        }\n        #operator-closed .col-lg-4.col-md-6.col-sm-4.col-xs-12:nth-child(3) .operator-closed-box {\n            margin-bottom: 0; \n        }\n        .operator-closed-box-container {\n            padding: 30px 15px;\n        }\n        #operator-closed .operator-closed-box {\n            margin-bottom: 2.5rem; \n        }\n    }\n<\/style>\n<div id=\"operator-closed-wrapper\">\n    <div id=\"operator-closed\" class=\"operator-closed-body\">\n        <div class=\"operator-closed-message \">\n\n            <div><b>Mejor echa un vistazo a estos mejores casinos<\/b>\n                             <\/div>\n        <\/div>\n        \n        <div class=\"row operator-closed-box-container\">\n                    <\/div>\n    <\/div>\n<\/div><\/span>\r\n\r\n<span style=\"font-weight: 400;\"><div class=\"moreHome hideContent\"><\/span>\r\n<p class=\"text-justify\">Por supuesto, hay disponible tambi\u00e9n un<a href=\"https:\/\/bet-bonus.net\/es\/\"> bono de bienvenida de 1xbet<\/a> que sirve de gran aliciente para entrar en la propuesta de este portal online de apuestas. Esta bonificaci\u00f3n se otorga a cualquier nuevo usuario que entre en la plataforma, pero a cambio pide cumplir unas condiciones determinadas que se reducen a realizar varias apuestas combinadas en modalidades distintas. A cambio, se reciben un total de hasta 100\u20ac\u20ac de regalo, en funci\u00f3n del ingreso inicial realizado, a utilizar en cualquier secci\u00f3n compatible, un rango en el que entra el porno casino de esta web.<\/p>\r\n<p class=\"text-justify\">Con los Viernes de la Suerte, los Mi\u00e9rcoles x2, el bono para nuevos usuarios y las promos y ofertas que poco a poco van apareciendo para ofrecer m\u00e1s extras que van desde partidas gratuitas a <a href=\"https:\/\/bet-bonus.net\/es\/giros-gratis\/\">giros gratis<\/a> y dinero para jugar, hay muchas formas de disfrutar de este casino para adultos de 1xbet invirtiendo el menor dinero posible, pero sin temer por el disfrute de la experiencia completa que se ofrece.<\/p>\r\n<span style=\"font-weight: 400;\"><\/div><\/span>\r\n<h2 class=\"text-justify\">\u00bfC\u00f3mo puedo jugar al Casino de Pornhub en 1xbet?<\/h2>\r\n<p class=\"text-justify\">El Casino de Pornhub de 1xbet deja muy claro qu\u00e9 es y de d\u00f3nde proviene. Se trata de una serie de juegos para adultos en los que las croupiers tambi\u00e9n participan para hacer algo m\u00e1s que repartir cartas o girar la ruleta. Existen diferentes modalidades, pero en todas resalta una figura femenina que capta las miradas de cualquier jugador que se sume a la mesa para tentar a la suerte y llevarse dinero.<\/p>\r\n<p class=\"text-justify\">Para poder acceder, hay que ser un usuario registrado e iniciar sesi\u00f3n en el portal de 1xBet a trav\u00e9s de la opci\u00f3n habilitada para ello. Una vez dentro, el acceso m\u00e1s r\u00e1pido es a trav\u00e9s del apartado Juegos de TV, disponible en la barra superior de entrada a juegos y apuestas y, una vez ah\u00ed, pulsando en <a href=\"https:\/\/bet-bonus.net\/es\/casino\/\">Casino<\/a> en Directo Pornhub.<\/p>\r\n<span style=\"font-weight: 400;\"><div class=\"moreHome hideContent\"><\/span>\r\n<p class=\"text-justify\">Dentro de esa secci\u00f3n, se puede echar un vistazo a las diferentes propuestas que hay disponibles, que van desde las croupiers hasta las sesiones en directo donde la ropa vuela mientras hacen lo mismo las cartas. Un enfoque muy diferente y picante que da un aliciente adicional a quienes buscan no solo divertirse y ganar dinero apostando y tentando a la suerte con cualquiera de estas propuestas de juego que, en el fondo, son tan tradicionales.<\/p>\r\n<span style=\"font-weight: 400;\"><\/div><\/span>\r\n\r\n<span style=\"font-weight: 400;\">\r\n<div class=\"cta-direct-bonus\">\r\n    <div class=\"col-lg-8 col-md-8 col-sm-8 col-xs-12\">\r\n        <div class=\"row\">\r\n            <p class=\"cta-direct-slogan\">\r\n                \u00bfEst\u00e1s listo para Atrapar tu Bono de Bienvenida?            <\/p>\r\n        <\/div>\r\n    <\/div>\r\n    <div class=\"col-lg-4 col-md-4 col-sm-4 col-xs-12\">\r\n        <div class=\"row\">\r\n             <span class=\"cursored button js-golink cta-direct-button hvr-animation new-hover\"  onclick=\"OpenGoLink(this);\" data-operator=\"8\" data-bonus=\"3965\"   data-clicks=\"14\"data-type=\"casino\" ><span>Visita 1xBet Ahora!<\/span> <\/span> \r\n        <\/div>\r\n    <\/div>\r\n<\/div>\r\n\r\n<style type=\"text\/css\" media=\"screen\">\r\n    .cta-direct-button.new-hover {\r\n        padding: 3px 0 2px;\r\n    }\r\n<\/style><\/span>\r\n<h2 class=\"text-justify\">\u00bfQu\u00e9 ofrece el Casino Porno de 1xbet?<\/h2>\r\n<p class=\"text-justify\">El abanico de juegos del Casino Porno de 1xbet, tambi\u00e9n disponible en el apartado Juegos +18, dentro de la secci\u00f3n M\u00e1s del men\u00fa principal; es casi tan amplio como el del casino normal. Esta casa de apuestas de origen ruso se ha preocupado por introducir variedad tambi\u00e9n en este apartado para que los usuarios no se aburran jugando siempre a lo mismo a pesar de tener ese factor extra que a\u00f1aden estas croupiers tan especiales.<\/p>\r\n<p class=\"text-justify\">Lo m\u00e1s diferente con respecto a los juegos normales son el hecho de que, quien controla el juego es una chica que puede aparecer sin parte de la ropa que normalmente llevar\u00eda. De hecho, hay modalidades especiales de <a href=\"https:\/\/bet-bonus.net\/es\/poker\/\">p\u00f3ker<\/a> en las que, por cada mano ganada por el jugador o jugadores, la muchacha en cuesti\u00f3n se desprende de una prenda de ropa poco a poco para darle m\u00e1s emoci\u00f3n a la partida. Lo que conocemos como strip poker.<\/p>\r\n<span style=\"font-weight: 400;\"><div class=\"moreHome hideContent\"><\/span>\r\n<p class=\"text-justify\">A\u00fan as\u00ed, tambi\u00e9n hay dinero en juego y las recompensas est\u00e1n siempre presentes. La principal diferencia es que, teniendo una webcam en directo, se tiene un contacto m\u00e1s directo con la croupier y tambi\u00e9n uno mucho m\u00e1s \u00edntimo. El toque sensual es lo que le otorga la mayor diferencia, uno que no vas a poder encontrar en ning\u00fan otro casino online debido al esfuerzo que ha realizado 1xBet por implementar esta variante.<\/p>\r\n<span style=\"font-weight: 400;\"><\/div><\/span>\r\n<h2 class=\"text-justify\">Las Mejores Dealers Porno en 1xbet<\/h2>\r\n<p class=\"text-justify\">Conocidas tambi\u00e9n como croupiers, el jugador puede encontrar las mejores dealers porno en 1xbet. Aut\u00e9nticas profesionales que trabajan no solo para captar todas las miradas y dar esa sensualidad imposible de encontrar en ninguna otra parte, sino tambi\u00e9n para que el juego siga y los usuarios tengan la oportunidad constante de centrarse y tentar a la suerte para conseguir grandes ganancias apostando.<\/p>\r\n<p class=\"text-justify\">Con la ropa siendo el elemento menos presente y su capacidad para perderla el m\u00e1s llamativo de estas dealers, esta secci\u00f3n disponible en 1xBet es fruto de un acuerdo entre la plataforma rusa y el gigante de la industria del porno, Pornhub. La asociaci\u00f3n que ambas firmas mantienen son lo que desemboca en este casino porno que no se puede encontrar en otros lugares.<\/p>\r\n<span style=\"font-weight: 400;\"><div class=\"moreHome hideContent\"><\/span>\r\n<p class=\"text-justify\">Y no solo por la propuesta de juego que supone, sino por el realismo que alcanza. Gracias al uso de las webcam por parte de estas profesionales, las sesiones de juego son totalmente naturales y realistas. Es casi como estar en una misma habitaci\u00f3n jugando con ellas.<\/p>\r\n<span style=\"font-weight: 400;\"><\/div><\/span>\r\n\r\n<span style=\"font-weight: 400;\">\n<style>\n #operator-closed {\n        margin-top: 3em;\n        margin-bottom: 1rem;\n        color: #414141; \n    }\n    .operator-closed-body {\n        min-height: 420px;\n        background-color: #F9F9F9;\n    }\n    #operator-closed .operator-closed-message {\n        display: flex;\n        align-items: center;\n        justify-content: center;\n        font-size: 20px;\n        text-align: center;\n        color: #fff;\n        padding: 1.75em 0.5rem;\n        background: #002E5D;\n        text-shadow: 0 1px 1px rgba(0, 0, 0, 0.3);\n        box-shadow: 0 -4px 0 0 #1a1a1a;\n    }\n    #operator-closed .operator-closed-message b {\n        display: block;\n        font-size: 24px;\n    }\n    .operator-closed-box-container {\n        padding: 40px 30px;\n    }\n    #operator-closed .operator-closed-box {\n        display: flex;\n        flex-direction: column;\n        justify-content: center;\n        align-items: center;\n        background-color: #FFFFFF;\n        box-shadow: 0px 0px 5px #00000024;\n    }\n   \/* #operator-closed .operator-closed-box a:first-of-type {\n        display: flex;\n        justify-content: center;\n        width: 100%;\n        background: #ffffff;\n        border-top: 3px solid #f46613;\n    }*\/\n    #operator-closed img {\n        width: 100px;\n        display: block;\n    }\n    #operator-closed .operator-box-header { \n        display: flex; \n        width: 100%;\n        justify-content: center;\n        background-color: #ECECEC; \n        padding: 13px;\n    }\n    #operator-closed .operator-closed-box-stars {\n        display: flex;\n        flex-wrap: wrap;\n        justify-content: center;\n        padding: 1em 0;\n    }\n    #operator-closed .operator-closed-box-stars span{\n        color: #002E5D;\n        font-size: 36px;\n        line-height: 1.1;\n        text-align: center;\n        width: 100%;\n        font-weight: 900;\n    }\n    #operator-closed .button {\n        text-transform: uppercase;\n        margin-top: 0;\n        margin-bottom: 28px;\n        font-weight: 600;\n        padding: 10px 13px; \n        font-size: 13px; \n        width: 100%;\n    }\n    #operator-closed .button i {\n        font-size: 12px;\n        padding-top: 0;\n    }\n    .claim-bonus-code:hover>.bonus-btn-main-sec {\n        color: #c8102e;\n    }\n    @media ( max-width: 767px ) {\n\n        #operator-closed .operator-closed-message {\n            font-size: 14px;\n        }  \n        #operator-closed .operator-closed-message b {\n            font-size: 17px;\n        }\n        #operator-closed .operator-closed-box {\n            flex-direction: row;\n            flex-wrap: wrap;\n            justify-content: space-around;\n            max-width: 300px;\n            margin-left: auto;\n            margin-right: auto;\n        }\n        #operator-closed .col-lg-4.col-md-6.col-sm-4.col-xs-12:nth-child(3) .operator-closed-box {\n            margin-bottom: 0; \n        }\n        .operator-closed-box-container {\n            padding: 30px 15px;\n        }\n        #operator-closed .operator-closed-box {\n            margin-bottom: 2.5rem; \n        }\n    }\n<\/style>\n<div id=\"operator-closed-wrapper\">\n    <div id=\"operator-closed\" class=\"operator-closed-body\">\n        <div class=\"operator-closed-message \">\n\n            <div><b>Mejor echa un vistazo a estos mejores casinos<\/b>\n                             <\/div>\n        <\/div>\n        \n        <div class=\"row operator-closed-box-container\">\n                    <\/div>\n    <\/div>\n<\/div><\/span>\r\n<h2 class=\"text-justify\">Requisitos para jugar al casino porno de 1xbet<\/h2>\r\n<p class=\"text-justify\">Para poder jugar al casino porno de 1xbet el primer y m\u00e1s indispensable requisito que se debe cumplir es alcanzar la mayor\u00eda de edad. Debido a que este portal est\u00e1 centrado en las <a href=\"https:\/\/bet-bonus.net\/es\/apuestas-deportivas\/\">apuestas<\/a> y los juegos de azar, es algo absolutamente obligatorio para poder registrarse como usuario, por lo que cualquier persona que no lo cumpla ha de abstenerse hasta que sea adulta.<\/p>\r\n<p class=\"text-justify\">Por otro lado, tambi\u00e9n es prioritario tener fondos depositados en la cuenta de juego. Sin el dinero, es imposible apostar y por tanto acceder a esta secci\u00f3n, ya que todo se mueve con moneda real tanto a la hora de pagar como a la hora de llevarse las recompensas por ganar una partida.<\/p>\r\n<span style=\"font-weight: 400;\"><div class=\"moreHome hideContent\"><\/span>\r\n<p class=\"text-justify\">En el caso de jugar desde PC, adem\u00e1s, es importante contar con los complementos necesarios para activar el reproductor multimedia en el navegador. Si se solicita instalar Adobe Flash Player, lo mejor es aceptar para poder disfrutar de este tipo de contenido sin cortes ni complicaciones.<\/p>\r\n<span style=\"font-weight: 400;\"><\/div><\/span>\r\n<h2 class=\"text-justify\">Diferencias entre el casino y el casino porno de Pornhub<\/h2>\r\n<p class=\"text-justify\">A pesar de que la propuesta pueda sonar interesante, hay quienes prefieren el sistema de juego tradicional antes que este que cuenta con chicas luciendo figura y desvel\u00e1ndola poco a poco a los jugadores, y el principal motivo reside en las diferencias entre el casino y el casino porno de Pornhub que hay en 1xBet.<\/p>\r\n<p class=\"text-justify\">El punto m\u00e1s claro que diferencia ambas propuestas es la presencia de una dealer que se queda sin ropa y no deja de llamar la atenci\u00f3n de los usuarios. Quienes juegan, llegan a estresarse incluso m\u00e1s por la dificultad de centrar la atenci\u00f3n en las cartas y jugadas debido a ese otro factor extra que tantas miradas suele llevarse. La concentraci\u00f3n se pone mucho m\u00e1s a prueba aqu\u00ed, sobre todo en esas sesiones con webcam donde la chica interact\u00faa incluso m\u00e1s.<\/p>\r\n<span style=\"font-weight: 400;\"><div class=\"moreHome hideContent\"><\/span>\r\n<p class=\"text-justify\">Por otra parte, hay modalidades del casino online normal en las que se puede jugar sin pagar dinero, aunque se trata de versiones de prueba que sirven para divertirse por mero ocio o para, al menos, conocer los mecanismos de los juegos para intentar dominarlos. En el casino porno esta posibilidad no existe, lo que obliga a arriesgar dinero de entrada y con la dificultad adicional de tener a una chica que puede desconcentrarte con una facilidad pasmosa.<\/p>\r\n<span style=\"font-weight: 400;\"><\/div><\/span>\r\n\r\n<span style=\"font-weight: 400;\">\r\n<div class=\"cta-direct-bonus\">\r\n    <div class=\"col-lg-8 col-md-8 col-sm-8 col-xs-12\">\r\n        <div class=\"row\">\r\n            <p class=\"cta-direct-slogan\">\r\n                \u00bfEst\u00e1s listo para Atrapar tu Bono de Bienvenida?            <\/p>\r\n        <\/div>\r\n    <\/div>\r\n    <div class=\"col-lg-4 col-md-4 col-sm-4 col-xs-12\">\r\n        <div class=\"row\">\r\n             <span class=\"cursored button js-golink cta-direct-button hvr-animation new-hover\"  onclick=\"OpenGoLink(this);\" data-operator=\"8\" data-bonus=\"5369\"   data-clicks=\"16\"data-type=\"casino\" ><span>Visita 1xBet Ahora!<\/span> <\/span> \r\n        <\/div>\r\n    <\/div>\r\n<\/div>\r\n\r\n<style type=\"text\/css\" media=\"screen\">\r\n    .cta-direct-button.new-hover {\r\n        padding: 3px 0 2px;\r\n    }\r\n<\/style><\/span>","protected":false},"excerpt":{"rendered":"El juego es para adultos. Las Croupiers Porno en 1xBet demuestran que hay otra forma de entretenerse que va m\u00e1s all\u00e1 de las apuestas y los juegos de azar tradicionales, mezclando el erotismo con las sesiones subidas de tono para que los jugadores disfruten de otra forma de jugar. 1xbet porno casino forma parte de<a href=\"https:\/\/bet-bonus.net\/es\/porno-casino\/\"> &#8230;<\/a>","protected":false},"author":1,"featured_media":0,"parent":0,"menu_order":0,"comment_status":"closed","ping_status":"closed","template":"","meta":{"footnotes":""},"categories":[],"tags":[],"class_list":["post-140","page","type-page","status-publish","hentry"],"yoast_head":"<!-- This site is optimized with the Yoast SEO plugin v26.7 - https:\/\/yoast.com\/wordpress\/plugins\/seo\/ -->\n<title>1xbet Casino Porno \u00bb Juega En Vivo con Dealers Sexys de Pornhub<\/title>\n<meta name=\"robots\" content=\"index, follow, max-snippet:-1, max-image-preview:large, max-video-preview:-1\" \/>\n<link rel=\"canonical\" href=\"https:\/\/bet-bonus.net\/es\/porno-casino\/\" \/>\n<meta property=\"og:locale\" content=\"es_ES\" \/>\n<meta property=\"og:type\" content=\"article\" \/>\n<meta property=\"og:title\" content=\"1xbet Casino Porno \u00bb Juega En Vivo con Dealers Sexys de Pornhub\" \/>\n<meta property=\"og:url\" content=\"https:\/\/bet-bonus.net\/es\/porno-casino\/\" \/>\n<meta property=\"og:site_name\" content=\"bet-bonus.net ES\" \/>\n<meta property=\"article:modified_time\" content=\"2018-06-27T08:09:03+00:00\" \/>\n<meta name=\"twitter:card\" content=\"summary_large_image\" \/>\n<meta name=\"twitter:label1\" content=\"Tiempo de lectura\" \/>\n\t<meta name=\"twitter:data1\" content=\"8 minutos\" \/>\n<script type=\"application\/ld+json\" class=\"yoast-schema-graph\">{\"@context\":\"https:\/\/schema.org\",\"@graph\":[{\"@type\":\"WebPage\",\"@id\":\"https:\/\/bet-bonus.net\/es\/porno-casino\/\",\"url\":\"https:\/\/bet-bonus.net\/es\/porno-casino\/\",\"name\":\"1xbet Casino Porno \u00bb Juega En Vivo con Dealers Sexys de Pornhub\",\"isPartOf\":{\"@id\":\"https:\/\/bet-bonus.net\/es\/#website\"},\"datePublished\":\"2018-06-12T13:51:13+00:00\",\"dateModified\":\"2018-06-27T08:09:03+00:00\",\"breadcrumb\":{\"@id\":\"https:\/\/bet-bonus.net\/es\/porno-casino\/#breadcrumb\"},\"inLanguage\":\"es\",\"potentialAction\":[{\"@type\":\"ReadAction\",\"target\":[\"https:\/\/bet-bonus.net\/es\/porno-casino\/\"]}]},{\"@type\":\"BreadcrumbList\",\"@id\":\"https:\/\/bet-bonus.net\/es\/porno-casino\/#breadcrumb\",\"itemListElement\":[{\"@type\":\"ListItem\",\"position\":1,\"name\":\"Home\",\"item\":\"https:\/\/bet-bonus.net\/es\/\"},{\"@type\":\"ListItem\",\"position\":2,\"name\":\"Croupiers Porno en 1xBet - Divi\u00e9rtete con las Dealers de Pornhub\"}]},{\"@type\":\"WebSite\",\"@id\":\"https:\/\/bet-bonus.net\/es\/#website\",\"url\":\"https:\/\/bet-bonus.net\/es\/\",\"name\":\"bet-bonus.net ES\",\"description\":\"\",\"potentialAction\":[{\"@type\":\"SearchAction\",\"target\":{\"@type\":\"EntryPoint\",\"urlTemplate\":\"https:\/\/bet-bonus.net\/es\/?s={search_term_string}\"},\"query-input\":{\"@type\":\"PropertyValueSpecification\",\"valueRequired\":true,\"valueName\":\"search_term_string\"}}],\"inLanguage\":\"es\"}]}<\/script>\n<!-- \/ Yoast SEO plugin. -->","yoast_head_json":{"title":"1xbet Casino Porno \u00bb Juega En Vivo con Dealers Sexys de Pornhub","robots":{"index":"index","follow":"follow","max-snippet":"max-snippet:-1","max-image-preview":"max-image-preview:large","max-video-preview":"max-video-preview:-1"},"canonical":"https:\/\/bet-bonus.net\/es\/porno-casino\/","og_locale":"es_ES","og_type":"article","og_title":"1xbet Casino Porno \u00bb Juega En Vivo con Dealers Sexys de Pornhub","og_url":"https:\/\/bet-bonus.net\/es\/porno-casino\/","og_site_name":"bet-bonus.net ES","article_modified_time":"2018-06-27T08:09:03+00:00","twitter_card":"summary_large_image","twitter_misc":{"Tiempo de lectura":"8 minutos"},"schema":{"@context":"https:\/\/schema.org","@graph":[{"@type":"WebPage","@id":"https:\/\/bet-bonus.net\/es\/porno-casino\/","url":"https:\/\/bet-bonus.net\/es\/porno-casino\/","name":"1xbet Casino Porno \u00bb Juega En Vivo con Dealers Sexys de Pornhub","isPartOf":{"@id":"https:\/\/bet-bonus.net\/es\/#website"},"datePublished":"2018-06-12T13:51:13+00:00","dateModified":"2018-06-27T08:09:03+00:00","breadcrumb":{"@id":"https:\/\/bet-bonus.net\/es\/porno-casino\/#breadcrumb"},"inLanguage":"es","potentialAction":[{"@type":"ReadAction","target":["https:\/\/bet-bonus.net\/es\/porno-casino\/"]}]},{"@type":"BreadcrumbList","@id":"https:\/\/bet-bonus.net\/es\/porno-casino\/#breadcrumb","itemListElement":[{"@type":"ListItem","position":1,"name":"Home","item":"https:\/\/bet-bonus.net\/es\/"},{"@type":"ListItem","position":2,"name":"Croupiers Porno en 1xBet - Divi\u00e9rtete con las Dealers de Pornhub"}]},{"@type":"WebSite","@id":"https:\/\/bet-bonus.net\/es\/#website","url":"https:\/\/bet-bonus.net\/es\/","name":"bet-bonus.net ES","description":"","potentialAction":[{"@type":"SearchAction","target":{"@type":"EntryPoint","urlTemplate":"https:\/\/bet-bonus.net\/es\/?s={search_term_string}"},"query-input":{"@type":"PropertyValueSpecification","valueRequired":true,"valueName":"search_term_string"}}],"inLanguage":"es"}]}},"_links":{"self":[{"href":"https:\/\/bet-bonus.net\/es\/wp-json\/wp\/v2\/pages\/140","targetHints":{"allow":["GET"]}}],"collection":[{"href":"https:\/\/bet-bonus.net\/es\/wp-json\/wp\/v2\/pages"}],"about":[{"href":"https:\/\/bet-bonus.net\/es\/wp-json\/wp\/v2\/types\/page"}],"author":[{"embeddable":true,"href":"https:\/\/bet-bonus.net\/es\/wp-json\/wp\/v2\/users\/1"}],"replies":[{"embeddable":true,"href":"https:\/\/bet-bonus.net\/es\/wp-json\/wp\/v2\/comments?post=140"}],"version-history":[{"count":4,"href":"https:\/\/bet-bonus.net\/es\/wp-json\/wp\/v2\/pages\/140\/revisions"}],"predecessor-version":[{"id":456,"href":"https:\/\/bet-bonus.net\/es\/wp-json\/wp\/v2\/pages\/140\/revisions\/456"}],"wp:attachment":[{"href":"https:\/\/bet-bonus.net\/es\/wp-json\/wp\/v2\/media?parent=140"}],"wp:term":[{"taxonomy":"category","embeddable":true,"href":"https:\/\/bet-bonus.net\/es\/wp-json\/wp\/v2\/categories?post=140"},{"taxonomy":"post_tag","embeddable":true,"href":"https:\/\/bet-bonus.net\/es\/wp-json\/wp\/v2\/tags?post=140"}],"curies":[{"name":"wp","href":"https:\/\/api.w.org\/{rel}","templated":true}]}}