{"id":136,"date":"2018-06-12T13:33:55","date_gmt":"2018-06-12T13:33:55","guid":{"rendered":"http:\/\/bet-bonus.net\/es\/?page_id=136"},"modified":"2018-07-30T13:21:58","modified_gmt":"2018-07-30T13:21:58","slug":"giros-gratis","status":"publish","type":"page","link":"https:\/\/bet-bonus.net\/es\/giros-gratis\/","title":{"rendered":"Free Spins en 1xBet - Todos los Giros Gratis &#038; Tiradas en tu Mano"},"content":{"rendered":"<p class=\"text-justify\">Obtener Free Spins en 1xBet es una de las opciones que hacen tan interesante a este portal de apuestas deportivas y juegos de azar. Como aliciente para los usuarios, ofrece giros gratuitos a trav\u00e9s de diferentes iniciativas que llegan como promociones o bonificaciones y sirven para seguir jugando, apostando y, por supuesto, ganando.<\/p>\r\n<p class=\"text-justify\">Si quieres saberlo todo sobre 1xbet free spins, sigue leyendo todo lo que te contamos a continuaci\u00f3n. Vamos a repasar todos los detalles y alternativas que existen en esta web rusa<\/p>\r\n\r\n<h2 class=\"text-justify\">C\u00f3mo conseguir giros gratis en 1xbet sin depositar<\/h2>\r\n<p class=\"text-justify\">Los usuarios que se pregunten c\u00f3mo conseguir giros gratis en 1xbet sin depositar tienen a su disposici\u00f3n varias posibilidades que traen como respuesta un s\u00ed. Hay muchas casas de apuestas que, como regalo por el registro y apertura de cuenta, ofrecen estas tiradas gratuitas para empezar a jugar sin preocupaciones y sin el riesgo de perder dinero; no obstante, 1xBet no apuesta por ello.<\/p>\r\n<p class=\"text-justify\">Esta casa de apuestas tiene como promoci\u00f3n de entrada un bono de hasta 100\u20ac\u20ac a invertir jugando en apuestas u otras alternativas, pero no da tiradas gratuitas de forma expl\u00edcita como regalo de entrada. A\u00fan as\u00ed, esto no impide que s\u00ed ofrezca otras maneras de regalar partidas con free spins, lo que a su vez lleva a la posibilidad de jugar de forma gratuita y sin gastar ni un c\u00e9ntimo, salvo para hacer el dep\u00f3sito de entrada en el portal.<\/p>\r\n<p class=\"text-justify\"><span style=\"font-weight: 400;\">\n<style>\n #operator-closed {\n        margin-top: 3em;\n        margin-bottom: 1rem;\n        color: #414141; \n    }\n    .operator-closed-body {\n        min-height: 420px;\n        background-color: #F9F9F9;\n    }\n    #operator-closed .operator-closed-message {\n        display: flex;\n        align-items: center;\n        justify-content: center;\n        font-size: 20px;\n        text-align: center;\n        color: #fff;\n        padding: 1.75em 0.5rem;\n        background: #002E5D;\n        text-shadow: 0 1px 1px rgba(0, 0, 0, 0.3);\n        box-shadow: 0 -4px 0 0 #1a1a1a;\n    }\n    #operator-closed .operator-closed-message b {\n        display: block;\n        font-size: 24px;\n    }\n    .operator-closed-box-container {\n        padding: 40px 30px;\n    }\n    #operator-closed .operator-closed-box {\n        display: flex;\n        flex-direction: column;\n        justify-content: center;\n        align-items: center;\n        background-color: #FFFFFF;\n        box-shadow: 0px 0px 5px #00000024;\n    }\n   \/* #operator-closed .operator-closed-box a:first-of-type {\n        display: flex;\n        justify-content: center;\n        width: 100%;\n        background: #ffffff;\n        border-top: 3px solid #f46613;\n    }*\/\n    #operator-closed img {\n        width: 100px;\n        display: block;\n    }\n    #operator-closed .operator-box-header { \n        display: flex; \n        width: 100%;\n        justify-content: center;\n        background-color: #ECECEC; \n        padding: 13px;\n    }\n    #operator-closed .operator-closed-box-stars {\n        display: flex;\n        flex-wrap: wrap;\n        justify-content: center;\n        padding: 1em 0;\n    }\n    #operator-closed .operator-closed-box-stars span{\n        color: #002E5D;\n        font-size: 36px;\n        line-height: 1.1;\n        text-align: center;\n        width: 100%;\n        font-weight: 900;\n    }\n    #operator-closed .button {\n        text-transform: uppercase;\n        margin-top: 0;\n        margin-bottom: 28px;\n        font-weight: 600;\n        padding: 10px 13px; \n        font-size: 13px; \n        width: 100%;\n    }\n    #operator-closed .button i {\n        font-size: 12px;\n        padding-top: 0;\n    }\n    .claim-bonus-code:hover>.bonus-btn-main-sec {\n        color: #c8102e;\n    }\n    @media ( max-width: 767px ) {\n\n        #operator-closed .operator-closed-message {\n            font-size: 14px;\n        }  \n        #operator-closed .operator-closed-message b {\n            font-size: 17px;\n        }\n        #operator-closed .operator-closed-box {\n            flex-direction: row;\n            flex-wrap: wrap;\n            justify-content: space-around;\n            max-width: 300px;\n            margin-left: auto;\n            margin-right: auto;\n        }\n        #operator-closed .col-lg-4.col-md-6.col-sm-4.col-xs-12:nth-child(3) .operator-closed-box {\n            margin-bottom: 0; \n        }\n        .operator-closed-box-container {\n            padding: 30px 15px;\n        }\n        #operator-closed .operator-closed-box {\n            margin-bottom: 2.5rem; \n        }\n    }\n<\/style>\n<div id=\"operator-closed-wrapper\">\n    <div id=\"operator-closed\" class=\"operator-closed-body\">\n        <div class=\"operator-closed-message \">\n\n            <div><b>Mejor echa un vistazo a estos mejores casinos<\/b>\n                             <\/div>\n        <\/div>\n        \n        <div class=\"row operator-closed-box-container\">\n                    <\/div>\n    <\/div>\n<\/div><\/span><\/p>\r\n<span style=\"font-weight: 400;\"><div class=\"moreHome hideContent\"><\/span>\r\n<p class=\"text-justify\">Gracias a esto, un vistazo por las diferentes promos accesibles desde la<a href=\"https:\/\/bet-bonus.net\/es\/\"> p\u00e1gina de inicio de 1xBet<\/a> sirve para encontrar varias iniciativas que, si bien ofrecen una gran cantidad de premios, tambi\u00e9n cuentan con tiradas gratuitas como recompensas. No vamos a profundizar demasiado en ellas de momento, ya que lo haremos a continuaci\u00f3n; pero s\u00ed a aclarar que la posibilidad est\u00e1 presente en este operador de apuestas y juegos ruso como regalo adicional para los m\u00e1s afortunados.<\/p>\r\n<p class=\"text-justify\">Tambi\u00e9n es importante se\u00f1alar que las ofertas y promociones es algo bastante flexible y que, cada cierto tiempo, se a\u00f1aden m\u00e1s y m\u00e1s iniciativas especiales que ayudan a tener acceso a estas tiradas a coste cero en las m\u00e1quinas tragamonedas. Sea con motivo de alguna competici\u00f3n deportiva importante o por alguna estaci\u00f3n, festividad o simplemente por a\u00f1adir algo nuevo, suelen llegar e irse alternando con las habituales para animar a m\u00e1s usuarios con todo tipo de regalos y recompensas.<\/p>\r\n<span style=\"font-weight: 400;\"><\/div><\/span>\r\n<h2 class=\"text-justify\">\u00bfPuedo conseguir free spins despu\u00e9s de depositar dinero?<\/h2>\r\n<p class=\"text-justify\">Una vez hayas hecho tu primer dep\u00f3sito dentro de tu <a href=\"https:\/\/bet-bonus.net\/es\/registrarse\/\">cuenta de 1xBet<\/a>, la p\u00e1gina te brinda varias formas de conseguir free spins despu\u00e9s de depositar cualquier cantidad de dinero. No es algo autom\u00e1tico ni ninguna iniciativa como puede verse en otros portales dedicados tambi\u00e9n al azar y a las apuestas; pero s\u00ed aprovechable con las promociones que se encuentran disponibles en la secci\u00f3n de la que disponen.<\/p>\r\n<p class=\"text-justify\">Con este sistema, el \u00fanico requisito que propone la web de apuestas es que se juegue o se apueste, pero ofreciendo como recompensa no solo la opci\u00f3n de generar ingresos con las victorias, sino tambi\u00e9n esas oportunidades de jugar m\u00e1s de lo habitual sin ning\u00fan coste extra. Es una doble bonificaci\u00f3n que hace que ganar sea m\u00e1s satisfactorio y que anima a seguir jugando para intentar acumular m\u00e1s ganancias todav\u00eda.<\/p>\r\n<span style=\"font-weight: 400;\"><div class=\"moreHome hideContent\"><\/span>\r\n<p class=\"text-justify\">No obstante, al menos por ahora no existen formas de recibir tiradas gratis por el mero hecho de apostar. Hay que aprovechar determinadas promociones para poder hacerlo, al contrario de en determinados portales donde, por el mero hecho de participar, se ofrecen los free spins autom\u00e1ticamente, aunque tambi\u00e9n sujetos a condiciones determinadas para no dar tanta libertad como pudiera parecer al principio.<\/p>\r\n<span style=\"font-weight: 400;\"><\/div><\/span>\r\n\r\n<span style=\"font-weight: 400;\"> \r\n<div class=\"cta-direct-bonus\">\r\n    <div class=\"col-lg-8 col-md-8 col-sm-8 col-xs-12\">\r\n        <div class=\"row\">\r\n            <p class=\"cta-direct-slogan\">\r\n                \u00bfEst\u00e1s listo para Atrapar tu Bono de Bienvenida?            <\/p>\r\n        <\/div>\r\n    <\/div>\r\n    <div class=\"col-lg-4 col-md-4 col-sm-4 col-xs-12\">\r\n        <div class=\"row\">\r\n             <span class=\"cursored button js-golink cta-direct-button hvr-animation new-hover\"  onclick=\"OpenGoLink(this);\" data-operator=\"8\" data-bonus=\"5369\"   data-clicks=\"16\"data-type=\"casino\" ><span>Visita 1xBet Ahora!<\/span> <\/span> \r\n        <\/div>\r\n    <\/div>\r\n<\/div>\r\n\r\n<style type=\"text\/css\" media=\"screen\">\r\n    .cta-direct-button.new-hover {\r\n        padding: 3px 0 2px;\r\n    }\r\n<\/style><\/span>\r\n<h2 class=\"text-justify\">Free Spins en 1xbet - En qu\u00e9 tragaperras puedo jugar<\/h2>\r\n<p class=\"text-justify\">No todas las tragaperras son compatibles con 1xbet free spins. Cuando el jugador concluye con su primer dep\u00f3sito y decide echar un vistazo a aquellos juegos donde tiene la ocasi\u00f3n de jugar sin pagar, observa que el cat\u00e1logo de posibilidades se reduce a un determinado conjunto de slots que son compatibles con esta promoci\u00f3n.<\/p>\r\n<p class=\"text-justify\">De hecho, la cantidad de tiradas gratis que se pueden realizar es algo que tambi\u00e9n depende de las tragamonedas. As\u00ed, algunas exigen un n\u00famero mayor para poder hacer un spin gratis, mientras que otras menos. Es bastante interesante y recomendable echar un vistazo previo para comprobar cu\u00e1les son los requisitos que estas imponen y, en consecuencia, determinar cu\u00e1les son las m\u00e1s recomendables para jugar.<\/p>\r\n<span style=\"font-weight: 400;\"><div class=\"moreHome hideContent\"><\/span>\r\n<p class=\"text-justify\">Los nombres m\u00e1s destacados de<a href=\"https:\/\/bet-bonus.net\/es\/tragaperras\/\"> tragaperras de 1xbet<\/a> en las que jugar gratis son Wild Cherries, Classico, Booming Seven Deluxe, Dragon Kingdom y Fruit Slots. Aunque hay muchas m\u00e1s en las que es posible disfrutar de estas partidas sin tener que pagar nada, sin contar las versiones demo; estas son las que ofrecen un mayor \u00edndice de victoria y, a su vez, consumen menos giros gratuitos.<\/p>\r\n<p class=\"text-justify\">Aprovech\u00e1ndolas y sacando partido de todas las promos que ofrezcan estas tiradas sin coste, es posible hacer muchas apuestas con las que maximizar el beneficio sin apenas riesgo de p\u00e9rdidas.<\/p>\r\n<span style=\"font-weight: 400;\"><\/div><\/span>\r\n<p class=\"text-justify\"><span style=\"font-weight: 400;\">\n<style>\n #operator-closed {\n        margin-top: 3em;\n        margin-bottom: 1rem;\n        color: #414141; \n    }\n    .operator-closed-body {\n        min-height: 420px;\n        background-color: #F9F9F9;\n    }\n    #operator-closed .operator-closed-message {\n        display: flex;\n        align-items: center;\n        justify-content: center;\n        font-size: 20px;\n        text-align: center;\n        color: #fff;\n        padding: 1.75em 0.5rem;\n        background: #002E5D;\n        text-shadow: 0 1px 1px rgba(0, 0, 0, 0.3);\n        box-shadow: 0 -4px 0 0 #1a1a1a;\n    }\n    #operator-closed .operator-closed-message b {\n        display: block;\n        font-size: 24px;\n    }\n    .operator-closed-box-container {\n        padding: 40px 30px;\n    }\n    #operator-closed .operator-closed-box {\n        display: flex;\n        flex-direction: column;\n        justify-content: center;\n        align-items: center;\n        background-color: #FFFFFF;\n        box-shadow: 0px 0px 5px #00000024;\n    }\n   \/* #operator-closed .operator-closed-box a:first-of-type {\n        display: flex;\n        justify-content: center;\n        width: 100%;\n        background: #ffffff;\n        border-top: 3px solid #f46613;\n    }*\/\n    #operator-closed img {\n        width: 100px;\n        display: block;\n    }\n    #operator-closed .operator-box-header { \n        display: flex; \n        width: 100%;\n        justify-content: center;\n        background-color: #ECECEC; \n        padding: 13px;\n    }\n    #operator-closed .operator-closed-box-stars {\n        display: flex;\n        flex-wrap: wrap;\n        justify-content: center;\n        padding: 1em 0;\n    }\n    #operator-closed .operator-closed-box-stars span{\n        color: #002E5D;\n        font-size: 36px;\n        line-height: 1.1;\n        text-align: center;\n        width: 100%;\n        font-weight: 900;\n    }\n    #operator-closed .button {\n        text-transform: uppercase;\n        margin-top: 0;\n        margin-bottom: 28px;\n        font-weight: 600;\n        padding: 10px 13px; \n        font-size: 13px; \n        width: 100%;\n    }\n    #operator-closed .button i {\n        font-size: 12px;\n        padding-top: 0;\n    }\n    .claim-bonus-code:hover>.bonus-btn-main-sec {\n        color: #c8102e;\n    }\n    @media ( max-width: 767px ) {\n\n        #operator-closed .operator-closed-message {\n            font-size: 14px;\n        }  \n        #operator-closed .operator-closed-message b {\n            font-size: 17px;\n        }\n        #operator-closed .operator-closed-box {\n            flex-direction: row;\n            flex-wrap: wrap;\n            justify-content: space-around;\n            max-width: 300px;\n            margin-left: auto;\n            margin-right: auto;\n        }\n        #operator-closed .col-lg-4.col-md-6.col-sm-4.col-xs-12:nth-child(3) .operator-closed-box {\n            margin-bottom: 0; \n        }\n        .operator-closed-box-container {\n            padding: 30px 15px;\n        }\n        #operator-closed .operator-closed-box {\n            margin-bottom: 2.5rem; \n        }\n    }\n<\/style>\n<div id=\"operator-closed-wrapper\">\n    <div id=\"operator-closed\" class=\"operator-closed-body\">\n        <div class=\"operator-closed-message \">\n\n            <div><b>Mejor echa un vistazo a estos mejores casinos<\/b>\n                             <\/div>\n        <\/div>\n        \n        <div class=\"row operator-closed-box-container\">\n                    <\/div>\n    <\/div>\n<\/div><\/span><\/p>\r\n\r\n<h2 class=\"text-justify\">Gu\u00eda para conseguir tiradas gratis en 1xbet<\/h2>\r\n<p class=\"text-justify\">Para conseguir tiradas gratis en 1xbet, lo primero que el usuario ha de hacer es iniciar sesi\u00f3n con su perfil. Cuando ya lo haya hecho, lo siguiente es comprobar si hay fondos disponibles para poder jugar. En caso positivo, el resto es proceder como explicaremos a continuaci\u00f3n:<\/p>\r\n\r\n<ol>\r\n \t<li class=\"text-justify\">Ve a la secci\u00f3n Promo. En la pantalla inicial de 1xBet, pulsa en Promo y espera a que aparezca el men\u00fa desplegable. Tras esto, clica en la primera opci\u00f3n que hay disponible, la de Promociones.<\/li>\r\n \t<li class=\"text-justify\">Autom\u00e1ticamente, tras el paso anterior, aparece una lista con todas las ofertas y promos que hay activas en el momento. Aqu\u00ed hay que echar un vistazo a todas las disponibles para ver cu\u00e1les ofrecen como recompensa los free spins. Dado que es algo que se actualiza con cierta periodicidad, es conveniente ver los requisitos y regalos que se ofrecen para ver cu\u00e1l conviene m\u00e1s. Aunque tambi\u00e9n es habitual que estas tiradas figuren en desaf\u00edos como los de premios valiosos o los de vencer a 1xBet.<\/li>\r\n \t<li class=\"text-justify\">Cumple las condiciones que se establecen, que muchas veces se reducen a seguir jugando para acumular puntos a canjear o para participar en los sorteos de spins gratis.<\/li>\r\n \t<li class=\"text-justify\">Cuando las tengas, dir\u00edgete a cualquiera de las tragaperras compatibles en <a href=\"https:\/\/bet-bonus.net\/es\/casino\/\">1xbet Casino<\/a>, como las que hemos listado en el apartado anterior, y procede a jugar como de costumbre. Tendr\u00e1s la opci\u00f3n de sacar provecho del premio que has conseguido, como tambi\u00e9n de acumular m\u00e1s tiradas si logras hacer determinadas combinaciones mientras juegas.<\/li>\r\n<\/ol>\r\n<p class=\"text-justify\">Es un proceso sencillo, pero que tiene como meta algo tan interesante y tentador como es jugar sin pagar, y lo que es mejor, ganar dinero sin pagar.<\/p>\r\n\r\n<h2 class=\"text-justify\">Resumen de los giros gratis en 1xbet<\/h2>\r\n<p class=\"text-justify\">Haciendo un peque\u00f1o ejercicio de s\u00edntesis, todo el sector de 1xbet free spins se puede resumir en dos posibilidades disponibles para los jugadores que quieran aprovecharlas.<\/p>\r\n<p class=\"text-justify\">En primer lugar, est\u00e1 la opci\u00f3n siempre presente de probar las versiones gratuitas de las tragamonedas. La mayor\u00eda, para que el usuario pueda habituarse, cuenta con un modo de demostraci\u00f3n en el que se simula dinero real, de forma que se juegan las partidas con la \u00fanica diferencia de que no es necesario sacar dinero de los fondos depositados en cuenta. No hay riesgos, pero tampoco se generan beneficios en caso de acumular victorias.<\/p>\r\n<span style=\"font-weight: 400;\"><div class=\"moreHome hideContent\"><\/span>\r\n<p class=\"text-justify\">Por otra parte, est\u00e1n las promociones que 1xBet tiene activas y las que a\u00f1ade cada poco tiempo. Estas tienen como finalidad el animar a los jugadores a probar suerte, pero ofreciendo adem\u00e1s la posibilidad de, entre todo tipo de regalos, conseguir tiradas sin coste alguno que, posteriormente, se pueden aprovechar para encadenar con apuestas y conseguir que los ingresos se multipliquen considerablemente.<\/p>\r\n<p class=\"text-justify\">Los giros y las tiradas gratuitas se encuentran disponibles dentro de 1xBet como una de tantas posibilidades para los jugadores tanto nuevos como veteranos. Ambos tienen distintas formas de conseguir estos extras con los que seguir jugando, seguir ganando y, como siempre, seguir disfrutando.<\/p>\r\n<span style=\"font-weight: 400;\"><\/div><\/span>\r\n\r\n<span style=\"font-weight: 400;\">\r\n<div class=\"cta-direct-bonus\">\r\n    <div class=\"col-lg-8 col-md-8 col-sm-8 col-xs-12\">\r\n        <div class=\"row\">\r\n            <p class=\"cta-direct-slogan\">\r\n                \u00bfEst\u00e1s listo para Atrapar tu Bono de Bienvenida?            <\/p>\r\n        <\/div>\r\n    <\/div>\r\n    <div class=\"col-lg-4 col-md-4 col-sm-4 col-xs-12\">\r\n        <div class=\"row\">\r\n             <span class=\"cursored button js-golink cta-direct-button hvr-animation new-hover\"  onclick=\"OpenGoLink(this);\" data-operator=\"8\" data-bonus=\"5369\"   data-clicks=\"16\"data-type=\"casino\" ><span>Visita 1xBet Ahora!<\/span> <\/span> \r\n        <\/div>\r\n    <\/div>\r\n<\/div>\r\n\r\n<style type=\"text\/css\" media=\"screen\">\r\n    .cta-direct-button.new-hover {\r\n        padding: 3px 0 2px;\r\n    }\r\n<\/style><\/span>","protected":false},"excerpt":{"rendered":"Obtener Free Spins en 1xBet es una de las opciones que hacen tan interesante a este portal de apuestas deportivas y juegos de azar. Como aliciente para los usuarios, ofrece giros gratuitos a trav\u00e9s de diferentes iniciativas que llegan como promociones o bonificaciones y sirven para seguir jugando, apostando y, por supuesto, ganando. Si quieres<a href=\"https:\/\/bet-bonus.net\/es\/giros-gratis\/\"> &#8230;<\/a>","protected":false},"author":1,"featured_media":0,"parent":0,"menu_order":0,"comment_status":"closed","ping_status":"closed","template":"","meta":{"footnotes":""},"categories":[],"tags":[],"class_list":["post-136","page","type-page","status-publish","hentry"],"yoast_head":"<!-- This site is optimized with the Yoast SEO plugin v26.7 - https:\/\/yoast.com\/wordpress\/plugins\/seo\/ -->\n<title>1xbet Giros Gratis \u00bb C\u00f3mo Ganar Free Spins abril 2026<\/title>\n<meta name=\"robots\" content=\"index, follow, max-snippet:-1, max-image-preview:large, max-video-preview:-1\" \/>\n<link rel=\"canonical\" href=\"https:\/\/bet-bonus.net\/es\/giros-gratis\/\" \/>\n<meta property=\"og:locale\" content=\"es_ES\" \/>\n<meta property=\"og:type\" content=\"article\" \/>\n<meta property=\"og:title\" content=\"1xbet Giros Gratis \u00bb C\u00f3mo Ganar Free Spins abril 2026\" \/>\n<meta property=\"og:url\" content=\"https:\/\/bet-bonus.net\/es\/giros-gratis\/\" \/>\n<meta property=\"og:site_name\" content=\"bet-bonus.net ES\" \/>\n<meta property=\"article:modified_time\" content=\"2018-07-30T13:21:58+00:00\" \/>\n<meta name=\"twitter:card\" content=\"summary_large_image\" \/>\n<meta name=\"twitter:label1\" content=\"Tiempo de lectura\" \/>\n\t<meta name=\"twitter:data1\" content=\"7 minutos\" \/>\n<script type=\"application\/ld+json\" class=\"yoast-schema-graph\">{\"@context\":\"https:\/\/schema.org\",\"@graph\":[{\"@type\":\"WebPage\",\"@id\":\"https:\/\/bet-bonus.net\/es\/giros-gratis\/\",\"url\":\"https:\/\/bet-bonus.net\/es\/giros-gratis\/\",\"name\":\"1xbet Giros Gratis \u00bb C\u00f3mo Ganar Free Spins [month_name] [year]\",\"isPartOf\":{\"@id\":\"https:\/\/bet-bonus.net\/es\/#website\"},\"datePublished\":\"2018-06-12T13:33:55+00:00\",\"dateModified\":\"2018-07-30T13:21:58+00:00\",\"breadcrumb\":{\"@id\":\"https:\/\/bet-bonus.net\/es\/giros-gratis\/#breadcrumb\"},\"inLanguage\":\"es\",\"potentialAction\":[{\"@type\":\"ReadAction\",\"target\":[\"https:\/\/bet-bonus.net\/es\/giros-gratis\/\"]}]},{\"@type\":\"BreadcrumbList\",\"@id\":\"https:\/\/bet-bonus.net\/es\/giros-gratis\/#breadcrumb\",\"itemListElement\":[{\"@type\":\"ListItem\",\"position\":1,\"name\":\"Home\",\"item\":\"https:\/\/bet-bonus.net\/es\/\"},{\"@type\":\"ListItem\",\"position\":2,\"name\":\"Free Spins en 1xBet - Todos los Giros Gratis &#038; Tiradas en tu Mano\"}]},{\"@type\":\"WebSite\",\"@id\":\"https:\/\/bet-bonus.net\/es\/#website\",\"url\":\"https:\/\/bet-bonus.net\/es\/\",\"name\":\"bet-bonus.net ES\",\"description\":\"\",\"potentialAction\":[{\"@type\":\"SearchAction\",\"target\":{\"@type\":\"EntryPoint\",\"urlTemplate\":\"https:\/\/bet-bonus.net\/es\/?s={search_term_string}\"},\"query-input\":{\"@type\":\"PropertyValueSpecification\",\"valueRequired\":true,\"valueName\":\"search_term_string\"}}],\"inLanguage\":\"es\"}]}<\/script>\n<!-- \/ Yoast SEO plugin. -->","yoast_head_json":{"title":"1xbet Giros Gratis \u00bb C\u00f3mo Ganar Free Spins abril 2026","robots":{"index":"index","follow":"follow","max-snippet":"max-snippet:-1","max-image-preview":"max-image-preview:large","max-video-preview":"max-video-preview:-1"},"canonical":"https:\/\/bet-bonus.net\/es\/giros-gratis\/","og_locale":"es_ES","og_type":"article","og_title":"1xbet Giros Gratis \u00bb C\u00f3mo Ganar Free Spins abril 2026","og_url":"https:\/\/bet-bonus.net\/es\/giros-gratis\/","og_site_name":"bet-bonus.net ES","article_modified_time":"2018-07-30T13:21:58+00:00","twitter_card":"summary_large_image","twitter_misc":{"Tiempo de lectura":"7 minutos"},"schema":{"@context":"https:\/\/schema.org","@graph":[{"@type":"WebPage","@id":"https:\/\/bet-bonus.net\/es\/giros-gratis\/","url":"https:\/\/bet-bonus.net\/es\/giros-gratis\/","name":"1xbet Giros Gratis \u00bb C\u00f3mo Ganar Free Spins [month_name] [year]","isPartOf":{"@id":"https:\/\/bet-bonus.net\/es\/#website"},"datePublished":"2018-06-12T13:33:55+00:00","dateModified":"2018-07-30T13:21:58+00:00","breadcrumb":{"@id":"https:\/\/bet-bonus.net\/es\/giros-gratis\/#breadcrumb"},"inLanguage":"es","potentialAction":[{"@type":"ReadAction","target":["https:\/\/bet-bonus.net\/es\/giros-gratis\/"]}]},{"@type":"BreadcrumbList","@id":"https:\/\/bet-bonus.net\/es\/giros-gratis\/#breadcrumb","itemListElement":[{"@type":"ListItem","position":1,"name":"Home","item":"https:\/\/bet-bonus.net\/es\/"},{"@type":"ListItem","position":2,"name":"Free Spins en 1xBet - Todos los Giros Gratis &#038; Tiradas en tu Mano"}]},{"@type":"WebSite","@id":"https:\/\/bet-bonus.net\/es\/#website","url":"https:\/\/bet-bonus.net\/es\/","name":"bet-bonus.net ES","description":"","potentialAction":[{"@type":"SearchAction","target":{"@type":"EntryPoint","urlTemplate":"https:\/\/bet-bonus.net\/es\/?s={search_term_string}"},"query-input":{"@type":"PropertyValueSpecification","valueRequired":true,"valueName":"search_term_string"}}],"inLanguage":"es"}]}},"_links":{"self":[{"href":"https:\/\/bet-bonus.net\/es\/wp-json\/wp\/v2\/pages\/136","targetHints":{"allow":["GET"]}}],"collection":[{"href":"https:\/\/bet-bonus.net\/es\/wp-json\/wp\/v2\/pages"}],"about":[{"href":"https:\/\/bet-bonus.net\/es\/wp-json\/wp\/v2\/types\/page"}],"author":[{"embeddable":true,"href":"https:\/\/bet-bonus.net\/es\/wp-json\/wp\/v2\/users\/1"}],"replies":[{"embeddable":true,"href":"https:\/\/bet-bonus.net\/es\/wp-json\/wp\/v2\/comments?post=136"}],"version-history":[{"count":5,"href":"https:\/\/bet-bonus.net\/es\/wp-json\/wp\/v2\/pages\/136\/revisions"}],"predecessor-version":[{"id":455,"href":"https:\/\/bet-bonus.net\/es\/wp-json\/wp\/v2\/pages\/136\/revisions\/455"}],"wp:attachment":[{"href":"https:\/\/bet-bonus.net\/es\/wp-json\/wp\/v2\/media?parent=136"}],"wp:term":[{"taxonomy":"category","embeddable":true,"href":"https:\/\/bet-bonus.net\/es\/wp-json\/wp\/v2\/categories?post=136"},{"taxonomy":"post_tag","embeddable":true,"href":"https:\/\/bet-bonus.net\/es\/wp-json\/wp\/v2\/tags?post=136"}],"curies":[{"name":"wp","href":"https:\/\/api.w.org\/{rel}","templated":true}]}}