{"id":132,"date":"2018-06-12T13:16:35","date_gmt":"2018-06-12T13:16:35","guid":{"rendered":"http:\/\/bet-bonus.net\/es\/?page_id=132"},"modified":"2018-08-07T13:22:56","modified_gmt":"2018-08-07T13:22:56","slug":"tragaperras","status":"publish","type":"page","link":"https:\/\/bet-bonus.net\/es\/tragaperras\/","title":{"rendered":"Tragaperras de 1xBet - Las Mejores Tragamonedas a tu Alcance"},"content":{"rendered":"<p class=\"text-justify\">Las m\u00e1quinas tragaperras de 1xBet son las mejores tragamonedas que puedas imaginar y totalmente dispuestas a tu alcance. Estos juegos, parte b\u00e1sica y tradicional de todo lo relacionado con el azar, se encuentran disponibles dentro del portal de la casa de apuestas rusa, de la mano de las compa\u00f1\u00edas profesionales m\u00e1s reputadas del sector.<\/p>\r\n<p class=\"text-justify\">Vamos a explicar todo lo relacionado con 1xbet Tragaperras para que sepas qu\u00e9 puedes encontrar en la web de juego y apuestas deportivas tanto por cat\u00e1logo como por ofertas y opciones.<\/p>\r\n\r\n<h2 class=\"text-justify\">Bonos para jugar a las tragaperras en 1xbet<\/h2>\r\n<p class=\"text-justify\">Los bonos para jugar a las tragaperras en 1xbet est\u00e1n orientados de forma que permiten incluso disfrutar de juegos de tragamonedas gratis si se aprovechan como es debido. Por supuesto, ofrecen tambi\u00e9n la oportunidad de conseguir recompensas especiales en forma de premios o tener <a href=\"https:\/\/bet-bonus.net\/es\/giros-gratis\/\">tiradas gratis<\/a> extra, construyendo todo un abanico de facilidades para el jugador.<\/p>\r\n<p class=\"text-justify\">En primer lugar, tenemos el <a href=\"https:\/\/bet-bonus.net\/es\/\">bono de bienvenida de 1xbet<\/a>. Este consiste en la posibilidad de recibir hasta 100\u20ac\u20ac de dinero extra tras completar el registro de usuario y a\u00f1adir fondos a la cuenta. En sus condiciones, no obstante, establece que hay que realizar una serie de apuestas combinadas en la modalidad deportiva en un plazo inferior a 30 d\u00edas, pero a cambio brinda esa oportunidad de tener una buena inyecci\u00f3n de dinero extra.<\/p>\r\n<span style=\"font-weight: 400;\">\n<style>\n #operator-closed {\n        margin-top: 3em;\n        margin-bottom: 1rem;\n        color: #414141; \n    }\n    .operator-closed-body {\n        min-height: 420px;\n        background-color: #F9F9F9;\n    }\n    #operator-closed .operator-closed-message {\n        display: flex;\n        align-items: center;\n        justify-content: center;\n        font-size: 20px;\n        text-align: center;\n        color: #fff;\n        padding: 1.75em 0.5rem;\n        background: #002E5D;\n        text-shadow: 0 1px 1px rgba(0, 0, 0, 0.3);\n        box-shadow: 0 -4px 0 0 #1a1a1a;\n    }\n    #operator-closed .operator-closed-message b {\n        display: block;\n        font-size: 24px;\n    }\n    .operator-closed-box-container {\n        padding: 40px 30px;\n    }\n    #operator-closed .operator-closed-box {\n        display: flex;\n        flex-direction: column;\n        justify-content: center;\n        align-items: center;\n        background-color: #FFFFFF;\n        box-shadow: 0px 0px 5px #00000024;\n    }\n   \/* #operator-closed .operator-closed-box a:first-of-type {\n        display: flex;\n        justify-content: center;\n        width: 100%;\n        background: #ffffff;\n        border-top: 3px solid #f46613;\n    }*\/\n    #operator-closed img {\n        width: 100px;\n        display: block;\n    }\n    #operator-closed .operator-box-header { \n        display: flex; \n        width: 100%;\n        justify-content: center;\n        background-color: #ECECEC; \n        padding: 13px;\n    }\n    #operator-closed .operator-closed-box-stars {\n        display: flex;\n        flex-wrap: wrap;\n        justify-content: center;\n        padding: 1em 0;\n    }\n    #operator-closed .operator-closed-box-stars span{\n        color: #002E5D;\n        font-size: 36px;\n        line-height: 1.1;\n        text-align: center;\n        width: 100%;\n        font-weight: 900;\n    }\n    #operator-closed .button {\n        text-transform: uppercase;\n        margin-top: 0;\n        margin-bottom: 28px;\n        font-weight: 600;\n        padding: 10px 13px; \n        font-size: 13px; \n        width: 100%;\n    }\n    #operator-closed .button i {\n        font-size: 12px;\n        padding-top: 0;\n    }\n    .claim-bonus-code:hover>.bonus-btn-main-sec {\n        color: #c8102e;\n    }\n    @media ( max-width: 767px ) {\n\n        #operator-closed .operator-closed-message {\n            font-size: 14px;\n        }  \n        #operator-closed .operator-closed-message b {\n            font-size: 17px;\n        }\n        #operator-closed .operator-closed-box {\n            flex-direction: row;\n            flex-wrap: wrap;\n            justify-content: space-around;\n            max-width: 300px;\n            margin-left: auto;\n            margin-right: auto;\n        }\n        #operator-closed .col-lg-4.col-md-6.col-sm-4.col-xs-12:nth-child(3) .operator-closed-box {\n            margin-bottom: 0; \n        }\n        .operator-closed-box-container {\n            padding: 30px 15px;\n        }\n        #operator-closed .operator-closed-box {\n            margin-bottom: 2.5rem; \n        }\n    }\n<\/style>\n<div id=\"operator-closed-wrapper\">\n    <div id=\"operator-closed\" class=\"operator-closed-body\">\n        <div class=\"operator-closed-message \">\n\n            <div><b>Mejor echa un vistazo a estos mejores casinos<\/b>\n                             <\/div>\n        <\/div>\n        \n        <div class=\"row operator-closed-box-container\">\n                    <\/div>\n    <\/div>\n<\/div><\/span>\r\n\r\n<span style=\"font-weight: 400;\"><div class=\"moreHome hideContent\"><\/span>\r\n<p class=\"text-justify\">Entrando en el apartado de Promo del portal inicial de 1xBet, es posible contemplar otras tantas alternativas que aparecen listadas. Cada d\u00eda se reparten premios de todo tipo que sirven para obtener desde ordenadores port\u00e1tiles hasta dinero o consolas a base de jugar con estas tragamonedas. Todo pensado para que, adem\u00e1s de obtener sumas de dinero, tambi\u00e9n puedas llevarte algo m\u00e1s que te haga disfrutar el doble con tus victorias.<\/p>\r\n<p class=\"text-justify\">Otra de las opciones que tambi\u00e9n aparecen disponibles es la de conseguir tiradas gratuitas. A trav\u00e9s de diferentes eventos que se organizan en la web, el jugador es capaz de obtener una gran cantidad de free spins a utilizar en 1xbet slots. De esta forma, y gracias a ello, teniendo la suerte de tu lado, puedes ser capaz de ganar apuestas sin gastar nada gracias a estas tiradas extra que hayas podido ganar previamente.<\/p>\r\n<p class=\"text-justify\">En resumen, hay muchas promociones y ofertas pensadas para estos juegos. Adem\u00e1s, cabe mencionar que se a\u00f1aden cada cierto tiempo otras que pueden ser o bien tem\u00e1ticas o bien basadas en eventos deportivos importantes, algo que maximiza las ventajas y ampl\u00eda a\u00fan m\u00e1s el abanico de recompensas y facilidades.<\/p>\r\n<span style=\"font-weight: 400;\"><\/div><\/span>\r\n<h2 class=\"text-justify\">Tipos de slots disponibles en 1xbet - Los mejores t\u00edtulos<\/h2>\r\n<p class=\"text-justify\">Uno de los puntos a favor y m\u00e1s importantes de la casa de apuestas rusa es la cantidad de slots que hay a disposici\u00f3n del jugador. Los tipos de slots disponibles en 1xbet son de lo m\u00e1s variado y, de hecho, recogen algunos de los mejores t\u00edtulos que se pueden encontrar en toda la red. Muchos de ellos, adem\u00e1s, son altamente reconocidos por los jugadores con m\u00e1s tiempo a sus espaldas en este sector.<\/p>\r\n<p class=\"text-justify\">Con centenares de tragamonedas apareciendo por pantalla al entrar en 1xbet slot, es normal sentirse abrumado y perderse con tanta oferta. No obstante, se puede encontrar lo mejor de lo mejor gracias a los filtros disponibles. De hecho, la b\u00fasqueda puede filtrarse por novedades o por modalidades concretas. A\u00fan as\u00ed, vamos a listar los que sobresalen por encima del resto no solo por su calidad, sino por la cantidad de jugadores que se decantan por ellos.<\/p>\r\n<span style=\"font-weight: 400;\"><div class=\"moreHome hideContent\"><\/span>\r\n<p class=\"text-justify\">Wolf Gold, The Champions, Football Superstar, Piggy Bank o Great Rhino son los que coronan la lista de favoritos. del<a href=\"https:\/\/bet-bonus.net\/es\/casino\/\"> 1xbet Casino<\/a> Mezclan esa tentadora posibilidad de ganar dinero jugando con la diversi\u00f3n de unas mec\u00e1nicas adicionales que resultan de lo m\u00e1s adictivo. Adem\u00e1s, cuentan con estilos \u00fanicos y variantes en sus reglas que logran hacer que se diferencien del resto con suma facilidad.<\/p>\r\n<p class=\"text-justify\">Todas estas m\u00e1quinas tragaperras, adem\u00e1s, vienen acompa\u00f1adas del aval de las mejores empresas del sector de juegos de azar. Los nombres m\u00e1s reputados, de los que adem\u00e1s hablaremos a continuaci\u00f3n, se re\u00fanen aqu\u00ed para construir la mejor oferta posible de cara a los usuarios \u00e1vidos por jugar y ganar premios y dinero mientras lo pasan bien con la emoci\u00f3n de los slots.<\/p>\r\n<p class=\"text-justify\">La calidad logra sobresalir por encima de la variedad, y los nombres que hemos listado son los m\u00e1s importantes de todo el cat\u00e1logo de tragamonedas de 1xBet. Quedan a tu disposici\u00f3n para que juegues cuanto desees.<\/p>\r\n<span style=\"font-weight: 400;\"><\/div><\/span>\r\n\r\n<span style=\"font-weight: 400;\"> \r\n<div class=\"cta-direct-bonus\">\r\n    <div class=\"col-lg-8 col-md-8 col-sm-8 col-xs-12\">\r\n        <div class=\"row\">\r\n            <p class=\"cta-direct-slogan\">\r\n                \u00bfEst\u00e1s listo para Atrapar tu Bono de Bienvenida?            <\/p>\r\n        <\/div>\r\n    <\/div>\r\n    <div class=\"col-lg-4 col-md-4 col-sm-4 col-xs-12\">\r\n        <div class=\"row\">\r\n             <span class=\"cursored button js-golink cta-direct-button hvr-animation new-hover\"  onclick=\"OpenGoLink(this);\" data-operator=\"8\" data-bonus=\"5369\"   data-clicks=\"16\"data-type=\"casino\" ><span>Visita 1xBet Ahora!<\/span> <\/span> \r\n        <\/div>\r\n    <\/div>\r\n<\/div>\r\n\r\n<style type=\"text\/css\" media=\"screen\">\r\n    .cta-direct-button.new-hover {\r\n        padding: 3px 0 2px;\r\n    }\r\n<\/style><\/span>\r\n<h2 class=\"text-justify\">Software de slots en 1xbet - Qu\u00e9 empresas ofrecen sus juegos<\/h2>\r\n<p class=\"text-justify\">Para construir el inmenso cat\u00e1logo de software de slots en 1xbet, es necesario que haya un buen c\u00famulo de empresas ofreciendo sus juegos. Los usuarios de este portal, en ese sentido, pueden estar m\u00e1s que satisfechos, y es que la oferta, adem\u00e1s de aunar calidad como ya hemos mencionado antes, tambi\u00e9n tiene una variedad bastante considerable.<\/p>\r\n<p class=\"text-justify\">M\u00e1s de 60 compa\u00f1\u00edas con amplia experiencia dentro de los juegos de azar se encargan de suministrar sus tragaperras a esta casa de apuestas rusa. Firmas que van desde lo m\u00e1s reconocido a lo m\u00e1s novedoso copan la lista de empresas para que los jugadores incluso puedan ir directamente a probar el cat\u00e1logo de cada una en caso de sentir especial predilecci\u00f3n por ella.<\/p>\r\n<span style=\"font-weight: 400;\"><div class=\"moreHome hideContent\"><\/span>\r\n<p class=\"text-justify\">Podemos encontrar, por tanto, nombres como Booming Games, EGT, Endorphina, Pragmatic Play o Microgaming entre otras tant\u00edsimas. Para ayudar a diferenciar, adem\u00e1s, la web indica cu\u00e1les son las incorporaciones m\u00e1s recientes en caso de que los curiosos quieran probar experiencias nuevas, como tambi\u00e9n marca a las m\u00e1s importantes para quienes prefieren ir directamente a por aquello que cuenta con una larga trayectoria y una profesionalidad m\u00e1s que probada.<\/p>\r\n<p class=\"text-justify\">Estas firmas sirven para otorgar un sello de confianza adicional a la propuesta l\u00fadica de 1xBet. El usuario puede respirar con tranquilidad al ver nombres de gran reputaci\u00f3n aqu\u00ed, ya que implican una calidad absoluta en todos y cada uno de sus juegos de tragamonedas.<\/p>\r\n<span style=\"font-weight: 400;\"><\/div><\/span>\r\n<h2 class=\"text-justify\">Consejos para jugar a las tragamonedas en 1xbet<\/h2>\r\n<p class=\"text-justify\">Todos los consejos para jugar a las tragamonedas en 1xbet y en cualquier lugar del mundo deben tener el mismo punto de partida: jugar sin una estrategia es sin\u00f3nimo de ir directamente a perder. Por mucho que pueda parecer que tras esos giros no hay nada m\u00e1s all\u00e1 del azar, la realidad demuestra que la situaci\u00f3n es todo lo contrario y que, de hecho, hay que pensar bien cada paso si de verdad se quiere ganar dinero jugando.<\/p>\r\n<p class=\"text-justify\">Tras esto, conviene saber que todas las slots tienen versiones de prueba con las que experimentar hasta conocer su funcionamiento. Este es otro punto de especial inter\u00e9s, ya que sirve para conocer a fondo c\u00f3mo funcionan las l\u00edneas, las probabilidades que hay de \u00e9xito, las figuras importantes, las mejores combinaciones y el largo etc\u00e9tera que suele acompa\u00f1ar a todas las reglas de cada juego.<\/p>\r\n<span style=\"font-weight: 400;\">\n<style>\n #operator-closed {\n        margin-top: 3em;\n        margin-bottom: 1rem;\n        color: #414141; \n    }\n    .operator-closed-body {\n        min-height: 420px;\n        background-color: #F9F9F9;\n    }\n    #operator-closed .operator-closed-message {\n        display: flex;\n        align-items: center;\n        justify-content: center;\n        font-size: 20px;\n        text-align: center;\n        color: #fff;\n        padding: 1.75em 0.5rem;\n        background: #002E5D;\n        text-shadow: 0 1px 1px rgba(0, 0, 0, 0.3);\n        box-shadow: 0 -4px 0 0 #1a1a1a;\n    }\n    #operator-closed .operator-closed-message b {\n        display: block;\n        font-size: 24px;\n    }\n    .operator-closed-box-container {\n        padding: 40px 30px;\n    }\n    #operator-closed .operator-closed-box {\n        display: flex;\n        flex-direction: column;\n        justify-content: center;\n        align-items: center;\n        background-color: #FFFFFF;\n        box-shadow: 0px 0px 5px #00000024;\n    }\n   \/* #operator-closed .operator-closed-box a:first-of-type {\n        display: flex;\n        justify-content: center;\n        width: 100%;\n        background: #ffffff;\n        border-top: 3px solid #f46613;\n    }*\/\n    #operator-closed img {\n        width: 100px;\n        display: block;\n    }\n    #operator-closed .operator-box-header { \n        display: flex; \n        width: 100%;\n        justify-content: center;\n        background-color: #ECECEC; \n        padding: 13px;\n    }\n    #operator-closed .operator-closed-box-stars {\n        display: flex;\n        flex-wrap: wrap;\n        justify-content: center;\n        padding: 1em 0;\n    }\n    #operator-closed .operator-closed-box-stars span{\n        color: #002E5D;\n        font-size: 36px;\n        line-height: 1.1;\n        text-align: center;\n        width: 100%;\n        font-weight: 900;\n    }\n    #operator-closed .button {\n        text-transform: uppercase;\n        margin-top: 0;\n        margin-bottom: 28px;\n        font-weight: 600;\n        padding: 10px 13px; \n        font-size: 13px; \n        width: 100%;\n    }\n    #operator-closed .button i {\n        font-size: 12px;\n        padding-top: 0;\n    }\n    .claim-bonus-code:hover>.bonus-btn-main-sec {\n        color: #c8102e;\n    }\n    @media ( max-width: 767px ) {\n\n        #operator-closed .operator-closed-message {\n            font-size: 14px;\n        }  \n        #operator-closed .operator-closed-message b {\n            font-size: 17px;\n        }\n        #operator-closed .operator-closed-box {\n            flex-direction: row;\n            flex-wrap: wrap;\n            justify-content: space-around;\n            max-width: 300px;\n            margin-left: auto;\n            margin-right: auto;\n        }\n        #operator-closed .col-lg-4.col-md-6.col-sm-4.col-xs-12:nth-child(3) .operator-closed-box {\n            margin-bottom: 0; \n        }\n        .operator-closed-box-container {\n            padding: 30px 15px;\n        }\n        #operator-closed .operator-closed-box {\n            margin-bottom: 2.5rem; \n        }\n    }\n<\/style>\n<div id=\"operator-closed-wrapper\">\n    <div id=\"operator-closed\" class=\"operator-closed-body\">\n        <div class=\"operator-closed-message \">\n\n            <div><b>Mejor echa un vistazo a estos mejores casinos<\/b>\n                             <\/div>\n        <\/div>\n        \n        <div class=\"row operator-closed-box-container\">\n                    <\/div>\n    <\/div>\n<\/div><\/span>\r\n\r\n<span style=\"font-weight: 400;\"><div class=\"moreHome hideContent\"><\/span>\r\n<p class=\"text-justify\">Hecho esto, cuando ya toca empezar a jugar en serio, apostando con dinero real en 1xBet, hay que tener en cuenta que la norma general es que la tasa de \u00e9xito se ubique entre el 3% y el 8%. Las probabilidades de ganar son, por tanto, bastante bajas. En base a esto, hay que saber que se debe medir debidamente el presupuesto a jugar, ya que a veces una retirada a tiempo puede ser la mejor victoria, incluso cuando se acumulan p\u00e9rdidas.<\/p>\r\n<p class=\"text-justify\">Ponte l\u00edmites y jam\u00e1s te excedas de lo que hab\u00edas planeado inicialmente, ya que esto puede llevar a un sobrecoste que te haga perder m\u00e1s de la cuenta. Adem\u00e1s, mientras juegues, parte de apuestas peque\u00f1as hasta que vayas acumulando l\u00edneas, si puedes parar cada carril para moverlo individualmente, concentra las apuestas m\u00e1s elevadas para las situaciones en las que solo te quede una figura por cuadrar, ya que las probabilidades son mayores.<\/p>\r\n<span style=\"font-weight: 400;\"><\/div><\/span>\r\n<h2 class=\"text-justify\">Juega gratis a las tragaperras en 1xbet<\/h2>\r\n<p class=\"text-justify\">Jugar con dinero real a las tragaperras es la opci\u00f3n principal, pero si el jugador aprovecha todas las posibilidades de 1xBet puede jugar de forma totalmente gratuita gracias tanto a las promociones como a las funciones b\u00e1sicas de los slots.<\/p>\r\n<p class=\"text-justify\">Para empezar, interesa saber que cada una de las tragamonedas cuenta con una funci\u00f3n Demo que deja que el usuario juegue sin apostar dinero real. Cuando entre, apostar\u00e1 cantidades como si fueran reales, pero se trata de dinero ficticio que no supone impacto alguno a los fondos que se tengan ingresados en la cuenta.<\/p>\r\n<span style=\"font-weight: 400;\"><div class=\"moreHome hideContent\"><\/span>\r\n<p class=\"text-justify\">Mirando al sector de <a href=\"https:\/\/bet-bonus.net\/es\/promociones\/\">promociones<\/a> y bonos, se pueden encontrar diferentes eventos que, entre sus recompensas, ofrecen algunas como giros gratuitos a utilizar en diferentes slot machines. Por tanto, ganando en estas promos se pueden llegar a tener hasta centenares de freespins para utilizar y seguir ganando dinero con el riesgo m\u00ednimo.<\/p>\r\n<p class=\"text-justify\">Tambi\u00e9n se pueden conseguir estas tiradas gratis a trav\u00e9s de las mismas slots. Los juegos de tragamonedas gratis se obtienen realizando determinadas alineaciones de figuras, por lo que el factor azar tambi\u00e9n puede ayudar para que, adem\u00e1s de ingresos, se obtengan m\u00e1s oportunidades de seguir jugando y, por supuesto, seguir ganando m\u00e1s y m\u00e1s.<\/p>\r\n<span style=\"font-weight: 400;\"><\/div><\/span>\r\n\r\n<span style=\"font-weight: 400;\"> \r\n<div class=\"cta-direct-bonus\">\r\n    <div class=\"col-lg-8 col-md-8 col-sm-8 col-xs-12\">\r\n        <div class=\"row\">\r\n            <p class=\"cta-direct-slogan\">\r\n                \u00bfEst\u00e1s listo para Atrapar tu Bono de Bienvenida?            <\/p>\r\n        <\/div>\r\n    <\/div>\r\n    <div class=\"col-lg-4 col-md-4 col-sm-4 col-xs-12\">\r\n        <div class=\"row\">\r\n             <span class=\"cursored button js-golink cta-direct-button hvr-animation new-hover\"  onclick=\"OpenGoLink(this);\" data-operator=\"8\" data-bonus=\"5369\"   data-clicks=\"16\"data-type=\"casino\" ><span>Visita 1xBet Ahora!<\/span> <\/span> \r\n        <\/div>\r\n    <\/div>\r\n<\/div>\r\n\r\n<style type=\"text\/css\" media=\"screen\">\r\n    .cta-direct-button.new-hover {\r\n        padding: 3px 0 2px;\r\n    }\r\n<\/style><\/span>","protected":false},"excerpt":{"rendered":"Las m\u00e1quinas tragaperras de 1xBet son las mejores tragamonedas que puedas imaginar y totalmente dispuestas a tu alcance. Estos juegos, parte b\u00e1sica y tradicional de todo lo relacionado con el azar, se encuentran disponibles dentro del portal de la casa de apuestas rusa, de la mano de las compa\u00f1\u00edas profesionales m\u00e1s reputadas del sector. Vamos<a href=\"https:\/\/bet-bonus.net\/es\/tragaperras\/\"> &#8230;<\/a>","protected":false},"author":1,"featured_media":0,"parent":0,"menu_order":0,"comment_status":"closed","ping_status":"closed","template":"","meta":{"footnotes":""},"categories":[],"tags":[],"class_list":["post-132","page","type-page","status-publish","hentry"],"yoast_head":"<!-- This site is optimized with the Yoast SEO plugin v26.7 - https:\/\/yoast.com\/wordpress\/plugins\/seo\/ -->\n<title>1xbet Tragamonedas \u00bb Las Mejores Slots \u00bb Gana 100\u20ac de Bono<\/title>\n<meta name=\"robots\" content=\"index, follow, max-snippet:-1, max-image-preview:large, max-video-preview:-1\" \/>\n<link rel=\"canonical\" href=\"https:\/\/bet-bonus.net\/es\/tragaperras\/\" \/>\n<meta property=\"og:locale\" content=\"es_ES\" \/>\n<meta property=\"og:type\" content=\"article\" \/>\n<meta property=\"og:title\" content=\"1xbet Tragamonedas \u00bb Las Mejores Slots \u00bb Gana 100\u20ac de Bono\" \/>\n<meta property=\"og:url\" content=\"https:\/\/bet-bonus.net\/es\/tragaperras\/\" \/>\n<meta property=\"og:site_name\" content=\"bet-bonus.net ES\" \/>\n<meta property=\"article:modified_time\" content=\"2018-08-07T13:22:56+00:00\" \/>\n<meta name=\"twitter:card\" content=\"summary_large_image\" \/>\n<meta name=\"twitter:label1\" content=\"Tiempo de lectura\" \/>\n\t<meta name=\"twitter:data1\" content=\"8 minutos\" \/>\n<script type=\"application\/ld+json\" class=\"yoast-schema-graph\">{\"@context\":\"https:\/\/schema.org\",\"@graph\":[{\"@type\":\"WebPage\",\"@id\":\"https:\/\/bet-bonus.net\/es\/tragaperras\/\",\"url\":\"https:\/\/bet-bonus.net\/es\/tragaperras\/\",\"name\":\"1xbet Tragamonedas \u00bb Las Mejores Slots \u00bb Gana [bonus operator=\\\"7\\\" type=\\\"1\\\" conditions=\\\"8\\\" user=\\\"2\\\" template=\\\"51\\\" option=\\\"amount\\\"] de Bono\",\"isPartOf\":{\"@id\":\"https:\/\/bet-bonus.net\/es\/#website\"},\"datePublished\":\"2018-06-12T13:16:35+00:00\",\"dateModified\":\"2018-08-07T13:22:56+00:00\",\"breadcrumb\":{\"@id\":\"https:\/\/bet-bonus.net\/es\/tragaperras\/#breadcrumb\"},\"inLanguage\":\"es\",\"potentialAction\":[{\"@type\":\"ReadAction\",\"target\":[\"https:\/\/bet-bonus.net\/es\/tragaperras\/\"]}]},{\"@type\":\"BreadcrumbList\",\"@id\":\"https:\/\/bet-bonus.net\/es\/tragaperras\/#breadcrumb\",\"itemListElement\":[{\"@type\":\"ListItem\",\"position\":1,\"name\":\"Home\",\"item\":\"https:\/\/bet-bonus.net\/es\/\"},{\"@type\":\"ListItem\",\"position\":2,\"name\":\"Tragaperras de 1xBet - Las Mejores Tragamonedas a tu Alcance\"}]},{\"@type\":\"WebSite\",\"@id\":\"https:\/\/bet-bonus.net\/es\/#website\",\"url\":\"https:\/\/bet-bonus.net\/es\/\",\"name\":\"bet-bonus.net ES\",\"description\":\"\",\"potentialAction\":[{\"@type\":\"SearchAction\",\"target\":{\"@type\":\"EntryPoint\",\"urlTemplate\":\"https:\/\/bet-bonus.net\/es\/?s={search_term_string}\"},\"query-input\":{\"@type\":\"PropertyValueSpecification\",\"valueRequired\":true,\"valueName\":\"search_term_string\"}}],\"inLanguage\":\"es\"}]}<\/script>\n<!-- \/ Yoast SEO plugin. -->","yoast_head_json":{"title":"1xbet Tragamonedas \u00bb Las Mejores Slots \u00bb Gana 100\u20ac de Bono","robots":{"index":"index","follow":"follow","max-snippet":"max-snippet:-1","max-image-preview":"max-image-preview:large","max-video-preview":"max-video-preview:-1"},"canonical":"https:\/\/bet-bonus.net\/es\/tragaperras\/","og_locale":"es_ES","og_type":"article","og_title":"1xbet Tragamonedas \u00bb Las Mejores Slots \u00bb Gana 100\u20ac de Bono","og_url":"https:\/\/bet-bonus.net\/es\/tragaperras\/","og_site_name":"bet-bonus.net ES","article_modified_time":"2018-08-07T13:22:56+00:00","twitter_card":"summary_large_image","twitter_misc":{"Tiempo de lectura":"8 minutos"},"schema":{"@context":"https:\/\/schema.org","@graph":[{"@type":"WebPage","@id":"https:\/\/bet-bonus.net\/es\/tragaperras\/","url":"https:\/\/bet-bonus.net\/es\/tragaperras\/","name":"1xbet Tragamonedas \u00bb Las Mejores Slots \u00bb Gana [bonus operator=\"7\" type=\"1\" conditions=\"8\" user=\"2\" template=\"51\" option=\"amount\"] de Bono","isPartOf":{"@id":"https:\/\/bet-bonus.net\/es\/#website"},"datePublished":"2018-06-12T13:16:35+00:00","dateModified":"2018-08-07T13:22:56+00:00","breadcrumb":{"@id":"https:\/\/bet-bonus.net\/es\/tragaperras\/#breadcrumb"},"inLanguage":"es","potentialAction":[{"@type":"ReadAction","target":["https:\/\/bet-bonus.net\/es\/tragaperras\/"]}]},{"@type":"BreadcrumbList","@id":"https:\/\/bet-bonus.net\/es\/tragaperras\/#breadcrumb","itemListElement":[{"@type":"ListItem","position":1,"name":"Home","item":"https:\/\/bet-bonus.net\/es\/"},{"@type":"ListItem","position":2,"name":"Tragaperras de 1xBet - Las Mejores Tragamonedas a tu Alcance"}]},{"@type":"WebSite","@id":"https:\/\/bet-bonus.net\/es\/#website","url":"https:\/\/bet-bonus.net\/es\/","name":"bet-bonus.net ES","description":"","potentialAction":[{"@type":"SearchAction","target":{"@type":"EntryPoint","urlTemplate":"https:\/\/bet-bonus.net\/es\/?s={search_term_string}"},"query-input":{"@type":"PropertyValueSpecification","valueRequired":true,"valueName":"search_term_string"}}],"inLanguage":"es"}]}},"_links":{"self":[{"href":"https:\/\/bet-bonus.net\/es\/wp-json\/wp\/v2\/pages\/132","targetHints":{"allow":["GET"]}}],"collection":[{"href":"https:\/\/bet-bonus.net\/es\/wp-json\/wp\/v2\/pages"}],"about":[{"href":"https:\/\/bet-bonus.net\/es\/wp-json\/wp\/v2\/types\/page"}],"author":[{"embeddable":true,"href":"https:\/\/bet-bonus.net\/es\/wp-json\/wp\/v2\/users\/1"}],"replies":[{"embeddable":true,"href":"https:\/\/bet-bonus.net\/es\/wp-json\/wp\/v2\/comments?post=132"}],"version-history":[{"count":5,"href":"https:\/\/bet-bonus.net\/es\/wp-json\/wp\/v2\/pages\/132\/revisions"}],"predecessor-version":[{"id":454,"href":"https:\/\/bet-bonus.net\/es\/wp-json\/wp\/v2\/pages\/132\/revisions\/454"}],"wp:attachment":[{"href":"https:\/\/bet-bonus.net\/es\/wp-json\/wp\/v2\/media?parent=132"}],"wp:term":[{"taxonomy":"category","embeddable":true,"href":"https:\/\/bet-bonus.net\/es\/wp-json\/wp\/v2\/categories?post=132"},{"taxonomy":"post_tag","embeddable":true,"href":"https:\/\/bet-bonus.net\/es\/wp-json\/wp\/v2\/tags?post=132"}],"curies":[{"name":"wp","href":"https:\/\/api.w.org\/{rel}","templated":true}]}}