{"id":13,"date":"2018-06-12T08:40:29","date_gmt":"2018-06-12T08:40:29","guid":{"rendered":"http:\/\/bet-bonus.net\/es\/?page_id=13"},"modified":"2018-08-07T13:23:43","modified_gmt":"2018-08-07T13:23:43","slug":"promociones","status":"publish","type":"page","link":"https:\/\/bet-bonus.net\/es\/promociones\/","title":{"rendered":"Todas las Promociones de 1xbet - Tus ofertas para abril 2026"},"content":{"rendered":"<p class=\"text-justify\">Con una amplia lista de juegos y deportes en los que realizar apuestas, 1xbet promociones es un elemento que no falta dentro del portal online 1xBet. Los usuarios registrados tienen a su disposici\u00f3n, si lo desean, una serie de ofertas especiales con las que pueden disfrutar a\u00fan m\u00e1s de la experiencia de juego y llevarse m\u00e1s premios.<\/p>\r\n<p class=\"text-justify\">Desde los bonos de bienvenidas a las 1xbet ofertas especiales con motivo de los eventos deportivos m\u00e1s importantes y las ocasiones m\u00e1s \u00fanicas. Hay mucho donde elegir y ventajas de todo tipo.<\/p>\r\n\r\n<h2 class=\"text-justify\">\u00bfQu\u00e9 Ofertas y Promociones tiene 1xbet siempre?<\/h2>\r\n<p class=\"text-justify\">Si te preguntas qu\u00e9 ofertas y promociones tiene 1xbet siempre, debes saber que este portal web, aunque tiene varias iniciativas que aparecen para acompa\u00f1ar a determinados eventos especiales, tambi\u00e9n tiene otras que est\u00e1n siempre presentes para que los jugadores puedan maximizar sus ganancias y divertirse con los retos que se proponen.<\/p>\r\n<p class=\"text-justify\">La promoci\u00f3n \u201c\u00a1Venza a 1xBet!\u201d, los \u201cMi\u00e9rcoles X2\u201d, los \u201cViernes de la Suerte\u201d, \u201cBig Game\u201d y \u201cD\u00eda de la suerte\u201d, junto a los premios que se ofrecen a diario son los candidatos perennes de esta web de apuestas y juegos de azar cuando se mira la secci\u00f3n de ofertas.<\/p>\r\n<p class=\"text-justify\">Cada una posee sus propios requisitos y funciona en un campo determinado, pero todas tienen un objetivo en com\u00fan, que no es otro m\u00e1s que permitir a los jugadores tener acceso a recompensas especiales, a\u00f1adir m\u00e1s fondos y divertirse jugando y apostando dentro del ecosistema que ha construido el portal online de 1xBet.<\/p>\r\n<span style=\"font-weight: 400;\"> \n<style>\n #operator-closed {\n        margin-top: 3em;\n        margin-bottom: 1rem;\n        color: #414141; \n    }\n    .operator-closed-body {\n        min-height: 420px;\n        background-color: #F9F9F9;\n    }\n    #operator-closed .operator-closed-message {\n        display: flex;\n        align-items: center;\n        justify-content: center;\n        font-size: 20px;\n        text-align: center;\n        color: #fff;\n        padding: 1.75em 0.5rem;\n        background: #002E5D;\n        text-shadow: 0 1px 1px rgba(0, 0, 0, 0.3);\n        box-shadow: 0 -4px 0 0 #1a1a1a;\n    }\n    #operator-closed .operator-closed-message b {\n        display: block;\n        font-size: 24px;\n    }\n    .operator-closed-box-container {\n        padding: 40px 30px;\n    }\n    #operator-closed .operator-closed-box {\n        display: flex;\n        flex-direction: column;\n        justify-content: center;\n        align-items: center;\n        background-color: #FFFFFF;\n        box-shadow: 0px 0px 5px #00000024;\n    }\n   \/* #operator-closed .operator-closed-box a:first-of-type {\n        display: flex;\n        justify-content: center;\n        width: 100%;\n        background: #ffffff;\n        border-top: 3px solid #f46613;\n    }*\/\n    #operator-closed img {\n        width: 100px;\n        display: block;\n    }\n    #operator-closed .operator-box-header { \n        display: flex; \n        width: 100%;\n        justify-content: center;\n        background-color: #ECECEC; \n        padding: 13px;\n    }\n    #operator-closed .operator-closed-box-stars {\n        display: flex;\n        flex-wrap: wrap;\n        justify-content: center;\n        padding: 1em 0;\n    }\n    #operator-closed .operator-closed-box-stars span{\n        color: #002E5D;\n        font-size: 36px;\n        line-height: 1.1;\n        text-align: center;\n        width: 100%;\n        font-weight: 900;\n    }\n    #operator-closed .button {\n        text-transform: uppercase;\n        margin-top: 0;\n        margin-bottom: 28px;\n        font-weight: 600;\n        padding: 10px 13px; \n        font-size: 13px; \n        width: 100%;\n    }\n    #operator-closed .button i {\n        font-size: 12px;\n        padding-top: 0;\n    }\n    .claim-bonus-code:hover>.bonus-btn-main-sec {\n        color: #c8102e;\n    }\n    @media ( max-width: 767px ) {\n\n        #operator-closed .operator-closed-message {\n            font-size: 14px;\n        }  \n        #operator-closed .operator-closed-message b {\n            font-size: 17px;\n        }\n        #operator-closed .operator-closed-box {\n            flex-direction: row;\n            flex-wrap: wrap;\n            justify-content: space-around;\n            max-width: 300px;\n            margin-left: auto;\n            margin-right: auto;\n        }\n        #operator-closed .col-lg-4.col-md-6.col-sm-4.col-xs-12:nth-child(3) .operator-closed-box {\n            margin-bottom: 0; \n        }\n        .operator-closed-box-container {\n            padding: 30px 15px;\n        }\n        #operator-closed .operator-closed-box {\n            margin-bottom: 2.5rem; \n        }\n    }\n<\/style>\n<div id=\"operator-closed-wrapper\">\n    <div id=\"operator-closed\" class=\"operator-closed-body\">\n        <div class=\"operator-closed-message \">\n\n            <div><b>Mejor echa un vistazo a estos mejores casinos<\/b>\n                             <\/div>\n        <\/div>\n        \n        <div class=\"row operator-closed-box-container\">\n                            <div class=\"col-lg-4 col-md-6 col-sm-4 col-xs-12\">\n                    <div class=\"operator-closed-box\">\n                        <span class=\"operator-box-header\"><img decoding=\"async\" src=\"\/spanish\/assets\/logos\/sport\/light-back\/bwin.png\" width=\"auto\" height=\"auto\" alt=\"Bwin\" \/><\/span>                        <div class=\"operator-closed-box-stars\">\n                          <span>100\u20ac <\/span>Max Bonus                        <\/div>\n\n                        <div class=\"claim-bonus-code button-bottom\">\n                             <span class=\"cursored button js-golink hvr-animation multi-line bonus-btn-main-sec\"  onclick=\"OpenGoLink(this);\" data-operator=\"79\" data-bonus=\"16070\"   data-clicks=\"34\"data-type=\"sport\" >visita el casino<i class=\"fa fa-chevron-right\" aria-hidden=\"true\"><\/i> <\/span>                         <\/div><!-- \/.claim-bonus-code -->   \n                    <\/div>\n                <\/div>\n                                <div class=\"col-lg-4 col-md-6 col-sm-4 col-xs-12\">\n                    <div class=\"operator-closed-box\">\n                        <span class=\"operator-box-header\"><img decoding=\"async\" src=\"\/spanish\/assets\/logos\/sport\/light-back\/888sport.png\" width=\"auto\" height=\"auto\" alt=\"888\" \/><\/span>                        <div class=\"operator-closed-box-stars\">\n                          <span>110\u20ac <\/span>Max Bonus                        <\/div>\n\n                        <div class=\"claim-bonus-code button-bottom\">\n                             <span class=\"cursored button js-golink hvr-animation multi-line bonus-btn-main-sec\"  onclick=\"OpenGoLink(this);\" data-operator=\"20\" data-bonus=\"6743\"   data-clicks=\"22\"data-type=\"sport\" >visita el casino<i class=\"fa fa-chevron-right\" aria-hidden=\"true\"><\/i> <\/span>                         <\/div><!-- \/.claim-bonus-code -->   \n                    <\/div>\n                <\/div>\n                                <div class=\"col-lg-4 col-md-6 col-sm-4 col-xs-12\">\n                    <div class=\"operator-closed-box\">\n                        <span class=\"operator-box-header\"><img decoding=\"async\" src=\"\/spanish\/assets\/logos\/sport\/light-back\/william-hill.png\" width=\"auto\" height=\"auto\" alt=\"WilliamHill\" \/><\/span>                        <div class=\"operator-closed-box-stars\">\n                          <span>500A$ <\/span>Max Bonus                        <\/div>\n\n                        <div class=\"claim-bonus-code button-bottom\">\n                             <span class=\"cursored button js-golink hvr-animation multi-line bonus-btn-main-sec\"  onclick=\"OpenGoLink(this);\" data-operator=\"315\" data-bonus=\"2809\"   data-clicks=\"24\"data-type=\"sport\" >visita el casino<i class=\"fa fa-chevron-right\" aria-hidden=\"true\"><\/i> <\/span>                         <\/div><!-- \/.claim-bonus-code -->   \n                    <\/div>\n                <\/div>\n                        <\/div>\n    <\/div>\n<\/div><\/span>\r\n<h2 class=\"text-justify\">Promociones especiales de 1xbet<\/h2>\r\n<p class=\"text-justify\">Aunque cuando hablamos de 1xbet promociones lo m\u00e1s habitual es mirar a las propuestas fijas, esta p\u00e1gina web de juegos de azar y apuestas deportivas tambi\u00e9n tiene ofertas y promociones que se activan en \u00e9pocas determinadas, que llegan cada cierto tiempo o que, simplemente, aprovechan la celebraci\u00f3n de grandes competiciones o eventos.<\/p>\r\n<p class=\"text-justify\">As\u00ed, se pueden encontrar promos como la de la Serie A, que permite ganar un Maserati en colaboraci\u00f3n con la divisi\u00f3n profesional de la liga de f\u00fatbol italiana; la Copa del Mundo 2018, que invita a los jugadores a pronosticar los resultados del Mundial de f\u00fatbol para llevarse suculentos premios y otras tantas iniciativas que se celebran durante la Champions o League o encuentros como el Cl\u00e1sico de la liga espa\u00f1ola.<\/p>\r\n<p class=\"text-justify\">Todas las competiciones importantes dentro del \u00e1mbito deportivo y las fechas m\u00e1s se\u00f1aladas tienen su r\u00e9plica en forma de promoci\u00f3n 1xbet, por lo que conviene prestar atenci\u00f3n a la web cuando se acerquen d\u00edas especiales para ver si hay algo nuevo con lo que seguir jugando.<\/p>\r\n\r\n<h2 class=\"text-justify\">D\u00eda de la Suerte<\/h2>\r\n<p class=\"text-justify\">El D\u00eda de la Suerte es una promoci\u00f3n de 1xbet que se celebra a diario y que permite llevarse una serie de puntos por no hacer apenas nada. Disponible a trav\u00e9s de la secci\u00f3n \u201cPromo\u201d, dentro de la p\u00e1gina principal de la casa de apuestas, su uso es bastante sencillo y la probabilidad de ganar es bastante elevada.<\/p>\r\n<p class=\"text-justify\">Tan solo hay que entrar, pulsar en el bot\u00f3n para participar jugando o apostando a cualquier deporte y esperar a que la loter\u00eda diaria de los n\u00fameros de los 100 ganadores que se llevar\u00e1n 500 puntos promocionales.<\/p>\r\n<p class=\"text-justify\">Todos los d\u00edas de la semana, a las 20:00 se celebra este sorteo que reparte 50.000 puntos entre un centenar de afortunados usuarios. Puntos que se pueden aprovechar para ganar recompensas y seguir disfrutando de todo el elenco que el equipo de 1xBet pone sobre la mesa para jugar tanto dentro como fuera de casa.<\/p>\r\n<span style=\"font-weight: 400;\"> \r\n<div class=\"cta-direct-bonus\">\r\n    <div class=\"col-lg-8 col-md-8 col-sm-8 col-xs-12\">\r\n        <div class=\"row\">\r\n            <p class=\"cta-direct-slogan\">\r\n                \u00bfEst\u00e1s listo para Atrapar tu Bono de Bienvenida?            <\/p>\r\n        <\/div>\r\n    <\/div>\r\n    <div class=\"col-lg-4 col-md-4 col-sm-4 col-xs-12\">\r\n        <div class=\"row\">\r\n             <span class=\"cursored button js-golink cta-direct-button hvr-animation new-hover\"  onclick=\"OpenGoLink(this);\" data-operator=\"7\" data-bonus=\"3965\"   data-clicks=\"1\"data-type=\"sport\" ><span>Visita 1xBet Ahora!<\/span> <\/span> \r\n        <\/div>\r\n    <\/div>\r\n<\/div>\r\n\r\n<style type=\"text\/css\" media=\"screen\">\r\n    .cta-direct-button.new-hover {\r\n        padding: 3px 0 2px;\r\n    }\r\n<\/style><\/span>\r\n<h2 class=\"text-justify\">Viernes de la Suerte<\/h2>\r\n<p class=\"text-justify\">El Viernes de la Suerte demuestra que este d\u00eda no es bueno solo porque llegue el fin de semana, sino tambi\u00e9n porque puedes llevarte hasta 100\u20ac de regalo por jugar y apostar con esta promoci\u00f3n 1xbet.<\/p>\r\n<p class=\"text-justify\">Cada usuario tiene derecho a obtener un bono para participar en esta promoci\u00f3n que se celebra una vez por semana. Con un dep\u00f3sito que va desde 1\u20ac hasta 100\u20ac, los participantes tienen la posibilidad de conseguir el doble de la cuant\u00eda que invierten para recuperar la apuesta y, de paso, llevarse m\u00e1s dinero.<\/p>\r\n<p class=\"text-justify\">Es importante, sin embargo, se\u00f1alar que, para poder canjear este bono otorgado con los Viernes de la Suerte, se debe apostar la cantidad de \u00e9ste 3 veces en apuestas combinadas en un plazo inferior a un d\u00eda tras obtenerlo. Si no se cumple esta condici\u00f3n, el bono quedar\u00e1 anulado y no podr\u00e1 aprovecharse como es debido en esta plataforma online.<\/p>\r\n\r\n<h2 class=\"text-justify\">Motivos por los que usar las Promociones de 1xbet<\/h2>\r\n<p class=\"text-justify\">Si te sigues preguntando cu\u00e1les son los motivos por los que usar las Promociones de 1xbet, vamos a hacer un breve resumen a continuaci\u00f3n:<\/p>\r\n\r\n<ul>\r\n \t<li class=\"text-justify\">Posibilidad de duplicar fondos ingresados en menos de 24 horas.<\/li>\r\n \t<li class=\"text-justify\">Premios de todo tipo, que van desde coches hasta videoconsolas o puntos promocionales para seguir jugando sin pagar m\u00e1s dinero.<\/li>\r\n \t<li class=\"text-justify\">Alto \u00edndice de \u00e9xito gracias a promociones como el D\u00eda de la Suerte.<\/li>\r\n \t<li class=\"text-justify\">Acceso a promociones especiales con las que sacar partido de los eventos m\u00e1s importantes dentro y fuera del mundo deportivo.<\/li>\r\n \t<li class=\"text-justify\">Competiciones especiales con bonificaciones a aprovechar en los diferentes juegos de 1xBet.<\/li>\r\n \t<li class=\"text-justify\">Posibilidad de aumentar los beneficios arriesgando mucho menos dinero de lo habitual.<\/li>\r\n \t<li class=\"text-justify\">Promociones siempre disponibles para tener m\u00e1s posibilidades de \u00e9xito jugando.<\/li>\r\n<\/ul>\r\n<p class=\"text-justify\">Todas estas ventajas demuestran que hay razones de sobra para probar suerte en 1xBet aprovechando las ofertas y promociones que tienen activas para todos los clientes registrados en su portal.<\/p>\r\n<span style=\"font-weight: 400;\"> \r\n<div class=\"cta-direct-bonus\">\r\n    <div class=\"col-lg-8 col-md-8 col-sm-8 col-xs-12\">\r\n        <div class=\"row\">\r\n            <p class=\"cta-direct-slogan\">\r\n                \u00bfEst\u00e1s listo para Atrapar tu Bono de Bienvenida?            <\/p>\r\n        <\/div>\r\n    <\/div>\r\n    <div class=\"col-lg-4 col-md-4 col-sm-4 col-xs-12\">\r\n        <div class=\"row\">\r\n             <span class=\"cursored button js-golink cta-direct-button hvr-animation new-hover\"  onclick=\"OpenGoLink(this);\" data-operator=\"7\" data-bonus=\"3965\"   data-clicks=\"1\"data-type=\"sport\" ><span>Visita 1xBet Ahora!<\/span> <\/span> \r\n        <\/div>\r\n    <\/div>\r\n<\/div>\r\n\r\n<style type=\"text\/css\" media=\"screen\">\r\n    .cta-direct-button.new-hover {\r\n        padding: 3px 0 2px;\r\n    }\r\n<\/style><\/span>","protected":false},"excerpt":{"rendered":"Con una amplia lista de juegos y deportes en los que realizar apuestas, 1xbet promociones es un elemento que no falta dentro del portal online 1xBet. Los usuarios registrados tienen a su disposici\u00f3n, si lo desean, una serie de ofertas especiales con las que pueden disfrutar a\u00fan m\u00e1s de la experiencia de juego y llevarse<a href=\"https:\/\/bet-bonus.net\/es\/promociones\/\"> &#8230;<\/a>","protected":false},"author":1,"featured_media":0,"parent":0,"menu_order":0,"comment_status":"closed","ping_status":"closed","template":"","meta":{"footnotes":""},"categories":[],"tags":[],"class_list":["post-13","page","type-page","status-publish","hentry"],"yoast_head":"<!-- This site is optimized with the Yoast SEO plugin v26.7 - https:\/\/yoast.com\/wordpress\/plugins\/seo\/ -->\n<title>1xbet Promociones \u00bb Todas las Ofertas del Operador de abril 2026<\/title>\n<meta name=\"robots\" content=\"index, follow, max-snippet:-1, max-image-preview:large, max-video-preview:-1\" \/>\n<link rel=\"canonical\" href=\"https:\/\/bet-bonus.net\/es\/promociones\/\" \/>\n<meta property=\"og:locale\" content=\"es_ES\" \/>\n<meta property=\"og:type\" content=\"article\" \/>\n<meta property=\"og:title\" content=\"1xbet Promociones \u00bb Todas las Ofertas del Operador de abril 2026\" \/>\n<meta property=\"og:url\" content=\"https:\/\/bet-bonus.net\/es\/promociones\/\" \/>\n<meta property=\"og:site_name\" content=\"bet-bonus.net ES\" \/>\n<meta property=\"article:modified_time\" content=\"2018-08-07T13:23:43+00:00\" \/>\n<meta name=\"twitter:card\" content=\"summary_large_image\" \/>\n<meta name=\"twitter:label1\" content=\"Tiempo de lectura\" \/>\n\t<meta name=\"twitter:data1\" content=\"5 minutos\" \/>\n<script type=\"application\/ld+json\" class=\"yoast-schema-graph\">{\"@context\":\"https:\/\/schema.org\",\"@graph\":[{\"@type\":\"WebPage\",\"@id\":\"https:\/\/bet-bonus.net\/es\/promociones\/\",\"url\":\"https:\/\/bet-bonus.net\/es\/promociones\/\",\"name\":\"1xbet Promociones \u00bb Todas las Ofertas del Operador de [month_name] [year]\",\"isPartOf\":{\"@id\":\"https:\/\/bet-bonus.net\/es\/#website\"},\"datePublished\":\"2018-06-12T08:40:29+00:00\",\"dateModified\":\"2018-08-07T13:23:43+00:00\",\"breadcrumb\":{\"@id\":\"https:\/\/bet-bonus.net\/es\/promociones\/#breadcrumb\"},\"inLanguage\":\"es\",\"potentialAction\":[{\"@type\":\"ReadAction\",\"target\":[\"https:\/\/bet-bonus.net\/es\/promociones\/\"]}]},{\"@type\":\"BreadcrumbList\",\"@id\":\"https:\/\/bet-bonus.net\/es\/promociones\/#breadcrumb\",\"itemListElement\":[{\"@type\":\"ListItem\",\"position\":1,\"name\":\"Home\",\"item\":\"https:\/\/bet-bonus.net\/es\/\"},{\"@type\":\"ListItem\",\"position\":2,\"name\":\"Todas las Promociones de 1xbet - Tus ofertas para diciembre 2021\"}]},{\"@type\":\"WebSite\",\"@id\":\"https:\/\/bet-bonus.net\/es\/#website\",\"url\":\"https:\/\/bet-bonus.net\/es\/\",\"name\":\"bet-bonus.net ES\",\"description\":\"\",\"potentialAction\":[{\"@type\":\"SearchAction\",\"target\":{\"@type\":\"EntryPoint\",\"urlTemplate\":\"https:\/\/bet-bonus.net\/es\/?s={search_term_string}\"},\"query-input\":{\"@type\":\"PropertyValueSpecification\",\"valueRequired\":true,\"valueName\":\"search_term_string\"}}],\"inLanguage\":\"es\"}]}<\/script>\n<!-- \/ Yoast SEO plugin. -->","yoast_head_json":{"title":"1xbet Promociones \u00bb Todas las Ofertas del Operador de abril 2026","robots":{"index":"index","follow":"follow","max-snippet":"max-snippet:-1","max-image-preview":"max-image-preview:large","max-video-preview":"max-video-preview:-1"},"canonical":"https:\/\/bet-bonus.net\/es\/promociones\/","og_locale":"es_ES","og_type":"article","og_title":"1xbet Promociones \u00bb Todas las Ofertas del Operador de abril 2026","og_url":"https:\/\/bet-bonus.net\/es\/promociones\/","og_site_name":"bet-bonus.net ES","article_modified_time":"2018-08-07T13:23:43+00:00","twitter_card":"summary_large_image","twitter_misc":{"Tiempo de lectura":"5 minutos"},"schema":{"@context":"https:\/\/schema.org","@graph":[{"@type":"WebPage","@id":"https:\/\/bet-bonus.net\/es\/promociones\/","url":"https:\/\/bet-bonus.net\/es\/promociones\/","name":"1xbet Promociones \u00bb Todas las Ofertas del Operador de [month_name] [year]","isPartOf":{"@id":"https:\/\/bet-bonus.net\/es\/#website"},"datePublished":"2018-06-12T08:40:29+00:00","dateModified":"2018-08-07T13:23:43+00:00","breadcrumb":{"@id":"https:\/\/bet-bonus.net\/es\/promociones\/#breadcrumb"},"inLanguage":"es","potentialAction":[{"@type":"ReadAction","target":["https:\/\/bet-bonus.net\/es\/promociones\/"]}]},{"@type":"BreadcrumbList","@id":"https:\/\/bet-bonus.net\/es\/promociones\/#breadcrumb","itemListElement":[{"@type":"ListItem","position":1,"name":"Home","item":"https:\/\/bet-bonus.net\/es\/"},{"@type":"ListItem","position":2,"name":"Todas las Promociones de 1xbet - Tus ofertas para diciembre 2021"}]},{"@type":"WebSite","@id":"https:\/\/bet-bonus.net\/es\/#website","url":"https:\/\/bet-bonus.net\/es\/","name":"bet-bonus.net ES","description":"","potentialAction":[{"@type":"SearchAction","target":{"@type":"EntryPoint","urlTemplate":"https:\/\/bet-bonus.net\/es\/?s={search_term_string}"},"query-input":{"@type":"PropertyValueSpecification","valueRequired":true,"valueName":"search_term_string"}}],"inLanguage":"es"}]}},"_links":{"self":[{"href":"https:\/\/bet-bonus.net\/es\/wp-json\/wp\/v2\/pages\/13","targetHints":{"allow":["GET"]}}],"collection":[{"href":"https:\/\/bet-bonus.net\/es\/wp-json\/wp\/v2\/pages"}],"about":[{"href":"https:\/\/bet-bonus.net\/es\/wp-json\/wp\/v2\/types\/page"}],"author":[{"embeddable":true,"href":"https:\/\/bet-bonus.net\/es\/wp-json\/wp\/v2\/users\/1"}],"replies":[{"embeddable":true,"href":"https:\/\/bet-bonus.net\/es\/wp-json\/wp\/v2\/comments?post=13"}],"version-history":[{"count":5,"href":"https:\/\/bet-bonus.net\/es\/wp-json\/wp\/v2\/pages\/13\/revisions"}],"predecessor-version":[{"id":448,"href":"https:\/\/bet-bonus.net\/es\/wp-json\/wp\/v2\/pages\/13\/revisions\/448"}],"wp:attachment":[{"href":"https:\/\/bet-bonus.net\/es\/wp-json\/wp\/v2\/media?parent=13"}],"wp:term":[{"taxonomy":"category","embeddable":true,"href":"https:\/\/bet-bonus.net\/es\/wp-json\/wp\/v2\/categories?post=13"},{"taxonomy":"post_tag","embeddable":true,"href":"https:\/\/bet-bonus.net\/es\/wp-json\/wp\/v2\/tags?post=13"}],"curies":[{"name":"wp","href":"https:\/\/api.w.org\/{rel}","templated":true}]}}