{"id":128,"date":"2018-06-12T11:47:03","date_gmt":"2018-06-12T11:47:03","guid":{"rendered":"http:\/\/bet-bonus.net\/es\/?page_id=128"},"modified":"2018-08-07T13:25:21","modified_gmt":"2018-08-07T13:25:21","slug":"ruleta","status":"publish","type":"page","link":"https:\/\/bet-bonus.net\/es\/ruleta\/","title":{"rendered":"Roulette Online en 1xBet - Ruleta Americana Francesa &#038; Multiwheel"},"content":{"rendered":"<p class=\"text-justify\">La Roulette Online en 1xBet es otro de los puntos de especial inter\u00e9s para los aficionados a los juegos de azar y los amantes de las apuestas. Esta casa rusa cuenta con una variedad de ruletas que van desde la americana y francesa hasta la Multiwheel, todas modalidades tradicionales que, adem\u00e1s, llegan acompa\u00f1adas de otras mucho m\u00e1s novedosas y especiales como la ruleta csgo.<\/p>\r\n<p class=\"text-justify\">Aqu\u00ed, vamos a centrarnos en ofrecer todos los detalles sobre 1xbet ruleta. Desde bonos hasta estrategias o modos de juego.<\/p>\r\n\r\n<h2 class=\"text-justify\">Bonos para jugar a la ruleta en 1xbet<\/h2>\r\n<p class=\"text-justify\">Como en cualquier casino online habitual, existen varios bonos para jugar a la ruleta en 1xbet. El de bienvenida, por ejemplo, nos sirve para recibir un total de hasta 100\u20ac\u20ac extra por el primer dep\u00f3sito en cuenta tras realizar el registro de perfil de usuario. Se utiliza para premiar a los reci\u00e9n llegados, aunque est\u00e1 limitado por ciertas condiciones que se deben cumplir en un plazo m\u00e1ximo de 30d\u00edas para recibir el dinero de regalo.<\/p>\r\n<p class=\"text-justify\">Para fomentar el uso de la divisi\u00f3n <a href=\"https:\/\/bet-bonus.net\/es\/mas-juegos\/\">1xGames de 1xBet<\/a>, existen tambi\u00e9n varias promociones que animan a los jugadores a probar suerte con la Ruleta. La opci\u00f3n de vencer al equipo de 1xBet jugando, el Big Game o incluso los premios que se reparten a diario como aliciente para cualquier jugador est\u00e1n siempre activos para probar suerte y, de paso, ganar interesantes bonificaciones adem\u00e1s del dinero por cada apuesta que se ponga en juego.<\/p>\r\n<span style=\"font-weight: 400;\"> \n<style>\n #operator-closed {\n        margin-top: 3em;\n        margin-bottom: 1rem;\n        color: #414141; \n    }\n    .operator-closed-body {\n        min-height: 420px;\n        background-color: #F9F9F9;\n    }\n    #operator-closed .operator-closed-message {\n        display: flex;\n        align-items: center;\n        justify-content: center;\n        font-size: 20px;\n        text-align: center;\n        color: #fff;\n        padding: 1.75em 0.5rem;\n        background: #002E5D;\n        text-shadow: 0 1px 1px rgba(0, 0, 0, 0.3);\n        box-shadow: 0 -4px 0 0 #1a1a1a;\n    }\n    #operator-closed .operator-closed-message b {\n        display: block;\n        font-size: 24px;\n    }\n    .operator-closed-box-container {\n        padding: 40px 30px;\n    }\n    #operator-closed .operator-closed-box {\n        display: flex;\n        flex-direction: column;\n        justify-content: center;\n        align-items: center;\n        background-color: #FFFFFF;\n        box-shadow: 0px 0px 5px #00000024;\n    }\n   \/* #operator-closed .operator-closed-box a:first-of-type {\n        display: flex;\n        justify-content: center;\n        width: 100%;\n        background: #ffffff;\n        border-top: 3px solid #f46613;\n    }*\/\n    #operator-closed img {\n        width: 100px;\n        display: block;\n    }\n    #operator-closed .operator-box-header { \n        display: flex; \n        width: 100%;\n        justify-content: center;\n        background-color: #ECECEC; \n        padding: 13px;\n    }\n    #operator-closed .operator-closed-box-stars {\n        display: flex;\n        flex-wrap: wrap;\n        justify-content: center;\n        padding: 1em 0;\n    }\n    #operator-closed .operator-closed-box-stars span{\n        color: #002E5D;\n        font-size: 36px;\n        line-height: 1.1;\n        text-align: center;\n        width: 100%;\n        font-weight: 900;\n    }\n    #operator-closed .button {\n        text-transform: uppercase;\n        margin-top: 0;\n        margin-bottom: 28px;\n        font-weight: 600;\n        padding: 10px 13px; \n        font-size: 13px; \n        width: 100%;\n    }\n    #operator-closed .button i {\n        font-size: 12px;\n        padding-top: 0;\n    }\n    .claim-bonus-code:hover>.bonus-btn-main-sec {\n        color: #c8102e;\n    }\n    @media ( max-width: 767px ) {\n\n        #operator-closed .operator-closed-message {\n            font-size: 14px;\n        }  \n        #operator-closed .operator-closed-message b {\n            font-size: 17px;\n        }\n        #operator-closed .operator-closed-box {\n            flex-direction: row;\n            flex-wrap: wrap;\n            justify-content: space-around;\n            max-width: 300px;\n            margin-left: auto;\n            margin-right: auto;\n        }\n        #operator-closed .col-lg-4.col-md-6.col-sm-4.col-xs-12:nth-child(3) .operator-closed-box {\n            margin-bottom: 0; \n        }\n        .operator-closed-box-container {\n            padding: 30px 15px;\n        }\n        #operator-closed .operator-closed-box {\n            margin-bottom: 2.5rem; \n        }\n    }\n<\/style>\n<div id=\"operator-closed-wrapper\">\n    <div id=\"operator-closed\" class=\"operator-closed-body\">\n        <div class=\"operator-closed-message \">\n\n            <div><b>Mejor echa un vistazo a estos mejores casinos<\/b>\n                             <\/div>\n        <\/div>\n        \n        <div class=\"row operator-closed-box-container\">\n                    <\/div>\n    <\/div>\n<\/div><\/span>\r\n\r\n<span style=\"font-weight: 400;\"><div class=\"moreHome hideContent\"><\/span>\r\n<p class=\"text-justify\">Tambi\u00e9n hay otro a\u00f1adido de especial inter\u00e9s, sobre todo para los jugadores que lleven ya un tiempo disfrutando de las bondades y ventajas de 1xbet. Como premio a la fidelidad, el portal de apuestas online cuenta con una secci\u00f3n dedicada a miembros en la que se dan diferentes rangos en funci\u00f3n de los puntos acumulados a base de jugar. De esta forma, se escala de nivel para obtener como bono un porcentaje mayor de devoluci\u00f3n en caso de perder jugando. Estas cantidades van desde el 5 al 11%, y resultan bastante interesantes para minimizar el impacto si se pierde en la ruleta.<\/p>\r\n<p class=\"text-justify\">Esto, junto con las promociones peri\u00f3dicas que van apareciendo dentro de la secci\u00f3n dedicada de la p\u00e1gina principal, sirve para disfrutar m\u00e1s y mejor de la roulette 1xbet con la posibilidad de ganar m\u00e1s dinero y m\u00e1s premios a cambio de inversiones m\u00ednimas. Una mezcla que siempre resulta interesante para el usuario tanto novato como experimentado.<\/p>\r\n<span style=\"font-weight: 400;\"><\/div><\/span>\r\n<h2 class=\"text-justify\">Tipos de ruleta disponibles en 1xbet - La Roulette Americana &amp; Francesa<\/h2>\r\n<p class=\"text-justify\">Para ofrecer algo de inter\u00e9s para cualquier jugador que tenga predilecci\u00f3n por este tipo de juegos, hay una buena variedad de tipos de ruleta disponibles en 1xbet. Aunque la principal divisi\u00f3n se hace entre la roulette americana y la francesa, tambi\u00e9n hay otras modalidades disponibles que a\u00f1aden varias capas interesantes a la mec\u00e1nica principal de esta propuesta de azar.<\/p>\r\n<p class=\"text-justify\">En primer lugar, los jugadores de 1xBet pueden encontrar la ruleta francesa. Tambi\u00e9n conocida como europea, se caracteriza por tener un total de 37 n\u00fameros (del 0 al 36) y por permitir las apuestas por color, por cero, por impar, por par o por n\u00fameros exactos. Es la m\u00e1s extendida a nivel global y, por supuesto, una de las claves de este portal ruso.<\/p>\r\n<span style=\"font-weight: 400;\"><div class=\"moreHome hideContent\"><\/span>\r\n<p class=\"text-justify\">No obstante, tambi\u00e9n se puede encontrar la ruleta americana. Su funcionamiento es id\u00e9ntico al de la francesa, de hecho las apuestas se realizan de la misma forma; pero se diferencia fundamentalmente por tener tambi\u00e9n el cero doble (00). De esta forma, el total de cifras es de 38, ya que incluye todas las de la europea y a\u00f1ade esta adicional que puede complicar un poco m\u00e1s las cosas.<\/p>\r\n<p class=\"text-justify\">Partiendo de estas dos, 1xBet aprovecha tambi\u00e9n para introducir las ruletas pf con videojuegos como Counter-Strike: GO y a\u00f1ade la posibilidad de darle al juego un toque m\u00e1s picante con las ruletas porno del <a href=\"https:\/\/bet-bonus.net\/es\/porno-casino\/\">Casino Porno de 1xbet<\/a>. Protagonizadas por chicas muy sugerentes, mezclan la posibilidad de ganar dinero acertando con cada apuesta con otras recompensas m\u00e1s subidas de tono.<\/p>\r\n<p class=\"text-justify\">Todas estas forman el abanico de posibilidades de juego en el sector de las ruletas de 1xbet. A\u00fan as\u00ed, hay otra alternativa m\u00e1s, que se convierte en la m\u00e1s interesante de todo el conjunto: las ruletas en vivo. De ellas hablaremos en mayor profundidad m\u00e1s adelante en este mismo texto para explicar todas sus bondades y virtudes.<\/p>\r\n<span style=\"font-weight: 400;\"><\/div><\/span>\r\n\r\n<span style=\"font-weight: 400;\"> \r\n<div class=\"cta-direct-bonus\">\r\n    <div class=\"col-lg-8 col-md-8 col-sm-8 col-xs-12\">\r\n        <div class=\"row\">\r\n            <p class=\"cta-direct-slogan\">\r\n                \u00bfEst\u00e1s listo para Atrapar tu Bono de Bienvenida?            <\/p>\r\n        <\/div>\r\n    <\/div>\r\n    <div class=\"col-lg-4 col-md-4 col-sm-4 col-xs-12\">\r\n        <div class=\"row\">\r\n             <span class=\"cursored button js-golink cta-direct-button hvr-animation new-hover\"  onclick=\"OpenGoLink(this);\" data-operator=\"8\" data-bonus=\"5369\"   data-clicks=\"16\"data-type=\"casino\" ><span>Visita 1xBet Ahora!<\/span> <\/span> \r\n        <\/div>\r\n    <\/div>\r\n<\/div>\r\n\r\n<style type=\"text\/css\" media=\"screen\">\r\n    .cta-direct-button.new-hover {\r\n        padding: 3px 0 2px;\r\n    }\r\n<\/style><\/span>\r\n<h2 class=\"text-justify\">Ruleta CS:GO en 1xbet - Otra opci\u00f3n a tu alcance<\/h2>\r\n<p class=\"text-justify\">En un movimiento claro de apostar por lo m\u00e1s vanguardista y acercarse tambi\u00e9n al terreno de los gamers, 1xbet ha incorporado a su reparto de juegos de <a href=\"https:\/\/bet-bonus.net\/es\/casino\/\">casino<\/a> la ruleta csgo. Basada en el popular videojuego que enfrenta a terroristas contra fuerzas de la ley, ha ido ganando m\u00e1s y m\u00e1s adeptos con el paso del tiempo gracias a su simplicidad y a su inspiraci\u00f3n.<\/p>\r\n<p class=\"text-justify\">La ruleta PF CS:GO se encuentra disponible dentro de la secci\u00f3n de 1xGames y su funcionamiento es tremendamente sencillo. El usuario tiene siempre delante un contador de tiempo que indica la duraci\u00f3n de la ronda que se est\u00e1 llevando a cabo. A ambos lados, se pueden ver los marcadores de los dos equipos que est\u00e1n compitiendo, generados de forma aleatoria para seguir el patr\u00f3n de aleatoriedad de una ruleta tradicional. Mientras tanto, el usuario puede apostar por la victoria de cualquiera de los dos bandos, como tambi\u00e9n por el marcador que quedar\u00e1 al finalizar el partido.<\/p>\r\n<p class=\"text-justify\">Es importante saber que la posibilidad de apostar se cierra cuando quedan 30 segundos para que concluya la ronda y que, si se da un empate, se devuelve el dinero apostado a los jugadores.<\/p>\r\n\r\n<h2 class=\"text-justify\">Jugar a la ruleta en vivo en 1xbet - Una opci\u00f3n real<\/h2>\r\n<p class=\"text-justify\">Como ya hemos mencionado previamente, una de las bazas m\u00e1s importantes que ofrece este portal de juego ruso es la posibilidad de jugar a la ruleta en vivo. Lejos de ser una promoci\u00f3n enga\u00f1osa y mero humo, se trata de una opci\u00f3n real y plenamente disponible para cualquier jugador que se haya registrado en esta casa para jugar y ganar dinero con ello.<\/p>\r\n<p class=\"text-justify\">Se encuentra disponible dentro de la secci\u00f3n de casino en directo que est\u00e1 en el men\u00fa principal. Desde ah\u00ed, accediendo a opciones como Live Casino XPG, Live Casino Extreme u otras tantas disponibles dentro de toda la variedad que hay, se puede empezar una partida y disfrutar de ella v\u00eda streaming, suponiendo una experiencia mucho m\u00e1s realista e inmersiva que hacerlo a trav\u00e9s de cualquier otro soporte.<\/p>\r\n<span style=\"font-weight: 400;\"><div class=\"moreHome hideContent\"><\/span>\r\n<p class=\"text-justify\">Y es que el principal punto de inter\u00e9s de estas ruletas en directo es que el usuario puede verlas a trav\u00e9s de la pantalla gracias al streaming. Es decir, se siente como si estuviera en un casino de verdad y la responsable de turno hubiera echado la bola tras haber realizado las apuestas correspondientes. La principal ventaja de esto es que permite disfrutar del juego de la forma m\u00e1s realista posible, a pesar de hacerlo a trav\u00e9s de un entorno virtual, adem\u00e1s de la plena compatibilidad con cualquier dispositivo gracias tanto a la versi\u00f3n web como a la <a href=\"https:\/\/bet-bonus.net\/es\/app\/\">app para m\u00f3viles.<\/a><\/p>\r\n<span style=\"font-weight: 400;\"><\/div><\/span>\r\n\r\n<span style=\"font-weight: 400;\">\n<style>\n #operator-closed {\n        margin-top: 3em;\n        margin-bottom: 1rem;\n        color: #414141; \n    }\n    .operator-closed-body {\n        min-height: 420px;\n        background-color: #F9F9F9;\n    }\n    #operator-closed .operator-closed-message {\n        display: flex;\n        align-items: center;\n        justify-content: center;\n        font-size: 20px;\n        text-align: center;\n        color: #fff;\n        padding: 1.75em 0.5rem;\n        background: #002E5D;\n        text-shadow: 0 1px 1px rgba(0, 0, 0, 0.3);\n        box-shadow: 0 -4px 0 0 #1a1a1a;\n    }\n    #operator-closed .operator-closed-message b {\n        display: block;\n        font-size: 24px;\n    }\n    .operator-closed-box-container {\n        padding: 40px 30px;\n    }\n    #operator-closed .operator-closed-box {\n        display: flex;\n        flex-direction: column;\n        justify-content: center;\n        align-items: center;\n        background-color: #FFFFFF;\n        box-shadow: 0px 0px 5px #00000024;\n    }\n   \/* #operator-closed .operator-closed-box a:first-of-type {\n        display: flex;\n        justify-content: center;\n        width: 100%;\n        background: #ffffff;\n        border-top: 3px solid #f46613;\n    }*\/\n    #operator-closed img {\n        width: 100px;\n        display: block;\n    }\n    #operator-closed .operator-box-header { \n        display: flex; \n        width: 100%;\n        justify-content: center;\n        background-color: #ECECEC; \n        padding: 13px;\n    }\n    #operator-closed .operator-closed-box-stars {\n        display: flex;\n        flex-wrap: wrap;\n        justify-content: center;\n        padding: 1em 0;\n    }\n    #operator-closed .operator-closed-box-stars span{\n        color: #002E5D;\n        font-size: 36px;\n        line-height: 1.1;\n        text-align: center;\n        width: 100%;\n        font-weight: 900;\n    }\n    #operator-closed .button {\n        text-transform: uppercase;\n        margin-top: 0;\n        margin-bottom: 28px;\n        font-weight: 600;\n        padding: 10px 13px; \n        font-size: 13px; \n        width: 100%;\n    }\n    #operator-closed .button i {\n        font-size: 12px;\n        padding-top: 0;\n    }\n    .claim-bonus-code:hover>.bonus-btn-main-sec {\n        color: #c8102e;\n    }\n    @media ( max-width: 767px ) {\n\n        #operator-closed .operator-closed-message {\n            font-size: 14px;\n        }  \n        #operator-closed .operator-closed-message b {\n            font-size: 17px;\n        }\n        #operator-closed .operator-closed-box {\n            flex-direction: row;\n            flex-wrap: wrap;\n            justify-content: space-around;\n            max-width: 300px;\n            margin-left: auto;\n            margin-right: auto;\n        }\n        #operator-closed .col-lg-4.col-md-6.col-sm-4.col-xs-12:nth-child(3) .operator-closed-box {\n            margin-bottom: 0; \n        }\n        .operator-closed-box-container {\n            padding: 30px 15px;\n        }\n        #operator-closed .operator-closed-box {\n            margin-bottom: 2.5rem; \n        }\n    }\n<\/style>\n<div id=\"operator-closed-wrapper\">\n    <div id=\"operator-closed\" class=\"operator-closed-body\">\n        <div class=\"operator-closed-message \">\n\n            <div><b>Mejor echa un vistazo a estos mejores casinos<\/b>\n                             <\/div>\n        <\/div>\n        \n        <div class=\"row operator-closed-box-container\">\n                    <\/div>\n    <\/div>\n<\/div><\/span>\r\n<h2 class=\"text-justify\">Consejos para jugar a la ruleta en 1xbet<\/h2>\r\n<p class=\"text-justify\">A priori, puede parecer que el juego de la ruleta es algo en lo que es imposible llevar a cabo estrategias de ning\u00fan tipo. Lanzar una bola a una zona en la que se mueve de forma azarosa no es el mejor lugar para pensar en c\u00f3mo apostar para ganar dinero, o quiz\u00e1 s\u00ed. Vamos a explicarte algunos consejos para jugar a la ruleta en 1xbet y, por supuesto, conseguir jugosas recompensas con un poco de cabeza.<\/p>\r\n<p class=\"text-justify\">Uno de los trucos m\u00e1s famosos es el de la Martingala. A pesar de su nombre tan extra\u00f1o, su planteamiento consiste siempre en jugar a color o a par e impar. Dadas las probabilidades que se manejan, tarde o temprano se cumplir\u00e1 uno u otro, por lo que la t\u00e1ctica implica doblar las apuestas continuamente hasta que se consiga ganar y, por tanto, se obtenga un buen beneficio. El principal inconveniente que plantea este sistema es que hace falta una buena cantidad de dinero disponible para poder llevarlo a cabo.<\/p>\r\n<span style=\"font-weight: 400;\"><div class=\"moreHome hideContent\"><\/span>\r\n<p class=\"text-justify\">Por otra parte, tambi\u00e9n est\u00e1 la estrategia inversa, en cuyo caso hace que se doblen apuestas cuando se gana y se bajen cuando se pierde. As\u00ed, si se da una buena racha, se consigue beneficios r\u00e1pidamente, pero siempre entra el riesgo de perder y tirarlo todo por la borda.<\/p>\r\n<p class=\"text-justify\">Una de las estrategias con mejores resultados, pero m\u00e1s desconocidas, es la de Fibonacci. En 1xbet ruleta puede aplicarse siguiendo esta secuencia num\u00e9rica inventada por el matem\u00e1tico italiano, que consiste en usar el resultado de los dos \u00faltimos n\u00fameros obtenidos, pero aplic\u00e1ndose a las apuestas. De esta forma, si apuestas 1\u20ac la primera vez y 1\u20ac la segunda; la tercera ser\u00e1n 2\u20ac, la cuarta 3\u20ac, la quinta 5\u20ac y as\u00ed sucesivamente. Est\u00e1 demostrado que, de esta forma, se gana m\u00e1s que se pierde por mucho que salgan mal las apuestas. \u00bfTe animas a jugar a la ruleta y aprovechar alg\u00fan <a href=\"https:\/\/bet-bonus.net\/es\/\">bono de 1xbet<\/a>?<\/p>\r\n<span style=\"font-weight: 400;\"><\/div><\/span>\r\n\r\n<span style=\"font-weight: 400;\">\r\n<div class=\"cta-direct-bonus\">\r\n    <div class=\"col-lg-8 col-md-8 col-sm-8 col-xs-12\">\r\n        <div class=\"row\">\r\n            <p class=\"cta-direct-slogan\">\r\n                \u00bfEst\u00e1s listo para Atrapar tu Bono de Bienvenida?            <\/p>\r\n        <\/div>\r\n    <\/div>\r\n    <div class=\"col-lg-4 col-md-4 col-sm-4 col-xs-12\">\r\n        <div class=\"row\">\r\n             <span class=\"cursored button js-golink cta-direct-button hvr-animation new-hover\"  onclick=\"OpenGoLink(this);\" data-operator=\"8\" data-bonus=\"5369\"   data-clicks=\"16\"data-type=\"casino\" ><span>Visita 1xBet Ahora!<\/span> <\/span> \r\n        <\/div>\r\n    <\/div>\r\n<\/div>\r\n\r\n<style type=\"text\/css\" media=\"screen\">\r\n    .cta-direct-button.new-hover {\r\n        padding: 3px 0 2px;\r\n    }\r\n<\/style><\/span>","protected":false},"excerpt":{"rendered":"La Roulette Online en 1xBet es otro de los puntos de especial inter\u00e9s para los aficionados a los juegos de azar y los amantes de las apuestas. Esta casa rusa cuenta con una variedad de ruletas que van desde la americana y francesa hasta la Multiwheel, todas modalidades tradicionales que, adem\u00e1s, llegan acompa\u00f1adas de otras<a href=\"https:\/\/bet-bonus.net\/es\/ruleta\/\"> &#8230;<\/a>","protected":false},"author":1,"featured_media":0,"parent":0,"menu_order":0,"comment_status":"closed","ping_status":"closed","template":"","meta":{"footnotes":""},"categories":[],"tags":[],"class_list":["post-128","page","type-page","status-publish","hentry"],"yoast_head":"<!-- This site is optimized with the Yoast SEO plugin v26.7 - https:\/\/yoast.com\/wordpress\/plugins\/seo\/ -->\n<title>1xbet Ruleta \u00bb Roulette Americana &amp; Europea con 100\u20ac de Bono<\/title>\n<meta name=\"robots\" content=\"index, follow, max-snippet:-1, max-image-preview:large, max-video-preview:-1\" \/>\n<link rel=\"canonical\" href=\"https:\/\/bet-bonus.net\/es\/ruleta\/\" \/>\n<meta property=\"og:locale\" content=\"es_ES\" \/>\n<meta property=\"og:type\" content=\"article\" \/>\n<meta property=\"og:title\" content=\"1xbet Ruleta \u00bb Roulette Americana &amp; Europea con 100\u20ac de Bono\" \/>\n<meta property=\"og:url\" content=\"https:\/\/bet-bonus.net\/es\/ruleta\/\" \/>\n<meta property=\"og:site_name\" content=\"bet-bonus.net ES\" \/>\n<meta property=\"article:modified_time\" content=\"2018-08-07T13:25:21+00:00\" \/>\n<meta name=\"twitter:card\" content=\"summary_large_image\" \/>\n<meta name=\"twitter:label1\" content=\"Tiempo de lectura\" \/>\n\t<meta name=\"twitter:data1\" content=\"8 minutos\" \/>\n<script type=\"application\/ld+json\" class=\"yoast-schema-graph\">{\"@context\":\"https:\/\/schema.org\",\"@graph\":[{\"@type\":\"WebPage\",\"@id\":\"https:\/\/bet-bonus.net\/es\/ruleta\/\",\"url\":\"https:\/\/bet-bonus.net\/es\/ruleta\/\",\"name\":\"1xbet Ruleta \u00bb Roulette Americana & Europea con [bonus operator=\\\"7\\\" type=\\\"1\\\" conditions=\\\"8\\\" user=\\\"2\\\" template=\\\"51\\\" option=\\\"amount\\\"] de Bono\",\"isPartOf\":{\"@id\":\"https:\/\/bet-bonus.net\/es\/#website\"},\"datePublished\":\"2018-06-12T11:47:03+00:00\",\"dateModified\":\"2018-08-07T13:25:21+00:00\",\"breadcrumb\":{\"@id\":\"https:\/\/bet-bonus.net\/es\/ruleta\/#breadcrumb\"},\"inLanguage\":\"es\",\"potentialAction\":[{\"@type\":\"ReadAction\",\"target\":[\"https:\/\/bet-bonus.net\/es\/ruleta\/\"]}]},{\"@type\":\"BreadcrumbList\",\"@id\":\"https:\/\/bet-bonus.net\/es\/ruleta\/#breadcrumb\",\"itemListElement\":[{\"@type\":\"ListItem\",\"position\":1,\"name\":\"Home\",\"item\":\"https:\/\/bet-bonus.net\/es\/\"},{\"@type\":\"ListItem\",\"position\":2,\"name\":\"Roulette Online en 1xBet - Ruleta Americana Francesa &#038; Multiwheel\"}]},{\"@type\":\"WebSite\",\"@id\":\"https:\/\/bet-bonus.net\/es\/#website\",\"url\":\"https:\/\/bet-bonus.net\/es\/\",\"name\":\"bet-bonus.net ES\",\"description\":\"\",\"potentialAction\":[{\"@type\":\"SearchAction\",\"target\":{\"@type\":\"EntryPoint\",\"urlTemplate\":\"https:\/\/bet-bonus.net\/es\/?s={search_term_string}\"},\"query-input\":{\"@type\":\"PropertyValueSpecification\",\"valueRequired\":true,\"valueName\":\"search_term_string\"}}],\"inLanguage\":\"es\"}]}<\/script>\n<!-- \/ Yoast SEO plugin. -->","yoast_head_json":{"title":"1xbet Ruleta \u00bb Roulette Americana & Europea con 100\u20ac de Bono","robots":{"index":"index","follow":"follow","max-snippet":"max-snippet:-1","max-image-preview":"max-image-preview:large","max-video-preview":"max-video-preview:-1"},"canonical":"https:\/\/bet-bonus.net\/es\/ruleta\/","og_locale":"es_ES","og_type":"article","og_title":"1xbet Ruleta \u00bb Roulette Americana & Europea con 100\u20ac de Bono","og_url":"https:\/\/bet-bonus.net\/es\/ruleta\/","og_site_name":"bet-bonus.net ES","article_modified_time":"2018-08-07T13:25:21+00:00","twitter_card":"summary_large_image","twitter_misc":{"Tiempo de lectura":"8 minutos"},"schema":{"@context":"https:\/\/schema.org","@graph":[{"@type":"WebPage","@id":"https:\/\/bet-bonus.net\/es\/ruleta\/","url":"https:\/\/bet-bonus.net\/es\/ruleta\/","name":"1xbet Ruleta \u00bb Roulette Americana & Europea con [bonus operator=\"7\" type=\"1\" conditions=\"8\" user=\"2\" template=\"51\" option=\"amount\"] de Bono","isPartOf":{"@id":"https:\/\/bet-bonus.net\/es\/#website"},"datePublished":"2018-06-12T11:47:03+00:00","dateModified":"2018-08-07T13:25:21+00:00","breadcrumb":{"@id":"https:\/\/bet-bonus.net\/es\/ruleta\/#breadcrumb"},"inLanguage":"es","potentialAction":[{"@type":"ReadAction","target":["https:\/\/bet-bonus.net\/es\/ruleta\/"]}]},{"@type":"BreadcrumbList","@id":"https:\/\/bet-bonus.net\/es\/ruleta\/#breadcrumb","itemListElement":[{"@type":"ListItem","position":1,"name":"Home","item":"https:\/\/bet-bonus.net\/es\/"},{"@type":"ListItem","position":2,"name":"Roulette Online en 1xBet - Ruleta Americana Francesa &#038; Multiwheel"}]},{"@type":"WebSite","@id":"https:\/\/bet-bonus.net\/es\/#website","url":"https:\/\/bet-bonus.net\/es\/","name":"bet-bonus.net ES","description":"","potentialAction":[{"@type":"SearchAction","target":{"@type":"EntryPoint","urlTemplate":"https:\/\/bet-bonus.net\/es\/?s={search_term_string}"},"query-input":{"@type":"PropertyValueSpecification","valueRequired":true,"valueName":"search_term_string"}}],"inLanguage":"es"}]}},"_links":{"self":[{"href":"https:\/\/bet-bonus.net\/es\/wp-json\/wp\/v2\/pages\/128","targetHints":{"allow":["GET"]}}],"collection":[{"href":"https:\/\/bet-bonus.net\/es\/wp-json\/wp\/v2\/pages"}],"about":[{"href":"https:\/\/bet-bonus.net\/es\/wp-json\/wp\/v2\/types\/page"}],"author":[{"embeddable":true,"href":"https:\/\/bet-bonus.net\/es\/wp-json\/wp\/v2\/users\/1"}],"replies":[{"embeddable":true,"href":"https:\/\/bet-bonus.net\/es\/wp-json\/wp\/v2\/comments?post=128"}],"version-history":[{"count":5,"href":"https:\/\/bet-bonus.net\/es\/wp-json\/wp\/v2\/pages\/128\/revisions"}],"predecessor-version":[{"id":130,"href":"https:\/\/bet-bonus.net\/es\/wp-json\/wp\/v2\/pages\/128\/revisions\/130"}],"wp:attachment":[{"href":"https:\/\/bet-bonus.net\/es\/wp-json\/wp\/v2\/media?parent=128"}],"wp:term":[{"taxonomy":"category","embeddable":true,"href":"https:\/\/bet-bonus.net\/es\/wp-json\/wp\/v2\/categories?post=128"},{"taxonomy":"post_tag","embeddable":true,"href":"https:\/\/bet-bonus.net\/es\/wp-json\/wp\/v2\/tags?post=128"}],"curies":[{"name":"wp","href":"https:\/\/api.w.org\/{rel}","templated":true}]}}