{"id":124,"date":"2018-06-12T11:43:24","date_gmt":"2018-06-12T11:43:24","guid":{"rendered":"http:\/\/bet-bonus.net\/es\/?page_id=124"},"modified":"2018-07-31T07:22:36","modified_gmt":"2018-07-31T07:22:36","slug":"blackjack","status":"publish","type":"page","link":"https:\/\/bet-bonus.net\/es\/blackjack\/","title":{"rendered":"Blackjack Online y En Directo con 1xBet - Gana con el juego del 21"},"content":{"rendered":"<p class=\"text-justify\">Ganar con el juego del 21 es una de las posibilidades que m\u00e1s captan la atenci\u00f3n de los jugadores cuando se acercan a la plataforma online de la casa de apuestas rusa 1xBet. Este tradicional juego de cartas se encuentra disponible dentro de la secci\u00f3n de casino.<\/p>\r\n<p class=\"text-justify\">Si quieres saberlo todo sobre 1xbet Blackjack, vamos a hacer un repaso completo a todo lo que puedes encontrar en esta web de juego y azar. Desde bonos hasta consejos para ganar todas las partidas posibles.<\/p>\r\n\r\n<h2 class=\"text-justify\">Bonos para jugar al blackjack en 1xbet<\/h2>\r\n<p class=\"text-justify\">En 1xBet hay muchas promociones y ofertas disponibles que pueden utilizarse dentro del Blackjack. Los bonos para jugar al blackjack en 1xbet est\u00e1n pensados para obtener un dinero extra como fondo de forma que se pueda invertir en estas partidas de cartas apostando e intentando generar el mayor ingreso posible con cada partida que se juegue.<\/p>\r\n<p class=\"text-justify\">As\u00ed, para empezar tenemos el <a href=\"https:\/\/bet-bonus.net\/es\/\">bono de bienvenida de 1xBet<\/a>, que te da hasta 100\u20ac\u20ac de regalo por tu primer ingreso como usuario, aunque est\u00e1 sujeto a unas condiciones determinadas en relaci\u00f3n con apuestas deportivas; pero tambi\u00e9n hay promos como la de vencer a 1xBet, dentro de la cual podemos ver una modalidad de Blackjack con la que conseguir tambi\u00e9n ese centenar de euros si se logra ganar al equipo de la web en una partida de cartas.<\/p>\r\n<span style=\"font-weight: 400;\">\n<style>\n #operator-closed {\n        margin-top: 3em;\n        margin-bottom: 1rem;\n        color: #414141; \n    }\n    .operator-closed-body {\n        min-height: 420px;\n        background-color: #F9F9F9;\n    }\n    #operator-closed .operator-closed-message {\n        display: flex;\n        align-items: center;\n        justify-content: center;\n        font-size: 20px;\n        text-align: center;\n        color: #fff;\n        padding: 1.75em 0.5rem;\n        background: #002E5D;\n        text-shadow: 0 1px 1px rgba(0, 0, 0, 0.3);\n        box-shadow: 0 -4px 0 0 #1a1a1a;\n    }\n    #operator-closed .operator-closed-message b {\n        display: block;\n        font-size: 24px;\n    }\n    .operator-closed-box-container {\n        padding: 40px 30px;\n    }\n    #operator-closed .operator-closed-box {\n        display: flex;\n        flex-direction: column;\n        justify-content: center;\n        align-items: center;\n        background-color: #FFFFFF;\n        box-shadow: 0px 0px 5px #00000024;\n    }\n   \/* #operator-closed .operator-closed-box a:first-of-type {\n        display: flex;\n        justify-content: center;\n        width: 100%;\n        background: #ffffff;\n        border-top: 3px solid #f46613;\n    }*\/\n    #operator-closed img {\n        width: 100px;\n        display: block;\n    }\n    #operator-closed .operator-box-header { \n        display: flex; \n        width: 100%;\n        justify-content: center;\n        background-color: #ECECEC; \n        padding: 13px;\n    }\n    #operator-closed .operator-closed-box-stars {\n        display: flex;\n        flex-wrap: wrap;\n        justify-content: center;\n        padding: 1em 0;\n    }\n    #operator-closed .operator-closed-box-stars span{\n        color: #002E5D;\n        font-size: 36px;\n        line-height: 1.1;\n        text-align: center;\n        width: 100%;\n        font-weight: 900;\n    }\n    #operator-closed .button {\n        text-transform: uppercase;\n        margin-top: 0;\n        margin-bottom: 28px;\n        font-weight: 600;\n        padding: 10px 13px; \n        font-size: 13px; \n        width: 100%;\n    }\n    #operator-closed .button i {\n        font-size: 12px;\n        padding-top: 0;\n    }\n    .claim-bonus-code:hover>.bonus-btn-main-sec {\n        color: #c8102e;\n    }\n    @media ( max-width: 767px ) {\n\n        #operator-closed .operator-closed-message {\n            font-size: 14px;\n        }  \n        #operator-closed .operator-closed-message b {\n            font-size: 17px;\n        }\n        #operator-closed .operator-closed-box {\n            flex-direction: row;\n            flex-wrap: wrap;\n            justify-content: space-around;\n            max-width: 300px;\n            margin-left: auto;\n            margin-right: auto;\n        }\n        #operator-closed .col-lg-4.col-md-6.col-sm-4.col-xs-12:nth-child(3) .operator-closed-box {\n            margin-bottom: 0; \n        }\n        .operator-closed-box-container {\n            padding: 30px 15px;\n        }\n        #operator-closed .operator-closed-box {\n            margin-bottom: 2.5rem; \n        }\n    }\n<\/style>\n<div id=\"operator-closed-wrapper\">\n    <div id=\"operator-closed\" class=\"operator-closed-body\">\n        <div class=\"operator-closed-message \">\n\n            <div><b>Mejor echa un vistazo a estos mejores casinos<\/b>\n                             <\/div>\n        <\/div>\n        \n        <div class=\"row operator-closed-box-container\">\n                    <\/div>\n    <\/div>\n<\/div><\/span>\r\n\r\n<span style=\"font-weight: 400;\"><div class=\"moreHome hideContent\"><\/span>\r\n<p class=\"text-justify\">Por otra parte, tambi\u00e9n est\u00e1 disponible la Devoluci\u00f3n VIP, que premia a los usuarios m\u00e1s fieles para devolverles un tanto por ciento del dinero invertido en caso de perder en 1xbet juego del 21 o cualquier otro disponible. La cantidad aumenta a medida que se acumula experiencia, y \u00e9sta se acumula a base de jugar y apostar en las diferentes propuestas que se encuentran disponibles dentro de este casino en l\u00ednea. Es un bucle retroalimentado que parte de la idea de ofrecer algo a aquellos que ya han invertido una cantidad importante de horas dentro de esta casa de apuestas.<\/p>\r\n<p class=\"text-justify\">Todas estas ofertas, sumadas a otras tantas de car\u00e1cter peri\u00f3dico que se van sumando durante plazos de tiempo determinado, ayudan a que el jugador pueda ganar m\u00e1s dinero si sabe jugar bien sus cartas con el Blackjack. En el fondo es un juego de azar, pero eso no impide que se puedan elaborar estrategias orientadas siempre a la victoria; aunque de esto hablaremos en mayor profundidad m\u00e1s adelante.<\/p>\r\n<span style=\"font-weight: 400;\"><\/div><\/span>\r\n<h2 class=\"text-justify\">Tipos de blackjack disponibles en 1xbet<\/h2>\r\n<p class=\"text-justify\">El blackjack es una de las grandes bazas de los <a href=\"https:\/\/bet-bonus.net\/es\/casino\/\">juegos de casino de 1xBet.<\/a> De hecho, es el que ocupa gran parte de la oferta l\u00fadica disponible para los jugadores en la secci\u00f3n de Casino en Directo. Su funcionamiento y reglas son siempre los mismos, pero hay determinadas variantes que a\u00f1aden toques m\u00e1s interesantes para que los usuarios encuentren algo m\u00e1s variado que el simple y llano juego del 21.<\/p>\r\n<p class=\"text-justify\">Para empezar, la oferta m\u00e1s destacada y popular es el blackjack en vivo. De la misma forma que se har\u00eda en un casino tradicional, los usuarios se re\u00fanen en una mesa que comparten y en la que tienen sus cartas para esperar a la baraja y el reparto de la crupier en vivo. Lo que lo hace especial en 1xbet es que todo esto se ve en directo a trav\u00e9s de streaming. Aunque tu avatar es algo virtual, el v\u00eddeo muestra en todo momento a la persona que reparte e indica c\u00f3mo van las jugadas para que te sientas como dentro de un recinto de juego real.<\/p>\r\n<span style=\"font-weight: 400;\"><div class=\"moreHome hideContent\"><\/span>\r\n<p class=\"text-justify\">Por otra parte, otra modalidad tambi\u00e9n bastante popular y algo m\u00e1s subida de tono es el blackjack porno. Aqu\u00ed, las encargadas de repartir las cartas van perdiendo ropa a medida que se juega, lo cual hace que la partida adquiera un ritmo y unas motivaciones bastante distintas a las habituales. El dinero sigue estando en juego y las cartas siguen determinando qu\u00e9 hacer, pero ahora quien las reparte participa de forma m\u00e1s activa.<\/p>\r\n<p class=\"text-justify\">Hay otras propuestas de blackjack 1xbet tambi\u00e9n disponibles; pero estas dos son las que se llevan la palma por encima del resto. La mayor\u00eda de jugadores que entran en el portal de apuestas para disfrutar de estas partidas se decantan por estas modalidades debido a las bondades que re\u00fanen.<\/p>\r\n<span style=\"font-weight: 400;\"><\/div><\/span>\r\n\r\n<span style=\"font-weight: 400;\"> \r\n<div class=\"cta-direct-bonus\">\r\n    <div class=\"col-lg-8 col-md-8 col-sm-8 col-xs-12\">\r\n        <div class=\"row\">\r\n            <p class=\"cta-direct-slogan\">\r\n                \u00bfEst\u00e1s listo para Atrapar tu Bono de Bienvenida?            <\/p>\r\n        <\/div>\r\n    <\/div>\r\n    <div class=\"col-lg-4 col-md-4 col-sm-4 col-xs-12\">\r\n        <div class=\"row\">\r\n             <span class=\"cursored button js-golink cta-direct-button hvr-animation new-hover\"  onclick=\"OpenGoLink(this);\" data-operator=\"8\" data-bonus=\"5369\"   data-clicks=\"16\"data-type=\"casino\" ><span>Visita 1xBet Ahora!<\/span> <\/span> \r\n        <\/div>\r\n    <\/div>\r\n<\/div>\r\n\r\n<style type=\"text\/css\" media=\"screen\">\r\n    .cta-direct-button.new-hover {\r\n        padding: 3px 0 2px;\r\n    }\r\n<\/style><\/span>\r\n<h2 class=\"text-justify\">Jugar al blackjack en vivo en 1xbet - Una opci\u00f3n real<\/h2>\r\n<p class=\"text-justify\">Jugar al blackjack en vivo en 1xbet, m\u00e1s que una opci\u00f3n real, es una recomendaci\u00f3n total. El sistema establecido por este portal de apuestas en l\u00ednea y juegos de azar para permitir a los jugadores disfrutar de una experiencia lo m\u00e1s real posible desde sus casas o incluso desde un parque a trav\u00e9s de su <a href=\"https:\/\/bet-bonus.net\/es\/app\/\">tel\u00e9fono m\u00f3vil<\/a> funciona a la perfecci\u00f3n y permite el juego fluido y sin cortes.<\/p>\r\n<p class=\"text-justify\">Blackjack live funciona y se convierte en algo recomendable por lo bien que encaja con lo que ser\u00eda una partida real. Lo \u00fanico que lo diferencia del juego con cartas encima de una mesa f\u00edsica es que todo se mueve a trav\u00e9s de un entorno virtual, de la web; pero, por lo dem\u00e1s, ofrece exactamente lo mismo y las mismas posibilidades.<\/p>\r\n<span style=\"font-weight: 400;\"><div class=\"moreHome hideContent\"><\/span>\r\n<p class=\"text-justify\">Una de sus bondades, de hecho, es que no requiere tener una conexi\u00f3n demasiado buena a internet. A pesar de tener una se\u00f1al de v\u00eddeo constante con la que emitir la imagen de la crupier repartiendo las cartas y explicando la situaci\u00f3n de la partida, se puede disfrutar con total calidad y sin ning\u00fan tipo de problema incluso con las conexiones m\u00e1s humildes, cosa que a su vez permite jugar desde cualquier parte con un smartphone si la cobertura no va demasiado bien.<\/p>\r\n<span style=\"font-weight: 400;\"><\/div><\/span>\r\n<h2 class=\"text-justify\">Consejos para jugar al blackjack o juego del 21 en 1xbet<\/h2>\r\n<p class=\"text-justify\">Hay varios consejos interesantes a tener en cuenta para jugar al blackjack o juego del 21 en 1xbet. Y el primero de ellos es, sin duda, intentar jugar sin dinero alguno para practicar un poco antes de hacerlo con el riesgo que conlleva una puja real. Esta es la mejor forma de adquirir conocimientos, conocer mejor probabilidades y experimentar qu\u00e9 se siente en una partida normal de este juego de cartas.<\/p>\r\n<p class=\"text-justify\">Es importante conocer los conceptos de mano suave y mano fuerte. Se dice que una mano es suave cuando las probabilidades de exceder el 21 con el siguiente naipe son nulas; por el contrario, una mano fuerte es el caso contrario, cuando las probabilidades son elevadas. Partiendo de esta idea, lo primero a saber es que, en caso de tener una suave, lo mejor es pedir otra carta.<\/p>\r\n<span style=\"font-weight: 400;\">\r\n<div class=\"cta-direct-bonus\">\r\n    <div class=\"col-lg-8 col-md-8 col-sm-8 col-xs-12\">\r\n        <div class=\"row\">\r\n            <p class=\"cta-direct-slogan\">\r\n                \u00bfEst\u00e1s listo para Atrapar tu Bono de Bienvenida?            <\/p>\r\n        <\/div>\r\n    <\/div>\r\n    <div class=\"col-lg-4 col-md-4 col-sm-4 col-xs-12\">\r\n        <div class=\"row\">\r\n             <span class=\"cursored button js-golink cta-direct-button hvr-animation new-hover\"  onclick=\"OpenGoLink(this);\" data-operator=\"8\" data-bonus=\"5369\"   data-clicks=\"16\"data-type=\"casino\" ><span>Visita 1xBet Ahora!<\/span> <\/span> \r\n        <\/div>\r\n    <\/div>\r\n<\/div>\r\n\r\n<style type=\"text\/css\" media=\"screen\">\r\n    .cta-direct-button.new-hover {\r\n        padding: 3px 0 2px;\r\n    }\r\n<\/style><\/span>\r\n\r\n<span style=\"font-weight: 400;\"><div class=\"moreHome hideContent\"><\/span>\r\n<p class=\"text-justify\">Tambi\u00e9n hay que tener muy en cuenta la mano del o la crupier, si lleva algo fuerte, lo mejor es que te plantes para dejar que se pase y as\u00ed ganar t\u00fa. Como sabr\u00e1s, el juego del 21 consiste en llegar a 21 con las cartas que se tienen, reparti\u00e9ndose una a una por turno. Pasarse implica la derrota autom\u00e1ticamente y, en caso de quedarse corto, el ganador se determina en funci\u00f3n del que se acerca m\u00e1s.<\/p>\r\n<p class=\"text-justify\">Una recomendaci\u00f3n habitual es plantarse en caso de contar con un total de 17 o m\u00e1s puntos. Si no han salido ases, es m\u00e1s que probable que el siguiente naipe suponga excederse de la cifra l\u00edmite. Por otra parte, si la crupier lleva un mano muy fuerte, hay que aprovechar para doblar y duplicar as\u00ed el importe de la apuesta, con sus respectivas ganancias.<\/p>\r\n<p class=\"text-justify\">Por otra parte, es necesario saber tambi\u00e9n que tener un doble 8 es la peor mano posible, ya que por separado podr\u00edan funcionar las dos cartas para hacer combinaciones interesantes, pero juntas rompen las probabilidades y acercan peligrosamente al l\u00edmite.<\/p>\r\n<p class=\"text-justify\">Hay que tener en mente siempre esa cifra 21; pero tambi\u00e9n que el objetivo principal, aparte de ganar, es reducir las posibilidades de que el casino venza. Para ello, es importante tener en cuenta las cartas que han salido y pensar que una derrota puede llevar a varias victorias. Paciencia y observaci\u00f3n.<\/p>\r\n<span style=\"font-weight: 400;\"><\/div><\/span>\r\n\r\n<span style=\"font-weight: 400;\">\r\n<div class=\"cta-direct-bonus\">\r\n    <div class=\"col-lg-8 col-md-8 col-sm-8 col-xs-12\">\r\n        <div class=\"row\">\r\n            <p class=\"cta-direct-slogan\">\r\n                \u00bfEst\u00e1s listo para Atrapar tu Bono de Bienvenida?            <\/p>\r\n        <\/div>\r\n    <\/div>\r\n    <div class=\"col-lg-4 col-md-4 col-sm-4 col-xs-12\">\r\n        <div class=\"row\">\r\n             <span class=\"cursored button js-golink cta-direct-button hvr-animation new-hover\"  onclick=\"OpenGoLink(this);\" data-operator=\"8\" data-bonus=\"5369\"   data-clicks=\"16\"data-type=\"casino\" ><span>Visita 1xBet Ahora!<\/span> <\/span> \r\n        <\/div>\r\n    <\/div>\r\n<\/div>\r\n\r\n<style type=\"text\/css\" media=\"screen\">\r\n    .cta-direct-button.new-hover {\r\n        padding: 3px 0 2px;\r\n    }\r\n<\/style><\/span>","protected":false},"excerpt":{"rendered":"Ganar con el juego del 21 es una de las posibilidades que m\u00e1s captan la atenci\u00f3n de los jugadores cuando se acercan a la plataforma online de la casa de apuestas rusa 1xBet. Este tradicional juego de cartas se encuentra disponible dentro de la secci\u00f3n de casino. Si quieres saberlo todo sobre 1xbet Blackjack, vamos<a href=\"https:\/\/bet-bonus.net\/es\/blackjack\/\"> &#8230;<\/a>","protected":false},"author":1,"featured_media":0,"parent":0,"menu_order":0,"comment_status":"closed","ping_status":"closed","template":"","meta":{"footnotes":""},"categories":[],"tags":[],"class_list":["post-124","page","type-page","status-publish","hentry"],"yoast_head":"<!-- This site is optimized with the Yoast SEO plugin v26.7 - https:\/\/yoast.com\/wordpress\/plugins\/seo\/ -->\n<title>1xbet Blackjack \u00bb El Juego del 21 con 100\u20ac de Bono \u00bb abril 2026<\/title>\n<meta name=\"robots\" content=\"index, follow, max-snippet:-1, max-image-preview:large, max-video-preview:-1\" \/>\n<link rel=\"canonical\" href=\"https:\/\/bet-bonus.net\/es\/blackjack\/\" \/>\n<meta property=\"og:locale\" content=\"es_ES\" \/>\n<meta property=\"og:type\" content=\"article\" \/>\n<meta property=\"og:title\" content=\"1xbet Blackjack \u00bb El Juego del 21 con 100\u20ac de Bono \u00bb abril 2026\" \/>\n<meta property=\"og:url\" content=\"https:\/\/bet-bonus.net\/es\/blackjack\/\" \/>\n<meta property=\"og:site_name\" content=\"bet-bonus.net ES\" \/>\n<meta property=\"article:modified_time\" content=\"2018-07-31T07:22:36+00:00\" \/>\n<meta name=\"twitter:card\" content=\"summary_large_image\" \/>\n<meta name=\"twitter:label1\" content=\"Tiempo de lectura\" \/>\n\t<meta name=\"twitter:data1\" content=\"7 minutos\" \/>\n<script type=\"application\/ld+json\" class=\"yoast-schema-graph\">{\"@context\":\"https:\/\/schema.org\",\"@graph\":[{\"@type\":\"WebPage\",\"@id\":\"https:\/\/bet-bonus.net\/es\/blackjack\/\",\"url\":\"https:\/\/bet-bonus.net\/es\/blackjack\/\",\"name\":\"1xbet Blackjack \u00bb El Juego del 21 con [bonus operator=\\\"7\\\" type=\\\"1\\\" conditions=\\\"8\\\" user=\\\"2\\\" template=\\\"51\\\" option=\\\"amount\\\"] de Bono \u00bb [month_name] [year]\",\"isPartOf\":{\"@id\":\"https:\/\/bet-bonus.net\/es\/#website\"},\"datePublished\":\"2018-06-12T11:43:24+00:00\",\"dateModified\":\"2018-07-31T07:22:36+00:00\",\"breadcrumb\":{\"@id\":\"https:\/\/bet-bonus.net\/es\/blackjack\/#breadcrumb\"},\"inLanguage\":\"es\",\"potentialAction\":[{\"@type\":\"ReadAction\",\"target\":[\"https:\/\/bet-bonus.net\/es\/blackjack\/\"]}]},{\"@type\":\"BreadcrumbList\",\"@id\":\"https:\/\/bet-bonus.net\/es\/blackjack\/#breadcrumb\",\"itemListElement\":[{\"@type\":\"ListItem\",\"position\":1,\"name\":\"Home\",\"item\":\"https:\/\/bet-bonus.net\/es\/\"},{\"@type\":\"ListItem\",\"position\":2,\"name\":\"Blackjack Online y En Directo con 1xBet - Gana con el juego del 21\"}]},{\"@type\":\"WebSite\",\"@id\":\"https:\/\/bet-bonus.net\/es\/#website\",\"url\":\"https:\/\/bet-bonus.net\/es\/\",\"name\":\"bet-bonus.net ES\",\"description\":\"\",\"potentialAction\":[{\"@type\":\"SearchAction\",\"target\":{\"@type\":\"EntryPoint\",\"urlTemplate\":\"https:\/\/bet-bonus.net\/es\/?s={search_term_string}\"},\"query-input\":{\"@type\":\"PropertyValueSpecification\",\"valueRequired\":true,\"valueName\":\"search_term_string\"}}],\"inLanguage\":\"es\"}]}<\/script>\n<!-- \/ Yoast SEO plugin. -->","yoast_head_json":{"title":"1xbet Blackjack \u00bb El Juego del 21 con 100\u20ac de Bono \u00bb abril 2026","robots":{"index":"index","follow":"follow","max-snippet":"max-snippet:-1","max-image-preview":"max-image-preview:large","max-video-preview":"max-video-preview:-1"},"canonical":"https:\/\/bet-bonus.net\/es\/blackjack\/","og_locale":"es_ES","og_type":"article","og_title":"1xbet Blackjack \u00bb El Juego del 21 con 100\u20ac de Bono \u00bb abril 2026","og_url":"https:\/\/bet-bonus.net\/es\/blackjack\/","og_site_name":"bet-bonus.net ES","article_modified_time":"2018-07-31T07:22:36+00:00","twitter_card":"summary_large_image","twitter_misc":{"Tiempo de lectura":"7 minutos"},"schema":{"@context":"https:\/\/schema.org","@graph":[{"@type":"WebPage","@id":"https:\/\/bet-bonus.net\/es\/blackjack\/","url":"https:\/\/bet-bonus.net\/es\/blackjack\/","name":"1xbet Blackjack \u00bb El Juego del 21 con [bonus operator=\"7\" type=\"1\" conditions=\"8\" user=\"2\" template=\"51\" option=\"amount\"] de Bono \u00bb [month_name] [year]","isPartOf":{"@id":"https:\/\/bet-bonus.net\/es\/#website"},"datePublished":"2018-06-12T11:43:24+00:00","dateModified":"2018-07-31T07:22:36+00:00","breadcrumb":{"@id":"https:\/\/bet-bonus.net\/es\/blackjack\/#breadcrumb"},"inLanguage":"es","potentialAction":[{"@type":"ReadAction","target":["https:\/\/bet-bonus.net\/es\/blackjack\/"]}]},{"@type":"BreadcrumbList","@id":"https:\/\/bet-bonus.net\/es\/blackjack\/#breadcrumb","itemListElement":[{"@type":"ListItem","position":1,"name":"Home","item":"https:\/\/bet-bonus.net\/es\/"},{"@type":"ListItem","position":2,"name":"Blackjack Online y En Directo con 1xBet - Gana con el juego del 21"}]},{"@type":"WebSite","@id":"https:\/\/bet-bonus.net\/es\/#website","url":"https:\/\/bet-bonus.net\/es\/","name":"bet-bonus.net ES","description":"","potentialAction":[{"@type":"SearchAction","target":{"@type":"EntryPoint","urlTemplate":"https:\/\/bet-bonus.net\/es\/?s={search_term_string}"},"query-input":{"@type":"PropertyValueSpecification","valueRequired":true,"valueName":"search_term_string"}}],"inLanguage":"es"}]}},"_links":{"self":[{"href":"https:\/\/bet-bonus.net\/es\/wp-json\/wp\/v2\/pages\/124","targetHints":{"allow":["GET"]}}],"collection":[{"href":"https:\/\/bet-bonus.net\/es\/wp-json\/wp\/v2\/pages"}],"about":[{"href":"https:\/\/bet-bonus.net\/es\/wp-json\/wp\/v2\/types\/page"}],"author":[{"embeddable":true,"href":"https:\/\/bet-bonus.net\/es\/wp-json\/wp\/v2\/users\/1"}],"replies":[{"embeddable":true,"href":"https:\/\/bet-bonus.net\/es\/wp-json\/wp\/v2\/comments?post=124"}],"version-history":[{"count":4,"href":"https:\/\/bet-bonus.net\/es\/wp-json\/wp\/v2\/pages\/124\/revisions"}],"predecessor-version":[{"id":451,"href":"https:\/\/bet-bonus.net\/es\/wp-json\/wp\/v2\/pages\/124\/revisions\/451"}],"wp:attachment":[{"href":"https:\/\/bet-bonus.net\/es\/wp-json\/wp\/v2\/media?parent=124"}],"wp:term":[{"taxonomy":"category","embeddable":true,"href":"https:\/\/bet-bonus.net\/es\/wp-json\/wp\/v2\/categories?post=124"},{"taxonomy":"post_tag","embeddable":true,"href":"https:\/\/bet-bonus.net\/es\/wp-json\/wp\/v2\/tags?post=124"}],"curies":[{"name":"wp","href":"https:\/\/api.w.org\/{rel}","templated":true}]}}