{"id":10,"date":"2018-06-12T08:18:13","date_gmt":"2018-06-12T08:18:13","guid":{"rendered":"http:\/\/bet-bonus.net\/es\/?page_id=10"},"modified":"2018-08-07T07:07:21","modified_gmt":"2018-08-07T07:07:21","slug":"codigo-de-bono","status":"publish","type":"page","link":"https:\/\/bet-bonus.net\/es\/codigo-de-bono\/","title":{"rendered":"Tu C\u00f3digo Promocional de 1xbet para abril 2026 - Canjea el bono"},"content":{"rendered":"<p class=\"text-justify\">1xBet es uno de los mayores portales de juego y apuestas que vas a encontrar en internet. Su cat\u00e1logo alberga un enorme abanico de deportes para que encuentres d\u00f3nde apostar y te muevas con total soltura, como tambi\u00e9n una variedad de juegos m\u00e1s que interesante para divertirte mientras tratas de ganar dinero.<\/p>\r\n<p class=\"text-justify\">Muchas bondades a las que muchos usuarios tratan de a\u00f1adir las ventajas de un posible 1xbet c\u00f3digo de bono. Algo que vamos a explicar a continuaci\u00f3n.<\/p>\r\n\r\n<h2 class=\"text-justify\">\u00bfNecesito un c\u00f3digo promocional para jugar a 1xbet?<\/h2>\r\n<p class=\"text-justify\">Si quieres jugar sin complicaciones y vivir la emoci\u00f3n con las mejores apuestas deportivas, tienes en 1xbet un portal pensado por y para ello. Tan solo debes registrarte e iniciar sesi\u00f3n para acceder a toda la oferta l\u00fadica de este sitio haciendo un par de clicks en los diferentes men\u00fas que aparecen en la pantalla principal.<\/p>\r\n<p class=\"text-justify\">No necesitas tener ni utilizar un c\u00f3digo de bono 1xBet para entrar o jugar. Lo tienes todo a tu completa disposici\u00f3n y a un par de clicks de rat\u00f3n de distancia. Todo facilidades para que cualquiera juegue sin encontrar problemas y solo tenga que preocuparse de divertirse y hacer las apuestas con cabeza.<\/p>\r\n<span style=\"font-weight: 400;\"><div class=\"moreHome hideContent\"><\/span>\r\n<p class=\"text-justify\">La casa de apuestas de 1xbet no requiere este tipo de promociones, pero s\u00ed cuenta con algunas bastante interesantes para ganar m\u00e1s dinero apostando o jugando. Echando un vistazo a sus bonos puedes descubrir qu\u00e9 recompensas obtener y c\u00f3mo hacer que sea m\u00e1s f\u00e1cil obtenerlas.<\/p>\r\n<span style=\"font-weight: 400;\"><\/div><\/span>\r\n\r\n<span style=\"font-weight: 400;\"> <div class=\"bonus-table\">\n    <div class=\"col-xs-12\">\n        <div class=\"row\">\n\n<!--            <div class=\"hidden-lg hidden-md hidden-sm col-xs-8 bonus-table-body top-responsive\">-->\n<!---->\n<!--            <\/div>-->\n            <div class=\"col-lg-12 col-md-12 col-sm-12 col-xs-12 bonus-table-body op-table no-padding\">\n                <div class=\"col-lg-3 col-md-4 col-sm-12 col-xs-12 bonus-table-head no-padding\">\n                    <p>Casa de Apuestas<\/p>\n                   <!--  <a class=\"hotfix\" href=\"\" rel=\"nofollow\" target=\"_blank\"><img decoding=\"async\" src=\"<?php\/\/ echo $logo_url; ?>\" class=\"img-responsive\"><\/a> -->\n                    <span class=\"\"><img decoding=\"async\" src=\"\/spanish\/assets\/logos\/sport\/light-back\/1xbet.png\" width=\"100px\" height=\"auto\" alt=\"1xBet\" \/><\/span>                <\/div>\n                <div class=\"col-lg-2 col-md-2 col-sm-6 col-xs-12 rightBordered borders no-padding\">\n                    <p>BONO<\/p>\n                    <p class=\"bonus-value max-bonus\">100\u20ac<\/p>\n                <\/div>\n                <div class=\"col-lg-2 col-md-2 col-sm-6 col-xs-6 rightBordered no-padding\">\n                    <p>Porcentaje<\/p>\n                    <p class=\"bonus-value\">100%<\/p>\n                <\/div>\n                <div class=\"col-lg-2 col-md-2 col-sm-6 col-xs-6 no-padding\">\n                    <p>Nota<\/p>\n                    <p class=\"rating-number\">9.8<\/p>\n                <\/div>\n                <div class=\"col-lg-3 col-md-4 col-sm-6 col-xs-12 op-table-button no-padding\">\n                    <p>A la casa de apuestas<\/p>\n                     <span class=\"cursored button js-golink button claim-bonus-code\"  onclick=\"OpenGoLink(this);\" data-operator=\"7\" data-bonus=\"3965\"   data-clicks=\"1\"data-type=\"sport\" ><button class=\"hvr-animation multi-line bonus-btn-main-sec\"><span>Consigue el bono<\/span><\/button> <\/span>                 <\/div>\n            <\/div>\n        <\/div>\n    <\/div>\n<\/div>\n        <script type=\"application\/ld+json\">\n    {\n        \"@context\": \"https:\/\/schema.org\/\",\n        \"@type\": \"Review\",\n        \"datePublished\": \"12-06-2018\",\n        \"dateModified\": \"08-11-2022\",\n        \"itemReviewed\":{\n                \"@type\": \"Organization\",\n                \"name\": \"1xBet\",\n                \"image\": \" https:\/\/bet-bonus.net\/es\/spanish\/assets\/logos\/light-back\/1xbet.png\"\n        },\n         \"author\":{\n                \"@type\": \"Person\",\n                 \"name\": \"bet-bonus.net ES\"\n         },\n           \"reviewRating\": {\n                \"ratingValue\": \"9.8\",\n                \"bestRating\": \"10\"\n         }\n    }\n\n\n\n        <\/script>\n        <\/span>\r\n<h2 class=\"text-justify\">El C\u00f3digo de Bono de 1xbet para Apuestas Deportivas<\/h2>\r\n<p class=\"text-justify\">Es una pr\u00e1ctica bastante habitual en las diferentes casas de apuestas el incluir la posibilidad de utilizar un c\u00f3digo promo para disfrutar de descuentos u ofertas especiales al registrar un usuario. En el caso de 1xbet, aunque existe un bono de bienvenida que ofrece algo bastante interesante, no hay que introducir ning\u00fan c\u00f3digo de<a href=\"https:\/\/bet-bonus.net\/es\/\"> bono 1xbet.<\/a><\/p>\r\n<p class=\"text-justify\">Que no haya c\u00f3digo de bono 1xbet, como ya hemos se\u00f1alado, no implica que no existan ofertas o promociones. El bono de bienvenida de esta web te ofrece hasta 100\u20ac\u20ac de regalo para apostar si cumples unos requisitos bastante sencillos. Es un empuj\u00f3n bastante interesante que sirve para animarse y para tener algo m\u00e1s con lo que acceder a los juegos de azar, al casino, al p\u00f3ker o a las <a href=\"https:\/\/bet-bonus.net\/es\/apuestas-deportivas\/\">apuestas deportivas de 1xbet.<\/a><\/p>\r\n<p class=\"text-justify\">Por el momento no hay posibilidad de introducir un c\u00f3digo de bono 1xbet; pero estaremos al tanto de actualizaciones para informarte en caso de que se a\u00f1ada esta opci\u00f3n para que puedas sacarle partido en el futuro.<\/p>\r\n\r\n<h2 class=\"text-justify\">El C\u00f3digo Promocional de 1xbet para Casino<\/h2>\r\n<p class=\"text-justify\">Dentro de la <a href=\"https:\/\/bet-bonus.net\/es\/casino\/\">secci\u00f3n de Casino<\/a>, tampoco es posible encontrar un c\u00f3digo de bono 1xbet. El portal no contempla esta opci\u00f3n en este apartado destinado a los juegos de azar, aunque s\u00ed incluye numerosos bonos para participar en torneos con peque\u00f1as facilidades que los hacen m\u00e1s f\u00e1ciles, divertidos y accesibles.<\/p>\r\n<p class=\"text-justify\">Premios de hasta 50.000\u20ac est\u00e1n a la espera de que cualquier usuario se anime a sumarse a las diferentes competiciones que se organizan a trav\u00e9s de los bonos de casino de 1xbet. En esta secci\u00f3n no es posible sacar partido de los 100\u20ac\u20ac que se ofrecen con el bono de bienvenida para apuestas deportivas, pero s\u00ed es posible probar suerte en muchos juegos distintos para llevarse premios de todo tipo.<\/p>\r\n<span style=\"font-weight: 400;\"><div class=\"moreHome hideContent\"><\/span>\r\n<p class=\"text-justify\">Por el momento, no hay opci\u00f3n de introducir c\u00f3digo de bono 1xbet en este apartado, aunque es posible que m\u00e1s adelante se implemente la opci\u00f3n para a\u00f1adir otra bondad m\u00e1s al amplio repertorio de la web.<\/p>\r\n<span style=\"font-weight: 400;\"><\/div><\/span>\r\n\r\n<span style=\"font-weight: 400;\"> \n<style>\n #operator-closed {\n        margin-top: 3em;\n        margin-bottom: 1rem;\n        color: #414141; \n    }\n    .operator-closed-body {\n        min-height: 420px;\n        background-color: #F9F9F9;\n    }\n    #operator-closed .operator-closed-message {\n        display: flex;\n        align-items: center;\n        justify-content: center;\n        font-size: 20px;\n        text-align: center;\n        color: #fff;\n        padding: 1.75em 0.5rem;\n        background: #002E5D;\n        text-shadow: 0 1px 1px rgba(0, 0, 0, 0.3);\n        box-shadow: 0 -4px 0 0 #1a1a1a;\n    }\n    #operator-closed .operator-closed-message b {\n        display: block;\n        font-size: 24px;\n    }\n    .operator-closed-box-container {\n        padding: 40px 30px;\n    }\n    #operator-closed .operator-closed-box {\n        display: flex;\n        flex-direction: column;\n        justify-content: center;\n        align-items: center;\n        background-color: #FFFFFF;\n        box-shadow: 0px 0px 5px #00000024;\n    }\n   \/* #operator-closed .operator-closed-box a:first-of-type {\n        display: flex;\n        justify-content: center;\n        width: 100%;\n        background: #ffffff;\n        border-top: 3px solid #f46613;\n    }*\/\n    #operator-closed img {\n        width: 100px;\n        display: block;\n    }\n    #operator-closed .operator-box-header { \n        display: flex; \n        width: 100%;\n        justify-content: center;\n        background-color: #ECECEC; \n        padding: 13px;\n    }\n    #operator-closed .operator-closed-box-stars {\n        display: flex;\n        flex-wrap: wrap;\n        justify-content: center;\n        padding: 1em 0;\n    }\n    #operator-closed .operator-closed-box-stars span{\n        color: #002E5D;\n        font-size: 36px;\n        line-height: 1.1;\n        text-align: center;\n        width: 100%;\n        font-weight: 900;\n    }\n    #operator-closed .button {\n        text-transform: uppercase;\n        margin-top: 0;\n        margin-bottom: 28px;\n        font-weight: 600;\n        padding: 10px 13px; \n        font-size: 13px; \n        width: 100%;\n    }\n    #operator-closed .button i {\n        font-size: 12px;\n        padding-top: 0;\n    }\n    .claim-bonus-code:hover>.bonus-btn-main-sec {\n        color: #c8102e;\n    }\n    @media ( max-width: 767px ) {\n\n        #operator-closed .operator-closed-message {\n            font-size: 14px;\n        }  \n        #operator-closed .operator-closed-message b {\n            font-size: 17px;\n        }\n        #operator-closed .operator-closed-box {\n            flex-direction: row;\n            flex-wrap: wrap;\n            justify-content: space-around;\n            max-width: 300px;\n            margin-left: auto;\n            margin-right: auto;\n        }\n        #operator-closed .col-lg-4.col-md-6.col-sm-4.col-xs-12:nth-child(3) .operator-closed-box {\n            margin-bottom: 0; \n        }\n        .operator-closed-box-container {\n            padding: 30px 15px;\n        }\n        #operator-closed .operator-closed-box {\n            margin-bottom: 2.5rem; \n        }\n    }\n<\/style>\n<div id=\"operator-closed-wrapper\">\n    <div id=\"operator-closed\" class=\"operator-closed-body\">\n        <div class=\"operator-closed-message \">\n\n            <div><b>Mejor echa un vistazo a estos mejores casinos<\/b>\n                             <\/div>\n        <\/div>\n        \n        <div class=\"row operator-closed-box-container\">\n                            <div class=\"col-lg-4 col-md-6 col-sm-4 col-xs-12\">\n                    <div class=\"operator-closed-box\">\n                        <span class=\"operator-box-header\"><img decoding=\"async\" src=\"\/spanish\/assets\/logos\/sport\/light-back\/bwin.png\" width=\"auto\" height=\"auto\" alt=\"Bwin\" \/><\/span>                        <div class=\"operator-closed-box-stars\">\n                          <span>100\u20ac <\/span>Max Bonus                        <\/div>\n\n                        <div class=\"claim-bonus-code button-bottom\">\n                             <span class=\"cursored button js-golink hvr-animation multi-line bonus-btn-main-sec\"  onclick=\"OpenGoLink(this);\" data-operator=\"79\" data-bonus=\"16070\"   data-clicks=\"34\"data-type=\"sport\" >visita el casino<i class=\"fa fa-chevron-right\" aria-hidden=\"true\"><\/i> <\/span>                         <\/div><!-- \/.claim-bonus-code -->   \n                    <\/div>\n                <\/div>\n                                <div class=\"col-lg-4 col-md-6 col-sm-4 col-xs-12\">\n                    <div class=\"operator-closed-box\">\n                        <span class=\"operator-box-header\"><img decoding=\"async\" src=\"\/spanish\/assets\/logos\/sport\/light-back\/888sport.png\" width=\"auto\" height=\"auto\" alt=\"888\" \/><\/span>                        <div class=\"operator-closed-box-stars\">\n                          <span>110\u20ac <\/span>Max Bonus                        <\/div>\n\n                        <div class=\"claim-bonus-code button-bottom\">\n                             <span class=\"cursored button js-golink hvr-animation multi-line bonus-btn-main-sec\"  onclick=\"OpenGoLink(this);\" data-operator=\"20\" data-bonus=\"6743\"   data-clicks=\"22\"data-type=\"sport\" >visita el casino<i class=\"fa fa-chevron-right\" aria-hidden=\"true\"><\/i> <\/span>                         <\/div><!-- \/.claim-bonus-code -->   \n                    <\/div>\n                <\/div>\n                                <div class=\"col-lg-4 col-md-6 col-sm-4 col-xs-12\">\n                    <div class=\"operator-closed-box\">\n                        <span class=\"operator-box-header\"><img decoding=\"async\" src=\"\/spanish\/assets\/logos\/sport\/light-back\/william-hill.png\" width=\"auto\" height=\"auto\" alt=\"WilliamHill\" \/><\/span>                        <div class=\"operator-closed-box-stars\">\n                          <span>500A$ <\/span>Max Bonus                        <\/div>\n\n                        <div class=\"claim-bonus-code button-bottom\">\n                             <span class=\"cursored button js-golink hvr-animation multi-line bonus-btn-main-sec\"  onclick=\"OpenGoLink(this);\" data-operator=\"315\" data-bonus=\"2809\"   data-clicks=\"24\"data-type=\"sport\" >visita el casino<i class=\"fa fa-chevron-right\" aria-hidden=\"true\"><\/i> <\/span>                         <\/div><!-- \/.claim-bonus-code -->   \n                    <\/div>\n                <\/div>\n                        <\/div>\n    <\/div>\n<\/div><\/span>\r\n<h2 class=\"text-justify\">El C\u00f3digo de Bono para 1xbet Poker<\/h2>\r\n<p class=\"text-justify\">El apartado de<a href=\"https:\/\/bet-bonus.net\/es\/poker\/\"> P\u00f3ker de 1xBet<\/a> tiene dos juegos diferentes para los usuarios interesados: Legion Poker y Poker. Utilizar un c\u00f3digo de bono 1xbet tambi\u00e9n es imposible en este apartado, ya que no hay opci\u00f3n alguna de usarlo en ning\u00fan punto de esta web de juego y apuestas.<\/p>\r\n<p class=\"text-justify\">S\u00ed es posible, sin embargo, disfrutar de las devoluciones VIP que hay disponibles en forma de bonos para los usuarios ya registrados. Como premio a la fidelidad de los usuarios, se puede recibir de vuelta un porcentaje del dinero perdido en jugadas que no salen tan bien como se esperaba. Las cuant\u00edas se mueven entre el 5% y el 11% del total de dinero, en funci\u00f3n del nivel y la experiencia del usuario en cuesti\u00f3n.<\/p>\r\n<span style=\"font-weight: 400;\"><div class=\"moreHome hideContent\"><\/span>\r\n<p class=\"text-justify\">En caso de que m\u00e1s adelante se a\u00f1adan c\u00f3digos de bono 1xbet para la secci\u00f3n de p\u00f3ker en l\u00ednea, actualizaremos para que puedas disfrutar de ellos y de las ventajas que lleguen a ofrecer.<\/p>\r\n<span style=\"font-weight: 400;\"><\/div><\/span>\r\n<h2 class=\"text-justify\">\u00bfD\u00f3nde debo introducir mi c\u00f3digo promocional de 1xbet?<\/h2>\r\n<p class=\"text-justify\">Como bien hemos ido se\u00f1alando a lo largo de todos los apartados anteriores, es imposible introducir un c\u00f3digo de bono promocional en 1xbet. Este portal de apuestas y juegos de azar no contempla esta opci\u00f3n por el momento, aunque se ha asegurado de establecer un amplio sistema de bonos con el que dar a los jugadores y usuarios en general bastantes promociones y recompensas especiales.<\/p>\r\n<span style=\"font-weight: 400;\"><div class=\"moreHome hideContent\"><\/span>\r\n<p class=\"text-justify\">Jugar es algo que se reduce a hacer un par de clicks en las secciones que te interesen y esperar unos segundos a que cargue el juego con el que quieras empezar, de la misma forma que las apuestas se hacen de una forma tremendamente sencilla. No hay necesidad alguna de utilizar claves ni c\u00f3digos para acceder, ya que el operador prefiere optar por los bonus de bienvenida para que la comunidad disfrute tranquilamente de su propuesta.<\/p>\r\n<p class=\"text-justify\">Es posible que en un futuro decidan implementar esta opci\u00f3n, aunque por el momento no parece el camino a seguir.<\/p>\r\n<span style=\"font-weight: 400;\"><\/div><\/span>\r\n\r\n<span style=\"font-weight: 400;\">\r\n<div class=\"cta-direct-bonus\">\r\n    <div class=\"col-lg-8 col-md-8 col-sm-8 col-xs-12\">\r\n        <div class=\"row\">\r\n            <p class=\"cta-direct-slogan\">\r\n                \u00bfEst\u00e1s listo para Atrapar tu Bono de Bienvenida?            <\/p>\r\n        <\/div>\r\n    <\/div>\r\n    <div class=\"col-lg-4 col-md-4 col-sm-4 col-xs-12\">\r\n        <div class=\"row\">\r\n             <span class=\"cursored button js-golink cta-direct-button hvr-animation new-hover\"  onclick=\"OpenGoLink(this);\" data-operator=\"7\" data-bonus=\"3965\"   data-clicks=\"1\"data-type=\"sport\" ><span>Visita 1xBet Ahora!<\/span> <\/span> \r\n        <\/div>\r\n    <\/div>\r\n<\/div>\r\n\r\n<style type=\"text\/css\" media=\"screen\">\r\n    .cta-direct-button.new-hover {\r\n        padding: 3px 0 2px;\r\n    }\r\n<\/style><\/span>","protected":false},"excerpt":{"rendered":"1xBet es uno de los mayores portales de juego y apuestas que vas a encontrar en internet. Su cat\u00e1logo alberga un enorme abanico de deportes para que encuentres d\u00f3nde apostar y te muevas con total soltura, como tambi\u00e9n una variedad de juegos m\u00e1s que interesante para divertirte mientras tratas de ganar dinero. Muchas bondades a<a href=\"https:\/\/bet-bonus.net\/es\/codigo-de-bono\/\"> &#8230;<\/a>","protected":false},"author":1,"featured_media":0,"parent":0,"menu_order":0,"comment_status":"closed","ping_status":"closed","template":"","meta":{"footnotes":""},"categories":[],"tags":[],"class_list":["post-10","page","type-page","status-publish","hentry"],"yoast_head":"<!-- This site is optimized with the Yoast SEO plugin v26.7 - https:\/\/yoast.com\/wordpress\/plugins\/seo\/ -->\n<title>C\u00f3digo de Bono de 1xbet \u00bb Tu Bonus Promocional para abril 2026<\/title>\n<meta name=\"robots\" content=\"index, follow, max-snippet:-1, max-image-preview:large, max-video-preview:-1\" \/>\n<link rel=\"canonical\" href=\"https:\/\/bet-bonus.net\/es\/codigo-de-bono\/\" \/>\n<meta property=\"og:locale\" content=\"es_ES\" \/>\n<meta property=\"og:type\" content=\"article\" \/>\n<meta property=\"og:title\" content=\"C\u00f3digo de Bono de 1xbet \u00bb Tu Bonus Promocional para abril 2026\" \/>\n<meta property=\"og:url\" content=\"https:\/\/bet-bonus.net\/es\/codigo-de-bono\/\" \/>\n<meta property=\"og:site_name\" content=\"bet-bonus.net ES\" \/>\n<meta property=\"article:modified_time\" content=\"2018-08-07T07:07:21+00:00\" \/>\n<meta name=\"twitter:card\" content=\"summary_large_image\" \/>\n<meta name=\"twitter:label1\" content=\"Tiempo de lectura\" \/>\n\t<meta name=\"twitter:data1\" content=\"5 minutos\" \/>\n<script type=\"application\/ld+json\" class=\"yoast-schema-graph\">{\"@context\":\"https:\/\/schema.org\",\"@graph\":[{\"@type\":\"WebPage\",\"@id\":\"https:\/\/bet-bonus.net\/es\/codigo-de-bono\/\",\"url\":\"https:\/\/bet-bonus.net\/es\/codigo-de-bono\/\",\"name\":\"C\u00f3digo de Bono de 1xbet \u00bb Tu Bonus Promocional para [month_name] [year]\",\"isPartOf\":{\"@id\":\"https:\/\/bet-bonus.net\/es\/#website\"},\"datePublished\":\"2018-06-12T08:18:13+00:00\",\"dateModified\":\"2018-08-07T07:07:21+00:00\",\"breadcrumb\":{\"@id\":\"https:\/\/bet-bonus.net\/es\/codigo-de-bono\/#breadcrumb\"},\"inLanguage\":\"es\",\"potentialAction\":[{\"@type\":\"ReadAction\",\"target\":[\"https:\/\/bet-bonus.net\/es\/codigo-de-bono\/\"]}]},{\"@type\":\"BreadcrumbList\",\"@id\":\"https:\/\/bet-bonus.net\/es\/codigo-de-bono\/#breadcrumb\",\"itemListElement\":[{\"@type\":\"ListItem\",\"position\":1,\"name\":\"Home\",\"item\":\"https:\/\/bet-bonus.net\/es\/\"},{\"@type\":\"ListItem\",\"position\":2,\"name\":\"Tu C\u00f3digo Promocional de 1xbet para diciembre 2021 - Canjea el bono\"}]},{\"@type\":\"WebSite\",\"@id\":\"https:\/\/bet-bonus.net\/es\/#website\",\"url\":\"https:\/\/bet-bonus.net\/es\/\",\"name\":\"bet-bonus.net ES\",\"description\":\"\",\"potentialAction\":[{\"@type\":\"SearchAction\",\"target\":{\"@type\":\"EntryPoint\",\"urlTemplate\":\"https:\/\/bet-bonus.net\/es\/?s={search_term_string}\"},\"query-input\":{\"@type\":\"PropertyValueSpecification\",\"valueRequired\":true,\"valueName\":\"search_term_string\"}}],\"inLanguage\":\"es\"}]}<\/script>\n<!-- \/ Yoast SEO plugin. -->","yoast_head_json":{"title":"C\u00f3digo de Bono de 1xbet \u00bb Tu Bonus Promocional para abril 2026","robots":{"index":"index","follow":"follow","max-snippet":"max-snippet:-1","max-image-preview":"max-image-preview:large","max-video-preview":"max-video-preview:-1"},"canonical":"https:\/\/bet-bonus.net\/es\/codigo-de-bono\/","og_locale":"es_ES","og_type":"article","og_title":"C\u00f3digo de Bono de 1xbet \u00bb Tu Bonus Promocional para abril 2026","og_url":"https:\/\/bet-bonus.net\/es\/codigo-de-bono\/","og_site_name":"bet-bonus.net ES","article_modified_time":"2018-08-07T07:07:21+00:00","twitter_card":"summary_large_image","twitter_misc":{"Tiempo de lectura":"5 minutos"},"schema":{"@context":"https:\/\/schema.org","@graph":[{"@type":"WebPage","@id":"https:\/\/bet-bonus.net\/es\/codigo-de-bono\/","url":"https:\/\/bet-bonus.net\/es\/codigo-de-bono\/","name":"C\u00f3digo de Bono de 1xbet \u00bb Tu Bonus Promocional para [month_name] [year]","isPartOf":{"@id":"https:\/\/bet-bonus.net\/es\/#website"},"datePublished":"2018-06-12T08:18:13+00:00","dateModified":"2018-08-07T07:07:21+00:00","breadcrumb":{"@id":"https:\/\/bet-bonus.net\/es\/codigo-de-bono\/#breadcrumb"},"inLanguage":"es","potentialAction":[{"@type":"ReadAction","target":["https:\/\/bet-bonus.net\/es\/codigo-de-bono\/"]}]},{"@type":"BreadcrumbList","@id":"https:\/\/bet-bonus.net\/es\/codigo-de-bono\/#breadcrumb","itemListElement":[{"@type":"ListItem","position":1,"name":"Home","item":"https:\/\/bet-bonus.net\/es\/"},{"@type":"ListItem","position":2,"name":"Tu C\u00f3digo Promocional de 1xbet para diciembre 2021 - Canjea el bono"}]},{"@type":"WebSite","@id":"https:\/\/bet-bonus.net\/es\/#website","url":"https:\/\/bet-bonus.net\/es\/","name":"bet-bonus.net ES","description":"","potentialAction":[{"@type":"SearchAction","target":{"@type":"EntryPoint","urlTemplate":"https:\/\/bet-bonus.net\/es\/?s={search_term_string}"},"query-input":{"@type":"PropertyValueSpecification","valueRequired":true,"valueName":"search_term_string"}}],"inLanguage":"es"}]}},"_links":{"self":[{"href":"https:\/\/bet-bonus.net\/es\/wp-json\/wp\/v2\/pages\/10","targetHints":{"allow":["GET"]}}],"collection":[{"href":"https:\/\/bet-bonus.net\/es\/wp-json\/wp\/v2\/pages"}],"about":[{"href":"https:\/\/bet-bonus.net\/es\/wp-json\/wp\/v2\/types\/page"}],"author":[{"embeddable":true,"href":"https:\/\/bet-bonus.net\/es\/wp-json\/wp\/v2\/users\/1"}],"replies":[{"embeddable":true,"href":"https:\/\/bet-bonus.net\/es\/wp-json\/wp\/v2\/comments?post=10"}],"version-history":[{"count":4,"href":"https:\/\/bet-bonus.net\/es\/wp-json\/wp\/v2\/pages\/10\/revisions"}],"predecessor-version":[{"id":450,"href":"https:\/\/bet-bonus.net\/es\/wp-json\/wp\/v2\/pages\/10\/revisions\/450"}],"wp:attachment":[{"href":"https:\/\/bet-bonus.net\/es\/wp-json\/wp\/v2\/media?parent=10"}],"wp:term":[{"taxonomy":"category","embeddable":true,"href":"https:\/\/bet-bonus.net\/es\/wp-json\/wp\/v2\/categories?post=10"},{"taxonomy":"post_tag","embeddable":true,"href":"https:\/\/bet-bonus.net\/es\/wp-json\/wp\/v2\/tags?post=10"}],"curies":[{"name":"wp","href":"https:\/\/api.w.org\/{rel}","templated":true}]}}