{"id":94,"date":"2018-07-10T10:52:56","date_gmt":"2018-07-10T10:52:56","guid":{"rendered":"http:\/\/bet-bonus.net\/de\/?page_id=94"},"modified":"2018-08-10T09:43:44","modified_gmt":"2018-08-10T09:43:44","slug":"verifizierung","status":"publish","type":"page","link":"https:\/\/bet-bonus.net\/de\/verifizierung\/","title":{"rendered":"Zur Sicherheit der Kunden - <span>Verifizierungsprozess bei 1xbet Schritt f\u00fcr Schritt erkl\u00e4rt<\/span>"},"content":{"rendered":"<p class=\"text-justify\">1xBet wird bei den Sportwettern immer beliebter und daher ist es auch an der Zeit, den Verifizierungsprozess etwas genauer unter die Lupe zu nehmen. Wie bei anderen Anbietern auch, muss auch hier der Kunde entsprechende Unterlagen zu seiner Person einreichen, wenn eine Auszahlung beantragt werden soll. Doch was ist dabei zu beachten und wohin m\u00fcssen diese Dokumente \u00fcberhaupt gesandt werden? Viel wichtiger ist noch die Frage, was passiert, wenn die Verifizierung nicht erfolgreich durchgef\u00fchrt werden kann? Wir wollen den Sportwetter mit all diesen Punkten nicht alleine lassen und haben daher selbst diverse Recherchen angestellt. Daher sollen an dieser Stelle hilfreiche Antworten geliefert werden.<\/p>\r\n<p class=\"text-justify\">\n<style>\n #operator-closed {\n        margin-top: 3em;\n        margin-bottom: 1rem;\n        color: #414141; \n    }\n    .operator-closed-body {\n        min-height: 420px;\n        background-color: #F9F9F9;\n    }\n    #operator-closed .operator-closed-message {\n        display: flex;\n        align-items: center;\n        justify-content: center;\n        font-size: 20px;\n        text-align: center;\n        color: #fff;\n        padding: 1.75em 0.5rem;\n        background: #002E5D;\n        text-shadow: 0 1px 1px rgba(0, 0, 0, 0.3);\n        box-shadow: 0 -4px 0 0 #1a1a1a;\n    }\n    #operator-closed .operator-closed-message b {\n        display: block;\n        font-size: 24px;\n    }\n    .operator-closed-box-container {\n        padding: 40px 30px;\n    }\n    #operator-closed .operator-closed-box {\n        display: flex;\n        flex-direction: column;\n        justify-content: center;\n        align-items: center;\n        background-color: #FFFFFF;\n        box-shadow: 0px 0px 5px #00000024;\n    }\n   \/* #operator-closed .operator-closed-box a:first-of-type {\n        display: flex;\n        justify-content: center;\n        width: 100%;\n        background: #ffffff;\n        border-top: 3px solid #f46613;\n    }*\/\n    #operator-closed img {\n        width: 100px;\n        display: block;\n    }\n    #operator-closed .operator-box-header { \n        display: flex; \n        width: 100%;\n        justify-content: center;\n        background-color: #ECECEC; \n        padding: 13px;\n    }\n    #operator-closed .operator-closed-box-stars {\n        display: flex;\n        flex-wrap: wrap;\n        justify-content: center;\n        padding: 1em 0;\n    }\n    #operator-closed .operator-closed-box-stars span{\n        color: #002E5D;\n        font-size: 36px;\n        line-height: 1.1;\n        text-align: center;\n        width: 100%;\n        font-weight: 900;\n    }\n    #operator-closed .button {\n        text-transform: uppercase;\n        margin-top: 0;\n        margin-bottom: 28px;\n        font-weight: 600;\n        padding: 10px 13px; \n        font-size: 13px; \n        width: 100%;\n    }\n    #operator-closed .button i {\n        font-size: 12px;\n        padding-top: 0;\n    }\n    .claim-bonus-code:hover>.bonus-btn-main-sec {\n        color: #c8102e;\n    }\n    @media ( max-width: 767px ) {\n\n        #operator-closed .operator-closed-message {\n            font-size: 14px;\n        }  \n        #operator-closed .operator-closed-message b {\n            font-size: 17px;\n        }\n        #operator-closed .operator-closed-box {\n            flex-direction: row;\n            flex-wrap: wrap;\n            justify-content: space-around;\n            max-width: 300px;\n            margin-left: auto;\n            margin-right: auto;\n        }\n        #operator-closed .col-lg-4.col-md-6.col-sm-4.col-xs-12:nth-child(3) .operator-closed-box {\n            margin-bottom: 0; \n        }\n        .operator-closed-box-container {\n            padding: 30px 15px;\n        }\n        #operator-closed .operator-closed-box {\n            margin-bottom: 2.5rem; \n        }\n    }\n<\/style>\n<div id=\"operator-closed-wrapper\">\n    <div id=\"operator-closed\" class=\"operator-closed-body\">\n        <div class=\"operator-closed-message \">\n\n            <div><b>Werfen Sie lieber einen Blick auf diese Top Anbieter<\/b>\n                             <\/div>\n        <\/div>\n        \n        <div class=\"row operator-closed-box-container\">\n                            <div class=\"col-lg-4 col-md-6 col-sm-4 col-xs-12\">\n                    <div class=\"operator-closed-box\">\n                        <span class=\"operator-box-header\"><img decoding=\"async\" src=\"\/deutsch\/assets\/logos\/sport\/light-back\/stake-com.png\" width=\"auto\" height=\"auto\" alt=\"Stake.com\" \/><\/span>                        <div class=\"operator-closed-box-stars\">\n                          <span>1000$ <\/span>MAXIMALER BONUS                        <\/div>\n\n                        <div class=\"claim-bonus-code button-bottom\">\n                             <span class=\"cursored button js-golink hvr-animation multi-line bonus-btn-main-sec\"  onclick=\"OpenGoLink(this);\" data-operator=\"885\" data-bonus=\"6895\"   data-clicks=\"37\"data-type=\"sport\" >jetzt registrieren<i class=\"fa fa-chevron-right\" aria-hidden=\"true\"><\/i> <\/span>                         <\/div><!-- \/.claim-bonus-code -->   \n                    <\/div>\n                <\/div>\n                                <div class=\"col-lg-4 col-md-6 col-sm-4 col-xs-12\">\n                    <div class=\"operator-closed-box\">\n                        <span class=\"operator-box-header\"><img decoding=\"async\" src=\"\/deutsch\/assets\/logos\/sport\/light-back\/bwin.png\" width=\"auto\" height=\"auto\" alt=\"Bwin\" \/><\/span>                        <div class=\"operator-closed-box-stars\">\n                          <span>100\u20ac <\/span>MAXIMALER BONUS                        <\/div>\n\n                        <div class=\"claim-bonus-code button-bottom\">\n                             <span class=\"cursored button js-golink hvr-animation multi-line bonus-btn-main-sec\"  onclick=\"OpenGoLink(this);\" data-operator=\"79\" data-bonus=\"4873\"   data-clicks=\"32\"data-type=\"sport\" >jetzt registrieren<i class=\"fa fa-chevron-right\" aria-hidden=\"true\"><\/i> <\/span>                         <\/div><!-- \/.claim-bonus-code -->   \n                    <\/div>\n                <\/div>\n                                <div class=\"col-lg-4 col-md-6 col-sm-4 col-xs-12\">\n                    <div class=\"operator-closed-box\">\n                        <span class=\"operator-box-header\"><img decoding=\"async\" src=\"\/deutsch\/assets\/logos\/sport\/light-back\/mybet.png\" width=\"auto\" height=\"auto\" alt=\"Mybet\" \/><\/span>                        <div class=\"operator-closed-box-stars\">\n                          <span>100\u20ac <\/span>MAXIMALER BONUS                        <\/div>\n\n                        <div class=\"claim-bonus-code button-bottom\">\n                             <span class=\"cursored button js-golink hvr-animation multi-line bonus-btn-main-sec\"  onclick=\"OpenGoLink(this);\" data-operator=\"208\" data-bonus=\"1819\"   data-clicks=\"23\"data-type=\"sport\" >jetzt registrieren<i class=\"fa fa-chevron-right\" aria-hidden=\"true\"><\/i> <\/span>                         <\/div><!-- \/.claim-bonus-code -->   \n                    <\/div>\n                <\/div>\n                        <\/div>\n    <\/div>\n<\/div><\/p>\r\n\r\n<h2>Welche Dokumente werden f\u00fcr den Identit\u00e4tsnachweis ben\u00f6tigt?<\/h2>\r\n<p class=\"text-justify\"><div class=\"moreHome hideContent\"><\/p>\r\n<p class=\"text-justify\">An erster Stelle steht die Frage, welche Dokumente 1xBet eigentlich verlangt, wenn es um den Nachweis der Identit\u00e4t geht. Zum einen ist nat\u00fcrlich klar, dass eine Kopie des Reisepasses oder des Ausweise \u00fcbersandt werden muss. Dieser muss g\u00fcltig sein und alle wichtigen Angaben sollten gut lesbar dargestellt werden. Zudem wird zwangsl\u00e4ufig eine Haushaltsrechnung verlangt, denn die Adresse auf dem Ausweis muss mit einem anderen offiziellen Schriftst\u00fcck abgeglichen werden. Aus der Rechnung muss also der Name, die genaue Anschrift und die Art des Unternehmens hervorgehen. Dabei k\u00f6nnen eventuelle Summen die dort aufgef\u00fchrt sind, auch gerne im Vorfeld geschw\u00e4rzt werden.<\/p>\r\n<p class=\"text-justify\">Zudem kann noch eine Kopie der Geldkarte oder der Kreditkarte erforderlich werden, denn schlie\u00dflich muss auch die Eigenerschaft \u00fcber das Konto nachgewiesen werden k\u00f6nnen. Bei anderen Zahlungsmethoden kann ein Screenshot des Accounts verlangt werden, was zum Beispiel bei <a href=\"https:\/\/bet-bonus.net\/de\/paypal\/\">Paypal<\/a> oder Neteller sowie anderen Wallets der Fall ist. Es muss dabei definitiv um Fotos oder aber Scans handeln, denn manipulierbare Schriftst\u00fccke wie Schreibprogramm-Dateien, k\u00f6nnen nicht akzeptiert werden.<\/p>\r\n<p class=\"text-justify\"><\/div><\/p>\r\n\r\n<h2>Wie lange dauert die Verifizierung der Identit\u00e4t?<\/h2>\r\n<p class=\"text-justify\"><div class=\"moreHome hideContent\"><\/p>\r\n<p class=\"text-justify\">Die Verifizierung der Identit\u00e4t nimmt im Durchschnitt bei 1xBet bis zu 72 Stunden in Anspruch. Allerdings trifft dieser Wert nur dann zu, wenn es sich um Werktage handelt. Sollte die Verifizierung also am einen Freitag vorgenommen werden, kann die Bearbeitung bis zum darauffolgenden Diensttag dauern. In vielen F\u00e4llen findet die Pr\u00fcfung aber schon innerhalb der ersten 48 Stunden statt, sodass der Account schneller zur <a href=\"https:\/\/bet-bonus.net\/de\/1xbet-auszahlung-dauer\/\">Auszahlung<\/a> bereit ist, als erwartet. Nur in diversen Ausnahmef\u00e4llen kann der Vorgang auch deutlich l\u00e4nger dauern. Dies ist zum Beispiel dann der Fall, wenn Unterlagen Fehlen und diese erst noch nachgereicht werden m\u00fcssen. Zudem k\u00f6nnen auch Unstimmigkeiten bei den Dokumenten entsprechende Verz\u00f6gerungen nach sich ziehen, was dann wiederum zu einer Verl\u00e4ngerung der Frist f\u00fchrt. Der Status der Verifizierung kann jeweils im eigenen Account eingesehen werden. Zudem erh\u00e4lt der User umgehend eine Mail, wenn der Vorgang vollst\u00e4ndig abgeschlossen wurde. Dabei kann es n\u00fctzlich sein auch einen Blick in den Spam-Ordner zu werfen, denn die Best\u00e4tigungen gehen f\u00fcr gew\u00f6hnlich von einer anderen Abteilung aus.<\/p>\r\n<p class=\"text-justify\"><\/div><\/p>\r\n<p class=\"text-justify\">\r\n<div class=\"cta-direct-bonus\">\r\n    <div class=\"col-lg-8 col-md-8 col-sm-8 col-xs-12\">\r\n        <div class=\"row\">\r\n            <p class=\"cta-direct-slogan\">\r\n                Sind Sie bereit Ihren Willkommensbonus zu schnappen?            <\/p>\r\n        <\/div>\r\n    <\/div>\r\n    <div class=\"col-lg-4 col-md-4 col-sm-4 col-xs-12\">\r\n        <div class=\"row\">\r\n             <span class=\"cursored button js-golink cta-direct-button hvr-animation new-hover\"  onclick=\"OpenGoLink(this);\" data-operator=\"7\" data-bonus=\"3873\"   data-clicks=\"33\"data-type=\"sport\" ><span>Jetzt direkt zu 1xBet  !<\/span> <\/span> \r\n        <\/div>\r\n    <\/div>\r\n<\/div>\r\n\r\n<style type=\"text\/css\" media=\"screen\">\r\n    .cta-direct-button.new-hover {\r\n        padding: 3px 0 2px;\r\n    }\r\n<\/style><\/p>\r\n\r\n<h2>KYC auch \u00fcber das Smartphone m\u00f6glich?<\/h2>\r\n<p class=\"text-justify\"><div class=\"moreHome hideContent\"><\/p>\r\n<p class=\"text-justify\">In der Regel kann die Verifizierung auch \u00fcber das Smartphone erfolgen. Die <a href=\"https:\/\/bet-bonus.net\/de\/app\/\">App<\/a> enth\u00e4lt hierzu einen Men\u00fcpunkt, wobei die entsprechenden Unterlagen als Handy-Foto hochgeladen werden k\u00f6nnen. Somit ist es auch vorwiegend mobilen Spielern ohne Probleme m\u00f6glich, schnell die Best\u00e4tigung der eigenen Identit\u00e4t vorzunehmen. Dies gilt allerdings nur f\u00fcr die App. Wer hier auf die mobile Seite des Anbieters angewiesen ist oder gar die Java-Version nutzen muss, der kann die Verifizierung nur \u00fcber einen Computer vornehmen. Die Integration entsprechender Funktionen in ein solches System w\u00e4re zu Aufwendig, sodass der Nutzer daher diesen Ausweichweg gehen muss.<\/p>\r\n<p class=\"text-justify\">Wer ein Tablet benutzt, der kann auch alle Schritte an diesem Durchf\u00fchren, denn hier kann in der Regel auch die normale Seite des Anbieters aufgerufen werden. Somit stehen die notwendigen Funktionen ohne Probleme zur Verf\u00fcgung, sodass die entsprechenden Schritte gleich von dieser Plattform aus unternommen werden k\u00f6nnen. F\u00fcr die Verifizierung und somit den Upload der Daten, sollte aber eine stabile WLAN-Verbindung genutzt werden.<\/p>\r\n<p class=\"text-justify\"><\/div><\/p>\r\n\r\n<h2>Dokumente abgelehnt - was nun?<\/h2>\r\n<p class=\"text-justify\"><div class=\"moreHome hideContent\"><\/p>\r\n<p class=\"text-justify\">In einigen seltenen F\u00e4llen kann es vorkommen, dass die Dokumente abgelehnt werden. Dies ist zum Beispiel dann der Fall, wenn die Adresse auf dem Ausweis nicht mit denen auf der Haushaltsrechnung \u00fcbereinstimmt oder aber ein anderer Name eingetragen ist. Dieses Problem tritt sogar recht h\u00e4ufig in Erscheinung, wenn man zum Beispiel in der Wohnung des Partners lebt aber alle Vertr\u00e4ge auf ihn angemeldet sind. In einem solchen Fall sollte einfach eine Kopie der Meldebest\u00e4tigung an 1xBet gesendet werden. Hierdurch kann der Anbieter erkennen, dass die Adresse und der Name korrekt sind. Sollte es sich um Probleme mit dem Konto handeln, denn sollte der Spieler die genauen Anweisungen des Anbieters abwarten. Dieser teilt f\u00fcr gew\u00f6hnlich mit, welche Unterlagen erforderlich werden. Allerdings muss damit gerechnet werden, dass diese postalisch einzureichen sind, was eine Briefsendung nach Russland erfordern w\u00fcrde.<\/p>\r\nSollten die Unterlagen von 1xBet dann immer noch abgelehnt werden, sind konkretere Fragen nach den Gr\u00fcnden erforderlich. Werden diese nicht genannt, ist der Kontakt zu einer Schiedsstelle oder aber den zust\u00e4ndigen Aufsichtsbeh\u00f6rden ratsam, denn hier k\u00f6nnen weit schneller Ergebnisse erzielt und auch die Hintergr\u00fcnde gekl\u00e4rt werden.\r\n\r\n<\/div>\r\n\r\n\r\n<div class=\"cta-direct-bonus\">\r\n    <div class=\"col-lg-8 col-md-8 col-sm-8 col-xs-12\">\r\n        <div class=\"row\">\r\n            <p class=\"cta-direct-slogan\">\r\n                Sind Sie bereit Ihren Willkommensbonus zu schnappen?            <\/p>\r\n        <\/div>\r\n    <\/div>\r\n    <div class=\"col-lg-4 col-md-4 col-sm-4 col-xs-12\">\r\n        <div class=\"row\">\r\n             <span class=\"cursored button js-golink cta-direct-button hvr-animation new-hover\"  onclick=\"OpenGoLink(this);\" data-operator=\"7\" data-bonus=\"3873\"   data-clicks=\"33\"data-type=\"sport\" ><span>Jetzt direkt zu 1xBet  !<\/span> <\/span> \r\n        <\/div>\r\n    <\/div>\r\n<\/div>\r\n\r\n<style type=\"text\/css\" media=\"screen\">\r\n    .cta-direct-button.new-hover {\r\n        padding: 3px 0 2px;\r\n    }\r\n<\/style>\r\n<h2>Fazit zum Verifizierungsprozess - sinnvoll und vor allem auch sicher?<\/h2>\r\n<p class=\"text-justify\"><div class=\"moreHome hideContent\"><\/p>\r\n<p class=\"text-justify\">Der Verifizierungsprozess bei 1xBet ist recht einfach gehalten. Der User kann die geforderten Dokumente schnell \u00fcber die Plattform hochladen oder diese auch per Mail an den Support senden. Auch die Wartezeit ist mit 72 Stunden durchaus \u00fcberschaubar, in der Regel findet die Bearbeitung aber schneller statt. Lediglich Feiertage oder Wochenende sowie fehlende Unterlagen, k\u00f6nnen den Prozess deutlich in die L\u00e4nge ziehen. Dabei kann eine Verifizierung auch vom Smartphone aus erfolgen. Hier ist in der App alles angelegt, was der Spieler f\u00fcr seinen Identit\u00e4snachweis ben\u00f6tigt. Ledig bei einer Ablehnung der Dokumente muss ein bisschen mehr Aufwand betrieben werden. Hier kann es schon vorkommen, dass der User sich sogar postalisch an 1xBet wenden muss. Dies ist aber eher eine Ausnahme.<\/p>\r\n<p class=\"text-justify\">Im Groben und Ganzen ist das Prinzip so gestaltet, dass f\u00fcr den Spieler alles ganz einfach abl\u00e4uft und somit auch Anf\u00e4nger sich in diesem Verfahren schnell zurechtfinden k\u00f6nnen. Daher kann hier von einer guten Umsetzung gesprochen werden. Auch bei der Sicherheit wird nicht gespart, wenn alle Unterlagen werden vertraulich behandelt. Zudem muss die Verifizierung nat\u00fcrlich nur einmal durchgef\u00fchrt werden, wobei der Anbieter lediglich den Ausweis speichert, alle anderen Dokumente dann aber wieder l\u00f6scht. Daher kann auch in diesem Punkt von einem Plus f\u00fcr die Kunden gesprochen werden, sodass hier keine Daten an Dritte gelangen k\u00f6nnen. Insgesamt kann 1xBet in puncto Verifizierung als die Note gut erteilt werden.<\/p>\r\n<p class=\"text-justify\"><\/div><\/p>\r\n<p class=\"text-justify\"><div class=\"bonus-table\">\n    <div class=\"col-xs-12\">\n        <div class=\"row\">\n\n<!--            <div class=\"hidden-lg hidden-md hidden-sm col-xs-8 bonus-table-body top-responsive\">-->\n<!---->\n<!--            <\/div>-->\n            <div class=\"col-lg-12 col-md-12 col-sm-12 col-xs-12 bonus-table-body op-table no-padding\">\n                <div class=\"col-lg-3 col-md-4 col-sm-12 col-xs-12 bonus-table-head no-padding\">\n                    <p>Buchmacher<\/p>\n                   <!--  <a class=\"hotfix\" href=\"\" rel=\"nofollow\" target=\"_blank\"><img decoding=\"async\" src=\"<?php\/\/ echo $logo_url; ?>\" class=\"img-responsive\"><\/a> -->\n                    <span class=\"\"><img decoding=\"async\" src=\"\/deutsch\/assets\/logos\/sport\/light-back\/1xbet.png\" width=\"100px\" height=\"auto\" alt=\"1xBet\" \/><\/span>                <\/div>\n                <div class=\"col-lg-2 col-md-2 col-sm-6 col-xs-12 rightBordered borders no-padding\">\n                    <p>BONUS<\/p>\n                    <p class=\"bonus-value max-bonus\">130\u20ac<\/p>\n                <\/div>\n                <div class=\"col-lg-2 col-md-2 col-sm-6 col-xs-6 rightBordered no-padding\">\n                    <p>Prozent<\/p>\n                    <p class=\"bonus-value\">100%<\/p>\n                <\/div>\n                <div class=\"col-lg-2 col-md-2 col-sm-6 col-xs-6 no-padding\">\n                    <p>Bewertung<\/p>\n                    <p class=\"rating-number\">9.8<\/p>\n                <\/div>\n                <div class=\"col-lg-3 col-md-4 col-sm-6 col-xs-12 op-table-button no-padding\">\n                    <p>Zum Anbieter<\/p>\n                     <span class=\"cursored button js-golink button claim-bonus-code\"  onclick=\"OpenGoLink(this);\" data-operator=\"7\" data-bonus=\"3873\"   data-clicks=\"33\"data-type=\"sport\" ><button class=\"hvr-animation multi-line bonus-btn-main-sec\"><span>Jetzt Bonus sichern!<\/span><\/button> <\/span>                 <\/div>\n            <\/div>\n        <\/div>\n    <\/div>\n<\/div>\n        <script type=\"application\/ld+json\">\n    {\n        \"@context\": \"https:\/\/schema.org\/\",\n        \"@type\": \"Review\",\n        \"datePublished\": \"10-07-2018\",\n        \"dateModified\": \"30-10-2022\",\n        \"itemReviewed\":{\n                \"@type\": \"Organization\",\n                \"name\": \"1xBet\",\n                \"image\": \" https:\/\/bet-bonus.net\/de\/deutsch\/assets\/logos\/light-back\/1xbet.png\"\n        },\n         \"author\":{\n                \"@type\": \"Person\",\n                 \"name\": \"bet-bonus.net\/DE\"\n         },\n           \"reviewRating\": {\n                \"ratingValue\": \"9.8\",\n                \"bestRating\": \"10\"\n         }\n    }\n\n\n\n        <\/script>\n        <\/p>","protected":false},"excerpt":{"rendered":"1xBet wird bei den Sportwettern immer beliebter und daher ist es auch an der Zeit, den Verifizierungsprozess etwas genauer unter die Lupe zu nehmen. Wie bei anderen Anbietern auch, muss auch hier der Kunde entsprechende Unterlagen zu seiner Person einreichen, wenn eine Auszahlung beantragt werden soll. Doch was ist dabei zu beachten und wohin m\u00fcssen<a href=\"https:\/\/bet-bonus.net\/de\/verifizierung\/\"> &#8230;<\/a>","protected":false},"author":1,"featured_media":0,"parent":0,"menu_order":0,"comment_status":"closed","ping_status":"closed","template":"","meta":{"footnotes":""},"categories":[],"tags":[],"class_list":["post-94","page","type-page","status-publish","hentry"],"yoast_head":"<!-- This site is optimized with the Yoast SEO plugin v26.7 - https:\/\/yoast.com\/wordpress\/plugins\/seo\/ -->\n<title>1xbet Verifizierung \u00bb schnell &amp; unkompliziert an seine Gewinne kommen<\/title>\n<meta name=\"robots\" content=\"index, follow, max-snippet:-1, max-image-preview:large, max-video-preview:-1\" \/>\n<link rel=\"canonical\" href=\"https:\/\/bet-bonus.net\/de\/verifizierung\/\" \/>\n<meta property=\"og:locale\" content=\"de_DE\" \/>\n<meta property=\"og:type\" content=\"article\" \/>\n<meta property=\"og:title\" content=\"1xbet Verifizierung \u00bb schnell &amp; unkompliziert an seine Gewinne kommen\" \/>\n<meta property=\"og:url\" content=\"https:\/\/bet-bonus.net\/de\/verifizierung\/\" \/>\n<meta property=\"og:site_name\" content=\"bet-bonus.net\/DE\" \/>\n<meta property=\"article:modified_time\" content=\"2018-08-10T09:43:44+00:00\" \/>\n<meta name=\"twitter:card\" content=\"summary_large_image\" \/>\n<meta name=\"twitter:label1\" content=\"Gesch\u00e4tzte Lesezeit\" \/>\n\t<meta name=\"twitter:data1\" content=\"6\u00a0Minuten\" \/>\n<script type=\"application\/ld+json\" class=\"yoast-schema-graph\">{\"@context\":\"https:\/\/schema.org\",\"@graph\":[{\"@type\":\"WebPage\",\"@id\":\"https:\/\/bet-bonus.net\/de\/verifizierung\/\",\"url\":\"https:\/\/bet-bonus.net\/de\/verifizierung\/\",\"name\":\"1xbet Verifizierung \u00bb schnell & unkompliziert an seine Gewinne kommen\",\"isPartOf\":{\"@id\":\"https:\/\/bet-bonus.net\/de\/#website\"},\"datePublished\":\"2018-07-10T10:52:56+00:00\",\"dateModified\":\"2018-08-10T09:43:44+00:00\",\"breadcrumb\":{\"@id\":\"https:\/\/bet-bonus.net\/de\/verifizierung\/#breadcrumb\"},\"inLanguage\":\"de\",\"potentialAction\":[{\"@type\":\"ReadAction\",\"target\":[\"https:\/\/bet-bonus.net\/de\/verifizierung\/\"]}]},{\"@type\":\"BreadcrumbList\",\"@id\":\"https:\/\/bet-bonus.net\/de\/verifizierung\/#breadcrumb\",\"itemListElement\":[{\"@type\":\"ListItem\",\"position\":1,\"name\":\"Home\",\"item\":\"https:\/\/bet-bonus.net\/de\/\"},{\"@type\":\"ListItem\",\"position\":2,\"name\":\"Zur Sicherheit der Kunden - Verifizierungsprozess bei 1xbet Schritt f\u00fcr Schritt erkl\u00e4rt\"}]},{\"@type\":\"WebSite\",\"@id\":\"https:\/\/bet-bonus.net\/de\/#website\",\"url\":\"https:\/\/bet-bonus.net\/de\/\",\"name\":\"bet-bonus.net\/DE\",\"description\":\"\",\"potentialAction\":[{\"@type\":\"SearchAction\",\"target\":{\"@type\":\"EntryPoint\",\"urlTemplate\":\"https:\/\/bet-bonus.net\/de\/?s={search_term_string}\"},\"query-input\":{\"@type\":\"PropertyValueSpecification\",\"valueRequired\":true,\"valueName\":\"search_term_string\"}}],\"inLanguage\":\"de\"}]}<\/script>\n<!-- \/ Yoast SEO plugin. -->","yoast_head_json":{"title":"1xbet Verifizierung \u00bb schnell & unkompliziert an seine Gewinne kommen","robots":{"index":"index","follow":"follow","max-snippet":"max-snippet:-1","max-image-preview":"max-image-preview:large","max-video-preview":"max-video-preview:-1"},"canonical":"https:\/\/bet-bonus.net\/de\/verifizierung\/","og_locale":"de_DE","og_type":"article","og_title":"1xbet Verifizierung \u00bb schnell & unkompliziert an seine Gewinne kommen","og_url":"https:\/\/bet-bonus.net\/de\/verifizierung\/","og_site_name":"bet-bonus.net\/DE","article_modified_time":"2018-08-10T09:43:44+00:00","twitter_card":"summary_large_image","twitter_misc":{"Gesch\u00e4tzte Lesezeit":"6\u00a0Minuten"},"schema":{"@context":"https:\/\/schema.org","@graph":[{"@type":"WebPage","@id":"https:\/\/bet-bonus.net\/de\/verifizierung\/","url":"https:\/\/bet-bonus.net\/de\/verifizierung\/","name":"1xbet Verifizierung \u00bb schnell & unkompliziert an seine Gewinne kommen","isPartOf":{"@id":"https:\/\/bet-bonus.net\/de\/#website"},"datePublished":"2018-07-10T10:52:56+00:00","dateModified":"2018-08-10T09:43:44+00:00","breadcrumb":{"@id":"https:\/\/bet-bonus.net\/de\/verifizierung\/#breadcrumb"},"inLanguage":"de","potentialAction":[{"@type":"ReadAction","target":["https:\/\/bet-bonus.net\/de\/verifizierung\/"]}]},{"@type":"BreadcrumbList","@id":"https:\/\/bet-bonus.net\/de\/verifizierung\/#breadcrumb","itemListElement":[{"@type":"ListItem","position":1,"name":"Home","item":"https:\/\/bet-bonus.net\/de\/"},{"@type":"ListItem","position":2,"name":"Zur Sicherheit der Kunden - Verifizierungsprozess bei 1xbet Schritt f\u00fcr Schritt erkl\u00e4rt"}]},{"@type":"WebSite","@id":"https:\/\/bet-bonus.net\/de\/#website","url":"https:\/\/bet-bonus.net\/de\/","name":"bet-bonus.net\/DE","description":"","potentialAction":[{"@type":"SearchAction","target":{"@type":"EntryPoint","urlTemplate":"https:\/\/bet-bonus.net\/de\/?s={search_term_string}"},"query-input":{"@type":"PropertyValueSpecification","valueRequired":true,"valueName":"search_term_string"}}],"inLanguage":"de"}]}},"_links":{"self":[{"href":"https:\/\/bet-bonus.net\/de\/wp-json\/wp\/v2\/pages\/94","targetHints":{"allow":["GET"]}}],"collection":[{"href":"https:\/\/bet-bonus.net\/de\/wp-json\/wp\/v2\/pages"}],"about":[{"href":"https:\/\/bet-bonus.net\/de\/wp-json\/wp\/v2\/types\/page"}],"author":[{"embeddable":true,"href":"https:\/\/bet-bonus.net\/de\/wp-json\/wp\/v2\/users\/1"}],"replies":[{"embeddable":true,"href":"https:\/\/bet-bonus.net\/de\/wp-json\/wp\/v2\/comments?post=94"}],"version-history":[{"count":10,"href":"https:\/\/bet-bonus.net\/de\/wp-json\/wp\/v2\/pages\/94\/revisions"}],"predecessor-version":[{"id":779,"href":"https:\/\/bet-bonus.net\/de\/wp-json\/wp\/v2\/pages\/94\/revisions\/779"}],"wp:attachment":[{"href":"https:\/\/bet-bonus.net\/de\/wp-json\/wp\/v2\/media?parent=94"}],"wp:term":[{"taxonomy":"category","embeddable":true,"href":"https:\/\/bet-bonus.net\/de\/wp-json\/wp\/v2\/categories?post=94"},{"taxonomy":"post_tag","embeddable":true,"href":"https:\/\/bet-bonus.net\/de\/wp-json\/wp\/v2\/tags?post=94"}],"curies":[{"name":"wp","href":"https:\/\/api.w.org\/{rel}","templated":true}]}}