{"id":90,"date":"2018-07-10T10:53:53","date_gmt":"2018-07-10T10:53:53","guid":{"rendered":"http:\/\/bet-bonus.net\/de\/?page_id=90"},"modified":"2018-08-09T12:17:50","modified_gmt":"2018-08-09T12:17:50","slug":"agb","status":"publish","type":"page","link":"https:\/\/bet-bonus.net\/de\/agb\/","title":{"rendered":"Was steht im Kleingedruckten? - <span>AGB von 1xbet durchleuchtet<\/span>"},"content":{"rendered":"<p class=\"text-justify\">Bei einem Buchmacher sind die Regeln und Vorschriften das Wichtigste. Der Kunde muss wissen, worauf er sich bei einer Anmeldung und vor allem einer Einzahlung bei diesem einl\u00e4sst. Daher m\u00fcssen s\u00e4mtliche Konsequenzen eines solchen Schrittes genannt und vom Anbieter offengelegt werden. Wie stellen sich aber nun die AGB bei 1xBet dar? Verf\u00fcgt dieser Anbieter \u00fcber \u00fcbersichtliche AGB oder muss der Kunde sich alles m\u00fchsam erlesen und selbst zusammenreimen? Was ist in den rechtlichen Beschreibungen von besonderer Bedeutung und deshalb f\u00fcr den Kunden von elementarer Wichtigkeit? Wohin kann sich der Spieler wenden, wenn es in diesem Zusammenhang Probleme gibt? Wir haben uns mit den rechtlichen Texten von 1xBet genau auseinandergesetzt und wollen hier alle wichtigen Antworten zu diesem Thema liefern. Da die AGB die Grundlage f\u00fcr den Betrieb einer solchen Seite darstellen, muss hier alles mit rechten Dingen zugehen, damit die maximale Sicherheit geboten wird.<\/p>\r\n<p class=\"text-justify\">\n<style>\n #operator-closed {\n        margin-top: 3em;\n        margin-bottom: 1rem;\n        color: #414141; \n    }\n    .operator-closed-body {\n        min-height: 420px;\n        background-color: #F9F9F9;\n    }\n    #operator-closed .operator-closed-message {\n        display: flex;\n        align-items: center;\n        justify-content: center;\n        font-size: 20px;\n        text-align: center;\n        color: #fff;\n        padding: 1.75em 0.5rem;\n        background: #002E5D;\n        text-shadow: 0 1px 1px rgba(0, 0, 0, 0.3);\n        box-shadow: 0 -4px 0 0 #1a1a1a;\n    }\n    #operator-closed .operator-closed-message b {\n        display: block;\n        font-size: 24px;\n    }\n    .operator-closed-box-container {\n        padding: 40px 30px;\n    }\n    #operator-closed .operator-closed-box {\n        display: flex;\n        flex-direction: column;\n        justify-content: center;\n        align-items: center;\n        background-color: #FFFFFF;\n        box-shadow: 0px 0px 5px #00000024;\n    }\n   \/* #operator-closed .operator-closed-box a:first-of-type {\n        display: flex;\n        justify-content: center;\n        width: 100%;\n        background: #ffffff;\n        border-top: 3px solid #f46613;\n    }*\/\n    #operator-closed img {\n        width: 100px;\n        display: block;\n    }\n    #operator-closed .operator-box-header { \n        display: flex; \n        width: 100%;\n        justify-content: center;\n        background-color: #ECECEC; \n        padding: 13px;\n    }\n    #operator-closed .operator-closed-box-stars {\n        display: flex;\n        flex-wrap: wrap;\n        justify-content: center;\n        padding: 1em 0;\n    }\n    #operator-closed .operator-closed-box-stars span{\n        color: #002E5D;\n        font-size: 36px;\n        line-height: 1.1;\n        text-align: center;\n        width: 100%;\n        font-weight: 900;\n    }\n    #operator-closed .button {\n        text-transform: uppercase;\n        margin-top: 0;\n        margin-bottom: 28px;\n        font-weight: 600;\n        padding: 10px 13px; \n        font-size: 13px; \n        width: 100%;\n    }\n    #operator-closed .button i {\n        font-size: 12px;\n        padding-top: 0;\n    }\n    .claim-bonus-code:hover>.bonus-btn-main-sec {\n        color: #c8102e;\n    }\n    @media ( max-width: 767px ) {\n\n        #operator-closed .operator-closed-message {\n            font-size: 14px;\n        }  \n        #operator-closed .operator-closed-message b {\n            font-size: 17px;\n        }\n        #operator-closed .operator-closed-box {\n            flex-direction: row;\n            flex-wrap: wrap;\n            justify-content: space-around;\n            max-width: 300px;\n            margin-left: auto;\n            margin-right: auto;\n        }\n        #operator-closed .col-lg-4.col-md-6.col-sm-4.col-xs-12:nth-child(3) .operator-closed-box {\n            margin-bottom: 0; \n        }\n        .operator-closed-box-container {\n            padding: 30px 15px;\n        }\n        #operator-closed .operator-closed-box {\n            margin-bottom: 2.5rem; \n        }\n    }\n<\/style>\n<div id=\"operator-closed-wrapper\">\n    <div id=\"operator-closed\" class=\"operator-closed-body\">\n        <div class=\"operator-closed-message \">\n\n            <div><b>Werfen Sie lieber einen Blick auf diese Top Anbieter<\/b>\n                             <\/div>\n        <\/div>\n        \n        <div class=\"row operator-closed-box-container\">\n                            <div class=\"col-lg-4 col-md-6 col-sm-4 col-xs-12\">\n                    <div class=\"operator-closed-box\">\n                        <span class=\"operator-box-header\"><img decoding=\"async\" src=\"\/deutsch\/assets\/logos\/sport\/light-back\/stake-com.png\" width=\"auto\" height=\"auto\" alt=\"Stake.com\" \/><\/span>                        <div class=\"operator-closed-box-stars\">\n                          <span>1000$ <\/span>MAXIMALER BONUS                        <\/div>\n\n                        <div class=\"claim-bonus-code button-bottom\">\n                             <span class=\"cursored button js-golink hvr-animation multi-line bonus-btn-main-sec\"  onclick=\"OpenGoLink(this);\" data-operator=\"885\" data-bonus=\"6895\"   data-clicks=\"37\"data-type=\"sport\" >jetzt registrieren<i class=\"fa fa-chevron-right\" aria-hidden=\"true\"><\/i> <\/span>                         <\/div><!-- \/.claim-bonus-code -->   \n                    <\/div>\n                <\/div>\n                                <div class=\"col-lg-4 col-md-6 col-sm-4 col-xs-12\">\n                    <div class=\"operator-closed-box\">\n                        <span class=\"operator-box-header\"><img decoding=\"async\" src=\"\/deutsch\/assets\/logos\/sport\/light-back\/bwin.png\" width=\"auto\" height=\"auto\" alt=\"Bwin\" \/><\/span>                        <div class=\"operator-closed-box-stars\">\n                          <span>100\u20ac <\/span>MAXIMALER BONUS                        <\/div>\n\n                        <div class=\"claim-bonus-code button-bottom\">\n                             <span class=\"cursored button js-golink hvr-animation multi-line bonus-btn-main-sec\"  onclick=\"OpenGoLink(this);\" data-operator=\"79\" data-bonus=\"4873\"   data-clicks=\"32\"data-type=\"sport\" >jetzt registrieren<i class=\"fa fa-chevron-right\" aria-hidden=\"true\"><\/i> <\/span>                         <\/div><!-- \/.claim-bonus-code -->   \n                    <\/div>\n                <\/div>\n                                <div class=\"col-lg-4 col-md-6 col-sm-4 col-xs-12\">\n                    <div class=\"operator-closed-box\">\n                        <span class=\"operator-box-header\"><img decoding=\"async\" src=\"\/deutsch\/assets\/logos\/sport\/light-back\/mybet.png\" width=\"auto\" height=\"auto\" alt=\"Mybet\" \/><\/span>                        <div class=\"operator-closed-box-stars\">\n                          <span>100\u20ac <\/span>MAXIMALER BONUS                        <\/div>\n\n                        <div class=\"claim-bonus-code button-bottom\">\n                             <span class=\"cursored button js-golink hvr-animation multi-line bonus-btn-main-sec\"  onclick=\"OpenGoLink(this);\" data-operator=\"208\" data-bonus=\"1819\"   data-clicks=\"23\"data-type=\"sport\" >jetzt registrieren<i class=\"fa fa-chevron-right\" aria-hidden=\"true\"><\/i> <\/span>                         <\/div><!-- \/.claim-bonus-code -->   \n                    <\/div>\n                <\/div>\n                        <\/div>\n    <\/div>\n<\/div><\/p>\r\n\r\n<h2>Sind die AGB von 1xbet verst\u00e4ndlich und klar ausgedr\u00fcckt?<\/h2>\r\n<p class=\"text-justify\"><div class=\"moreHome hideContent\"><\/p>\r\n<p class=\"text-justify\">Fangen wir ganz vorne an. Betritt man die Seite mit den AGB bei 1xBet, dann sieht alles sehr \u00fcbersichtlich aus. An der linken Seite findet sich ein vollst\u00e4ndiges Inhaltsverzeichnis, das den gesamten Aufbau der AGB hervorragend wiedergibt. Durch einen Klick auf den Jeweiligen Men\u00fcpunkt wird die entsprechende Untergliederung ausgeklappt, sodass die einzelnen Teilbereiche der AGB separat angesteuert werden k\u00f6nnen. Diese sind mit konkreten \u00dcberschriften versehen, sodass der Spieler sofort zu den f\u00fcr ihn wichtigen Punkten navigieren kann. An diesem Punkt kann der Anbieter also schon einmal gelobt werden. Die AGB von 1xBet sind sehr umfangreich, daher kann es schon eine Weile dauern, bis alles vollst\u00e4ndig gelesen ist. Allerdings kann man sich auch auf die wesentlichen Punkte wie Ein- und Auszahlungen konzentrieren, denn die Wettregeln d\u00fcrften vielen Spielern gel\u00e4ufig sein. Kommt man allerdings zum Inhalt der Texte, wird es schon problematischer.<\/p>\r\nEs hat den Anschein, als w\u00e4ren viele Bereiche einfach von Maschinen \u00fcbersetzt. Die Formulierungen lasen sich nicht fl\u00fcssig lesen, da immer wieder Fehler im Satzbau vorkommen. Dies mag im ersten Moment erbsenz\u00e4hlerisch klingen, hat aber einen wichtigen Hintergrund. Da zum Teil viele Fachw\u00f6rter verwendet werden, erlesen sich die Inhalte f\u00fcr den normal sterblichen User nur sehr schwer. Manche Formulierungen m\u00fcssen gar mehrfach studiert werden, bevor sich selbst Fachleuten die Bedeutung erschlie\u00dft. Dies ist nat\u00fcrlich f\u00fcr den User nicht von Vorteil, denn es geht hier nicht nur viel Zeit verloren, sondern es kann auch zu Missverst\u00e4ndnissen kommen. Der Bereich \u00fcber die <a href=\"https:\/\/bet-bonus.net\/de\/1xbet-auszahlung-dauer\/\">Auszahlungen<\/a> ist noch schwerer zu verstehen. Das Gleiche gilt auch f\u00fcr die Bonusbedingungen, denn hier muss man schon ein Fachmann in Fremdsprachen sein, um noch durch die Vorschriften durchzusehen. Dabei kann man davon ausgehen, dass dies nicht aus Gr\u00fcnden der Verschleierung geschieht, sondern einfach die leichteste Methode f\u00fcr die \u00dcbersetzung gew\u00e4hlt wurde. Allerdings ist dies zum Nachteil f\u00fcr die User, sodass hier dringend nachgebessert werden sollte.\r\n\r\n<\/div>\r\n\r\n\r\n<div class=\"cta-direct-bonus\">\r\n    <div class=\"col-lg-8 col-md-8 col-sm-8 col-xs-12\">\r\n        <div class=\"row\">\r\n            <p class=\"cta-direct-slogan\">\r\n                Sind Sie bereit Ihren Willkommensbonus zu schnappen?            <\/p>\r\n        <\/div>\r\n    <\/div>\r\n    <div class=\"col-lg-4 col-md-4 col-sm-4 col-xs-12\">\r\n        <div class=\"row\">\r\n             <span class=\"cursored button js-golink cta-direct-button hvr-animation new-hover\"  onclick=\"OpenGoLink(this);\" data-operator=\"7\" data-bonus=\"3873\"   data-clicks=\"33\"data-type=\"sport\" ><span>Jetzt direkt zu 1xBet  !<\/span> <\/span> \r\n        <\/div>\r\n    <\/div>\r\n<\/div>\r\n\r\n<style type=\"text\/css\" media=\"screen\">\r\n    .cta-direct-button.new-hover {\r\n        padding: 3px 0 2px;\r\n    }\r\n<\/style>\r\n<h2>Worauf sollte man genau in den AGB achten?<\/h2>\r\n<p class=\"text-justify\"><div class=\"moreHome hideContent\"><\/p>\r\n<p class=\"text-justify\">Am Wichtigsten sind die Abschnitte \u00fcber die \u00fcber die Ein- und Auszahlungen sowie \u00fcber die Bedingungen der <a href=\"https:\/\/bet-bonus.net\/de\/\">Boni<\/a>. Hier sollte der Spieler ausreichend Zeit investieren um das wahrhaftige Kauderwelsch zu verstehen, denn nur so kann man am Ende sicher sein, dass keine Fehler bei der Umsetzung der Geldsummen geschehen. Auch \u00fcber die Beschr\u00e4nkungen sollte der Spieler ausreichende Informationen einholen. Auch hier gilt leider, dass dieser Bereich sehr schwer zu verstehen ist und sich kaum einem Kunden erschlie\u00dft. Nur durch mehrfaches Lesen kann an dieser Stelle das Wichtigste herausgefunden werden, was f\u00fcr den Spieler wiederum einen bedeutenden Nachteil darstellt.<\/p>\r\nLetzten Endes sollten aber auch die Allgemeinen Bestimmungen nicht ignoriert werden, denn diese bilden die Grundlage f\u00fcr das ganze Spielgeschehen auf der Plattform. Zum Gl\u00fcck ist dieser Abschnitt deutlich einfacher zu lesen als die restlichen Bereiche, sodass der User entsprechende Hintergrundinformationen erh\u00e4lt, die im definitiv etwas n\u00fctzen.\r\n\r\n<\/div>\r\n\r\n\r\n<div class=\"cta-direct-bonus\">\r\n    <div class=\"col-lg-8 col-md-8 col-sm-8 col-xs-12\">\r\n        <div class=\"row\">\r\n            <p class=\"cta-direct-slogan\">\r\n                Sind Sie bereit Ihren Willkommensbonus zu schnappen?            <\/p>\r\n        <\/div>\r\n    <\/div>\r\n    <div class=\"col-lg-4 col-md-4 col-sm-4 col-xs-12\">\r\n        <div class=\"row\">\r\n             <span class=\"cursored button js-golink cta-direct-button hvr-animation new-hover\"  onclick=\"OpenGoLink(this);\" data-operator=\"7\" data-bonus=\"3873\"   data-clicks=\"33\"data-type=\"sport\" ><span>Jetzt direkt zu 1xBet  !<\/span> <\/span> \r\n        <\/div>\r\n    <\/div>\r\n<\/div>\r\n\r\n<style type=\"text\/css\" media=\"screen\">\r\n    .cta-direct-button.new-hover {\r\n        padding: 3px 0 2px;\r\n    }\r\n<\/style>\r\n<h2>An wen kann man sich bei Beschwerden oder Problemen mit 1xbet wenden?<\/h2>\r\n<p class=\"text-justify\"><div class=\"moreHome hideContent\"><\/p>\r\n<p class=\"text-justify\">Da sich aus den AGB von 1xBet viele Fragen ergeben, sollte der Spieler sich an den <a href=\"https:\/\/bet-bonus.net\/de\/kundensupport\/\">Support<\/a> wende, wenn er etwas nicht versteht. Allerdings kann es auch hier zum einem Kommunikationsproblem kommen, denn nicht immer sind die Hotlines auf deutsch verf\u00fcgbar. Daher sollte man die entsprechenden \u00d6ffnungszeiten des deutschen Chats oder der deutschen Hotline nutzen und in dieser Zeit entsprechende Anfragen stellen. Allerdings kann es auch vorkommen, dass der Kontakt mit dem Support nicht zu einer befriedigenden Kl\u00e4rung verhilft. Sollten sich aus den rechtlichen Bedingungen Schwierigkeiten ergeben, so sollte der Spieler durchaus rechtlichen Rat suchen. Entsprechende Beist\u00e4nde k\u00f6nnen die AGB auf eine andere Weise lesen und Hilfestellung geben, um die unverstandenen Klauseln entsprechend verst\u00e4ndlich zu \u00fcbersetzen. Im Zweifelsfall sollte man nicht einmal vor einem Anwalt zur\u00fcckschrecken, denn durch einen solchen k\u00f6nnen viele rechtliche H\u00fcrden und Probleme vermieden werden. Bei 1xBet scheint ein solches Vorgehen leider eine Notwendigkeit zu sein.<\/p>\r\n<p class=\"text-justify\"><\/div><\/p>\r\n<p class=\"text-justify\">\r\n<div class=\"cta-direct-bonus\">\r\n    <div class=\"col-lg-8 col-md-8 col-sm-8 col-xs-12\">\r\n        <div class=\"row\">\r\n            <p class=\"cta-direct-slogan\">\r\n                Sind Sie bereit Ihren Willkommensbonus zu schnappen?            <\/p>\r\n        <\/div>\r\n    <\/div>\r\n    <div class=\"col-lg-4 col-md-4 col-sm-4 col-xs-12\">\r\n        <div class=\"row\">\r\n             <span class=\"cursored button js-golink cta-direct-button hvr-animation new-hover\"  onclick=\"OpenGoLink(this);\" data-operator=\"7\" data-bonus=\"3873\"   data-clicks=\"33\"data-type=\"sport\" ><span>Jetzt direkt zu 1xBet  !<\/span> <\/span> \r\n        <\/div>\r\n    <\/div>\r\n<\/div>\r\n\r\n<style type=\"text\/css\" media=\"screen\">\r\n    .cta-direct-button.new-hover {\r\n        padding: 3px 0 2px;\r\n    }\r\n<\/style><\/p>\r\n\r\n<h2>Fazit zu den 1xbet AGB - Kundenfreundlich oder Abzocke und Betrug?<\/h2>\r\n<p class=\"text-justify\"><div class=\"moreHome hideContent\"><\/p>\r\n<p class=\"text-justify\">Man m\u00f6chte hier nicht von Abzocke sprechen, denn dies scheint es in keinem Fall zu sein. Allerdings ist man auch nicht wirklich auf die Bed\u00fcrfnisse der Kunden eingegangen, denn die \u00dcbersetzung mit Maschinen, ist keine probate Methode, um wichtige Inhalte zu vermitteln. Gl\u00fccklicherweise sind aber viel Passagen noch zu verstehen, sodass zumindest grundlegende Informationen bezogen werden k\u00f6nnen. Auch ist das Navigieren in den einzelnen Bereichen sehr einfach gestaltet, denn das Seitenmen\u00fc gibt zumindest eine hervorragende \u00dcbersicht \u00fcber die Struktur. Am Ende kann definitiv gesagt werden, dass die AGB von 1xBet zwar ausf\u00fchrlich sind, aber dennoch dringend einer entsprechenden Bearbeitung bed\u00fcrfen. Dies d\u00fcrfte zu einem deutlich besseren Verst\u00e4ndnis f\u00fchren und somit auch viele heute oftmals auftretende Probleme, konsequent verhindern.<\/p>\r\n<p class=\"text-justify\"><\/div><\/p>\r\n<p class=\"text-justify\"><div class=\"bonus-table\">\n    <div class=\"col-xs-12\">\n        <div class=\"row\">\n\n<!--            <div class=\"hidden-lg hidden-md hidden-sm col-xs-8 bonus-table-body top-responsive\">-->\n<!---->\n<!--            <\/div>-->\n            <div class=\"col-lg-12 col-md-12 col-sm-12 col-xs-12 bonus-table-body op-table no-padding\">\n                <div class=\"col-lg-3 col-md-4 col-sm-12 col-xs-12 bonus-table-head no-padding\">\n                    <p>Buchmacher<\/p>\n                   <!--  <a class=\"hotfix\" href=\"\" rel=\"nofollow\" target=\"_blank\"><img decoding=\"async\" src=\"<?php\/\/ echo $logo_url; ?>\" class=\"img-responsive\"><\/a> -->\n                    <span class=\"\"><img decoding=\"async\" src=\"\/deutsch\/assets\/logos\/sport\/light-back\/1xbet.png\" width=\"100px\" height=\"auto\" alt=\"1xBet\" \/><\/span>                <\/div>\n                <div class=\"col-lg-2 col-md-2 col-sm-6 col-xs-12 rightBordered borders no-padding\">\n                    <p>BONUS<\/p>\n                    <p class=\"bonus-value max-bonus\">130\u20ac<\/p>\n                <\/div>\n                <div class=\"col-lg-2 col-md-2 col-sm-6 col-xs-6 rightBordered no-padding\">\n                    <p>Prozent<\/p>\n                    <p class=\"bonus-value\">100%<\/p>\n                <\/div>\n                <div class=\"col-lg-2 col-md-2 col-sm-6 col-xs-6 no-padding\">\n                    <p>Bewertung<\/p>\n                    <p class=\"rating-number\">9.8<\/p>\n                <\/div>\n                <div class=\"col-lg-3 col-md-4 col-sm-6 col-xs-12 op-table-button no-padding\">\n                    <p>Zum Anbieter<\/p>\n                     <span class=\"cursored button js-golink button claim-bonus-code\"  onclick=\"OpenGoLink(this);\" data-operator=\"7\" data-bonus=\"3873\"   data-clicks=\"33\"data-type=\"sport\" ><button class=\"hvr-animation multi-line bonus-btn-main-sec\"><span>Jetzt Bonus sichern!<\/span><\/button> <\/span>                 <\/div>\n            <\/div>\n        <\/div>\n    <\/div>\n<\/div>\n        <script type=\"application\/ld+json\">\n    {\n        \"@context\": \"https:\/\/schema.org\/\",\n        \"@type\": \"Review\",\n        \"datePublished\": \"10-07-2018\",\n        \"dateModified\": \"30-10-2022\",\n        \"itemReviewed\":{\n                \"@type\": \"Organization\",\n                \"name\": \"1xBet\",\n                \"image\": \" https:\/\/bet-bonus.net\/de\/deutsch\/assets\/logos\/light-back\/1xbet.png\"\n        },\n         \"author\":{\n                \"@type\": \"Person\",\n                 \"name\": \"bet-bonus.net\/DE\"\n         },\n           \"reviewRating\": {\n                \"ratingValue\": \"9.8\",\n                \"bestRating\": \"10\"\n         }\n    }\n\n\n\n        <\/script>\n        <\/p>","protected":false},"excerpt":{"rendered":"Bei einem Buchmacher sind die Regeln und Vorschriften das Wichtigste. Der Kunde muss wissen, worauf er sich bei einer Anmeldung und vor allem einer Einzahlung bei diesem einl\u00e4sst. Daher m\u00fcssen s\u00e4mtliche Konsequenzen eines solchen Schrittes genannt und vom Anbieter offengelegt werden. Wie stellen sich aber nun die AGB bei 1xBet dar? Verf\u00fcgt dieser Anbieter \u00fcber<a href=\"https:\/\/bet-bonus.net\/de\/agb\/\"> &#8230;<\/a>","protected":false},"author":1,"featured_media":0,"parent":0,"menu_order":0,"comment_status":"closed","ping_status":"closed","template":"","meta":{"footnotes":""},"categories":[],"tags":[],"class_list":["post-90","page","type-page","status-publish","hentry"],"yoast_head":"<!-- This site is optimized with the Yoast SEO plugin v26.7 - https:\/\/yoast.com\/wordpress\/plugins\/seo\/ -->\n<title>1xbet AGB \u00bb versteckte Fallen f\u00fcr Kunden oder seri\u00f6ses Angebot?<\/title>\n<meta name=\"robots\" content=\"index, follow, max-snippet:-1, max-image-preview:large, max-video-preview:-1\" \/>\n<link rel=\"canonical\" href=\"https:\/\/bet-bonus.net\/de\/agb\/\" \/>\n<meta property=\"og:locale\" content=\"de_DE\" \/>\n<meta property=\"og:type\" content=\"article\" \/>\n<meta property=\"og:title\" content=\"1xbet AGB \u00bb versteckte Fallen f\u00fcr Kunden oder seri\u00f6ses Angebot?\" \/>\n<meta property=\"og:url\" content=\"https:\/\/bet-bonus.net\/de\/agb\/\" \/>\n<meta property=\"og:site_name\" content=\"bet-bonus.net\/DE\" \/>\n<meta property=\"article:modified_time\" content=\"2018-08-09T12:17:50+00:00\" \/>\n<meta name=\"twitter:card\" content=\"summary_large_image\" \/>\n<meta name=\"twitter:label1\" content=\"Gesch\u00e4tzte Lesezeit\" \/>\n\t<meta name=\"twitter:data1\" content=\"5\u00a0Minuten\" \/>\n<script type=\"application\/ld+json\" class=\"yoast-schema-graph\">{\"@context\":\"https:\/\/schema.org\",\"@graph\":[{\"@type\":\"WebPage\",\"@id\":\"https:\/\/bet-bonus.net\/de\/agb\/\",\"url\":\"https:\/\/bet-bonus.net\/de\/agb\/\",\"name\":\"1xbet AGB \u00bb versteckte Fallen f\u00fcr Kunden oder seri\u00f6ses Angebot?\",\"isPartOf\":{\"@id\":\"https:\/\/bet-bonus.net\/de\/#website\"},\"datePublished\":\"2018-07-10T10:53:53+00:00\",\"dateModified\":\"2018-08-09T12:17:50+00:00\",\"breadcrumb\":{\"@id\":\"https:\/\/bet-bonus.net\/de\/agb\/#breadcrumb\"},\"inLanguage\":\"de\",\"potentialAction\":[{\"@type\":\"ReadAction\",\"target\":[\"https:\/\/bet-bonus.net\/de\/agb\/\"]}]},{\"@type\":\"BreadcrumbList\",\"@id\":\"https:\/\/bet-bonus.net\/de\/agb\/#breadcrumb\",\"itemListElement\":[{\"@type\":\"ListItem\",\"position\":1,\"name\":\"Home\",\"item\":\"https:\/\/bet-bonus.net\/de\/\"},{\"@type\":\"ListItem\",\"position\":2,\"name\":\"Was steht im Kleingedruckten? - AGB von 1xbet durchleuchtet\"}]},{\"@type\":\"WebSite\",\"@id\":\"https:\/\/bet-bonus.net\/de\/#website\",\"url\":\"https:\/\/bet-bonus.net\/de\/\",\"name\":\"bet-bonus.net\/DE\",\"description\":\"\",\"potentialAction\":[{\"@type\":\"SearchAction\",\"target\":{\"@type\":\"EntryPoint\",\"urlTemplate\":\"https:\/\/bet-bonus.net\/de\/?s={search_term_string}\"},\"query-input\":{\"@type\":\"PropertyValueSpecification\",\"valueRequired\":true,\"valueName\":\"search_term_string\"}}],\"inLanguage\":\"de\"}]}<\/script>\n<!-- \/ Yoast SEO plugin. -->","yoast_head_json":{"title":"1xbet AGB \u00bb versteckte Fallen f\u00fcr Kunden oder seri\u00f6ses Angebot?","robots":{"index":"index","follow":"follow","max-snippet":"max-snippet:-1","max-image-preview":"max-image-preview:large","max-video-preview":"max-video-preview:-1"},"canonical":"https:\/\/bet-bonus.net\/de\/agb\/","og_locale":"de_DE","og_type":"article","og_title":"1xbet AGB \u00bb versteckte Fallen f\u00fcr Kunden oder seri\u00f6ses Angebot?","og_url":"https:\/\/bet-bonus.net\/de\/agb\/","og_site_name":"bet-bonus.net\/DE","article_modified_time":"2018-08-09T12:17:50+00:00","twitter_card":"summary_large_image","twitter_misc":{"Gesch\u00e4tzte Lesezeit":"5\u00a0Minuten"},"schema":{"@context":"https:\/\/schema.org","@graph":[{"@type":"WebPage","@id":"https:\/\/bet-bonus.net\/de\/agb\/","url":"https:\/\/bet-bonus.net\/de\/agb\/","name":"1xbet AGB \u00bb versteckte Fallen f\u00fcr Kunden oder seri\u00f6ses Angebot?","isPartOf":{"@id":"https:\/\/bet-bonus.net\/de\/#website"},"datePublished":"2018-07-10T10:53:53+00:00","dateModified":"2018-08-09T12:17:50+00:00","breadcrumb":{"@id":"https:\/\/bet-bonus.net\/de\/agb\/#breadcrumb"},"inLanguage":"de","potentialAction":[{"@type":"ReadAction","target":["https:\/\/bet-bonus.net\/de\/agb\/"]}]},{"@type":"BreadcrumbList","@id":"https:\/\/bet-bonus.net\/de\/agb\/#breadcrumb","itemListElement":[{"@type":"ListItem","position":1,"name":"Home","item":"https:\/\/bet-bonus.net\/de\/"},{"@type":"ListItem","position":2,"name":"Was steht im Kleingedruckten? - AGB von 1xbet durchleuchtet"}]},{"@type":"WebSite","@id":"https:\/\/bet-bonus.net\/de\/#website","url":"https:\/\/bet-bonus.net\/de\/","name":"bet-bonus.net\/DE","description":"","potentialAction":[{"@type":"SearchAction","target":{"@type":"EntryPoint","urlTemplate":"https:\/\/bet-bonus.net\/de\/?s={search_term_string}"},"query-input":{"@type":"PropertyValueSpecification","valueRequired":true,"valueName":"search_term_string"}}],"inLanguage":"de"}]}},"_links":{"self":[{"href":"https:\/\/bet-bonus.net\/de\/wp-json\/wp\/v2\/pages\/90","targetHints":{"allow":["GET"]}}],"collection":[{"href":"https:\/\/bet-bonus.net\/de\/wp-json\/wp\/v2\/pages"}],"about":[{"href":"https:\/\/bet-bonus.net\/de\/wp-json\/wp\/v2\/types\/page"}],"author":[{"embeddable":true,"href":"https:\/\/bet-bonus.net\/de\/wp-json\/wp\/v2\/users\/1"}],"replies":[{"embeddable":true,"href":"https:\/\/bet-bonus.net\/de\/wp-json\/wp\/v2\/comments?post=90"}],"version-history":[{"count":10,"href":"https:\/\/bet-bonus.net\/de\/wp-json\/wp\/v2\/pages\/90\/revisions"}],"predecessor-version":[{"id":768,"href":"https:\/\/bet-bonus.net\/de\/wp-json\/wp\/v2\/pages\/90\/revisions\/768"}],"wp:attachment":[{"href":"https:\/\/bet-bonus.net\/de\/wp-json\/wp\/v2\/media?parent=90"}],"wp:term":[{"taxonomy":"category","embeddable":true,"href":"https:\/\/bet-bonus.net\/de\/wp-json\/wp\/v2\/categories?post=90"},{"taxonomy":"post_tag","embeddable":true,"href":"https:\/\/bet-bonus.net\/de\/wp-json\/wp\/v2\/tags?post=90"}],"curies":[{"name":"wp","href":"https:\/\/api.w.org\/{rel}","templated":true}]}}