{"id":83,"date":"2018-06-28T11:55:02","date_gmt":"2018-06-28T11:55:02","guid":{"rendered":"http:\/\/bet-bonus.net\/de\/?page_id=83"},"modified":"2020-07-09T08:21:46","modified_gmt":"2020-07-09T08:21:46","slug":"live-stream","status":"publish","type":"page","link":"https:\/\/bet-bonus.net\/de\/live-stream\/","title":{"rendered":"Bei jedem Spiel Live dabei sein - <span>mit dem Live Stream Angebot von 1xbet<\/span>"},"content":{"rendered":"<p class=\"text-justify\">Schaut man auf die Angebote der Buchmacher wird schnell ersichtlich, dass es unter den bekannten und am Markt etablierten Anbietern von Sportwetten nur wenige Betreiber gibt, die auch einen Live Stream f\u00fcr ihre Kundinnen und Kunden im Angebot haben. Ein 1xbet Live Stream Angebot ist bei 1xbet aber nat\u00fcrlich vorhanden. Bei den Kunden beliebt ist entsprechend der 1xbet Live Fussball. Hier gibt es die meisten \u00dcbertragungen. Auch die Kunden, die auf der Suche nach einem 1xbet Live Stream sind und sich nach einem entsprechenden Angebot erkundigen, fragen sich nat\u00fcrlich, welche Sportveranstaltungen konkret \u00fcber den 1xbet Live Stream \u00fcbertragen werden und ob die Angebote im Rahmen des Live Streams auch auf mobilem Wege genutzt werden kann.<\/p>\r\n<p class=\"text-justify\">Wichtig f\u00fcr alle Live Stream Angebot in der Sportwetten Branche ist: Die \u00dcbertragungen sollten nat\u00fcrlich von einer gehobenen Qualit\u00e4t sein. Die Bildqualit\u00e4t muss also erm\u00f6glichen, dass die Kunden, die das Live Stream Angebot nutzen, alle wesentlichen Details, die f\u00fcr den Sport wichtig sind, erkennen und verfolgen k\u00f6nnen. Erfahren Sie an dieser Stelle alles \u00fcber den 1xbet Live Stream und was die Kunden bei dem Buchmacher 1xbet erwartet.<\/p>\r\n<p class=\"text-justify\">\n<style>\n #operator-closed {\n        margin-top: 3em;\n        margin-bottom: 1rem;\n        color: #414141; \n    }\n    .operator-closed-body {\n        min-height: 420px;\n        background-color: #F9F9F9;\n    }\n    #operator-closed .operator-closed-message {\n        display: flex;\n        align-items: center;\n        justify-content: center;\n        font-size: 20px;\n        text-align: center;\n        color: #fff;\n        padding: 1.75em 0.5rem;\n        background: #002E5D;\n        text-shadow: 0 1px 1px rgba(0, 0, 0, 0.3);\n        box-shadow: 0 -4px 0 0 #1a1a1a;\n    }\n    #operator-closed .operator-closed-message b {\n        display: block;\n        font-size: 24px;\n    }\n    .operator-closed-box-container {\n        padding: 40px 30px;\n    }\n    #operator-closed .operator-closed-box {\n        display: flex;\n        flex-direction: column;\n        justify-content: center;\n        align-items: center;\n        background-color: #FFFFFF;\n        box-shadow: 0px 0px 5px #00000024;\n    }\n   \/* #operator-closed .operator-closed-box a:first-of-type {\n        display: flex;\n        justify-content: center;\n        width: 100%;\n        background: #ffffff;\n        border-top: 3px solid #f46613;\n    }*\/\n    #operator-closed img {\n        width: 100px;\n        display: block;\n    }\n    #operator-closed .operator-box-header { \n        display: flex; \n        width: 100%;\n        justify-content: center;\n        background-color: #ECECEC; \n        padding: 13px;\n    }\n    #operator-closed .operator-closed-box-stars {\n        display: flex;\n        flex-wrap: wrap;\n        justify-content: center;\n        padding: 1em 0;\n    }\n    #operator-closed .operator-closed-box-stars span{\n        color: #002E5D;\n        font-size: 36px;\n        line-height: 1.1;\n        text-align: center;\n        width: 100%;\n        font-weight: 900;\n    }\n    #operator-closed .button {\n        text-transform: uppercase;\n        margin-top: 0;\n        margin-bottom: 28px;\n        font-weight: 600;\n        padding: 10px 13px; \n        font-size: 13px; \n        width: 100%;\n    }\n    #operator-closed .button i {\n        font-size: 12px;\n        padding-top: 0;\n    }\n    .claim-bonus-code:hover>.bonus-btn-main-sec {\n        color: #c8102e;\n    }\n    @media ( max-width: 767px ) {\n\n        #operator-closed .operator-closed-message {\n            font-size: 14px;\n        }  \n        #operator-closed .operator-closed-message b {\n            font-size: 17px;\n        }\n        #operator-closed .operator-closed-box {\n            flex-direction: row;\n            flex-wrap: wrap;\n            justify-content: space-around;\n            max-width: 300px;\n            margin-left: auto;\n            margin-right: auto;\n        }\n        #operator-closed .col-lg-4.col-md-6.col-sm-4.col-xs-12:nth-child(3) .operator-closed-box {\n            margin-bottom: 0; \n        }\n        .operator-closed-box-container {\n            padding: 30px 15px;\n        }\n        #operator-closed .operator-closed-box {\n            margin-bottom: 2.5rem; \n        }\n    }\n<\/style>\n<div id=\"operator-closed-wrapper\">\n    <div id=\"operator-closed\" class=\"operator-closed-body\">\n        <div class=\"operator-closed-message \">\n\n            <div><b>Werfen Sie lieber einen Blick auf diese Top Anbieter<\/b>\n                             <\/div>\n        <\/div>\n        \n        <div class=\"row operator-closed-box-container\">\n                            <div class=\"col-lg-4 col-md-6 col-sm-4 col-xs-12\">\n                    <div class=\"operator-closed-box\">\n                        <span class=\"operator-box-header\"><img decoding=\"async\" src=\"\/deutsch\/assets\/logos\/sport\/light-back\/stake-com.png\" width=\"auto\" height=\"auto\" alt=\"Stake.com\" \/><\/span>                        <div class=\"operator-closed-box-stars\">\n                          <span>1000$ <\/span>MAXIMALER BONUS                        <\/div>\n\n                        <div class=\"claim-bonus-code button-bottom\">\n                             <span class=\"cursored button js-golink hvr-animation multi-line bonus-btn-main-sec\"  onclick=\"OpenGoLink(this);\" data-operator=\"885\" data-bonus=\"6895\"   data-clicks=\"37\"data-type=\"sport\" >jetzt registrieren<i class=\"fa fa-chevron-right\" aria-hidden=\"true\"><\/i> <\/span>                         <\/div><!-- \/.claim-bonus-code -->   \n                    <\/div>\n                <\/div>\n                                <div class=\"col-lg-4 col-md-6 col-sm-4 col-xs-12\">\n                    <div class=\"operator-closed-box\">\n                        <span class=\"operator-box-header\"><img decoding=\"async\" src=\"\/deutsch\/assets\/logos\/sport\/light-back\/bwin.png\" width=\"auto\" height=\"auto\" alt=\"Bwin\" \/><\/span>                        <div class=\"operator-closed-box-stars\">\n                          <span>100\u20ac <\/span>MAXIMALER BONUS                        <\/div>\n\n                        <div class=\"claim-bonus-code button-bottom\">\n                             <span class=\"cursored button js-golink hvr-animation multi-line bonus-btn-main-sec\"  onclick=\"OpenGoLink(this);\" data-operator=\"79\" data-bonus=\"4873\"   data-clicks=\"32\"data-type=\"sport\" >jetzt registrieren<i class=\"fa fa-chevron-right\" aria-hidden=\"true\"><\/i> <\/span>                         <\/div><!-- \/.claim-bonus-code -->   \n                    <\/div>\n                <\/div>\n                                <div class=\"col-lg-4 col-md-6 col-sm-4 col-xs-12\">\n                    <div class=\"operator-closed-box\">\n                        <span class=\"operator-box-header\"><img decoding=\"async\" src=\"\/deutsch\/assets\/logos\/sport\/light-back\/mybet.png\" width=\"auto\" height=\"auto\" alt=\"Mybet\" \/><\/span>                        <div class=\"operator-closed-box-stars\">\n                          <span>100\u20ac <\/span>MAXIMALER BONUS                        <\/div>\n\n                        <div class=\"claim-bonus-code button-bottom\">\n                             <span class=\"cursored button js-golink hvr-animation multi-line bonus-btn-main-sec\"  onclick=\"OpenGoLink(this);\" data-operator=\"208\" data-bonus=\"1819\"   data-clicks=\"23\"data-type=\"sport\" >jetzt registrieren<i class=\"fa fa-chevron-right\" aria-hidden=\"true\"><\/i> <\/span>                         <\/div><!-- \/.claim-bonus-code -->   \n                    <\/div>\n                <\/div>\n                        <\/div>\n    <\/div>\n<\/div><\/p>\r\n\r\n<h2>Welche Sportveranstaltungen sind im Live Stream verf\u00fcgbar?<\/h2>\r\n<p class=\"text-justify\">1xbet gilt als derjenige Anbieter von <a href=\"https:\/\/bet-bonus.net\/de\/sportwetten\/\">Sportwetten<\/a>, der das gr\u00f6\u00dfte und vielseitigste Angebot an diversen Sportwetten im Portfolio hat. Bei 1xBet kommen bei den Live \u00dcbertragungen nicht nur diejenigen Kundinnen und Kunden auf ihre Kosten, die Fans der Fu\u00dfball Live Wetten sind. Auch andere Sportwettenbereiche werden bei 1xbet bedacht und im Sinne eines facettenreichen Portfolios kontinuierlich bedient. Schaut man auf das gesamte Live Stream Angebot von 1xbet, f\u00e4llt aber doch auf, dass der Fu\u00dfball bei 1xbet wie auch bei anderen Buchmachern den offenbar gr\u00f6\u00dften Stellenwert genie\u00dft. Dies liegt nat\u00fcrlich daran, dass der Fu\u00dfball bei den Sportwettenfans am h\u00e4ufigsten frequentiert und nachgefragt wird. Die Statistik der Live \u00dcbertragungen bei 1xbet verr\u00e4t, dass es hier jeden Tag Live\u00fcbertragungen gibt. Pro Tag \u00fcbertr\u00e4gt der Betreiber bis zu 10.000 Veranstaltungen. Das ist aktueller Rekord und wird von keinem anderen Anbieter der Konkurrenz in dieser Tragweite angeboten.<\/p>\r\n<p class=\"text-justify\">Erstaunlich ist in diesem Zusammenhang auch, dass sogar die 1. Bundesliga bei diesem Buchmacher vertreten ist und aus Deutschland angeschaut werden kann. Andere Anbieter weisen darauf hin, dass aufgrund von eingeschr\u00e4nkten Rechten viele Ligen aus den eigenen L\u00e4ndern der Nutzer nicht verf\u00fcgbar sind. 1xbet nimmt hier also ohne Zweifel eine Sonderstellung unter den Sportwettenanbietern ein. Kunden, die auf der Suche nach Live Stream \u00dcbertragungen sind, genie\u00dfen bei 1xbet nicht nur \u00dcbertragungen aus der Bundesliga, sondern auch aus der Premier League und der Serie A. Da auch andere Events aus anderen Sportartenbereichen wie zum Beispiel aus dem Tennissport oder aus dem Basketball- und Eishockey-Bereich \u00fcbertragen werden, ist die Multi Live Option aus dem Hause 1xBet eine von denjenigen Special-Features, die an dieser Stelle unbedingt erw\u00e4hnt werden muss.<\/p>\r\n<p class=\"text-justify\">Dieses besondere Live-Feature erm\u00f6glicht es den Kundinnen und den Kunden des Anbieters, eine eigene Seite im Kundenmen\u00fc zu gestalten und anzulegen, die bis zu 4 Live \u00dcbertragungen gleichzeitig darzustellen vermag. Fans des Angebotes von 1xBet wagen sogar die Quintessenz, dass es bei 1xbet kaum eine <a href=\"https:\/\/bet-bonus.net\/de\/livewetten\/\">Live Wette<\/a> g\u00e4be, die nicht von einem Live Stream \u00dcbertragung erweitert wird. Ob dies tats\u00e4chlich immer so ist, bleibt allerdings bis zu einem umfangreichen Live Stream Test vorerst dahingestellt.<\/p>\r\n\r\n<h2>Gibt es spezielle technische Voraussetzungen f\u00fcr das Nutzen des Live Stream Angebotes?<\/h2>\r\n<p class=\"text-justify\">Der klassische Internet Live Stream ist eine Erfindung der neueren Zeit: Die Daten, die f\u00fcr das Abspielen des Live Videos von N\u00f6ten sind, werden in der Zwischenablage Ihres Computer abgelegt. Die Speicherung der videorelevanten Datenmengen muss dabei schnell vonstatten gehen, damit die \u00dcbertragung und Darstellung des Live Streams nicht ins Stocken ger\u00e4t. Mit anderen Worten: Diejenigen Nutzerinnen und Nutzer eines Live Wetten und Live Stream Angebotes, die darauf Wert legen, dass die Streams st\u00f6rungsfrei und schnell genug \u00fcbertragen werden, m\u00fcssen sicherstellen, dass die technischen Voraussetzungen f\u00fcr eine schnelle und hochwertige \u00dcbertragung gew\u00e4hrleistet sind.<\/p>\r\n<p class=\"text-justify\">Doch was sind die technischen Voraussetzungen f\u00fcr eine gute \u00dcbertragungsqualit\u00e4t? F\u00fcr eine qualitativ hochwertige und schnelle \u00dcbertragung ist eine best\u00e4ndige DSL- oder VDSL Verbindung notwendig. Wer das Live Stream Angebot am Laptop \u00fcber eine mobile Internet Verbindung nutzen m\u00f6chte, der sollte sicherstellen, dass er \u00fcber eine regul\u00e4re W-LAN Verbindung verf\u00fcgt oder aber einen LTE- bzw. 3G-Standard im Rahmen der mobilen Internetverbindung zur Verf\u00fcgung hat. Die \u00dcbertragungen der Live Streams funktionieren heute ohne dass die Kunden der Sportwettenbetreiber eine gesonderte Software installieren m\u00fcssen. Verdanken ist dies den neuen Flash- und Javatechnologien, auf deren Basis beispielsweise auch YouTube-Videos und Videos auf anderen Videoplattformen im Internet abgespielt werden. Damit die \u00dcbertragungen reibungslos funktioniert, ist es f\u00fcr die Live Stream Fans unerl\u00e4sslich, \u00fcber die neuesten Java- und Flash-Updates zu verf\u00fcgen. Stellen Sie also sicher, dass Ihre im Browser integrierte Software auf dem neusten Stand ist!<\/p>\r\n<p class=\"text-justify\">\r\n<div class=\"cta-direct-bonus\">\r\n    <div class=\"col-lg-8 col-md-8 col-sm-8 col-xs-12\">\r\n        <div class=\"row\">\r\n            <p class=\"cta-direct-slogan\">\r\n                Sind Sie bereit Ihren Willkommensbonus zu schnappen?            <\/p>\r\n        <\/div>\r\n    <\/div>\r\n    <div class=\"col-lg-4 col-md-4 col-sm-4 col-xs-12\">\r\n        <div class=\"row\">\r\n             <span class=\"cursored button js-golink cta-direct-button hvr-animation new-hover\"  onclick=\"OpenGoLink(this);\" data-operator=\"7\" data-bonus=\"3873\"   data-clicks=\"33\"data-type=\"sport\" ><span>Jetzt direkt zu 1xBet  !<\/span> <\/span> \r\n        <\/div>\r\n    <\/div>\r\n<\/div>\r\n\r\n<style type=\"text\/css\" media=\"screen\">\r\n    .cta-direct-button.new-hover {\r\n        padding: 3px 0 2px;\r\n    }\r\n<\/style><\/p>\r\n\r\n<h2>Ist das 1xbet Live Stream Angebot auch f\u00fcr Smartphones verf\u00fcgbar?<\/h2>\r\n<p class=\"text-justify\">1xbet ist ein Anbieter, der seinen mobilen Kunden ein entsprechendes Angebot bietet, das f\u00fcr die Nutzung des Sportwettenangebotes von einem mobilen Endger\u00e4t aus optimiert ist. F\u00fcr alle Nutzer, die ein iOS-Ger\u00e4t besitzen, gibt es bis zum jetzigen Zeitpunkt allerdings noch keine offizielle App, die vom Anbieter aus zur Verf\u00fcgung gestellt wird. Im Appstore von Apple hei\u00dft es: Vorsichtig sein und Augen auf! Denn die oft gleichnamigen <a href=\"https:\/\/bet-bonus.net\/de\/app\/\">Apps<\/a> stammen nicht von 1xbet selbst. Die mobile Webseite von 1xbet dient f\u00fcr die iOS-Kunden bis heute als App-Ersatz und vereint in sich alle wichtigen Funktionen und Inhalte, die auch \u00fcber die regul\u00e4re Desktop Seite nutzbar sind und dargestellt werden. Im Android Bereich bietet 1xbet eine inoffizielle App, eine sogenannte APK. Die APK kann von allen Android Nutzern heruntergeladen werden, die das Installieren von Anwendungen von externen, nicht verifizierten Quellen im Android-Einstellungsbereich zugelassen haben.<\/p>\r\n<p class=\"text-justify\">Nat\u00fcrlich ist die APK f\u00fcr das 1xbet Angebot sicher. Und das Gute: Der Live Stream kann von den Kundinnen und Kunden, die das 1xBet Angebot auf mobilem Wege nutzen wollen, auf diese Weise auch direkt \u00fcber die 1xbet APK genutzt und verfolgt werden. Insbesondere im Rahmen von mobilen Datenverbindungen sind nat\u00fcrlich schnelle und qualitativ hochwertige Verbindungen ganz besonders wichtig. Wer die APK nicht herunterladen m\u00f6chte, der kann aber nat\u00fcrlich auch die regul\u00e4re mobile Seite des Angebotes von 1xbet nutzen. Klicken Sie auf der mobilen Startseite von 1xBet dazu einfach auf den Live Bereich. \u00dcber denjenigen Live Events, die aktuell live \u00fcbertragen werden und verfolgt werden k\u00f6nnen, finden Sie ein entsprechendes \u201eLive-Symbol\u201c. Klicken Sie einfach auf das Symbol, um die entsprechende Live Stream \u00dcbertragung auch \u00fcber die mobile Webseite zu starten und zu verfolgen.<\/p>\r\n\r\n<h2>Was muss ich beachten wenn ich den 1xbet Live Stream nutzen will?<\/h2>\r\n<p class=\"text-justify\">Um in den Genuss des Live Streams zu kommen, bedarf es bei 1xbet nicht viel. Wichtig f\u00fcr das Nutzen des Live Streams ist, dass Sie registrierter Kunde auf der 1xbet Plattform sind. Sofern Sie also noch kein Kunde des Buchmachers sind, sollten Sie sich zun\u00e4chst als neuer Kunde \u00fcber das entsprechende Neukundenformular anmelden. 1xbet weist darauf hin, dass Kundinnen und Kunden, die den Live Stream des Anbieters nutzen m\u00f6chten, aktive Kunden sein m\u00fcssen. Ein aktiver Kunde zeichnet sich dadurch aus, dass das Konto des Kunden \u00fcber Guthaben verf\u00fcgen muss. T\u00e4tigen Sie nach der Registrierung also eine Einzahlung \u00fcber den n\u00f6tigen Mindestbetrag. Das war es auch schon: Sie sind nun legitimiert, um den Live Stream zu nutzen.<\/p>\r\n<p class=\"text-justify\">Im Live Bereich der offiziellen Webseite zeigt Ihnen der Anbieter 1xBet, welche Live Veranstaltungen f\u00fcr die Kundinnen und Kunden in n\u00e4chster Zeit \u00fcber einen Live Stream \u00fcbertragen werden. Egal ob \u00fcber Desktop-Seite, APK oder mobile Webseite: Der Live Stream startet in der Regel wenige Minuten vor dem offiziellen Start des jeweiligen Events. Rufen Sie den Live Stream durch einen Klick auf das entsprechende Live-Symbol auf und stellen Sie sicher, dass Sie w\u00e4hrend der Zeit, in der Sie den Live Stream des Anbieters nutzen, \u00fcber eine schnelle, best\u00e4ndige und qualitativ hochwertige Internetverbindung verf\u00fcgen.<\/p>\r\n<p class=\"text-justify\"><div class=\"bonus-table\">\n    <div class=\"col-xs-12\">\n        <div class=\"row\">\n\n<!--            <div class=\"hidden-lg hidden-md hidden-sm col-xs-8 bonus-table-body top-responsive\">-->\n<!---->\n<!--            <\/div>-->\n            <div class=\"col-lg-12 col-md-12 col-sm-12 col-xs-12 bonus-table-body op-table no-padding\">\n                <div class=\"col-lg-3 col-md-4 col-sm-12 col-xs-12 bonus-table-head no-padding\">\n                    <p>Buchmacher<\/p>\n                   <!--  <a class=\"hotfix\" href=\"\" rel=\"nofollow\" target=\"_blank\"><img decoding=\"async\" src=\"<?php\/\/ echo $logo_url; ?>\" class=\"img-responsive\"><\/a> -->\n                    <span class=\"\"><img decoding=\"async\" src=\"\/deutsch\/assets\/logos\/sport\/light-back\/1xbet.png\" width=\"100px\" height=\"auto\" alt=\"1xBet\" \/><\/span>                <\/div>\n                <div class=\"col-lg-2 col-md-2 col-sm-6 col-xs-12 rightBordered borders no-padding\">\n                    <p>BONUS<\/p>\n                    <p class=\"bonus-value max-bonus\">130\u20ac<\/p>\n                <\/div>\n                <div class=\"col-lg-2 col-md-2 col-sm-6 col-xs-6 rightBordered no-padding\">\n                    <p>Prozent<\/p>\n                    <p class=\"bonus-value\">100%<\/p>\n                <\/div>\n                <div class=\"col-lg-2 col-md-2 col-sm-6 col-xs-6 no-padding\">\n                    <p>Bewertung<\/p>\n                    <p class=\"rating-number\">9.8<\/p>\n                <\/div>\n                <div class=\"col-lg-3 col-md-4 col-sm-6 col-xs-12 op-table-button no-padding\">\n                    <p>Zum Anbieter<\/p>\n                     <span class=\"cursored button js-golink button claim-bonus-code\"  onclick=\"OpenGoLink(this);\" data-operator=\"7\" data-bonus=\"3873\"   data-clicks=\"33\"data-type=\"sport\" ><button class=\"hvr-animation multi-line bonus-btn-main-sec\"><span>Jetzt Bonus sichern!<\/span><\/button> <\/span>                 <\/div>\n            <\/div>\n        <\/div>\n    <\/div>\n<\/div>\n        <script type=\"application\/ld+json\">\n    {\n        \"@context\": \"https:\/\/schema.org\/\",\n        \"@type\": \"Review\",\n        \"datePublished\": \"28-06-2018\",\n        \"dateModified\": \"15-11-2023\",\n        \"itemReviewed\":{\n                \"@type\": \"Organization\",\n                \"name\": \"1xBet\",\n                \"image\": \" https:\/\/bet-bonus.net\/de\/deutsch\/assets\/logos\/light-back\/1xbet.png\"\n        },\n         \"author\":{\n                \"@type\": \"Person\",\n                 \"name\": \"bet-bonus.net\/DE\"\n         },\n           \"reviewRating\": {\n                \"ratingValue\": \"9.8\",\n                \"bestRating\": \"10\"\n         }\n    }\n\n\n\n        <\/script>\n        <\/p>","protected":false},"excerpt":{"rendered":"Schaut man auf die Angebote der Buchmacher wird schnell ersichtlich, dass es unter den bekannten und am Markt etablierten Anbietern von Sportwetten nur wenige Betreiber gibt, die auch einen Live Stream f\u00fcr ihre Kundinnen und Kunden im Angebot haben. Ein 1xbet Live Stream Angebot ist bei 1xbet aber nat\u00fcrlich vorhanden. Bei den Kunden beliebt ist<a href=\"https:\/\/bet-bonus.net\/de\/live-stream\/\"> &#8230;<\/a>","protected":false},"author":1,"featured_media":0,"parent":0,"menu_order":0,"comment_status":"closed","ping_status":"closed","template":"","meta":{"footnotes":""},"categories":[],"tags":[],"class_list":["post-83","page","type-page","status-publish","hentry"],"yoast_head":"<!-- This site is optimized with the Yoast SEO plugin v26.7 - https:\/\/yoast.com\/wordpress\/plugins\/seo\/ -->\n<title>1xbet Live Stream \u00bb GRATIS alle Spiele der Top Ligen 2026 Live schauen<\/title>\n<meta name=\"robots\" content=\"index, follow, max-snippet:-1, max-image-preview:large, max-video-preview:-1\" \/>\n<link rel=\"canonical\" href=\"https:\/\/bet-bonus.net\/de\/live-stream\/\" \/>\n<meta property=\"og:locale\" content=\"de_DE\" \/>\n<meta property=\"og:type\" content=\"article\" \/>\n<meta property=\"og:title\" content=\"1xbet Live Stream \u00bb GRATIS alle Spiele der Top Ligen 2026 Live schauen\" \/>\n<meta property=\"og:url\" content=\"https:\/\/bet-bonus.net\/de\/live-stream\/\" \/>\n<meta property=\"og:site_name\" content=\"bet-bonus.net\/DE\" \/>\n<meta property=\"article:modified_time\" content=\"2020-07-09T08:21:46+00:00\" \/>\n<meta name=\"twitter:card\" content=\"summary_large_image\" \/>\n<meta name=\"twitter:label1\" content=\"Gesch\u00e4tzte Lesezeit\" \/>\n\t<meta name=\"twitter:data1\" content=\"7\u00a0Minuten\" \/>\n<script type=\"application\/ld+json\" class=\"yoast-schema-graph\">{\"@context\":\"https:\/\/schema.org\",\"@graph\":[{\"@type\":\"WebPage\",\"@id\":\"https:\/\/bet-bonus.net\/de\/live-stream\/\",\"url\":\"https:\/\/bet-bonus.net\/de\/live-stream\/\",\"name\":\"1xbet Live Stream \u00bb GRATIS alle Spiele der Top Ligen [year] Live schauen\",\"isPartOf\":{\"@id\":\"https:\/\/bet-bonus.net\/de\/#website\"},\"datePublished\":\"2018-06-28T11:55:02+00:00\",\"dateModified\":\"2020-07-09T08:21:46+00:00\",\"breadcrumb\":{\"@id\":\"https:\/\/bet-bonus.net\/de\/live-stream\/#breadcrumb\"},\"inLanguage\":\"de\",\"potentialAction\":[{\"@type\":\"ReadAction\",\"target\":[\"https:\/\/bet-bonus.net\/de\/live-stream\/\"]}]},{\"@type\":\"BreadcrumbList\",\"@id\":\"https:\/\/bet-bonus.net\/de\/live-stream\/#breadcrumb\",\"itemListElement\":[{\"@type\":\"ListItem\",\"position\":1,\"name\":\"Home\",\"item\":\"https:\/\/bet-bonus.net\/de\/\"},{\"@type\":\"ListItem\",\"position\":2,\"name\":\"Bei jedem Spiel Live dabei sein - mit dem Live Stream Angebot von 1xbet\"}]},{\"@type\":\"WebSite\",\"@id\":\"https:\/\/bet-bonus.net\/de\/#website\",\"url\":\"https:\/\/bet-bonus.net\/de\/\",\"name\":\"bet-bonus.net\/DE\",\"description\":\"\",\"potentialAction\":[{\"@type\":\"SearchAction\",\"target\":{\"@type\":\"EntryPoint\",\"urlTemplate\":\"https:\/\/bet-bonus.net\/de\/?s={search_term_string}\"},\"query-input\":{\"@type\":\"PropertyValueSpecification\",\"valueRequired\":true,\"valueName\":\"search_term_string\"}}],\"inLanguage\":\"de\"}]}<\/script>\n<!-- \/ Yoast SEO plugin. -->","yoast_head_json":{"title":"1xbet Live Stream \u00bb GRATIS alle Spiele der Top Ligen 2026 Live schauen","robots":{"index":"index","follow":"follow","max-snippet":"max-snippet:-1","max-image-preview":"max-image-preview:large","max-video-preview":"max-video-preview:-1"},"canonical":"https:\/\/bet-bonus.net\/de\/live-stream\/","og_locale":"de_DE","og_type":"article","og_title":"1xbet Live Stream \u00bb GRATIS alle Spiele der Top Ligen 2026 Live schauen","og_url":"https:\/\/bet-bonus.net\/de\/live-stream\/","og_site_name":"bet-bonus.net\/DE","article_modified_time":"2020-07-09T08:21:46+00:00","twitter_card":"summary_large_image","twitter_misc":{"Gesch\u00e4tzte Lesezeit":"7\u00a0Minuten"},"schema":{"@context":"https:\/\/schema.org","@graph":[{"@type":"WebPage","@id":"https:\/\/bet-bonus.net\/de\/live-stream\/","url":"https:\/\/bet-bonus.net\/de\/live-stream\/","name":"1xbet Live Stream \u00bb GRATIS alle Spiele der Top Ligen [year] Live schauen","isPartOf":{"@id":"https:\/\/bet-bonus.net\/de\/#website"},"datePublished":"2018-06-28T11:55:02+00:00","dateModified":"2020-07-09T08:21:46+00:00","breadcrumb":{"@id":"https:\/\/bet-bonus.net\/de\/live-stream\/#breadcrumb"},"inLanguage":"de","potentialAction":[{"@type":"ReadAction","target":["https:\/\/bet-bonus.net\/de\/live-stream\/"]}]},{"@type":"BreadcrumbList","@id":"https:\/\/bet-bonus.net\/de\/live-stream\/#breadcrumb","itemListElement":[{"@type":"ListItem","position":1,"name":"Home","item":"https:\/\/bet-bonus.net\/de\/"},{"@type":"ListItem","position":2,"name":"Bei jedem Spiel Live dabei sein - mit dem Live Stream Angebot von 1xbet"}]},{"@type":"WebSite","@id":"https:\/\/bet-bonus.net\/de\/#website","url":"https:\/\/bet-bonus.net\/de\/","name":"bet-bonus.net\/DE","description":"","potentialAction":[{"@type":"SearchAction","target":{"@type":"EntryPoint","urlTemplate":"https:\/\/bet-bonus.net\/de\/?s={search_term_string}"},"query-input":{"@type":"PropertyValueSpecification","valueRequired":true,"valueName":"search_term_string"}}],"inLanguage":"de"}]}},"_links":{"self":[{"href":"https:\/\/bet-bonus.net\/de\/wp-json\/wp\/v2\/pages\/83","targetHints":{"allow":["GET"]}}],"collection":[{"href":"https:\/\/bet-bonus.net\/de\/wp-json\/wp\/v2\/pages"}],"about":[{"href":"https:\/\/bet-bonus.net\/de\/wp-json\/wp\/v2\/types\/page"}],"author":[{"embeddable":true,"href":"https:\/\/bet-bonus.net\/de\/wp-json\/wp\/v2\/users\/1"}],"replies":[{"embeddable":true,"href":"https:\/\/bet-bonus.net\/de\/wp-json\/wp\/v2\/comments?post=83"}],"version-history":[{"count":6,"href":"https:\/\/bet-bonus.net\/de\/wp-json\/wp\/v2\/pages\/83\/revisions"}],"predecessor-version":[{"id":740,"href":"https:\/\/bet-bonus.net\/de\/wp-json\/wp\/v2\/pages\/83\/revisions\/740"}],"wp:attachment":[{"href":"https:\/\/bet-bonus.net\/de\/wp-json\/wp\/v2\/media?parent=83"}],"wp:term":[{"taxonomy":"category","embeddable":true,"href":"https:\/\/bet-bonus.net\/de\/wp-json\/wp\/v2\/categories?post=83"},{"taxonomy":"post_tag","embeddable":true,"href":"https:\/\/bet-bonus.net\/de\/wp-json\/wp\/v2\/tags?post=83"}],"curies":[{"name":"wp","href":"https:\/\/api.w.org\/{rel}","templated":true}]}}