{"id":807,"date":"2022-01-11T13:39:11","date_gmt":"2022-01-11T13:39:11","guid":{"rendered":"https:\/\/bet-bonus.net\/de\/?page_id=807"},"modified":"2022-01-11T15:00:52","modified_gmt":"2022-01-11T15:00:52","slug":"stake-com","status":"publish","type":"page","link":"https:\/\/bet-bonus.net\/de\/stake-com\/","title":{"rendered":"Stake.com Sportwetten Bonus - <span>Code in Anspruch nehmen &#038; vom Wettbonus profitieren<\/span>"},"content":{"rendered":"<p class=\"text-justify\">Als exklusiven Stake.com Bonus gibt es bei diesem Wettanbieter mit der Besonderheit Kryptow\u00e4hrungen einen 10% Rakeback und einen 200% Willkommensbonus bis zu 1000$, die direkt auf der Webseite in Crypto umgetauscht werden k\u00f6nnen. Es handelt sich um ein ungew\u00f6hnliches Angebot, aber ungew\u00f6hnlich ist bei Stake.com so manches. Nachfolgend gibt es nicht nur einen \u00dcberblick \u00fcber die Aktionen f\u00fcr Sportwetten, sondern auch \u00fcber die anderen Bereiche.<\/p>\r\n            <div class=\"bonus-box first-box\">\n                <div class=\"bonus-box-head\">\n                    <div class=\"col-lg-3 col-md-4 col-sm-4 col-xs-12 \">\n                        <span class=\"hotfix operator-logo\"><img decoding=\"async\" src=\"\/deutsch\/assets\/logos\/sport\/dark-back\/stake-com.png\" width=\"auto\" height=\"auto\" alt=\"Stake.com\" \/><\/span>                    <\/div>\n                    <div class=\"col-lg-4 col-md-4 col-sm-4 col-xs-6\">\n                        <p class=\"box-title\">Stake.com&nbsp;sport<\/p>\n                    <\/div>\n                    <div class=\"col-lg-5 col-md-4 col-sm-4 col-xs-6\">\n                        <div class=\"likes-box likes-js\" data-likesid=\"37\">\n                            <div class=\"likes-icon-js\"><i class=\"fa fa-heart\" aria-hidden=\"true\"><\/i><\/div>\n                            <div class=\"likes-text-js\"><p>1034  likes<\/p><\/div>\n                        <\/div>\n                    <\/div>\n                <\/div>\n                <div class=\"bonus-box-body\">\n                    <div class=\"col-lg-3 col-md-3 col-sm-6 col-xs-12 rightBordered m-bonus no-padding\">\n                        <p>Maximaler Bonus<\/p>\n                        <p class=\"bonus-value max-bonus\">1000$<\/p>\n                    <\/div>\n                                                                <div class=\"col-lg-2 col-md-2 col-sm-6 col-xs-12 no-padding turnover-small\">\n                            <p>Umsatz<\/p>\n                            <p class=\"bonus-value\">40x Bonus and Deposit<\/p>\n                        <\/div>\n                                        <div class=\"col-lg-2 col-md-2 col-sm-6 col-xs-12 no-padding\">\n                        <p>Prozent<\/p>\n                        <p class=\"bonus-value\">200%<\/p>\n                    <\/div>\n                    <div class=\"col-lg-3 col-md-3 col-sm-6 col-xs-12 claim-bonus-sec \">\n\n                                                <div>\n                             <div   class=\"bonuscode  secret-code \"><span>lucky10<\/span><\/div> <span class=\"cursored button js-golink  claim-bonus-code\"  onclick=\"OpenGoLink(this);\" data-operator=\"885\" data-bonus=\"6895\"   data-clicks=\"37\"data-type=\"sport\" ><div class='hvr-animation bonus-btn-main-sec'><span>Bonus Code anzeigen<\/span><\/div> <\/span>                         <\/div>\n                    <\/div>\n                <\/div>\n                            <\/div>\n            \r\n<h2>Stake.com Bonus ohne Einzahlung - wird der beliebteste Bonus angeboten?<\/h2>\r\n<div class=\"moreHome hideContent\">\r\n<p class=\"text-justify\">Ein <a href=\"https:\/\/bet-bonus.net\/de\/bonus-ohne-einzahlung\/\">Bonus ohne Einzahlung<\/a> ist fraglos der beliebteste, der bei einem Anbieter wie Stake.com m\u00f6glich ist. Es gibt aber leider kein Angebot, welches an dieser Stelle vorgestellt werden k\u00f6nnte. Das l\u00e4sst sich leicht erkl\u00e4ren. Geld verschenken kann Stake.com eigentlich nicht, denn hier geht es um Kryptow\u00e4hrungen. Und die werden normalerweise nicht einfach so verschenkt. Rein theoretisch m\u00f6glich w\u00e4ren Gratiswetten. Aber auch f\u00fcr so etwas ist Stake.com nicht bekannt. Aber vollkommen ausgeschlossen ist nat\u00fcrlich nichts.<\/p>\r\n<\/div>\r\n<h2>Stake.com Gratiswetten - geschenkte Freiwetten auch verf\u00fcgbar?<\/h2>\r\n<div class=\"moreHome hideContent\">\r\n<p class=\"text-justify\">Gratiswetten gibt es zumindest f\u00fcr Neukunden im Stake.com Casino nicht, daf\u00fcr aber einen 10% Rakeback und einen 200% Willkommensbonus bis zu 1000$. Rein von der Zahl her ist das interessant. Aber wer nach zur Verf\u00fcgung gestellten Wetten sucht, ist hier zumindest als neuer Kunde nicht am richtigen Ort. Unter den Stake.com Promotions kann sich aber immer mal wieder eine solche Chance bieten. Tats\u00e4chlich stellt Stake.com spezielle Fu\u00dfballspiele, in erster Linie aus England, sehr h\u00e4ufig in den Fokus. Wobei meist ein Einsatz erfolgen muss, bevor man profitiert. Tendenziell \u00fcber eine Versicherung, das hei\u00dft, dass bei speziellen Ereignissen eine Erstattung des Einsatzes erfolgt. Oder es sind erh\u00f6hte Quoten angek\u00fcndigt. Konkrete Geschenke in Form von gratis zu Verf\u00fcgung gestellt Wetten sind f\u00fcr Stake.com der Beobachtung nach eher un\u00fcblich. Und das beschriebene Angebot f\u00fcr die neuen Kunden ist leider etwas ungl\u00fccklich gestaltet. Die Bedingungen sind n\u00e4mlich schwer zu finden auf der Stake.com Webseite und sie liegen nur in englischer Sprache vor. Wenn man sie findet, wird man erkennen, dass 40 Mal f\u00fcr eine Umsetzung in diesem Bereich wirklich hart sind. Eine Mindestquote wird nicht angegeben. Ohne man findet sie einfach nicht.<\/p>\r\n<\/div>\r\n\r\n\r\n<div class=\"cta-direct-bonus\">\r\n    <div class=\"col-lg-8 col-md-8 col-sm-8 col-xs-12\">\r\n        <div class=\"row\">\r\n            <p class=\"cta-direct-slogan\">\r\n                Sind Sie bereit Ihren Willkommensbonus zu schnappen?            <\/p>\r\n        <\/div>\r\n    <\/div>\r\n    <div class=\"col-lg-4 col-md-4 col-sm-4 col-xs-12\">\r\n        <div class=\"row\">\r\n             <span class=\"cursored button js-golink cta-direct-button hvr-animation new-hover\"  onclick=\"OpenGoLink(this);\" data-operator=\"885\" data-bonus=\"6895\"   data-clicks=\"37\"data-type=\"sport\" ><span>Jetzt direkt zu Stake.com  !<\/span> <\/span> \r\n        <\/div>\r\n    <\/div>\r\n<\/div>\r\n\r\n<style type=\"text\/css\" media=\"screen\">\r\n    .cta-direct-button.new-hover {\r\n        padding: 3px 0 2px;\r\n    }\r\n<\/style>\r\n<h2>Stake.com Bestandskundenbonus - Reload und weitere Bonusangebote auch f\u00fcr treue Kunden?<\/h2>\r\n<div class=\"moreHome hideContent\">\r\n<p class=\"text-justify\">Alleine die Tatsache, dass es auf der Stake.com Webseite eine n leider in erster Linie englischsprachigen Bereich mit der \u00dcberschrift Promotions gibt, deutet an, dass etwas erwartet werden darf. Dennoch kann man nicht behaupten, dass Stake.com ein Spezialist f\u00fcr <a href=\"https:\/\/bet-bonus.net\/de\/\">das Thema Bonus<\/a> ist. In erster Linie werden spezielle Sportarten mit einzelnen Spielen in den Fokus gestellt. Im Fu\u00dfball gilt der Fokus eindeutig der Premier League in England. F\u00fcr ein Spiel k\u00f6nnten besonders hohe Quoten angeboten werden, ein Cashback bei speziellen Ergebnissen (zum Beispiel dem ersten Tor) oder die M\u00f6glichkeit, dass spezielle Ereignisse zu Vorteilen f\u00fchren. Vielleicht zu einer Erstattung. Man spricht hier, in die deutsche Sprache \u00fcbersetzt, von einer Versicherung. Erw\u00e4hnt werden k\u00f6nnen ansonsten noch, dass spezielle Wettbewerbe(wiederum in erster Linie in England) zu zuf\u00e4llig verteilten Boni f\u00fchren k\u00f6nnen. Erw\u00e4hnt werden kann dar\u00fcber hinaus, dass es spezielle Turniere gibt, die durchaus auch mal die Sportwetten aus dem Stake.com Programm betreffen k\u00f6nnen. Es lohnt sich auf jeden Fall immer mal wieder unter Promotions zu schauen, was Stake.com hier bietet. Man muss allerdings in diesem Zusammenhang wissen, dass die Bedingungen f\u00fcr die Umsetzung der Sportwetten Bonus wie man so sagt nicht ohne sind.<\/p>\r\n<\/div>\r\n<h2>Stake.com Casino Bonus - welche Bonusangebote werden im Casino offeriert?<\/h2>\r\n<div class=\"moreHome hideContent\">\r\n<p class=\"text-justify\">Der exklusive Stake.com Bonus gilt vom Prinzip her auch f\u00fcr das Casino. Es geht also um einen 10% Rakeback und einen 200% Willkommensbonus bis zu 40. Alleine die Tatsache, dass die schwierig zu findenden Bedingungen bei Stake.com bei 40 Mal bezugnehmend auf die Umsetzung liegen, deutet an, dass es sich eigentlich um eine Casino Bonus handelt. Denn f\u00fcr die Sportwetten ist 40-mal wirklich problematisch. Viele der Stake.com Turniere stellen Casinospiele in den Fokus. Dar\u00fcber hinaus sind auch <a href=\"https:\/\/bet-bonus.net\/de\/free-spins\/\">Free Spins<\/a> m\u00f6glich, ebenso wie w\u00f6chentliche Verlosungen im Wert bis zu 50.000 Dollar. Wobei aber betont werden muss, dass es sich bei Stake.com um ein Crypto Casino handelt.<\/p>\r\n<\/div>\r\n\r\n\r\n<div class=\"cta-direct-bonus\">\r\n    <div class=\"col-lg-8 col-md-8 col-sm-8 col-xs-12\">\r\n        <div class=\"row\">\r\n            <p class=\"cta-direct-slogan\">\r\n                Sind Sie bereit Ihren Willkommensbonus zu schnappen?            <\/p>\r\n        <\/div>\r\n    <\/div>\r\n    <div class=\"col-lg-4 col-md-4 col-sm-4 col-xs-12\">\r\n        <div class=\"row\">\r\n             <span class=\"cursored button js-golink cta-direct-button hvr-animation new-hover\"  onclick=\"OpenGoLink(this);\" data-operator=\"885\" data-bonus=\"6895\"   data-clicks=\"37\"data-type=\"sport\" ><span>Jetzt direkt zu Stake.com  !<\/span> <\/span> \r\n        <\/div>\r\n    <\/div>\r\n<\/div>\r\n\r\n<style type=\"text\/css\" media=\"screen\">\r\n    .cta-direct-button.new-hover {\r\n        padding: 3px 0 2px;\r\n    }\r\n<\/style>\r\n<h2>Stake.com Poker Bonus - Bonus Angebote f\u00fcr Texas Hold\u2019em im Programm?<\/h2>\r\n<div class=\"moreHome hideContent\">\r\n<p class=\"text-justify\"><a href=\"https:\/\/bet-bonus.net\/de\/poker\/\">Poker<\/a> kann auf der Stake.com Webseite zwar gespielt werden, doch um einen Spezialisten handelt es sich nicht. Stattdessen ist Poker in das Casino wie man so sagt integriert. Im Stake.com Live Casino ist Poker in mehreren Varianten verf\u00fcgbar. Ein spezieller Poker Bonus ist aber nicht angek\u00fcndigt. Und die Umsetzung des Stake.com Bonus sollte aufgrund der Tatsache, dass Poker nicht angerechnet wird, nicht mit diesem Kartenspiel erfolgen. Aber ein Stake.com Turnier k\u00f6nnte rein theoretisch auf Poker ausgerichtet sein. F\u00fcr die ist Stake.com n\u00e4mlich durchaus bekannt.<\/p>\r\n<\/div>\r\n<h2>Stake.com Bingo Bonus - wird auch f\u00fcr Bingo ein Bonus angeboten?<\/h2>\r\n<div class=\"moreHome hideContent\">\r\n<p class=\"text-justify\">Bingo mit Kryptow\u00e4hrungen, dass mag f\u00fcr den einen oder anderen potentiellen Kunden von Interesse sein. Aber <a href=\"https:\/\/bet-bonus.net\/de\/1xbet-bingo\/\">Bingo<\/a> geh\u00f6rt nicht zum Programm den Beobachtungen nach. Also kann hier auch nicht mit einem speziellen Ein spezieller Poker Bonus ist aber Bingo Bonus gerechnet werden. Wobei solche Aktionen allgemein ungew\u00f6hnlich w\u00e4ren.<\/p>\r\n<\/div>\r\n<h2>Stake.com Kundensupport - wie kundenfreundlich verh\u00e4lt sich der Wettanbieter?<\/h2>\r\n<div class=\"moreHome hideContent\">\r\n<p class=\"text-justify\">Englisch ist die Stake.com Sprache. Also muss man wissen, dass auf Englisch mit dem Live <a href=\"https:\/\/bet-bonus.net\/de\/kundensupport\/\">Support<\/a> kommuniziert werden muss. Live Support ist das Stichwort f\u00fcr den Live Chat, wobei man tats\u00e4chlich direkt in englischer Sprache mit verschiedenen Stichworten begr\u00fc\u00dft wird. Es handelt sich also gleichzeitig auch um die FAQ. Eine Stake.com Mail-Adresse fehlt ebenso wie eine Stake.com Hotline. Der Support ist aber freundlich und kompetent, wie in einem Test festgestellt werden konnte. Und nat\u00fcrlich ist er sowohl f\u00fcr die Sportwetten als auch f\u00fcr das Casino zust\u00e4ndig.<\/p>\r\n<\/div>\r\n\r\n\r\n<div class=\"cta-direct-bonus\">\r\n    <div class=\"col-lg-8 col-md-8 col-sm-8 col-xs-12\">\r\n        <div class=\"row\">\r\n            <p class=\"cta-direct-slogan\">\r\n                Sind Sie bereit Ihren Willkommensbonus zu schnappen?            <\/p>\r\n        <\/div>\r\n    <\/div>\r\n    <div class=\"col-lg-4 col-md-4 col-sm-4 col-xs-12\">\r\n        <div class=\"row\">\r\n             <span class=\"cursored button js-golink cta-direct-button hvr-animation new-hover\"  onclick=\"OpenGoLink(this);\" data-operator=\"885\" data-bonus=\"6895\"   data-clicks=\"37\"data-type=\"sport\" ><span>Jetzt direkt zu Stake.com  !<\/span> <\/span> \r\n        <\/div>\r\n    <\/div>\r\n<\/div>\r\n\r\n<style type=\"text\/css\" media=\"screen\">\r\n    .cta-direct-button.new-hover {\r\n        padding: 3px 0 2px;\r\n    }\r\n<\/style>\r\n<h2>Stake.com Fazit - lohnt es sich beim Wettanbieter zu registrieren?<\/h2>\r\n<div class=\"moreHome hideContent\">\r\n<p class=\"text-justify\">Wer nach einem Wettanbieter oder einem Online Casino sucht, in dem mit verschiedenen Kryptow\u00e4hrungen gezahlt und gespielt werden kann, der ist bei Stake.com richtig. Eine der gr\u00f6\u00dften Vorteile ist, dass man \u00fcber beispielsweise Apple Pay, Google Pay, Samsung Pay oder auch nur mit verschiedenen Kreditkarten ganz normal in Euro oder in Dollar zahlen kann, und dann das Geld in verschiedene Kryptow\u00e4hrungen tauscht. Und zwar direkt auf der Stake.com Webseite. So etwas ist nicht selbstverst\u00e4ndlich. Ein exklusiver Bonus ist nat\u00fcrlich von Interesse, hier ist er bemerkenswert hoch. Dabei spielt es keine Rolle, ob es um die Sportwetten oder um das Casino geht. Wobei die Bedingungen f\u00fcr die Umsetzung f\u00fcr die Stake.com Sportwetten alles andere als ideal sind. Als Casino Bonus ist alles interessanter, aber die Bedingungen sind schwer zu finden und die liegen in englischer Sprache vor. Das ist keinesfalls ideal. Weitere Promotionen f\u00fcr die Bestandskunden sind m\u00f6glich, aber wer sich hier anmeldet macht dies nicht f\u00fcr den Bonus. Dennoch ist Stake.com zu empfehlen.<\/p>\r\n<\/div>\r\n\r\n<div class=\"bonus-table\">\n    <div class=\"col-xs-12\">\n        <div class=\"row\">\n\n<!--            <div class=\"hidden-lg hidden-md hidden-sm col-xs-8 bonus-table-body top-responsive\">-->\n<!---->\n<!--            <\/div>-->\n            <div class=\"col-lg-12 col-md-12 col-sm-12 col-xs-12 bonus-table-body op-table no-padding\">\n                <div class=\"col-lg-3 col-md-4 col-sm-12 col-xs-12 bonus-table-head no-padding\">\n                    <p>Buchmacher<\/p>\n                   <!--  <a class=\"hotfix\" href=\"\" rel=\"nofollow\" target=\"_blank\"><img decoding=\"async\" src=\"<?php\/\/ echo $logo_url; ?>\" class=\"img-responsive\"><\/a> -->\n                    <span class=\"\"><img decoding=\"async\" src=\"\/deutsch\/assets\/logos\/sport\/light-back\/stake-com.png\" width=\"100px\" height=\"auto\" alt=\"Stake.com\" \/><\/span>                <\/div>\n                <div class=\"col-lg-2 col-md-2 col-sm-6 col-xs-12 rightBordered borders no-padding\">\n                    <p>BONUS<\/p>\n                    <p class=\"bonus-value max-bonus\">1000$<\/p>\n                <\/div>\n                <div class=\"col-lg-2 col-md-2 col-sm-6 col-xs-6 rightBordered no-padding\">\n                    <p>Prozent<\/p>\n                    <p class=\"bonus-value\">200%<\/p>\n                <\/div>\n                <div class=\"col-lg-2 col-md-2 col-sm-6 col-xs-6 no-padding\">\n                    <p>Bewertung<\/p>\n                    <p class=\"rating-number\">9.5<\/p>\n                <\/div>\n                <div class=\"col-lg-3 col-md-4 col-sm-6 col-xs-12 op-table-button no-padding\">\n                    <p>Zum Anbieter<\/p>\n                     <span class=\"cursored button js-golink button claim-bonus-code\"  onclick=\"OpenGoLink(this);\" data-operator=\"885\" data-bonus=\"6895\"   data-clicks=\"37\"data-type=\"sport\" ><button class=\"hvr-animation multi-line bonus-btn-main-sec\"><span>Jetzt Bonus sichern!<\/span><\/button> <\/span>                 <\/div>\n            <\/div>\n        <\/div>\n    <\/div>\n<\/div>\n        <script type=\"application\/ld+json\">\n    {\n        \"@context\": \"https:\/\/schema.org\/\",\n        \"@type\": \"Review\",\n        \"datePublished\": \"11-01-2022\",\n        \"dateModified\": \"10-11-2022\",\n        \"itemReviewed\":{\n                \"@type\": \"Organization\",\n                \"name\": \"Stake.com\",\n                \"image\": \" https:\/\/bet-bonus.net\/de\/deutsch\/assets\/logos\/light-back\/stake-com.png\"\n        },\n         \"author\":{\n                \"@type\": \"Person\",\n                 \"name\": \"bet-bonus.net\/DE\"\n         },\n           \"reviewRating\": {\n                \"ratingValue\": \"9.5\",\n                \"bestRating\": \"10\"\n         }\n    }\n\n\n\n        <\/script>\n        ","protected":false},"excerpt":{"rendered":"Als exklusiven Stake.com Bonus gibt es bei diesem Wettanbieter mit der Besonderheit Kryptow\u00e4hrungen einen 10% Rakeback und einen Willkommensbonus bis zu , die direkt auf der Webseite in Crypto umgetauscht werden k\u00f6nnen. Es handelt sich um ein ungew\u00f6hnliches Angebot, aber ungew\u00f6hnlich ist bei Stake.com so manches. Nachfolgend gibt es nicht nur einen \u00dcberblick \u00fcber die<a href=\"https:\/\/bet-bonus.net\/de\/stake-com\/\"> &#8230;<\/a>","protected":false},"author":1,"featured_media":0,"parent":0,"menu_order":0,"comment_status":"closed","ping_status":"closed","template":"","meta":{"footnotes":""},"categories":[],"tags":[],"class_list":["post-807","page","type-page","status-publish","hentry"],"yoast_head":"<!-- This site is optimized with the Yoast SEO plugin v26.7 - https:\/\/yoast.com\/wordpress\/plugins\/seo\/ -->\n<title>Stake.com Bonus Code April 2026 + Gratis Gutschein \u00bb jetzt einl\u00f6sen!<\/title>\n<meta name=\"robots\" content=\"index, follow, max-snippet:-1, max-image-preview:large, max-video-preview:-1\" \/>\n<link rel=\"canonical\" href=\"https:\/\/bet-bonus.net\/de\/stake-com\/\" \/>\n<meta property=\"og:locale\" content=\"de_DE\" \/>\n<meta property=\"og:type\" content=\"article\" \/>\n<meta property=\"og:title\" content=\"Stake.com Bonus Code April 2026 + Gratis Gutschein \u00bb jetzt einl\u00f6sen!\" \/>\n<meta property=\"og:url\" content=\"https:\/\/bet-bonus.net\/de\/stake-com\/\" \/>\n<meta property=\"og:site_name\" content=\"bet-bonus.net\/DE\" \/>\n<meta property=\"article:modified_time\" content=\"2022-01-11T15:00:52+00:00\" \/>\n<meta name=\"twitter:card\" content=\"summary_large_image\" \/>\n<meta name=\"twitter:label1\" content=\"Gesch\u00e4tzte Lesezeit\" \/>\n\t<meta name=\"twitter:data1\" content=\"7\u00a0Minuten\" \/>\n<script type=\"application\/ld+json\" class=\"yoast-schema-graph\">{\"@context\":\"https:\/\/schema.org\",\"@graph\":[{\"@type\":\"WebPage\",\"@id\":\"https:\/\/bet-bonus.net\/de\/stake-com\/\",\"url\":\"https:\/\/bet-bonus.net\/de\/stake-com\/\",\"name\":\"Stake.com Bonus Code [month_name] [year] + Gratis Gutschein \u00bb jetzt einl\u00f6sen!\",\"isPartOf\":{\"@id\":\"https:\/\/bet-bonus.net\/de\/#website\"},\"datePublished\":\"2022-01-11T13:39:11+00:00\",\"dateModified\":\"2022-01-11T15:00:52+00:00\",\"breadcrumb\":{\"@id\":\"https:\/\/bet-bonus.net\/de\/stake-com\/#breadcrumb\"},\"inLanguage\":\"de\",\"potentialAction\":[{\"@type\":\"ReadAction\",\"target\":[\"https:\/\/bet-bonus.net\/de\/stake-com\/\"]}]},{\"@type\":\"BreadcrumbList\",\"@id\":\"https:\/\/bet-bonus.net\/de\/stake-com\/#breadcrumb\",\"itemListElement\":[{\"@type\":\"ListItem\",\"position\":1,\"name\":\"Home\",\"item\":\"https:\/\/bet-bonus.net\/de\/\"},{\"@type\":\"ListItem\",\"position\":2,\"name\":\"Stake.com Sportwetten Bonus - Code in Anspruch nehmen & vom Wettbonus profitieren\"}]},{\"@type\":\"WebSite\",\"@id\":\"https:\/\/bet-bonus.net\/de\/#website\",\"url\":\"https:\/\/bet-bonus.net\/de\/\",\"name\":\"bet-bonus.net\/DE\",\"description\":\"\",\"potentialAction\":[{\"@type\":\"SearchAction\",\"target\":{\"@type\":\"EntryPoint\",\"urlTemplate\":\"https:\/\/bet-bonus.net\/de\/?s={search_term_string}\"},\"query-input\":{\"@type\":\"PropertyValueSpecification\",\"valueRequired\":true,\"valueName\":\"search_term_string\"}}],\"inLanguage\":\"de\"}]}<\/script>\n<!-- \/ Yoast SEO plugin. -->","yoast_head_json":{"title":"Stake.com Bonus Code April 2026 + Gratis Gutschein \u00bb jetzt einl\u00f6sen!","robots":{"index":"index","follow":"follow","max-snippet":"max-snippet:-1","max-image-preview":"max-image-preview:large","max-video-preview":"max-video-preview:-1"},"canonical":"https:\/\/bet-bonus.net\/de\/stake-com\/","og_locale":"de_DE","og_type":"article","og_title":"Stake.com Bonus Code April 2026 + Gratis Gutschein \u00bb jetzt einl\u00f6sen!","og_url":"https:\/\/bet-bonus.net\/de\/stake-com\/","og_site_name":"bet-bonus.net\/DE","article_modified_time":"2022-01-11T15:00:52+00:00","twitter_card":"summary_large_image","twitter_misc":{"Gesch\u00e4tzte Lesezeit":"7\u00a0Minuten"},"schema":{"@context":"https:\/\/schema.org","@graph":[{"@type":"WebPage","@id":"https:\/\/bet-bonus.net\/de\/stake-com\/","url":"https:\/\/bet-bonus.net\/de\/stake-com\/","name":"Stake.com Bonus Code [month_name] [year] + Gratis Gutschein \u00bb jetzt einl\u00f6sen!","isPartOf":{"@id":"https:\/\/bet-bonus.net\/de\/#website"},"datePublished":"2022-01-11T13:39:11+00:00","dateModified":"2022-01-11T15:00:52+00:00","breadcrumb":{"@id":"https:\/\/bet-bonus.net\/de\/stake-com\/#breadcrumb"},"inLanguage":"de","potentialAction":[{"@type":"ReadAction","target":["https:\/\/bet-bonus.net\/de\/stake-com\/"]}]},{"@type":"BreadcrumbList","@id":"https:\/\/bet-bonus.net\/de\/stake-com\/#breadcrumb","itemListElement":[{"@type":"ListItem","position":1,"name":"Home","item":"https:\/\/bet-bonus.net\/de\/"},{"@type":"ListItem","position":2,"name":"Stake.com Sportwetten Bonus - Code in Anspruch nehmen & vom Wettbonus profitieren"}]},{"@type":"WebSite","@id":"https:\/\/bet-bonus.net\/de\/#website","url":"https:\/\/bet-bonus.net\/de\/","name":"bet-bonus.net\/DE","description":"","potentialAction":[{"@type":"SearchAction","target":{"@type":"EntryPoint","urlTemplate":"https:\/\/bet-bonus.net\/de\/?s={search_term_string}"},"query-input":{"@type":"PropertyValueSpecification","valueRequired":true,"valueName":"search_term_string"}}],"inLanguage":"de"}]}},"_links":{"self":[{"href":"https:\/\/bet-bonus.net\/de\/wp-json\/wp\/v2\/pages\/807","targetHints":{"allow":["GET"]}}],"collection":[{"href":"https:\/\/bet-bonus.net\/de\/wp-json\/wp\/v2\/pages"}],"about":[{"href":"https:\/\/bet-bonus.net\/de\/wp-json\/wp\/v2\/types\/page"}],"author":[{"embeddable":true,"href":"https:\/\/bet-bonus.net\/de\/wp-json\/wp\/v2\/users\/1"}],"replies":[{"embeddable":true,"href":"https:\/\/bet-bonus.net\/de\/wp-json\/wp\/v2\/comments?post=807"}],"version-history":[{"count":8,"href":"https:\/\/bet-bonus.net\/de\/wp-json\/wp\/v2\/pages\/807\/revisions"}],"predecessor-version":[{"id":815,"href":"https:\/\/bet-bonus.net\/de\/wp-json\/wp\/v2\/pages\/807\/revisions\/815"}],"wp:attachment":[{"href":"https:\/\/bet-bonus.net\/de\/wp-json\/wp\/v2\/media?parent=807"}],"wp:term":[{"taxonomy":"category","embeddable":true,"href":"https:\/\/bet-bonus.net\/de\/wp-json\/wp\/v2\/categories?post=807"},{"taxonomy":"post_tag","embeddable":true,"href":"https:\/\/bet-bonus.net\/de\/wp-json\/wp\/v2\/tags?post=807"}],"curies":[{"name":"wp","href":"https:\/\/api.w.org\/{rel}","templated":true}]}}