{"id":8,"date":"2018-06-15T10:43:38","date_gmt":"2018-06-15T10:43:38","guid":{"rendered":"http:\/\/bet-bonus.net\/de\/?page_id=8"},"modified":"2022-08-09T13:07:01","modified_gmt":"2022-08-09T13:07:01","slug":"gutscheincode","status":"publish","type":"page","link":"https:\/\/bet-bonus.net\/de\/gutscheincode\/","title":{"rendered":"Gutscheincode ohne Einzahlung - <span>Gratis Guthaben f\u00fcr 1xbet Sportwetten &#038; Casino<\/span>"},"content":{"rendered":"<p class=\"text-justify\">1xBet hat sich als Anbieter auf der ganzen Welt einen Namen gemacht. Dabei ist die Plattform hierzulande zwar nicht so bekannt, aber immer mehr Menschen sto\u00dfen auf die vielf\u00e4ltigen M\u00f6glichkeiten, die ihnen hier geboten werden. Der Anbieter offeriert dabei auch ein reichhaltiges Bonusprogramm, aus welchem die Kunden w\u00e4hlen k\u00f6nnen. Doch welche Boni stehen hier \u00fcberhaupt zur Verf\u00fcgung und wie sind diese beschaffen. Gibt es zu Beispiel einen Bonus ohne Einzahlung? K\u00f6nnen verschiedene Offerten f\u00fcr Poker, Sportwetten und das Casino bezogen werden? Was muss der Kunde dar\u00fcber wissen? Wir haben uns bei 1xBet auf die Suche gemacht und das gesamte Bonusangebot einer genauen Pr\u00fcfung unterzogen. Am Ende sollen f\u00fcr die interessierten Spieler alle Fragen beantwortet sein, sodass das Spielen sofort in vollen Z\u00fcgen genossen werden kann.<\/p>\r\n<p class=\"text-justify\"><span style=\"font-weight: 400;\">\n<style>\n #operator-closed {\n        margin-top: 3em;\n        margin-bottom: 1rem;\n        color: #414141; \n    }\n    .operator-closed-body {\n        min-height: 420px;\n        background-color: #F9F9F9;\n    }\n    #operator-closed .operator-closed-message {\n        display: flex;\n        align-items: center;\n        justify-content: center;\n        font-size: 20px;\n        text-align: center;\n        color: #fff;\n        padding: 1.75em 0.5rem;\n        background: #002E5D;\n        text-shadow: 0 1px 1px rgba(0, 0, 0, 0.3);\n        box-shadow: 0 -4px 0 0 #1a1a1a;\n    }\n    #operator-closed .operator-closed-message b {\n        display: block;\n        font-size: 24px;\n    }\n    .operator-closed-box-container {\n        padding: 40px 30px;\n    }\n    #operator-closed .operator-closed-box {\n        display: flex;\n        flex-direction: column;\n        justify-content: center;\n        align-items: center;\n        background-color: #FFFFFF;\n        box-shadow: 0px 0px 5px #00000024;\n    }\n   \/* #operator-closed .operator-closed-box a:first-of-type {\n        display: flex;\n        justify-content: center;\n        width: 100%;\n        background: #ffffff;\n        border-top: 3px solid #f46613;\n    }*\/\n    #operator-closed img {\n        width: 100px;\n        display: block;\n    }\n    #operator-closed .operator-box-header { \n        display: flex; \n        width: 100%;\n        justify-content: center;\n        background-color: #ECECEC; \n        padding: 13px;\n    }\n    #operator-closed .operator-closed-box-stars {\n        display: flex;\n        flex-wrap: wrap;\n        justify-content: center;\n        padding: 1em 0;\n    }\n    #operator-closed .operator-closed-box-stars span{\n        color: #002E5D;\n        font-size: 36px;\n        line-height: 1.1;\n        text-align: center;\n        width: 100%;\n        font-weight: 900;\n    }\n    #operator-closed .button {\n        text-transform: uppercase;\n        margin-top: 0;\n        margin-bottom: 28px;\n        font-weight: 600;\n        padding: 10px 13px; \n        font-size: 13px; \n        width: 100%;\n    }\n    #operator-closed .button i {\n        font-size: 12px;\n        padding-top: 0;\n    }\n    .claim-bonus-code:hover>.bonus-btn-main-sec {\n        color: #c8102e;\n    }\n    @media ( max-width: 767px ) {\n\n        #operator-closed .operator-closed-message {\n            font-size: 14px;\n        }  \n        #operator-closed .operator-closed-message b {\n            font-size: 17px;\n        }\n        #operator-closed .operator-closed-box {\n            flex-direction: row;\n            flex-wrap: wrap;\n            justify-content: space-around;\n            max-width: 300px;\n            margin-left: auto;\n            margin-right: auto;\n        }\n        #operator-closed .col-lg-4.col-md-6.col-sm-4.col-xs-12:nth-child(3) .operator-closed-box {\n            margin-bottom: 0; \n        }\n        .operator-closed-box-container {\n            padding: 30px 15px;\n        }\n        #operator-closed .operator-closed-box {\n            margin-bottom: 2.5rem; \n        }\n    }\n<\/style>\n<div id=\"operator-closed-wrapper\">\n    <div id=\"operator-closed\" class=\"operator-closed-body\">\n        <div class=\"operator-closed-message \">\n\n            <div><b>Werfen Sie lieber einen Blick auf diese Top Anbieter<\/b>\n                             <\/div>\n        <\/div>\n        \n        <div class=\"row operator-closed-box-container\">\n                            <div class=\"col-lg-4 col-md-6 col-sm-4 col-xs-12\">\n                    <div class=\"operator-closed-box\">\n                        <span class=\"operator-box-header\"><img decoding=\"async\" src=\"\/deutsch\/assets\/logos\/sport\/light-back\/stake-com.png\" width=\"auto\" height=\"auto\" alt=\"Stake.com\" \/><\/span>                        <div class=\"operator-closed-box-stars\">\n                          <span>1000$ <\/span>MAXIMALER BONUS                        <\/div>\n\n                        <div class=\"claim-bonus-code button-bottom\">\n                             <span class=\"cursored button js-golink hvr-animation multi-line bonus-btn-main-sec\"  onclick=\"OpenGoLink(this);\" data-operator=\"885\" data-bonus=\"6895\"   data-clicks=\"37\"data-type=\"sport\" >jetzt registrieren<i class=\"fa fa-chevron-right\" aria-hidden=\"true\"><\/i> <\/span>                         <\/div><!-- \/.claim-bonus-code -->   \n                    <\/div>\n                <\/div>\n                                <div class=\"col-lg-4 col-md-6 col-sm-4 col-xs-12\">\n                    <div class=\"operator-closed-box\">\n                        <span class=\"operator-box-header\"><img decoding=\"async\" src=\"\/deutsch\/assets\/logos\/sport\/light-back\/bwin.png\" width=\"auto\" height=\"auto\" alt=\"Bwin\" \/><\/span>                        <div class=\"operator-closed-box-stars\">\n                          <span>100\u20ac <\/span>MAXIMALER BONUS                        <\/div>\n\n                        <div class=\"claim-bonus-code button-bottom\">\n                             <span class=\"cursored button js-golink hvr-animation multi-line bonus-btn-main-sec\"  onclick=\"OpenGoLink(this);\" data-operator=\"79\" data-bonus=\"4873\"   data-clicks=\"32\"data-type=\"sport\" >jetzt registrieren<i class=\"fa fa-chevron-right\" aria-hidden=\"true\"><\/i> <\/span>                         <\/div><!-- \/.claim-bonus-code -->   \n                    <\/div>\n                <\/div>\n                                <div class=\"col-lg-4 col-md-6 col-sm-4 col-xs-12\">\n                    <div class=\"operator-closed-box\">\n                        <span class=\"operator-box-header\"><img decoding=\"async\" src=\"\/deutsch\/assets\/logos\/sport\/light-back\/mybet.png\" width=\"auto\" height=\"auto\" alt=\"Mybet\" \/><\/span>                        <div class=\"operator-closed-box-stars\">\n                          <span>100\u20ac <\/span>MAXIMALER BONUS                        <\/div>\n\n                        <div class=\"claim-bonus-code button-bottom\">\n                             <span class=\"cursored button js-golink hvr-animation multi-line bonus-btn-main-sec\"  onclick=\"OpenGoLink(this);\" data-operator=\"208\" data-bonus=\"1819\"   data-clicks=\"23\"data-type=\"sport\" >jetzt registrieren<i class=\"fa fa-chevron-right\" aria-hidden=\"true\"><\/i> <\/span>                         <\/div><!-- \/.claim-bonus-code -->   \n                    <\/div>\n                <\/div>\n                        <\/div>\n    <\/div>\n<\/div><\/span><\/p>\r\n\r\n<h2>1xbet Gutscheincode f\u00fcr Sportwetten - wie kommt man an den Sportwetten Gutschein?<\/h2>\r\n<p class=\"text-justify\">1xBet geht beim <a href=\"https:\/\/bet-bonus.net\/de\/\">Bonus f\u00fcr die Sportwetten<\/a> den obligatorischen Weg. Auf die erste Einzahlung wird ein 100 Prozent Bonus gew\u00e4hrt, welcher bis zu einer maximalen H\u00f6he von 100 Euro in Anspruch genommen werden kann. Nat\u00fcrlich ist dieses Angebot auf alle neuen Spieler begrenzt und kann demnach auch nur einmal genutzt werden. Zum Erhalt des Bonus muss der Spieler nicht viel mehr tun, als die \u00fcbliche Anmeldung ausf\u00fcllen. Nach der Best\u00e4tigung des in der Mail erhaltenen Links, kann es auch schon losgehen. Im internen Bereich kann der User seine gew\u00fcnschte Zahlungsart w\u00e4hlen, von denen es hier reichlich gibt. Nun muss nur noch ein Betrag bis zu einem maximalen Wert von 100 Euro und einer minimalen Summe von 1 Euro auf das Konto gebucht werden. Dieser wird dann automatisch verdoppelt und das Geld kann bei Sportwetten genutzt werden.<\/p>\r\n<p class=\"text-justify\">Allerdings geht es auch hier nicht ganz ohne Regeln. Der Bonusbetrag muss stets zu Quoten von mindestens 1.40 gespielt werden, damit ein Umsatz nach den aktuellen Bedingungen von 1xBet m\u00f6glich ist. Zudem z\u00e4hlen nur Akkumulator-Wetten f\u00fcr den Umsatz, sodass der Spieler den Betrag auch nur bei diesen einsetzen kann. Hier muss das Gesamtguthaben f\u00fcnf Mal gespielt werden, bevor \u00fcberhaupt eine Auszahlung m\u00f6glich ist. Diese ist n\u00e4mlich gesperrt, bis die Bonusbedingungen erf\u00fcllt wurden.<\/p>\r\n\r\n<h2>1xbet Gutscheincode f\u00fcr Casino - wie kommt man an den Casino Gutschein?<\/h2>\r\n<p class=\"text-justify\">Das <a href=\"https:\/\/bet-bonus.net\/de\/casino\/\">Casino<\/a> selber bietet keinen eigenen Gutschein. Allerdings hei\u00dft dies nicht, dass der Kunde hier leer ausgeht, wenn er sich zum ersten Mal auf er Plattform registriert. Mit dem Better Bonus stehen dem Spieler nicht nur in anderen Bereichen der Plattform Freispiele zur Verf\u00fcgung, sondern auch im Casino kann mit diesen kr\u00e4ftig gewonnen werden. Hier werden dem Spieler insgesamt 10 Freespins gew\u00e4hrt, wenn es sich zum ersten Mal auf der Plattform registriert. Diese werden nach einer erfolgten Einzahlung von mehr als 10 Euro bereitgestellt, sodass der Nutzer sofort \u00fcber sie verf\u00fcgen kann. Die Free Spins werden nur gew\u00e4hrt, wenn der Spieler ein Wallet im Bereich MuchBetter einrichtet.<\/p>\r\n<p class=\"text-justify\">Auch bei den Umsatzbedingungen sieht es recht gut aus. Hier muss der Spieler lediglich alle Free Spins innerhalb von 24 Stunden verbrauchen, da diese ansonsten annulliert werden. Die aus den Freispielen erhaltenen gewinne d\u00fcrfen behalten und m\u00fcssen keinem weiteren Umsatz unterworfen werden. Allerdings m\u00fcssen mindestens vier verschiedenen Automaten genutzt werden, der Umsatz der Spins an nur einem Slot reicht nicht aus, um dem Spieler zu Echtgeld zu verhelfen.<\/p>\r\n<p class=\"text-justify\">\r\n<div class=\"cta-direct-bonus\">\r\n    <div class=\"col-lg-8 col-md-8 col-sm-8 col-xs-12\">\r\n        <div class=\"row\">\r\n            <p class=\"cta-direct-slogan\">\r\n                Sind Sie bereit Ihren Willkommensbonus zu schnappen?            <\/p>\r\n        <\/div>\r\n    <\/div>\r\n    <div class=\"col-lg-4 col-md-4 col-sm-4 col-xs-12\">\r\n        <div class=\"row\">\r\n             <span class=\"cursored button js-golink cta-direct-button hvr-animation new-hover\"  onclick=\"OpenGoLink(this);\" data-operator=\"885\" data-bonus=\"6895\"   data-clicks=\"37\"data-type=\"sport\" ><span>Jetzt direkt zu Stake.com  !<\/span> <\/span> \r\n        <\/div>\r\n    <\/div>\r\n<\/div>\r\n\r\n<style type=\"text\/css\" media=\"screen\">\r\n    .cta-direct-button.new-hover {\r\n        padding: 3px 0 2px;\r\n    }\r\n<\/style><\/p>\r\n\r\n<h2>1xbet Gutscheincode f\u00fcr Poker - wie kommt man an den Poker Gutschein?<\/h2>\r\n<p class=\"text-justify\">Im Poker-Bereich geht der Spieler, zumindest, was einen Neukundenbonus angeht, leer aus. Allerdings kann daf\u00fcr ein anderer sehr interessanter Bonus genutzt werden, der das Spielen hier \u00e4u\u00dferst attraktiv macht. Der VIP-Cashback ist ein Loyalit\u00e4tsprogram, an welchem jeder Spieler allein durch die Tatsache der Anmeldung teilnimmt. Dabei ist das Kupferlevel immer die unterste Ebene. Es gilt, durch Spiele im Casino oder beim <a href=\"https:\/\/bet-bonus.net\/de\/poker\/\">Pokern<\/a>, den Level zu erh\u00f6hen. Je h\u00f6her dieser ausf\u00e4llt, umso gr\u00f6\u00dfer wird auch der Cashback, der am Ende dem Kunden ausgezahlt wird.<\/p>\r\n<p class=\"text-justify\">Der Cashback kann dabei sehr einfach genutzt werden. Sobald er zur Verf\u00fcgung steht, wird nach jeder verloren Runde das entsprechende Symbol f\u00fcr den Cashback angezeigt. Wird dieser in Anspruch genommen, so erh\u00e4lt der Spieler einen Teil seines Einsatzes zur\u00fcck. Allerdings nur bis zu einem maximalen Wert von 80 Prozent, welcher in der h\u00f6chsten Stufe vergeben wird. Der Cashback kann nur einmal pro Tag bei einem Spiel in Anspruch genommen werden. Wer den Cashback beim Pokern nutzen will, muss nichts weiter tun, als sich anzumelden und entsprechende Eins\u00e4tze an Automaten oder Tischen zu t\u00e4tigen. Besonders lohnt es sich dann, wenn der Cashback schon in einer h\u00f6heren Stufe angelangt ist. Dann kann der User von der R\u00fcckzahlung in erheblichem Ma\u00dfe profitieren. Daher ist Geduld bei diesem Angebot eine wahre Tugend.<\/p>\r\n\r\n<h2>1xbet Gutscheincode f\u00fcr Bingo - wie kommt man an den Bingo Gutschein?<\/h2>\r\n<p class=\"text-justify\">An dieser Stelle, dies ist aber nicht verwunderlich, gibt es leider keinen separaten Bonus. Daher kann an dieser Stelle leider auch nicht viel \u00fcber einen Solchen berichtet werden. Allerdings ist der Anbieter hier auch nicht verlegen und gibt den Kunden durchaus die M\u00f6glichkeit, sich durch bestimmte <a href=\"https:\/\/bet-bonus.net\/de\/promo-angebote\/\">Promo Angebote<\/a> einen h\u00f6heren Gewinn zu verschaffen. So werden in unregelm\u00e4\u00dfigen Abst\u00e4nden immer wieder Freitipps f\u00fcr das Bingo-Portal angeboten. Diese k\u00f6nnen dann direkt bei den Spielen eingesetzt werden. Auch im Gutscheinstore lassen sich manchmal entsprechende Angebote finden. Hier kann der Kunden entweder gegen Echtgeld oder gegen Punkte die entsprechenden Angebote einl\u00f6sen.<\/p>\r\n<p class=\"text-justify\">Bingo ist bei 1xBet ein Spiel, dass sich besonders im asiatischen Raum gro\u00dfer Beliebtheit erfreut. Da dort Boni nicht so gefragt sind wie in Europa, ist es vielleicht nicht verwunderlich, dass hier auf ein entsprechendes Angebot verzichtet wird. Vielleicht entdeckt 1xBet ja noch den europ\u00e4ischen Markt in dieser Sparte f\u00fcr sich und schafft f\u00fcr die User hierzulande einen attraktiven Bonus.<\/p>\r\n<p class=\"text-justify\"><span style=\"font-weight: 400;\">\r\n<div class=\"cta-direct-bonus\">\r\n    <div class=\"col-lg-8 col-md-8 col-sm-8 col-xs-12\">\r\n        <div class=\"row\">\r\n            <p class=\"cta-direct-slogan\">\r\n                Sind Sie bereit Ihren Willkommensbonus zu schnappen?            <\/p>\r\n        <\/div>\r\n    <\/div>\r\n    <div class=\"col-lg-4 col-md-4 col-sm-4 col-xs-12\">\r\n        <div class=\"row\">\r\n             <span class=\"cursored button js-golink cta-direct-button hvr-animation new-hover\"  onclick=\"OpenGoLink(this);\" data-operator=\"885\" data-bonus=\"6895\"   data-clicks=\"37\"data-type=\"sport\" ><span>Jetzt direkt zu Stake.com  !<\/span> <\/span> \r\n        <\/div>\r\n    <\/div>\r\n<\/div>\r\n\r\n<style type=\"text\/css\" media=\"screen\">\r\n    .cta-direct-button.new-hover {\r\n        padding: 3px 0 2px;\r\n    }\r\n<\/style><\/span><\/p>\r\n\r\n<h2>1xbet Aktionen Gutscheincode ohne Einzahlung - gratis Guthaben f\u00fcr den Start!<\/h2>\r\n<p class=\"text-justify\">Direkt einen <a href=\"https:\/\/bet-bonus.net\/de\/bonus-ohne-einzahlung\/\">Bonus ohne Einzahlung<\/a> gibt es bei 1xBet nicht. Allerding kann der Spieler von einem sehr g\u00fcnstigen Angebot profitieren. Hierbei handelt es sich um den MuchBetter Bonus, welcher nach einer Einrichtung eines Wallets im Bereich Much Better gew\u00e4hrt wird. Dabei muss der Spieler lediglich eine Einzahlung von etwas mehr als 10 Euro t\u00e4tigen. Sobald diese verbucht ist, kann der User \u00fcber eine Freiwette von 10 Euro verf\u00fcgen.<\/p>\r\n<p class=\"text-justify\">Die Freiwette muss innerhalb von sieben Tagen nach dem Erhalt genutzt werden und kann lediglich auf Akkumulator-Wetten eingesetzt werden. Dabei muss jede Wette aus vier Tipps bestehen, die insgesamt die 10 Euro umfassen. Die Quote muss dabei mindestens 1.40 betragen, wenn die Wette als g\u00fcltig abgerechnet werden soll. Zudem darf der Spieler keine Auszahlung vor der Platzierung der Freiwette vornehmen. Erst wenn diese vollst\u00e4ndig abgerechnet wurde, kann User sich den gewonnenen Betrag auszahlen lassen. Das Angebot ist als nicht schlecht anzusehen, denn immerhin wird hier dem User ein nicht unerheblicher Geldbetrag geschenkt, der ohne gro\u00dfartige Bedingungen umgesetzt werden kann. Hierdurch k\u00f6nnen bei einer geeigneten Quote gute Gewinne erzielt werden, die das Konto des Spielers deutlich aufbessern k\u00f6nnen.<\/p>\r\n\r\n<h2>1xbet Gutscheincode Fazit - wie lohnenswert ist das Angebot der Gutscheine?<\/h2>\r\n<p class=\"text-justify\">Das Angebot von 1xBet ist vielseitig. Hier findet der Spieler f\u00fcr viele Bereiche das passende Angebot. Zwar steht nicht f\u00fcr jeden Zweck ein Neukundenbonus zur Verf\u00fcgung, allerdings kann der Spieler auch so von den Aktionen profitieren. So gibt es f\u00fcr den Sportbereich ein sehr gutes aber nicht \u00fcberdurchschnittliches Paket, welches den Einstieg deutlich erleichtert. Durch den Cashback oder die MuchBetter Einzahlung k\u00f6nnen zudem noch <a href=\"https:\/\/bet-bonus.net\/de\/free-spins\/\">Freispiele und Freespins<\/a> gewonnen oder aber Geld zur\u00fcckerhalten werden. Zudem ist mit dem Cashback ein hervorragendes Bonusprogramm verbunden, sodass sich das Sammeln von Punkten hier mehr als lohnt. Lediglich der Bereich f\u00fcr Bingo ist ein wenig vernachl\u00e4ssigt worden, was aber auch daran liegt, dass hier besonders auf den asiatischen Markt Wert gelegt wird. Alles in allem kann sich das umfangreiche Sortiment an Boni sehen lassen, sodass der Spieler sich bei 1xBet im Bereich Aktionen sehr wohl f\u00fchlen wird. Auch der Store verst\u00e4rkt diesen Umstand noch weiter, sodass ein Blick auf das Angebot in jedem Fall lohnt.<\/p>\r\n","protected":false},"excerpt":{"rendered":"1xBet hat sich als Anbieter auf der ganzen Welt einen Namen gemacht. Dabei ist die Plattform hierzulande zwar nicht so bekannt, aber immer mehr Menschen sto\u00dfen auf die vielf\u00e4ltigen M\u00f6glichkeiten, die ihnen hier geboten werden. Der Anbieter offeriert dabei auch ein reichhaltiges Bonusprogramm, aus welchem die Kunden w\u00e4hlen k\u00f6nnen. Doch welche Boni stehen hier \u00fcberhaupt<a href=\"https:\/\/bet-bonus.net\/de\/gutscheincode\/\"> &#8230;<\/a>","protected":false},"author":1,"featured_media":0,"parent":0,"menu_order":0,"comment_status":"closed","ping_status":"closed","template":"templates\/template-home.php","meta":{"footnotes":""},"categories":[],"tags":[],"class_list":["post-8","page","type-page","status-publish","hentry"],"yoast_head":"<!-- This site is optimized with the Yoast SEO plugin v26.7 - https:\/\/yoast.com\/wordpress\/plugins\/seo\/ -->\n<title>1xbet Gutscheincode ohne Einzahlung \u00bb jetzt Gratis Guthaben einl\u00f6sen<\/title>\n<meta name=\"robots\" content=\"index, follow, max-snippet:-1, max-image-preview:large, max-video-preview:-1\" \/>\n<link rel=\"canonical\" href=\"https:\/\/bet-bonus.net\/de\/gutscheincode\/\" \/>\n<meta property=\"og:locale\" content=\"de_DE\" \/>\n<meta property=\"og:type\" content=\"article\" \/>\n<meta property=\"og:title\" content=\"1xbet Gutscheincode ohne Einzahlung \u00bb jetzt Gratis Guthaben einl\u00f6sen\" \/>\n<meta property=\"og:url\" content=\"https:\/\/bet-bonus.net\/de\/gutscheincode\/\" \/>\n<meta property=\"og:site_name\" content=\"bet-bonus.net\/DE\" \/>\n<meta property=\"article:modified_time\" content=\"2022-08-09T13:07:01+00:00\" \/>\n<meta name=\"twitter:card\" content=\"summary_large_image\" \/>\n<meta name=\"twitter:label1\" content=\"Gesch\u00e4tzte Lesezeit\" \/>\n\t<meta name=\"twitter:data1\" content=\"8\u00a0Minuten\" \/>\n<script type=\"application\/ld+json\" class=\"yoast-schema-graph\">{\"@context\":\"https:\/\/schema.org\",\"@graph\":[{\"@type\":\"WebPage\",\"@id\":\"https:\/\/bet-bonus.net\/de\/gutscheincode\/\",\"url\":\"https:\/\/bet-bonus.net\/de\/gutscheincode\/\",\"name\":\"1xbet Gutscheincode ohne Einzahlung \u00bb jetzt Gratis Guthaben einl\u00f6sen\",\"isPartOf\":{\"@id\":\"https:\/\/bet-bonus.net\/de\/#website\"},\"datePublished\":\"2018-06-15T10:43:38+00:00\",\"dateModified\":\"2022-08-09T13:07:01+00:00\",\"breadcrumb\":{\"@id\":\"https:\/\/bet-bonus.net\/de\/gutscheincode\/#breadcrumb\"},\"inLanguage\":\"de\",\"potentialAction\":[{\"@type\":\"ReadAction\",\"target\":[\"https:\/\/bet-bonus.net\/de\/gutscheincode\/\"]}]},{\"@type\":\"BreadcrumbList\",\"@id\":\"https:\/\/bet-bonus.net\/de\/gutscheincode\/#breadcrumb\",\"itemListElement\":[{\"@type\":\"ListItem\",\"position\":1,\"name\":\"Home\",\"item\":\"https:\/\/bet-bonus.net\/de\/\"},{\"@type\":\"ListItem\",\"position\":2,\"name\":\"Gutscheincode ohne Einzahlung - Gratis Guthaben f\u00fcr 1xbet Sportwetten & Casino\"}]},{\"@type\":\"WebSite\",\"@id\":\"https:\/\/bet-bonus.net\/de\/#website\",\"url\":\"https:\/\/bet-bonus.net\/de\/\",\"name\":\"bet-bonus.net\/DE\",\"description\":\"\",\"potentialAction\":[{\"@type\":\"SearchAction\",\"target\":{\"@type\":\"EntryPoint\",\"urlTemplate\":\"https:\/\/bet-bonus.net\/de\/?s={search_term_string}\"},\"query-input\":{\"@type\":\"PropertyValueSpecification\",\"valueRequired\":true,\"valueName\":\"search_term_string\"}}],\"inLanguage\":\"de\"}]}<\/script>\n<!-- \/ Yoast SEO plugin. -->","yoast_head_json":{"title":"1xbet Gutscheincode ohne Einzahlung \u00bb jetzt Gratis Guthaben einl\u00f6sen","robots":{"index":"index","follow":"follow","max-snippet":"max-snippet:-1","max-image-preview":"max-image-preview:large","max-video-preview":"max-video-preview:-1"},"canonical":"https:\/\/bet-bonus.net\/de\/gutscheincode\/","og_locale":"de_DE","og_type":"article","og_title":"1xbet Gutscheincode ohne Einzahlung \u00bb jetzt Gratis Guthaben einl\u00f6sen","og_url":"https:\/\/bet-bonus.net\/de\/gutscheincode\/","og_site_name":"bet-bonus.net\/DE","article_modified_time":"2022-08-09T13:07:01+00:00","twitter_card":"summary_large_image","twitter_misc":{"Gesch\u00e4tzte Lesezeit":"8\u00a0Minuten"},"schema":{"@context":"https:\/\/schema.org","@graph":[{"@type":"WebPage","@id":"https:\/\/bet-bonus.net\/de\/gutscheincode\/","url":"https:\/\/bet-bonus.net\/de\/gutscheincode\/","name":"1xbet Gutscheincode ohne Einzahlung \u00bb jetzt Gratis Guthaben einl\u00f6sen","isPartOf":{"@id":"https:\/\/bet-bonus.net\/de\/#website"},"datePublished":"2018-06-15T10:43:38+00:00","dateModified":"2022-08-09T13:07:01+00:00","breadcrumb":{"@id":"https:\/\/bet-bonus.net\/de\/gutscheincode\/#breadcrumb"},"inLanguage":"de","potentialAction":[{"@type":"ReadAction","target":["https:\/\/bet-bonus.net\/de\/gutscheincode\/"]}]},{"@type":"BreadcrumbList","@id":"https:\/\/bet-bonus.net\/de\/gutscheincode\/#breadcrumb","itemListElement":[{"@type":"ListItem","position":1,"name":"Home","item":"https:\/\/bet-bonus.net\/de\/"},{"@type":"ListItem","position":2,"name":"Gutscheincode ohne Einzahlung - Gratis Guthaben f\u00fcr 1xbet Sportwetten & Casino"}]},{"@type":"WebSite","@id":"https:\/\/bet-bonus.net\/de\/#website","url":"https:\/\/bet-bonus.net\/de\/","name":"bet-bonus.net\/DE","description":"","potentialAction":[{"@type":"SearchAction","target":{"@type":"EntryPoint","urlTemplate":"https:\/\/bet-bonus.net\/de\/?s={search_term_string}"},"query-input":{"@type":"PropertyValueSpecification","valueRequired":true,"valueName":"search_term_string"}}],"inLanguage":"de"}]}},"_links":{"self":[{"href":"https:\/\/bet-bonus.net\/de\/wp-json\/wp\/v2\/pages\/8","targetHints":{"allow":["GET"]}}],"collection":[{"href":"https:\/\/bet-bonus.net\/de\/wp-json\/wp\/v2\/pages"}],"about":[{"href":"https:\/\/bet-bonus.net\/de\/wp-json\/wp\/v2\/types\/page"}],"author":[{"embeddable":true,"href":"https:\/\/bet-bonus.net\/de\/wp-json\/wp\/v2\/users\/1"}],"replies":[{"embeddable":true,"href":"https:\/\/bet-bonus.net\/de\/wp-json\/wp\/v2\/comments?post=8"}],"version-history":[{"count":10,"href":"https:\/\/bet-bonus.net\/de\/wp-json\/wp\/v2\/pages\/8\/revisions"}],"predecessor-version":[{"id":820,"href":"https:\/\/bet-bonus.net\/de\/wp-json\/wp\/v2\/pages\/8\/revisions\/820"}],"wp:attachment":[{"href":"https:\/\/bet-bonus.net\/de\/wp-json\/wp\/v2\/media?parent=8"}],"wp:term":[{"taxonomy":"category","embeddable":true,"href":"https:\/\/bet-bonus.net\/de\/wp-json\/wp\/v2\/categories?post=8"},{"taxonomy":"post_tag","embeddable":true,"href":"https:\/\/bet-bonus.net\/de\/wp-json\/wp\/v2\/tags?post=8"}],"curies":[{"name":"wp","href":"https:\/\/api.w.org\/{rel}","templated":true}]}}