{"id":514,"date":"2018-07-20T10:38:05","date_gmt":"2018-07-20T10:38:05","guid":{"rendered":"http:\/\/bet-bonus.net\/de\/?page_id=514"},"modified":"2018-08-09T12:18:55","modified_gmt":"2018-08-09T12:18:55","slug":"lucky-loser-bonus","status":"publish","type":"page","link":"https:\/\/bet-bonus.net\/de\/lucky-loser-bonus\/","title":{"rendered":"Pech im Spiel? - <span>Gl\u00fcck bei 1xbet! Lucky Loser Bonus Aktionen April 2026<\/span>"},"content":{"rendered":"<p class=\"text-justify\">Wer Sportwetten platziert, der m\u00f6chte selbstverst\u00e4ndlich Gewinne erzielen. Vielen Leuten, die sich in ihrem Sportbereich auskennen, sind nat\u00fcrlich erfolgreich und k\u00f6nnen sich \u00fcber nicht unerhebliche Gewinne freuen. Doch was ist mit denjenigen Kundinnen und Kunden der Sportwettenangebote, die keine Erfolgsserie zu verbuchen haben, sondern mehrere Wetten in Folge verlieren? Im Rahmen der 1xbet Lucky Loser Bonus Aktionen gibt es jetzt f\u00fcr alle nicht erfolgreichen Kunden einen 1xbet Bonus auf verlorene Wetten. Aus dem Verlierer wird also ein 1xbet Lucky Loser, der als Unterst\u00fctzung durch das Wettb\u00fcro einen Verlierer Bonus erh\u00e4lt, der zumindest einen Teil des eingefahrenen Verlustes der letzten Wetten zu kompensieren vermag. Wie genau Sie den 1xBet Lucky Loser Bonus erhalten k\u00f6nnen, das erfahren Sie einfach und ohne Umschweife an dieser Stelle.<\/p>\r\n<p class=\"text-justify\">\n<style>\n #operator-closed {\n        margin-top: 3em;\n        margin-bottom: 1rem;\n        color: #414141; \n    }\n    .operator-closed-body {\n        min-height: 420px;\n        background-color: #F9F9F9;\n    }\n    #operator-closed .operator-closed-message {\n        display: flex;\n        align-items: center;\n        justify-content: center;\n        font-size: 20px;\n        text-align: center;\n        color: #fff;\n        padding: 1.75em 0.5rem;\n        background: #002E5D;\n        text-shadow: 0 1px 1px rgba(0, 0, 0, 0.3);\n        box-shadow: 0 -4px 0 0 #1a1a1a;\n    }\n    #operator-closed .operator-closed-message b {\n        display: block;\n        font-size: 24px;\n    }\n    .operator-closed-box-container {\n        padding: 40px 30px;\n    }\n    #operator-closed .operator-closed-box {\n        display: flex;\n        flex-direction: column;\n        justify-content: center;\n        align-items: center;\n        background-color: #FFFFFF;\n        box-shadow: 0px 0px 5px #00000024;\n    }\n   \/* #operator-closed .operator-closed-box a:first-of-type {\n        display: flex;\n        justify-content: center;\n        width: 100%;\n        background: #ffffff;\n        border-top: 3px solid #f46613;\n    }*\/\n    #operator-closed img {\n        width: 100px;\n        display: block;\n    }\n    #operator-closed .operator-box-header { \n        display: flex; \n        width: 100%;\n        justify-content: center;\n        background-color: #ECECEC; \n        padding: 13px;\n    }\n    #operator-closed .operator-closed-box-stars {\n        display: flex;\n        flex-wrap: wrap;\n        justify-content: center;\n        padding: 1em 0;\n    }\n    #operator-closed .operator-closed-box-stars span{\n        color: #002E5D;\n        font-size: 36px;\n        line-height: 1.1;\n        text-align: center;\n        width: 100%;\n        font-weight: 900;\n    }\n    #operator-closed .button {\n        text-transform: uppercase;\n        margin-top: 0;\n        margin-bottom: 28px;\n        font-weight: 600;\n        padding: 10px 13px; \n        font-size: 13px; \n        width: 100%;\n    }\n    #operator-closed .button i {\n        font-size: 12px;\n        padding-top: 0;\n    }\n    .claim-bonus-code:hover>.bonus-btn-main-sec {\n        color: #c8102e;\n    }\n    @media ( max-width: 767px ) {\n\n        #operator-closed .operator-closed-message {\n            font-size: 14px;\n        }  \n        #operator-closed .operator-closed-message b {\n            font-size: 17px;\n        }\n        #operator-closed .operator-closed-box {\n            flex-direction: row;\n            flex-wrap: wrap;\n            justify-content: space-around;\n            max-width: 300px;\n            margin-left: auto;\n            margin-right: auto;\n        }\n        #operator-closed .col-lg-4.col-md-6.col-sm-4.col-xs-12:nth-child(3) .operator-closed-box {\n            margin-bottom: 0; \n        }\n        .operator-closed-box-container {\n            padding: 30px 15px;\n        }\n        #operator-closed .operator-closed-box {\n            margin-bottom: 2.5rem; \n        }\n    }\n<\/style>\n<div id=\"operator-closed-wrapper\">\n    <div id=\"operator-closed\" class=\"operator-closed-body\">\n        <div class=\"operator-closed-message \">\n\n            <div><b>Werfen Sie lieber einen Blick auf diese Top Anbieter<\/b>\n                             <\/div>\n        <\/div>\n        \n        <div class=\"row operator-closed-box-container\">\n                            <div class=\"col-lg-4 col-md-6 col-sm-4 col-xs-12\">\n                    <div class=\"operator-closed-box\">\n                        <span class=\"operator-box-header\"><img decoding=\"async\" src=\"\/deutsch\/assets\/logos\/sport\/light-back\/stake-com.png\" width=\"auto\" height=\"auto\" alt=\"Stake.com\" \/><\/span>                        <div class=\"operator-closed-box-stars\">\n                          <span>1000$ <\/span>MAXIMALER BONUS                        <\/div>\n\n                        <div class=\"claim-bonus-code button-bottom\">\n                             <span class=\"cursored button js-golink hvr-animation multi-line bonus-btn-main-sec\"  onclick=\"OpenGoLink(this);\" data-operator=\"885\" data-bonus=\"6895\"   data-clicks=\"37\"data-type=\"sport\" >jetzt registrieren<i class=\"fa fa-chevron-right\" aria-hidden=\"true\"><\/i> <\/span>                         <\/div><!-- \/.claim-bonus-code -->   \n                    <\/div>\n                <\/div>\n                                <div class=\"col-lg-4 col-md-6 col-sm-4 col-xs-12\">\n                    <div class=\"operator-closed-box\">\n                        <span class=\"operator-box-header\"><img decoding=\"async\" src=\"\/deutsch\/assets\/logos\/sport\/light-back\/bwin.png\" width=\"auto\" height=\"auto\" alt=\"Bwin\" \/><\/span>                        <div class=\"operator-closed-box-stars\">\n                          <span>100\u20ac <\/span>MAXIMALER BONUS                        <\/div>\n\n                        <div class=\"claim-bonus-code button-bottom\">\n                             <span class=\"cursored button js-golink hvr-animation multi-line bonus-btn-main-sec\"  onclick=\"OpenGoLink(this);\" data-operator=\"79\" data-bonus=\"4873\"   data-clicks=\"32\"data-type=\"sport\" >jetzt registrieren<i class=\"fa fa-chevron-right\" aria-hidden=\"true\"><\/i> <\/span>                         <\/div><!-- \/.claim-bonus-code -->   \n                    <\/div>\n                <\/div>\n                                <div class=\"col-lg-4 col-md-6 col-sm-4 col-xs-12\">\n                    <div class=\"operator-closed-box\">\n                        <span class=\"operator-box-header\"><img decoding=\"async\" src=\"\/deutsch\/assets\/logos\/sport\/light-back\/mybet.png\" width=\"auto\" height=\"auto\" alt=\"Mybet\" \/><\/span>                        <div class=\"operator-closed-box-stars\">\n                          <span>100\u20ac <\/span>MAXIMALER BONUS                        <\/div>\n\n                        <div class=\"claim-bonus-code button-bottom\">\n                             <span class=\"cursored button js-golink hvr-animation multi-line bonus-btn-main-sec\"  onclick=\"OpenGoLink(this);\" data-operator=\"208\" data-bonus=\"1819\"   data-clicks=\"23\"data-type=\"sport\" >jetzt registrieren<i class=\"fa fa-chevron-right\" aria-hidden=\"true\"><\/i> <\/span>                         <\/div><!-- \/.claim-bonus-code -->   \n                    <\/div>\n                <\/div>\n                        <\/div>\n    <\/div>\n<\/div><\/p>\r\n\r\n<h2>Wie lauten die 1xbet Bonus Angebote f\u00fcr verlorene Wetten?<\/h2>\r\n<p class=\"text-justify\">Derzeit gibt es bei 1xbet diverse Aktionen f\u00fcr Bestandskunden. Unter diesen <a href=\"https:\/\/bet-bonus.net\/de\/promo-angebote\/\">Promo Angebote<\/a> finden sich unter anderem auch Aktionen, die eine Unterst\u00fctzung f\u00fcr diejenigen Nutzer darstellen, die mehrere Wetten in Folge verloren haben. Aktuell bietet der Buchmacher 1xbet f\u00fcr seine Kundinnen und Kunden eine Promotion an, in deren Rahmen die Kunden einen Bonus erhalten, sofern die betroffenen Wetter einen konstanten Verlust \u00fcber die letzten 20 Wetten zu verbuchen haben. Ist dies der Fall, gibt es f\u00fcr einen mininmalen Einsatz in H\u00f6he von 2 Euro einen Bonus in H\u00f6he von 100 Euro. F\u00fcr einen minimalen Einsatz in H\u00f6he von 5 Euro gibt es bereits einen Bonus in H\u00f6he von 250 Euro und bei einem Mindesteinsatz in H\u00f6he von 10 Euro winkt sogar ein Bonus in H\u00f6he von 500 Euro f\u00fcr den entsprechenden Verlierer.<\/p>\r\n<p class=\"text-justify\">Damit Sie den entsprechenden Bonus erhalten k\u00f6nnen, m\u00fcssen Sie sich mit dem 1xbet Kundensupport des Anbieters in Kontakt setzen. Nur nach einer Kontaktaufnahme schreibt Ihnen der Support den Bonusbetrag individuell auf ihrem Mitgliederkonto gut. Das Ganze funktioniert \u00fcber die Mail info-de@1xbet.com. Schreiben Sie in den Betreff Ihrer Mail \u201eSerie an verlorenen Wetten\u201c und geben Sie au\u00dferdem die Nummer Ihres Spielekontos an, damit der Support in der Lage ist, die entsprechenden Angaben und Verlustreihen individuell zu \u00fcberpr\u00fcfen.<\/p>\r\n<p class=\"text-justify\">\r\n<div class=\"cta-direct-bonus\">\r\n    <div class=\"col-lg-8 col-md-8 col-sm-8 col-xs-12\">\r\n        <div class=\"row\">\r\n            <p class=\"cta-direct-slogan\">\r\n                Sind Sie bereit Ihren Willkommensbonus zu schnappen?            <\/p>\r\n        <\/div>\r\n    <\/div>\r\n    <div class=\"col-lg-4 col-md-4 col-sm-4 col-xs-12\">\r\n        <div class=\"row\">\r\n             <span class=\"cursored button js-golink cta-direct-button hvr-animation new-hover\"  onclick=\"OpenGoLink(this);\" data-operator=\"7\" data-bonus=\"3873\"   data-clicks=\"33\"data-type=\"sport\" ><span>Jetzt direkt zu 1xBet  !<\/span> <\/span> \r\n        <\/div>\r\n    <\/div>\r\n<\/div>\r\n\r\n<style type=\"text\/css\" media=\"screen\">\r\n    .cta-direct-button.new-hover {\r\n        padding: 3px 0 2px;\r\n    }\r\n<\/style><\/p>\r\n\r\n<h2>Wann ist man f\u00fcr den 1xbet Bonus f\u00fcr verlorene Wetten berechtigt?<\/h2>\r\n<p class=\"text-justify\">Nat\u00fcrlich m\u00fcssen einige Aspekte als erf\u00fcllt gelten, bevor die Kundinnen und Kunden f\u00fcr den 1xbet Lucky Loser Bonus qualifiziert sind: Zun\u00e4chst ist es f\u00fcr die Kundinnen und Kunden des Anbieters 1xbet wichtig, dass Sie eine Verlustreihe in H\u00f6he von 20 Verlusten in Folge nachweisen k\u00f6nnen. Dabei kann es sich um Einzel- oder Akkumulatoren Wetten handeln. Auch Wetten aus diversen Sportartenbereichen sind m\u00f6glich, sofern die Quoten der entsprechenden Wetten die Quote in H\u00f6he von 3.0 nicht \u00fcberschreiten.<\/p>\r\n<p class=\"text-justify\">Alle Wetten, die als verloren abgeschlossen worden sind, m\u00fcssen im Zeitraum von 30 Tagen platziert worden sein. Wetten, die au\u00dferhalb des 30 Tage Zeitraums platziert worden sind, k\u00f6nne im Rahmen der Bonusaktion nicht mehr ber\u00fccksichtigt werden. Wichtig f\u00fcr Kundinnen und Kunden, die sich im Bereich der Akkumulatoren Wetten engagieren: Die Akkumulatoren Wetten m\u00fcssen im Bereich unterschiedlicher Sportartenbereiche und auf verschiedene Ausg\u00e4nge der Wetten platziert worden sein. An dieser Aktion k\u00f6nnen alle Kunden des Buchmchers 1xbet teilnehmen. Auch Neukudnen sind ab der ersten Sekunde ihres Kundendaseins berechtigt, den 1xbet Lucky Loser <a href=\"https:\/\/bet-bonus.net\/de\/\">Bonus<\/a> in Anspruch zu nehmen. Sogenannte schnelle und unvollst\u00e4ndige Spielerkonten qualifizieren allerdings nicht f\u00fcr den hier beschriebenen Verliererbonus.<\/p>\r\n<p class=\"text-justify\"><div class=\"bonus-table\">\n    <div class=\"col-xs-12\">\n        <div class=\"row\">\n\n<!--            <div class=\"hidden-lg hidden-md hidden-sm col-xs-8 bonus-table-body top-responsive\">-->\n<!---->\n<!--            <\/div>-->\n            <div class=\"col-lg-12 col-md-12 col-sm-12 col-xs-12 bonus-table-body op-table no-padding\">\n                <div class=\"col-lg-3 col-md-4 col-sm-12 col-xs-12 bonus-table-head no-padding\">\n                    <p>Buchmacher<\/p>\n                   <!--  <a class=\"hotfix\" href=\"\" rel=\"nofollow\" target=\"_blank\"><img decoding=\"async\" src=\"<?php\/\/ echo $logo_url; ?>\" class=\"img-responsive\"><\/a> -->\n                    <span class=\"\"><img decoding=\"async\" src=\"\/deutsch\/assets\/logos\/sport\/light-back\/1xbet.png\" width=\"100px\" height=\"auto\" alt=\"1xBet\" \/><\/span>                <\/div>\n                <div class=\"col-lg-2 col-md-2 col-sm-6 col-xs-12 rightBordered borders no-padding\">\n                    <p>BONUS<\/p>\n                    <p class=\"bonus-value max-bonus\">130\u20ac<\/p>\n                <\/div>\n                <div class=\"col-lg-2 col-md-2 col-sm-6 col-xs-6 rightBordered no-padding\">\n                    <p>Prozent<\/p>\n                    <p class=\"bonus-value\">100%<\/p>\n                <\/div>\n                <div class=\"col-lg-2 col-md-2 col-sm-6 col-xs-6 no-padding\">\n                    <p>Bewertung<\/p>\n                    <p class=\"rating-number\">9.8<\/p>\n                <\/div>\n                <div class=\"col-lg-3 col-md-4 col-sm-6 col-xs-12 op-table-button no-padding\">\n                    <p>Zum Anbieter<\/p>\n                     <span class=\"cursored button js-golink button claim-bonus-code\"  onclick=\"OpenGoLink(this);\" data-operator=\"7\" data-bonus=\"3873\"   data-clicks=\"33\"data-type=\"sport\" ><button class=\"hvr-animation multi-line bonus-btn-main-sec\"><span>Jetzt Bonus sichern!<\/span><\/button> <\/span>                 <\/div>\n            <\/div>\n        <\/div>\n    <\/div>\n<\/div>\n        <script type=\"application\/ld+json\">\n    {\n        \"@context\": \"https:\/\/schema.org\/\",\n        \"@type\": \"Review\",\n        \"datePublished\": \"20-07-2018\",\n        \"dateModified\": \"30-10-2022\",\n        \"itemReviewed\":{\n                \"@type\": \"Organization\",\n                \"name\": \"1xBet\",\n                \"image\": \" https:\/\/bet-bonus.net\/de\/deutsch\/assets\/logos\/light-back\/1xbet.png\"\n        },\n         \"author\":{\n                \"@type\": \"Person\",\n                 \"name\": \"bet-bonus.net\/DE\"\n         },\n           \"reviewRating\": {\n                \"ratingValue\": \"9.8\",\n                \"bestRating\": \"10\"\n         }\n    }\n\n\n\n        <\/script>\n        <\/p>","protected":false},"excerpt":{"rendered":"Wer Sportwetten platziert, der m\u00f6chte selbstverst\u00e4ndlich Gewinne erzielen. Vielen Leuten, die sich in ihrem Sportbereich auskennen, sind nat\u00fcrlich erfolgreich und k\u00f6nnen sich \u00fcber nicht unerhebliche Gewinne freuen. Doch was ist mit denjenigen Kundinnen und Kunden der Sportwettenangebote, die keine Erfolgsserie zu verbuchen haben, sondern mehrere Wetten in Folge verlieren? Im Rahmen der 1xbet Lucky Loser<a href=\"https:\/\/bet-bonus.net\/de\/lucky-loser-bonus\/\"> &#8230;<\/a>","protected":false},"author":1,"featured_media":0,"parent":0,"menu_order":0,"comment_status":"closed","ping_status":"closed","template":"","meta":{"footnotes":""},"categories":[],"tags":[],"class_list":["post-514","page","type-page","status-publish","hentry"],"yoast_head":"<!-- This site is optimized with the Yoast SEO plugin v26.7 - https:\/\/yoast.com\/wordpress\/plugins\/seo\/ -->\n<title>1xbet Lucky Loser \u00bb auch von verlorenen Wettscheinen profitieren!<\/title>\n<meta name=\"robots\" content=\"index, follow, max-snippet:-1, max-image-preview:large, max-video-preview:-1\" \/>\n<link rel=\"canonical\" href=\"https:\/\/bet-bonus.net\/de\/lucky-loser-bonus\/\" \/>\n<meta property=\"og:locale\" content=\"de_DE\" \/>\n<meta property=\"og:type\" content=\"article\" \/>\n<meta property=\"og:title\" content=\"1xbet Lucky Loser \u00bb auch von verlorenen Wettscheinen profitieren!\" \/>\n<meta property=\"og:url\" content=\"https:\/\/bet-bonus.net\/de\/lucky-loser-bonus\/\" \/>\n<meta property=\"og:site_name\" content=\"bet-bonus.net\/DE\" \/>\n<meta property=\"article:modified_time\" content=\"2018-08-09T12:18:55+00:00\" \/>\n<meta name=\"twitter:card\" content=\"summary_large_image\" \/>\n<meta name=\"twitter:label1\" content=\"Gesch\u00e4tzte Lesezeit\" \/>\n\t<meta name=\"twitter:data1\" content=\"3\u00a0Minuten\" \/>\n<script type=\"application\/ld+json\" class=\"yoast-schema-graph\">{\"@context\":\"https:\/\/schema.org\",\"@graph\":[{\"@type\":\"WebPage\",\"@id\":\"https:\/\/bet-bonus.net\/de\/lucky-loser-bonus\/\",\"url\":\"https:\/\/bet-bonus.net\/de\/lucky-loser-bonus\/\",\"name\":\"1xbet Lucky Loser \u00bb auch von verlorenen Wettscheinen profitieren!\",\"isPartOf\":{\"@id\":\"https:\/\/bet-bonus.net\/de\/#website\"},\"datePublished\":\"2018-07-20T10:38:05+00:00\",\"dateModified\":\"2018-08-09T12:18:55+00:00\",\"breadcrumb\":{\"@id\":\"https:\/\/bet-bonus.net\/de\/lucky-loser-bonus\/#breadcrumb\"},\"inLanguage\":\"de\",\"potentialAction\":[{\"@type\":\"ReadAction\",\"target\":[\"https:\/\/bet-bonus.net\/de\/lucky-loser-bonus\/\"]}]},{\"@type\":\"BreadcrumbList\",\"@id\":\"https:\/\/bet-bonus.net\/de\/lucky-loser-bonus\/#breadcrumb\",\"itemListElement\":[{\"@type\":\"ListItem\",\"position\":1,\"name\":\"Home\",\"item\":\"https:\/\/bet-bonus.net\/de\/\"},{\"@type\":\"ListItem\",\"position\":2,\"name\":\"Pech im Spiel? - Gl\u00fcck bei 1xbet! Lucky Loser Bonus Aktionen Dezember 2021\"}]},{\"@type\":\"WebSite\",\"@id\":\"https:\/\/bet-bonus.net\/de\/#website\",\"url\":\"https:\/\/bet-bonus.net\/de\/\",\"name\":\"bet-bonus.net\/DE\",\"description\":\"\",\"potentialAction\":[{\"@type\":\"SearchAction\",\"target\":{\"@type\":\"EntryPoint\",\"urlTemplate\":\"https:\/\/bet-bonus.net\/de\/?s={search_term_string}\"},\"query-input\":{\"@type\":\"PropertyValueSpecification\",\"valueRequired\":true,\"valueName\":\"search_term_string\"}}],\"inLanguage\":\"de\"}]}<\/script>\n<!-- \/ Yoast SEO plugin. -->","yoast_head_json":{"title":"1xbet Lucky Loser \u00bb auch von verlorenen Wettscheinen profitieren!","robots":{"index":"index","follow":"follow","max-snippet":"max-snippet:-1","max-image-preview":"max-image-preview:large","max-video-preview":"max-video-preview:-1"},"canonical":"https:\/\/bet-bonus.net\/de\/lucky-loser-bonus\/","og_locale":"de_DE","og_type":"article","og_title":"1xbet Lucky Loser \u00bb auch von verlorenen Wettscheinen profitieren!","og_url":"https:\/\/bet-bonus.net\/de\/lucky-loser-bonus\/","og_site_name":"bet-bonus.net\/DE","article_modified_time":"2018-08-09T12:18:55+00:00","twitter_card":"summary_large_image","twitter_misc":{"Gesch\u00e4tzte Lesezeit":"3\u00a0Minuten"},"schema":{"@context":"https:\/\/schema.org","@graph":[{"@type":"WebPage","@id":"https:\/\/bet-bonus.net\/de\/lucky-loser-bonus\/","url":"https:\/\/bet-bonus.net\/de\/lucky-loser-bonus\/","name":"1xbet Lucky Loser \u00bb auch von verlorenen Wettscheinen profitieren!","isPartOf":{"@id":"https:\/\/bet-bonus.net\/de\/#website"},"datePublished":"2018-07-20T10:38:05+00:00","dateModified":"2018-08-09T12:18:55+00:00","breadcrumb":{"@id":"https:\/\/bet-bonus.net\/de\/lucky-loser-bonus\/#breadcrumb"},"inLanguage":"de","potentialAction":[{"@type":"ReadAction","target":["https:\/\/bet-bonus.net\/de\/lucky-loser-bonus\/"]}]},{"@type":"BreadcrumbList","@id":"https:\/\/bet-bonus.net\/de\/lucky-loser-bonus\/#breadcrumb","itemListElement":[{"@type":"ListItem","position":1,"name":"Home","item":"https:\/\/bet-bonus.net\/de\/"},{"@type":"ListItem","position":2,"name":"Pech im Spiel? - Gl\u00fcck bei 1xbet! Lucky Loser Bonus Aktionen Dezember 2021"}]},{"@type":"WebSite","@id":"https:\/\/bet-bonus.net\/de\/#website","url":"https:\/\/bet-bonus.net\/de\/","name":"bet-bonus.net\/DE","description":"","potentialAction":[{"@type":"SearchAction","target":{"@type":"EntryPoint","urlTemplate":"https:\/\/bet-bonus.net\/de\/?s={search_term_string}"},"query-input":{"@type":"PropertyValueSpecification","valueRequired":true,"valueName":"search_term_string"}}],"inLanguage":"de"}]}},"_links":{"self":[{"href":"https:\/\/bet-bonus.net\/de\/wp-json\/wp\/v2\/pages\/514","targetHints":{"allow":["GET"]}}],"collection":[{"href":"https:\/\/bet-bonus.net\/de\/wp-json\/wp\/v2\/pages"}],"about":[{"href":"https:\/\/bet-bonus.net\/de\/wp-json\/wp\/v2\/types\/page"}],"author":[{"embeddable":true,"href":"https:\/\/bet-bonus.net\/de\/wp-json\/wp\/v2\/users\/1"}],"replies":[{"embeddable":true,"href":"https:\/\/bet-bonus.net\/de\/wp-json\/wp\/v2\/comments?post=514"}],"version-history":[{"count":4,"href":"https:\/\/bet-bonus.net\/de\/wp-json\/wp\/v2\/pages\/514\/revisions"}],"predecessor-version":[{"id":770,"href":"https:\/\/bet-bonus.net\/de\/wp-json\/wp\/v2\/pages\/514\/revisions\/770"}],"wp:attachment":[{"href":"https:\/\/bet-bonus.net\/de\/wp-json\/wp\/v2\/media?parent=514"}],"wp:term":[{"taxonomy":"category","embeddable":true,"href":"https:\/\/bet-bonus.net\/de\/wp-json\/wp\/v2\/categories?post=514"},{"taxonomy":"post_tag","embeddable":true,"href":"https:\/\/bet-bonus.net\/de\/wp-json\/wp\/v2\/tags?post=514"}],"curies":[{"name":"wp","href":"https:\/\/api.w.org\/{rel}","templated":true}]}}