{"id":31,"date":"2018-06-27T11:41:52","date_gmt":"2018-06-27T11:41:52","guid":{"rendered":"http:\/\/bet-bonus.net\/de\/?page_id=31"},"modified":"2018-08-14T12:11:46","modified_gmt":"2018-08-14T12:11:46","slug":"advancebet-bonus","status":"publish","type":"page","link":"https:\/\/bet-bonus.net\/de\/advancebet-bonus\/","title":{"rendered":"Profitiere von laufenden Wetten - <span>1xbet stellt den m\u00f6glichen Gewinn vorab zur Verf\u00fcgung<\/span>"},"content":{"rendered":"<p class=\"text-justify\">Die 1xbet Advancebet ist eine Besonderheit. Es handelt sich um einen Bonus, den kein anderer Anbieter von Sportwetten pr\u00e4sentiert. 1xbet selbst beschreibt dieses Angebot als eine neue Variante. Diese Zusatzwette wird auf Grundlage einer Bewertung von potenziellen Einnahmen \u00fcber noch offene Wetten errechnet. Gesetzt werden kann die Advancebet, f\u00fcr die es keinen deutschen Begriff gibt, nur auf Live Wetten 48 Stunden im voraus. Ob dieser spezielle Bonus angewendet werden darf, l\u00e4sst sich \u00fcber eine Anzeige auf dem Wettschein erkennen. Es gibt zwei M\u00f6glichkeiten, wie mit dieser Form der Wette gewonnen werden kann. Die dritte M\u00f6glichkeit ist nat\u00fcrlich, dass es keinen Gewinn gibt. Was mit alldem gemeint ist, wird nachfolgend noch eingehender erkl\u00e4rt. Steht die Advancebet zur Verf\u00fcgung, sind keine speziellen Anforderungen einzuhalten, au\u00dfer den genannten. Fraglos muss man sich als Kunde von 1xbet und als Nutzer dieser Option erst an die Vorgehensweise gew\u00f6hnen, Nachteile sind keine zu erkennen.<\/p>\r\n<p class=\"text-justify\"><span style=\"font-weight: 400;\">\n<style>\n #operator-closed {\n        margin-top: 3em;\n        margin-bottom: 1rem;\n        color: #414141; \n    }\n    .operator-closed-body {\n        min-height: 420px;\n        background-color: #F9F9F9;\n    }\n    #operator-closed .operator-closed-message {\n        display: flex;\n        align-items: center;\n        justify-content: center;\n        font-size: 20px;\n        text-align: center;\n        color: #fff;\n        padding: 1.75em 0.5rem;\n        background: #002E5D;\n        text-shadow: 0 1px 1px rgba(0, 0, 0, 0.3);\n        box-shadow: 0 -4px 0 0 #1a1a1a;\n    }\n    #operator-closed .operator-closed-message b {\n        display: block;\n        font-size: 24px;\n    }\n    .operator-closed-box-container {\n        padding: 40px 30px;\n    }\n    #operator-closed .operator-closed-box {\n        display: flex;\n        flex-direction: column;\n        justify-content: center;\n        align-items: center;\n        background-color: #FFFFFF;\n        box-shadow: 0px 0px 5px #00000024;\n    }\n   \/* #operator-closed .operator-closed-box a:first-of-type {\n        display: flex;\n        justify-content: center;\n        width: 100%;\n        background: #ffffff;\n        border-top: 3px solid #f46613;\n    }*\/\n    #operator-closed img {\n        width: 100px;\n        display: block;\n    }\n    #operator-closed .operator-box-header { \n        display: flex; \n        width: 100%;\n        justify-content: center;\n        background-color: #ECECEC; \n        padding: 13px;\n    }\n    #operator-closed .operator-closed-box-stars {\n        display: flex;\n        flex-wrap: wrap;\n        justify-content: center;\n        padding: 1em 0;\n    }\n    #operator-closed .operator-closed-box-stars span{\n        color: #002E5D;\n        font-size: 36px;\n        line-height: 1.1;\n        text-align: center;\n        width: 100%;\n        font-weight: 900;\n    }\n    #operator-closed .button {\n        text-transform: uppercase;\n        margin-top: 0;\n        margin-bottom: 28px;\n        font-weight: 600;\n        padding: 10px 13px; \n        font-size: 13px; \n        width: 100%;\n    }\n    #operator-closed .button i {\n        font-size: 12px;\n        padding-top: 0;\n    }\n    .claim-bonus-code:hover>.bonus-btn-main-sec {\n        color: #c8102e;\n    }\n    @media ( max-width: 767px ) {\n\n        #operator-closed .operator-closed-message {\n            font-size: 14px;\n        }  \n        #operator-closed .operator-closed-message b {\n            font-size: 17px;\n        }\n        #operator-closed .operator-closed-box {\n            flex-direction: row;\n            flex-wrap: wrap;\n            justify-content: space-around;\n            max-width: 300px;\n            margin-left: auto;\n            margin-right: auto;\n        }\n        #operator-closed .col-lg-4.col-md-6.col-sm-4.col-xs-12:nth-child(3) .operator-closed-box {\n            margin-bottom: 0; \n        }\n        .operator-closed-box-container {\n            padding: 30px 15px;\n        }\n        #operator-closed .operator-closed-box {\n            margin-bottom: 2.5rem; \n        }\n    }\n<\/style>\n<div id=\"operator-closed-wrapper\">\n    <div id=\"operator-closed\" class=\"operator-closed-body\">\n        <div class=\"operator-closed-message \">\n\n            <div><b>Werfen Sie lieber einen Blick auf diese Top Anbieter<\/b>\n                             <\/div>\n        <\/div>\n        \n        <div class=\"row operator-closed-box-container\">\n                            <div class=\"col-lg-4 col-md-6 col-sm-4 col-xs-12\">\n                    <div class=\"operator-closed-box\">\n                        <span class=\"operator-box-header\"><img decoding=\"async\" src=\"\/deutsch\/assets\/logos\/sport\/light-back\/stake-com.png\" width=\"auto\" height=\"auto\" alt=\"Stake.com\" \/><\/span>                        <div class=\"operator-closed-box-stars\">\n                          <span>1000$ <\/span>MAXIMALER BONUS                        <\/div>\n\n                        <div class=\"claim-bonus-code button-bottom\">\n                             <span class=\"cursored button js-golink hvr-animation multi-line bonus-btn-main-sec\"  onclick=\"OpenGoLink(this);\" data-operator=\"885\" data-bonus=\"6895\"   data-clicks=\"37\"data-type=\"sport\" >jetzt registrieren<i class=\"fa fa-chevron-right\" aria-hidden=\"true\"><\/i> <\/span>                         <\/div><!-- \/.claim-bonus-code -->   \n                    <\/div>\n                <\/div>\n                                <div class=\"col-lg-4 col-md-6 col-sm-4 col-xs-12\">\n                    <div class=\"operator-closed-box\">\n                        <span class=\"operator-box-header\"><img decoding=\"async\" src=\"\/deutsch\/assets\/logos\/sport\/light-back\/bwin.png\" width=\"auto\" height=\"auto\" alt=\"Bwin\" \/><\/span>                        <div class=\"operator-closed-box-stars\">\n                          <span>100\u20ac <\/span>MAXIMALER BONUS                        <\/div>\n\n                        <div class=\"claim-bonus-code button-bottom\">\n                             <span class=\"cursored button js-golink hvr-animation multi-line bonus-btn-main-sec\"  onclick=\"OpenGoLink(this);\" data-operator=\"79\" data-bonus=\"4873\"   data-clicks=\"32\"data-type=\"sport\" >jetzt registrieren<i class=\"fa fa-chevron-right\" aria-hidden=\"true\"><\/i> <\/span>                         <\/div><!-- \/.claim-bonus-code -->   \n                    <\/div>\n                <\/div>\n                                <div class=\"col-lg-4 col-md-6 col-sm-4 col-xs-12\">\n                    <div class=\"operator-closed-box\">\n                        <span class=\"operator-box-header\"><img decoding=\"async\" src=\"\/deutsch\/assets\/logos\/sport\/light-back\/mybet.png\" width=\"auto\" height=\"auto\" alt=\"Mybet\" \/><\/span>                        <div class=\"operator-closed-box-stars\">\n                          <span>100\u20ac <\/span>MAXIMALER BONUS                        <\/div>\n\n                        <div class=\"claim-bonus-code button-bottom\">\n                             <span class=\"cursored button js-golink hvr-animation multi-line bonus-btn-main-sec\"  onclick=\"OpenGoLink(this);\" data-operator=\"208\" data-bonus=\"1819\"   data-clicks=\"23\"data-type=\"sport\" >jetzt registrieren<i class=\"fa fa-chevron-right\" aria-hidden=\"true\"><\/i> <\/span>                         <\/div><!-- \/.claim-bonus-code -->   \n                    <\/div>\n                <\/div>\n                        <\/div>\n    <\/div>\n<\/div><\/span><\/p>\r\n\r\n<h2>Wie und wo wird mir der verf\u00fcgbare Betrag der 1xbet Advancebet Funktion angezeigt?<\/h2>\r\n<p class=\"text-justify\">Ob eine Advancebet eine m\u00f6gliche Option f\u00fcr Sie als Wetter bei 1xbet darstellt, wird auf dem Wettschein angezeigt. Das bedeutet, dass Sie die nachfolgend beschriebene M\u00f6glichkeit auf einen zus\u00e4tzlichen Gewinn nicht speziell suchen m\u00fcssen. Es muss auch keine Aktivierung \u00fcber einen <a href=\"https:\/\/bet-bonus.net\/de\/gutscheincode\/\">Code<\/a> geben. Zuerst einmal m\u00fcssen Sie sich bewusst machen, dass es sich um ein Angebot handelt, welches nur 1xbet pr\u00e4sentiert. Es bezieht sich auf Live Wetten. Sie k\u00f6nnen ganz normal einen Einsatz t\u00e4tigen und m\u00fcssen hoffen, dass Sie gewinnen. Die Option Advancebet ist ein Zusatzangebot auf einen weiteren Einsatz, den 1xbet zur Verf\u00fcgung stellt. Sie hat zur Folge, dass Sie nun mehrere Optionen auf einen Gewinn haben. Besteht die M\u00f6glichkeit auf eine Advancebet, wird sie Ihnen auf dem Wettschein angezeigt. Die H\u00f6he errechnet sich anhand Ihres Einsatzes. Die Mindestquote f\u00fcr die nun folgenden Eins\u00e4tze liegt normalerweise bei 1,50 \u20ac.<\/p>\r\n\r\n<h2>Welche Wettarten sind f\u00fcr die 1xbet Advancebet Funktion nutzbar?<\/h2>\r\n<p class=\"text-justify\">Zuerst einmal m\u00fcssen Sie sich bei der Nutzung einer Advancebet auf der Website von 1xbet oder mobil bei 1xbet auf die <a href=\"https:\/\/bet-bonus.net\/de\/livewetten\/\">Live Wetten<\/a> konzentrieren. Es z\u00e4hlen nur Quoten, die 48 Stunden im Voraus verf\u00fcgbar sind. Sie setzen das Ihnen zur Verf\u00fcgung stehende Geld parallel zu eigenem Geld ein und m\u00fcssen eine Mindestquote von 1,50 beachten. Andere Vorgaben diesbez\u00fcglich sind m\u00f6glich. Au\u00dferdem m\u00fcssen Sie einen Teil des Geldes kombinieren. Das nennt sich bei 1xbet Akkumulator. Die genauen Vorgaben werden Ihnen bei einer zur Verf\u00fcgung stehenden Option mit einer Advancebet beschrieben. Ebenso wie der zur Verf\u00fcgung stehende Betrag. Es werden zwei Wetten von Ihnen verlangt. Sind beide falsch, verfallen auch die zus\u00e4tzlich abgegebenen Advancebets, selbst wenn diese korrekt waren. Sie gewinnen mit diesem Angebot also nicht, bekommen allerdings zur Verf\u00fcgung gestellten Betrag auf Ihr Konto gebucht. Sie m\u00fcssen also nicht identisch mit Ihren normalen Sportwetten sein.<\/p>\r\n<p class=\"text-justify\"><span style=\"font-weight: 400;\">\r\n<div class=\"cta-direct-bonus\">\r\n    <div class=\"col-lg-8 col-md-8 col-sm-8 col-xs-12\">\r\n        <div class=\"row\">\r\n            <p class=\"cta-direct-slogan\">\r\n                Sind Sie bereit Ihren Willkommensbonus zu schnappen?            <\/p>\r\n        <\/div>\r\n    <\/div>\r\n    <div class=\"col-lg-4 col-md-4 col-sm-4 col-xs-12\">\r\n        <div class=\"row\">\r\n             <span class=\"cursored button js-golink cta-direct-button hvr-animation new-hover\"  onclick=\"OpenGoLink(this);\" data-operator=\"7\" data-bonus=\"3873\"   data-clicks=\"33\"data-type=\"sport\" ><span>Jetzt direkt zu 1xBet  !<\/span> <\/span> \r\n        <\/div>\r\n    <\/div>\r\n<\/div>\r\n\r\n<style type=\"text\/css\" media=\"screen\">\r\n    .cta-direct-button.new-hover {\r\n        padding: 3px 0 2px;\r\n    }\r\n<\/style><\/span><\/p>\r\n\r\n<h2>H2 Wie genau lauten die Nutzungsbedingungen f\u00fcr die 1xbet Advancebet Funktion?<\/h2>\r\n<p class=\"text-justify\">Die normalen Bedingungen f\u00fcr die Advancebets als <a href=\"https:\/\/bet-bonus.net\/de\/\">Bonus<\/a> bei 1xbet sind die, dass Sie normalerweise sowohl eigenes Geld einsetzen m\u00fcssen als auch parallel das Ihnen zur Verf\u00fcgung gestellte Geld. Dies muss jeweils zu einer Mindestquote von 1,50 geschehen, sofern es nicht anders angegeben wird. Sie geben insgesamt vier Tipps ab. Zwei mit eigenem Geld, zwei mit Advancebets. Es handelt sich ausdr\u00fccklich um Live Wetten, dies ist eine Vorgabe. Die eigenen Tipps sind im Grunde wichtiger, da diese eine Voraussetzung daf\u00fcr bilden, dass auch mit den zus\u00e4tzlichen Wetten ein Gewinn erzielt wird. Geht Ihr eigenes Geld verloren, die Advancebets waren jedoch korrekt und h\u00e4tten zu einem Gewinn gef\u00fchrt, gibt es den zur Verf\u00fcgung gestellten Betrag auf Ihr Konto gebucht. Sind alle Tipps korrekt, lohnt es sich wirklich f\u00fcr Sie. Und waren alle Tipps falsch, haben Sie sowohl Ihr eigenes Geld verloren, als auch den zur Verf\u00fcgung gestellten Betrag.<\/p>\r\n<p class=\"text-justify\"><span style=\"font-weight: 400;\"><div class=\"bonus-table\">\n    <div class=\"col-xs-12\">\n        <div class=\"row\">\n\n<!--            <div class=\"hidden-lg hidden-md hidden-sm col-xs-8 bonus-table-body top-responsive\">-->\n<!---->\n<!--            <\/div>-->\n            <div class=\"col-lg-12 col-md-12 col-sm-12 col-xs-12 bonus-table-body op-table no-padding\">\n                <div class=\"col-lg-3 col-md-4 col-sm-12 col-xs-12 bonus-table-head no-padding\">\n                    <p>Buchmacher<\/p>\n                   <!--  <a class=\"hotfix\" href=\"\" rel=\"nofollow\" target=\"_blank\"><img decoding=\"async\" src=\"<?php\/\/ echo $logo_url; ?>\" class=\"img-responsive\"><\/a> -->\n                    <span class=\"\"><img decoding=\"async\" src=\"\/deutsch\/assets\/logos\/sport\/light-back\/1xbet.png\" width=\"100px\" height=\"auto\" alt=\"1xBet\" \/><\/span>                <\/div>\n                <div class=\"col-lg-2 col-md-2 col-sm-6 col-xs-12 rightBordered borders no-padding\">\n                    <p>BONUS<\/p>\n                    <p class=\"bonus-value max-bonus\">130\u20ac<\/p>\n                <\/div>\n                <div class=\"col-lg-2 col-md-2 col-sm-6 col-xs-6 rightBordered no-padding\">\n                    <p>Prozent<\/p>\n                    <p class=\"bonus-value\">100%<\/p>\n                <\/div>\n                <div class=\"col-lg-2 col-md-2 col-sm-6 col-xs-6 no-padding\">\n                    <p>Bewertung<\/p>\n                    <p class=\"rating-number\">9.8<\/p>\n                <\/div>\n                <div class=\"col-lg-3 col-md-4 col-sm-6 col-xs-12 op-table-button no-padding\">\n                    <p>Zum Anbieter<\/p>\n                     <span class=\"cursored button js-golink button claim-bonus-code\"  onclick=\"OpenGoLink(this);\" data-operator=\"7\" data-bonus=\"3873\"   data-clicks=\"33\"data-type=\"sport\" ><button class=\"hvr-animation multi-line bonus-btn-main-sec\"><span>Jetzt Bonus sichern!<\/span><\/button> <\/span>                 <\/div>\n            <\/div>\n        <\/div>\n    <\/div>\n<\/div>\n        <script type=\"application\/ld+json\">\n    {\n        \"@context\": \"https:\/\/schema.org\/\",\n        \"@type\": \"Review\",\n        \"datePublished\": \"27-06-2018\",\n        \"dateModified\": \"30-10-2022\",\n        \"itemReviewed\":{\n                \"@type\": \"Organization\",\n                \"name\": \"1xBet\",\n                \"image\": \" https:\/\/bet-bonus.net\/de\/deutsch\/assets\/logos\/light-back\/1xbet.png\"\n        },\n         \"author\":{\n                \"@type\": \"Person\",\n                 \"name\": \"bet-bonus.net\/DE\"\n         },\n           \"reviewRating\": {\n                \"ratingValue\": \"9.8\",\n                \"bestRating\": \"10\"\n         }\n    }\n\n\n\n        <\/script>\n        <\/span><\/p>","protected":false},"excerpt":{"rendered":"Die 1xbet Advancebet ist eine Besonderheit. Es handelt sich um einen Bonus, den kein anderer Anbieter von Sportwetten pr\u00e4sentiert. 1xbet selbst beschreibt dieses Angebot als eine neue Variante. Diese Zusatzwette wird auf Grundlage einer Bewertung von potenziellen Einnahmen \u00fcber noch offene Wetten errechnet. Gesetzt werden kann die Advancebet, f\u00fcr die es keinen deutschen Begriff gibt,<a href=\"https:\/\/bet-bonus.net\/de\/advancebet-bonus\/\"> &#8230;<\/a>","protected":false},"author":1,"featured_media":0,"parent":0,"menu_order":0,"comment_status":"closed","ping_status":"closed","template":"","meta":{"footnotes":""},"categories":[],"tags":[],"class_list":["post-31","page","type-page","status-publish","hentry"],"yoast_head":"<!-- This site is optimized with the Yoast SEO plugin v26.7 - https:\/\/yoast.com\/wordpress\/plugins\/seo\/ -->\n<title>1xbet Advancebet Bonus \u00bb direkt mit m\u00f6glichen Gewinnen weiter Wetten!<\/title>\n<meta name=\"robots\" content=\"index, follow, max-snippet:-1, max-image-preview:large, max-video-preview:-1\" \/>\n<link rel=\"canonical\" href=\"https:\/\/bet-bonus.net\/de\/advancebet-bonus\/\" \/>\n<meta property=\"og:locale\" content=\"de_DE\" \/>\n<meta property=\"og:type\" content=\"article\" \/>\n<meta property=\"og:title\" content=\"1xbet Advancebet Bonus \u00bb direkt mit m\u00f6glichen Gewinnen weiter Wetten!\" \/>\n<meta property=\"og:url\" content=\"https:\/\/bet-bonus.net\/de\/advancebet-bonus\/\" \/>\n<meta property=\"og:site_name\" content=\"bet-bonus.net\/DE\" \/>\n<meta property=\"article:modified_time\" content=\"2018-08-14T12:11:46+00:00\" \/>\n<meta name=\"twitter:card\" content=\"summary_large_image\" \/>\n<meta name=\"twitter:label1\" content=\"Gesch\u00e4tzte Lesezeit\" \/>\n\t<meta name=\"twitter:data1\" content=\"3\u00a0Minuten\" \/>\n<script type=\"application\/ld+json\" class=\"yoast-schema-graph\">{\"@context\":\"https:\/\/schema.org\",\"@graph\":[{\"@type\":\"WebPage\",\"@id\":\"https:\/\/bet-bonus.net\/de\/advancebet-bonus\/\",\"url\":\"https:\/\/bet-bonus.net\/de\/advancebet-bonus\/\",\"name\":\"1xbet Advancebet Bonus \u00bb direkt mit m\u00f6glichen Gewinnen weiter Wetten!\",\"isPartOf\":{\"@id\":\"https:\/\/bet-bonus.net\/de\/#website\"},\"datePublished\":\"2018-06-27T11:41:52+00:00\",\"dateModified\":\"2018-08-14T12:11:46+00:00\",\"breadcrumb\":{\"@id\":\"https:\/\/bet-bonus.net\/de\/advancebet-bonus\/#breadcrumb\"},\"inLanguage\":\"de\",\"potentialAction\":[{\"@type\":\"ReadAction\",\"target\":[\"https:\/\/bet-bonus.net\/de\/advancebet-bonus\/\"]}]},{\"@type\":\"BreadcrumbList\",\"@id\":\"https:\/\/bet-bonus.net\/de\/advancebet-bonus\/#breadcrumb\",\"itemListElement\":[{\"@type\":\"ListItem\",\"position\":1,\"name\":\"Home\",\"item\":\"https:\/\/bet-bonus.net\/de\/\"},{\"@type\":\"ListItem\",\"position\":2,\"name\":\"Profitiere von laufenden Wetten - 1xbet stellt den m\u00f6glichen Gewinn vorab zur Verf\u00fcgung\"}]},{\"@type\":\"WebSite\",\"@id\":\"https:\/\/bet-bonus.net\/de\/#website\",\"url\":\"https:\/\/bet-bonus.net\/de\/\",\"name\":\"bet-bonus.net\/DE\",\"description\":\"\",\"potentialAction\":[{\"@type\":\"SearchAction\",\"target\":{\"@type\":\"EntryPoint\",\"urlTemplate\":\"https:\/\/bet-bonus.net\/de\/?s={search_term_string}\"},\"query-input\":{\"@type\":\"PropertyValueSpecification\",\"valueRequired\":true,\"valueName\":\"search_term_string\"}}],\"inLanguage\":\"de\"}]}<\/script>\n<!-- \/ Yoast SEO plugin. -->","yoast_head_json":{"title":"1xbet Advancebet Bonus \u00bb direkt mit m\u00f6glichen Gewinnen weiter Wetten!","robots":{"index":"index","follow":"follow","max-snippet":"max-snippet:-1","max-image-preview":"max-image-preview:large","max-video-preview":"max-video-preview:-1"},"canonical":"https:\/\/bet-bonus.net\/de\/advancebet-bonus\/","og_locale":"de_DE","og_type":"article","og_title":"1xbet Advancebet Bonus \u00bb direkt mit m\u00f6glichen Gewinnen weiter Wetten!","og_url":"https:\/\/bet-bonus.net\/de\/advancebet-bonus\/","og_site_name":"bet-bonus.net\/DE","article_modified_time":"2018-08-14T12:11:46+00:00","twitter_card":"summary_large_image","twitter_misc":{"Gesch\u00e4tzte Lesezeit":"3\u00a0Minuten"},"schema":{"@context":"https:\/\/schema.org","@graph":[{"@type":"WebPage","@id":"https:\/\/bet-bonus.net\/de\/advancebet-bonus\/","url":"https:\/\/bet-bonus.net\/de\/advancebet-bonus\/","name":"1xbet Advancebet Bonus \u00bb direkt mit m\u00f6glichen Gewinnen weiter Wetten!","isPartOf":{"@id":"https:\/\/bet-bonus.net\/de\/#website"},"datePublished":"2018-06-27T11:41:52+00:00","dateModified":"2018-08-14T12:11:46+00:00","breadcrumb":{"@id":"https:\/\/bet-bonus.net\/de\/advancebet-bonus\/#breadcrumb"},"inLanguage":"de","potentialAction":[{"@type":"ReadAction","target":["https:\/\/bet-bonus.net\/de\/advancebet-bonus\/"]}]},{"@type":"BreadcrumbList","@id":"https:\/\/bet-bonus.net\/de\/advancebet-bonus\/#breadcrumb","itemListElement":[{"@type":"ListItem","position":1,"name":"Home","item":"https:\/\/bet-bonus.net\/de\/"},{"@type":"ListItem","position":2,"name":"Profitiere von laufenden Wetten - 1xbet stellt den m\u00f6glichen Gewinn vorab zur Verf\u00fcgung"}]},{"@type":"WebSite","@id":"https:\/\/bet-bonus.net\/de\/#website","url":"https:\/\/bet-bonus.net\/de\/","name":"bet-bonus.net\/DE","description":"","potentialAction":[{"@type":"SearchAction","target":{"@type":"EntryPoint","urlTemplate":"https:\/\/bet-bonus.net\/de\/?s={search_term_string}"},"query-input":{"@type":"PropertyValueSpecification","valueRequired":true,"valueName":"search_term_string"}}],"inLanguage":"de"}]}},"_links":{"self":[{"href":"https:\/\/bet-bonus.net\/de\/wp-json\/wp\/v2\/pages\/31","targetHints":{"allow":["GET"]}}],"collection":[{"href":"https:\/\/bet-bonus.net\/de\/wp-json\/wp\/v2\/pages"}],"about":[{"href":"https:\/\/bet-bonus.net\/de\/wp-json\/wp\/v2\/types\/page"}],"author":[{"embeddable":true,"href":"https:\/\/bet-bonus.net\/de\/wp-json\/wp\/v2\/users\/1"}],"replies":[{"embeddable":true,"href":"https:\/\/bet-bonus.net\/de\/wp-json\/wp\/v2\/comments?post=31"}],"version-history":[{"count":8,"href":"https:\/\/bet-bonus.net\/de\/wp-json\/wp\/v2\/pages\/31\/revisions"}],"predecessor-version":[{"id":784,"href":"https:\/\/bet-bonus.net\/de\/wp-json\/wp\/v2\/pages\/31\/revisions\/784"}],"wp:attachment":[{"href":"https:\/\/bet-bonus.net\/de\/wp-json\/wp\/v2\/media?parent=31"}],"wp:term":[{"taxonomy":"category","embeddable":true,"href":"https:\/\/bet-bonus.net\/de\/wp-json\/wp\/v2\/categories?post=31"},{"taxonomy":"post_tag","embeddable":true,"href":"https:\/\/bet-bonus.net\/de\/wp-json\/wp\/v2\/tags?post=31"}],"curies":[{"name":"wp","href":"https:\/\/api.w.org\/{rel}","templated":true}]}}