{"id":214,"date":"2018-07-10T13:28:38","date_gmt":"2018-07-10T13:28:38","guid":{"rendered":"http:\/\/bet-bonus.net\/de\/?page_id=214"},"modified":"2018-08-10T09:51:53","modified_gmt":"2018-08-10T09:51:53","slug":"1xbet-lotto","status":"publish","type":"page","link":"https:\/\/bet-bonus.net\/de\/1xbet-lotto\/","title":{"rendered":"Lotto Million\u00e4r mit 1xbet - \u00fcber 34 nationale und internationale Lotterien zur Auswahl"},"content":{"rendered":"<p class=\"text-justify\">Lotto ist nicht nur in Deutschland ein beliebtes Spiel. Auch in vielen anderen L\u00e4ndern wird gerne getippt, um einmal der Gl\u00fcckspilz zu sein, der das gro\u00dfe Geld abr\u00e4umt. So scheint es auch nicht verwunderlich zu sein, dass 1xBet einen entsprechenden Bereich auf seiner Anbietet. Hier kann auf diverse Lotterien aus vielen L\u00e4ndern gesetzt werden und die Gewinne k\u00f6nnen in unterschiedlicher H\u00f6he ausfallen. Alles in allem bietet sich hier also die Chance, durch verschiedenen Tipps, schnell zu betr\u00e4chtlichen Geldsummen zu kommen. Doch an welchen Lotterien kann der Spieler eigentlich Teilnehmen? Wie sehen die Konditionen aus und was was muss sonst noch beachtet werden, wenn es um das fr\u00f6hliche Tippvergn\u00fcgen geht? Wir haben an diese Stelle alle wichtigen Informationen zusammengetragen und wollen dem Kunden eine umfassende \u00dcbersicht \u00fcber all seine M\u00f6glichkeiten geben. Am Ende soll die Erkenntnis stehen, was durch Lotto mit 1xBet alles m\u00f6glich ist.<\/p>\r\n<p class=\"text-justify\">\n<style>\n #operator-closed {\n        margin-top: 3em;\n        margin-bottom: 1rem;\n        color: #414141; \n    }\n    .operator-closed-body {\n        min-height: 420px;\n        background-color: #F9F9F9;\n    }\n    #operator-closed .operator-closed-message {\n        display: flex;\n        align-items: center;\n        justify-content: center;\n        font-size: 20px;\n        text-align: center;\n        color: #fff;\n        padding: 1.75em 0.5rem;\n        background: #002E5D;\n        text-shadow: 0 1px 1px rgba(0, 0, 0, 0.3);\n        box-shadow: 0 -4px 0 0 #1a1a1a;\n    }\n    #operator-closed .operator-closed-message b {\n        display: block;\n        font-size: 24px;\n    }\n    .operator-closed-box-container {\n        padding: 40px 30px;\n    }\n    #operator-closed .operator-closed-box {\n        display: flex;\n        flex-direction: column;\n        justify-content: center;\n        align-items: center;\n        background-color: #FFFFFF;\n        box-shadow: 0px 0px 5px #00000024;\n    }\n   \/* #operator-closed .operator-closed-box a:first-of-type {\n        display: flex;\n        justify-content: center;\n        width: 100%;\n        background: #ffffff;\n        border-top: 3px solid #f46613;\n    }*\/\n    #operator-closed img {\n        width: 100px;\n        display: block;\n    }\n    #operator-closed .operator-box-header { \n        display: flex; \n        width: 100%;\n        justify-content: center;\n        background-color: #ECECEC; \n        padding: 13px;\n    }\n    #operator-closed .operator-closed-box-stars {\n        display: flex;\n        flex-wrap: wrap;\n        justify-content: center;\n        padding: 1em 0;\n    }\n    #operator-closed .operator-closed-box-stars span{\n        color: #002E5D;\n        font-size: 36px;\n        line-height: 1.1;\n        text-align: center;\n        width: 100%;\n        font-weight: 900;\n    }\n    #operator-closed .button {\n        text-transform: uppercase;\n        margin-top: 0;\n        margin-bottom: 28px;\n        font-weight: 600;\n        padding: 10px 13px; \n        font-size: 13px; \n        width: 100%;\n    }\n    #operator-closed .button i {\n        font-size: 12px;\n        padding-top: 0;\n    }\n    .claim-bonus-code:hover>.bonus-btn-main-sec {\n        color: #c8102e;\n    }\n    @media ( max-width: 767px ) {\n\n        #operator-closed .operator-closed-message {\n            font-size: 14px;\n        }  \n        #operator-closed .operator-closed-message b {\n            font-size: 17px;\n        }\n        #operator-closed .operator-closed-box {\n            flex-direction: row;\n            flex-wrap: wrap;\n            justify-content: space-around;\n            max-width: 300px;\n            margin-left: auto;\n            margin-right: auto;\n        }\n        #operator-closed .col-lg-4.col-md-6.col-sm-4.col-xs-12:nth-child(3) .operator-closed-box {\n            margin-bottom: 0; \n        }\n        .operator-closed-box-container {\n            padding: 30px 15px;\n        }\n        #operator-closed .operator-closed-box {\n            margin-bottom: 2.5rem; \n        }\n    }\n<\/style>\n<div id=\"operator-closed-wrapper\">\n    <div id=\"operator-closed\" class=\"operator-closed-body\">\n        <div class=\"operator-closed-message \">\n\n            <div><b>Werfen Sie lieber einen Blick auf diese Top Anbieter<\/b>\n                             <\/div>\n        <\/div>\n        \n        <div class=\"row operator-closed-box-container\">\n                            <div class=\"col-lg-4 col-md-6 col-sm-4 col-xs-12\">\n                    <div class=\"operator-closed-box\">\n                        <span class=\"operator-box-header\"><img decoding=\"async\" src=\"\/deutsch\/assets\/logos\/sport\/light-back\/stake-com.png\" width=\"auto\" height=\"auto\" alt=\"Stake.com\" \/><\/span>                        <div class=\"operator-closed-box-stars\">\n                          <span>1000$ <\/span>MAXIMALER BONUS                        <\/div>\n\n                        <div class=\"claim-bonus-code button-bottom\">\n                             <span class=\"cursored button js-golink hvr-animation multi-line bonus-btn-main-sec\"  onclick=\"OpenGoLink(this);\" data-operator=\"885\" data-bonus=\"6895\"   data-clicks=\"37\"data-type=\"sport\" >jetzt registrieren<i class=\"fa fa-chevron-right\" aria-hidden=\"true\"><\/i> <\/span>                         <\/div><!-- \/.claim-bonus-code -->   \n                    <\/div>\n                <\/div>\n                                <div class=\"col-lg-4 col-md-6 col-sm-4 col-xs-12\">\n                    <div class=\"operator-closed-box\">\n                        <span class=\"operator-box-header\"><img decoding=\"async\" src=\"\/deutsch\/assets\/logos\/sport\/light-back\/bwin.png\" width=\"auto\" height=\"auto\" alt=\"Bwin\" \/><\/span>                        <div class=\"operator-closed-box-stars\">\n                          <span>100\u20ac <\/span>MAXIMALER BONUS                        <\/div>\n\n                        <div class=\"claim-bonus-code button-bottom\">\n                             <span class=\"cursored button js-golink hvr-animation multi-line bonus-btn-main-sec\"  onclick=\"OpenGoLink(this);\" data-operator=\"79\" data-bonus=\"4873\"   data-clicks=\"32\"data-type=\"sport\" >jetzt registrieren<i class=\"fa fa-chevron-right\" aria-hidden=\"true\"><\/i> <\/span>                         <\/div><!-- \/.claim-bonus-code -->   \n                    <\/div>\n                <\/div>\n                                <div class=\"col-lg-4 col-md-6 col-sm-4 col-xs-12\">\n                    <div class=\"operator-closed-box\">\n                        <span class=\"operator-box-header\"><img decoding=\"async\" src=\"\/deutsch\/assets\/logos\/sport\/light-back\/mybet.png\" width=\"auto\" height=\"auto\" alt=\"Mybet\" \/><\/span>                        <div class=\"operator-closed-box-stars\">\n                          <span>100\u20ac <\/span>MAXIMALER BONUS                        <\/div>\n\n                        <div class=\"claim-bonus-code button-bottom\">\n                             <span class=\"cursored button js-golink hvr-animation multi-line bonus-btn-main-sec\"  onclick=\"OpenGoLink(this);\" data-operator=\"208\" data-bonus=\"1819\"   data-clicks=\"23\"data-type=\"sport\" >jetzt registrieren<i class=\"fa fa-chevron-right\" aria-hidden=\"true\"><\/i> <\/span>                         <\/div><!-- \/.claim-bonus-code -->   \n                    <\/div>\n                <\/div>\n                        <\/div>\n    <\/div>\n<\/div><\/p>\r\n\r\n<h2>An welchen Lotterien kann man bei 1xbet teilnehmen?<\/h2>\r\n<p class=\"text-justify\"><div class=\"moreHome hideContent\"><\/p>\r\n<p class=\"text-justify\">Die Anzahl der Lotterien, die 1xBet in seinem Portfolio anbietet, ist betr\u00e4chtlich. \u00dcber 34 verschiedenen stehen zur Auswahl und der Spieler ist dabei nicht an Lotterien aus dem eigenen Land gebunden. Hier kann international getippt werden, was den Spa\u00df deutlich vergr\u00f6\u00dfert, aber zugleich auch die Chancen auf einen Gewinn sehr in die H\u00f6he treibt.<\/p>\r\n<p class=\"text-justify\"><img loading=\"lazy\" decoding=\"async\" src=\"http:\/\/bet-bonus.net\/de\/wp-content\/uploads\/sites\/2\/2018\/06\/powerball.jpg\" alt=\"\" width=\"152\" height=\"152\" class=\"alignnone size-full wp-image-219\" srcset=\"https:\/\/bet-bonus.net\/de\/wp-content\/uploads\/sites\/2\/2018\/06\/powerball.jpg 152w, https:\/\/bet-bonus.net\/de\/wp-content\/uploads\/sites\/2\/2018\/06\/powerball-150x150.jpg 150w\" sizes=\"auto, (max-width: 152px) 100vw, 152px\" \/><strong>\u00a0Power Ball<\/strong><\/p>\r\n<p class=\"text-justify\">Eine der beliebtesten Spielarten ist dabei Power Ball. Hier k\u00f6nnen regelm\u00e4\u00dfig h\u00f6here <a href=\"https:\/\/bet-bonus.net\/de\/jackpot-bonus\/\">Jackpots<\/a> bis in den Bereich von 10.000 Euro gewonnen werden. Das Spiel ist International und bietet unz\u00e4hligen Teilnehmern die M\u00f6glichkeit, durch einen einzigen Tipp die eigene Kasse erheblich aufzuf\u00fcllen.<\/p>\r\n<img loading=\"lazy\" decoding=\"async\" src=\"http:\/\/bet-bonus.net\/de\/wp-content\/uploads\/sites\/2\/2018\/06\/euromillions.jpg\" alt=\"\" width=\"152\" height=\"152\" class=\"alignnone size-full wp-image-220\" srcset=\"https:\/\/bet-bonus.net\/de\/wp-content\/uploads\/sites\/2\/2018\/06\/euromillions.jpg 152w, https:\/\/bet-bonus.net\/de\/wp-content\/uploads\/sites\/2\/2018\/06\/euromillions-150x150.jpg 150w\" sizes=\"auto, (max-width: 152px) 100vw, 152px\" \/>\u00a0<strong>Euro Millions<\/strong>\r\n<p class=\"text-justify\">Auch die bekannten Euro Millions sind mit im Programm. Hier kann der Spieler gleich mehrere Gl\u00fcckslose ziehen und somit darauf hoffen, dass der Millionenjackpot ihm zuf\u00e4llt. Die Teilnahme ist dabei sehr intuitiv gestaltet, sodass auch neue Spieler hier nicht erst lange gr\u00fcbeln m\u00fcssen. Sehr sch\u00f6n ist dabei die \u00dcbersicht \u00fcber die diversen Gewinnh\u00f6hen, sodass stets klar ist, was zu welchen Konditionen erhalten werden kann.<\/p>\r\n<img loading=\"lazy\" decoding=\"async\" src=\"http:\/\/bet-bonus.net\/de\/wp-content\/uploads\/sites\/2\/2018\/06\/megamillions.jpg\" alt=\"\" width=\"152\" height=\"152\" class=\"alignnone size-full wp-image-218\" srcset=\"https:\/\/bet-bonus.net\/de\/wp-content\/uploads\/sites\/2\/2018\/06\/megamillions.jpg 152w, https:\/\/bet-bonus.net\/de\/wp-content\/uploads\/sites\/2\/2018\/06\/megamillions-150x150.jpg 150w\" sizes=\"auto, (max-width: 152px) 100vw, 152px\" \/><strong>Mega Millions<\/strong>\r\n<p class=\"text-justify\">Letztlich soll an dieser Stelle auch die Mega Millions nicht unerw\u00e4hnt bleiben, denn hier dreht es sich gleich um Betr\u00e4ge, die bis zu mehrere Millionen Euro ausmachen k\u00f6nnen. Die Teilnahme ist ebenfalls international m\u00f6glich, wobei allerdings bestimmte L\u00e4nder von dieser aus rechtlichen Gr\u00fcnden ausgeschlossen sind. Die Chance hier einen Gewinn zu erzielen kann als sehr gut eingestuft werden, denn grade kleiner Summen werden hier h\u00e4ufig vergeben.<\/p>\r\n<p class=\"text-justify\">Auch der bekannte Euro-Jackpot ist mit Programm wobei hier auch Millionenbetr\u00e4ge m\u00f6glich sind. Die Teilnahme erfolgt dabei \u00fcber ein einfaches System, sodass die Abgabe eines Tipps recht schnell von der Hand geht. Dabei muss man den Anbieter hier durchaus loben, denn die Tipp-Abgabe f\u00e4llt deutlich simpler aus, als dies bei anderen Lotto-Anbietern der Fall ist.<\/p>\r\n<p class=\"text-justify\">Selbstverst\u00e4ndlich darf auch die normale deutsche Lotterie 6 aus 49 nicht fehlen. Das Prinzip ist dabei hinl\u00e4nglich bekannt, und muss demnach nicht weiter erkl\u00e4rt werden. Dennoch erweist sich grade diese Spielweise als sehr beliebt und die User die hier einen Tipp riskieren sind vielf\u00e4ltig, denn anders als bei anderen Anbietern k\u00f6nnen hier auch ausl\u00e4ndische Teilnehmer an der Lotterie partizipieren.<\/p>\r\n<p class=\"text-justify\"><\/div><\/p>\r\n\r\n<h2>Wie kann man an den Lotterien auf 1xbet mitspielen?<\/h2>\r\n<p class=\"text-justify\"><div class=\"moreHome hideContent\"><\/p>\r\n<p class=\"text-justify\">Wer an den Lotterien bei 1xBet teilnehmen will, der muss zuerst ein Konto beim Anbieter er\u00f6ffnen. Dabei werden alle Eins\u00e4tze vom Guthaben des Spielers abgezogen, welches auch f\u00fcr den Rest der Plattform genutzt werden kann. Allerdings gibt es einen bedeutenden Unterschied zu anderen Spielen bei 1xBet. Anders als zum Beispiel bei Sportwetten oder bei den Slots, verbleibt das Geld nicht beim Buchmacher. Dieser stellt hier n\u00e4mlich nur eine Plattform zur Verf\u00fcgung, die Veranstaltung der Lotterie, findet vom Betreiber selbst statt. Daher werden etwaige Hauptgewinne auch nicht unbedingt auf das Spielerkonto ausgezahlt, die Lotteriegesellschaften nehmen zum teil direkt Kontakt mit den Gewinnern auf.<\/p>\r\n<p class=\"text-justify\">Hierdurch ergeben sich einige Vorteile, denn die Spieler m\u00fcssen in vielen F\u00e4llen nicht den Weg einer <a href=\"https:\/\/bet-bonus.net\/de\/1xbet-auszahlung-dauer\/\">Auszahlung<\/a> \u00fcber 1xBet gehen. Allerdings werden auch andere Lotterien angeboten, die direkt \u00fcber den Buchmacher abgerechnet werden. Dies ist vor allem bei russischen Lotterien der Fall, denn hier kann die Auszahlung an ausl\u00e4ndische Teilnehmer nur \u00fcber diesen Weg erfolgen. Zudem muss der Betrag auch gewechselt werden, sodass dies nur \u00fcber den Anbieter erfolgen kann. Die Tippabgabe findet einfach im System von 1xBet in den daf\u00fcr vorgesehenen Feldern vor. Das Ganze dauert in der Regel nicht einmal eine Minute und ist - hier muss man den Buchmacher wirklich loben sehr viel \u00fcbersichtlicher gestaltet, als dies bei vielen anderen Anbietern der Fall ist. Zudem werden alle Tipps in der Historie des Spielers vermerkt, sodass dieser stets die vollst\u00e4ndige \u00dcbersicht \u00fcber alle abgegeben Tipps hat.<\/p>\r\n<p class=\"text-justify\"><\/div><\/p>\r\n<p class=\"text-justify\">\r\n<div class=\"cta-direct-bonus\">\r\n    <div class=\"col-lg-8 col-md-8 col-sm-8 col-xs-12\">\r\n        <div class=\"row\">\r\n            <p class=\"cta-direct-slogan\">\r\n                Sind Sie bereit Ihren Willkommensbonus zu schnappen?            <\/p>\r\n        <\/div>\r\n    <\/div>\r\n    <div class=\"col-lg-4 col-md-4 col-sm-4 col-xs-12\">\r\n        <div class=\"row\">\r\n             <span class=\"cursored button js-golink cta-direct-button hvr-animation new-hover\"  onclick=\"OpenGoLink(this);\" data-operator=\"7\" data-bonus=\"3873\"   data-clicks=\"33\"data-type=\"sport\" ><span>Jetzt direkt zu 1xBet  !<\/span> <\/span> \r\n        <\/div>\r\n    <\/div>\r\n<\/div>\r\n\r\n<style type=\"text\/css\" media=\"screen\">\r\n    .cta-direct-button.new-hover {\r\n        padding: 3px 0 2px;\r\n    }\r\n<\/style><\/p>\r\n\r\n<h2>Fazit 1xbet Lotto - online Lotto spielen die bequeme Art gro\u00df abzur\u00e4umen!<\/h2>\r\n<p class=\"text-justify\"><div class=\"moreHome hideContent\"><\/p>\r\n<p class=\"text-justify\">Lotto bei 1xBet ist eine <a href=\"https:\/\/bet-bonus.net\/de\/erfahrungen\/\">Erfahrung<\/a>, denn nirgendwo sonst kann der Spieler so viele Lotterien wie hier nutzen. Dabei ist das System auch noch einfach zu bedienen, sodass der User kein Genie sein muss, um die Abgabe zu verstehen. Sehr sch\u00f6n ist auch, dass zu allen Lotterien die Gewinnstufen und die daf\u00fcr erforderlichen Anforderungen fein s\u00e4uberlich aufgelistet sind, sodass der User nicht lange r\u00e4tseln muss, was er wann gewinnt. Alles in allem ist lediglich ein Account bei 1xBet notwendig, um an allen Lotterien Teilzunehmen. Somit geht alles sehr schnell von der Hand, denn der Spieler muss keine zus\u00e4tzlichen Anmeldema\u00dfnahmen durchf\u00fchren. Auch die sehr \u00fcbersichtliche Historie aller Tipps kann gelobt werden, denn so wei\u00df der Spieler mit einem Blick immer, wo er sein Geld gesetzt hat. Daher kann die Nutzung der Plattform von 1xBet f\u00fcr Lotto nur empfohlen werden.<\/p>\r\n<p class=\"text-justify\"><\/div><\/p>\r\n<p class=\"text-justify\"><div class=\"bonus-table\">\n    <div class=\"col-xs-12\">\n        <div class=\"row\">\n\n<!--            <div class=\"hidden-lg hidden-md hidden-sm col-xs-8 bonus-table-body top-responsive\">-->\n<!---->\n<!--            <\/div>-->\n            <div class=\"col-lg-12 col-md-12 col-sm-12 col-xs-12 bonus-table-body op-table no-padding\">\n                <div class=\"col-lg-3 col-md-4 col-sm-12 col-xs-12 bonus-table-head no-padding\">\n                    <p>Buchmacher<\/p>\n                   <!--  <a class=\"hotfix\" href=\"\" rel=\"nofollow\" target=\"_blank\"><img decoding=\"async\" src=\"<?php\/\/ echo $logo_url; ?>\" class=\"img-responsive\"><\/a> -->\n                    <span class=\"\"><img decoding=\"async\" src=\"\/deutsch\/assets\/logos\/sport\/light-back\/1xbet.png\" width=\"100px\" height=\"auto\" alt=\"1xBet\" \/><\/span>                <\/div>\n                <div class=\"col-lg-2 col-md-2 col-sm-6 col-xs-12 rightBordered borders no-padding\">\n                    <p>BONUS<\/p>\n                    <p class=\"bonus-value max-bonus\">130\u20ac<\/p>\n                <\/div>\n                <div class=\"col-lg-2 col-md-2 col-sm-6 col-xs-6 rightBordered no-padding\">\n                    <p>Prozent<\/p>\n                    <p class=\"bonus-value\">100%<\/p>\n                <\/div>\n                <div class=\"col-lg-2 col-md-2 col-sm-6 col-xs-6 no-padding\">\n                    <p>Bewertung<\/p>\n                    <p class=\"rating-number\">9.8<\/p>\n                <\/div>\n                <div class=\"col-lg-3 col-md-4 col-sm-6 col-xs-12 op-table-button no-padding\">\n                    <p>Zum Anbieter<\/p>\n                     <span class=\"cursored button js-golink button claim-bonus-code\"  onclick=\"OpenGoLink(this);\" data-operator=\"7\" data-bonus=\"3873\"   data-clicks=\"33\"data-type=\"sport\" ><button class=\"hvr-animation multi-line bonus-btn-main-sec\"><span>Jetzt Bonus sichern!<\/span><\/button> <\/span>                 <\/div>\n            <\/div>\n        <\/div>\n    <\/div>\n<\/div>\n        <script type=\"application\/ld+json\">\n    {\n        \"@context\": \"https:\/\/schema.org\/\",\n        \"@type\": \"Review\",\n        \"datePublished\": \"10-07-2018\",\n        \"dateModified\": \"16-11-2023\",\n        \"itemReviewed\":{\n                \"@type\": \"Organization\",\n                \"name\": \"1xBet\",\n                \"image\": \" https:\/\/bet-bonus.net\/de\/deutsch\/assets\/logos\/light-back\/1xbet.png\"\n        },\n         \"author\":{\n                \"@type\": \"Person\",\n                 \"name\": \"bet-bonus.net\/DE\"\n         },\n           \"reviewRating\": {\n                \"ratingValue\": \"9.8\",\n                \"bestRating\": \"10\"\n         }\n    }\n\n\n\n        <\/script>\n        <\/p>","protected":false},"excerpt":{"rendered":"Lotto ist nicht nur in Deutschland ein beliebtes Spiel. Auch in vielen anderen L\u00e4ndern wird gerne getippt, um einmal der Gl\u00fcckspilz zu sein, der das gro\u00dfe Geld abr\u00e4umt. So scheint es auch nicht verwunderlich zu sein, dass 1xBet einen entsprechenden Bereich auf seiner Anbietet. Hier kann auf diverse Lotterien aus vielen L\u00e4ndern gesetzt werden und<a href=\"https:\/\/bet-bonus.net\/de\/1xbet-lotto\/\"> &#8230;<\/a>","protected":false},"author":1,"featured_media":0,"parent":0,"menu_order":0,"comment_status":"closed","ping_status":"closed","template":"","meta":{"footnotes":""},"categories":[],"tags":[4],"class_list":["post-214","page","type-page","status-publish","hentry","tag-interesting"],"yoast_head":"<!-- This site is optimized with the Yoast SEO plugin v26.7 - https:\/\/yoast.com\/wordpress\/plugins\/seo\/ -->\n<title>1xbet Lotto Angebot April 2026 \u00bb nehme jetzt an 34 Lotterien teil!<\/title>\n<meta name=\"robots\" content=\"index, follow, max-snippet:-1, max-image-preview:large, max-video-preview:-1\" \/>\n<link rel=\"canonical\" href=\"https:\/\/bet-bonus.net\/de\/1xbet-lotto\/\" \/>\n<meta property=\"og:locale\" content=\"de_DE\" \/>\n<meta property=\"og:type\" content=\"article\" \/>\n<meta property=\"og:title\" content=\"1xbet Lotto Angebot April 2026 \u00bb nehme jetzt an 34 Lotterien teil!\" \/>\n<meta property=\"og:url\" content=\"https:\/\/bet-bonus.net\/de\/1xbet-lotto\/\" \/>\n<meta property=\"og:site_name\" content=\"bet-bonus.net\/DE\" \/>\n<meta property=\"article:modified_time\" content=\"2018-08-10T09:51:53+00:00\" \/>\n<meta property=\"og:image\" content=\"http:\/\/bet-bonus.net\/de\/wp-content\/uploads\/sites\/2\/2018\/06\/powerball.jpg\" \/>\n<meta name=\"twitter:card\" content=\"summary_large_image\" \/>\n<meta name=\"twitter:label1\" content=\"Gesch\u00e4tzte Lesezeit\" \/>\n\t<meta name=\"twitter:data1\" content=\"5\u00a0Minuten\" \/>\n<script type=\"application\/ld+json\" class=\"yoast-schema-graph\">{\"@context\":\"https:\/\/schema.org\",\"@graph\":[{\"@type\":\"WebPage\",\"@id\":\"https:\/\/bet-bonus.net\/de\/1xbet-lotto\/\",\"url\":\"https:\/\/bet-bonus.net\/de\/1xbet-lotto\/\",\"name\":\"1xbet Lotto Angebot [month_name] [year] \u00bb nehme jetzt an 34 Lotterien teil!\",\"isPartOf\":{\"@id\":\"https:\/\/bet-bonus.net\/de\/#website\"},\"primaryImageOfPage\":{\"@id\":\"https:\/\/bet-bonus.net\/de\/1xbet-lotto\/#primaryimage\"},\"image\":{\"@id\":\"https:\/\/bet-bonus.net\/de\/1xbet-lotto\/#primaryimage\"},\"thumbnailUrl\":\"http:\/\/bet-bonus.net\/de\/wp-content\/uploads\/sites\/2\/2018\/06\/powerball.jpg\",\"datePublished\":\"2018-07-10T13:28:38+00:00\",\"dateModified\":\"2018-08-10T09:51:53+00:00\",\"breadcrumb\":{\"@id\":\"https:\/\/bet-bonus.net\/de\/1xbet-lotto\/#breadcrumb\"},\"inLanguage\":\"de\",\"potentialAction\":[{\"@type\":\"ReadAction\",\"target\":[\"https:\/\/bet-bonus.net\/de\/1xbet-lotto\/\"]}]},{\"@type\":\"ImageObject\",\"inLanguage\":\"de\",\"@id\":\"https:\/\/bet-bonus.net\/de\/1xbet-lotto\/#primaryimage\",\"url\":\"https:\/\/bet-bonus.net\/de\/wp-content\/uploads\/sites\/2\/2018\/06\/powerball.jpg\",\"contentUrl\":\"https:\/\/bet-bonus.net\/de\/wp-content\/uploads\/sites\/2\/2018\/06\/powerball.jpg\",\"width\":152,\"height\":152},{\"@type\":\"BreadcrumbList\",\"@id\":\"https:\/\/bet-bonus.net\/de\/1xbet-lotto\/#breadcrumb\",\"itemListElement\":[{\"@type\":\"ListItem\",\"position\":1,\"name\":\"Home\",\"item\":\"https:\/\/bet-bonus.net\/de\/\"},{\"@type\":\"ListItem\",\"position\":2,\"name\":\"Lotto Million\u00e4r mit 1xbet - \u00fcber 34 nationale und internationale Lotterien zur Auswahl\"}]},{\"@type\":\"WebSite\",\"@id\":\"https:\/\/bet-bonus.net\/de\/#website\",\"url\":\"https:\/\/bet-bonus.net\/de\/\",\"name\":\"bet-bonus.net\/DE\",\"description\":\"\",\"potentialAction\":[{\"@type\":\"SearchAction\",\"target\":{\"@type\":\"EntryPoint\",\"urlTemplate\":\"https:\/\/bet-bonus.net\/de\/?s={search_term_string}\"},\"query-input\":{\"@type\":\"PropertyValueSpecification\",\"valueRequired\":true,\"valueName\":\"search_term_string\"}}],\"inLanguage\":\"de\"}]}<\/script>\n<!-- \/ Yoast SEO plugin. -->","yoast_head_json":{"title":"1xbet Lotto Angebot April 2026 \u00bb nehme jetzt an 34 Lotterien teil!","robots":{"index":"index","follow":"follow","max-snippet":"max-snippet:-1","max-image-preview":"max-image-preview:large","max-video-preview":"max-video-preview:-1"},"canonical":"https:\/\/bet-bonus.net\/de\/1xbet-lotto\/","og_locale":"de_DE","og_type":"article","og_title":"1xbet Lotto Angebot April 2026 \u00bb nehme jetzt an 34 Lotterien teil!","og_url":"https:\/\/bet-bonus.net\/de\/1xbet-lotto\/","og_site_name":"bet-bonus.net\/DE","article_modified_time":"2018-08-10T09:51:53+00:00","og_image":[{"url":"http:\/\/bet-bonus.net\/de\/wp-content\/uploads\/sites\/2\/2018\/06\/powerball.jpg","type":"","width":"","height":""}],"twitter_card":"summary_large_image","twitter_misc":{"Gesch\u00e4tzte Lesezeit":"5\u00a0Minuten"},"schema":{"@context":"https:\/\/schema.org","@graph":[{"@type":"WebPage","@id":"https:\/\/bet-bonus.net\/de\/1xbet-lotto\/","url":"https:\/\/bet-bonus.net\/de\/1xbet-lotto\/","name":"1xbet Lotto Angebot [month_name] [year] \u00bb nehme jetzt an 34 Lotterien teil!","isPartOf":{"@id":"https:\/\/bet-bonus.net\/de\/#website"},"primaryImageOfPage":{"@id":"https:\/\/bet-bonus.net\/de\/1xbet-lotto\/#primaryimage"},"image":{"@id":"https:\/\/bet-bonus.net\/de\/1xbet-lotto\/#primaryimage"},"thumbnailUrl":"http:\/\/bet-bonus.net\/de\/wp-content\/uploads\/sites\/2\/2018\/06\/powerball.jpg","datePublished":"2018-07-10T13:28:38+00:00","dateModified":"2018-08-10T09:51:53+00:00","breadcrumb":{"@id":"https:\/\/bet-bonus.net\/de\/1xbet-lotto\/#breadcrumb"},"inLanguage":"de","potentialAction":[{"@type":"ReadAction","target":["https:\/\/bet-bonus.net\/de\/1xbet-lotto\/"]}]},{"@type":"ImageObject","inLanguage":"de","@id":"https:\/\/bet-bonus.net\/de\/1xbet-lotto\/#primaryimage","url":"https:\/\/bet-bonus.net\/de\/wp-content\/uploads\/sites\/2\/2018\/06\/powerball.jpg","contentUrl":"https:\/\/bet-bonus.net\/de\/wp-content\/uploads\/sites\/2\/2018\/06\/powerball.jpg","width":152,"height":152},{"@type":"BreadcrumbList","@id":"https:\/\/bet-bonus.net\/de\/1xbet-lotto\/#breadcrumb","itemListElement":[{"@type":"ListItem","position":1,"name":"Home","item":"https:\/\/bet-bonus.net\/de\/"},{"@type":"ListItem","position":2,"name":"Lotto Million\u00e4r mit 1xbet - \u00fcber 34 nationale und internationale Lotterien zur Auswahl"}]},{"@type":"WebSite","@id":"https:\/\/bet-bonus.net\/de\/#website","url":"https:\/\/bet-bonus.net\/de\/","name":"bet-bonus.net\/DE","description":"","potentialAction":[{"@type":"SearchAction","target":{"@type":"EntryPoint","urlTemplate":"https:\/\/bet-bonus.net\/de\/?s={search_term_string}"},"query-input":{"@type":"PropertyValueSpecification","valueRequired":true,"valueName":"search_term_string"}}],"inLanguage":"de"}]}},"_links":{"self":[{"href":"https:\/\/bet-bonus.net\/de\/wp-json\/wp\/v2\/pages\/214","targetHints":{"allow":["GET"]}}],"collection":[{"href":"https:\/\/bet-bonus.net\/de\/wp-json\/wp\/v2\/pages"}],"about":[{"href":"https:\/\/bet-bonus.net\/de\/wp-json\/wp\/v2\/types\/page"}],"author":[{"embeddable":true,"href":"https:\/\/bet-bonus.net\/de\/wp-json\/wp\/v2\/users\/1"}],"replies":[{"embeddable":true,"href":"https:\/\/bet-bonus.net\/de\/wp-json\/wp\/v2\/comments?post=214"}],"version-history":[{"count":10,"href":"https:\/\/bet-bonus.net\/de\/wp-json\/wp\/v2\/pages\/214\/revisions"}],"predecessor-version":[{"id":780,"href":"https:\/\/bet-bonus.net\/de\/wp-json\/wp\/v2\/pages\/214\/revisions\/780"}],"wp:attachment":[{"href":"https:\/\/bet-bonus.net\/de\/wp-json\/wp\/v2\/media?parent=214"}],"wp:term":[{"taxonomy":"category","embeddable":true,"href":"https:\/\/bet-bonus.net\/de\/wp-json\/wp\/v2\/categories?post=214"},{"taxonomy":"post_tag","embeddable":true,"href":"https:\/\/bet-bonus.net\/de\/wp-json\/wp\/v2\/tags?post=214"}],"curies":[{"name":"wp","href":"https:\/\/api.w.org\/{rel}","templated":true}]}}