{"id":178,"date":"2018-06-28T15:11:47","date_gmt":"2018-06-28T15:11:47","guid":{"rendered":"http:\/\/bet-bonus.net\/de\/?page_id=178"},"modified":"2018-08-08T11:46:55","modified_gmt":"2018-08-08T11:46:55","slug":"1xbet-x2-mittwochs-aktion","status":"publish","type":"page","link":"https:\/\/bet-bonus.net\/de\/1xbet-x2-mittwochs-aktion\/","title":{"rendered":"X2 Mittwoch Aktion - wie gewinne ich bis zu 100\u20ac zus\u00e4tzlich bei 1xbet?"},"content":{"rendered":"<p class=\"text-justify\">Der online Buchmacher 1xbet viele besondere Bonusangebote unter den Promoaktionen f\u00fcr seine Kunden bereit bestellt. Hierbei k\u00f6nnen Sie unterschiedliche Aktionen gewinnbringend f\u00fcr Ihr Wettkonto nutzen. Zu den beliebtesten Bonusaktionen unter den Kunden von 1xbet geh\u00f6rt hierzu die bekannte 1xbet X2 Mittwoch Aktion. Hierbei haben Sportwetter bei 1xbet die Chance, sich bis zu 100\u20ac an zus\u00e4tzlichem Guthaben f\u00fcr ihr Wettkonto zu sichern. An dieser Aktion k\u00f6nnen alle Kunden von 1xbet teilnehmen. Egal, ob es sich hierbei um Neukunden oder auch um Bestandskunden handelt. Hierbei k\u00f6nnen s\u00e4mtliche Kunden aus aller Welt teilnehmen. Es Spielt keine Rolle, aus welchem Land die jeweiligen Mitglieder sich bei 1xbet registriert haben.<\/p>\r\n<p class=\"text-justify\">\n<style>\n #operator-closed {\n        margin-top: 3em;\n        margin-bottom: 1rem;\n        color: #414141; \n    }\n    .operator-closed-body {\n        min-height: 420px;\n        background-color: #F9F9F9;\n    }\n    #operator-closed .operator-closed-message {\n        display: flex;\n        align-items: center;\n        justify-content: center;\n        font-size: 20px;\n        text-align: center;\n        color: #fff;\n        padding: 1.75em 0.5rem;\n        background: #002E5D;\n        text-shadow: 0 1px 1px rgba(0, 0, 0, 0.3);\n        box-shadow: 0 -4px 0 0 #1a1a1a;\n    }\n    #operator-closed .operator-closed-message b {\n        display: block;\n        font-size: 24px;\n    }\n    .operator-closed-box-container {\n        padding: 40px 30px;\n    }\n    #operator-closed .operator-closed-box {\n        display: flex;\n        flex-direction: column;\n        justify-content: center;\n        align-items: center;\n        background-color: #FFFFFF;\n        box-shadow: 0px 0px 5px #00000024;\n    }\n   \/* #operator-closed .operator-closed-box a:first-of-type {\n        display: flex;\n        justify-content: center;\n        width: 100%;\n        background: #ffffff;\n        border-top: 3px solid #f46613;\n    }*\/\n    #operator-closed img {\n        width: 100px;\n        display: block;\n    }\n    #operator-closed .operator-box-header { \n        display: flex; \n        width: 100%;\n        justify-content: center;\n        background-color: #ECECEC; \n        padding: 13px;\n    }\n    #operator-closed .operator-closed-box-stars {\n        display: flex;\n        flex-wrap: wrap;\n        justify-content: center;\n        padding: 1em 0;\n    }\n    #operator-closed .operator-closed-box-stars span{\n        color: #002E5D;\n        font-size: 36px;\n        line-height: 1.1;\n        text-align: center;\n        width: 100%;\n        font-weight: 900;\n    }\n    #operator-closed .button {\n        text-transform: uppercase;\n        margin-top: 0;\n        margin-bottom: 28px;\n        font-weight: 600;\n        padding: 10px 13px; \n        font-size: 13px; \n        width: 100%;\n    }\n    #operator-closed .button i {\n        font-size: 12px;\n        padding-top: 0;\n    }\n    .claim-bonus-code:hover>.bonus-btn-main-sec {\n        color: #c8102e;\n    }\n    @media ( max-width: 767px ) {\n\n        #operator-closed .operator-closed-message {\n            font-size: 14px;\n        }  \n        #operator-closed .operator-closed-message b {\n            font-size: 17px;\n        }\n        #operator-closed .operator-closed-box {\n            flex-direction: row;\n            flex-wrap: wrap;\n            justify-content: space-around;\n            max-width: 300px;\n            margin-left: auto;\n            margin-right: auto;\n        }\n        #operator-closed .col-lg-4.col-md-6.col-sm-4.col-xs-12:nth-child(3) .operator-closed-box {\n            margin-bottom: 0; \n        }\n        .operator-closed-box-container {\n            padding: 30px 15px;\n        }\n        #operator-closed .operator-closed-box {\n            margin-bottom: 2.5rem; \n        }\n    }\n<\/style>\n<div id=\"operator-closed-wrapper\">\n    <div id=\"operator-closed\" class=\"operator-closed-body\">\n        <div class=\"operator-closed-message \">\n\n            <div><b>Werfen Sie lieber einen Blick auf diese Top Anbieter<\/b>\n                             <\/div>\n        <\/div>\n        \n        <div class=\"row operator-closed-box-container\">\n                            <div class=\"col-lg-4 col-md-6 col-sm-4 col-xs-12\">\n                    <div class=\"operator-closed-box\">\n                        <span class=\"operator-box-header\"><img decoding=\"async\" src=\"\/deutsch\/assets\/logos\/sport\/light-back\/stake-com.png\" width=\"auto\" height=\"auto\" alt=\"Stake.com\" \/><\/span>                        <div class=\"operator-closed-box-stars\">\n                          <span>1000$ <\/span>MAXIMALER BONUS                        <\/div>\n\n                        <div class=\"claim-bonus-code button-bottom\">\n                             <span class=\"cursored button js-golink hvr-animation multi-line bonus-btn-main-sec\"  onclick=\"OpenGoLink(this);\" data-operator=\"885\" data-bonus=\"6895\"   data-clicks=\"37\"data-type=\"sport\" >jetzt registrieren<i class=\"fa fa-chevron-right\" aria-hidden=\"true\"><\/i> <\/span>                         <\/div><!-- \/.claim-bonus-code -->   \n                    <\/div>\n                <\/div>\n                                <div class=\"col-lg-4 col-md-6 col-sm-4 col-xs-12\">\n                    <div class=\"operator-closed-box\">\n                        <span class=\"operator-box-header\"><img decoding=\"async\" src=\"\/deutsch\/assets\/logos\/sport\/light-back\/bwin.png\" width=\"auto\" height=\"auto\" alt=\"Bwin\" \/><\/span>                        <div class=\"operator-closed-box-stars\">\n                          <span>100\u20ac <\/span>MAXIMALER BONUS                        <\/div>\n\n                        <div class=\"claim-bonus-code button-bottom\">\n                             <span class=\"cursored button js-golink hvr-animation multi-line bonus-btn-main-sec\"  onclick=\"OpenGoLink(this);\" data-operator=\"79\" data-bonus=\"4873\"   data-clicks=\"32\"data-type=\"sport\" >jetzt registrieren<i class=\"fa fa-chevron-right\" aria-hidden=\"true\"><\/i> <\/span>                         <\/div><!-- \/.claim-bonus-code -->   \n                    <\/div>\n                <\/div>\n                                <div class=\"col-lg-4 col-md-6 col-sm-4 col-xs-12\">\n                    <div class=\"operator-closed-box\">\n                        <span class=\"operator-box-header\"><img decoding=\"async\" src=\"\/deutsch\/assets\/logos\/sport\/light-back\/mybet.png\" width=\"auto\" height=\"auto\" alt=\"Mybet\" \/><\/span>                        <div class=\"operator-closed-box-stars\">\n                          <span>100\u20ac <\/span>MAXIMALER BONUS                        <\/div>\n\n                        <div class=\"claim-bonus-code button-bottom\">\n                             <span class=\"cursored button js-golink hvr-animation multi-line bonus-btn-main-sec\"  onclick=\"OpenGoLink(this);\" data-operator=\"208\" data-bonus=\"1819\"   data-clicks=\"23\"data-type=\"sport\" >jetzt registrieren<i class=\"fa fa-chevron-right\" aria-hidden=\"true\"><\/i> <\/span>                         <\/div><!-- \/.claim-bonus-code -->   \n                    <\/div>\n                <\/div>\n                        <\/div>\n    <\/div>\n<\/div><\/p>\r\n\r\n<h2>Die Voraussetzungen f\u00fcr die X2 Mittwoch Aktion<\/h2>\r\n<p class=\"text-justify\">Kunden von 1xbet k\u00f6nnen ganz einfach und simpel an dieser Aktion des Buchmachers teilnehmen. Ein eigenes Konto bei 1xbet ist hierbei nat\u00fcrlich die erste Voraussetzung. Dazu muss an der Lucky Friday Aktion von 1xbet teilgenommen werden, um auch ein Mitspiel an der X2 Mittwoch Aktion des Wettanbieters zu gew\u00e4hrleisten. Danach m\u00fcssen jeweils 5 Wetten am 18.06.18 und zus\u00e4tzlich noch 5 Wetten am 19.06.18 im 1xbet Angebot von <a href=\"https:\/\/bet-bonus.net\/de\/sportwetten\/\">Sportwetten<\/a> platziert werden. Die Mindesteinzahlung bei dieser Bonusaktion von 1xbet liegt bei 1\u20ac. Der entsprechende Betrag wird dann anschlie\u00dfend vom Wettbetreiber direkt nach der Auswertung alle qualifizierenden Wetten gutgeschrieben.<\/p>\r\n<p class=\"text-justify\">\r\n<div class=\"cta-direct-bonus\">\r\n    <div class=\"col-lg-8 col-md-8 col-sm-8 col-xs-12\">\r\n        <div class=\"row\">\r\n            <p class=\"cta-direct-slogan\">\r\n                Sind Sie bereit Ihren Willkommensbonus zu schnappen?            <\/p>\r\n        <\/div>\r\n    <\/div>\r\n    <div class=\"col-lg-4 col-md-4 col-sm-4 col-xs-12\">\r\n        <div class=\"row\">\r\n             <span class=\"cursored button js-golink cta-direct-button hvr-animation new-hover\"  onclick=\"OpenGoLink(this);\" data-operator=\"7\" data-bonus=\"3873\"   data-clicks=\"33\"data-type=\"sport\" ><span>Jetzt direkt zu 1xBet  !<\/span> <\/span> \r\n        <\/div>\r\n    <\/div>\r\n<\/div>\r\n\r\n<style type=\"text\/css\" media=\"screen\">\r\n    .cta-direct-button.new-hover {\r\n        padding: 3px 0 2px;\r\n    }\r\n<\/style><\/p>\r\n\r\n<h2>Weitere wichtige Informationen zur 1xbet Mittwoch Aktion<\/h2>\r\n<p class=\"text-justify\">Diese Aktion ist nur einmal pro Kunde g\u00fcltig. Zuwiderhandlungen k\u00f6nnen zur Stornierung des <a href=\"https:\/\/bet-bonus.net\/de\/\">Bonus<\/a> f\u00fchren. Zudem kann dieses Angebot nur einzeln und nicht zusammen mit anderen Bonusangeboten des Buchmachers verwendet werden. Der verf\u00fcgbare Bonusbetrag wird in der entsprechenden Landesw\u00e4hrung des Kontos gebucht. Diese Aktion von 1xbet ist nicht \u00fcbertragbar und kann nur von jedem Kunden pers\u00f6nlich genutzt werden.<\/p>\r\n<p class=\"text-justify\"><div class=\"bonus-table\">\n    <div class=\"col-xs-12\">\n        <div class=\"row\">\n\n<!--            <div class=\"hidden-lg hidden-md hidden-sm col-xs-8 bonus-table-body top-responsive\">-->\n<!---->\n<!--            <\/div>-->\n            <div class=\"col-lg-12 col-md-12 col-sm-12 col-xs-12 bonus-table-body op-table no-padding\">\n                <div class=\"col-lg-3 col-md-4 col-sm-12 col-xs-12 bonus-table-head no-padding\">\n                    <p>Buchmacher<\/p>\n                   <!--  <a class=\"hotfix\" href=\"\" rel=\"nofollow\" target=\"_blank\"><img decoding=\"async\" src=\"<?php\/\/ echo $logo_url; ?>\" class=\"img-responsive\"><\/a> -->\n                    <span class=\"\"><img decoding=\"async\" src=\"\/deutsch\/assets\/logos\/sport\/light-back\/1xbet.png\" width=\"100px\" height=\"auto\" alt=\"1xBet\" \/><\/span>                <\/div>\n                <div class=\"col-lg-2 col-md-2 col-sm-6 col-xs-12 rightBordered borders no-padding\">\n                    <p>BONUS<\/p>\n                    <p class=\"bonus-value max-bonus\">130\u20ac<\/p>\n                <\/div>\n                <div class=\"col-lg-2 col-md-2 col-sm-6 col-xs-6 rightBordered no-padding\">\n                    <p>Prozent<\/p>\n                    <p class=\"bonus-value\">100%<\/p>\n                <\/div>\n                <div class=\"col-lg-2 col-md-2 col-sm-6 col-xs-6 no-padding\">\n                    <p>Bewertung<\/p>\n                    <p class=\"rating-number\">9.8<\/p>\n                <\/div>\n                <div class=\"col-lg-3 col-md-4 col-sm-6 col-xs-12 op-table-button no-padding\">\n                    <p>Zum Anbieter<\/p>\n                     <span class=\"cursored button js-golink button claim-bonus-code\"  onclick=\"OpenGoLink(this);\" data-operator=\"7\" data-bonus=\"3873\"   data-clicks=\"33\"data-type=\"sport\" ><button class=\"hvr-animation multi-line bonus-btn-main-sec\"><span>Jetzt Bonus sichern!<\/span><\/button> <\/span>                 <\/div>\n            <\/div>\n        <\/div>\n    <\/div>\n<\/div>\n        <script type=\"application\/ld+json\">\n    {\n        \"@context\": \"https:\/\/schema.org\/\",\n        \"@type\": \"Review\",\n        \"datePublished\": \"28-06-2018\",\n        \"dateModified\": \"30-10-2022\",\n        \"itemReviewed\":{\n                \"@type\": \"Organization\",\n                \"name\": \"1xBet\",\n                \"image\": \" https:\/\/bet-bonus.net\/de\/deutsch\/assets\/logos\/light-back\/1xbet.png\"\n        },\n         \"author\":{\n                \"@type\": \"Person\",\n                 \"name\": \"bet-bonus.net\/DE\"\n         },\n           \"reviewRating\": {\n                \"ratingValue\": \"9.8\",\n                \"bestRating\": \"10\"\n         }\n    }\n\n\n\n        <\/script>\n        <\/p>","protected":false},"excerpt":{"rendered":"Der online Buchmacher 1xbet viele besondere Bonusangebote unter den Promoaktionen f\u00fcr seine Kunden bereit bestellt. Hierbei k\u00f6nnen Sie unterschiedliche Aktionen gewinnbringend f\u00fcr Ihr Wettkonto nutzen. Zu den beliebtesten Bonusaktionen unter den Kunden von 1xbet geh\u00f6rt hierzu die bekannte 1xbet X2 Mittwoch Aktion. Hierbei haben Sportwetter bei 1xbet die Chance, sich bis zu 100\u20ac an zus\u00e4tzlichem<a href=\"https:\/\/bet-bonus.net\/de\/1xbet-x2-mittwochs-aktion\/\"> &#8230;<\/a>","protected":false},"author":1,"featured_media":0,"parent":0,"menu_order":0,"comment_status":"closed","ping_status":"closed","template":"","meta":{"footnotes":""},"categories":[],"tags":[4],"class_list":["post-178","page","type-page","status-publish","hentry","tag-interesting"],"yoast_head":"<!-- This site is optimized with the Yoast SEO plugin v26.7 - https:\/\/yoast.com\/wordpress\/plugins\/seo\/ -->\n<title>1xbet X2 Mittwochs Aktion \u00bb Gewinne bis zu 100\u20ac zus\u00e4tzlich!<\/title>\n<meta name=\"robots\" content=\"index, follow, max-snippet:-1, max-image-preview:large, max-video-preview:-1\" \/>\n<link rel=\"canonical\" href=\"https:\/\/bet-bonus.net\/de\/1xbet-x2-mittwochs-aktion\/\" \/>\n<meta property=\"og:locale\" content=\"de_DE\" \/>\n<meta property=\"og:type\" content=\"article\" \/>\n<meta property=\"og:title\" content=\"1xbet X2 Mittwochs Aktion \u00bb Gewinne bis zu 100\u20ac zus\u00e4tzlich!\" \/>\n<meta property=\"og:url\" content=\"https:\/\/bet-bonus.net\/de\/1xbet-x2-mittwochs-aktion\/\" \/>\n<meta property=\"og:site_name\" content=\"bet-bonus.net\/DE\" \/>\n<meta property=\"article:modified_time\" content=\"2018-08-08T11:46:55+00:00\" \/>\n<meta name=\"twitter:card\" content=\"summary_large_image\" \/>\n<meta name=\"twitter:label1\" content=\"Gesch\u00e4tzte Lesezeit\" \/>\n\t<meta name=\"twitter:data1\" content=\"1\u00a0Minute\" \/>\n<script type=\"application\/ld+json\" class=\"yoast-schema-graph\">{\"@context\":\"https:\/\/schema.org\",\"@graph\":[{\"@type\":\"WebPage\",\"@id\":\"https:\/\/bet-bonus.net\/de\/1xbet-x2-mittwochs-aktion\/\",\"url\":\"https:\/\/bet-bonus.net\/de\/1xbet-x2-mittwochs-aktion\/\",\"name\":\"1xbet X2 Mittwochs Aktion \u00bb Gewinne bis zu 100\u20ac zus\u00e4tzlich!\",\"isPartOf\":{\"@id\":\"https:\/\/bet-bonus.net\/de\/#website\"},\"datePublished\":\"2018-06-28T15:11:47+00:00\",\"dateModified\":\"2018-08-08T11:46:55+00:00\",\"breadcrumb\":{\"@id\":\"https:\/\/bet-bonus.net\/de\/1xbet-x2-mittwochs-aktion\/#breadcrumb\"},\"inLanguage\":\"de\",\"potentialAction\":[{\"@type\":\"ReadAction\",\"target\":[\"https:\/\/bet-bonus.net\/de\/1xbet-x2-mittwochs-aktion\/\"]}]},{\"@type\":\"BreadcrumbList\",\"@id\":\"https:\/\/bet-bonus.net\/de\/1xbet-x2-mittwochs-aktion\/#breadcrumb\",\"itemListElement\":[{\"@type\":\"ListItem\",\"position\":1,\"name\":\"Home\",\"item\":\"https:\/\/bet-bonus.net\/de\/\"},{\"@type\":\"ListItem\",\"position\":2,\"name\":\"X2 Mittwoch Aktion - wie gewinne ich bis zu 100\u20ac zus\u00e4tzlich bei 1xbet?\"}]},{\"@type\":\"WebSite\",\"@id\":\"https:\/\/bet-bonus.net\/de\/#website\",\"url\":\"https:\/\/bet-bonus.net\/de\/\",\"name\":\"bet-bonus.net\/DE\",\"description\":\"\",\"potentialAction\":[{\"@type\":\"SearchAction\",\"target\":{\"@type\":\"EntryPoint\",\"urlTemplate\":\"https:\/\/bet-bonus.net\/de\/?s={search_term_string}\"},\"query-input\":{\"@type\":\"PropertyValueSpecification\",\"valueRequired\":true,\"valueName\":\"search_term_string\"}}],\"inLanguage\":\"de\"}]}<\/script>\n<!-- \/ Yoast SEO plugin. -->","yoast_head_json":{"title":"1xbet X2 Mittwochs Aktion \u00bb Gewinne bis zu 100\u20ac zus\u00e4tzlich!","robots":{"index":"index","follow":"follow","max-snippet":"max-snippet:-1","max-image-preview":"max-image-preview:large","max-video-preview":"max-video-preview:-1"},"canonical":"https:\/\/bet-bonus.net\/de\/1xbet-x2-mittwochs-aktion\/","og_locale":"de_DE","og_type":"article","og_title":"1xbet X2 Mittwochs Aktion \u00bb Gewinne bis zu 100\u20ac zus\u00e4tzlich!","og_url":"https:\/\/bet-bonus.net\/de\/1xbet-x2-mittwochs-aktion\/","og_site_name":"bet-bonus.net\/DE","article_modified_time":"2018-08-08T11:46:55+00:00","twitter_card":"summary_large_image","twitter_misc":{"Gesch\u00e4tzte Lesezeit":"1\u00a0Minute"},"schema":{"@context":"https:\/\/schema.org","@graph":[{"@type":"WebPage","@id":"https:\/\/bet-bonus.net\/de\/1xbet-x2-mittwochs-aktion\/","url":"https:\/\/bet-bonus.net\/de\/1xbet-x2-mittwochs-aktion\/","name":"1xbet X2 Mittwochs Aktion \u00bb Gewinne bis zu 100\u20ac zus\u00e4tzlich!","isPartOf":{"@id":"https:\/\/bet-bonus.net\/de\/#website"},"datePublished":"2018-06-28T15:11:47+00:00","dateModified":"2018-08-08T11:46:55+00:00","breadcrumb":{"@id":"https:\/\/bet-bonus.net\/de\/1xbet-x2-mittwochs-aktion\/#breadcrumb"},"inLanguage":"de","potentialAction":[{"@type":"ReadAction","target":["https:\/\/bet-bonus.net\/de\/1xbet-x2-mittwochs-aktion\/"]}]},{"@type":"BreadcrumbList","@id":"https:\/\/bet-bonus.net\/de\/1xbet-x2-mittwochs-aktion\/#breadcrumb","itemListElement":[{"@type":"ListItem","position":1,"name":"Home","item":"https:\/\/bet-bonus.net\/de\/"},{"@type":"ListItem","position":2,"name":"X2 Mittwoch Aktion - wie gewinne ich bis zu 100\u20ac zus\u00e4tzlich bei 1xbet?"}]},{"@type":"WebSite","@id":"https:\/\/bet-bonus.net\/de\/#website","url":"https:\/\/bet-bonus.net\/de\/","name":"bet-bonus.net\/DE","description":"","potentialAction":[{"@type":"SearchAction","target":{"@type":"EntryPoint","urlTemplate":"https:\/\/bet-bonus.net\/de\/?s={search_term_string}"},"query-input":{"@type":"PropertyValueSpecification","valueRequired":true,"valueName":"search_term_string"}}],"inLanguage":"de"}]}},"_links":{"self":[{"href":"https:\/\/bet-bonus.net\/de\/wp-json\/wp\/v2\/pages\/178","targetHints":{"allow":["GET"]}}],"collection":[{"href":"https:\/\/bet-bonus.net\/de\/wp-json\/wp\/v2\/pages"}],"about":[{"href":"https:\/\/bet-bonus.net\/de\/wp-json\/wp\/v2\/types\/page"}],"author":[{"embeddable":true,"href":"https:\/\/bet-bonus.net\/de\/wp-json\/wp\/v2\/users\/1"}],"replies":[{"embeddable":true,"href":"https:\/\/bet-bonus.net\/de\/wp-json\/wp\/v2\/comments?post=178"}],"version-history":[{"count":5,"href":"https:\/\/bet-bonus.net\/de\/wp-json\/wp\/v2\/pages\/178\/revisions"}],"predecessor-version":[{"id":746,"href":"https:\/\/bet-bonus.net\/de\/wp-json\/wp\/v2\/pages\/178\/revisions\/746"}],"wp:attachment":[{"href":"https:\/\/bet-bonus.net\/de\/wp-json\/wp\/v2\/media?parent=178"}],"wp:term":[{"taxonomy":"category","embeddable":true,"href":"https:\/\/bet-bonus.net\/de\/wp-json\/wp\/v2\/categories?post=178"},{"taxonomy":"post_tag","embeddable":true,"href":"https:\/\/bet-bonus.net\/de\/wp-json\/wp\/v2\/tags?post=178"}],"curies":[{"name":"wp","href":"https:\/\/api.w.org\/{rel}","templated":true}]}}