{"id":16,"date":"2018-06-15T11:32:35","date_gmt":"2018-06-15T11:32:35","guid":{"rendered":"http:\/\/bet-bonus.net\/de\/?page_id=16"},"modified":"2018-08-09T12:14:27","modified_gmt":"2018-08-09T12:14:27","slug":"bonus-ohne-einzahlung","status":"publish","type":"page","link":"https:\/\/bet-bonus.net\/de\/bonus-ohne-einzahlung\/","title":{"rendered":"Wettbonus ohne Einzahlung bei 1xbet - <span>kostenloses Startguthaben April 2026<\/span>"},"content":{"rendered":"<p class=\"text-justify\">Der russische Sportwettenanbieter bietet auch seinen Kunden aus Deutschland ein umfangreiches Sportwettenangebot zur Verf\u00fcgung. Bonusangebote sind bei Wettkunden aus aller Welt sehr beliebt und damit m\u00f6chten die Buchmacher ihren Kunden auch eine Freude machen. Dabei ist insbesondere das Thema Wettbonus ohne Einzahlung interessant. Kunden w\u00fcnschen, dass sie den Wettbonus erhalten, ohne dass sie eine gewisse Bedingung, beispielsweise eine Einzahlung t\u00e4tigen, erf\u00fcllen m\u00fcssen. Jedoch bietet diese Option nicht jeder Buchmacher seinen Kunden an Der Buchmacher 1xBet mit seinem Firmensitz in Russland kann derzeit leider nicht diese Option seinen Kunden aus Deutschland zur Verf\u00fcgung stellen. Jedoch hatte 1xBet in der Vergangenheit hin und wieder die Aktion, dass er seinen Kunden 5 Euro Wettbonus schenkte, ohne dass eine Einzahlung Bedingung war. Diese Aktion kann jederzeit wieder aktuell werden. Bis dahin k\u00f6nnen Wettkunden trotzdem von guten Bonusangeboten des Sportwettenanbieters profitieren. Beispielsweise verlost der Sportwettenanbieter Freiwetten, die das Konto bei einer Niederlage wieder f\u00fcllen k\u00f6nnen.<\/p>\r\n<p class=\"text-justify\"><span style=\"font-weight: 400;\">\n<style>\n #operator-closed {\n        margin-top: 3em;\n        margin-bottom: 1rem;\n        color: #414141; \n    }\n    .operator-closed-body {\n        min-height: 420px;\n        background-color: #F9F9F9;\n    }\n    #operator-closed .operator-closed-message {\n        display: flex;\n        align-items: center;\n        justify-content: center;\n        font-size: 20px;\n        text-align: center;\n        color: #fff;\n        padding: 1.75em 0.5rem;\n        background: #002E5D;\n        text-shadow: 0 1px 1px rgba(0, 0, 0, 0.3);\n        box-shadow: 0 -4px 0 0 #1a1a1a;\n    }\n    #operator-closed .operator-closed-message b {\n        display: block;\n        font-size: 24px;\n    }\n    .operator-closed-box-container {\n        padding: 40px 30px;\n    }\n    #operator-closed .operator-closed-box {\n        display: flex;\n        flex-direction: column;\n        justify-content: center;\n        align-items: center;\n        background-color: #FFFFFF;\n        box-shadow: 0px 0px 5px #00000024;\n    }\n   \/* #operator-closed .operator-closed-box a:first-of-type {\n        display: flex;\n        justify-content: center;\n        width: 100%;\n        background: #ffffff;\n        border-top: 3px solid #f46613;\n    }*\/\n    #operator-closed img {\n        width: 100px;\n        display: block;\n    }\n    #operator-closed .operator-box-header { \n        display: flex; \n        width: 100%;\n        justify-content: center;\n        background-color: #ECECEC; \n        padding: 13px;\n    }\n    #operator-closed .operator-closed-box-stars {\n        display: flex;\n        flex-wrap: wrap;\n        justify-content: center;\n        padding: 1em 0;\n    }\n    #operator-closed .operator-closed-box-stars span{\n        color: #002E5D;\n        font-size: 36px;\n        line-height: 1.1;\n        text-align: center;\n        width: 100%;\n        font-weight: 900;\n    }\n    #operator-closed .button {\n        text-transform: uppercase;\n        margin-top: 0;\n        margin-bottom: 28px;\n        font-weight: 600;\n        padding: 10px 13px; \n        font-size: 13px; \n        width: 100%;\n    }\n    #operator-closed .button i {\n        font-size: 12px;\n        padding-top: 0;\n    }\n    .claim-bonus-code:hover>.bonus-btn-main-sec {\n        color: #c8102e;\n    }\n    @media ( max-width: 767px ) {\n\n        #operator-closed .operator-closed-message {\n            font-size: 14px;\n        }  \n        #operator-closed .operator-closed-message b {\n            font-size: 17px;\n        }\n        #operator-closed .operator-closed-box {\n            flex-direction: row;\n            flex-wrap: wrap;\n            justify-content: space-around;\n            max-width: 300px;\n            margin-left: auto;\n            margin-right: auto;\n        }\n        #operator-closed .col-lg-4.col-md-6.col-sm-4.col-xs-12:nth-child(3) .operator-closed-box {\n            margin-bottom: 0; \n        }\n        .operator-closed-box-container {\n            padding: 30px 15px;\n        }\n        #operator-closed .operator-closed-box {\n            margin-bottom: 2.5rem; \n        }\n    }\n<\/style>\n<div id=\"operator-closed-wrapper\">\n    <div id=\"operator-closed\" class=\"operator-closed-body\">\n        <div class=\"operator-closed-message \">\n\n            <div><b>Werfen Sie lieber einen Blick auf diese Top Anbieter<\/b>\n                             <\/div>\n        <\/div>\n        \n        <div class=\"row operator-closed-box-container\">\n                            <div class=\"col-lg-4 col-md-6 col-sm-4 col-xs-12\">\n                    <div class=\"operator-closed-box\">\n                        <span class=\"operator-box-header\"><img decoding=\"async\" src=\"\/deutsch\/assets\/logos\/sport\/light-back\/stake-com.png\" width=\"auto\" height=\"auto\" alt=\"Stake.com\" \/><\/span>                        <div class=\"operator-closed-box-stars\">\n                          <span>1000$ <\/span>MAXIMALER BONUS                        <\/div>\n\n                        <div class=\"claim-bonus-code button-bottom\">\n                             <span class=\"cursored button js-golink hvr-animation multi-line bonus-btn-main-sec\"  onclick=\"OpenGoLink(this);\" data-operator=\"885\" data-bonus=\"6895\"   data-clicks=\"37\"data-type=\"sport\" >jetzt registrieren<i class=\"fa fa-chevron-right\" aria-hidden=\"true\"><\/i> <\/span>                         <\/div><!-- \/.claim-bonus-code -->   \n                    <\/div>\n                <\/div>\n                                <div class=\"col-lg-4 col-md-6 col-sm-4 col-xs-12\">\n                    <div class=\"operator-closed-box\">\n                        <span class=\"operator-box-header\"><img decoding=\"async\" src=\"\/deutsch\/assets\/logos\/sport\/light-back\/bwin.png\" width=\"auto\" height=\"auto\" alt=\"Bwin\" \/><\/span>                        <div class=\"operator-closed-box-stars\">\n                          <span>100\u20ac <\/span>MAXIMALER BONUS                        <\/div>\n\n                        <div class=\"claim-bonus-code button-bottom\">\n                             <span class=\"cursored button js-golink hvr-animation multi-line bonus-btn-main-sec\"  onclick=\"OpenGoLink(this);\" data-operator=\"79\" data-bonus=\"4873\"   data-clicks=\"32\"data-type=\"sport\" >jetzt registrieren<i class=\"fa fa-chevron-right\" aria-hidden=\"true\"><\/i> <\/span>                         <\/div><!-- \/.claim-bonus-code -->   \n                    <\/div>\n                <\/div>\n                                <div class=\"col-lg-4 col-md-6 col-sm-4 col-xs-12\">\n                    <div class=\"operator-closed-box\">\n                        <span class=\"operator-box-header\"><img decoding=\"async\" src=\"\/deutsch\/assets\/logos\/sport\/light-back\/mybet.png\" width=\"auto\" height=\"auto\" alt=\"Mybet\" \/><\/span>                        <div class=\"operator-closed-box-stars\">\n                          <span>100\u20ac <\/span>MAXIMALER BONUS                        <\/div>\n\n                        <div class=\"claim-bonus-code button-bottom\">\n                             <span class=\"cursored button js-golink hvr-animation multi-line bonus-btn-main-sec\"  onclick=\"OpenGoLink(this);\" data-operator=\"208\" data-bonus=\"1819\"   data-clicks=\"23\"data-type=\"sport\" >jetzt registrieren<i class=\"fa fa-chevron-right\" aria-hidden=\"true\"><\/i> <\/span>                         <\/div><!-- \/.claim-bonus-code -->   \n                    <\/div>\n                <\/div>\n                        <\/div>\n    <\/div>\n<\/div><\/span><\/p>\r\n\r\n<h2>1xBet Bonus ohne Einzahlung - was muss man alles dazu wissen?<\/h2>\r\n<p class=\"text-justify\">Der Buchmacher 1xBet gibt seinen Kunden hin und wieder einen Bonus ohne Einzahlung. Der Bonus liegt dann bei 5 Euro. Mit diesem Bonus ohne Einzahlung k\u00f6nnen Wettkunden Wetten abschlie\u00dfen, ohne dass sie eine Einzahlung get\u00e4tigt haben m\u00fcssen. Die einzige Bedingung ist, dass der Einsatz in H\u00f6he von 5 Euro mindestens sieben Mal gesetzt werden muss, bevor das Wettguthaben ausbezahlt werden kann. Jedoch ist derzeit dieses Angebot bei 1xBet nicht verf\u00fcgbar. Der Wettanbieter bietet die Bonus ohne Einzahlung Angebote meistens nur f\u00fcr gewisse Zeitr\u00e4ume seinen Kunden aus Deutschland zur Verf\u00fcgung. Ist dieses Angebot jedoch wieder einmal aktuell, m\u00fcssen Wettkunden den Bonus Code in ein daf\u00fcr vorgesehenes Feld eintragen. W\u00e4hrend das Angebot nicht aktuell ist, k\u00f6nnen Kunden die anderen Bonus und\u00a0<a href=\"https:\/\/bet-bonus.net\/de\/promo-angebote\/\">Promoangebote<\/a> von 1xBet in Anspruch nehmen. Beispielsweise ist der Wettanbieter sehr beliebt, wenn es um den Neukundenbonus geht. Denn Neukunden werden mit 100 % Wettbonus bis zu 100 Euro belohnt. Dieses Angebot gilt zwar nur f\u00fcr Neukunden, jedoch k\u00f6nnen diese bis zu 100 Euro geschenkt bekommen! Dabei brauchen sie sich nicht an komplizierte Bonusbedingungen zu halten. Bei 1xBet m\u00fcssen Neukunden lediglich die Mindesteinzahlung in H\u00f6he von einem Euro t\u00e4tigen. Anschlie\u00dfend erhalten Wettkunden direkt 100 % der eingezahlten Summe auf das Wettkonto.<\/p>\r\n\r\n<h2>Wie erh\u00e4lt man den 1xBet Bonus ohne Einzahlung?<\/h2>\r\n<p class=\"text-justify\">Bietet 1xBet den Bonus ohne Einzahlung seinen Kunden an, m\u00fcssen Wettkunden folgendes tun:<\/p>\r\n\r\n<ul>\r\n \t<li>Der <a href=\"https:\/\/bet-bonus.net\/de\/gutscheincode\/\">Gutscheincode<\/a> f\u00fcr den Bonus ohne Einzahlung muss notiert werden<\/li>\r\n \t<li>Der Wettkunde muss sich bei dem Wettanbieter registrieren<\/li>\r\n \t<li>Der Wettkunde muss in dem Feld \u201eGutscheincode\u201c den Bonuscode eingeben<\/li>\r\n \t<li>Der Wettbonus ohne Einzahlung wird dem Wettkunden anschlie\u00dfend auf das Wettkonto gebucht<\/li>\r\n \t<li>Der Wettkonto kann im n\u00e4chsten Schritt mit dem geschenkten Bonus Wetten abschlie\u00dfen<\/li>\r\n<\/ul>\r\n&nbsp;\r\n<p class=\"text-justify\">Derzeit steht das Angebot deutschen Wettkunden leider nicht zur Verf\u00fcgung. Jedoch kann sich dies jederzeit wieder \u00e4ndern. Wettkunden haben auf der Webseite von 1xBet die M\u00f6glichkeit, sich in den Newsletter einzutragen. Der Wettanbieter verspricht, dass wenn neue Bonusangebote hinzukommen, den Wettkunden sofort dar\u00fcber zu informieren. So k\u00f6nnen Kunden die Zeit abwarten, bis der Bonus ohne Einzahlung wieder angeboten wird. Aber auch andere Bonusangebote h\u00e4lt der Wettanbieter st\u00e4ndig f\u00fcr seine Wettkunden bereit. Diese k\u00f6nnen unter anderem auf der Seite des Anbieters aufgerufen werden oder auch \u00fcber den Newsletter erreicht werden. Wettkunden brauchen f\u00fcr den Newsletter lediglich die E-Mail Adresse einzugeben. Anschlie\u00dfend erhalten Wetter hin und wieder E-Mails mit tollen Neuigkeiten.<\/p>\r\n\r\n<h3>Was f\u00fcr Umsatzbedingungen gelten f\u00fcr den 1xBet Bonus ohne Einzahlung?<\/h3>\r\n<p class=\"text-justify\">Haben sich Kunden entschieden, den Wettbonus ohne Einzahlung in Anspruch zu nehmen, sollten sie sich mit den Umsatzbedingungen vertraut machen. Auch wenn es nicht viele Bedingungen sind, sollte jedoch jeder Wettkunde diese kennen. Denn nur damit kann der Wettkunde vom gro\u00dfz\u00fcgigen Wettangebot von 1xBet profitieren. Die Umsatzbedingungen bei dem Wettbonus ohne Einzahlung sind folgende: Der Kunde muss das Guthaben mindestens sieben Mal f\u00fcr Wetten setzen, bevor dieses in Form von Bargeld von dem Wettkonto ausbezahlt werden kann. Um diesen Bonus zu erhalten, m\u00fcssen Wettkunden ein Konto bei 1xBet besitzen und dort den Bonus Code eingeben. Anschlie\u00dfend wird der Betrag auf dem Wettkonto verbucht. Bei dem Neukundenbonus verh\u00e4lt es sich \u00e4hnlich. Kunden m\u00fcssen sich bei der 1xBet Internetseite registrieren. Bevor sie die erste Wette platzieren, sollten sie eine Einzahlung t\u00e4tigen. \u00dcber welchen Bezahldienstleister dies vorgenommen wird, spielt bei 1xBet keine Rolle. Ist das Wettguthaben auf dem Konto, schenkt der Anbieter 100 % bis zu 100 Euro dazu und verbucht diesen Betrag direkt auf dem Wettkonto. Bei dieser Art von <a href=\"https:\/\/bet-bonus.net\/de\/\">Bonus<\/a> muss der Bonusbetrag mindestens f\u00fcnf Mal in Akkumulator Wetten gesetzt werden, bevor eine Auszahlung beantragt werden kann.<\/p>\r\n<p class=\"text-justify\"><span style=\"font-weight: 400;\">\r\n<div class=\"cta-direct-bonus\">\r\n    <div class=\"col-lg-8 col-md-8 col-sm-8 col-xs-12\">\r\n        <div class=\"row\">\r\n            <p class=\"cta-direct-slogan\">\r\n                Sind Sie bereit Ihren Willkommensbonus zu schnappen?            <\/p>\r\n        <\/div>\r\n    <\/div>\r\n    <div class=\"col-lg-4 col-md-4 col-sm-4 col-xs-12\">\r\n        <div class=\"row\">\r\n             <span class=\"cursored button js-golink cta-direct-button hvr-animation new-hover\"  onclick=\"OpenGoLink(this);\" data-operator=\"7\" data-bonus=\"3873\"   data-clicks=\"33\"data-type=\"sport\" ><span>Jetzt direkt zu 1xBet  !<\/span> <\/span> \r\n        <\/div>\r\n    <\/div>\r\n<\/div>\r\n\r\n<style type=\"text\/css\" media=\"screen\">\r\n    .cta-direct-button.new-hover {\r\n        padding: 3px 0 2px;\r\n    }\r\n<\/style><\/span><\/p>\r\n\r\n<h2>Welche weiteren 1xBet Angebote ohne Einzahlung sind verf\u00fcgbar?<\/h2>\r\n<p class=\"text-justify\">Der Wettanbieter 1xBet bietet seinen Kunden weitere Bonusangebote auf seiner Webseite bereit. Unter anderem bietet 1xBet derzeit die Aktion \u201eLucky Day\u201c. Bei dieser Aktion k\u00f6nnen Wettkunden an einer Lotterie teilnehmen und dadurch Promopunkte gewinnen. T\u00e4glich gibt es eine Ziehung. Bevor an der Ziehung teilgenommen werden kann, m\u00fcssen Wettfreunde leider erst eine Wette platzieren. Diese M\u00f6glichkeit, Promopunkte zu gewinnen, geht leider nicht ohne Einzahlung. Gewinnt der Wettspieler bei dieser Lotterie, werden ihm die Punkte auf dem Wettkonto direkt gutgeschrieben. Durch die Teilnahme an dieser Lotterie k\u00f6nnen Wettkunden Gratiswetten erhalten, wenn sie die Promopunkte gewinnen. Das Wettguthaben kann dann ohne zus\u00e4tzliche Einzahlung f\u00fcr Sportwetten genutzt werden. Zus\u00e4tzlich zu diesem Angebot stellt der Wettanbieter weitere Bonusangebote seinen Wettkunden bereit. Diese wechseln stetig nach aktuellen Ereignisseen. Die Bedingungen sind so unterschiedlich, wie die Bonusangebote es selbst sind. In den meisten F\u00e4llen jedoch, muss ein kleiner Einsatz von mind. Einem Euro get\u00e4tigt werden.<\/p>\r\n\r\n<h2>Fazit zum 1xBet Bonus ohne Einzahlung - wie ist dieser zu bewerten?<\/h2>\r\n<p class=\"text-justify\">Der 1xBet Bonus ohne Einzahlung ist f\u00fcr Wettkunden nicht jederzeit erreichbar. Jedoch ist bei diesem Wettanbieter diese Aktion sehr positiv zu bewerten. Denn es gibt nur sehr einzelne wenige Wettanbieter, die ohne eine Einzahlung einen Wettbonus verschenken. Bei diesem Anbieter ist dies mehrmals pro Jahr m\u00f6glich. Wettkunden, die diese Aktion nicht verpassen m\u00f6chten, k\u00f6nnen sich in den Newsletter eintragen. \u00dcber diesen Newsletter erhalten Wettkunden E-Mails, sobald neue Bonusangebote oder \u00c4nderungen von Bonusangeboten stattfinden. F\u00fcr Wettkunden ist auch der Neukundenbonus eine lukrative Aktion. Denn mit einer Mindesteinzahlung von nur einem Euro k\u00f6nnen Neukunden 100 % Bonus erhalten. Die Mindesteinzahlung in H\u00f6he von nur einem Euro ist im Vergleich zu anderen Sportwettenanbietern aus dem Internet sehr niedrig angesetzt. Zus\u00e4tzlich bietet 1xBet immer wieder wechselnde Bonusangebote bereit, die sich an die aktuellen Ereignissen anpassen. Beispielsweise gibt es lukrative Angebote zur Weltmeisterschaft 2018. Aber auch an einer Lotterie k\u00f6nnen Wettkunden teilnehmen und durch einen Gewinn Gratiswetten erhalten. In der Gesamtbetrachtung f\u00e4llt das Bonusangebot bei 1xBet sehr gro\u00dfz\u00fcgig aus.<\/p>\r\n<p class=\"text-justify\"><span style=\"font-weight: 400;\"><div class=\"bonus-table\">\n    <div class=\"col-xs-12\">\n        <div class=\"row\">\n\n<!--            <div class=\"hidden-lg hidden-md hidden-sm col-xs-8 bonus-table-body top-responsive\">-->\n<!---->\n<!--            <\/div>-->\n            <div class=\"col-lg-12 col-md-12 col-sm-12 col-xs-12 bonus-table-body op-table no-padding\">\n                <div class=\"col-lg-3 col-md-4 col-sm-12 col-xs-12 bonus-table-head no-padding\">\n                    <p>Buchmacher<\/p>\n                   <!--  <a class=\"hotfix\" href=\"\" rel=\"nofollow\" target=\"_blank\"><img decoding=\"async\" src=\"<?php\/\/ echo $logo_url; ?>\" class=\"img-responsive\"><\/a> -->\n                    <span class=\"\"><img decoding=\"async\" src=\"\/deutsch\/assets\/logos\/sport\/light-back\/1xbet.png\" width=\"100px\" height=\"auto\" alt=\"1xBet\" \/><\/span>                <\/div>\n                <div class=\"col-lg-2 col-md-2 col-sm-6 col-xs-12 rightBordered borders no-padding\">\n                    <p>BONUS<\/p>\n                    <p class=\"bonus-value max-bonus\">130\u20ac<\/p>\n                <\/div>\n                <div class=\"col-lg-2 col-md-2 col-sm-6 col-xs-6 rightBordered no-padding\">\n                    <p>Prozent<\/p>\n                    <p class=\"bonus-value\">100%<\/p>\n                <\/div>\n                <div class=\"col-lg-2 col-md-2 col-sm-6 col-xs-6 no-padding\">\n                    <p>Bewertung<\/p>\n                    <p class=\"rating-number\">9.8<\/p>\n                <\/div>\n                <div class=\"col-lg-3 col-md-4 col-sm-6 col-xs-12 op-table-button no-padding\">\n                    <p>Zum Anbieter<\/p>\n                     <span class=\"cursored button js-golink button claim-bonus-code\"  onclick=\"OpenGoLink(this);\" data-operator=\"7\" data-bonus=\"3873\"   data-clicks=\"33\"data-type=\"sport\" ><button class=\"hvr-animation multi-line bonus-btn-main-sec\"><span>Jetzt Bonus sichern!<\/span><\/button> <\/span>                 <\/div>\n            <\/div>\n        <\/div>\n    <\/div>\n<\/div>\n        <script type=\"application\/ld+json\">\n    {\n        \"@context\": \"https:\/\/schema.org\/\",\n        \"@type\": \"Review\",\n        \"datePublished\": \"15-06-2018\",\n        \"dateModified\": \"30-10-2022\",\n        \"itemReviewed\":{\n                \"@type\": \"Organization\",\n                \"name\": \"1xBet\",\n                \"image\": \" https:\/\/bet-bonus.net\/de\/deutsch\/assets\/logos\/light-back\/1xbet.png\"\n        },\n         \"author\":{\n                \"@type\": \"Person\",\n                 \"name\": \"bet-bonus.net\/DE\"\n         },\n           \"reviewRating\": {\n                \"ratingValue\": \"9.8\",\n                \"bestRating\": \"10\"\n         }\n    }\n\n\n\n        <\/script>\n        <\/span><\/p>","protected":false},"excerpt":{"rendered":"Der russische Sportwettenanbieter bietet auch seinen Kunden aus Deutschland ein umfangreiches Sportwettenangebot zur Verf\u00fcgung. Bonusangebote sind bei Wettkunden aus aller Welt sehr beliebt und damit m\u00f6chten die Buchmacher ihren Kunden auch eine Freude machen. Dabei ist insbesondere das Thema Wettbonus ohne Einzahlung interessant. Kunden w\u00fcnschen, dass sie den Wettbonus erhalten, ohne dass sie eine gewisse<a href=\"https:\/\/bet-bonus.net\/de\/bonus-ohne-einzahlung\/\"> &#8230;<\/a>","protected":false},"author":1,"featured_media":0,"parent":0,"menu_order":0,"comment_status":"closed","ping_status":"closed","template":"","meta":{"footnotes":""},"categories":[],"tags":[],"class_list":["post-16","page","type-page","status-publish","hentry"],"yoast_head":"<!-- This site is optimized with the Yoast SEO plugin v26.7 - https:\/\/yoast.com\/wordpress\/plugins\/seo\/ -->\n<title>1xbet Wettbonus ohne Einzahlung \u00bb jetzt kostenloses Guthaben sichern<\/title>\n<meta name=\"robots\" content=\"index, follow, max-snippet:-1, max-image-preview:large, max-video-preview:-1\" \/>\n<link rel=\"canonical\" href=\"https:\/\/bet-bonus.net\/de\/bonus-ohne-einzahlung\/\" \/>\n<meta property=\"og:locale\" content=\"de_DE\" \/>\n<meta property=\"og:type\" content=\"article\" \/>\n<meta property=\"og:title\" content=\"1xbet Wettbonus ohne Einzahlung \u00bb jetzt kostenloses Guthaben sichern\" \/>\n<meta property=\"og:url\" content=\"https:\/\/bet-bonus.net\/de\/bonus-ohne-einzahlung\/\" \/>\n<meta property=\"og:site_name\" content=\"bet-bonus.net\/DE\" \/>\n<meta property=\"article:modified_time\" content=\"2018-08-09T12:14:27+00:00\" \/>\n<meta name=\"twitter:card\" content=\"summary_large_image\" \/>\n<meta name=\"twitter:label1\" content=\"Gesch\u00e4tzte Lesezeit\" \/>\n\t<meta name=\"twitter:data1\" content=\"6\u00a0Minuten\" \/>\n<script type=\"application\/ld+json\" class=\"yoast-schema-graph\">{\"@context\":\"https:\/\/schema.org\",\"@graph\":[{\"@type\":\"WebPage\",\"@id\":\"https:\/\/bet-bonus.net\/de\/bonus-ohne-einzahlung\/\",\"url\":\"https:\/\/bet-bonus.net\/de\/bonus-ohne-einzahlung\/\",\"name\":\"1xbet Wettbonus ohne Einzahlung \u00bb jetzt kostenloses Guthaben sichern\",\"isPartOf\":{\"@id\":\"https:\/\/bet-bonus.net\/de\/#website\"},\"datePublished\":\"2018-06-15T11:32:35+00:00\",\"dateModified\":\"2018-08-09T12:14:27+00:00\",\"breadcrumb\":{\"@id\":\"https:\/\/bet-bonus.net\/de\/bonus-ohne-einzahlung\/#breadcrumb\"},\"inLanguage\":\"de\",\"potentialAction\":[{\"@type\":\"ReadAction\",\"target\":[\"https:\/\/bet-bonus.net\/de\/bonus-ohne-einzahlung\/\"]}]},{\"@type\":\"BreadcrumbList\",\"@id\":\"https:\/\/bet-bonus.net\/de\/bonus-ohne-einzahlung\/#breadcrumb\",\"itemListElement\":[{\"@type\":\"ListItem\",\"position\":1,\"name\":\"Home\",\"item\":\"https:\/\/bet-bonus.net\/de\/\"},{\"@type\":\"ListItem\",\"position\":2,\"name\":\"Wettbonus ohne Einzahlung bei 1xbet - kostenloses Startguthaben Dezember 2021\"}]},{\"@type\":\"WebSite\",\"@id\":\"https:\/\/bet-bonus.net\/de\/#website\",\"url\":\"https:\/\/bet-bonus.net\/de\/\",\"name\":\"bet-bonus.net\/DE\",\"description\":\"\",\"potentialAction\":[{\"@type\":\"SearchAction\",\"target\":{\"@type\":\"EntryPoint\",\"urlTemplate\":\"https:\/\/bet-bonus.net\/de\/?s={search_term_string}\"},\"query-input\":{\"@type\":\"PropertyValueSpecification\",\"valueRequired\":true,\"valueName\":\"search_term_string\"}}],\"inLanguage\":\"de\"}]}<\/script>\n<!-- \/ Yoast SEO plugin. -->","yoast_head_json":{"title":"1xbet Wettbonus ohne Einzahlung \u00bb jetzt kostenloses Guthaben sichern","robots":{"index":"index","follow":"follow","max-snippet":"max-snippet:-1","max-image-preview":"max-image-preview:large","max-video-preview":"max-video-preview:-1"},"canonical":"https:\/\/bet-bonus.net\/de\/bonus-ohne-einzahlung\/","og_locale":"de_DE","og_type":"article","og_title":"1xbet Wettbonus ohne Einzahlung \u00bb jetzt kostenloses Guthaben sichern","og_url":"https:\/\/bet-bonus.net\/de\/bonus-ohne-einzahlung\/","og_site_name":"bet-bonus.net\/DE","article_modified_time":"2018-08-09T12:14:27+00:00","twitter_card":"summary_large_image","twitter_misc":{"Gesch\u00e4tzte Lesezeit":"6\u00a0Minuten"},"schema":{"@context":"https:\/\/schema.org","@graph":[{"@type":"WebPage","@id":"https:\/\/bet-bonus.net\/de\/bonus-ohne-einzahlung\/","url":"https:\/\/bet-bonus.net\/de\/bonus-ohne-einzahlung\/","name":"1xbet Wettbonus ohne Einzahlung \u00bb jetzt kostenloses Guthaben sichern","isPartOf":{"@id":"https:\/\/bet-bonus.net\/de\/#website"},"datePublished":"2018-06-15T11:32:35+00:00","dateModified":"2018-08-09T12:14:27+00:00","breadcrumb":{"@id":"https:\/\/bet-bonus.net\/de\/bonus-ohne-einzahlung\/#breadcrumb"},"inLanguage":"de","potentialAction":[{"@type":"ReadAction","target":["https:\/\/bet-bonus.net\/de\/bonus-ohne-einzahlung\/"]}]},{"@type":"BreadcrumbList","@id":"https:\/\/bet-bonus.net\/de\/bonus-ohne-einzahlung\/#breadcrumb","itemListElement":[{"@type":"ListItem","position":1,"name":"Home","item":"https:\/\/bet-bonus.net\/de\/"},{"@type":"ListItem","position":2,"name":"Wettbonus ohne Einzahlung bei 1xbet - kostenloses Startguthaben Dezember 2021"}]},{"@type":"WebSite","@id":"https:\/\/bet-bonus.net\/de\/#website","url":"https:\/\/bet-bonus.net\/de\/","name":"bet-bonus.net\/DE","description":"","potentialAction":[{"@type":"SearchAction","target":{"@type":"EntryPoint","urlTemplate":"https:\/\/bet-bonus.net\/de\/?s={search_term_string}"},"query-input":{"@type":"PropertyValueSpecification","valueRequired":true,"valueName":"search_term_string"}}],"inLanguage":"de"}]}},"_links":{"self":[{"href":"https:\/\/bet-bonus.net\/de\/wp-json\/wp\/v2\/pages\/16","targetHints":{"allow":["GET"]}}],"collection":[{"href":"https:\/\/bet-bonus.net\/de\/wp-json\/wp\/v2\/pages"}],"about":[{"href":"https:\/\/bet-bonus.net\/de\/wp-json\/wp\/v2\/types\/page"}],"author":[{"embeddable":true,"href":"https:\/\/bet-bonus.net\/de\/wp-json\/wp\/v2\/users\/1"}],"replies":[{"embeddable":true,"href":"https:\/\/bet-bonus.net\/de\/wp-json\/wp\/v2\/comments?post=16"}],"version-history":[{"count":16,"href":"https:\/\/bet-bonus.net\/de\/wp-json\/wp\/v2\/pages\/16\/revisions"}],"predecessor-version":[{"id":764,"href":"https:\/\/bet-bonus.net\/de\/wp-json\/wp\/v2\/pages\/16\/revisions\/764"}],"wp:attachment":[{"href":"https:\/\/bet-bonus.net\/de\/wp-json\/wp\/v2\/media?parent=16"}],"wp:term":[{"taxonomy":"category","embeddable":true,"href":"https:\/\/bet-bonus.net\/de\/wp-json\/wp\/v2\/categories?post=16"},{"taxonomy":"post_tag","embeddable":true,"href":"https:\/\/bet-bonus.net\/de\/wp-json\/wp\/v2\/tags?post=16"}],"curies":[{"name":"wp","href":"https:\/\/api.w.org\/{rel}","templated":true}]}}