{"id":155,"date":"2018-06-28T14:30:18","date_gmt":"2018-06-28T14:30:18","guid":{"rendered":"http:\/\/bet-bonus.net\/de\/?page_id=155"},"modified":"2018-08-08T11:47:50","modified_gmt":"2018-08-08T11:47:50","slug":"1xbet-lucky-day-aktion","status":"publish","type":"page","link":"https:\/\/bet-bonus.net\/de\/1xbet-lucky-day-aktion\/","title":{"rendered":"500 Promotion Punkte mit Wetten bei 1xbet gewinnen - Lucky Day Promo"},"content":{"rendered":"<p class=\"text-justify\">Alle Sportwettenbetreiber machen sich nat\u00fcrlich Gedanken dar\u00fcber, mit welcher Art von Aktion und Promotion sie bei den neuen und bestehenden Kunden neue Motivation und neue Anreize wecken k\u00f6nnen. Dass bei den meisten Anbietern eine Neukundenofferte zur Verf\u00fcgung steht, die alle Kundinnen und Kunden im Rahmen der ersten Anmeldung erhalten, ist kein Geheimnis. Spannend wird es, wenn man sich diejenigen Aktionen ein wenig genauer anschaut, die den bestehenden Kunden der Wettanbieter vorbehalten sind. Hier trennt sich n\u00e4mlich die Spreu vom Weizen: 1xbet ist einer derjenigen Buchmacher, der aber auch f\u00fcr seine Stammkunden viele Aktionen bereith\u00e4lt, die sich zum einen stetig \u00e4ndern und zum anderen nat\u00fcrlich nicht weniger attraktiv als bekannte Neukundenaktionen sind. Erfahren Sie hier alles \u00fcber die 1xbet Lucky Day Promo Aktion.<\/p>\r\n<p class=\"text-justify\">\n<style>\n #operator-closed {\n        margin-top: 3em;\n        margin-bottom: 1rem;\n        color: #414141; \n    }\n    .operator-closed-body {\n        min-height: 420px;\n        background-color: #F9F9F9;\n    }\n    #operator-closed .operator-closed-message {\n        display: flex;\n        align-items: center;\n        justify-content: center;\n        font-size: 20px;\n        text-align: center;\n        color: #fff;\n        padding: 1.75em 0.5rem;\n        background: #002E5D;\n        text-shadow: 0 1px 1px rgba(0, 0, 0, 0.3);\n        box-shadow: 0 -4px 0 0 #1a1a1a;\n    }\n    #operator-closed .operator-closed-message b {\n        display: block;\n        font-size: 24px;\n    }\n    .operator-closed-box-container {\n        padding: 40px 30px;\n    }\n    #operator-closed .operator-closed-box {\n        display: flex;\n        flex-direction: column;\n        justify-content: center;\n        align-items: center;\n        background-color: #FFFFFF;\n        box-shadow: 0px 0px 5px #00000024;\n    }\n   \/* #operator-closed .operator-closed-box a:first-of-type {\n        display: flex;\n        justify-content: center;\n        width: 100%;\n        background: #ffffff;\n        border-top: 3px solid #f46613;\n    }*\/\n    #operator-closed img {\n        width: 100px;\n        display: block;\n    }\n    #operator-closed .operator-box-header { \n        display: flex; \n        width: 100%;\n        justify-content: center;\n        background-color: #ECECEC; \n        padding: 13px;\n    }\n    #operator-closed .operator-closed-box-stars {\n        display: flex;\n        flex-wrap: wrap;\n        justify-content: center;\n        padding: 1em 0;\n    }\n    #operator-closed .operator-closed-box-stars span{\n        color: #002E5D;\n        font-size: 36px;\n        line-height: 1.1;\n        text-align: center;\n        width: 100%;\n        font-weight: 900;\n    }\n    #operator-closed .button {\n        text-transform: uppercase;\n        margin-top: 0;\n        margin-bottom: 28px;\n        font-weight: 600;\n        padding: 10px 13px; \n        font-size: 13px; \n        width: 100%;\n    }\n    #operator-closed .button i {\n        font-size: 12px;\n        padding-top: 0;\n    }\n    .claim-bonus-code:hover>.bonus-btn-main-sec {\n        color: #c8102e;\n    }\n    @media ( max-width: 767px ) {\n\n        #operator-closed .operator-closed-message {\n            font-size: 14px;\n        }  \n        #operator-closed .operator-closed-message b {\n            font-size: 17px;\n        }\n        #operator-closed .operator-closed-box {\n            flex-direction: row;\n            flex-wrap: wrap;\n            justify-content: space-around;\n            max-width: 300px;\n            margin-left: auto;\n            margin-right: auto;\n        }\n        #operator-closed .col-lg-4.col-md-6.col-sm-4.col-xs-12:nth-child(3) .operator-closed-box {\n            margin-bottom: 0; \n        }\n        .operator-closed-box-container {\n            padding: 30px 15px;\n        }\n        #operator-closed .operator-closed-box {\n            margin-bottom: 2.5rem; \n        }\n    }\n<\/style>\n<div id=\"operator-closed-wrapper\">\n    <div id=\"operator-closed\" class=\"operator-closed-body\">\n        <div class=\"operator-closed-message \">\n\n            <div><b>Werfen Sie lieber einen Blick auf diese Top Anbieter<\/b>\n                             <\/div>\n        <\/div>\n        \n        <div class=\"row operator-closed-box-container\">\n                            <div class=\"col-lg-4 col-md-6 col-sm-4 col-xs-12\">\n                    <div class=\"operator-closed-box\">\n                        <span class=\"operator-box-header\"><img decoding=\"async\" src=\"\/deutsch\/assets\/logos\/sport\/light-back\/stake-com.png\" width=\"auto\" height=\"auto\" alt=\"Stake.com\" \/><\/span>                        <div class=\"operator-closed-box-stars\">\n                          <span>1000$ <\/span>MAXIMALER BONUS                        <\/div>\n\n                        <div class=\"claim-bonus-code button-bottom\">\n                             <span class=\"cursored button js-golink hvr-animation multi-line bonus-btn-main-sec\"  onclick=\"OpenGoLink(this);\" data-operator=\"885\" data-bonus=\"6895\"   data-clicks=\"37\"data-type=\"sport\" >jetzt registrieren<i class=\"fa fa-chevron-right\" aria-hidden=\"true\"><\/i> <\/span>                         <\/div><!-- \/.claim-bonus-code -->   \n                    <\/div>\n                <\/div>\n                                <div class=\"col-lg-4 col-md-6 col-sm-4 col-xs-12\">\n                    <div class=\"operator-closed-box\">\n                        <span class=\"operator-box-header\"><img decoding=\"async\" src=\"\/deutsch\/assets\/logos\/sport\/light-back\/bwin.png\" width=\"auto\" height=\"auto\" alt=\"Bwin\" \/><\/span>                        <div class=\"operator-closed-box-stars\">\n                          <span>100\u20ac <\/span>MAXIMALER BONUS                        <\/div>\n\n                        <div class=\"claim-bonus-code button-bottom\">\n                             <span class=\"cursored button js-golink hvr-animation multi-line bonus-btn-main-sec\"  onclick=\"OpenGoLink(this);\" data-operator=\"79\" data-bonus=\"4873\"   data-clicks=\"32\"data-type=\"sport\" >jetzt registrieren<i class=\"fa fa-chevron-right\" aria-hidden=\"true\"><\/i> <\/span>                         <\/div><!-- \/.claim-bonus-code -->   \n                    <\/div>\n                <\/div>\n                                <div class=\"col-lg-4 col-md-6 col-sm-4 col-xs-12\">\n                    <div class=\"operator-closed-box\">\n                        <span class=\"operator-box-header\"><img decoding=\"async\" src=\"\/deutsch\/assets\/logos\/sport\/light-back\/mybet.png\" width=\"auto\" height=\"auto\" alt=\"Mybet\" \/><\/span>                        <div class=\"operator-closed-box-stars\">\n                          <span>100\u20ac <\/span>MAXIMALER BONUS                        <\/div>\n\n                        <div class=\"claim-bonus-code button-bottom\">\n                             <span class=\"cursored button js-golink hvr-animation multi-line bonus-btn-main-sec\"  onclick=\"OpenGoLink(this);\" data-operator=\"208\" data-bonus=\"1819\"   data-clicks=\"23\"data-type=\"sport\" >jetzt registrieren<i class=\"fa fa-chevron-right\" aria-hidden=\"true\"><\/i> <\/span>                         <\/div><!-- \/.claim-bonus-code -->   \n                    <\/div>\n                <\/div>\n                        <\/div>\n    <\/div>\n<\/div><\/p>\r\n\r\n<h2>Wie nimmt man an der 1xbet Lucky Day Promo Aktion teil?<\/h2>\r\n<p class=\"text-justify\">Teilnehmen an der 1xbet Lucky Day <a href=\"https:\/\/bet-bonus.net\/de\/promo-angebote\/\">Promo Angebot<\/a> kann jeder Kunde des Buchmachers. Dabei ist es ganz egal, ob es sich bei Ihnen um einen neuen Kunden handelt oder ob Sie schon l\u00e4nger im Sportwettenangebot des Betreibers dabei sind. 1xbet weist in seinen Aktionsbedingungen allerdings unmissverst\u00e4ndlich darauf hin, dass die Kundinnen und Kunden, die an der Aktion teilnehmen m\u00f6chten, ggf. Unterlagen zur Verifikation der eigenen Person bereithalten und vorlegen k\u00f6nnen m\u00fcssen. Die hier vorgestellte Lucky Day Aktion aus dem Hause 1xbet ist eine Aktion von der Art, die f\u00fcr alle angemeldeten Nutzer von 1xbet eine Verlosung bereith\u00e4lt. In Aussicht stellt der Betreiber 1xbet seinen Kundinnen und Kunden jeden Tags aufs Neue 500 Promopunkte. Der gesamte Pool der zu verlosenden Punkten betr\u00e4gt 50.000 Pupnkte. Somit ergibt sich pro Tag eine Anzahl von 100 Gewinnern. Nat\u00fcrlich muss man sich f\u00fcr die Teilnahme an dieser Aktion qualifizieren. Aber nichts ist einfacher als das: Platzieren Sie einfach eine Wette. So nehmen Sie automatisch an der Promoaktion teil und sichern sich die Chance auf die zus\u00e4tzlichen aktionsgebundenen Promopunkte.<\/p>\r\n<p class=\"text-justify\"><strong>Und so funktioniert's:<\/strong><\/p>\r\n\r\n<ul>\r\n \t<li class=\"text-justify\">Qualifizierende Wette platzieren<\/li>\r\n \t<li class=\"text-justify\">An der Verlosung teilnehmen<\/li>\r\n \t<li class=\"text-justify\">Mit etwas Gl\u00fcck 500 zus\u00e4tzliche Promopunkte sichern<\/li>\r\n<\/ul>\r\n<p class=\"text-justify\">Ob Sie zu den gl\u00fccklichen Gewinnern der Promopunkte geh\u00f6ren, erfahren Sie nach der Ziehung auf der Aktionsseite. Die t\u00e4gliche Ziehung der Gewinner der Lucky Day Promo Aktion von 1xbet findet t\u00e4glich um 20 Uhr statt. Geh\u00f6ren Sie zu den Gewinnern? Dann gedulden Sie sich maximal weitere 24 Stunden. Solange kann es n\u00e4mlich ggf. dauern, bis die Promopunkte auf Ihrem Konto verbucht sind.<\/p>\r\n<p class=\"text-justify\">\r\n<div class=\"cta-direct-bonus\">\r\n    <div class=\"col-lg-8 col-md-8 col-sm-8 col-xs-12\">\r\n        <div class=\"row\">\r\n            <p class=\"cta-direct-slogan\">\r\n                Sind Sie bereit Ihren Willkommensbonus zu schnappen?            <\/p>\r\n        <\/div>\r\n    <\/div>\r\n    <div class=\"col-lg-4 col-md-4 col-sm-4 col-xs-12\">\r\n        <div class=\"row\">\r\n             <span class=\"cursored button js-golink cta-direct-button hvr-animation new-hover\"  onclick=\"OpenGoLink(this);\" data-operator=\"7\" data-bonus=\"3873\"   data-clicks=\"33\"data-type=\"sport\" ><span>Jetzt direkt zu 1xBet  !<\/span> <\/span> \r\n        <\/div>\r\n    <\/div>\r\n<\/div>\r\n\r\n<style type=\"text\/css\" media=\"screen\">\r\n    .cta-direct-button.new-hover {\r\n        padding: 3px 0 2px;\r\n    }\r\n<\/style><\/p>\r\n\r\n<h2>Wie gewinnt man bei der 1xbet Lucky Day Promo Aktion?<\/h2>\r\n<p class=\"text-justify\">Die 1xbet Lucky Day Promo Aktion ist eine Kundenaktion die auf reinem Gl\u00fcck basiert: Sie k\u00f6nnen die Wahrscheinlichkeit, zu den Gewinnern zu geh\u00f6ren, nicht aktiv beeinflussen. Durch die Platzierung Ihrer qualifizierenden <a href=\"https:\/\/bet-bonus.net\/de\/sportwetten\/\">Sportwette<\/a> wird Ihre Benutzernummer automatisch zur Verlosung freigeschaltet und Sie nehmen an dem besagten Tag an der Aktion teil. Pro Tag und Verlosung gibt es insgesamt 100 gl\u00fcckliche Gewinner.<\/p>\r\n\r\n<h2>Gibt es bestimmte Ausschlussbedingungen der Teilnahme an 1xbet Lucky Day?<\/h2>\r\n<p class=\"text-justify\">Ausschlussbedingungen bedeutet, dass Kunden eines Anbieters unter bestimmten Umst\u00e4nden von einer Aktion oder Verg\u00fcnstigung ausgeschlossen werden und nicht teilnehmen d\u00fcrfen. Da bei der 1xbet Lucky Day Promo ohnehin jede Person nur einmal pro Tag mit einer Losnummer teilnehmen kann, gibt es keine Ausschlussbedingungen, die ggf. von der Teilnahme disqualifizieren k\u00f6nnten. Dennoch sollten alle Teilnehmer an dieser Aktion sehr wohl wissen, dass die <a href=\"https:\/\/bet-bonus.net\/de\/agb\/\">allgemeinen Gesch\u00e4ftsbedingungen<\/a> des Anbieters 1xbet auch f\u00fcr diese Aktion uneingeschr\u00e4nkt gelten. Bei missbr\u00e4uchlichen Aktivit\u00e4ten, die der Anbieter 1xbet als solche einstuft, beh\u00e4lt sich der Buchmacher 1xbet au\u00dferdem die Recht vor, Kunden von der Aktion auszuschlie\u00dfen. Auch eine R\u00fcckforderung der Promopunkte ist in diesem Fall m\u00f6glich.<\/p>\r\n<p class=\"text-justify\">1xbet hat das Recht, die Identit\u00e4t der seiner Nutzer stichprobenartig zu \u00fcberpr\u00fcfen, wenn die Nutzer an den Aktionen des Anbieters teilnehmen m\u00f6chten. F\u00fcr die Verifikation sind einige Unterlagen notwendig, die durch den Kunden an den Support geschickt werden m\u00fcssen. Kommen die Kundinnen und Kunden der Aufforderung der Verifikation durch 1xbet nicht nach, ist der Betreiber berechtigt, Boni zur\u00fcckzufordern, Auszahlungen einzubehalten und Nutzer zuk\u00fcnftig von weiteren Aktionen und Promotionen, die in Verbindung mit Verg\u00fcnstigungen stehen, auszuschlie\u00dfen.<\/p>\r\n<p class=\"text-justify\"><div class=\"bonus-table\">\n    <div class=\"col-xs-12\">\n        <div class=\"row\">\n\n<!--            <div class=\"hidden-lg hidden-md hidden-sm col-xs-8 bonus-table-body top-responsive\">-->\n<!---->\n<!--            <\/div>-->\n            <div class=\"col-lg-12 col-md-12 col-sm-12 col-xs-12 bonus-table-body op-table no-padding\">\n                <div class=\"col-lg-3 col-md-4 col-sm-12 col-xs-12 bonus-table-head no-padding\">\n                    <p>Buchmacher<\/p>\n                   <!--  <a class=\"hotfix\" href=\"\" rel=\"nofollow\" target=\"_blank\"><img decoding=\"async\" src=\"<?php\/\/ echo $logo_url; ?>\" class=\"img-responsive\"><\/a> -->\n                    <span class=\"\"><img decoding=\"async\" src=\"\/deutsch\/assets\/logos\/sport\/light-back\/1xbet.png\" width=\"100px\" height=\"auto\" alt=\"1xBet\" \/><\/span>                <\/div>\n                <div class=\"col-lg-2 col-md-2 col-sm-6 col-xs-12 rightBordered borders no-padding\">\n                    <p>BONUS<\/p>\n                    <p class=\"bonus-value max-bonus\">130\u20ac<\/p>\n                <\/div>\n                <div class=\"col-lg-2 col-md-2 col-sm-6 col-xs-6 rightBordered no-padding\">\n                    <p>Prozent<\/p>\n                    <p class=\"bonus-value\">100%<\/p>\n                <\/div>\n                <div class=\"col-lg-2 col-md-2 col-sm-6 col-xs-6 no-padding\">\n                    <p>Bewertung<\/p>\n                    <p class=\"rating-number\">9.8<\/p>\n                <\/div>\n                <div class=\"col-lg-3 col-md-4 col-sm-6 col-xs-12 op-table-button no-padding\">\n                    <p>Zum Anbieter<\/p>\n                     <span class=\"cursored button js-golink button claim-bonus-code\"  onclick=\"OpenGoLink(this);\" data-operator=\"7\" data-bonus=\"3873\"   data-clicks=\"33\"data-type=\"sport\" ><button class=\"hvr-animation multi-line bonus-btn-main-sec\"><span>Jetzt Bonus sichern!<\/span><\/button> <\/span>                 <\/div>\n            <\/div>\n        <\/div>\n    <\/div>\n<\/div>\n        <script type=\"application\/ld+json\">\n    {\n        \"@context\": \"https:\/\/schema.org\/\",\n        \"@type\": \"Review\",\n        \"datePublished\": \"28-06-2018\",\n        \"dateModified\": \"30-10-2022\",\n        \"itemReviewed\":{\n                \"@type\": \"Organization\",\n                \"name\": \"1xBet\",\n                \"image\": \" https:\/\/bet-bonus.net\/de\/deutsch\/assets\/logos\/light-back\/1xbet.png\"\n        },\n         \"author\":{\n                \"@type\": \"Person\",\n                 \"name\": \"bet-bonus.net\/DE\"\n         },\n           \"reviewRating\": {\n                \"ratingValue\": \"9.8\",\n                \"bestRating\": \"10\"\n         }\n    }\n\n\n\n        <\/script>\n        <\/p>","protected":false},"excerpt":{"rendered":"Alle Sportwettenbetreiber machen sich nat\u00fcrlich Gedanken dar\u00fcber, mit welcher Art von Aktion und Promotion sie bei den neuen und bestehenden Kunden neue Motivation und neue Anreize wecken k\u00f6nnen. Dass bei den meisten Anbietern eine Neukundenofferte zur Verf\u00fcgung steht, die alle Kundinnen und Kunden im Rahmen der ersten Anmeldung erhalten, ist kein Geheimnis. Spannend wird es,<a href=\"https:\/\/bet-bonus.net\/de\/1xbet-lucky-day-aktion\/\"> &#8230;<\/a>","protected":false},"author":1,"featured_media":0,"parent":0,"menu_order":0,"comment_status":"closed","ping_status":"closed","template":"","meta":{"footnotes":""},"categories":[],"tags":[4],"class_list":["post-155","page","type-page","status-publish","hentry","tag-interesting"],"yoast_head":"<!-- This site is optimized with the Yoast SEO plugin v26.7 - https:\/\/yoast.com\/wordpress\/plugins\/seo\/ -->\n<title>1xbet Lucky Day Promo \u00bb Wetten &amp; Gewinne t\u00e4glich 500 Promo Punkte<\/title>\n<meta name=\"robots\" content=\"index, follow, max-snippet:-1, max-image-preview:large, max-video-preview:-1\" \/>\n<link rel=\"canonical\" href=\"https:\/\/bet-bonus.net\/de\/1xbet-lucky-day-aktion\/\" \/>\n<meta property=\"og:locale\" content=\"de_DE\" \/>\n<meta property=\"og:type\" content=\"article\" \/>\n<meta property=\"og:title\" content=\"1xbet Lucky Day Promo \u00bb Wetten &amp; Gewinne t\u00e4glich 500 Promo Punkte\" \/>\n<meta property=\"og:url\" content=\"https:\/\/bet-bonus.net\/de\/1xbet-lucky-day-aktion\/\" \/>\n<meta property=\"og:site_name\" content=\"bet-bonus.net\/DE\" \/>\n<meta property=\"article:modified_time\" content=\"2018-08-08T11:47:50+00:00\" \/>\n<meta name=\"twitter:card\" content=\"summary_large_image\" \/>\n<meta name=\"twitter:label1\" content=\"Gesch\u00e4tzte Lesezeit\" \/>\n\t<meta name=\"twitter:data1\" content=\"4\u00a0Minuten\" \/>\n<script type=\"application\/ld+json\" class=\"yoast-schema-graph\">{\"@context\":\"https:\/\/schema.org\",\"@graph\":[{\"@type\":\"WebPage\",\"@id\":\"https:\/\/bet-bonus.net\/de\/1xbet-lucky-day-aktion\/\",\"url\":\"https:\/\/bet-bonus.net\/de\/1xbet-lucky-day-aktion\/\",\"name\":\"1xbet Lucky Day Promo \u00bb Wetten & Gewinne t\u00e4glich 500 Promo Punkte\",\"isPartOf\":{\"@id\":\"https:\/\/bet-bonus.net\/de\/#website\"},\"datePublished\":\"2018-06-28T14:30:18+00:00\",\"dateModified\":\"2018-08-08T11:47:50+00:00\",\"breadcrumb\":{\"@id\":\"https:\/\/bet-bonus.net\/de\/1xbet-lucky-day-aktion\/#breadcrumb\"},\"inLanguage\":\"de\",\"potentialAction\":[{\"@type\":\"ReadAction\",\"target\":[\"https:\/\/bet-bonus.net\/de\/1xbet-lucky-day-aktion\/\"]}]},{\"@type\":\"BreadcrumbList\",\"@id\":\"https:\/\/bet-bonus.net\/de\/1xbet-lucky-day-aktion\/#breadcrumb\",\"itemListElement\":[{\"@type\":\"ListItem\",\"position\":1,\"name\":\"Home\",\"item\":\"https:\/\/bet-bonus.net\/de\/\"},{\"@type\":\"ListItem\",\"position\":2,\"name\":\"500 Promotion Punkte mit Wetten bei 1xbet gewinnen - Lucky Day Promo\"}]},{\"@type\":\"WebSite\",\"@id\":\"https:\/\/bet-bonus.net\/de\/#website\",\"url\":\"https:\/\/bet-bonus.net\/de\/\",\"name\":\"bet-bonus.net\/DE\",\"description\":\"\",\"potentialAction\":[{\"@type\":\"SearchAction\",\"target\":{\"@type\":\"EntryPoint\",\"urlTemplate\":\"https:\/\/bet-bonus.net\/de\/?s={search_term_string}\"},\"query-input\":{\"@type\":\"PropertyValueSpecification\",\"valueRequired\":true,\"valueName\":\"search_term_string\"}}],\"inLanguage\":\"de\"}]}<\/script>\n<!-- \/ Yoast SEO plugin. -->","yoast_head_json":{"title":"1xbet Lucky Day Promo \u00bb Wetten & Gewinne t\u00e4glich 500 Promo Punkte","robots":{"index":"index","follow":"follow","max-snippet":"max-snippet:-1","max-image-preview":"max-image-preview:large","max-video-preview":"max-video-preview:-1"},"canonical":"https:\/\/bet-bonus.net\/de\/1xbet-lucky-day-aktion\/","og_locale":"de_DE","og_type":"article","og_title":"1xbet Lucky Day Promo \u00bb Wetten & Gewinne t\u00e4glich 500 Promo Punkte","og_url":"https:\/\/bet-bonus.net\/de\/1xbet-lucky-day-aktion\/","og_site_name":"bet-bonus.net\/DE","article_modified_time":"2018-08-08T11:47:50+00:00","twitter_card":"summary_large_image","twitter_misc":{"Gesch\u00e4tzte Lesezeit":"4\u00a0Minuten"},"schema":{"@context":"https:\/\/schema.org","@graph":[{"@type":"WebPage","@id":"https:\/\/bet-bonus.net\/de\/1xbet-lucky-day-aktion\/","url":"https:\/\/bet-bonus.net\/de\/1xbet-lucky-day-aktion\/","name":"1xbet Lucky Day Promo \u00bb Wetten & Gewinne t\u00e4glich 500 Promo Punkte","isPartOf":{"@id":"https:\/\/bet-bonus.net\/de\/#website"},"datePublished":"2018-06-28T14:30:18+00:00","dateModified":"2018-08-08T11:47:50+00:00","breadcrumb":{"@id":"https:\/\/bet-bonus.net\/de\/1xbet-lucky-day-aktion\/#breadcrumb"},"inLanguage":"de","potentialAction":[{"@type":"ReadAction","target":["https:\/\/bet-bonus.net\/de\/1xbet-lucky-day-aktion\/"]}]},{"@type":"BreadcrumbList","@id":"https:\/\/bet-bonus.net\/de\/1xbet-lucky-day-aktion\/#breadcrumb","itemListElement":[{"@type":"ListItem","position":1,"name":"Home","item":"https:\/\/bet-bonus.net\/de\/"},{"@type":"ListItem","position":2,"name":"500 Promotion Punkte mit Wetten bei 1xbet gewinnen - Lucky Day Promo"}]},{"@type":"WebSite","@id":"https:\/\/bet-bonus.net\/de\/#website","url":"https:\/\/bet-bonus.net\/de\/","name":"bet-bonus.net\/DE","description":"","potentialAction":[{"@type":"SearchAction","target":{"@type":"EntryPoint","urlTemplate":"https:\/\/bet-bonus.net\/de\/?s={search_term_string}"},"query-input":{"@type":"PropertyValueSpecification","valueRequired":true,"valueName":"search_term_string"}}],"inLanguage":"de"}]}},"_links":{"self":[{"href":"https:\/\/bet-bonus.net\/de\/wp-json\/wp\/v2\/pages\/155","targetHints":{"allow":["GET"]}}],"collection":[{"href":"https:\/\/bet-bonus.net\/de\/wp-json\/wp\/v2\/pages"}],"about":[{"href":"https:\/\/bet-bonus.net\/de\/wp-json\/wp\/v2\/types\/page"}],"author":[{"embeddable":true,"href":"https:\/\/bet-bonus.net\/de\/wp-json\/wp\/v2\/users\/1"}],"replies":[{"embeddable":true,"href":"https:\/\/bet-bonus.net\/de\/wp-json\/wp\/v2\/comments?post=155"}],"version-history":[{"count":7,"href":"https:\/\/bet-bonus.net\/de\/wp-json\/wp\/v2\/pages\/155\/revisions"}],"predecessor-version":[{"id":747,"href":"https:\/\/bet-bonus.net\/de\/wp-json\/wp\/v2\/pages\/155\/revisions\/747"}],"wp:attachment":[{"href":"https:\/\/bet-bonus.net\/de\/wp-json\/wp\/v2\/media?parent=155"}],"wp:term":[{"taxonomy":"category","embeddable":true,"href":"https:\/\/bet-bonus.net\/de\/wp-json\/wp\/v2\/categories?post=155"},{"taxonomy":"post_tag","embeddable":true,"href":"https:\/\/bet-bonus.net\/de\/wp-json\/wp\/v2\/tags?post=155"}],"curies":[{"name":"wp","href":"https:\/\/api.w.org\/{rel}","templated":true}]}}