{"id":147,"date":"2018-06-28T13:33:48","date_gmt":"2018-06-28T13:33:48","guid":{"rendered":"http:\/\/bet-bonus.net\/de\/?page_id=147"},"modified":"2018-08-08T11:05:00","modified_gmt":"2018-08-08T11:05:00","slug":"wettsteuer","status":"publish","type":"page","link":"https:\/\/bet-bonus.net\/de\/wettsteuer\/","title":{"rendered":"Mehr Geld auf dem 1xbet Kundenkonto - <span>garantiert keine 5% Wettsteuer<\/span>"},"content":{"rendered":"<p class=\"text-justify\">Am 01.07.2012 wurde die Wettsteuer zur H\u00f6he von 5% in Deutschland per Gesetz eingef\u00fchrt. Von dieser gesetzlichen Neuregelung sind alle Wettanbieter in Deutschland und deren Kunden, die in Deutschland gemeldet sind, betroffen. W\u00e4hrend viele Wettanbieter die Wettsteuer zur H\u00f6he von 5% an ihre Kunden weitergeben, gibt es nach wie vor einige Wettanbieter, die die Steuer komplett oder zumindest teilweise f\u00fcr ihre Kunden \u00fcbernehmen. Da Wettfans mit ihren Sportwetten nat\u00fcrlich h\u00f6chstm\u00f6gliche Gewinne erzielen m\u00f6chten, kann es daher gerade im Falle von regelm\u00e4\u00dfigen Wetteins\u00e4tzen oder von einer professionellen Wettt\u00e4tigkeit als High Roller sinnvoll sein, gezielt nach einem Anbieter zu suchen, der die Wettsteuer entweder stellvertretend f\u00fcr seine Kunden komplett zahlt oder diese immerhin zum Teil \u00fcbernimmt. Bei dem Wettanbieter 1xbet handelt es sich um einen Wettanbieter, der die Wettsteuer nicht erhebt. Die m\u00f6glichen Reingewinne fallen f\u00fcr Kunden bei diesem Anbieter also h\u00f6her aus.<\/p>\r\n<p class=\"text-justify\">\n<style>\n #operator-closed {\n        margin-top: 3em;\n        margin-bottom: 1rem;\n        color: #414141; \n    }\n    .operator-closed-body {\n        min-height: 420px;\n        background-color: #F9F9F9;\n    }\n    #operator-closed .operator-closed-message {\n        display: flex;\n        align-items: center;\n        justify-content: center;\n        font-size: 20px;\n        text-align: center;\n        color: #fff;\n        padding: 1.75em 0.5rem;\n        background: #002E5D;\n        text-shadow: 0 1px 1px rgba(0, 0, 0, 0.3);\n        box-shadow: 0 -4px 0 0 #1a1a1a;\n    }\n    #operator-closed .operator-closed-message b {\n        display: block;\n        font-size: 24px;\n    }\n    .operator-closed-box-container {\n        padding: 40px 30px;\n    }\n    #operator-closed .operator-closed-box {\n        display: flex;\n        flex-direction: column;\n        justify-content: center;\n        align-items: center;\n        background-color: #FFFFFF;\n        box-shadow: 0px 0px 5px #00000024;\n    }\n   \/* #operator-closed .operator-closed-box a:first-of-type {\n        display: flex;\n        justify-content: center;\n        width: 100%;\n        background: #ffffff;\n        border-top: 3px solid #f46613;\n    }*\/\n    #operator-closed img {\n        width: 100px;\n        display: block;\n    }\n    #operator-closed .operator-box-header { \n        display: flex; \n        width: 100%;\n        justify-content: center;\n        background-color: #ECECEC; \n        padding: 13px;\n    }\n    #operator-closed .operator-closed-box-stars {\n        display: flex;\n        flex-wrap: wrap;\n        justify-content: center;\n        padding: 1em 0;\n    }\n    #operator-closed .operator-closed-box-stars span{\n        color: #002E5D;\n        font-size: 36px;\n        line-height: 1.1;\n        text-align: center;\n        width: 100%;\n        font-weight: 900;\n    }\n    #operator-closed .button {\n        text-transform: uppercase;\n        margin-top: 0;\n        margin-bottom: 28px;\n        font-weight: 600;\n        padding: 10px 13px; \n        font-size: 13px; \n        width: 100%;\n    }\n    #operator-closed .button i {\n        font-size: 12px;\n        padding-top: 0;\n    }\n    .claim-bonus-code:hover>.bonus-btn-main-sec {\n        color: #c8102e;\n    }\n    @media ( max-width: 767px ) {\n\n        #operator-closed .operator-closed-message {\n            font-size: 14px;\n        }  \n        #operator-closed .operator-closed-message b {\n            font-size: 17px;\n        }\n        #operator-closed .operator-closed-box {\n            flex-direction: row;\n            flex-wrap: wrap;\n            justify-content: space-around;\n            max-width: 300px;\n            margin-left: auto;\n            margin-right: auto;\n        }\n        #operator-closed .col-lg-4.col-md-6.col-sm-4.col-xs-12:nth-child(3) .operator-closed-box {\n            margin-bottom: 0; \n        }\n        .operator-closed-box-container {\n            padding: 30px 15px;\n        }\n        #operator-closed .operator-closed-box {\n            margin-bottom: 2.5rem; \n        }\n    }\n<\/style>\n<div id=\"operator-closed-wrapper\">\n    <div id=\"operator-closed\" class=\"operator-closed-body\">\n        <div class=\"operator-closed-message \">\n\n            <div><b>Werfen Sie lieber einen Blick auf diese Top Anbieter<\/b>\n                             <\/div>\n        <\/div>\n        \n        <div class=\"row operator-closed-box-container\">\n                            <div class=\"col-lg-4 col-md-6 col-sm-4 col-xs-12\">\n                    <div class=\"operator-closed-box\">\n                        <span class=\"operator-box-header\"><img decoding=\"async\" src=\"\/deutsch\/assets\/logos\/sport\/light-back\/stake-com.png\" width=\"auto\" height=\"auto\" alt=\"Stake.com\" \/><\/span>                        <div class=\"operator-closed-box-stars\">\n                          <span>1000$ <\/span>MAXIMALER BONUS                        <\/div>\n\n                        <div class=\"claim-bonus-code button-bottom\">\n                             <span class=\"cursored button js-golink hvr-animation multi-line bonus-btn-main-sec\"  onclick=\"OpenGoLink(this);\" data-operator=\"885\" data-bonus=\"6895\"   data-clicks=\"37\"data-type=\"sport\" >jetzt registrieren<i class=\"fa fa-chevron-right\" aria-hidden=\"true\"><\/i> <\/span>                         <\/div><!-- \/.claim-bonus-code -->   \n                    <\/div>\n                <\/div>\n                                <div class=\"col-lg-4 col-md-6 col-sm-4 col-xs-12\">\n                    <div class=\"operator-closed-box\">\n                        <span class=\"operator-box-header\"><img decoding=\"async\" src=\"\/deutsch\/assets\/logos\/sport\/light-back\/bwin.png\" width=\"auto\" height=\"auto\" alt=\"Bwin\" \/><\/span>                        <div class=\"operator-closed-box-stars\">\n                          <span>100\u20ac <\/span>MAXIMALER BONUS                        <\/div>\n\n                        <div class=\"claim-bonus-code button-bottom\">\n                             <span class=\"cursored button js-golink hvr-animation multi-line bonus-btn-main-sec\"  onclick=\"OpenGoLink(this);\" data-operator=\"79\" data-bonus=\"4873\"   data-clicks=\"32\"data-type=\"sport\" >jetzt registrieren<i class=\"fa fa-chevron-right\" aria-hidden=\"true\"><\/i> <\/span>                         <\/div><!-- \/.claim-bonus-code -->   \n                    <\/div>\n                <\/div>\n                                <div class=\"col-lg-4 col-md-6 col-sm-4 col-xs-12\">\n                    <div class=\"operator-closed-box\">\n                        <span class=\"operator-box-header\"><img decoding=\"async\" src=\"\/deutsch\/assets\/logos\/sport\/light-back\/mybet.png\" width=\"auto\" height=\"auto\" alt=\"Mybet\" \/><\/span>                        <div class=\"operator-closed-box-stars\">\n                          <span>100\u20ac <\/span>MAXIMALER BONUS                        <\/div>\n\n                        <div class=\"claim-bonus-code button-bottom\">\n                             <span class=\"cursored button js-golink hvr-animation multi-line bonus-btn-main-sec\"  onclick=\"OpenGoLink(this);\" data-operator=\"208\" data-bonus=\"1819\"   data-clicks=\"23\"data-type=\"sport\" >jetzt registrieren<i class=\"fa fa-chevron-right\" aria-hidden=\"true\"><\/i> <\/span>                         <\/div><!-- \/.claim-bonus-code -->   \n                    <\/div>\n                <\/div>\n                        <\/div>\n    <\/div>\n<\/div><\/p>\r\n\r\n<h2>Um was dreht es sich genau beim Thema Wettsteuer?<\/h2>\r\n<p class=\"text-justify\">Grunds\u00e4tzlich wird die Zahl der Online Buchmacher im Sportsegment, die die Wettsteuer komplett oder teilweise f\u00fcr ihre Kunden \u00fcbernehmen, immer kleiner. Dennoch gibt es nach wie vor Anbieter, die die Wettsteuer f\u00fcr ihre Kunden \u00fcbernehmen. Erfreulicherweise handelt es sich bei diesen Anbietern zumeist um seri\u00f6se Anbieter, deren Namen Wettfans bekannt sein d\u00fcrften. Einige andere Anbieter \u00e4u\u00dfern sich zu dem Thema Wettsteuer dahingehend, dass diese den Markt noch eine gewisse Zeit lang beobachten m\u00f6chten und dann entscheiden werden, ob die Wettsteuer vom Unternehmen oder vom Kunden zu zahlen ist. Da die Konkurrenzsituation auf Grund des \u00dcberangebots bei den <a href=\"https:\/\/bet-bonus.net\/de\/sportwetten\/\">Sportwetten<\/a> enorm ist, tun sich gerade junge und unerfahrene Unternehmen einen gro\u00dfen Gefallen damit, die Wettsteuer stellvertretend f\u00fcr ihre Kunden zu \u00fcbernehmen. Die \u00dcbernahme der Wettsteuer kann somit als clevere Werbestrategie und als Instrument zur Bekanntmachung der eigenen Marke betrachtet werden.<\/p>\r\n<p class=\"text-justify\">Die Verrechnung der Wettsteuer zur H\u00f6he von 5 % kann \u00fcber drei unterschiedliche Wege erfolgen. So kann die Steuer entweder vom Wetteinsatz abgerechnet oder auf diesen hinzu addiert werden. Auch k\u00f6nnen die 5 % vom Gesamtgewinn abgezogen werden. Die Verrechnung der Wettsteuer und die Meldung dieser beim Finanzamt erfolgt immer automatisch \u00fcber den Anbieter, so dass sich Kunden gl\u00fccklicherweise nicht mit der dazugeh\u00f6rigen B\u00fcrokratie herumschlagen m\u00fcssen.<\/p>\r\n\r\n<h2>W\u00e4lzt 1xbet die Wettsteuer auf den Kunden um?<\/h2>\r\n<p class=\"text-justify\">Bei dem Sportwettanbieter 1xbet handelt es sich in Deutschland um noch einen relativ unbekannten Anbieter. Aus diesem Grund wissen viele (potenzielle) Kunden auch nicht viel dar\u00fcber, wie dieser Anbieter die Wettsteuer verrechnet und ob dieser die Wettsteuer vielleicht sogar f\u00fcr seine Kunden \u00fcbernimmt. Bei 1xbet ist es bislang so, dass Endkunden die Wettsteuer nicht zahlen m\u00fcssen. Unklar ist, ob 1xbet die Wettsteuer komplett selbst an das Finanzamt abf\u00fchrt oder sich der Steuerpflicht bisher entzieht. Da der Anbieter in der Karibik sitzt und die Hauptzielgruppe prim\u00e4r Kunden aus dem asiatischen Raum sind, k\u00f6nnen die Abwicklungsprozesse aus Europa nur schwer nachverfolgt werden. Ob und wie lange die Vorgehensweise, dass keine Wettsteuer f\u00fcr deutsche Kunden erhoben wird, so bestehen bleibt, ist v\u00f6llig unklar. Kunden, die also gezielt nach einem Anbieter suchen, bei dem diese die l\u00e4stigen 5 % nicht selbst zahlen m\u00fcssen, sind bei 1xbet bestens bedient. Kunden die hingegen Angst haben, ob sich das Finanzamt nachtr\u00e4glich bei ihnen melden und die Steuer zur\u00fcckfordern k\u00f6nnte, sind bei diesem Anbieter nur bedingt gut bedient.<\/p>\r\n<p class=\"text-justify\">\r\n<div class=\"cta-direct-bonus\">\r\n    <div class=\"col-lg-8 col-md-8 col-sm-8 col-xs-12\">\r\n        <div class=\"row\">\r\n            <p class=\"cta-direct-slogan\">\r\n                Sind Sie bereit Ihren Willkommensbonus zu schnappen?            <\/p>\r\n        <\/div>\r\n    <\/div>\r\n    <div class=\"col-lg-4 col-md-4 col-sm-4 col-xs-12\">\r\n        <div class=\"row\">\r\n             <span class=\"cursored button js-golink cta-direct-button hvr-animation new-hover\"  onclick=\"OpenGoLink(this);\" data-operator=\"7\" data-bonus=\"3873\"   data-clicks=\"33\"data-type=\"sport\" ><span>Jetzt direkt zu 1xBet  !<\/span> <\/span> \r\n        <\/div>\r\n    <\/div>\r\n<\/div>\r\n\r\n<style type=\"text\/css\" media=\"screen\">\r\n    .cta-direct-button.new-hover {\r\n        padding: 3px 0 2px;\r\n    }\r\n<\/style><\/p>\r\n\r\n<h2>Wie gehen andere Wettanbieter mit der Wettsteuer um?<\/h2>\r\n<p class=\"text-justify\">Den Sportwettanbietern ist es freigestellt, ob diese die 5 % Wettsteuer f\u00fcr ihre Kunden (teilweise) \u00fcbernehmen oder nicht. Entsprechend gibt es diverse Anbieter, die die Steuer f\u00fcr ihre Kunden vollst\u00e4ndig \u00fcbernehmen. In der Regel handelt es sich hierbei um ganz neue Unternehmen am Markt, die mit der gro\u00dfz\u00fcgigen Geste haupts\u00e4chlich ihre Marke und ihr Wettangebot promoten und sich parallel einen zuverl\u00e4ssigen Kundenstamm aufbauen m\u00f6chten. Wenn Kunden also keinerlei Ber\u00fchrungs\u00e4ngste mit Wettanbietern haben, \u00fcber die bis dato weder positive noch negative Berichte im Internet gelesen werden k\u00f6nnen und deren Namen auf Anhieb nicht bekannt sind, kann es sich f\u00fcr diese lohnen, sich an einen ganz neuen Anbieter zu wenden, um der Wettsteuer komplett zu entgehen. Da die Anbieter, die die Wettsteuer vollst\u00e4ndig f\u00fcr ihre Kunden \u00fcbernehmen, keine nennenswerte Gewinnspanne haben, ist immer davon auszugehen, dass auch Anbieter, die offensiv mit der \u00dcbernahme der Steuer werben, ihre Bedingungen rasch \u00fcberarbeiten.<\/p>\r\n<p class=\"text-justify\">Auch gibt es Wettanbieter, die die Wettsteuer nur teilweise, meist im Rahmen von Sonderaktionen, f\u00fcr ihre Kunden \u00fcbernehmen. So gibt es viele Wettanbieter, die die Steuer nur auf bestimmte Wetten erheben und andere Wettarten davon befreien. Zu den Wettarten, die bei vielen Anbietern von der Steuerpflicht befreit werden, geh\u00f6ren <a href=\"https:\/\/bet-bonus.net\/de\/livewetten\/\">Live Wetten<\/a> und Kombiwetten. Als Kombiwetten gelten dabei meist Wetten, die eine Gesamtquote von 3,00 % oder h\u00f6her aufweisen. Au\u00dferdem darf bei den Kombinationswetten keine der Wettm\u00f6glichkeiten eine allzu niedrige Wettquote aufweisen. Als zu niedrig z\u00e4hlen bei den meisten Anbietern Werte ab 1,30 % und darunter. Viele Anbieter tendieren auch dazu, ihre Kunden im Rahmen von Sonderaktionen von der Wettsteuer zu befreien. Ganz besonders beliebt sind dabei bestimmte Wochentage oder bestimmte Uhrzeiten, zu denen immer ohne die Berechnung der Wettsteuer gewettet werden kann. Andere Anbieter verschenken besonders gro\u00dfz\u00fcgige Boni oder Freispiele an ihre Kunden, um die Mehrbelastung durch die Wettsteuer wieder ausgleichen zu k\u00f6nnen.<\/p>\r\n\r\n<h2>Fazit 1xbet Wettsteuer - Lohnt es sich, sich bei 1xbet zu registrieren und die Wettsteuer zu sparen?<\/h2>\r\n<p class=\"text-justify\">Der Wettanbieter 1xbet erhebt bislang keine Wettsteuer. Entsprechend handelt es sich bei den Bruttogewinnen immer auch um die Nettogewinne und bei den Bruttoeins\u00e4tzen immer auch um die Nettoeins\u00e4tze. Kunden von 1xbet werden also nicht mit der Mehrbelastung zu H\u00f6he von 5 % konfrontiert und k\u00f6nnen somit immer h\u00f6here Gewinne einfahren als bei den meisten anderen Anbietern, da einfach nichts abgezogen wird. Da der Anbieter 1xbet in Deutschland bisher recht unbekannt ist und sich ohnehin prim\u00e4r an Kunden aus dem asiatischen Raum orientiert, haben sich bislang noch nicht viele Kunden aus Deutschland f\u00fcr das Wetten bei diesem Anbieter entschieden. Festzuhalten ist in diesem Zusammenhang jedoch, dass der Anbieter in der Karibik sitzt. Bei m\u00f6glichen Problemen oder Unklarheiten ist es daher grunds\u00e4tzlich schwierig und teuer mit diesem in Kontakt zu treten. Dies betrifft nicht nur die Abl\u00e4ufe zur Wettsteuer, sondern auch m\u00f6gliche Probleme betreffend den Einzahlungen und <a href=\"https:\/\/bet-bonus.net\/de\/1xbet-auszahlung-dauer\/\">Auszahlungen<\/a> oder technische Probleme beim Platzieren von Wetten.<\/p>\r\n<p class=\"text-justify\">Final kann festgestellt werden, dass der Anbieter 1xbet auf den ersten Blick sehr attraktiv ist, da dieser keine Wettsteuer an den Wettkunden weitergibt. Wie lange dies noch so von 1xbet gehandhabt wird, ist v\u00f6llig unklar. Auch ist nicht klar, wer haften muss, sollte das Finanzamt R\u00fcckforderungen an 1xbet richten. M\u00f6glicherweise, und davor haben viele Kunden vor 1xbet Angst, k\u00f6nnte sich eine R\u00fcckzahlungspflicht auf Seite der Kunden ergeben. Kunden, die also auf Nummer sicher gehen m\u00f6chten und immer transparent verfolgen wollen, wie genau die Steuer berechnet und abgef\u00fchrt wird, sollten sich vielleicht eher f\u00fcr das Angebot eines Anbieters entscheiden, der das Thema Wettsteuer offener mit seinen Kunden kommuniziert als 1xbet.<\/p>\r\n<p class=\"text-justify\"><div class=\"bonus-table\">\n    <div class=\"col-xs-12\">\n        <div class=\"row\">\n\n<!--            <div class=\"hidden-lg hidden-md hidden-sm col-xs-8 bonus-table-body top-responsive\">-->\n<!---->\n<!--            <\/div>-->\n            <div class=\"col-lg-12 col-md-12 col-sm-12 col-xs-12 bonus-table-body op-table no-padding\">\n                <div class=\"col-lg-3 col-md-4 col-sm-12 col-xs-12 bonus-table-head no-padding\">\n                    <p>Buchmacher<\/p>\n                   <!--  <a class=\"hotfix\" href=\"\" rel=\"nofollow\" target=\"_blank\"><img decoding=\"async\" src=\"<?php\/\/ echo $logo_url; ?>\" class=\"img-responsive\"><\/a> -->\n                    <span class=\"\"><img decoding=\"async\" src=\"\/deutsch\/assets\/logos\/sport\/light-back\/1xbet.png\" width=\"100px\" height=\"auto\" alt=\"1xBet\" \/><\/span>                <\/div>\n                <div class=\"col-lg-2 col-md-2 col-sm-6 col-xs-12 rightBordered borders no-padding\">\n                    <p>BONUS<\/p>\n                    <p class=\"bonus-value max-bonus\">130\u20ac<\/p>\n                <\/div>\n                <div class=\"col-lg-2 col-md-2 col-sm-6 col-xs-6 rightBordered no-padding\">\n                    <p>Prozent<\/p>\n                    <p class=\"bonus-value\">100%<\/p>\n                <\/div>\n                <div class=\"col-lg-2 col-md-2 col-sm-6 col-xs-6 no-padding\">\n                    <p>Bewertung<\/p>\n                    <p class=\"rating-number\">9.8<\/p>\n                <\/div>\n                <div class=\"col-lg-3 col-md-4 col-sm-6 col-xs-12 op-table-button no-padding\">\n                    <p>Zum Anbieter<\/p>\n                     <span class=\"cursored button js-golink button claim-bonus-code\"  onclick=\"OpenGoLink(this);\" data-operator=\"7\" data-bonus=\"3873\"   data-clicks=\"33\"data-type=\"sport\" ><button class=\"hvr-animation multi-line bonus-btn-main-sec\"><span>Jetzt Bonus sichern!<\/span><\/button> <\/span>                 <\/div>\n            <\/div>\n        <\/div>\n    <\/div>\n<\/div>\n        <script type=\"application\/ld+json\">\n    {\n        \"@context\": \"https:\/\/schema.org\/\",\n        \"@type\": \"Review\",\n        \"datePublished\": \"28-06-2018\",\n        \"dateModified\": \"09-11-2022\",\n        \"itemReviewed\":{\n                \"@type\": \"Organization\",\n                \"name\": \"1xBet\",\n                \"image\": \" https:\/\/bet-bonus.net\/de\/deutsch\/assets\/logos\/light-back\/1xbet.png\"\n        },\n         \"author\":{\n                \"@type\": \"Person\",\n                 \"name\": \"bet-bonus.net\/DE\"\n         },\n           \"reviewRating\": {\n                \"ratingValue\": \"9.8\",\n                \"bestRating\": \"10\"\n         }\n    }\n\n\n\n        <\/script>\n        <\/p>","protected":false},"excerpt":{"rendered":"Am 01.07.2012 wurde die Wettsteuer zur H\u00f6he von 5% in Deutschland per Gesetz eingef\u00fchrt. Von dieser gesetzlichen Neuregelung sind alle Wettanbieter in Deutschland und deren Kunden, die in Deutschland gemeldet sind, betroffen. W\u00e4hrend viele Wettanbieter die Wettsteuer zur H\u00f6he von 5% an ihre Kunden weitergeben, gibt es nach wie vor einige Wettanbieter, die die Steuer<a href=\"https:\/\/bet-bonus.net\/de\/wettsteuer\/\"> &#8230;<\/a>","protected":false},"author":1,"featured_media":0,"parent":0,"menu_order":0,"comment_status":"closed","ping_status":"closed","template":"","meta":{"footnotes":""},"categories":[],"tags":[],"class_list":["post-147","page","type-page","status-publish","hentry"],"yoast_head":"<!-- This site is optimized with the Yoast SEO plugin v26.7 - https:\/\/yoast.com\/wordpress\/plugins\/seo\/ -->\n<title>1xbet Wettsteuer April 2026 \u00bb mehr Gewinn da KEINE 5% Steuer<\/title>\n<meta name=\"robots\" content=\"index, follow, max-snippet:-1, max-image-preview:large, max-video-preview:-1\" \/>\n<link rel=\"canonical\" href=\"https:\/\/bet-bonus.net\/de\/wettsteuer\/\" \/>\n<meta property=\"og:locale\" content=\"de_DE\" \/>\n<meta property=\"og:type\" content=\"article\" \/>\n<meta property=\"og:title\" content=\"1xbet Wettsteuer April 2026 \u00bb mehr Gewinn da KEINE 5% Steuer\" \/>\n<meta property=\"og:url\" content=\"https:\/\/bet-bonus.net\/de\/wettsteuer\/\" \/>\n<meta property=\"og:site_name\" content=\"bet-bonus.net\/DE\" \/>\n<meta property=\"article:modified_time\" content=\"2018-08-08T11:05:00+00:00\" \/>\n<meta name=\"twitter:card\" content=\"summary_large_image\" \/>\n<meta name=\"twitter:label1\" content=\"Gesch\u00e4tzte Lesezeit\" \/>\n\t<meta name=\"twitter:data1\" content=\"6\u00a0Minuten\" \/>\n<script type=\"application\/ld+json\" class=\"yoast-schema-graph\">{\"@context\":\"https:\/\/schema.org\",\"@graph\":[{\"@type\":\"WebPage\",\"@id\":\"https:\/\/bet-bonus.net\/de\/wettsteuer\/\",\"url\":\"https:\/\/bet-bonus.net\/de\/wettsteuer\/\",\"name\":\"1xbet Wettsteuer [month_name] [year] \u00bb mehr Gewinn da KEINE 5% Steuer\",\"isPartOf\":{\"@id\":\"https:\/\/bet-bonus.net\/de\/#website\"},\"datePublished\":\"2018-06-28T13:33:48+00:00\",\"dateModified\":\"2018-08-08T11:05:00+00:00\",\"breadcrumb\":{\"@id\":\"https:\/\/bet-bonus.net\/de\/wettsteuer\/#breadcrumb\"},\"inLanguage\":\"de\",\"potentialAction\":[{\"@type\":\"ReadAction\",\"target\":[\"https:\/\/bet-bonus.net\/de\/wettsteuer\/\"]}]},{\"@type\":\"BreadcrumbList\",\"@id\":\"https:\/\/bet-bonus.net\/de\/wettsteuer\/#breadcrumb\",\"itemListElement\":[{\"@type\":\"ListItem\",\"position\":1,\"name\":\"Home\",\"item\":\"https:\/\/bet-bonus.net\/de\/\"},{\"@type\":\"ListItem\",\"position\":2,\"name\":\"Mehr Geld auf dem 1xbet Kundenkonto - garantiert keine 5% Wettsteuer\"}]},{\"@type\":\"WebSite\",\"@id\":\"https:\/\/bet-bonus.net\/de\/#website\",\"url\":\"https:\/\/bet-bonus.net\/de\/\",\"name\":\"bet-bonus.net\/DE\",\"description\":\"\",\"potentialAction\":[{\"@type\":\"SearchAction\",\"target\":{\"@type\":\"EntryPoint\",\"urlTemplate\":\"https:\/\/bet-bonus.net\/de\/?s={search_term_string}\"},\"query-input\":{\"@type\":\"PropertyValueSpecification\",\"valueRequired\":true,\"valueName\":\"search_term_string\"}}],\"inLanguage\":\"de\"}]}<\/script>\n<!-- \/ Yoast SEO plugin. -->","yoast_head_json":{"title":"1xbet Wettsteuer April 2026 \u00bb mehr Gewinn da KEINE 5% Steuer","robots":{"index":"index","follow":"follow","max-snippet":"max-snippet:-1","max-image-preview":"max-image-preview:large","max-video-preview":"max-video-preview:-1"},"canonical":"https:\/\/bet-bonus.net\/de\/wettsteuer\/","og_locale":"de_DE","og_type":"article","og_title":"1xbet Wettsteuer April 2026 \u00bb mehr Gewinn da KEINE 5% Steuer","og_url":"https:\/\/bet-bonus.net\/de\/wettsteuer\/","og_site_name":"bet-bonus.net\/DE","article_modified_time":"2018-08-08T11:05:00+00:00","twitter_card":"summary_large_image","twitter_misc":{"Gesch\u00e4tzte Lesezeit":"6\u00a0Minuten"},"schema":{"@context":"https:\/\/schema.org","@graph":[{"@type":"WebPage","@id":"https:\/\/bet-bonus.net\/de\/wettsteuer\/","url":"https:\/\/bet-bonus.net\/de\/wettsteuer\/","name":"1xbet Wettsteuer [month_name] [year] \u00bb mehr Gewinn da KEINE 5% Steuer","isPartOf":{"@id":"https:\/\/bet-bonus.net\/de\/#website"},"datePublished":"2018-06-28T13:33:48+00:00","dateModified":"2018-08-08T11:05:00+00:00","breadcrumb":{"@id":"https:\/\/bet-bonus.net\/de\/wettsteuer\/#breadcrumb"},"inLanguage":"de","potentialAction":[{"@type":"ReadAction","target":["https:\/\/bet-bonus.net\/de\/wettsteuer\/"]}]},{"@type":"BreadcrumbList","@id":"https:\/\/bet-bonus.net\/de\/wettsteuer\/#breadcrumb","itemListElement":[{"@type":"ListItem","position":1,"name":"Home","item":"https:\/\/bet-bonus.net\/de\/"},{"@type":"ListItem","position":2,"name":"Mehr Geld auf dem 1xbet Kundenkonto - garantiert keine 5% Wettsteuer"}]},{"@type":"WebSite","@id":"https:\/\/bet-bonus.net\/de\/#website","url":"https:\/\/bet-bonus.net\/de\/","name":"bet-bonus.net\/DE","description":"","potentialAction":[{"@type":"SearchAction","target":{"@type":"EntryPoint","urlTemplate":"https:\/\/bet-bonus.net\/de\/?s={search_term_string}"},"query-input":{"@type":"PropertyValueSpecification","valueRequired":true,"valueName":"search_term_string"}}],"inLanguage":"de"}]}},"_links":{"self":[{"href":"https:\/\/bet-bonus.net\/de\/wp-json\/wp\/v2\/pages\/147","targetHints":{"allow":["GET"]}}],"collection":[{"href":"https:\/\/bet-bonus.net\/de\/wp-json\/wp\/v2\/pages"}],"about":[{"href":"https:\/\/bet-bonus.net\/de\/wp-json\/wp\/v2\/types\/page"}],"author":[{"embeddable":true,"href":"https:\/\/bet-bonus.net\/de\/wp-json\/wp\/v2\/users\/1"}],"replies":[{"embeddable":true,"href":"https:\/\/bet-bonus.net\/de\/wp-json\/wp\/v2\/comments?post=147"}],"version-history":[{"count":8,"href":"https:\/\/bet-bonus.net\/de\/wp-json\/wp\/v2\/pages\/147\/revisions"}],"predecessor-version":[{"id":736,"href":"https:\/\/bet-bonus.net\/de\/wp-json\/wp\/v2\/pages\/147\/revisions\/736"}],"wp:attachment":[{"href":"https:\/\/bet-bonus.net\/de\/wp-json\/wp\/v2\/media?parent=147"}],"wp:term":[{"taxonomy":"category","embeddable":true,"href":"https:\/\/bet-bonus.net\/de\/wp-json\/wp\/v2\/categories?post=147"},{"taxonomy":"post_tag","embeddable":true,"href":"https:\/\/bet-bonus.net\/de\/wp-json\/wp\/v2\/tags?post=147"}],"curies":[{"name":"wp","href":"https:\/\/api.w.org\/{rel}","templated":true}]}}