{"id":127,"date":"2018-06-28T13:16:03","date_gmt":"2018-06-28T13:16:03","guid":{"rendered":"http:\/\/bet-bonus.net\/de\/?page_id=127"},"modified":"2018-08-08T11:14:47","modified_gmt":"2018-08-08T11:14:47","slug":"telegram-chat-wettservice","status":"publish","type":"page","link":"https:\/\/bet-bonus.net\/de\/telegram-chat-wettservice\/","title":{"rendered":"Chatten &#038; Gewinnen - <span>die Wettabgabe Funktion von 1xbet f\u00fcr Telegram Chat<\/span>"},"content":{"rendered":"<p class=\"text-justify\">Kunden von 1xBet k\u00f6nnen ihre Wetten \u00fcber den Telegram Chat abgegeben. Telegram ist kostenlos und ein Instant-Messenger Programm, dass auf einer Cloud basiert. 1xBet nutzt den Service f\u00fcr seine Kunden, die sich hier einfach \u00fcber die 1xBet Webseite kostenlos anmelden k\u00f6nnen. Innerhalb des Messenger haben Kunden die Gelegenheit sich mit ihren Freunden auszutauschen um so die optimalen Wetten zu finden. Bei Abgabe einer Wette m\u00fcssen sie Telegram nicht verlassen, sondern k\u00f6nnen hier\u00fcber ganz einfach ihre Wettscheine abgeben. W\u00e4hrend der Wetten kann man sich weiterhin mit seinen Freunden austauschen.<\/p>\r\n<p class=\"text-justify\">\n<style>\n #operator-closed {\n        margin-top: 3em;\n        margin-bottom: 1rem;\n        color: #414141; \n    }\n    .operator-closed-body {\n        min-height: 420px;\n        background-color: #F9F9F9;\n    }\n    #operator-closed .operator-closed-message {\n        display: flex;\n        align-items: center;\n        justify-content: center;\n        font-size: 20px;\n        text-align: center;\n        color: #fff;\n        padding: 1.75em 0.5rem;\n        background: #002E5D;\n        text-shadow: 0 1px 1px rgba(0, 0, 0, 0.3);\n        box-shadow: 0 -4px 0 0 #1a1a1a;\n    }\n    #operator-closed .operator-closed-message b {\n        display: block;\n        font-size: 24px;\n    }\n    .operator-closed-box-container {\n        padding: 40px 30px;\n    }\n    #operator-closed .operator-closed-box {\n        display: flex;\n        flex-direction: column;\n        justify-content: center;\n        align-items: center;\n        background-color: #FFFFFF;\n        box-shadow: 0px 0px 5px #00000024;\n    }\n   \/* #operator-closed .operator-closed-box a:first-of-type {\n        display: flex;\n        justify-content: center;\n        width: 100%;\n        background: #ffffff;\n        border-top: 3px solid #f46613;\n    }*\/\n    #operator-closed img {\n        width: 100px;\n        display: block;\n    }\n    #operator-closed .operator-box-header { \n        display: flex; \n        width: 100%;\n        justify-content: center;\n        background-color: #ECECEC; \n        padding: 13px;\n    }\n    #operator-closed .operator-closed-box-stars {\n        display: flex;\n        flex-wrap: wrap;\n        justify-content: center;\n        padding: 1em 0;\n    }\n    #operator-closed .operator-closed-box-stars span{\n        color: #002E5D;\n        font-size: 36px;\n        line-height: 1.1;\n        text-align: center;\n        width: 100%;\n        font-weight: 900;\n    }\n    #operator-closed .button {\n        text-transform: uppercase;\n        margin-top: 0;\n        margin-bottom: 28px;\n        font-weight: 600;\n        padding: 10px 13px; \n        font-size: 13px; \n        width: 100%;\n    }\n    #operator-closed .button i {\n        font-size: 12px;\n        padding-top: 0;\n    }\n    .claim-bonus-code:hover>.bonus-btn-main-sec {\n        color: #c8102e;\n    }\n    @media ( max-width: 767px ) {\n\n        #operator-closed .operator-closed-message {\n            font-size: 14px;\n        }  \n        #operator-closed .operator-closed-message b {\n            font-size: 17px;\n        }\n        #operator-closed .operator-closed-box {\n            flex-direction: row;\n            flex-wrap: wrap;\n            justify-content: space-around;\n            max-width: 300px;\n            margin-left: auto;\n            margin-right: auto;\n        }\n        #operator-closed .col-lg-4.col-md-6.col-sm-4.col-xs-12:nth-child(3) .operator-closed-box {\n            margin-bottom: 0; \n        }\n        .operator-closed-box-container {\n            padding: 30px 15px;\n        }\n        #operator-closed .operator-closed-box {\n            margin-bottom: 2.5rem; \n        }\n    }\n<\/style>\n<div id=\"operator-closed-wrapper\">\n    <div id=\"operator-closed\" class=\"operator-closed-body\">\n        <div class=\"operator-closed-message \">\n\n            <div><b>Werfen Sie lieber einen Blick auf diese Top Anbieter<\/b>\n                             <\/div>\n        <\/div>\n        \n        <div class=\"row operator-closed-box-container\">\n                            <div class=\"col-lg-4 col-md-6 col-sm-4 col-xs-12\">\n                    <div class=\"operator-closed-box\">\n                        <span class=\"operator-box-header\"><img decoding=\"async\" src=\"\/deutsch\/assets\/logos\/sport\/light-back\/stake-com.png\" width=\"auto\" height=\"auto\" alt=\"Stake.com\" \/><\/span>                        <div class=\"operator-closed-box-stars\">\n                          <span>1000$ <\/span>MAXIMALER BONUS                        <\/div>\n\n                        <div class=\"claim-bonus-code button-bottom\">\n                             <span class=\"cursored button js-golink hvr-animation multi-line bonus-btn-main-sec\"  onclick=\"OpenGoLink(this);\" data-operator=\"885\" data-bonus=\"6895\"   data-clicks=\"37\"data-type=\"sport\" >jetzt registrieren<i class=\"fa fa-chevron-right\" aria-hidden=\"true\"><\/i> <\/span>                         <\/div><!-- \/.claim-bonus-code -->   \n                    <\/div>\n                <\/div>\n                                <div class=\"col-lg-4 col-md-6 col-sm-4 col-xs-12\">\n                    <div class=\"operator-closed-box\">\n                        <span class=\"operator-box-header\"><img decoding=\"async\" src=\"\/deutsch\/assets\/logos\/sport\/light-back\/bwin.png\" width=\"auto\" height=\"auto\" alt=\"Bwin\" \/><\/span>                        <div class=\"operator-closed-box-stars\">\n                          <span>100\u20ac <\/span>MAXIMALER BONUS                        <\/div>\n\n                        <div class=\"claim-bonus-code button-bottom\">\n                             <span class=\"cursored button js-golink hvr-animation multi-line bonus-btn-main-sec\"  onclick=\"OpenGoLink(this);\" data-operator=\"79\" data-bonus=\"4873\"   data-clicks=\"32\"data-type=\"sport\" >jetzt registrieren<i class=\"fa fa-chevron-right\" aria-hidden=\"true\"><\/i> <\/span>                         <\/div><!-- \/.claim-bonus-code -->   \n                    <\/div>\n                <\/div>\n                                <div class=\"col-lg-4 col-md-6 col-sm-4 col-xs-12\">\n                    <div class=\"operator-closed-box\">\n                        <span class=\"operator-box-header\"><img decoding=\"async\" src=\"\/deutsch\/assets\/logos\/sport\/light-back\/mybet.png\" width=\"auto\" height=\"auto\" alt=\"Mybet\" \/><\/span>                        <div class=\"operator-closed-box-stars\">\n                          <span>100\u20ac <\/span>MAXIMALER BONUS                        <\/div>\n\n                        <div class=\"claim-bonus-code button-bottom\">\n                             <span class=\"cursored button js-golink hvr-animation multi-line bonus-btn-main-sec\"  onclick=\"OpenGoLink(this);\" data-operator=\"208\" data-bonus=\"1819\"   data-clicks=\"23\"data-type=\"sport\" >jetzt registrieren<i class=\"fa fa-chevron-right\" aria-hidden=\"true\"><\/i> <\/span>                         <\/div><!-- \/.claim-bonus-code -->   \n                    <\/div>\n                <\/div>\n                        <\/div>\n    <\/div>\n<\/div><\/p>\r\n\r\n<h2>Wie nutze ich die 1xbet Telegram Chat Funktion zur Wettabgabe?<\/h2>\r\n<p class=\"text-justify\">Das Abgeben von Wetten bei Telegram ist an sich sehr simpel. Neu- und Bestandskunden m\u00fcssen neben einem 1xBet Konto den kostenlosen Instant-Messenger Telegram verwenden. Telegram gibt es als <a href=\"https:\/\/bet-bonus.net\/de\/app\/\">App<\/a> f\u00fcr das iPhone, Android Phone und den eigenen Laptop. Sobald man sich bei Telegram und 1xBet angemeldet hat, kann es auch schon losgehen. \u00dcber einen platzierten Link auf der 1xBet Webseite kann man den Online Buchmacher bei Telegram abonnieren und hier ganz einfach seine Wetten abgeben. Durch das Anklicken des Links gelangt man direkt innerhalb der Telegram App zu 1xBet und kann hier seine Wettscheine abgeben. Das Prinzip ist innerhalb der App das gleiche wie auf dem eigentlichen Wettportal von 1xBet. Kunden k\u00f6nnen sich ihre Wunschwette aussuchen und diese anschlie\u00dfend an 1xBet schicken. Sobald die Nachricht angekommen ist, ist der Wettschein angenommen und Kunden k\u00f6nnen mit dem eigenen Wettschein mitfiebern. W\u00e4hrend man auf das Match wartet, kann man sich zeitgleich in der Telegram App mit seinen Freunden unterhalten. Die Nachrichten sind verschl\u00fcsselt und so vor dem Missbrauch Dritter gesch\u00fctzt. Damit die Wetten wirklich angenommen werden, sollten Kunden darauf achten, dass sie den richtigen Bot von 1xBet zur Wettabgabe herunterladen und aktivieren. Es gibt n\u00e4mlich einen weiteren Bot, der die Kunden nur \u00fcber die Spiele des Tages informiert. Es empfiehlt sich beide Bots zu nutzen, um so den ganzen 1xBet Komfort bei Telegram zu nutzen.<\/p>\r\n<p class=\"text-justify\">\r\n<div class=\"cta-direct-bonus\">\r\n    <div class=\"col-lg-8 col-md-8 col-sm-8 col-xs-12\">\r\n        <div class=\"row\">\r\n            <p class=\"cta-direct-slogan\">\r\n                Sind Sie bereit Ihren Willkommensbonus zu schnappen?            <\/p>\r\n        <\/div>\r\n    <\/div>\r\n    <div class=\"col-lg-4 col-md-4 col-sm-4 col-xs-12\">\r\n        <div class=\"row\">\r\n             <span class=\"cursored button js-golink cta-direct-button hvr-animation new-hover\"  onclick=\"OpenGoLink(this);\" data-operator=\"7\" data-bonus=\"3873\"   data-clicks=\"33\"data-type=\"sport\" ><span>Jetzt direkt zu 1xBet  !<\/span> <\/span> \r\n        <\/div>\r\n    <\/div>\r\n<\/div>\r\n\r\n<style type=\"text\/css\" media=\"screen\">\r\n    .cta-direct-button.new-hover {\r\n        padding: 3px 0 2px;\r\n    }\r\n<\/style><\/p>\r\n\r\n<h2>Wo liegen die Vorteile der Wettabgabe \u00fcber 1xBet Telegram Chat?<\/h2>\r\n<p class=\"text-justify\">Die Vorteile der Wettabgabe \u00fcber den 1xBet Telegram Chat liegen eindeutig auf der Hand. Kunden, die sowieso schon Telegram und 1xBet nutzen, k\u00f6nnen die Funktionen ganz einfach kombinieren und das Optimale von beiden Anbietern herausholen. Auch f\u00fcr Wettinteressierte, die bisher die Telegram App nicht genutzt haben, ist der Instant-Messenger interessant. Die App ist komplett kostenlos und f\u00fcr iOS, Android und den eigenen PC oder Laptop verf\u00fcgbar. Kunden k\u00f6nnen in der Telegram App mit Freunden Chatten und zeitgleich innerhalb der App <a href=\"https:\/\/bet-bonus.net\/de\/sportwetten\/\">Sportwetten<\/a> bei 1xBet abgeben. Hierf\u00fcr muss die App nicht verlassen werden. So bleibt man stets auf dem Laufenden und kann sich mit seinen Freunden und Bekannten \u00fcber die aktuellen Entwicklungen der Wetten austauschen. Damit die Wettabgabe problemlos abl\u00e4uft, k\u00f6nnen sich Kunden den Bot zur Wettabgabe bei 1xBet f\u00fcr die Telegram App kostenlos herunterladen. Man ist viel besser mit seinen Freunden vernetzt und kann nebenbei \u00fcber die aktuellen Wetten diskutieren.<\/p>\r\n<p class=\"text-justify\"><div class=\"bonus-table\">\n    <div class=\"col-xs-12\">\n        <div class=\"row\">\n\n<!--            <div class=\"hidden-lg hidden-md hidden-sm col-xs-8 bonus-table-body top-responsive\">-->\n<!---->\n<!--            <\/div>-->\n            <div class=\"col-lg-12 col-md-12 col-sm-12 col-xs-12 bonus-table-body op-table no-padding\">\n                <div class=\"col-lg-3 col-md-4 col-sm-12 col-xs-12 bonus-table-head no-padding\">\n                    <p>Buchmacher<\/p>\n                   <!--  <a class=\"hotfix\" href=\"\" rel=\"nofollow\" target=\"_blank\"><img decoding=\"async\" src=\"<?php\/\/ echo $logo_url; ?>\" class=\"img-responsive\"><\/a> -->\n                    <span class=\"\"><img decoding=\"async\" src=\"\/deutsch\/assets\/logos\/sport\/light-back\/1xbet.png\" width=\"100px\" height=\"auto\" alt=\"1xBet\" \/><\/span>                <\/div>\n                <div class=\"col-lg-2 col-md-2 col-sm-6 col-xs-12 rightBordered borders no-padding\">\n                    <p>BONUS<\/p>\n                    <p class=\"bonus-value max-bonus\">130\u20ac<\/p>\n                <\/div>\n                <div class=\"col-lg-2 col-md-2 col-sm-6 col-xs-6 rightBordered no-padding\">\n                    <p>Prozent<\/p>\n                    <p class=\"bonus-value\">100%<\/p>\n                <\/div>\n                <div class=\"col-lg-2 col-md-2 col-sm-6 col-xs-6 no-padding\">\n                    <p>Bewertung<\/p>\n                    <p class=\"rating-number\">9.8<\/p>\n                <\/div>\n                <div class=\"col-lg-3 col-md-4 col-sm-6 col-xs-12 op-table-button no-padding\">\n                    <p>Zum Anbieter<\/p>\n                     <span class=\"cursored button js-golink button claim-bonus-code\"  onclick=\"OpenGoLink(this);\" data-operator=\"7\" data-bonus=\"3873\"   data-clicks=\"33\"data-type=\"sport\" ><button class=\"hvr-animation multi-line bonus-btn-main-sec\"><span>Jetzt Bonus sichern!<\/span><\/button> <\/span>                 <\/div>\n            <\/div>\n        <\/div>\n    <\/div>\n<\/div>\n        <script type=\"application\/ld+json\">\n    {\n        \"@context\": \"https:\/\/schema.org\/\",\n        \"@type\": \"Review\",\n        \"datePublished\": \"28-06-2018\",\n        \"dateModified\": \"08-11-2022\",\n        \"itemReviewed\":{\n                \"@type\": \"Organization\",\n                \"name\": \"1xBet\",\n                \"image\": \" https:\/\/bet-bonus.net\/de\/deutsch\/assets\/logos\/light-back\/1xbet.png\"\n        },\n         \"author\":{\n                \"@type\": \"Person\",\n                 \"name\": \"bet-bonus.net\/DE\"\n         },\n           \"reviewRating\": {\n                \"ratingValue\": \"9.8\",\n                \"bestRating\": \"10\"\n         }\n    }\n\n\n\n        <\/script>\n        <\/p>","protected":false},"excerpt":{"rendered":"Kunden von 1xBet k\u00f6nnen ihre Wetten \u00fcber den Telegram Chat abgegeben. Telegram ist kostenlos und ein Instant-Messenger Programm, dass auf einer Cloud basiert. 1xBet nutzt den Service f\u00fcr seine Kunden, die sich hier einfach \u00fcber die 1xBet Webseite kostenlos anmelden k\u00f6nnen. Innerhalb des Messenger haben Kunden die Gelegenheit sich mit ihren Freunden auszutauschen um so<a href=\"https:\/\/bet-bonus.net\/de\/telegram-chat-wettservice\/\"> &#8230;<\/a>","protected":false},"author":1,"featured_media":0,"parent":0,"menu_order":0,"comment_status":"closed","ping_status":"closed","template":"","meta":{"footnotes":""},"categories":[],"tags":[],"class_list":["post-127","page","type-page","status-publish","hentry"],"yoast_head":"<!-- This site is optimized with the Yoast SEO plugin v26.7 - https:\/\/yoast.com\/wordpress\/plugins\/seo\/ -->\n<title>1xbet Telegram App Wettservice \u00bb Wetten einfach \u00fcber Chat platzieren<\/title>\n<meta name=\"robots\" content=\"index, follow, max-snippet:-1, max-image-preview:large, max-video-preview:-1\" \/>\n<link rel=\"canonical\" href=\"https:\/\/bet-bonus.net\/de\/telegram-chat-wettservice\/\" \/>\n<meta property=\"og:locale\" content=\"de_DE\" \/>\n<meta property=\"og:type\" content=\"article\" \/>\n<meta property=\"og:title\" content=\"1xbet Telegram App Wettservice \u00bb Wetten einfach \u00fcber Chat platzieren\" \/>\n<meta property=\"og:url\" content=\"https:\/\/bet-bonus.net\/de\/telegram-chat-wettservice\/\" \/>\n<meta property=\"og:site_name\" content=\"bet-bonus.net\/DE\" \/>\n<meta property=\"article:modified_time\" content=\"2018-08-08T11:14:47+00:00\" \/>\n<meta name=\"twitter:card\" content=\"summary_large_image\" \/>\n<meta name=\"twitter:label1\" content=\"Gesch\u00e4tzte Lesezeit\" \/>\n\t<meta name=\"twitter:data1\" content=\"3\u00a0Minuten\" \/>\n<script type=\"application\/ld+json\" class=\"yoast-schema-graph\">{\"@context\":\"https:\/\/schema.org\",\"@graph\":[{\"@type\":\"WebPage\",\"@id\":\"https:\/\/bet-bonus.net\/de\/telegram-chat-wettservice\/\",\"url\":\"https:\/\/bet-bonus.net\/de\/telegram-chat-wettservice\/\",\"name\":\"1xbet Telegram App Wettservice \u00bb Wetten einfach \u00fcber Chat platzieren\",\"isPartOf\":{\"@id\":\"https:\/\/bet-bonus.net\/de\/#website\"},\"datePublished\":\"2018-06-28T13:16:03+00:00\",\"dateModified\":\"2018-08-08T11:14:47+00:00\",\"breadcrumb\":{\"@id\":\"https:\/\/bet-bonus.net\/de\/telegram-chat-wettservice\/#breadcrumb\"},\"inLanguage\":\"de\",\"potentialAction\":[{\"@type\":\"ReadAction\",\"target\":[\"https:\/\/bet-bonus.net\/de\/telegram-chat-wettservice\/\"]}]},{\"@type\":\"BreadcrumbList\",\"@id\":\"https:\/\/bet-bonus.net\/de\/telegram-chat-wettservice\/#breadcrumb\",\"itemListElement\":[{\"@type\":\"ListItem\",\"position\":1,\"name\":\"Home\",\"item\":\"https:\/\/bet-bonus.net\/de\/\"},{\"@type\":\"ListItem\",\"position\":2,\"name\":\"Chatten &#038; Gewinnen - die Wettabgabe Funktion von 1xbet f\u00fcr Telegram Chat\"}]},{\"@type\":\"WebSite\",\"@id\":\"https:\/\/bet-bonus.net\/de\/#website\",\"url\":\"https:\/\/bet-bonus.net\/de\/\",\"name\":\"bet-bonus.net\/DE\",\"description\":\"\",\"potentialAction\":[{\"@type\":\"SearchAction\",\"target\":{\"@type\":\"EntryPoint\",\"urlTemplate\":\"https:\/\/bet-bonus.net\/de\/?s={search_term_string}\"},\"query-input\":{\"@type\":\"PropertyValueSpecification\",\"valueRequired\":true,\"valueName\":\"search_term_string\"}}],\"inLanguage\":\"de\"}]}<\/script>\n<!-- \/ Yoast SEO plugin. -->","yoast_head_json":{"title":"1xbet Telegram App Wettservice \u00bb Wetten einfach \u00fcber Chat platzieren","robots":{"index":"index","follow":"follow","max-snippet":"max-snippet:-1","max-image-preview":"max-image-preview:large","max-video-preview":"max-video-preview:-1"},"canonical":"https:\/\/bet-bonus.net\/de\/telegram-chat-wettservice\/","og_locale":"de_DE","og_type":"article","og_title":"1xbet Telegram App Wettservice \u00bb Wetten einfach \u00fcber Chat platzieren","og_url":"https:\/\/bet-bonus.net\/de\/telegram-chat-wettservice\/","og_site_name":"bet-bonus.net\/DE","article_modified_time":"2018-08-08T11:14:47+00:00","twitter_card":"summary_large_image","twitter_misc":{"Gesch\u00e4tzte Lesezeit":"3\u00a0Minuten"},"schema":{"@context":"https:\/\/schema.org","@graph":[{"@type":"WebPage","@id":"https:\/\/bet-bonus.net\/de\/telegram-chat-wettservice\/","url":"https:\/\/bet-bonus.net\/de\/telegram-chat-wettservice\/","name":"1xbet Telegram App Wettservice \u00bb Wetten einfach \u00fcber Chat platzieren","isPartOf":{"@id":"https:\/\/bet-bonus.net\/de\/#website"},"datePublished":"2018-06-28T13:16:03+00:00","dateModified":"2018-08-08T11:14:47+00:00","breadcrumb":{"@id":"https:\/\/bet-bonus.net\/de\/telegram-chat-wettservice\/#breadcrumb"},"inLanguage":"de","potentialAction":[{"@type":"ReadAction","target":["https:\/\/bet-bonus.net\/de\/telegram-chat-wettservice\/"]}]},{"@type":"BreadcrumbList","@id":"https:\/\/bet-bonus.net\/de\/telegram-chat-wettservice\/#breadcrumb","itemListElement":[{"@type":"ListItem","position":1,"name":"Home","item":"https:\/\/bet-bonus.net\/de\/"},{"@type":"ListItem","position":2,"name":"Chatten &#038; Gewinnen - die Wettabgabe Funktion von 1xbet f\u00fcr Telegram Chat"}]},{"@type":"WebSite","@id":"https:\/\/bet-bonus.net\/de\/#website","url":"https:\/\/bet-bonus.net\/de\/","name":"bet-bonus.net\/DE","description":"","potentialAction":[{"@type":"SearchAction","target":{"@type":"EntryPoint","urlTemplate":"https:\/\/bet-bonus.net\/de\/?s={search_term_string}"},"query-input":{"@type":"PropertyValueSpecification","valueRequired":true,"valueName":"search_term_string"}}],"inLanguage":"de"}]}},"_links":{"self":[{"href":"https:\/\/bet-bonus.net\/de\/wp-json\/wp\/v2\/pages\/127","targetHints":{"allow":["GET"]}}],"collection":[{"href":"https:\/\/bet-bonus.net\/de\/wp-json\/wp\/v2\/pages"}],"about":[{"href":"https:\/\/bet-bonus.net\/de\/wp-json\/wp\/v2\/types\/page"}],"author":[{"embeddable":true,"href":"https:\/\/bet-bonus.net\/de\/wp-json\/wp\/v2\/users\/1"}],"replies":[{"embeddable":true,"href":"https:\/\/bet-bonus.net\/de\/wp-json\/wp\/v2\/comments?post=127"}],"version-history":[{"count":8,"href":"https:\/\/bet-bonus.net\/de\/wp-json\/wp\/v2\/pages\/127\/revisions"}],"predecessor-version":[{"id":737,"href":"https:\/\/bet-bonus.net\/de\/wp-json\/wp\/v2\/pages\/127\/revisions\/737"}],"wp:attachment":[{"href":"https:\/\/bet-bonus.net\/de\/wp-json\/wp\/v2\/media?parent=127"}],"wp:term":[{"taxonomy":"category","embeddable":true,"href":"https:\/\/bet-bonus.net\/de\/wp-json\/wp\/v2\/categories?post=127"},{"taxonomy":"post_tag","embeddable":true,"href":"https:\/\/bet-bonus.net\/de\/wp-json\/wp\/v2\/tags?post=127"}],"curies":[{"name":"wp","href":"https:\/\/api.w.org\/{rel}","templated":true}]}}