{"id":12,"date":"2018-06-15T10:59:47","date_gmt":"2018-06-15T10:59:47","guid":{"rendered":"http:\/\/bet-bonus.net\/de\/?page_id=12"},"modified":"2018-08-07T14:07:00","modified_gmt":"2018-08-07T14:07:00","slug":"promo-angebote","status":"publish","type":"page","link":"https:\/\/bet-bonus.net\/de\/promo-angebote\/","title":{"rendered":"Aktuelle 1xbet Promotion Angebote - <span>alle Deals April 2026 auf einen Blick<\/span>"},"content":{"rendered":"<p class=\"text-justify\">Der Casinobetreiber und Sportwettenanbieter 1xbet bietet seinen Kunden eine Vielzahl an verschiedenen Bonusangeboten. Im folgenden Artikel erhalten Sie detaillierte Informationen \u00fcber die besten 1xbet Promo Angebote f\u00fcr den Bereich der Sportwetten. Die 1xbet Promotion Bonus Angebote k\u00f6nnen sich durchaus sehen lassen, und bilden eine sehr gute Grundlage, damit man erfolgreich bei 1xbet wetten kann. Der Buchmacher hat nicht nur ein vorz\u00fcgliches Angebot f\u00fcr seine potentiellen Neukunden, sondern bietet auch seinen Bestandskunden viele spannende Aktionen, die man bei der Konkurrenz meist vergeblich sucht. Auch in punkto Livestreams k\u00f6nnen sich viele Wettanbieter von 1xbet eine Scheibe abschneiden. So hat dieser Buchmacher neben dem Traditionsunternehmen Bet365 die gr\u00f6\u00dfte Auswahl an Livestreams f\u00fcr aktuelle Wettereignisse, womit man sehr viele Sportveranstaltungen live und kostenfrei mitverfolgen kann.<\/p>\r\n<p class=\"text-justify\"><span style=\"font-weight: 400;\">\n<style>\n #operator-closed {\n        margin-top: 3em;\n        margin-bottom: 1rem;\n        color: #414141; \n    }\n    .operator-closed-body {\n        min-height: 420px;\n        background-color: #F9F9F9;\n    }\n    #operator-closed .operator-closed-message {\n        display: flex;\n        align-items: center;\n        justify-content: center;\n        font-size: 20px;\n        text-align: center;\n        color: #fff;\n        padding: 1.75em 0.5rem;\n        background: #002E5D;\n        text-shadow: 0 1px 1px rgba(0, 0, 0, 0.3);\n        box-shadow: 0 -4px 0 0 #1a1a1a;\n    }\n    #operator-closed .operator-closed-message b {\n        display: block;\n        font-size: 24px;\n    }\n    .operator-closed-box-container {\n        padding: 40px 30px;\n    }\n    #operator-closed .operator-closed-box {\n        display: flex;\n        flex-direction: column;\n        justify-content: center;\n        align-items: center;\n        background-color: #FFFFFF;\n        box-shadow: 0px 0px 5px #00000024;\n    }\n   \/* #operator-closed .operator-closed-box a:first-of-type {\n        display: flex;\n        justify-content: center;\n        width: 100%;\n        background: #ffffff;\n        border-top: 3px solid #f46613;\n    }*\/\n    #operator-closed img {\n        width: 100px;\n        display: block;\n    }\n    #operator-closed .operator-box-header { \n        display: flex; \n        width: 100%;\n        justify-content: center;\n        background-color: #ECECEC; \n        padding: 13px;\n    }\n    #operator-closed .operator-closed-box-stars {\n        display: flex;\n        flex-wrap: wrap;\n        justify-content: center;\n        padding: 1em 0;\n    }\n    #operator-closed .operator-closed-box-stars span{\n        color: #002E5D;\n        font-size: 36px;\n        line-height: 1.1;\n        text-align: center;\n        width: 100%;\n        font-weight: 900;\n    }\n    #operator-closed .button {\n        text-transform: uppercase;\n        margin-top: 0;\n        margin-bottom: 28px;\n        font-weight: 600;\n        padding: 10px 13px; \n        font-size: 13px; \n        width: 100%;\n    }\n    #operator-closed .button i {\n        font-size: 12px;\n        padding-top: 0;\n    }\n    .claim-bonus-code:hover>.bonus-btn-main-sec {\n        color: #c8102e;\n    }\n    @media ( max-width: 767px ) {\n\n        #operator-closed .operator-closed-message {\n            font-size: 14px;\n        }  \n        #operator-closed .operator-closed-message b {\n            font-size: 17px;\n        }\n        #operator-closed .operator-closed-box {\n            flex-direction: row;\n            flex-wrap: wrap;\n            justify-content: space-around;\n            max-width: 300px;\n            margin-left: auto;\n            margin-right: auto;\n        }\n        #operator-closed .col-lg-4.col-md-6.col-sm-4.col-xs-12:nth-child(3) .operator-closed-box {\n            margin-bottom: 0; \n        }\n        .operator-closed-box-container {\n            padding: 30px 15px;\n        }\n        #operator-closed .operator-closed-box {\n            margin-bottom: 2.5rem; \n        }\n    }\n<\/style>\n<div id=\"operator-closed-wrapper\">\n    <div id=\"operator-closed\" class=\"operator-closed-body\">\n        <div class=\"operator-closed-message \">\n\n            <div><b>Werfen Sie lieber einen Blick auf diese Top Anbieter<\/b>\n                             <\/div>\n        <\/div>\n        \n        <div class=\"row operator-closed-box-container\">\n                            <div class=\"col-lg-4 col-md-6 col-sm-4 col-xs-12\">\n                    <div class=\"operator-closed-box\">\n                        <span class=\"operator-box-header\"><img decoding=\"async\" src=\"\/deutsch\/assets\/logos\/sport\/light-back\/stake-com.png\" width=\"auto\" height=\"auto\" alt=\"Stake.com\" \/><\/span>                        <div class=\"operator-closed-box-stars\">\n                          <span>1000$ <\/span>MAXIMALER BONUS                        <\/div>\n\n                        <div class=\"claim-bonus-code button-bottom\">\n                             <span class=\"cursored button js-golink hvr-animation multi-line bonus-btn-main-sec\"  onclick=\"OpenGoLink(this);\" data-operator=\"885\" data-bonus=\"6895\"   data-clicks=\"37\"data-type=\"sport\" >jetzt registrieren<i class=\"fa fa-chevron-right\" aria-hidden=\"true\"><\/i> <\/span>                         <\/div><!-- \/.claim-bonus-code -->   \n                    <\/div>\n                <\/div>\n                                <div class=\"col-lg-4 col-md-6 col-sm-4 col-xs-12\">\n                    <div class=\"operator-closed-box\">\n                        <span class=\"operator-box-header\"><img decoding=\"async\" src=\"\/deutsch\/assets\/logos\/sport\/light-back\/bwin.png\" width=\"auto\" height=\"auto\" alt=\"Bwin\" \/><\/span>                        <div class=\"operator-closed-box-stars\">\n                          <span>100\u20ac <\/span>MAXIMALER BONUS                        <\/div>\n\n                        <div class=\"claim-bonus-code button-bottom\">\n                             <span class=\"cursored button js-golink hvr-animation multi-line bonus-btn-main-sec\"  onclick=\"OpenGoLink(this);\" data-operator=\"79\" data-bonus=\"4873\"   data-clicks=\"32\"data-type=\"sport\" >jetzt registrieren<i class=\"fa fa-chevron-right\" aria-hidden=\"true\"><\/i> <\/span>                         <\/div><!-- \/.claim-bonus-code -->   \n                    <\/div>\n                <\/div>\n                                <div class=\"col-lg-4 col-md-6 col-sm-4 col-xs-12\">\n                    <div class=\"operator-closed-box\">\n                        <span class=\"operator-box-header\"><img decoding=\"async\" src=\"\/deutsch\/assets\/logos\/sport\/light-back\/mybet.png\" width=\"auto\" height=\"auto\" alt=\"Mybet\" \/><\/span>                        <div class=\"operator-closed-box-stars\">\n                          <span>100\u20ac <\/span>MAXIMALER BONUS                        <\/div>\n\n                        <div class=\"claim-bonus-code button-bottom\">\n                             <span class=\"cursored button js-golink hvr-animation multi-line bonus-btn-main-sec\"  onclick=\"OpenGoLink(this);\" data-operator=\"208\" data-bonus=\"1819\"   data-clicks=\"23\"data-type=\"sport\" >jetzt registrieren<i class=\"fa fa-chevron-right\" aria-hidden=\"true\"><\/i> <\/span>                         <\/div><!-- \/.claim-bonus-code -->   \n                    <\/div>\n                <\/div>\n                        <\/div>\n    <\/div>\n<\/div><\/span><\/p>\r\n\r\n<h2>1xbet Promotion Aktionen - welche Bonbons verteilt der Wettanbieter an seine Kunden?<\/h2>\r\n<p class=\"text-justify\">Die derzeit besten 1xbet Promotion Aktionen sind die Advancebet Bonus Aktion, die \u201e<a href=\"https:\/\/bet-bonus.net\/de\/lucky-loser-bonus\/\">Verlorene Wetten Bonus Aktion<\/a>\u201c, sowie die Fantasy Fu\u00dfball Bonus Aktion. Obwohl es bei 1xbet noch zahlreiche andere Angebote f\u00fcr Bestandskunden gibt, handelt es sich bei diesen drei Aktionen um die lukrativsten Angebote, die der Buchmacher aktuell in seinem Portfolio hat. Aus diesem Grund werden Ihnen in diesem Artikel speziell diese drei Bonusaktionen des Buchmachers detailliert vorgestellt. Es wird Ihnen nicht nur gezeigt, wie die jeweiligen Angebote funktionieren, sondern es werden Ihnen auch die genauen Regeln f\u00fcr die jeweilige Aktion ausf\u00fchrlich erkl\u00e4rt. Sollte es bei einem der Angebote zu Stolpersteinen kommen, werden Sie auch darauf hingewiesen, damit Ihrem Wetterfolg bei diesem Anbieter nichts mehr im Wege steht.<\/p>\r\n\r\n<h2>1xbet Advancebet Bonus Aktion<\/h2>\r\n<p class=\"text-justify\">Bei der Promo Aktion von 1xbet mit dem Namen <a href=\"https:\/\/bet-bonus.net\/de\/advancebet-bonus\/\">Advancebet<\/a> haben Sie die M\u00f6glichkeit, bei noch offenen Wetten weitere Sportwetten zu platzieren, obwohl Sie eigentlich kein zum Wetten verf\u00fcgbares Guthaben mehr haben. Mit der Advancebet erhalten Sie also eine Art Vorschuss auf Ihr Konto, ohne weiteres Geld einzahlen zu m\u00fcssen. Je nachdem wie Ihre offenen Wetten und Ihre Advancebet-Wetten enden, kommt es entweder zu einem Gewinn, oder aber Ihre verlorene Advancebet-Wette wird f\u00fcr ung\u00fcltig erkl\u00e4rt. Sollten Sie beispielsweise Ihre offenen Wetten, die Sie vor der Advancebet get\u00e4tigt haben, verlieren, werden die Advancebet-Wetten f\u00fcr ung\u00fcltig erkl\u00e4rt. Sollten Ihre offenen Wetten allerdings gewinnen, dann sind auch die nachtr\u00e4glich abgegebenen Advancebet-Wetten g\u00fcltig. Sollten in diesem Fall die Advancebet-Wetten verlieren, verlieren Sie allerdings auch den Einsatz Ihrer Advancebets.<\/p>\r\n\r\n<h2>1xbet verlorene Wetten Bonus Aktion<\/h2>\r\n<p class=\"text-justify\">Bei der Aktion von 1xbet f\u00fcr verlorene Wetten erhalten Sie vom Buchmacher einen <a href=\"https:\/\/bet-bonus.net\/de\/\">Bonus<\/a>, wenn Sie insgesamt 20 Wetten in Folge verlieren. Sollten Sie also einmal eine schlechte Serie an Tipps haben, hilft Ihnen 1xbet aus dieser Krise wieder herauszukommen. Sollten Sie also insgesamt 20 Wetten hintereinander mit einem Mindesteinsatz von 2 Euro verlieren, erhalten Sie von 1xbet einen Bonus in der H\u00f6he von 100 Euro. Das bedeutet, dass Sie insgesamt 40 Euro verlieren w\u00fcrden, danach aber 100 Euro als Bonus erhalten. Sollten Ihre 20 verlorenen Wetten einen Mindesteinsatz von 5 Euro aufweisen, betr\u00e4gt der Bonus insgesamt 250 Euro, bei einem Mindesteinsatz von 10 Euro erh\u00f6ht sich der Bonusbetrag sogar auf stolze 500 Euro. Zu beachten gibt es bei dieser Aktion, dass die von Ihnen get\u00e4tigten und verlorenen Wetten eine Quote von 3,0 nicht \u00fcberschreiten. Sobald Sie insgesamt 20 Wetten in Folge verloren haben, schreiben Sie dem Support des Buchmachers eine Mail und geben dort auch gleich Ihre Kontonummer an. Nur so stellen Sie sicher, dass Sie den besagten Bonus auch erhalten.<\/p>\r\n<p class=\"text-justify\"><span style=\"font-weight: 400;\">\r\n<div class=\"cta-direct-bonus\">\r\n    <div class=\"col-lg-8 col-md-8 col-sm-8 col-xs-12\">\r\n        <div class=\"row\">\r\n            <p class=\"cta-direct-slogan\">\r\n                Sind Sie bereit Ihren Willkommensbonus zu schnappen?            <\/p>\r\n        <\/div>\r\n    <\/div>\r\n    <div class=\"col-lg-4 col-md-4 col-sm-4 col-xs-12\">\r\n        <div class=\"row\">\r\n             <span class=\"cursored button js-golink cta-direct-button hvr-animation new-hover\"  onclick=\"OpenGoLink(this);\" data-operator=\"7\" data-bonus=\"3873\"   data-clicks=\"33\"data-type=\"sport\" ><span>Jetzt direkt zu 1xBet  !<\/span> <\/span> \r\n        <\/div>\r\n    <\/div>\r\n<\/div>\r\n\r\n<style type=\"text\/css\" media=\"screen\">\r\n    .cta-direct-button.new-hover {\r\n        padding: 3px 0 2px;\r\n    }\r\n<\/style><\/span><\/p>\r\n\r\n<h2>1xbet Fantasy Fussball Bonus Aktion<\/h2>\r\n<p class=\"text-justify\">Beim <a href=\"https:\/\/bet-bonus.net\/de\/fantasy-fussball-bonus\/\">Fantasy Fu\u00dfball<\/a> von 1xbet kann man gegen eine geringe Startgeb\u00fchr an verschiedenen Fantasy Fu\u00dfballturnieren teilnehmen. Je nach Liga und Turnier kann man sich dabei sein eigenes Fantasy Fu\u00dfballteam zusammenstellen. Je nachdem, wie die ausgew\u00e4hlten Spieler bei den Fantasy Fu\u00dfballturnieren abschneiden, werden Punkte vergeben. Wer es schafft, f\u00fcr den jeweiligen Bewerb ein gutes Team zusammenzustellen, kann bei Startgeb\u00fchren von 1 bis 2 Euro insgesamt 100 bis 200 Euro gewinnen. Das ist allerdings nur dann m\u00f6glich, wenn sich gen\u00fcgend Teilnehmer f\u00fcr den jeweiligen Fantasy Fu\u00dfballbewerb anmelden. Bei weniger Teilnehmern ist auch der m\u00f6gliche Gesamtgewinn etwas kleiner. Die Teilnahme beim Fantasy Fu\u00dfball von 1xbet lohnt sich vor allem dann, wenn Sie in speziellen Ligen die jeweiligen Spieler und ihre aktuelle Form genau kennen. Wer sich in einem Bewerb also sehr gut auskennt hat gute Chancen, bei dieser Aktion von 1xbet Gewinne einzufahren.<\/p>\r\n\r\n<h2>1xbet Live Stream Portal - Service Bonus Aktion f\u00fcr Kunden<\/h2>\r\n<p class=\"text-justify\">Neben dem Traditionsbuchmacher Bet365 bietet 1xbet das gr\u00f6\u00dfte Live Stream Angebot in der gesamten Buchmacherszene. Bis zu 10.000 <a href=\"https:\/\/bet-bonus.net\/de\/live-stream\/\">Live Streams<\/a> lassen sich tagt\u00e4glich auf 1xbet finden. Sogar die Deutsche Bundesliga kann man von Deutschland aus bei diesem Anbieter empfangen, womit sich sogar ein Sky-Abo f\u00fcr die Bundesliga er\u00fcbrigt. Das Live Stream Angebot von 1xbet ist allerdings nicht nur riesig, sondern auch benutzerfreundlich aufgebaut. Wenn man m\u00f6chte, kann man sich bis zu vier Streams gleichzeitig in einem Fenster anzeigen lassen. Wer also oft mehrere Veranstaltungen gleichzeitig bewettet, dem kann man das Live Stream Angebot von 1xbet wirklich ans Herz legen.<\/p>\r\n\r\n<h2>Fazit zu den 1xbet Promo Bonus Aktionen<\/h2>\r\n<p class=\"text-justify\">Der Buchmacher 1xbet bietet nicht nur zahlreiche Aktionen im Bereich der Sportwetten und im Casino an, sondern \u00fcberrascht seine Kunden auch immer wieder mit neuen verlockenden Angeboten. Alleine aus diesem Grund lohnt es sich, ein Konto bei diesem Wettanbieter anzulegen, um bei Bedarf auf gute Aktionsangebote zur\u00fcckgreifen zu k\u00f6nnen. Sollten Sie noch kein Konto bei 1xbet besitzen, k\u00f6nnen Sie zudem auch den lukrativen Ersteinzahlungsbonus bei diesem Buchmacher in Anspruch nehmen. Das ist auch gleich eine gute Gelegenheit, um sich selbst von dem riesigen Live Stream Angebot des Buchmachers zu \u00fcberzeugen.<\/p>\r\n<p class=\"text-justify\"><span style=\"font-weight: 400;\"><div class=\"bonus-table\">\n    <div class=\"col-xs-12\">\n        <div class=\"row\">\n\n<!--            <div class=\"hidden-lg hidden-md hidden-sm col-xs-8 bonus-table-body top-responsive\">-->\n<!---->\n<!--            <\/div>-->\n            <div class=\"col-lg-12 col-md-12 col-sm-12 col-xs-12 bonus-table-body op-table no-padding\">\n                <div class=\"col-lg-3 col-md-4 col-sm-12 col-xs-12 bonus-table-head no-padding\">\n                    <p>Buchmacher<\/p>\n                   <!--  <a class=\"hotfix\" href=\"\" rel=\"nofollow\" target=\"_blank\"><img decoding=\"async\" src=\"<?php\/\/ echo $logo_url; ?>\" class=\"img-responsive\"><\/a> -->\n                    <span class=\"\"><img decoding=\"async\" src=\"\/deutsch\/assets\/logos\/sport\/light-back\/1xbet.png\" width=\"100px\" height=\"auto\" alt=\"1xBet\" \/><\/span>                <\/div>\n                <div class=\"col-lg-2 col-md-2 col-sm-6 col-xs-12 rightBordered borders no-padding\">\n                    <p>BONUS<\/p>\n                    <p class=\"bonus-value max-bonus\">130\u20ac<\/p>\n                <\/div>\n                <div class=\"col-lg-2 col-md-2 col-sm-6 col-xs-6 rightBordered no-padding\">\n                    <p>Prozent<\/p>\n                    <p class=\"bonus-value\">100%<\/p>\n                <\/div>\n                <div class=\"col-lg-2 col-md-2 col-sm-6 col-xs-6 no-padding\">\n                    <p>Bewertung<\/p>\n                    <p class=\"rating-number\">9.8<\/p>\n                <\/div>\n                <div class=\"col-lg-3 col-md-4 col-sm-6 col-xs-12 op-table-button no-padding\">\n                    <p>Zum Anbieter<\/p>\n                     <span class=\"cursored button js-golink button claim-bonus-code\"  onclick=\"OpenGoLink(this);\" data-operator=\"7\" data-bonus=\"3873\"   data-clicks=\"33\"data-type=\"sport\" ><button class=\"hvr-animation multi-line bonus-btn-main-sec\"><span>Jetzt Bonus sichern!<\/span><\/button> <\/span>                 <\/div>\n            <\/div>\n        <\/div>\n    <\/div>\n<\/div>\n        <script type=\"application\/ld+json\">\n    {\n        \"@context\": \"https:\/\/schema.org\/\",\n        \"@type\": \"Review\",\n        \"datePublished\": \"15-06-2018\",\n        \"dateModified\": \"30-10-2022\",\n        \"itemReviewed\":{\n                \"@type\": \"Organization\",\n                \"name\": \"1xBet\",\n                \"image\": \" https:\/\/bet-bonus.net\/de\/deutsch\/assets\/logos\/light-back\/1xbet.png\"\n        },\n         \"author\":{\n                \"@type\": \"Person\",\n                 \"name\": \"bet-bonus.net\/DE\"\n         },\n           \"reviewRating\": {\n                \"ratingValue\": \"9.8\",\n                \"bestRating\": \"10\"\n         }\n    }\n\n\n\n        <\/script>\n        <\/span><\/p>","protected":false},"excerpt":{"rendered":"Der Casinobetreiber und Sportwettenanbieter 1xbet bietet seinen Kunden eine Vielzahl an verschiedenen Bonusangeboten. Im folgenden Artikel erhalten Sie detaillierte Informationen \u00fcber die besten 1xbet Promo Angebote f\u00fcr den Bereich der Sportwetten. Die 1xbet Promotion Bonus Angebote k\u00f6nnen sich durchaus sehen lassen, und bilden eine sehr gute Grundlage, damit man erfolgreich bei 1xbet wetten kann. Der<a href=\"https:\/\/bet-bonus.net\/de\/promo-angebote\/\"> &#8230;<\/a>","protected":false},"author":1,"featured_media":0,"parent":0,"menu_order":0,"comment_status":"closed","ping_status":"closed","template":"templates\/template-home.php","meta":{"footnotes":""},"categories":[],"tags":[],"class_list":["post-12","page","type-page","status-publish","hentry"],"yoast_head":"<!-- This site is optimized with the Yoast SEO plugin v26.7 - https:\/\/yoast.com\/wordpress\/plugins\/seo\/ -->\n<title>1xbet Promo Angebote April 2026 \u00bb aktuell bis zu 100\u20ac zus\u00e4tzlich<\/title>\n<meta name=\"robots\" content=\"index, follow, max-snippet:-1, max-image-preview:large, max-video-preview:-1\" \/>\n<link rel=\"canonical\" href=\"https:\/\/bet-bonus.net\/de\/promo-angebote\/\" \/>\n<meta property=\"og:locale\" content=\"de_DE\" \/>\n<meta property=\"og:type\" content=\"article\" \/>\n<meta property=\"og:title\" content=\"1xbet Promo Angebote April 2026 \u00bb aktuell bis zu 100\u20ac zus\u00e4tzlich\" \/>\n<meta property=\"og:url\" content=\"https:\/\/bet-bonus.net\/de\/promo-angebote\/\" \/>\n<meta property=\"og:site_name\" content=\"bet-bonus.net\/DE\" \/>\n<meta property=\"article:modified_time\" content=\"2018-08-07T14:07:00+00:00\" \/>\n<meta name=\"twitter:card\" content=\"summary_large_image\" \/>\n<meta name=\"twitter:label1\" content=\"Gesch\u00e4tzte Lesezeit\" \/>\n\t<meta name=\"twitter:data1\" content=\"5\u00a0Minuten\" \/>\n<script type=\"application\/ld+json\" class=\"yoast-schema-graph\">{\"@context\":\"https:\/\/schema.org\",\"@graph\":[{\"@type\":\"WebPage\",\"@id\":\"https:\/\/bet-bonus.net\/de\/promo-angebote\/\",\"url\":\"https:\/\/bet-bonus.net\/de\/promo-angebote\/\",\"name\":\"1xbet Promo Angebote [month_name] [year] \u00bb aktuell bis zu 100\u20ac zus\u00e4tzlich\",\"isPartOf\":{\"@id\":\"https:\/\/bet-bonus.net\/de\/#website\"},\"datePublished\":\"2018-06-15T10:59:47+00:00\",\"dateModified\":\"2018-08-07T14:07:00+00:00\",\"breadcrumb\":{\"@id\":\"https:\/\/bet-bonus.net\/de\/promo-angebote\/#breadcrumb\"},\"inLanguage\":\"de\",\"potentialAction\":[{\"@type\":\"ReadAction\",\"target\":[\"https:\/\/bet-bonus.net\/de\/promo-angebote\/\"]}]},{\"@type\":\"BreadcrumbList\",\"@id\":\"https:\/\/bet-bonus.net\/de\/promo-angebote\/#breadcrumb\",\"itemListElement\":[{\"@type\":\"ListItem\",\"position\":1,\"name\":\"Home\",\"item\":\"https:\/\/bet-bonus.net\/de\/\"},{\"@type\":\"ListItem\",\"position\":2,\"name\":\"Aktuelle 1xbet Promotion Angebote - alle Deals Dezember 2021 auf einen Blick\"}]},{\"@type\":\"WebSite\",\"@id\":\"https:\/\/bet-bonus.net\/de\/#website\",\"url\":\"https:\/\/bet-bonus.net\/de\/\",\"name\":\"bet-bonus.net\/DE\",\"description\":\"\",\"potentialAction\":[{\"@type\":\"SearchAction\",\"target\":{\"@type\":\"EntryPoint\",\"urlTemplate\":\"https:\/\/bet-bonus.net\/de\/?s={search_term_string}\"},\"query-input\":{\"@type\":\"PropertyValueSpecification\",\"valueRequired\":true,\"valueName\":\"search_term_string\"}}],\"inLanguage\":\"de\"}]}<\/script>\n<!-- \/ Yoast SEO plugin. -->","yoast_head_json":{"title":"1xbet Promo Angebote April 2026 \u00bb aktuell bis zu 100\u20ac zus\u00e4tzlich","robots":{"index":"index","follow":"follow","max-snippet":"max-snippet:-1","max-image-preview":"max-image-preview:large","max-video-preview":"max-video-preview:-1"},"canonical":"https:\/\/bet-bonus.net\/de\/promo-angebote\/","og_locale":"de_DE","og_type":"article","og_title":"1xbet Promo Angebote April 2026 \u00bb aktuell bis zu 100\u20ac zus\u00e4tzlich","og_url":"https:\/\/bet-bonus.net\/de\/promo-angebote\/","og_site_name":"bet-bonus.net\/DE","article_modified_time":"2018-08-07T14:07:00+00:00","twitter_card":"summary_large_image","twitter_misc":{"Gesch\u00e4tzte Lesezeit":"5\u00a0Minuten"},"schema":{"@context":"https:\/\/schema.org","@graph":[{"@type":"WebPage","@id":"https:\/\/bet-bonus.net\/de\/promo-angebote\/","url":"https:\/\/bet-bonus.net\/de\/promo-angebote\/","name":"1xbet Promo Angebote [month_name] [year] \u00bb aktuell bis zu 100\u20ac zus\u00e4tzlich","isPartOf":{"@id":"https:\/\/bet-bonus.net\/de\/#website"},"datePublished":"2018-06-15T10:59:47+00:00","dateModified":"2018-08-07T14:07:00+00:00","breadcrumb":{"@id":"https:\/\/bet-bonus.net\/de\/promo-angebote\/#breadcrumb"},"inLanguage":"de","potentialAction":[{"@type":"ReadAction","target":["https:\/\/bet-bonus.net\/de\/promo-angebote\/"]}]},{"@type":"BreadcrumbList","@id":"https:\/\/bet-bonus.net\/de\/promo-angebote\/#breadcrumb","itemListElement":[{"@type":"ListItem","position":1,"name":"Home","item":"https:\/\/bet-bonus.net\/de\/"},{"@type":"ListItem","position":2,"name":"Aktuelle 1xbet Promotion Angebote - alle Deals Dezember 2021 auf einen Blick"}]},{"@type":"WebSite","@id":"https:\/\/bet-bonus.net\/de\/#website","url":"https:\/\/bet-bonus.net\/de\/","name":"bet-bonus.net\/DE","description":"","potentialAction":[{"@type":"SearchAction","target":{"@type":"EntryPoint","urlTemplate":"https:\/\/bet-bonus.net\/de\/?s={search_term_string}"},"query-input":{"@type":"PropertyValueSpecification","valueRequired":true,"valueName":"search_term_string"}}],"inLanguage":"de"}]}},"_links":{"self":[{"href":"https:\/\/bet-bonus.net\/de\/wp-json\/wp\/v2\/pages\/12","targetHints":{"allow":["GET"]}}],"collection":[{"href":"https:\/\/bet-bonus.net\/de\/wp-json\/wp\/v2\/pages"}],"about":[{"href":"https:\/\/bet-bonus.net\/de\/wp-json\/wp\/v2\/types\/page"}],"author":[{"embeddable":true,"href":"https:\/\/bet-bonus.net\/de\/wp-json\/wp\/v2\/users\/1"}],"replies":[{"embeddable":true,"href":"https:\/\/bet-bonus.net\/de\/wp-json\/wp\/v2\/comments?post=12"}],"version-history":[{"count":8,"href":"https:\/\/bet-bonus.net\/de\/wp-json\/wp\/v2\/pages\/12\/revisions"}],"predecessor-version":[{"id":731,"href":"https:\/\/bet-bonus.net\/de\/wp-json\/wp\/v2\/pages\/12\/revisions\/731"}],"wp:attachment":[{"href":"https:\/\/bet-bonus.net\/de\/wp-json\/wp\/v2\/media?parent=12"}],"wp:term":[{"taxonomy":"category","embeddable":true,"href":"https:\/\/bet-bonus.net\/de\/wp-json\/wp\/v2\/categories?post=12"},{"taxonomy":"post_tag","embeddable":true,"href":"https:\/\/bet-bonus.net\/de\/wp-json\/wp\/v2\/tags?post=12"}],"curies":[{"name":"wp","href":"https:\/\/api.w.org\/{rel}","templated":true}]}}