{"id":99,"date":"2018-07-16T09:26:16","date_gmt":"2018-07-16T09:26:16","guid":{"rendered":"http:\/\/bet-bonus.net\/br\/?page_id=99"},"modified":"2018-07-27T11:50:14","modified_gmt":"2018-07-27T11:50:14","slug":"suporte","status":"publish","type":"page","link":"https:\/\/bet-bonus.net\/br\/suporte\/","title":{"rendered":"Apoio ao Jogador 1xBet - Nunca foi t\u00e3o F\u00e1cil e R\u00e1pido tirar suas D\u00favidas"},"content":{"rendered":"<p class=\"text-justify\">Quando voc\u00ea escolhe a 1xBet para fazer as suas apostas online tem a garantia de que al\u00e9m de lidar com uma empresa s\u00e9ria e consolidada no mercado de apostas, ter\u00e1 a tranquilidade do suporte <a href=\"https:\/\/bet-bonus.net\/br\/analise\/\">1xBet<\/a>. Suas d\u00favidas podem ser sanadas a qualquer momento com um de nossos v\u00e1rios consultores altamente treinados. Para n\u00f3s n\u00e3o h\u00e1 dist\u00e2ncia, nem hor\u00e1rio que nos impe\u00e7a de lhe oferecer a melhor experi\u00eancia em apostas online.<\/p> \r\n\r\n            <div class=\"bonus-box first-box\">\n                <div class=\"bonus-box-head\">\n                    <div class=\"col-lg-3 col-md-4 col-sm-4 col-xs-12 \">\n                        <span class=\"hotfix operator-logo\"><img decoding=\"async\" src=\"\/portuguese\/assets\/logos\/sport\/dark-back\/1xbet.png\" width=\"auto\" height=\"auto\" alt=\"1xBet\" \/><\/span>                    <\/div>\n                    <div class=\"col-lg-4 col-md-4 col-sm-4 col-xs-6\">\n                        <p class=\"box-title\">1xBet&nbsp;sport<\/p>\n                    <\/div>\n                    <div class=\"col-lg-5 col-md-4 col-sm-4 col-xs-6\">\n                        <div class=\"likes-box likes-js\" data-likesid=\"1\">\n                            <div class=\"likes-icon-js\"><i class=\"fa fa-heart\" aria-hidden=\"true\"><\/i><\/div>\n                            <div class=\"likes-text-js\"><p>1196 likes<\/p><\/div>\n                        <\/div>\n                    <\/div>\n                <\/div>\n                <div class=\"bonus-box-body\">\n                    <div class=\"col-lg-3 col-md-3 col-sm-6 col-xs-12 rightBordered m-bonus no-padding\">\n                        <p>B\u00f4nus M\u00e1ximo<\/p>\n                        <p class=\"bonus-value max-bonus\">R$1200<\/p>\n                    <\/div>\n                                            <div class=\"col-lg-2 col-md-2 col-sm-6 col-xs-12 no-padding\">\n                            <p>Odds M\u00edn.<\/p>\n                            <p class=\"bonus-value\">2.00<\/p>\n                        <\/div>\n                                                                <div class=\"col-lg-2 col-md-2 col-sm-6 col-xs-12 no-padding \">\n                            <p>Requisito<\/p>\n                            <p class=\"bonus-value\">9x Bonus<\/p>\n                        <\/div>\n                                        <div class=\"col-lg-2 col-md-2 col-sm-6 col-xs-12 no-padding\">\n                        <p>Porcentagem<\/p>\n                        <p class=\"bonus-value\">100%<\/p>\n                    <\/div>\n                    <div class=\"col-lg-3 col-md-3 col-sm-6 col-xs-12 claim-bonus-sec \">\n\n                                                <div>\n                             <div   class=\"bonuscode  secret-code \"><span>Nenhum C\u00f3digo b\u00f4nus Obrigat\u00f3rio<\/span><\/div> <span class=\"cursored button js-golink  claim-bonus-code\"  onclick=\"OpenGoLink(this);\" data-operator=\"7\" data-bonus=\"3921\"   data-clicks=\"1\"data-type=\"sport\" ><div class='hvr-animation bonus-btn-main-sec'><span>Mostrar o C\u00f3digo de B\u00f4nus<\/span><\/div> <\/span>                         <\/div>\n                    <\/div>\n                <\/div>\n                            <\/div>\n                        <div class=\"bonus-box first-box\">\n                <div class=\"bonus-box-head\">\n                    <div class=\"col-lg-3 col-md-4 col-sm-4 col-xs-12 \">\n                        <span class=\"hotfix operator-logo\"><img decoding=\"async\" src=\"\/portuguese\/assets\/logos\/casino\/dark-back\/1xbet-casino.png\" width=\"auto\" height=\"auto\" alt=\"1xBet\" \/><\/span>                    <\/div>\n                    <div class=\"col-lg-4 col-md-4 col-sm-4 col-xs-6\">\n                        <p class=\"box-title\">1xBet&nbsp;casino<\/p>\n                    <\/div>\n                    <div class=\"col-lg-5 col-md-4 col-sm-4 col-xs-6\">\n                        <div class=\"likes-box likes-js\" data-likesid=\"16\">\n                            <div class=\"likes-icon-js\"><i class=\"fa fa-heart\" aria-hidden=\"true\"><\/i><\/div>\n                            <div class=\"likes-text-js\"><p>1755 likes<\/p><\/div>\n                        <\/div>\n                    <\/div>\n                <\/div>\n                <div class=\"bonus-box-body\">\n                    <div class=\"col-lg-3 col-md-3 col-sm-6 col-xs-12 rightBordered m-bonus no-padding\">\n                        <p>B\u00f4nus M\u00e1ximo<\/p>\n                        <p class=\"bonus-value max-bonus\">R$1600<\/p>\n                    <\/div>\n                                                                <div class=\"col-lg-2 col-md-2 col-sm-6 col-xs-12 no-padding \">\n                            <p>Requisito<\/p>\n                            <p class=\"bonus-value\">35x Bonus<\/p>\n                        <\/div>\n                                        <div class=\"col-lg-2 col-md-2 col-sm-6 col-xs-12 no-padding\">\n                        <p>Porcentagem<\/p>\n                        <p class=\"bonus-value\">100%<\/p>\n                    <\/div>\n                    <div class=\"col-lg-3 col-md-3 col-sm-6 col-xs-12 claim-bonus-sec \">\n\n                                                <div>\n                             <div   class=\"bonuscode  secret-code \"><span>Nenhum C\u00f3digo b\u00f4nus Obrigat\u00f3rio<\/span><\/div> <span class=\"cursored button js-golink  claim-bonus-code\"  onclick=\"OpenGoLink(this);\" data-operator=\"8\" data-bonus=\"5396\"   data-clicks=\"17\"data-type=\"casino\" ><div class='hvr-animation bonus-btn-main-sec'><span>Mostrar o C\u00f3digo de B\u00f4nus<\/span><\/div> <\/span>                         <\/div>\n                    <\/div>\n                <\/div>\n                            <\/div>\n                        <div class=\"bonus-box first-box\">\n                <div class=\"bonus-box-head\">\n                    <div class=\"col-lg-3 col-md-4 col-sm-4 col-xs-12 \">\n                        <span class=\"hotfix operator-logo\"><img decoding=\"async\" src=\"\/portuguese\/assets\/logos\/poker\/dark-back\/1xbet-poker.png\" width=\"auto\" height=\"auto\" alt=\"1xBet\" \/><\/span>                    <\/div>\n                    <div class=\"col-lg-4 col-md-4 col-sm-4 col-xs-6\">\n                        <p class=\"box-title\">1xBet&nbsp;poker<\/p>\n                    <\/div>\n                    <div class=\"col-lg-5 col-md-4 col-sm-4 col-xs-6\">\n                        <div class=\"likes-box likes-js\" data-likesid=\"12\">\n                            <div class=\"likes-icon-js\"><i class=\"fa fa-heart\" aria-hidden=\"true\"><\/i><\/div>\n                            <div class=\"likes-text-js\"><p>1130 likes<\/p><\/div>\n                        <\/div>\n                    <\/div>\n                <\/div>\n                <div class=\"bonus-box-body\">\n                    <div class=\"col-lg-3 col-md-3 col-sm-6 col-xs-12 rightBordered m-bonus no-padding\">\n                        <p>B\u00f4nus M\u00e1ximo<\/p>\n                        <p class=\"bonus-value max-bonus\">No Bonus<\/p>\n                    <\/div>\n                                                                <div class=\"col-lg-2 col-md-2 col-sm-6 col-xs-12 no-padding \">\n                            <p>Requisito<\/p>\n                            <p class=\"bonus-value\">x <\/p>\n                        <\/div>\n                                        <div class=\"col-lg-2 col-md-2 col-sm-6 col-xs-12 no-padding\">\n                        <p>Porcentagem<\/p>\n                        <p class=\"bonus-value\">-<\/p>\n                    <\/div>\n                    <div class=\"col-lg-3 col-md-3 col-sm-6 col-xs-12 claim-bonus-sec \">\n\n                                                <div>\n                             <div   class=\"bonuscode  secret-code \"><span>Nenhum C\u00f3digo b\u00f4nus Obrigat\u00f3rio<\/span><\/div> <span class=\"cursored button js-golink  claim-bonus-code\"  onclick=\"OpenGoLink(this);\" data-operator=\"573\" data-bonus=\"4043\"   data-clicks=\"13\"data-type=\"poker\" ><div class='hvr-animation bonus-btn-main-sec'><span>Mostrar o C\u00f3digo de B\u00f4nus<\/span><\/div> <\/span>                         <\/div>\n                    <\/div>\n                <\/div>\n                            <\/div>\n            \r\n\r\n<h2>Quais s\u00e3o as formas de contato do Apoio ao Consumidor?<\/h2>\r\n\r\n<p class=\"text-justify\">A 1xBet oferece atendimento para o consumidor de diferentes formas. O mais r\u00e1pido e pr\u00e1tico meio de contato \u00e9 via chat, em que o usu\u00e1rio precisa apenas estar logado e clicar na caixa de di\u00e1logo do chat que fica no canto inferior direito da tela do seu computador. Ali basta digitar a sua d\u00favida que um consultor falando portugu\u00eas vai esclarec\u00ea-la em poucos minutos. Al\u00e9m do chat tamb\u00e9m \u00e9 poss\u00edvel obter ajuda enviado um e-mail para info-pt@1xbet.com explicitando qual \u00e9 o seu problema.<\/p> \r\n\r\n<p class=\"text-justify\">O e-mail ser\u00e1 retornado por um operador da equipe da 1xBet assim que poss\u00edvel. Na aba Contato, dispon\u00edvel no rodap\u00e9 da p\u00e1gina tamb\u00e9m \u00e9 poss\u00edvel preencher um formul\u00e1rio com o m\u00e1ximo de informa\u00e7\u00f5es sobre sua d\u00favida para que um de nossos colaboradores retorne o contato via e-mail com a resposta. Quest\u00f5es gerais podem ser tratadas no telefone +44 127 325-69-87, bem como pelo chat.<\/p> \r\n\r\n\r\n<div class=\"cta-direct-bonus\">\r\n    <div class=\"col-lg-8 col-md-8 col-sm-8 col-xs-12\">\r\n        <div class=\"row\">\r\n            <p class=\"cta-direct-slogan\">\r\n                Est\u00e1 Pronto para Pegar Seu B\u00f4nus de Boas-Vindas?            <\/p>\r\n        <\/div>\r\n    <\/div>\r\n    <div class=\"col-lg-4 col-md-4 col-sm-4 col-xs-12\">\r\n        <div class=\"row\">\r\n             <span class=\"cursored button js-golink cta-direct-button hvr-animation new-hover\"  onclick=\"OpenGoLink(this);\" data-operator=\"7\" data-bonus=\"4043\"   data-clicks=\"12\"data-type=\"sport\" ><span>Visitar 1xBet Agora!<\/span> <\/span> \r\n        <\/div>\r\n    <\/div>\r\n<\/div>\r\n\r\n<style type=\"text\/css\" media=\"screen\">\r\n    .cta-direct-button.new-hover {\r\n        padding: 3px 0 2px;\r\n    }\r\n<\/style>\r\n\r\n<h2>Quais os hor\u00e1rios do atendimento?<\/h2>\r\n\r\n<p class=\"text-justify\">O suporte 1xBet fica dispon\u00edvel 24 horas por dia tanto para contato telef\u00f4nico, quanto para o chat online. Logo, voc\u00ea pode apostar, fazer dep\u00f3sitos ou solicita\u00e7\u00f5es de pagamentos em qualquer hor\u00e1rio do dia, pois se aparecer uma eventual d\u00favida poder\u00e1 san\u00e1-la com um de nossos treinados operadores, que falam portugu\u00eas fluentemente para melhor ajud\u00e1-lo.<\/p> \r\n\r\n<p class=\"text-justify\">Contatos via e-mail podem ser respondidos pouco depois da solicita\u00e7\u00e3o, como podem ficar para o dia seguinte no caso de envio noturno, pois dependendo do problema, pode ser necess\u00e1ria uma an\u00e1lise profunda do caso a fim de se obter uma resposta concreta para repassar ao consumidor, evitando informa\u00e7\u00f5es desencontradas. Prezamos por s\u00f3 passar informa\u00e7\u00f5es corretas, por isso somos r\u00edgidos com a qualidade das solu\u00e7\u00f5es de cada caso explicitado por nossos clientes. A sua satisfa\u00e7\u00e3o \u00e9 um dos nossos objetivos.<\/p> \r\n\r\n\r\n<div class=\"cta-direct-bonus\">\r\n    <div class=\"col-lg-8 col-md-8 col-sm-8 col-xs-12\">\r\n        <div class=\"row\">\r\n            <p class=\"cta-direct-slogan\">\r\n                Est\u00e1 Pronto para Pegar Seu B\u00f4nus de Boas-Vindas?            <\/p>\r\n        <\/div>\r\n    <\/div>\r\n    <div class=\"col-lg-4 col-md-4 col-sm-4 col-xs-12\">\r\n        <div class=\"row\">\r\n             <span class=\"cursored button js-golink cta-direct-button hvr-animation new-hover\"  onclick=\"OpenGoLink(this);\" data-operator=\"7\" data-bonus=\"3921\"   data-clicks=\"1\"data-type=\"sport\" ><span>Visitar 1xBet Agora!<\/span> <\/span> \r\n        <\/div>\r\n    <\/div>\r\n<\/div>\r\n\r\n<style type=\"text\/css\" media=\"screen\">\r\n    .cta-direct-button.new-hover {\r\n        padding: 3px 0 2px;\r\n    }\r\n<\/style>\r\n\r\n<h2>Qual a forma mais r\u00e1pida?<\/h2>\r\n\r\n<p class=\"text-justify\">A forma mais r\u00e1pida de contato \u00e9 sem d\u00favidas o chat online. N\u00e3o \u00e9 que os demais meios demorem muito para responder, mas no chat o consumidor n\u00e3o precisa preencher um formul\u00e1rio e ficar um bom tempo na fila de espera. Ele s\u00f3 tem que clicar sobre a caixa de di\u00e1logo e digitar a sua d\u00favida que automaticamente a mesma aparece para um operador dispon\u00edvel em nossa central, que por sua vez a responder\u00e1 o mais r\u00e1pido poss\u00edvel. Atrav\u00e9s do chat o consumidor tamb\u00e9m tem a tranquilidade de escrever exatamente o que precisa saber e salvar as repostas em um documento de texto, para assim consultar a informa\u00e7\u00e3o posteriormente quando for necess\u00e1rio.<\/p> \r\n\r\n\r\n<div class=\"cta-direct-bonus\">\r\n    <div class=\"col-lg-8 col-md-8 col-sm-8 col-xs-12\">\r\n        <div class=\"row\">\r\n            <p class=\"cta-direct-slogan\">\r\n                Est\u00e1 Pronto para Pegar Seu B\u00f4nus de Boas-Vindas?            <\/p>\r\n        <\/div>\r\n    <\/div>\r\n    <div class=\"col-lg-4 col-md-4 col-sm-4 col-xs-12\">\r\n        <div class=\"row\">\r\n             <span class=\"cursored button js-golink cta-direct-button hvr-animation new-hover\"  onclick=\"OpenGoLink(this);\" data-operator=\"7\" data-bonus=\"3921\"   data-clicks=\"1\"data-type=\"sport\" ><span>Visitar 1xBet Agora!<\/span> <\/span> \r\n        <\/div>\r\n    <\/div>\r\n<\/div>\r\n\r\n<style type=\"text\/css\" media=\"screen\">\r\n    .cta-direct-button.new-hover {\r\n        padding: 3px 0 2px;\r\n    }\r\n<\/style>\r\n\r\n<h2>E se n\u00e3o resolverem o meu problema?<\/h2>\r\n\r\n<p class=\"text-justify\">O seu problema sempre ter\u00e1 uma resposta em nosso suporte, seja na quest\u00e3o de dep\u00f3sitos e saques ou uma d\u00favida simples sobre jogadas e sistemas de apostas. O que pode acontecer \u00e9 de eventualmente seu e-mail possa demorar mais para ser respondido em compara\u00e7\u00e3o ao chat ou o caso precisar de uma apura\u00e7\u00e3o interna, sendo oferecido um prazo para a resolu\u00e7\u00e3o do problema com contato posterior.<\/p> \r\n\r\n<p class=\"text-justify\">Entretanto, salientamos, voc\u00ea sempre ter\u00e1 um posicionamento da empresa o mais r\u00e1pido poss\u00edvel, pois contamos com uma equipe que reveza seu trabalho por 24 horas a fim de oferecer o melhor atendimento e m\u00e1xima satisfa\u00e7\u00e3o para apostadores. Logo, fique tranquilo, pois todas as suas d\u00favidas e problemas relacionados com a plataforma de jogos e apostas ser\u00e3o solucionadas e voc\u00ea n\u00e3o ficar\u00e1 sem um posicionamento por parte da 1xbet.<\/p>","protected":false},"excerpt":{"rendered":"Quando voc\u00ea escolhe a 1xBet para fazer as suas apostas online tem a garantia de que al\u00e9m de lidar com uma empresa s\u00e9ria e consolidada no mercado de apostas, ter\u00e1 a tranquilidade do suporte 1xBet. Suas d\u00favidas podem ser sanadas a qualquer momento com um de nossos v\u00e1rios consultores altamente treinados. Para n\u00f3s n\u00e3o h\u00e1<a href=\"https:\/\/bet-bonus.net\/br\/suporte\/\"> &#8230;<\/a>","protected":false},"author":1,"featured_media":0,"parent":0,"menu_order":0,"comment_status":"closed","ping_status":"closed","template":"","meta":{"footnotes":""},"categories":[],"tags":[],"class_list":["post-99","page","type-page","status-publish","hentry"],"yoast_head":"<!-- This site is optimized with the Yoast SEO plugin v26.7 - https:\/\/yoast.com\/wordpress\/plugins\/seo\/ -->\n<title>1xBet Suporte \u00bb Chat e Telefone para Atendimento ao Cliente<\/title>\n<meta name=\"robots\" content=\"index, follow, max-snippet:-1, max-image-preview:large, max-video-preview:-1\" \/>\n<link rel=\"canonical\" href=\"https:\/\/bet-bonus.net\/br\/suporte\/\" \/>\n<meta property=\"og:locale\" content=\"pt_BR\" \/>\n<meta property=\"og:type\" content=\"article\" \/>\n<meta property=\"og:title\" content=\"1xBet Suporte \u00bb Chat e Telefone para Atendimento ao Cliente\" \/>\n<meta property=\"og:url\" content=\"https:\/\/bet-bonus.net\/br\/suporte\/\" \/>\n<meta property=\"og:site_name\" content=\"bet-bonus.net\/br\" \/>\n<meta property=\"article:modified_time\" content=\"2018-07-27T11:50:14+00:00\" \/>\n<meta name=\"twitter:card\" content=\"summary_large_image\" \/>\n<meta name=\"twitter:label1\" content=\"Est. tempo de leitura\" \/>\n\t<meta name=\"twitter:data1\" content=\"4 minutos\" \/>\n<script type=\"application\/ld+json\" class=\"yoast-schema-graph\">{\"@context\":\"https:\/\/schema.org\",\"@graph\":[{\"@type\":\"WebPage\",\"@id\":\"https:\/\/bet-bonus.net\/br\/suporte\/\",\"url\":\"https:\/\/bet-bonus.net\/br\/suporte\/\",\"name\":\"1xBet Suporte \u00bb Chat e Telefone para Atendimento ao Cliente\",\"isPartOf\":{\"@id\":\"https:\/\/bet-bonus.net\/br\/#website\"},\"datePublished\":\"2018-07-16T09:26:16+00:00\",\"dateModified\":\"2018-07-27T11:50:14+00:00\",\"breadcrumb\":{\"@id\":\"https:\/\/bet-bonus.net\/br\/suporte\/#breadcrumb\"},\"inLanguage\":\"pt-BR\",\"potentialAction\":[{\"@type\":\"ReadAction\",\"target\":[\"https:\/\/bet-bonus.net\/br\/suporte\/\"]}]},{\"@type\":\"BreadcrumbList\",\"@id\":\"https:\/\/bet-bonus.net\/br\/suporte\/#breadcrumb\",\"itemListElement\":[{\"@type\":\"ListItem\",\"position\":1,\"name\":\"Home\",\"item\":\"https:\/\/bet-bonus.net\/br\/\"},{\"@type\":\"ListItem\",\"position\":2,\"name\":\"Apoio ao Jogador 1xBet - Nunca foi t\u00e3o F\u00e1cil e R\u00e1pido tirar suas D\u00favidas\"}]},{\"@type\":\"WebSite\",\"@id\":\"https:\/\/bet-bonus.net\/br\/#website\",\"url\":\"https:\/\/bet-bonus.net\/br\/\",\"name\":\"bet-bonus.net\/br\",\"description\":\"\",\"potentialAction\":[{\"@type\":\"SearchAction\",\"target\":{\"@type\":\"EntryPoint\",\"urlTemplate\":\"https:\/\/bet-bonus.net\/br\/?s={search_term_string}\"},\"query-input\":{\"@type\":\"PropertyValueSpecification\",\"valueRequired\":true,\"valueName\":\"search_term_string\"}}],\"inLanguage\":\"pt-BR\"}]}<\/script>\n<!-- \/ Yoast SEO plugin. -->","yoast_head_json":{"title":"1xBet Suporte \u00bb Chat e Telefone para Atendimento ao Cliente","robots":{"index":"index","follow":"follow","max-snippet":"max-snippet:-1","max-image-preview":"max-image-preview:large","max-video-preview":"max-video-preview:-1"},"canonical":"https:\/\/bet-bonus.net\/br\/suporte\/","og_locale":"pt_BR","og_type":"article","og_title":"1xBet Suporte \u00bb Chat e Telefone para Atendimento ao Cliente","og_url":"https:\/\/bet-bonus.net\/br\/suporte\/","og_site_name":"bet-bonus.net\/br","article_modified_time":"2018-07-27T11:50:14+00:00","twitter_card":"summary_large_image","twitter_misc":{"Est. tempo de leitura":"4 minutos"},"schema":{"@context":"https:\/\/schema.org","@graph":[{"@type":"WebPage","@id":"https:\/\/bet-bonus.net\/br\/suporte\/","url":"https:\/\/bet-bonus.net\/br\/suporte\/","name":"1xBet Suporte \u00bb Chat e Telefone para Atendimento ao Cliente","isPartOf":{"@id":"https:\/\/bet-bonus.net\/br\/#website"},"datePublished":"2018-07-16T09:26:16+00:00","dateModified":"2018-07-27T11:50:14+00:00","breadcrumb":{"@id":"https:\/\/bet-bonus.net\/br\/suporte\/#breadcrumb"},"inLanguage":"pt-BR","potentialAction":[{"@type":"ReadAction","target":["https:\/\/bet-bonus.net\/br\/suporte\/"]}]},{"@type":"BreadcrumbList","@id":"https:\/\/bet-bonus.net\/br\/suporte\/#breadcrumb","itemListElement":[{"@type":"ListItem","position":1,"name":"Home","item":"https:\/\/bet-bonus.net\/br\/"},{"@type":"ListItem","position":2,"name":"Apoio ao Jogador 1xBet - Nunca foi t\u00e3o F\u00e1cil e R\u00e1pido tirar suas D\u00favidas"}]},{"@type":"WebSite","@id":"https:\/\/bet-bonus.net\/br\/#website","url":"https:\/\/bet-bonus.net\/br\/","name":"bet-bonus.net\/br","description":"","potentialAction":[{"@type":"SearchAction","target":{"@type":"EntryPoint","urlTemplate":"https:\/\/bet-bonus.net\/br\/?s={search_term_string}"},"query-input":{"@type":"PropertyValueSpecification","valueRequired":true,"valueName":"search_term_string"}}],"inLanguage":"pt-BR"}]}},"_links":{"self":[{"href":"https:\/\/bet-bonus.net\/br\/wp-json\/wp\/v2\/pages\/99","targetHints":{"allow":["GET"]}}],"collection":[{"href":"https:\/\/bet-bonus.net\/br\/wp-json\/wp\/v2\/pages"}],"about":[{"href":"https:\/\/bet-bonus.net\/br\/wp-json\/wp\/v2\/types\/page"}],"author":[{"embeddable":true,"href":"https:\/\/bet-bonus.net\/br\/wp-json\/wp\/v2\/users\/1"}],"replies":[{"embeddable":true,"href":"https:\/\/bet-bonus.net\/br\/wp-json\/wp\/v2\/comments?post=99"}],"version-history":[{"count":4,"href":"https:\/\/bet-bonus.net\/br\/wp-json\/wp\/v2\/pages\/99\/revisions"}],"predecessor-version":[{"id":459,"href":"https:\/\/bet-bonus.net\/br\/wp-json\/wp\/v2\/pages\/99\/revisions\/459"}],"wp:attachment":[{"href":"https:\/\/bet-bonus.net\/br\/wp-json\/wp\/v2\/media?parent=99"}],"wp:term":[{"taxonomy":"category","embeddable":true,"href":"https:\/\/bet-bonus.net\/br\/wp-json\/wp\/v2\/categories?post=99"},{"taxonomy":"post_tag","embeddable":true,"href":"https:\/\/bet-bonus.net\/br\/wp-json\/wp\/v2\/tags?post=99"}],"curies":[{"name":"wp","href":"https:\/\/api.w.org\/{rel}","templated":true}]}}