{"id":59,"date":"2018-07-15T21:34:09","date_gmt":"2018-07-15T21:34:09","guid":{"rendered":"http:\/\/bet-bonus.net\/br\/?page_id=59"},"modified":"2018-07-27T14:46:01","modified_gmt":"2018-07-27T14:46:01","slug":"seguranca","status":"publish","type":"page","link":"https:\/\/bet-bonus.net\/br\/seguranca\/","title":{"rendered":"Seguran\u00e7a da 1xBet - Saiba porque \u00e9 seguro jogar neste Operador Online"},"content":{"rendered":"<p class=\"text-justify\">A maior plataformas de apostas online do Brasil, <a href=\"https:\/\/bet-bonus.net\/br\/analise\/\">1xBet<\/a>, \u00e9 tamb\u00e9m uma das mais seguras casas de apostas, o site \u00e9 licenciado e regulamentado atrav\u00e9s da Comiss\u00e3o de Apostas Internacional, e oferece a todos os seus usu\u00e1rios o que h\u00e1 de mais moderno quando se trata de seguran\u00e7a digital.<\/p> \r\n\r\n<p class=\"text-justify\">Al\u00e9m do licenciamento e controle estritos, a 1xBet tamb\u00e9m emprega a mais recente tecnologia de criptografia digital para garantir a seguran\u00e7a total do site. \r\nO cassino tamb\u00e9m possui controle de seguran\u00e7a para impedir o acesso a menores de 18 anos, tornando o ambiente do casino um local seguro para transacionar e jogar.<\/p> \r\n\r\n            <div class=\"bonus-box first-box\">\n                <div class=\"bonus-box-head\">\n                    <div class=\"col-lg-3 col-md-4 col-sm-4 col-xs-12 \">\n                        <span class=\"hotfix operator-logo\"><img decoding=\"async\" src=\"\/portuguese\/assets\/logos\/sport\/dark-back\/1xbet.png\" width=\"auto\" height=\"auto\" alt=\"1xBet\" \/><\/span>                    <\/div>\n                    <div class=\"col-lg-4 col-md-4 col-sm-4 col-xs-6\">\n                        <p class=\"box-title\">1xBet&nbsp;sport<\/p>\n                    <\/div>\n                    <div class=\"col-lg-5 col-md-4 col-sm-4 col-xs-6\">\n                        <div class=\"likes-box likes-js\" data-likesid=\"1\">\n                            <div class=\"likes-icon-js\"><i class=\"fa fa-heart\" aria-hidden=\"true\"><\/i><\/div>\n                            <div class=\"likes-text-js\"><p>1196 likes<\/p><\/div>\n                        <\/div>\n                    <\/div>\n                <\/div>\n                <div class=\"bonus-box-body\">\n                    <div class=\"col-lg-3 col-md-3 col-sm-6 col-xs-12 rightBordered m-bonus no-padding\">\n                        <p>B\u00f4nus M\u00e1ximo<\/p>\n                        <p class=\"bonus-value max-bonus\">R$1200<\/p>\n                    <\/div>\n                                            <div class=\"col-lg-2 col-md-2 col-sm-6 col-xs-12 no-padding\">\n                            <p>Odds M\u00edn.<\/p>\n                            <p class=\"bonus-value\">2.00<\/p>\n                        <\/div>\n                                                                <div class=\"col-lg-2 col-md-2 col-sm-6 col-xs-12 no-padding \">\n                            <p>Requisito<\/p>\n                            <p class=\"bonus-value\">9x Bonus<\/p>\n                        <\/div>\n                                        <div class=\"col-lg-2 col-md-2 col-sm-6 col-xs-12 no-padding\">\n                        <p>Porcentagem<\/p>\n                        <p class=\"bonus-value\">100%<\/p>\n                    <\/div>\n                    <div class=\"col-lg-3 col-md-3 col-sm-6 col-xs-12 claim-bonus-sec \">\n\n                                                <div>\n                             <div   class=\"bonuscode  secret-code \"><span>Nenhum C\u00f3digo b\u00f4nus Obrigat\u00f3rio<\/span><\/div> <span class=\"cursored button js-golink  claim-bonus-code\"  onclick=\"OpenGoLink(this);\" data-operator=\"7\" data-bonus=\"3921\"   data-clicks=\"1\"data-type=\"sport\" ><div class='hvr-animation bonus-btn-main-sec'><span>Mostrar o C\u00f3digo de B\u00f4nus<\/span><\/div> <\/span>                         <\/div>\n                    <\/div>\n                <\/div>\n                            <\/div>\n                        <div class=\"bonus-box first-box\">\n                <div class=\"bonus-box-head\">\n                    <div class=\"col-lg-3 col-md-4 col-sm-4 col-xs-12 \">\n                        <span class=\"hotfix operator-logo\"><img decoding=\"async\" src=\"\/portuguese\/assets\/logos\/casino\/dark-back\/1xbet-casino.png\" width=\"auto\" height=\"auto\" alt=\"1xBet\" \/><\/span>                    <\/div>\n                    <div class=\"col-lg-4 col-md-4 col-sm-4 col-xs-6\">\n                        <p class=\"box-title\">1xBet&nbsp;casino<\/p>\n                    <\/div>\n                    <div class=\"col-lg-5 col-md-4 col-sm-4 col-xs-6\">\n                        <div class=\"likes-box likes-js\" data-likesid=\"16\">\n                            <div class=\"likes-icon-js\"><i class=\"fa fa-heart\" aria-hidden=\"true\"><\/i><\/div>\n                            <div class=\"likes-text-js\"><p>1755 likes<\/p><\/div>\n                        <\/div>\n                    <\/div>\n                <\/div>\n                <div class=\"bonus-box-body\">\n                    <div class=\"col-lg-3 col-md-3 col-sm-6 col-xs-12 rightBordered m-bonus no-padding\">\n                        <p>B\u00f4nus M\u00e1ximo<\/p>\n                        <p class=\"bonus-value max-bonus\">R$1600<\/p>\n                    <\/div>\n                                                                <div class=\"col-lg-2 col-md-2 col-sm-6 col-xs-12 no-padding \">\n                            <p>Requisito<\/p>\n                            <p class=\"bonus-value\">35x Bonus<\/p>\n                        <\/div>\n                                        <div class=\"col-lg-2 col-md-2 col-sm-6 col-xs-12 no-padding\">\n                        <p>Porcentagem<\/p>\n                        <p class=\"bonus-value\">100%<\/p>\n                    <\/div>\n                    <div class=\"col-lg-3 col-md-3 col-sm-6 col-xs-12 claim-bonus-sec \">\n\n                                                <div>\n                             <div   class=\"bonuscode  secret-code \"><span>Nenhum C\u00f3digo b\u00f4nus Obrigat\u00f3rio<\/span><\/div> <span class=\"cursored button js-golink  claim-bonus-code\"  onclick=\"OpenGoLink(this);\" data-operator=\"8\" data-bonus=\"5396\"   data-clicks=\"17\"data-type=\"casino\" ><div class='hvr-animation bonus-btn-main-sec'><span>Mostrar o C\u00f3digo de B\u00f4nus<\/span><\/div> <\/span>                         <\/div>\n                    <\/div>\n                <\/div>\n                            <\/div>\n                        <div class=\"bonus-box first-box\">\n                <div class=\"bonus-box-head\">\n                    <div class=\"col-lg-3 col-md-4 col-sm-4 col-xs-12 \">\n                        <span class=\"hotfix operator-logo\"><img decoding=\"async\" src=\"\/portuguese\/assets\/logos\/poker\/dark-back\/1xbet-poker.png\" width=\"auto\" height=\"auto\" alt=\"1xBet\" \/><\/span>                    <\/div>\n                    <div class=\"col-lg-4 col-md-4 col-sm-4 col-xs-6\">\n                        <p class=\"box-title\">1xBet&nbsp;poker<\/p>\n                    <\/div>\n                    <div class=\"col-lg-5 col-md-4 col-sm-4 col-xs-6\">\n                        <div class=\"likes-box likes-js\" data-likesid=\"12\">\n                            <div class=\"likes-icon-js\"><i class=\"fa fa-heart\" aria-hidden=\"true\"><\/i><\/div>\n                            <div class=\"likes-text-js\"><p>1130 likes<\/p><\/div>\n                        <\/div>\n                    <\/div>\n                <\/div>\n                <div class=\"bonus-box-body\">\n                    <div class=\"col-lg-3 col-md-3 col-sm-6 col-xs-12 rightBordered m-bonus no-padding\">\n                        <p>B\u00f4nus M\u00e1ximo<\/p>\n                        <p class=\"bonus-value max-bonus\">No Bonus<\/p>\n                    <\/div>\n                                                                <div class=\"col-lg-2 col-md-2 col-sm-6 col-xs-12 no-padding \">\n                            <p>Requisito<\/p>\n                            <p class=\"bonus-value\">x <\/p>\n                        <\/div>\n                                        <div class=\"col-lg-2 col-md-2 col-sm-6 col-xs-12 no-padding\">\n                        <p>Porcentagem<\/p>\n                        <p class=\"bonus-value\">-<\/p>\n                    <\/div>\n                    <div class=\"col-lg-3 col-md-3 col-sm-6 col-xs-12 claim-bonus-sec \">\n\n                                                <div>\n                             <div   class=\"bonuscode  secret-code \"><span>Nenhum C\u00f3digo b\u00f4nus Obrigat\u00f3rio<\/span><\/div> <span class=\"cursored button js-golink  claim-bonus-code\"  onclick=\"OpenGoLink(this);\" data-operator=\"573\" data-bonus=\"4043\"   data-clicks=\"13\"data-type=\"poker\" ><div class='hvr-animation bonus-btn-main-sec'><span>Mostrar o C\u00f3digo de B\u00f4nus<\/span><\/div> <\/span>                         <\/div>\n                    <\/div>\n                <\/div>\n                            <\/div>\n            \r\n\r\n<h2>Porque \u00e9 que a 1xBet \u00e9 Segura para os Brasileiros e Portugueses?<\/h2>\r\n\r\n<p class=\"text-justify\">Com design e interface pensados especialmente para o p\u00fablico brasileiro e portugu\u00eas o site 1xBet, oferece aos seus usu\u00e1rios op\u00e7\u00f5es de apostas em torneios e competi\u00e7\u00f5es nacionais, com \u00eanfase no p\u00fablico espec\u00edfico de cada pa\u00eds, vale lembrar que o site tamb\u00e9m oferece op\u00e7\u00f5es internacionais. A plataforma 1xBet oferece seu cassino funcionalmente impressionante em um download de desktop completo ou uma op\u00e7\u00e3o de cassino Flash baseada em navegador. Ambos s\u00e3o excelentes em termos de qualidade e produtos e funcionalidades. Em \u00faltima an\u00e1lise, depende de quais s\u00e3o suas prefer\u00eancias ou necessidades espec\u00edficas. O site beneficia da mais recente tecnologia Web e menus, telas e jogos que s\u00e3o carregados rapidamente. Clicando nas op\u00e7\u00f5es do jogo tamb\u00e9m \u00e9 suave e geralmente requer um m\u00ednimo de cliques.<\/p> \r\n\r\n<p class=\"text-justify\">A apar\u00eancia do site do site 1xBet incorpora gr\u00e1ficos coloridos tanto como pano de fundo quanto em suas imagens criativas usadas para jogos e promo\u00e7\u00f5es. O tema \u00e9 divertido, mas sofisticado e fala para um grande p\u00fablico-alvo de jogadores que procuram uma emo\u00e7\u00e3o com jogos de cassino. As fontes e os textos parecem estar no lado pequeno, ao contr\u00e1rio de outros cassinos online. Voc\u00ea est\u00e1 convidado a conferir quais cassinos on-line s\u00e3o justos nesse aspecto em nossa abrangente se\u00e7\u00e3o de compara\u00e7\u00e3o de cassinos on-line . Aqui est\u00e1 como o 1xBet olha para um instant\u00e2neo.<\/p> \r\n\r\n\r\n<div class=\"cta-direct-bonus\">\r\n    <div class=\"col-lg-8 col-md-8 col-sm-8 col-xs-12\">\r\n        <div class=\"row\">\r\n            <p class=\"cta-direct-slogan\">\r\n                Est\u00e1 Pronto para Pegar Seu B\u00f4nus de Boas-Vindas?            <\/p>\r\n        <\/div>\r\n    <\/div>\r\n    <div class=\"col-lg-4 col-md-4 col-sm-4 col-xs-12\">\r\n        <div class=\"row\">\r\n             <span class=\"cursored button js-golink cta-direct-button hvr-animation new-hover\"  onclick=\"OpenGoLink(this);\" data-operator=\"7\" data-bonus=\"4043\"   data-clicks=\"12\"data-type=\"sport\" ><span>Visitar 1xBet Agora!<\/span> <\/span> \r\n        <\/div>\r\n    <\/div>\r\n<\/div>\r\n\r\n<style type=\"text\/css\" media=\"screen\">\r\n    .cta-direct-button.new-hover {\r\n        padding: 3px 0 2px;\r\n    }\r\n<\/style>\r\n\r\n<h2>Existe alguma ilegalidade<\/h2> \r\n\r\n<p class=\"text-justify\">O site 1xBet \u00e9 conhecido por sua lealdade e por ser totalmente seguro e legal para seus usu\u00e1rios. Com um sistema l\u00edder do setor em softwares inovadores de jogos de cassino on-line e n\u00e3o apenas fornece ao 1xBet alguns dos melhores jogos do setor, mas tamb\u00e9m softwares que nunca s\u00e3o vistos, mas que realmente apreciam (mesmo que n\u00e3o saibam) garantindo a confiabilidade e seriedade do site. Esta \u00e9 a formid\u00e1vel plataforma que executa in\u00fameros jogos na grande maioria dos cassinos online em todo o mundo. \r\nO site da 1xBet tamb\u00e9m emprega uma s\u00e9rie de outros fornecedores de software l\u00edderes no interesse da diversidade de jogos com um \u00f3ptimo sistema de <a href=\"https:\/\/bet-bonus.net\/br\/suporte\/\">suporte<\/a>.<\/p> \r\n\r\n<p class=\"text-justify\">O site 1xBet tamb\u00e9m oferece um cassino de qualidade ao vivo, oferecido pela plataforma, e oferece vers\u00f5es de revendedor ao vivo de alta qualidade da mesma mesa de cassino cl\u00e1ssica e jogos de cartas mencionados acima. O feed de v\u00eddeo ao vivo \u00e9 transmitido diretamente de um dos est\u00fadios da plataforma e apresenta verdadeiros distribuidores profissionais nos jogos de cassino mais realistas dispon\u00edveis, oferecendo aos seus usu\u00e1rios, chances reais de ganhos.<\/p> \r\n\r\n\r\n<div class=\"cta-direct-bonus\">\r\n    <div class=\"col-lg-8 col-md-8 col-sm-8 col-xs-12\">\r\n        <div class=\"row\">\r\n            <p class=\"cta-direct-slogan\">\r\n                Est\u00e1 Pronto para Pegar Seu B\u00f4nus de Boas-Vindas?            <\/p>\r\n        <\/div>\r\n    <\/div>\r\n    <div class=\"col-lg-4 col-md-4 col-sm-4 col-xs-12\">\r\n        <div class=\"row\">\r\n             <span class=\"cursored button js-golink cta-direct-button hvr-animation new-hover\"  onclick=\"OpenGoLink(this);\" data-operator=\"7\" data-bonus=\"3921\"   data-clicks=\"1\"data-type=\"sport\" ><span>Visitar 1xBet Agora!<\/span> <\/span> \r\n        <\/div>\r\n    <\/div>\r\n<\/div>\r\n\r\n<style type=\"text\/css\" media=\"screen\">\r\n    .cta-direct-button.new-hover {\r\n        padding: 3px 0 2px;\r\n    }\r\n<\/style>\r\n\r\n<h2>A Seguran\u00e7a de Jogar na 1xBet<\/h2>\r\n\r\n<p class=\"text-justify\">Na maior casa de apostas online do Brasil e de Portugal, os usu\u00e1rios contam com a seguran\u00e7a total para realizar todas as apostas de forma tranquila, sem o perigo de ter os dados pessoas e banc\u00e1rios utilizados de forma errada. A plataforma de apostas 1xBet oferece certifica\u00e7\u00e3o contra golpes e \u00e9 auditada por empresas internacionais para garantir toda a seguran\u00e7a e confiabilidade do site.<\/p> \r\n\r\n<p class=\"text-justify\">O Site oferece atualmente mais de 500 jogos de cassino com os talentos combinados desses provedores de software, e testamos alguns jogos em cada categoria para os prop\u00f3sitos do nosso teste 1xBet. Apostadores felizes podem escolher formar uma enorme sele\u00e7\u00e3o de ca\u00e7a-n\u00edqueis, liderada, \u00e9 claro, pela Playtech, com sua mundialmente famosa s\u00e9rie Marvel, incluindo X-Men, Avengers e Iron Man, todos com o Jackpot Progressivo Marvel como um recurso de destaque. O Jackpot Progressivo da Marvel \u00e9 caracterizado pelo seu inovador sistema de jackpot de quatro n\u00edveis com quatro totais diferentes de jackpot: Pot\u00eancia, Superpot\u00eancia, Pot\u00eancia Extra e Pot\u00eancia M\u00e1xima, que podem ser ganhos a qualquer momento.<\/p> \r\n\r\n\r\n<div class=\"cta-direct-bonus\">\r\n    <div class=\"col-lg-8 col-md-8 col-sm-8 col-xs-12\">\r\n        <div class=\"row\">\r\n            <p class=\"cta-direct-slogan\">\r\n                Est\u00e1 Pronto para Pegar Seu B\u00f4nus de Boas-Vindas?            <\/p>\r\n        <\/div>\r\n    <\/div>\r\n    <div class=\"col-lg-4 col-md-4 col-sm-4 col-xs-12\">\r\n        <div class=\"row\">\r\n             <span class=\"cursored button js-golink cta-direct-button hvr-animation new-hover\"  onclick=\"OpenGoLink(this);\" data-operator=\"7\" data-bonus=\"3921\"   data-clicks=\"1\"data-type=\"sport\" ><span>Visitar 1xBet Agora!<\/span> <\/span> \r\n        <\/div>\r\n    <\/div>\r\n<\/div>\r\n\r\n<style type=\"text\/css\" media=\"screen\">\r\n    .cta-direct-button.new-hover {\r\n        padding: 3px 0 2px;\r\n    }\r\n<\/style>\r\n\r\n<h2>Seguran\u00e7a e Fiabilidade dos M\u00e9todos de Pagamento<\/h2>\r\n\r\n<p class=\"text-justify\">Os jogos s\u00e3o todos bem organizados em grades \u00fateis com menus adicionais para uma gama mais ampla de op\u00e7\u00f5es. Chegar \u00e0 informa\u00e7\u00e3o da sua conta \u00e9 r\u00e1pido e, uma vez logado, voc\u00ea \u00e9 facilmente capaz de explorar as op\u00e7\u00f5es de conta, desde informa\u00e7\u00f5es de perfil at\u00e9 fundos e loteamentos de b\u00f4nus dispon\u00edveis. O acesso \u00e0s informa\u00e7\u00f5es e op\u00e7\u00f5es banc\u00e1rias gerais tamb\u00e9m \u00e9 f\u00e1cil fazer dep\u00f3sitos de acompanhamento com v\u00e1rias op\u00e7\u00f5es de dep\u00f3sito e retirada \u00e0 sua disposi\u00e7\u00e3o.<\/p> \r\n\r\n<p class=\"text-justify\">Naturalmente, a nossa an\u00e1lise do site n\u00e3o estaria completa sem uma an\u00e1lise mais detalhada de alguns dos outros jogos de casino desta marca. Jog\u00e1mos v\u00e1rios dos jogos de mesa dos casinos, incluindo pelo menos uma vers\u00e3o de cada roleta, blackjack, bacar\u00e1 e jogos de p\u00f3quer para o nosso teste Betfair Casino. O cassino oferece uma s\u00f3lida sele\u00e7\u00e3o de mesas e jogos de cartas, incluindo variedades de roleta, blackjack, baccarat, cassino Hold'em, Sic Bo, videop\u00f4quer, Texas Hold'em e muito mais.<\/p> \r\n\r\n<p class=\"text-justify\">Outra parte importante da nossa an\u00e1lise do 1xBet examina todos os aspectos da usabilidade do site. O site 1xBet Casino \u00e9 um dos sites de casino mais f\u00e1ceis e r\u00e1pidos de navegar e \u00e9 o ep\u00edtome de uma interface de utilizador moderna e din\u00e2mica. Todas as op\u00e7\u00f5es s\u00e3o f\u00e1ceis de ver e est\u00e3o bem definidas e bem executadas. Clicando atrav\u00e9s de v\u00e1rias op\u00e7\u00f5es \u00e9 suave e r\u00e1pido e, finalmente, muito gratificante.<\/p>","protected":false},"excerpt":{"rendered":"A maior plataformas de apostas online do Brasil, 1xBet, \u00e9 tamb\u00e9m uma das mais seguras casas de apostas, o site \u00e9 licenciado e regulamentado atrav\u00e9s da Comiss\u00e3o de Apostas Internacional, e oferece a todos os seus usu\u00e1rios o que h\u00e1 de mais moderno quando se trata de seguran\u00e7a digital. Al\u00e9m do licenciamento e controle estritos,<a href=\"https:\/\/bet-bonus.net\/br\/seguranca\/\"> &#8230;<\/a>","protected":false},"author":1,"featured_media":0,"parent":0,"menu_order":0,"comment_status":"closed","ping_status":"closed","template":"","meta":{"footnotes":""},"categories":[],"tags":[],"class_list":["post-59","page","type-page","status-publish","hentry"],"yoast_head":"<!-- This site is optimized with the Yoast SEO plugin v26.7 - https:\/\/yoast.com\/wordpress\/plugins\/seo\/ -->\n<title>1xBet \u00e9 Confi\u00e1vel? \u00bb Detalhes deste Operador S\u00e9rio e Seguro<\/title>\n<meta name=\"robots\" content=\"index, follow, max-snippet:-1, max-image-preview:large, max-video-preview:-1\" \/>\n<link rel=\"canonical\" href=\"https:\/\/bet-bonus.net\/br\/seguranca\/\" \/>\n<meta property=\"og:locale\" content=\"pt_BR\" \/>\n<meta property=\"og:type\" content=\"article\" \/>\n<meta property=\"og:title\" content=\"1xBet \u00e9 Confi\u00e1vel? \u00bb Detalhes deste Operador S\u00e9rio e Seguro\" \/>\n<meta property=\"og:url\" content=\"https:\/\/bet-bonus.net\/br\/seguranca\/\" \/>\n<meta property=\"og:site_name\" content=\"bet-bonus.net\/br\" \/>\n<meta property=\"article:modified_time\" content=\"2018-07-27T14:46:01+00:00\" \/>\n<meta name=\"twitter:card\" content=\"summary_large_image\" \/>\n<meta name=\"twitter:label1\" content=\"Est. tempo de leitura\" \/>\n\t<meta name=\"twitter:data1\" content=\"5 minutos\" \/>\n<script type=\"application\/ld+json\" class=\"yoast-schema-graph\">{\"@context\":\"https:\/\/schema.org\",\"@graph\":[{\"@type\":\"WebPage\",\"@id\":\"https:\/\/bet-bonus.net\/br\/seguranca\/\",\"url\":\"https:\/\/bet-bonus.net\/br\/seguranca\/\",\"name\":\"1xBet \u00e9 Confi\u00e1vel? \u00bb Detalhes deste Operador S\u00e9rio e Seguro\",\"isPartOf\":{\"@id\":\"https:\/\/bet-bonus.net\/br\/#website\"},\"datePublished\":\"2018-07-15T21:34:09+00:00\",\"dateModified\":\"2018-07-27T14:46:01+00:00\",\"breadcrumb\":{\"@id\":\"https:\/\/bet-bonus.net\/br\/seguranca\/#breadcrumb\"},\"inLanguage\":\"pt-BR\",\"potentialAction\":[{\"@type\":\"ReadAction\",\"target\":[\"https:\/\/bet-bonus.net\/br\/seguranca\/\"]}]},{\"@type\":\"BreadcrumbList\",\"@id\":\"https:\/\/bet-bonus.net\/br\/seguranca\/#breadcrumb\",\"itemListElement\":[{\"@type\":\"ListItem\",\"position\":1,\"name\":\"Home\",\"item\":\"https:\/\/bet-bonus.net\/br\/\"},{\"@type\":\"ListItem\",\"position\":2,\"name\":\"Seguran\u00e7a da 1xBet - Saiba porque \u00e9 seguro jogar neste Operador Online\"}]},{\"@type\":\"WebSite\",\"@id\":\"https:\/\/bet-bonus.net\/br\/#website\",\"url\":\"https:\/\/bet-bonus.net\/br\/\",\"name\":\"bet-bonus.net\/br\",\"description\":\"\",\"potentialAction\":[{\"@type\":\"SearchAction\",\"target\":{\"@type\":\"EntryPoint\",\"urlTemplate\":\"https:\/\/bet-bonus.net\/br\/?s={search_term_string}\"},\"query-input\":{\"@type\":\"PropertyValueSpecification\",\"valueRequired\":true,\"valueName\":\"search_term_string\"}}],\"inLanguage\":\"pt-BR\"}]}<\/script>\n<!-- \/ Yoast SEO plugin. -->","yoast_head_json":{"title":"1xBet \u00e9 Confi\u00e1vel? \u00bb Detalhes deste Operador S\u00e9rio e Seguro","robots":{"index":"index","follow":"follow","max-snippet":"max-snippet:-1","max-image-preview":"max-image-preview:large","max-video-preview":"max-video-preview:-1"},"canonical":"https:\/\/bet-bonus.net\/br\/seguranca\/","og_locale":"pt_BR","og_type":"article","og_title":"1xBet \u00e9 Confi\u00e1vel? \u00bb Detalhes deste Operador S\u00e9rio e Seguro","og_url":"https:\/\/bet-bonus.net\/br\/seguranca\/","og_site_name":"bet-bonus.net\/br","article_modified_time":"2018-07-27T14:46:01+00:00","twitter_card":"summary_large_image","twitter_misc":{"Est. tempo de leitura":"5 minutos"},"schema":{"@context":"https:\/\/schema.org","@graph":[{"@type":"WebPage","@id":"https:\/\/bet-bonus.net\/br\/seguranca\/","url":"https:\/\/bet-bonus.net\/br\/seguranca\/","name":"1xBet \u00e9 Confi\u00e1vel? \u00bb Detalhes deste Operador S\u00e9rio e Seguro","isPartOf":{"@id":"https:\/\/bet-bonus.net\/br\/#website"},"datePublished":"2018-07-15T21:34:09+00:00","dateModified":"2018-07-27T14:46:01+00:00","breadcrumb":{"@id":"https:\/\/bet-bonus.net\/br\/seguranca\/#breadcrumb"},"inLanguage":"pt-BR","potentialAction":[{"@type":"ReadAction","target":["https:\/\/bet-bonus.net\/br\/seguranca\/"]}]},{"@type":"BreadcrumbList","@id":"https:\/\/bet-bonus.net\/br\/seguranca\/#breadcrumb","itemListElement":[{"@type":"ListItem","position":1,"name":"Home","item":"https:\/\/bet-bonus.net\/br\/"},{"@type":"ListItem","position":2,"name":"Seguran\u00e7a da 1xBet - Saiba porque \u00e9 seguro jogar neste Operador Online"}]},{"@type":"WebSite","@id":"https:\/\/bet-bonus.net\/br\/#website","url":"https:\/\/bet-bonus.net\/br\/","name":"bet-bonus.net\/br","description":"","potentialAction":[{"@type":"SearchAction","target":{"@type":"EntryPoint","urlTemplate":"https:\/\/bet-bonus.net\/br\/?s={search_term_string}"},"query-input":{"@type":"PropertyValueSpecification","valueRequired":true,"valueName":"search_term_string"}}],"inLanguage":"pt-BR"}]}},"_links":{"self":[{"href":"https:\/\/bet-bonus.net\/br\/wp-json\/wp\/v2\/pages\/59","targetHints":{"allow":["GET"]}}],"collection":[{"href":"https:\/\/bet-bonus.net\/br\/wp-json\/wp\/v2\/pages"}],"about":[{"href":"https:\/\/bet-bonus.net\/br\/wp-json\/wp\/v2\/types\/page"}],"author":[{"embeddable":true,"href":"https:\/\/bet-bonus.net\/br\/wp-json\/wp\/v2\/users\/1"}],"replies":[{"embeddable":true,"href":"https:\/\/bet-bonus.net\/br\/wp-json\/wp\/v2\/comments?post=59"}],"version-history":[{"count":5,"href":"https:\/\/bet-bonus.net\/br\/wp-json\/wp\/v2\/pages\/59\/revisions"}],"predecessor-version":[{"id":486,"href":"https:\/\/bet-bonus.net\/br\/wp-json\/wp\/v2\/pages\/59\/revisions\/486"}],"wp:attachment":[{"href":"https:\/\/bet-bonus.net\/br\/wp-json\/wp\/v2\/media?parent=59"}],"wp:term":[{"taxonomy":"category","embeddable":true,"href":"https:\/\/bet-bonus.net\/br\/wp-json\/wp\/v2\/categories?post=59"},{"taxonomy":"post_tag","embeddable":true,"href":"https:\/\/bet-bonus.net\/br\/wp-json\/wp\/v2\/tags?post=59"}],"curies":[{"name":"wp","href":"https:\/\/api.w.org\/{rel}","templated":true}]}}