{"id":55,"date":"2018-07-15T21:15:43","date_gmt":"2018-07-15T21:15:43","guid":{"rendered":"http:\/\/bet-bonus.net\/br\/?page_id=55"},"modified":"2018-07-27T11:49:46","modified_gmt":"2018-07-27T11:49:46","slug":"app","status":"publish","type":"page","link":"https:\/\/bet-bonus.net\/br\/app\/","title":{"rendered":"Aplica\u00e7\u00f5es APK e IOS para Download - Fa\u00e7a Apostas em qualquer lugar"},"content":{"rendered":"<p class=\"text-justify\">A aplica\u00e7\u00e3o m\u00f3vel da <strong>1xbet app<\/strong> \u00e9 ideal para quem gosta de jogar jogos de apostas online. Este aplicativo oferece uma ampla variedade de op\u00e7\u00f5es para pessoas que gostam de entrar um pouco.<\/p> \r\n\r\n<p class=\"text-justify\">A melhor parte sobre os aplicativos <a href=\"https:\/\/bet-bonus.net\/br\/\">1xBet<\/a> \u00e9 que eles n\u00e3o tentam encaixar todas as op\u00e7\u00f5es dispon\u00edveis em um \u00fanico aplicativo. Em vez disso, permite que os usu\u00e1rios fa\u00e7am o download dos aplicativos que lhes interessam. Isso serve como um enorme benef\u00edcio, porque a \u00fanica informa\u00e7\u00e3o exibida est\u00e1 diretamente relacionada aos interesses do usu\u00e1rio, em vez de ter uma quantidade indecisa de indu\u00e7\u00e3o de dor de cabe\u00e7a.<\/p> \r\n\r\n            <div class=\"bonus-box first-box\">\n                <div class=\"bonus-box-head\">\n                    <div class=\"col-lg-3 col-md-4 col-sm-4 col-xs-12 \">\n                        <span class=\"hotfix operator-logo\"><img decoding=\"async\" src=\"\/portuguese\/assets\/logos\/sport\/dark-back\/1xbet.png\" width=\"auto\" height=\"auto\" alt=\"1xBet\" \/><\/span>                    <\/div>\n                    <div class=\"col-lg-4 col-md-4 col-sm-4 col-xs-6\">\n                        <p class=\"box-title\">1xBet&nbsp;sport<\/p>\n                    <\/div>\n                    <div class=\"col-lg-5 col-md-4 col-sm-4 col-xs-6\">\n                        <div class=\"likes-box likes-js\" data-likesid=\"1\">\n                            <div class=\"likes-icon-js\"><i class=\"fa fa-heart\" aria-hidden=\"true\"><\/i><\/div>\n                            <div class=\"likes-text-js\"><p>1196 likes<\/p><\/div>\n                        <\/div>\n                    <\/div>\n                <\/div>\n                <div class=\"bonus-box-body\">\n                    <div class=\"col-lg-3 col-md-3 col-sm-6 col-xs-12 rightBordered m-bonus no-padding\">\n                        <p>B\u00f4nus M\u00e1ximo<\/p>\n                        <p class=\"bonus-value max-bonus\">R$1200<\/p>\n                    <\/div>\n                                            <div class=\"col-lg-2 col-md-2 col-sm-6 col-xs-12 no-padding\">\n                            <p>Odds M\u00edn.<\/p>\n                            <p class=\"bonus-value\">2.00<\/p>\n                        <\/div>\n                                                                <div class=\"col-lg-2 col-md-2 col-sm-6 col-xs-12 no-padding \">\n                            <p>Requisito<\/p>\n                            <p class=\"bonus-value\">9x Bonus<\/p>\n                        <\/div>\n                                        <div class=\"col-lg-2 col-md-2 col-sm-6 col-xs-12 no-padding\">\n                        <p>Porcentagem<\/p>\n                        <p class=\"bonus-value\">100%<\/p>\n                    <\/div>\n                    <div class=\"col-lg-3 col-md-3 col-sm-6 col-xs-12 claim-bonus-sec \">\n\n                                                <div>\n                             <div   class=\"bonuscode  secret-code \"><span>Nenhum C\u00f3digo b\u00f4nus Obrigat\u00f3rio<\/span><\/div> <span class=\"cursored button js-golink  claim-bonus-code\"  onclick=\"OpenGoLink(this);\" data-operator=\"7\" data-bonus=\"3921\"   data-clicks=\"1\"data-type=\"sport\" ><div class='hvr-animation bonus-btn-main-sec'><span>Mostrar o C\u00f3digo de B\u00f4nus<\/span><\/div> <\/span>                         <\/div>\n                    <\/div>\n                <\/div>\n                            <\/div>\n                        <div class=\"bonus-box first-box\">\n                <div class=\"bonus-box-head\">\n                    <div class=\"col-lg-3 col-md-4 col-sm-4 col-xs-12 \">\n                        <span class=\"hotfix operator-logo\"><img decoding=\"async\" src=\"\/portuguese\/assets\/logos\/casino\/dark-back\/1xbet-casino.png\" width=\"auto\" height=\"auto\" alt=\"1xBet\" \/><\/span>                    <\/div>\n                    <div class=\"col-lg-4 col-md-4 col-sm-4 col-xs-6\">\n                        <p class=\"box-title\">1xBet&nbsp;casino<\/p>\n                    <\/div>\n                    <div class=\"col-lg-5 col-md-4 col-sm-4 col-xs-6\">\n                        <div class=\"likes-box likes-js\" data-likesid=\"16\">\n                            <div class=\"likes-icon-js\"><i class=\"fa fa-heart\" aria-hidden=\"true\"><\/i><\/div>\n                            <div class=\"likes-text-js\"><p>1755 likes<\/p><\/div>\n                        <\/div>\n                    <\/div>\n                <\/div>\n                <div class=\"bonus-box-body\">\n                    <div class=\"col-lg-3 col-md-3 col-sm-6 col-xs-12 rightBordered m-bonus no-padding\">\n                        <p>B\u00f4nus M\u00e1ximo<\/p>\n                        <p class=\"bonus-value max-bonus\">R$1600<\/p>\n                    <\/div>\n                                                                <div class=\"col-lg-2 col-md-2 col-sm-6 col-xs-12 no-padding \">\n                            <p>Requisito<\/p>\n                            <p class=\"bonus-value\">35x Bonus<\/p>\n                        <\/div>\n                                        <div class=\"col-lg-2 col-md-2 col-sm-6 col-xs-12 no-padding\">\n                        <p>Porcentagem<\/p>\n                        <p class=\"bonus-value\">100%<\/p>\n                    <\/div>\n                    <div class=\"col-lg-3 col-md-3 col-sm-6 col-xs-12 claim-bonus-sec \">\n\n                                                <div>\n                             <div   class=\"bonuscode  secret-code \"><span>Nenhum C\u00f3digo b\u00f4nus Obrigat\u00f3rio<\/span><\/div> <span class=\"cursored button js-golink  claim-bonus-code\"  onclick=\"OpenGoLink(this);\" data-operator=\"8\" data-bonus=\"5396\"   data-clicks=\"17\"data-type=\"casino\" ><div class='hvr-animation bonus-btn-main-sec'><span>Mostrar o C\u00f3digo de B\u00f4nus<\/span><\/div> <\/span>                         <\/div>\n                    <\/div>\n                <\/div>\n                            <\/div>\n                        <div class=\"bonus-box first-box\">\n                <div class=\"bonus-box-head\">\n                    <div class=\"col-lg-3 col-md-4 col-sm-4 col-xs-12 \">\n                        <span class=\"hotfix operator-logo\"><img decoding=\"async\" src=\"\/portuguese\/assets\/logos\/poker\/dark-back\/1xbet-poker.png\" width=\"auto\" height=\"auto\" alt=\"1xBet\" \/><\/span>                    <\/div>\n                    <div class=\"col-lg-4 col-md-4 col-sm-4 col-xs-6\">\n                        <p class=\"box-title\">1xBet&nbsp;poker<\/p>\n                    <\/div>\n                    <div class=\"col-lg-5 col-md-4 col-sm-4 col-xs-6\">\n                        <div class=\"likes-box likes-js\" data-likesid=\"12\">\n                            <div class=\"likes-icon-js\"><i class=\"fa fa-heart\" aria-hidden=\"true\"><\/i><\/div>\n                            <div class=\"likes-text-js\"><p>1130 likes<\/p><\/div>\n                        <\/div>\n                    <\/div>\n                <\/div>\n                <div class=\"bonus-box-body\">\n                    <div class=\"col-lg-3 col-md-3 col-sm-6 col-xs-12 rightBordered m-bonus no-padding\">\n                        <p>B\u00f4nus M\u00e1ximo<\/p>\n                        <p class=\"bonus-value max-bonus\">No Bonus<\/p>\n                    <\/div>\n                                                                <div class=\"col-lg-2 col-md-2 col-sm-6 col-xs-12 no-padding \">\n                            <p>Requisito<\/p>\n                            <p class=\"bonus-value\">x <\/p>\n                        <\/div>\n                                        <div class=\"col-lg-2 col-md-2 col-sm-6 col-xs-12 no-padding\">\n                        <p>Porcentagem<\/p>\n                        <p class=\"bonus-value\">-<\/p>\n                    <\/div>\n                    <div class=\"col-lg-3 col-md-3 col-sm-6 col-xs-12 claim-bonus-sec \">\n\n                                                <div>\n                             <div   class=\"bonuscode  secret-code \"><span>Nenhum C\u00f3digo b\u00f4nus Obrigat\u00f3rio<\/span><\/div> <span class=\"cursored button js-golink  claim-bonus-code\"  onclick=\"OpenGoLink(this);\" data-operator=\"573\" data-bonus=\"4043\"   data-clicks=\"13\"data-type=\"poker\" ><div class='hvr-animation bonus-btn-main-sec'><span>Mostrar o C\u00f3digo de B\u00f4nus<\/span><\/div> <\/span>                         <\/div>\n                    <\/div>\n                <\/div>\n                            <\/div>\n            \r\n\r\n<h2>Apps dispon\u00edveis da 1xBet<\/h2>\r\n\r\n<p class=\"text-justify\">Os aplicativos 1xBet est\u00e3o dispon\u00edveis para v\u00e1rios jogos e esportes. Alguns dos mais populares <strong>1xbet mobile<\/strong> s\u00e3o o Exchange, o Casino, o Poker e o <a href=\"https:\/\/bet-bonus.net\/br\/cassino-ao-vivo\/\">Cassino ao Vivo<\/a>. Os usu\u00e1rios podem simplesmente baixar os que est\u00e3o interessados \u200b\u200bem vez de baixar um aplicativo que conter\u00e1 muitos dados e informa\u00e7\u00f5es desnecess\u00e1rios.<\/p> \r\n\r\n<p class=\"text-justify\">Esses aplicativos permitem o acesso a v\u00e1rios mercados, internacionais e locais. At\u00e9 permite que seus usu\u00e1rios transmitam ao vivo certos jogos, corridas e eventos, permitindo que eles apostem ao vivo. O aplicativo m\u00f3vel da 1xbet mobile \u00e9 absolutamente seguro e protege seus usu\u00e1rios. Ele tamb\u00e9m oferece aos seus usu\u00e1rios uma s\u00e9rie de b\u00f4nus e descontos.<\/p> \r\n\r\n<p class=\"text-justify\">Fa\u00e7a login m\u00f3vel atrav\u00e9s do <strong>android mobile<\/strong> in-play atrav\u00e9s do android menu m\u00f3vel da 1xbet celular atrav\u00e9s do android App para Android \u00e9 bem conhecido por sua f\u00e1cil acessibilidade e facilidade de uso. N\u00e3o importa se voc\u00ea n\u00e3o est\u00e1 familiarizado com o layout, o aplicativo foi projetado para garantir que os usu\u00e1rios n\u00e3o tenham problemas em us\u00e1-lo. A exibi\u00e7\u00e3o de informa\u00e7\u00f5es facilita o acesso dos usu\u00e1rios ao aplicativo. O App possui v\u00e1rios recursos que o tornam extremamente atraente para seus usu\u00e1rios.<\/p>\r\n\r\n\r\n<div class=\"cta-direct-bonus\">\r\n    <div class=\"col-lg-8 col-md-8 col-sm-8 col-xs-12\">\r\n        <div class=\"row\">\r\n            <p class=\"cta-direct-slogan\">\r\n                Est\u00e1 Pronto para Pegar Seu B\u00f4nus de Boas-Vindas?            <\/p>\r\n        <\/div>\r\n    <\/div>\r\n    <div class=\"col-lg-4 col-md-4 col-sm-4 col-xs-12\">\r\n        <div class=\"row\">\r\n             <span class=\"cursored button js-golink cta-direct-button hvr-animation new-hover\"  onclick=\"OpenGoLink(this);\" data-operator=\"7\" data-bonus=\"4043\"   data-clicks=\"12\"data-type=\"sport\" ><span>Visitar 1xBet Agora!<\/span> <\/span> \r\n        <\/div>\r\n    <\/div>\r\n<\/div>\r\n\r\n<style type=\"text\/css\" media=\"screen\">\r\n    .cta-direct-button.new-hover {\r\n        padding: 3px 0 2px;\r\n    }\r\n<\/style> \r\n\r\n<h2>Gu\u00eda para Baixar a App da 1xBet<\/h2>\r\n\r\n<p class=\"text-justify\">Se voc\u00ea quiser baixar o aplicativo m\u00f3vel 1xbet apk no Android, mas n\u00e3o conseguir encontr\u00e1-lo ou entender como baix\u00e1-lo, n\u00e3o precisa se preocupar, pois criamos um passo a passo para ajudar voc\u00ea a fazer isso. \u00c9 importante notar que os aplicativos m\u00f3veis da 1xbet n\u00e3o est\u00e3o dispon\u00edveis na PlayStore, o que provavelmente \u00e9 o motivo pelo qual voc\u00ea n\u00e3o conseguiu encontr\u00e1-los. Para baixar o aplicativo, voc\u00ea precisa fazer o seguinte.<\/p> \r\n\r\n<p class=\"text-justify\">Passo 1: Abra a mira m\u00f3vel da 1xBet no site para dispositivos m\u00f3veis atrav\u00e9s do seu motor de pesquisa para dispositivos m\u00f3veis. \r\nEtapa 2: na parte superior da tela, voc\u00ea encontrar\u00e1 um bot\u00e3o solicitando o download do aplicativo. \r\nPasso 3: Clique no bot\u00e3o e o aplicativo come\u00e7ar\u00e1 a baixar para o seu telefone. \r\nEtapa 4: aguarde o aplicativo se instalar automaticamente. Quando a instala\u00e7\u00e3o estiver conclu\u00edda, voc\u00ea pode se registrar e come\u00e7ar a usar o site imediatamente.<\/p> \r\n\r\n<p class=\"text-justify\">Aplicativo 1xbet baixar \r\nO aplicativo m\u00f3vel 1xbet baixar para iOS \u00e9 t\u00e3o f\u00e1cil de usar quanto o do Android. Com apenas pequenas altera\u00e7\u00f5es no visor, o aplicativo simples e simples de navegar. Al\u00e9m de ajudar voc\u00ea a descobrir apostas, ele tamb\u00e9m permite que voc\u00ea participe de f\u00f3runs nos quais voc\u00ea pode se comunicar com outros usu\u00e1rios. Como os aplicativos para Android e iOS s\u00e3o bastante intuitivos, os jogadores e usu\u00e1rios n\u00e3o ter\u00e3o nenhum problema em acess\u00e1-los.<\/p> \r\n\r\n\r\n<div class=\"cta-direct-bonus\">\r\n    <div class=\"col-lg-8 col-md-8 col-sm-8 col-xs-12\">\r\n        <div class=\"row\">\r\n            <p class=\"cta-direct-slogan\">\r\n                Est\u00e1 Pronto para Pegar Seu B\u00f4nus de Boas-Vindas?            <\/p>\r\n        <\/div>\r\n    <\/div>\r\n    <div class=\"col-lg-4 col-md-4 col-sm-4 col-xs-12\">\r\n        <div class=\"row\">\r\n             <span class=\"cursored button js-golink cta-direct-button hvr-animation new-hover\"  onclick=\"OpenGoLink(this);\" data-operator=\"7\" data-bonus=\"3921\"   data-clicks=\"1\"data-type=\"sport\" ><span>Visitar 1xBet Agora!<\/span> <\/span> \r\n        <\/div>\r\n    <\/div>\r\n<\/div>\r\n\r\n<style type=\"text\/css\" media=\"screen\">\r\n    .cta-direct-button.new-hover {\r\n        padding: 3px 0 2px;\r\n    }\r\n<\/style>\r\n\r\n<h2>Aplicativo m\u00f3vel da 1xbet para iPhone<\/h2> \r\n<p class=\"text-justify\">Uma das coisas mais atraentes sobre o 1xbet \u00e9 que ele pode ser usado em v\u00e1rios dispositivos da Apple, como o iPad e iPhones. Ao contr\u00e1rio do Android que n\u00e3o pode ser encontrado na Google Play Store, o aplicativo pode ser encontrado na <strong>iTunes App Store<\/strong>. \r\nBaix\u00e1-lo de l\u00e1 \u00e9 bastante simples. Tudo o que os usu\u00e1rios precisam fazer \u00e9 o seguinte:<\/p> \r\n\r\n<p class=\"text-justify\">Passo 1: V\u00e1 para a iTunes App Store e procure o aplicativo da 1xbet. \r\nEtapa 2: depois de encontrar o aplicativo, clique no bot\u00e3o \"download\". \r\nEtapa 3: o aplicativo terminar\u00e1 o download em breve e se instalar\u00e1 automaticamente. \r\nEtapa 4: Assim que o processo de instala\u00e7\u00e3o estiver conclu\u00eddo, voc\u00ea poder\u00e1 se registrar para come\u00e7ar a usar o aplicativo.<\/p> \r\n\r\n\r\n<div class=\"cta-direct-bonus\">\r\n    <div class=\"col-lg-8 col-md-8 col-sm-8 col-xs-12\">\r\n        <div class=\"row\">\r\n            <p class=\"cta-direct-slogan\">\r\n                Est\u00e1 Pronto para Pegar Seu B\u00f4nus de Boas-Vindas?            <\/p>\r\n        <\/div>\r\n    <\/div>\r\n    <div class=\"col-lg-4 col-md-4 col-sm-4 col-xs-12\">\r\n        <div class=\"row\">\r\n             <span class=\"cursored button js-golink cta-direct-button hvr-animation new-hover\"  onclick=\"OpenGoLink(this);\" data-operator=\"7\" data-bonus=\"3921\"   data-clicks=\"1\"data-type=\"sport\" ><span>Visitar 1xBet Agora!<\/span> <\/span> \r\n        <\/div>\r\n    <\/div>\r\n<\/div>\r\n\r\n<style type=\"text\/css\" media=\"screen\">\r\n    .cta-direct-button.new-hover {\r\n        padding: 3px 0 2px;\r\n    }\r\n<\/style>\r\n\r\n<h2>Revis\u00e3o da vers\u00e3o do site para celular<\/h2>\r\n \r\n<p class=\"text-justify\">Vers\u00e3o do site mobile da 1xbet \r\nPr\u00e9-visualiza\u00e7\u00e3o da vers\u00e3o do site para dispositivos m\u00f3veis da 1xbet \r\nA raz\u00e3o pela qual o site para dispositivos m\u00f3veis da 1xbet \u00e9 bastante popular entre os usu\u00e1rios \u00e9 que ele n\u00e3o exige que voc\u00ea o instale. Muitas pessoas podem ter problemas de espa\u00e7o em seus telefones, o que os impede de fazer o download do aplicativo, e \u00e9 por isso que o site \u00e9 perfeito para eles.Como usu\u00e1rio registrado, um jogador n\u00e3o ter\u00e1 problemas usando o site. O layout do site \u00e9 o mesmo que o site, o que torna ainda mais simples a utiliza\u00e7\u00e3o da vis\u00e3o.<\/p> \r\n\r\n<p class=\"text-justify\">Uma vez na p\u00e1gina inicial, os usu\u00e1rios ver\u00e3o uma s\u00e9rie de op\u00e7\u00f5es para explorar. O site tamb\u00e9m exibir\u00e1 informa\u00e7\u00f5es sobre as partidas ao vivo e eventos de cr\u00edquete para torneios de futebol. O usu\u00e1rio tamb\u00e9m pode clicar na op\u00e7\u00e3o \"Menu\", que dar\u00e1 aos usu\u00e1rios acesso a ainda mais variedade.Esportes, atualidades ou at\u00e9 mesmo outros jogos como cassino, arcades, bingo e jackpots de futebol; tudo estar\u00e1 dispon\u00edvel por aqui. Eles podem escolher o que pegar seu interesse e proceder a partir da\u00ed. No entanto, \u00e9 vital notar que os utilizadores com menos de 18 anos n\u00e3o podem fazer apostas atrav\u00e9s da 1xbet seja atrav\u00e9s do site ou do aplicativo.<\/p> \r\n\r\n<h2>1xbet sports betting em mobile<\/h2> \r\n<p class=\"text-justify\">1xbet permite aos usu\u00e1rios uma gama de op\u00e7\u00f5es quando se trata de esportes, mercados e corridas. Ele n\u00e3o apenas permite que os usu\u00e1rios transmitam determinadas correspond\u00eancias, como tamb\u00e9m lhes d\u00e1 acesso a corridas ao vivo. Os usu\u00e1rios podem apostar neles conforme acontecem por meio do aplicativo de apostas 1xbet.<\/p> \r\n\r\n\r\n<div class=\"cta-direct-bonus\">\r\n    <div class=\"col-lg-8 col-md-8 col-sm-8 col-xs-12\">\r\n        <div class=\"row\">\r\n            <p class=\"cta-direct-slogan\">\r\n                Est\u00e1 Pronto para Pegar Seu B\u00f4nus de Boas-Vindas?            <\/p>\r\n        <\/div>\r\n    <\/div>\r\n    <div class=\"col-lg-4 col-md-4 col-sm-4 col-xs-12\">\r\n        <div class=\"row\">\r\n             <span class=\"cursored button js-golink cta-direct-button hvr-animation new-hover\"  onclick=\"OpenGoLink(this);\" data-operator=\"7\" data-bonus=\"3921\"   data-clicks=\"1\"data-type=\"sport\" ><span>Visitar 1xBet Agora!<\/span> <\/span> \r\n        <\/div>\r\n    <\/div>\r\n<\/div>\r\n\r\n<style type=\"text\/css\" media=\"screen\">\r\n    .cta-direct-button.new-hover {\r\n        padding: 3px 0 2px;\r\n    }\r\n<\/style>\r\n\r\n<p class=\"text-justify\">Alguns dos esportes em que os usu\u00e1rios podem apostar no aplicativo s\u00e3o futebol, cr\u00edquete, corrida, entre muitos outros. Todos os usu\u00e1rios tamb\u00e9m t\u00eam acesso a recursos exclusivos, como o Acca Edge, o Every Way Edge e o Cash Out Slider. Todos esses recursos t\u00eam um prop\u00f3sito especial e s\u00e3o projetados para ajudar nossos usu\u00e1rios a ganhar muito. \r\nDiferen\u00e7as entre a vers\u00e3o do aplicativo para dispositivos m\u00f3veis e do site para dispositivos m\u00f3veis<\/p> \r\n\r\n<p class=\"text-justify\">Embora o site e os aplicativos tenham recursos semelhantes, eles cont\u00eam algumas diferen\u00e7as. Essas diferen\u00e7as podem conter certas vantagens e desvantagens.O site, por exemplo, d\u00e1 acesso a todas as op\u00e7\u00f5es de apostas oferecidas pela 1xbet Betting, atrav\u00e9s de um \u00fanico site. Isso pode ser uma vantagem e tamb\u00e9m uma desvantagem. A vantagem \u00e9 que tudo em que um jogador pode ter interesse \u00e9 exibido em uma tela.<\/p> \r\n\r\n<p class=\"text-justify\">A desvantagem \u00e9 que pode ser muita informa\u00e7\u00e3o e vai adiar certos usu\u00e1rios.Os aplicativos tamb\u00e9m podem representar um dilema semelhante. \u00c9 extremamente conveniente que os aplicativos da 1xbet permitam que os usu\u00e1rios fa\u00e7am o download dos aplicativos que lhes interessam. Eles podem escolher entre poker, arcade, bingo, casino ao vivo, para citar alguns. Isso permite que eles se concentrem apenas no que querem.<\/p> \r\n\r\n<p class=\"text-justify\">No entanto, se um usu\u00e1rio gosta de explorar ou tem uma variedade de interesses, eles ter\u00e3o que baixar cada aplicativo individualmente. Isso pode ser bastante inconveniente e pode ocupar muito espa\u00e7o.Outra desvantagem do site para dispositivos m\u00f3veis \u00e9 que as telas dos telefones s\u00e3o muito pequenas para a enorme quantidade de op\u00e7\u00f5es e informa\u00e7\u00f5es na tela. Isso dificulta n\u00e3o apenas ver, mas tamb\u00e9m escolher.<\/p>","protected":false},"excerpt":{"rendered":"A aplica\u00e7\u00e3o m\u00f3vel da 1xbet app \u00e9 ideal para quem gosta de jogar jogos de apostas online. Este aplicativo oferece uma ampla variedade de op\u00e7\u00f5es para pessoas que gostam de entrar um pouco. A melhor parte sobre os aplicativos 1xBet \u00e9 que eles n\u00e3o tentam encaixar todas as op\u00e7\u00f5es dispon\u00edveis em um \u00fanico aplicativo. Em<a href=\"https:\/\/bet-bonus.net\/br\/app\/\"> &#8230;<\/a>","protected":false},"author":1,"featured_media":0,"parent":0,"menu_order":0,"comment_status":"closed","ping_status":"closed","template":"","meta":{"footnotes":""},"categories":[],"tags":[],"class_list":["post-55","page","type-page","status-publish","hentry"],"yoast_head":"<!-- This site is optimized with the Yoast SEO plugin v26.7 - https:\/\/yoast.com\/wordpress\/plugins\/seo\/ -->\n<title>1xBet App Mobile \u00bb Baixe Aplicativo para Celular Iphone ou Android<\/title>\n<meta name=\"robots\" content=\"index, follow, max-snippet:-1, max-image-preview:large, max-video-preview:-1\" \/>\n<link rel=\"canonical\" href=\"https:\/\/bet-bonus.net\/br\/app\/\" \/>\n<meta property=\"og:locale\" content=\"pt_BR\" \/>\n<meta property=\"og:type\" content=\"article\" \/>\n<meta property=\"og:title\" content=\"1xBet App Mobile \u00bb Baixe Aplicativo para Celular Iphone ou Android\" \/>\n<meta property=\"og:url\" content=\"https:\/\/bet-bonus.net\/br\/app\/\" \/>\n<meta property=\"og:site_name\" content=\"bet-bonus.net\/br\" \/>\n<meta property=\"article:modified_time\" content=\"2018-07-27T11:49:46+00:00\" \/>\n<meta name=\"twitter:card\" content=\"summary_large_image\" \/>\n<meta name=\"twitter:label1\" content=\"Est. tempo de leitura\" \/>\n\t<meta name=\"twitter:data1\" content=\"7 minutos\" \/>\n<script type=\"application\/ld+json\" class=\"yoast-schema-graph\">{\"@context\":\"https:\/\/schema.org\",\"@graph\":[{\"@type\":\"WebPage\",\"@id\":\"https:\/\/bet-bonus.net\/br\/app\/\",\"url\":\"https:\/\/bet-bonus.net\/br\/app\/\",\"name\":\"1xBet App Mobile \u00bb Baixe Aplicativo para Celular Iphone ou Android\",\"isPartOf\":{\"@id\":\"https:\/\/bet-bonus.net\/br\/#website\"},\"datePublished\":\"2018-07-15T21:15:43+00:00\",\"dateModified\":\"2018-07-27T11:49:46+00:00\",\"breadcrumb\":{\"@id\":\"https:\/\/bet-bonus.net\/br\/app\/#breadcrumb\"},\"inLanguage\":\"pt-BR\",\"potentialAction\":[{\"@type\":\"ReadAction\",\"target\":[\"https:\/\/bet-bonus.net\/br\/app\/\"]}]},{\"@type\":\"BreadcrumbList\",\"@id\":\"https:\/\/bet-bonus.net\/br\/app\/#breadcrumb\",\"itemListElement\":[{\"@type\":\"ListItem\",\"position\":1,\"name\":\"Home\",\"item\":\"https:\/\/bet-bonus.net\/br\/\"},{\"@type\":\"ListItem\",\"position\":2,\"name\":\"Aplica\u00e7\u00f5es APK e IOS para Download - Fa\u00e7a Apostas em qualquer lugar\"}]},{\"@type\":\"WebSite\",\"@id\":\"https:\/\/bet-bonus.net\/br\/#website\",\"url\":\"https:\/\/bet-bonus.net\/br\/\",\"name\":\"bet-bonus.net\/br\",\"description\":\"\",\"potentialAction\":[{\"@type\":\"SearchAction\",\"target\":{\"@type\":\"EntryPoint\",\"urlTemplate\":\"https:\/\/bet-bonus.net\/br\/?s={search_term_string}\"},\"query-input\":{\"@type\":\"PropertyValueSpecification\",\"valueRequired\":true,\"valueName\":\"search_term_string\"}}],\"inLanguage\":\"pt-BR\"}]}<\/script>\n<!-- \/ Yoast SEO plugin. -->","yoast_head_json":{"title":"1xBet App Mobile \u00bb Baixe Aplicativo para Celular Iphone ou Android","robots":{"index":"index","follow":"follow","max-snippet":"max-snippet:-1","max-image-preview":"max-image-preview:large","max-video-preview":"max-video-preview:-1"},"canonical":"https:\/\/bet-bonus.net\/br\/app\/","og_locale":"pt_BR","og_type":"article","og_title":"1xBet App Mobile \u00bb Baixe Aplicativo para Celular Iphone ou Android","og_url":"https:\/\/bet-bonus.net\/br\/app\/","og_site_name":"bet-bonus.net\/br","article_modified_time":"2018-07-27T11:49:46+00:00","twitter_card":"summary_large_image","twitter_misc":{"Est. tempo de leitura":"7 minutos"},"schema":{"@context":"https:\/\/schema.org","@graph":[{"@type":"WebPage","@id":"https:\/\/bet-bonus.net\/br\/app\/","url":"https:\/\/bet-bonus.net\/br\/app\/","name":"1xBet App Mobile \u00bb Baixe Aplicativo para Celular Iphone ou Android","isPartOf":{"@id":"https:\/\/bet-bonus.net\/br\/#website"},"datePublished":"2018-07-15T21:15:43+00:00","dateModified":"2018-07-27T11:49:46+00:00","breadcrumb":{"@id":"https:\/\/bet-bonus.net\/br\/app\/#breadcrumb"},"inLanguage":"pt-BR","potentialAction":[{"@type":"ReadAction","target":["https:\/\/bet-bonus.net\/br\/app\/"]}]},{"@type":"BreadcrumbList","@id":"https:\/\/bet-bonus.net\/br\/app\/#breadcrumb","itemListElement":[{"@type":"ListItem","position":1,"name":"Home","item":"https:\/\/bet-bonus.net\/br\/"},{"@type":"ListItem","position":2,"name":"Aplica\u00e7\u00f5es APK e IOS para Download - Fa\u00e7a Apostas em qualquer lugar"}]},{"@type":"WebSite","@id":"https:\/\/bet-bonus.net\/br\/#website","url":"https:\/\/bet-bonus.net\/br\/","name":"bet-bonus.net\/br","description":"","potentialAction":[{"@type":"SearchAction","target":{"@type":"EntryPoint","urlTemplate":"https:\/\/bet-bonus.net\/br\/?s={search_term_string}"},"query-input":{"@type":"PropertyValueSpecification","valueRequired":true,"valueName":"search_term_string"}}],"inLanguage":"pt-BR"}]}},"_links":{"self":[{"href":"https:\/\/bet-bonus.net\/br\/wp-json\/wp\/v2\/pages\/55","targetHints":{"allow":["GET"]}}],"collection":[{"href":"https:\/\/bet-bonus.net\/br\/wp-json\/wp\/v2\/pages"}],"about":[{"href":"https:\/\/bet-bonus.net\/br\/wp-json\/wp\/v2\/types\/page"}],"author":[{"embeddable":true,"href":"https:\/\/bet-bonus.net\/br\/wp-json\/wp\/v2\/users\/1"}],"replies":[{"embeddable":true,"href":"https:\/\/bet-bonus.net\/br\/wp-json\/wp\/v2\/comments?post=55"}],"version-history":[{"count":4,"href":"https:\/\/bet-bonus.net\/br\/wp-json\/wp\/v2\/pages\/55\/revisions"}],"predecessor-version":[{"id":458,"href":"https:\/\/bet-bonus.net\/br\/wp-json\/wp\/v2\/pages\/55\/revisions\/458"}],"wp:attachment":[{"href":"https:\/\/bet-bonus.net\/br\/wp-json\/wp\/v2\/media?parent=55"}],"wp:term":[{"taxonomy":"category","embeddable":true,"href":"https:\/\/bet-bonus.net\/br\/wp-json\/wp\/v2\/categories?post=55"},{"taxonomy":"post_tag","embeddable":true,"href":"https:\/\/bet-bonus.net\/br\/wp-json\/wp\/v2\/tags?post=55"}],"curies":[{"name":"wp","href":"https:\/\/api.w.org\/{rel}","templated":true}]}}