{"id":53,"date":"2018-07-15T20:00:23","date_gmt":"2018-07-15T20:00:23","guid":{"rendered":"http:\/\/bet-bonus.net\/br\/?page_id=53"},"modified":"2018-07-27T12:28:25","modified_gmt":"2018-07-27T12:28:25","slug":"gamao","status":"publish","type":"page","link":"https:\/\/bet-bonus.net\/br\/gamao\/","title":{"rendered":"Backgammon 1xBet - Regras para jogar Gam\u00e3o Online"},"content":{"rendered":"<p class=\"text-justify\">O famoso jogo de <strong>Gam\u00e3o<\/strong> \u00e9 jogado por muitas pessoas por todo o planeta, sendo um dos mais famosos jogos de tabuleiro do mundo.<\/p> \r\n\r\n<p class=\"text-justify\">Entretanto, tamb\u00e9m \u00e9 poss\u00edvel apostar em rodadas de Gam\u00e3o, ou <strong>Backgammon<\/strong>, como \u00e9 mais conhecido em sites de apostas, como a 1xBet. Atrav\u00e9s da internet, \u00e9 poss\u00edvel acompanhar rodadas transmitidas em tempo real, al\u00e9m de fazer apostas com dinheiro real, com possibilidade de muitos ganhos! Abaixo, explicamos detalhadamente como apostar em Backgammon online!<\/p> \r\n\r\n<p class=\"text-justify\">Para al\u00e9m do Gam\u00e3o, no cassino da 1Xbet tamb\u00e9m pode jogar Poker, Bingo e <a href=\"https:\/\/bet-bonus.net\/br\/mais-jogos\/\">mais jogos<\/a>.<\/p> \r\n\r\n            <div class=\"bonus-box first-box\">\n                <div class=\"bonus-box-head\">\n                    <div class=\"col-lg-3 col-md-4 col-sm-4 col-xs-12 \">\n                        <span class=\"hotfix operator-logo\"><img decoding=\"async\" src=\"\/portuguese\/assets\/logos\/sport\/dark-back\/1xbet.png\" width=\"auto\" height=\"auto\" alt=\"1xBet\" \/><\/span>                    <\/div>\n                    <div class=\"col-lg-4 col-md-4 col-sm-4 col-xs-6\">\n                        <p class=\"box-title\">1xBet&nbsp;sport<\/p>\n                    <\/div>\n                    <div class=\"col-lg-5 col-md-4 col-sm-4 col-xs-6\">\n                        <div class=\"likes-box likes-js\" data-likesid=\"1\">\n                            <div class=\"likes-icon-js\"><i class=\"fa fa-heart\" aria-hidden=\"true\"><\/i><\/div>\n                            <div class=\"likes-text-js\"><p>1196 likes<\/p><\/div>\n                        <\/div>\n                    <\/div>\n                <\/div>\n                <div class=\"bonus-box-body\">\n                    <div class=\"col-lg-3 col-md-3 col-sm-6 col-xs-12 rightBordered m-bonus no-padding\">\n                        <p>B\u00f4nus M\u00e1ximo<\/p>\n                        <p class=\"bonus-value max-bonus\">R$1200<\/p>\n                    <\/div>\n                                            <div class=\"col-lg-2 col-md-2 col-sm-6 col-xs-12 no-padding\">\n                            <p>Odds M\u00edn.<\/p>\n                            <p class=\"bonus-value\">2.00<\/p>\n                        <\/div>\n                                                                <div class=\"col-lg-2 col-md-2 col-sm-6 col-xs-12 no-padding \">\n                            <p>Requisito<\/p>\n                            <p class=\"bonus-value\">9x Bonus<\/p>\n                        <\/div>\n                                        <div class=\"col-lg-2 col-md-2 col-sm-6 col-xs-12 no-padding\">\n                        <p>Porcentagem<\/p>\n                        <p class=\"bonus-value\">100%<\/p>\n                    <\/div>\n                    <div class=\"col-lg-3 col-md-3 col-sm-6 col-xs-12 claim-bonus-sec \">\n\n                                                <div>\n                             <div   class=\"bonuscode  secret-code \"><span>Nenhum C\u00f3digo b\u00f4nus Obrigat\u00f3rio<\/span><\/div> <span class=\"cursored button js-golink  claim-bonus-code\"  onclick=\"OpenGoLink(this);\" data-operator=\"7\" data-bonus=\"3921\"   data-clicks=\"1\"data-type=\"sport\" ><div class='hvr-animation bonus-btn-main-sec'><span>Mostrar o C\u00f3digo de B\u00f4nus<\/span><\/div> <\/span>                         <\/div>\n                    <\/div>\n                <\/div>\n                            <\/div>\n                        <div class=\"bonus-box first-box\">\n                <div class=\"bonus-box-head\">\n                    <div class=\"col-lg-3 col-md-4 col-sm-4 col-xs-12 \">\n                        <span class=\"hotfix operator-logo\"><img decoding=\"async\" src=\"\/portuguese\/assets\/logos\/casino\/dark-back\/1xbet-casino.png\" width=\"auto\" height=\"auto\" alt=\"1xBet\" \/><\/span>                    <\/div>\n                    <div class=\"col-lg-4 col-md-4 col-sm-4 col-xs-6\">\n                        <p class=\"box-title\">1xBet&nbsp;casino<\/p>\n                    <\/div>\n                    <div class=\"col-lg-5 col-md-4 col-sm-4 col-xs-6\">\n                        <div class=\"likes-box likes-js\" data-likesid=\"16\">\n                            <div class=\"likes-icon-js\"><i class=\"fa fa-heart\" aria-hidden=\"true\"><\/i><\/div>\n                            <div class=\"likes-text-js\"><p>1755 likes<\/p><\/div>\n                        <\/div>\n                    <\/div>\n                <\/div>\n                <div class=\"bonus-box-body\">\n                    <div class=\"col-lg-3 col-md-3 col-sm-6 col-xs-12 rightBordered m-bonus no-padding\">\n                        <p>B\u00f4nus M\u00e1ximo<\/p>\n                        <p class=\"bonus-value max-bonus\">R$1600<\/p>\n                    <\/div>\n                                                                <div class=\"col-lg-2 col-md-2 col-sm-6 col-xs-12 no-padding \">\n                            <p>Requisito<\/p>\n                            <p class=\"bonus-value\">35x Bonus<\/p>\n                        <\/div>\n                                        <div class=\"col-lg-2 col-md-2 col-sm-6 col-xs-12 no-padding\">\n                        <p>Porcentagem<\/p>\n                        <p class=\"bonus-value\">100%<\/p>\n                    <\/div>\n                    <div class=\"col-lg-3 col-md-3 col-sm-6 col-xs-12 claim-bonus-sec \">\n\n                                                <div>\n                             <div   class=\"bonuscode  secret-code \"><span>Nenhum C\u00f3digo b\u00f4nus Obrigat\u00f3rio<\/span><\/div> <span class=\"cursored button js-golink  claim-bonus-code\"  onclick=\"OpenGoLink(this);\" data-operator=\"8\" data-bonus=\"5396\"   data-clicks=\"17\"data-type=\"casino\" ><div class='hvr-animation bonus-btn-main-sec'><span>Mostrar o C\u00f3digo de B\u00f4nus<\/span><\/div> <\/span>                         <\/div>\n                    <\/div>\n                <\/div>\n                            <\/div>\n                        <div class=\"bonus-box first-box\">\n                <div class=\"bonus-box-head\">\n                    <div class=\"col-lg-3 col-md-4 col-sm-4 col-xs-12 \">\n                        <span class=\"hotfix operator-logo\"><img decoding=\"async\" src=\"\/portuguese\/assets\/logos\/poker\/dark-back\/1xbet-poker.png\" width=\"auto\" height=\"auto\" alt=\"1xBet\" \/><\/span>                    <\/div>\n                    <div class=\"col-lg-4 col-md-4 col-sm-4 col-xs-6\">\n                        <p class=\"box-title\">1xBet&nbsp;poker<\/p>\n                    <\/div>\n                    <div class=\"col-lg-5 col-md-4 col-sm-4 col-xs-6\">\n                        <div class=\"likes-box likes-js\" data-likesid=\"12\">\n                            <div class=\"likes-icon-js\"><i class=\"fa fa-heart\" aria-hidden=\"true\"><\/i><\/div>\n                            <div class=\"likes-text-js\"><p>1130 likes<\/p><\/div>\n                        <\/div>\n                    <\/div>\n                <\/div>\n                <div class=\"bonus-box-body\">\n                    <div class=\"col-lg-3 col-md-3 col-sm-6 col-xs-12 rightBordered m-bonus no-padding\">\n                        <p>B\u00f4nus M\u00e1ximo<\/p>\n                        <p class=\"bonus-value max-bonus\">No Bonus<\/p>\n                    <\/div>\n                                                                <div class=\"col-lg-2 col-md-2 col-sm-6 col-xs-12 no-padding \">\n                            <p>Requisito<\/p>\n                            <p class=\"bonus-value\">x <\/p>\n                        <\/div>\n                                        <div class=\"col-lg-2 col-md-2 col-sm-6 col-xs-12 no-padding\">\n                        <p>Porcentagem<\/p>\n                        <p class=\"bonus-value\">-<\/p>\n                    <\/div>\n                    <div class=\"col-lg-3 col-md-3 col-sm-6 col-xs-12 claim-bonus-sec \">\n\n                                                <div>\n                             <div   class=\"bonuscode  secret-code \"><span>Nenhum C\u00f3digo b\u00f4nus Obrigat\u00f3rio<\/span><\/div> <span class=\"cursored button js-golink  claim-bonus-code\"  onclick=\"OpenGoLink(this);\" data-operator=\"573\" data-bonus=\"4043\"   data-clicks=\"13\"data-type=\"poker\" ><div class='hvr-animation bonus-btn-main-sec'><span>Mostrar o C\u00f3digo de B\u00f4nus<\/span><\/div> <\/span>                         <\/div>\n                    <\/div>\n                <\/div>\n                            <\/div>\n            \r\n\r\n<h2>O que \u00e9 o Jogo do Gam\u00e3o?<\/h2>\r\n\r\n<p class=\"text-justify\">Mundialmente conhecido como Backgammon, o Gam\u00e3o \u00e9 um jogo de tabuleiro jogado entre dois advers\u00e1rios, baseando-se na movimenta\u00e7\u00e3o de pe\u00e7as por um caminho unidimensional.<\/p> \r\n\r\n<p class=\"text-justify\">Para isso, cada jogador deve lan\u00e7ar um <strong>par de dados<\/strong>, e o valor obtido ser\u00e1 igual ao n\u00famero de casas que o jogador ter\u00e1 direito a caminhar pelo tra\u00e7ado.<\/p> \r\n\r\n<p class=\"text-justify\">Al\u00e9m disso, casas ocupadas por duas ou mais pe\u00e7as advers\u00e1rias n\u00e3o podem ser ocupadas, o que n\u00e3o se aplica a casas com uma pe\u00e7a. Nesses casos, a pe\u00e7a advers\u00e1ria \u00e9 \"comida\", ou seja, \u00e9 retirada de jogo, devendo ser recolocada no caminho inicial pelo jogador prejudicado.<\/p> \r\n\r\n\r\n<div class=\"cta-direct-bonus\">\r\n    <div class=\"col-lg-8 col-md-8 col-sm-8 col-xs-12\">\r\n        <div class=\"row\">\r\n            <p class=\"cta-direct-slogan\">\r\n                Est\u00e1 Pronto para Pegar Seu B\u00f4nus de Boas-Vindas?            <\/p>\r\n        <\/div>\r\n    <\/div>\r\n    <div class=\"col-lg-4 col-md-4 col-sm-4 col-xs-12\">\r\n        <div class=\"row\">\r\n             <span class=\"cursored button js-golink cta-direct-button hvr-animation new-hover\"  onclick=\"OpenGoLink(this);\" data-operator=\"7\" data-bonus=\"4043\"   data-clicks=\"12\"data-type=\"sport\" ><span>Visitar 1xBet Agora!<\/span> <\/span> \r\n        <\/div>\r\n    <\/div>\r\n<\/div>\r\n\r\n<style type=\"text\/css\" media=\"screen\">\r\n    .cta-direct-button.new-hover {\r\n        padding: 3px 0 2px;\r\n    }\r\n<\/style>\r\n\r\n<p class=\"text-justify\">Por fim, vence o jogador que conseguir retirar todas as suas pe\u00e7as do tabuleiro. Entretanto, \u00e9 poss\u00edvel ganhar, tamb\u00e9m, em casos de recusa do advers\u00e1rio em dobrar a quantidade de pontos disputados na rodada, uma das possibilidades de desenvolvimento da partida.<\/p> \r\n\r\n<p class=\"text-justify\">Assim, o jogo de Gam\u00e3o pode ter diversos componentes diferentes, que tornam cada partida \u00fanica, envolvendo v\u00e1rios fatores, desde a habilidade e experi\u00eancia do jogador at\u00e9 a sorte de cada advers\u00e1rio.<\/p> \r\n\r\n<h2>Como se Joga ao Backgammon na 1xBet?<\/h2>\r\n\r\n<p class=\"text-justify\">Atualmente, o jogo de Gam\u00e3o, ou Backgammon, encontra-se indispon\u00edvel na 1xBet. \r\n\r\nO jogo j\u00e1 foi disponibilizado anteriormente, mas hoje sua p\u00e1gina n\u00e3o pode ser encontrado no site do site de apostas.<\/p> \r\n\r\n<p class=\"text-justify\">Entretanto, \u00e9 poss\u00edvel que o jogo volte \u00e0 plataforma de apostas em atualiza\u00e7\u00f5es futuras, embora n\u00e3o haja qualquer informa\u00e7\u00e3o oficial da 1xBet a respeito do tema. Mesmo assim, o retorno pode ocorrer pode ocorrer porque os jogos s\u00e3o atualizados e substitu\u00eddos conforme as demandas dos apostadores da plataforma.<\/p> \r\n\r\n<p class=\"text-justify\">De qualquer forma, a 1xBet games possui diversas outras formas para voc\u00ea realizar apostas online, como apostas em eventos esportivos, jogos de cassino, como roletas e slots, corridas, competi\u00e7\u00f5es etc. \r\n\r\nCaso o Backgammon seja disponibilizado novamente pela 1xBet, o jogo poder\u00e1 ser acessado pela se\u00e7\u00e3o TV Games, na qual dever\u00e1 ser selecionado a op\u00e7\u00e3o BetGames TV, plataforma do site de apostas que re\u00fane todos os jogos de apostas transmitidos ao vivo, com possibilidade imediata de apostas, como Poker e Baccarat.<\/p> \r\n\r\n\r\n<div class=\"cta-direct-bonus\">\r\n    <div class=\"col-lg-8 col-md-8 col-sm-8 col-xs-12\">\r\n        <div class=\"row\">\r\n            <p class=\"cta-direct-slogan\">\r\n                Est\u00e1 Pronto para Pegar Seu B\u00f4nus de Boas-Vindas?            <\/p>\r\n        <\/div>\r\n    <\/div>\r\n    <div class=\"col-lg-4 col-md-4 col-sm-4 col-xs-12\">\r\n        <div class=\"row\">\r\n             <span class=\"cursored button js-golink cta-direct-button hvr-animation new-hover\"  onclick=\"OpenGoLink(this);\" data-operator=\"7\" data-bonus=\"3921\"   data-clicks=\"1\"data-type=\"sport\" ><span>Visitar 1xBet Agora!<\/span> <\/span> \r\n        <\/div>\r\n    <\/div>\r\n<\/div>\r\n\r\n<style type=\"text\/css\" media=\"screen\">\r\n    .cta-direct-button.new-hover {\r\n        padding: 3px 0 2px;\r\n    }\r\n<\/style>\r\n\r\n<h2>H\u00e1 algum b\u00f4nus para jogar Backgammon na 1xBet?<\/h2>\r\n\r\n<p class=\"text-justify\">Atualmente, n\u00e3o h\u00e1 nenhum tipo de b\u00f4nus para apostar em Backgammon, out Gam\u00e3o, pela plataforma da 1xBet. Isso acontece porque o jogo est\u00e1 atualmente indispon\u00edvel na plataforma, n\u00e3o sendo poss\u00edvel assistir \u00e0s partidas ou realizar qualquer aposta.<\/p> \r\n\r\n<p class=\"text-justify\">Entretanto, a 1xBet oferece diversos outros b\u00f4nus gr\u00e1tis para voc\u00ea apostar e aumentar as suas chances de ganhos!<\/p> \r\n\r\nUma delas \u00e9 o b\u00f4nus de primeiro dep\u00f3sito. Nele, voc\u00ea pode ganhar at\u00e9 500 reais na primeira vez que inserir cr\u00e9ditos em sua conta na plataforma.\r\n\r\n<p class=\"text-justify\">Para isso, voc\u00ea s\u00f3 precisar\u00e1 depositar qualquer valor acima de 4 reais na primeira vez que for utilizar o site de apostas. Assim, voc\u00ea receber\u00e1 em forma de b\u00f4nus gr\u00e1tis 100% do valor depositado, e ter\u00e1 30 dias corridos para utiliz\u00e1-los, sob condi\u00e7\u00f5es que podem ser encontradas no site da 1xBet.<\/p> \r\n\r\n<p class=\"text-justify\">Outro b\u00f4nus dispon\u00edvel \u00e9 o da sexta-feira afortunada. Nesta promo\u00e7\u00e3o, voc\u00ea tamb\u00e9m receber\u00e1 100% do valor depositado em forma de b\u00f4nus, desde que deposite ao menos o valor correspondente a 1 euro em sua conta na plataforma de apostas. Para esse b\u00f4nus, voc\u00ea ter\u00e1 at\u00e9 7 dias para utiliz\u00e1-los, tamb\u00e9m sobre condi\u00e7\u00f5es espec\u00edficas.<\/p> \r\n\r\n\r\n<div class=\"cta-direct-bonus\">\r\n    <div class=\"col-lg-8 col-md-8 col-sm-8 col-xs-12\">\r\n        <div class=\"row\">\r\n            <p class=\"cta-direct-slogan\">\r\n                Est\u00e1 Pronto para Pegar Seu B\u00f4nus de Boas-Vindas?            <\/p>\r\n        <\/div>\r\n    <\/div>\r\n    <div class=\"col-lg-4 col-md-4 col-sm-4 col-xs-12\">\r\n        <div class=\"row\">\r\n             <span class=\"cursored button js-golink cta-direct-button hvr-animation new-hover\"  onclick=\"OpenGoLink(this);\" data-operator=\"7\" data-bonus=\"3921\"   data-clicks=\"1\"data-type=\"sport\" ><span>Visitar 1xBet Agora!<\/span> <\/span> \r\n        <\/div>\r\n    <\/div>\r\n<\/div>\r\n\r\n<style type=\"text\/css\" media=\"screen\">\r\n    .cta-direct-button.new-hover {\r\n        padding: 3px 0 2px;\r\n    }\r\n<\/style>\r\n\r\n<h2>Conselhos e Regras para jogar ao Backgammon<\/h2>\r\n\r\n<p class=\"text-justify\">O jogo de Backgammon depende de fatores como sorte e experi\u00eancia. Mesmo assim, algumas t\u00e1ticas s\u00e3o eficazes e importantes tanto para aqueles que jogam quanto para os que apostam.<\/p> \r\n\r\n<p class=\"text-justify\">Uma das principais dicas \u00e9 a de n\u00e3o deixar pe\u00e7as isoladas nas casas do tabuleiro. Fazer isso deixaria suas pe\u00e7as expostas a serem \"comidas\" pelo advers\u00e1rio, resultando em retardamento da partida.<\/p> \r\n\r\n<p class=\"text-justify\">Outra dica importante \u00e9 distribuir as pe\u00e7as pelo tabuleiro, evitando acumular muitas pe\u00e7as em uma s\u00f3 casa. Quando isso ocorre, grande parte do tabuleiro fica sem defesa, o que far\u00e1 com que o advers\u00e1rio possa avan\u00e7ar todas as casas facilmente, alcan\u00e7ando a vit\u00f3ria em pouco tempo e diminuindo suas chances de vit\u00f3ria ou ganhos com apostas.<\/p>\r\n","protected":false},"excerpt":{"rendered":"O famoso jogo de Gam\u00e3o \u00e9 jogado por muitas pessoas por todo o planeta, sendo um dos mais famosos jogos de tabuleiro do mundo. Entretanto, tamb\u00e9m \u00e9 poss\u00edvel apostar em rodadas de Gam\u00e3o, ou Backgammon, como \u00e9 mais conhecido em sites de apostas, como a 1xBet. Atrav\u00e9s da internet, \u00e9 poss\u00edvel acompanhar rodadas transmitidas em<a href=\"https:\/\/bet-bonus.net\/br\/gamao\/\"> &#8230;<\/a>","protected":false},"author":1,"featured_media":0,"parent":0,"menu_order":0,"comment_status":"closed","ping_status":"closed","template":"","meta":{"footnotes":""},"categories":[],"tags":[4],"class_list":["post-53","page","type-page","status-publish","hentry","tag-interesting"],"yoast_head":"<!-- This site is optimized with the Yoast SEO plugin v26.7 - https:\/\/yoast.com\/wordpress\/plugins\/seo\/ -->\n<title>1xBet Gam\u00e3o \u00bb Jogue em Torneios Online agora mesmo<\/title>\n<meta name=\"robots\" content=\"index, follow, max-snippet:-1, max-image-preview:large, max-video-preview:-1\" \/>\n<link rel=\"canonical\" href=\"https:\/\/bet-bonus.net\/br\/gamao\/\" \/>\n<meta property=\"og:locale\" content=\"pt_BR\" \/>\n<meta property=\"og:type\" content=\"article\" \/>\n<meta property=\"og:title\" content=\"1xBet Gam\u00e3o \u00bb Jogue em Torneios Online agora mesmo\" \/>\n<meta property=\"og:url\" content=\"https:\/\/bet-bonus.net\/br\/gamao\/\" \/>\n<meta property=\"og:site_name\" content=\"bet-bonus.net\/br\" \/>\n<meta property=\"article:modified_time\" content=\"2018-07-27T12:28:25+00:00\" \/>\n<meta name=\"twitter:card\" content=\"summary_large_image\" \/>\n<meta name=\"twitter:label1\" content=\"Est. tempo de leitura\" \/>\n\t<meta name=\"twitter:data1\" content=\"4 minutos\" \/>\n<script type=\"application\/ld+json\" class=\"yoast-schema-graph\">{\"@context\":\"https:\/\/schema.org\",\"@graph\":[{\"@type\":\"WebPage\",\"@id\":\"https:\/\/bet-bonus.net\/br\/gamao\/\",\"url\":\"https:\/\/bet-bonus.net\/br\/gamao\/\",\"name\":\"1xBet Gam\u00e3o \u00bb Jogue em Torneios Online agora mesmo\",\"isPartOf\":{\"@id\":\"https:\/\/bet-bonus.net\/br\/#website\"},\"datePublished\":\"2018-07-15T20:00:23+00:00\",\"dateModified\":\"2018-07-27T12:28:25+00:00\",\"breadcrumb\":{\"@id\":\"https:\/\/bet-bonus.net\/br\/gamao\/#breadcrumb\"},\"inLanguage\":\"pt-BR\",\"potentialAction\":[{\"@type\":\"ReadAction\",\"target\":[\"https:\/\/bet-bonus.net\/br\/gamao\/\"]}]},{\"@type\":\"BreadcrumbList\",\"@id\":\"https:\/\/bet-bonus.net\/br\/gamao\/#breadcrumb\",\"itemListElement\":[{\"@type\":\"ListItem\",\"position\":1,\"name\":\"Home\",\"item\":\"https:\/\/bet-bonus.net\/br\/\"},{\"@type\":\"ListItem\",\"position\":2,\"name\":\"Backgammon 1xBet - Regras para jogar Gam\u00e3o Online\"}]},{\"@type\":\"WebSite\",\"@id\":\"https:\/\/bet-bonus.net\/br\/#website\",\"url\":\"https:\/\/bet-bonus.net\/br\/\",\"name\":\"bet-bonus.net\/br\",\"description\":\"\",\"potentialAction\":[{\"@type\":\"SearchAction\",\"target\":{\"@type\":\"EntryPoint\",\"urlTemplate\":\"https:\/\/bet-bonus.net\/br\/?s={search_term_string}\"},\"query-input\":{\"@type\":\"PropertyValueSpecification\",\"valueRequired\":true,\"valueName\":\"search_term_string\"}}],\"inLanguage\":\"pt-BR\"}]}<\/script>\n<!-- \/ Yoast SEO plugin. -->","yoast_head_json":{"title":"1xBet Gam\u00e3o \u00bb Jogue em Torneios Online agora mesmo","robots":{"index":"index","follow":"follow","max-snippet":"max-snippet:-1","max-image-preview":"max-image-preview:large","max-video-preview":"max-video-preview:-1"},"canonical":"https:\/\/bet-bonus.net\/br\/gamao\/","og_locale":"pt_BR","og_type":"article","og_title":"1xBet Gam\u00e3o \u00bb Jogue em Torneios Online agora mesmo","og_url":"https:\/\/bet-bonus.net\/br\/gamao\/","og_site_name":"bet-bonus.net\/br","article_modified_time":"2018-07-27T12:28:25+00:00","twitter_card":"summary_large_image","twitter_misc":{"Est. tempo de leitura":"4 minutos"},"schema":{"@context":"https:\/\/schema.org","@graph":[{"@type":"WebPage","@id":"https:\/\/bet-bonus.net\/br\/gamao\/","url":"https:\/\/bet-bonus.net\/br\/gamao\/","name":"1xBet Gam\u00e3o \u00bb Jogue em Torneios Online agora mesmo","isPartOf":{"@id":"https:\/\/bet-bonus.net\/br\/#website"},"datePublished":"2018-07-15T20:00:23+00:00","dateModified":"2018-07-27T12:28:25+00:00","breadcrumb":{"@id":"https:\/\/bet-bonus.net\/br\/gamao\/#breadcrumb"},"inLanguage":"pt-BR","potentialAction":[{"@type":"ReadAction","target":["https:\/\/bet-bonus.net\/br\/gamao\/"]}]},{"@type":"BreadcrumbList","@id":"https:\/\/bet-bonus.net\/br\/gamao\/#breadcrumb","itemListElement":[{"@type":"ListItem","position":1,"name":"Home","item":"https:\/\/bet-bonus.net\/br\/"},{"@type":"ListItem","position":2,"name":"Backgammon 1xBet - Regras para jogar Gam\u00e3o Online"}]},{"@type":"WebSite","@id":"https:\/\/bet-bonus.net\/br\/#website","url":"https:\/\/bet-bonus.net\/br\/","name":"bet-bonus.net\/br","description":"","potentialAction":[{"@type":"SearchAction","target":{"@type":"EntryPoint","urlTemplate":"https:\/\/bet-bonus.net\/br\/?s={search_term_string}"},"query-input":{"@type":"PropertyValueSpecification","valueRequired":true,"valueName":"search_term_string"}}],"inLanguage":"pt-BR"}]}},"_links":{"self":[{"href":"https:\/\/bet-bonus.net\/br\/wp-json\/wp\/v2\/pages\/53","targetHints":{"allow":["GET"]}}],"collection":[{"href":"https:\/\/bet-bonus.net\/br\/wp-json\/wp\/v2\/pages"}],"about":[{"href":"https:\/\/bet-bonus.net\/br\/wp-json\/wp\/v2\/types\/page"}],"author":[{"embeddable":true,"href":"https:\/\/bet-bonus.net\/br\/wp-json\/wp\/v2\/users\/1"}],"replies":[{"embeddable":true,"href":"https:\/\/bet-bonus.net\/br\/wp-json\/wp\/v2\/comments?post=53"}],"version-history":[{"count":6,"href":"https:\/\/bet-bonus.net\/br\/wp-json\/wp\/v2\/pages\/53\/revisions"}],"predecessor-version":[{"id":466,"href":"https:\/\/bet-bonus.net\/br\/wp-json\/wp\/v2\/pages\/53\/revisions\/466"}],"wp:attachment":[{"href":"https:\/\/bet-bonus.net\/br\/wp-json\/wp\/v2\/media?parent=53"}],"wp:term":[{"taxonomy":"category","embeddable":true,"href":"https:\/\/bet-bonus.net\/br\/wp-json\/wp\/v2\/categories?post=53"},{"taxonomy":"post_tag","embeddable":true,"href":"https:\/\/bet-bonus.net\/br\/wp-json\/wp\/v2\/tags?post=53"}],"curies":[{"name":"wp","href":"https:\/\/api.w.org\/{rel}","templated":true}]}}