{"id":522,"date":"2022-01-24T12:46:59","date_gmt":"2022-01-24T12:46:59","guid":{"rendered":"https:\/\/bet-bonus.net\/br\/?page_id=522"},"modified":"2022-01-24T14:56:11","modified_gmt":"2022-01-24T14:56:11","slug":"stake-com","status":"publish","type":"page","link":"https:\/\/bet-bonus.net\/br\/stake-com\/","title":{"rendered":"Os Melhores B\u00f4nus da Stake.com - Veja todas as Ofertas e C\u00f3digos B\u00f4nus"},"content":{"rendered":"<p class=\"text-justify\">A Stake.com \u00e9 uma casa de apostas que se destaca em fun\u00e7\u00e3o de focar suas op\u00e7\u00f5es de saque e dep\u00f3sito somente em criptomoedas. S\u00e3o cerca de mais de 120 criptomoedas distintas dispon\u00edveis para efetuar pagamento. Com rela\u00e7\u00e3o aos mercados, a Stake possui apostas associadas a mais de 30 modalidades esportivas.<\/p>\r\n<p class=\"text-justify\">O carro-chefe da casa da casa s\u00e3o os esportes mais conhecidos, como basquete, futebol e t\u00eanis. Todavia, na plataforma tamb\u00e9m existe a possibilidade de apostar em esportes menos populares, como alguns tipos de e-Sports, como League of Legends e o futebol australiano.<\/p>\r\n<p class=\"text-justify\">Nos mais relevantes eventos esportivos da Stake, a plataforma de apostas chega a ter cerca de 100 mercados diferentes abertos. \u00c9 poss\u00edvel apostar sobre o n\u00famero de escanteios, gols, cart\u00f5es, dentre outros.<\/p>\r\n<p class=\"text-justify\">No que se refere \u00e0s promo\u00e7\u00f5es, podemos informar que a casa oferece diversas, tanto para usu\u00e1rios novos quanto para os mais antigos. Sobre os MELHORES B\u00d4NUS DA Stake.com, esclarecemos sobre eles na sequ\u00eancia deste artigo.            <div class=\"bonus-box first-box\">\n                <div class=\"bonus-box-head\">\n                    <div class=\"col-lg-3 col-md-4 col-sm-4 col-xs-12 \">\n                        <span class=\"hotfix operator-logo\"><img decoding=\"async\" src=\"\/portuguese\/assets\/logos\/sport\/dark-back\/stake-com.png\" width=\"auto\" height=\"auto\" alt=\"Stake.com\" \/><\/span>                    <\/div>\n                    <div class=\"col-lg-4 col-md-4 col-sm-4 col-xs-6\">\n                        <p class=\"box-title\">Stake.com&nbsp;sport<\/p>\n                    <\/div>\n                    <div class=\"col-lg-5 col-md-4 col-sm-4 col-xs-6\">\n                        <div class=\"likes-box likes-js\" data-likesid=\"18\">\n                            <div class=\"likes-icon-js\"><i class=\"fa fa-heart\" aria-hidden=\"true\"><\/i><\/div>\n                            <div class=\"likes-text-js\"><p>1039 likes<\/p><\/div>\n                        <\/div>\n                    <\/div>\n                <\/div>\n                <div class=\"bonus-box-body\">\n                    <div class=\"col-lg-3 col-md-3 col-sm-6 col-xs-12 rightBordered m-bonus no-padding\">\n                        <p>B\u00f4nus M\u00e1ximo<\/p>\n                        <p class=\"bonus-value max-bonus\">1000$<\/p>\n                    <\/div>\n                                                                <div class=\"col-lg-2 col-md-2 col-sm-6 col-xs-12 no-padding turnover-small\">\n                            <p>Requisito<\/p>\n                            <p class=\"bonus-value\">40x Bonus and Deposit<\/p>\n                        <\/div>\n                                        <div class=\"col-lg-2 col-md-2 col-sm-6 col-xs-12 no-padding\">\n                        <p>Porcentagem<\/p>\n                        <p class=\"bonus-value\">200%<\/p>\n                    <\/div>\n                    <div class=\"col-lg-3 col-md-3 col-sm-6 col-xs-12 claim-bonus-sec \">\n\n                                                <div>\n                             <div   class=\"bonuscode  secret-code \"><span>lucky10<\/span><\/div> <span class=\"cursored button js-golink  claim-bonus-code\"  onclick=\"OpenGoLink(this);\" data-operator=\"885\" data-bonus=\"8067\"   data-clicks=\"18\"data-type=\"sport\" ><div class='hvr-animation bonus-btn-main-sec'><span>Mostrar o C\u00f3digo de B\u00f4nus<\/span><\/div> <\/span>                         <\/div>\n                    <\/div>\n                <\/div>\n                            <\/div>\n            <\/p>\r\n\r\n<h2>O B\u00f4nus Sem Dep\u00f3sito na Stake.com<\/h2>\r\n<p class=\"text-justify\">Os b\u00f4nus sem dep\u00f3sito s\u00e3o muito atraentes, pois podem recompens\u00e1-lo com dinheiro promocional ou outros tipos de incentivos logo ap\u00f3s voc\u00ea registrar uma conta. Esta \u00e9 a raz\u00e3o pela qual muitos apostadores est\u00e3o procurando exatamente esse tipo de oferta. Essa tamb\u00e9m \u00e9 uma chance para os sites de jogos atra\u00edrem mais clientes em potencial.<\/p>\r\n<p class=\"text-justify\">No entanto, poucos operadores oferecem b\u00f4nus sem dep\u00f3sito. Algumas plataformas de apostas promovem ofertas de b\u00f4nus sem dep\u00f3sito durante um per\u00edodo espec\u00edfico, dependendo de suas campanhas promocionais.<\/p>\r\n<p class=\"text-justify\">Os B\u00d4NUS SEM DEP\u00d3SITO NA Stake.com s\u00e3o disponibilizados sobre jogos do cassino, a n\u00e3o ser que exista alguma campanha vigente no mesmo per\u00edodo em que o apostador se registrar no site. O normal \u00e9 que os que tenham acesso a esse benef\u00edcios sejam apostadores que usam a Stake com regularidade no cassino, pois s\u00e3o estes os mais fi\u00e9is a casa de apostas.<\/p>\r\n<p class=\"text-justify\">Enfim, n\u00e3o existe exatamente um regra para quem quer obter o b\u00f4nus sem dep\u00f3sito da Stake.com, o ideal \u00e9 que o usu\u00e1rio interessado neste procure ser ass\u00edduo no site e ativo com os jogos do cassino. \u00c9 poss\u00edvel que jogadores que utilizem as apostas esportivas tamb\u00e9m sejam beneficiados com a promo\u00e7\u00e3o, desde que tenham o mesmo princ\u00edpio de utilizar com frequ\u00eancia o site, realizando apostas.<\/p>\r\n\r\n<h2>As Ofertas Gr\u00e1tis dispon\u00edveis na Stake.com<\/h2>\r\n<p class=\"text-justify\">Existem v\u00e1rias OFERTAS Stake.com de apostas gr\u00e1tis para clientes novos e existentes. Eles est\u00e3o ligados a um evento ou jogo. A aposta de volta vem como uma aposta gr\u00e1tis, que n\u00e3o atrai nenhuma aposta.<\/p>\r\n<p class=\"text-justify\">Uma das <strong>OFERTAS Stake.com de apostas gr\u00e1tis mais populares \u00e9 o NFL Money Back Special.<\/strong> Se o seu time preferido liderar desde o in\u00edcio at\u00e9 o 3\u00ba trimestre e perder, o Stake.com reembolsar\u00e1 sua aposta em at\u00e9 $ 100 como apostas gr\u00e1tis.<\/p>\r\n<p class=\"text-justify\">Existem tamb\u00e9m outras apostas gr\u00e1tis peri\u00f3dicas baseadas na competi\u00e7\u00e3o, como a UEFA Champions League, jogos de e-sport e outros torneios selecionados.\r\n<div class=\"cta-direct-bonus\">\r\n    <div class=\"col-lg-8 col-md-8 col-sm-8 col-xs-12\">\r\n        <div class=\"row\">\r\n            <p class=\"cta-direct-slogan\">\r\n                Est\u00e1 Pronto para Pegar Seu B\u00f4nus de Boas-Vindas?            <\/p>\r\n        <\/div>\r\n    <\/div>\r\n    <div class=\"col-lg-4 col-md-4 col-sm-4 col-xs-12\">\r\n        <div class=\"row\">\r\n             <span class=\"cursored button js-golink cta-direct-button hvr-animation new-hover\"  onclick=\"OpenGoLink(this);\" data-operator=\"885\" data-bonus=\"8067\"   data-clicks=\"18\"data-type=\"sport\" ><span>Visitar Stake.com Agora!<\/span> <\/span> \r\n        <\/div>\r\n    <\/div>\r\n<\/div>\r\n\r\n<style type=\"text\/css\" media=\"screen\">\r\n    .cta-direct-button.new-hover {\r\n        padding: 3px 0 2px;\r\n    }\r\n<\/style><\/p>\r\n\r\n<h2>Stake.com B\u00f4nus de Fidelidade e Refer\u00eancia<\/h2>\r\n<p class=\"text-justify\">A Stake.com disp\u00f5e de um programa de fidelidade incompar\u00e1vel, atrav\u00e9s do qual ficamos muito famosos. Conforme voc\u00ea desenvolve seu n\u00edvel, seus benef\u00edcios e b\u00f4nus aumentam.<\/p>\r\n<p class=\"text-justify\">\u00c9 importante ponderar que os requisitos das apostas s\u00e3o estipulados para assegurar que os utilizadores possam comprovar a sua capacidade antes que a operadora se comprometa com todas as vantagens VIP. Isso \u00e9 realizado para otimizar a experi\u00eancia dos apostadores do site e assegurar que os utilizadores certo ganham o m\u00e1ximo.<\/p>\r\n<p class=\"text-justify\">Os n\u00edveis s\u00e3o Bronze, Prata, Ouro, Platina, Platina II, Platina III, Platina IV, Platina V, Platina VI, Diamante, Obsidiana.<\/p>\r\n<p class=\"text-justify\">As bonifica\u00e7\u00f5es concernente ao subir de n\u00edvel no programa s\u00e3o fornecidas pela equipe da Stake.com ou pelo anfitri\u00e3o VIP, sempre que voc\u00ea chega a um novo n\u00edvel VIP.<\/p>\r\n<p class=\"text-justify\">Os benef\u00edcios de subida de n\u00edvel do programa consideram um valor base de acordo com n\u00edvel + extra, a depender de suas \u00faltimas apostas. Isso quer dizer que se voc\u00ea n\u00e3o se sair bem nas suas apostas, vai receber ligeiramente mais sobre o valor base.<\/p>\r\n<p class=\"text-justify\">Em outras palavras, voc\u00ea ganha b\u00f4nus mesmo se estiver tendo sucesso com as apostas, por\u00e9m recebe mais ainda se estiver perdendo. Com rela\u00e7\u00e3o a um programa de refer\u00eancia, sim, ele existe na plataforma.<\/p>\r\n<p class=\"text-justify\">Para conseguir ganhar com esse programa, o cliente precisa inserir o c\u00f3digo de indica\u00e7\u00e3o quando se registrar na casa. Evidentemente, o indicado n\u00e3o pode ser a pr\u00f3pria pessoa que indica. Outro detalhe, \u00e9 que a pessoa que est\u00e1 sendo indicada precisa residir no mesmo pa\u00eds da pessoa que faz a indica\u00e7\u00e3o.<\/p>\r\n\r\n<h2>O B\u00f4nus de Casino da Stake.com<\/h2>\r\n<p class=\"text-justify\"><strong>O B\u00d4NUS DE BOAS VINDAS Stake.com se localiza entre os mais relevantes do mercado.<\/strong> S\u00e3o 200% de bonifica\u00e7\u00e3o at\u00e9 o valor de R$1000 que a plataforma disponibiliza para o dep\u00f3sito prim\u00e1rio de cada utilizador.<\/p>\r\n<p class=\"text-justify\">Para desfrutar dessa promo\u00e7\u00e3o, n\u00e3o \u00e9 preciso aplicar c\u00f3digos de promo\u00e7\u00e3o. Para conquistar o benef\u00edcios \u00e9 preciso apenas se cadastrar, fazer seu primeiro dep\u00f3sito e acatar aos termos e condi\u00e7\u00f5es da promo\u00e7\u00e3o.\r\n<div class=\"cta-direct-bonus\">\r\n    <div class=\"col-lg-8 col-md-8 col-sm-8 col-xs-12\">\r\n        <div class=\"row\">\r\n            <p class=\"cta-direct-slogan\">\r\n                Est\u00e1 Pronto para Pegar Seu B\u00f4nus de Boas-Vindas?            <\/p>\r\n        <\/div>\r\n    <\/div>\r\n    <div class=\"col-lg-4 col-md-4 col-sm-4 col-xs-12\">\r\n        <div class=\"row\">\r\n             <span class=\"cursored button js-golink cta-direct-button hvr-animation new-hover\"  onclick=\"OpenGoLink(this);\" data-operator=\"885\" data-bonus=\"8067\"   data-clicks=\"18\"data-type=\"sport\" ><span>Visitar Stake.com Agora!<\/span> <\/span> \r\n        <\/div>\r\n    <\/div>\r\n<\/div>\r\n\r\n<style type=\"text\/css\" media=\"screen\">\r\n    .cta-direct-button.new-hover {\r\n        padding: 3px 0 2px;\r\n    }\r\n<\/style><\/p>\r\n\r\n<h2>O B\u00f4nus de Poker da Stake.com<\/h2>\r\n<p class=\"text-justify\">At\u00e9 o presente momento o cassino da plataforma n\u00e3o tem um b\u00f4nus do tipo. J\u00e1 ofereceu esses b\u00f4nus no passado. Portanto, h\u00e1 uma chance de que esse b\u00f4nus esteja dispon\u00edvel no futuro. Recomendamos que voc\u00ea continue verificando a p\u00e1gina de promo\u00e7\u00f5es para ofertas.<\/p>\r\n<p class=\"text-justify\">Os b\u00f4nus de p\u00f4quer populares na plataforma incluem b\u00f4nus em dinheiro, fichas gr\u00e1tis e apostas gr\u00e1tis. Na maioria dos casos, a casa de apostas oferece b\u00f4nus para t\u00edtulos espec\u00edficos. No entanto, \u00e0s vezes voc\u00ea pode escolher entre v\u00e1rios t\u00edtulos na plataforma. H\u00e1 tamb\u00e9m momentos em que h\u00e1 torneios de poker em que os jogadores t\u00eam a chance de ganhar muito dinheiro.<\/p>\r\n\r\n<h2>O B\u00f4nus do Bingo da Stake.com<\/h2>\r\n<p class=\"text-justify\">Apesar de dispor de um cassino completo, a plataforma ainda n\u00e3o tem um b\u00f4nus para o jogo. Al\u00e9m disso, a maioria das ofertas na plataforma n\u00e3o oferece jogos de bingo como jogos eleg\u00edveis. No entanto, recomendamos que voc\u00ea continue verificando o cassino para essas ofertas no futuro.<\/p>\r\n<p class=\"text-justify\">A maioria dos b\u00f4nus de bingo ser\u00e3o ofertas sazonais. Eles podem ser na forma de torneios, b\u00f4nus de recarga vinculados a jogos de bingo espec\u00edficos ou ofertas gerais que permitem que voc\u00ea jogue com t\u00edtulos de bingo. Por favor, leia os termos e condi\u00e7\u00f5es da oferta para ter certeza de que pode cumpri-los.<\/p>\r\n\r\n<h2>Como \u00e9 \u00fatil o suporte ao cliente na Stake.com<\/h2>\r\n<p class=\"text-justify\">A casa de apostas Stake se preocupa com o bem-estar e feedback de seus clientes. Em fun\u00e7\u00e3o disso, a marca possui um servi\u00e7o de atendimento completo. Voc\u00ea pode optar entre variados m\u00e9todos de contato poss\u00edveis. Ademais, a Stake tamb\u00e9m lan\u00e7ou p\u00e1ginas em redes sociais (Instagram, Facebook e Twitter), a fim de conceder mais op\u00e7\u00f5es de contato aos usu\u00e1rios.<\/p>\r\n<p class=\"text-justify\">Ent\u00e3o, caso voc\u00ea tenha um problema que requeira a aten\u00e7\u00e3o do suporte, eles estar\u00e3o sempre l\u00e1 para colaborar. N\u00e3o hesite em entrar em contato, pois todo problema requer uma solu\u00e7\u00e3o.<\/p>\r\n<p class=\"text-justify\">A casa de apostas tem v\u00e1rias modalidades de atendimento. Dentre elas est\u00e1 o chat ao vivo, que \u00e9 com certeza a mais eficaz, pois fornece um atendimento r\u00e1pido.<\/p>\r\n<p class=\"text-justify\">Outra forma de contato \u00e9 via chamada telef\u00f4nica. Voc\u00ea pode indagar os atendentes sobre o que for preciso, bem como t\u00ea-los \u00e0s ordens para resolver problemas.<\/p>\r\n<p class=\"text-justify\">E como n\u00e3o poderia faltar, h\u00e1 ainda a op\u00e7\u00e3o de atendimento por e-mail, que embora seja mais demorada para atender, n\u00e3o \u00e9 menos eficiente que as apontadas.<\/p>\r\n<p class=\"text-justify\">Voc\u00ea pode facilitar o servi\u00e7o do suporte, com apenas alguns passos. Tudo o que voc\u00ea precisa fazer \u00e9 preparar alguns fados toda vez que recorrer ao atendimento ao cliente Stake. Basta indicar seu endere\u00e7o de e-mail utilizado em sua conta, nome real e esclarecer detalhes sobre o seu problema.\r\n<div class=\"cta-direct-bonus\">\r\n    <div class=\"col-lg-8 col-md-8 col-sm-8 col-xs-12\">\r\n        <div class=\"row\">\r\n            <p class=\"cta-direct-slogan\">\r\n                Est\u00e1 Pronto para Pegar Seu B\u00f4nus de Boas-Vindas?            <\/p>\r\n        <\/div>\r\n    <\/div>\r\n    <div class=\"col-lg-4 col-md-4 col-sm-4 col-xs-12\">\r\n        <div class=\"row\">\r\n             <span class=\"cursored button js-golink cta-direct-button hvr-animation new-hover\"  onclick=\"OpenGoLink(this);\" data-operator=\"885\" data-bonus=\"8067\"   data-clicks=\"18\"data-type=\"sport\" ><span>Visitar Stake.com Agora!<\/span> <\/span> \r\n        <\/div>\r\n    <\/div>\r\n<\/div>\r\n\r\n<style type=\"text\/css\" media=\"screen\">\r\n    .cta-direct-button.new-hover {\r\n        padding: 3px 0 2px;\r\n    }\r\n<\/style><\/p>\r\n\r\n<h2>Vale a pena participar da Stake.com para suas necessidades de Apostas?<\/h2>\r\n<p class=\"text-justify\">A Stake.com se mostra como uma casa de apostas bastante conceituada online, o que vai de encontro com a realidade, que nos mostra uma plataforma que oferece uma variedade de criptomoedas como op\u00e7\u00e3o de pagamento e saque, B\u00d4NUS DE BOAS VINDAS Stake.com que tem destaque no mercado e uma variedade de modalidades esportivas, bem como mercados de apostas.<\/p>\r\n<p class=\"text-justify\">Como acabamos de ver, a casa tamb\u00e9m possui um suporte adequado, o que n\u00e3o s\u00f3 facilita a vida do apostador, como tamb\u00e9m passa mais confiabilidade. Considerando tudo que oferece, percebemos que vale a pena se cadastrar na Stake.com e apostar na casa.<div class=\"bonus-table\">\n    <div class=\"col-xs-12\">\n        <div class=\"row\">\n\n<!--            <div class=\"hidden-lg hidden-md hidden-sm col-xs-8 bonus-table-body top-responsive\">-->\n<!---->\n<!--            <\/div>-->\n            <div class=\"col-lg-12 col-md-12 col-sm-12 col-xs-12 bonus-table-body op-table no-padding\">\n                <div class=\"col-lg-3 col-md-4 col-sm-12 col-xs-12 bonus-table-head no-padding\">\n                    <p>Casa de Apostas<\/p>\n                   <!--  <a class=\"hotfix\" href=\"\" rel=\"nofollow\" target=\"_blank\"><img decoding=\"async\" src=\"<?php\/\/ echo $logo_url; ?>\" class=\"img-responsive\"><\/a> -->\n                    <span class=\"\"><img decoding=\"async\" src=\"\/portuguese\/assets\/logos\/sport\/light-back\/stake-com.png\" width=\"100px\" height=\"auto\" alt=\"Stake.com\" \/><\/span>                <\/div>\n                <div class=\"col-lg-2 col-md-2 col-sm-6 col-xs-12 rightBordered borders no-padding\">\n                    <p>B\u00d4NUS<\/p>\n                    <p class=\"bonus-value max-bonus\">1000$<\/p>\n                <\/div>\n                <div class=\"col-lg-2 col-md-2 col-sm-6 col-xs-6 rightBordered no-padding\">\n                    <p>Porcentagem<\/p>\n                    <p class=\"bonus-value\">200%<\/p>\n                <\/div>\n                <div class=\"col-lg-2 col-md-2 col-sm-6 col-xs-6 no-padding\">\n                    <p>Classifica\u00e7\u00e3o<\/p>\n                    <p class=\"rating-number\">9.7<\/p>\n                <\/div>\n                <div class=\"col-lg-3 col-md-4 col-sm-6 col-xs-12 op-table-button no-padding\">\n                    <p>Ir \u00e0 casa de apostas<\/p>\n                     <span class=\"cursored button js-golink button claim-bonus-code\"  onclick=\"OpenGoLink(this);\" data-operator=\"885\" data-bonus=\"8067\"   data-clicks=\"18\"data-type=\"sport\" ><button class=\"hvr-animation multi-line bonus-btn-main-sec\"><span>Receba o B\u00f4nus<\/span><\/button> <\/span>                 <\/div>\n            <\/div>\n        <\/div>\n    <\/div>\n<\/div>\n        <script type=\"application\/ld+json\">\n    {\n        \"@context\": \"https:\/\/schema.org\/\",\n        \"@type\": \"Review\",\n        \"datePublished\": \"24-01-2022\",\n        \"dateModified\": \"31-10-2022\",\n        \"itemReviewed\":{\n                \"@type\": \"Organization\",\n                \"name\": \"Stake.com\",\n                \"image\": \" https:\/\/bet-bonus.net\/br\/portuguese\/assets\/logos\/light-back\/stake-com.png\"\n        },\n         \"author\":{\n                \"@type\": \"Person\",\n                 \"name\": \"bet-bonus.net\/br\"\n         },\n           \"reviewRating\": {\n                \"ratingValue\": \"9.7\",\n                \"bestRating\": \"10\"\n         }\n    }\n\n\n\n        <\/script>\n        <\/p>","protected":false},"excerpt":{"rendered":"A Stake.com \u00e9 uma casa de apostas que se destaca em fun\u00e7\u00e3o de focar suas op\u00e7\u00f5es de saque e dep\u00f3sito somente em criptomoedas. S\u00e3o cerca de mais de 120 criptomoedas distintas dispon\u00edveis para efetuar pagamento. Com rela\u00e7\u00e3o aos mercados, a Stake possui apostas associadas a mais de 30 modalidades esportivas. O carro-chefe da casa da<a href=\"https:\/\/bet-bonus.net\/br\/stake-com\/\"> &#8230;<\/a>","protected":false},"author":1,"featured_media":0,"parent":0,"menu_order":0,"comment_status":"closed","ping_status":"closed","template":"templates\/template-home.php","meta":{"footnotes":""},"categories":[],"tags":[],"class_list":["post-522","page","type-page","status-publish","hentry"],"yoast_head":"<!-- This site is optimized with the Yoast SEO plugin v26.7 - https:\/\/yoast.com\/wordpress\/plugins\/seo\/ -->\n<title>C\u00f3digo de b\u00f4nus Stake.com 2022 | Aposta gr\u00e1tis sem dep\u00f3sito<\/title>\n<meta name=\"description\" content=\"C\u00f3digo de B\u00f4nus Stake.com \u27a8 At\u00e9 $ 1000 em Criptomoeda \u27a4 Apostas gr\u00e1tis inclu\u00eddas \u2713 Alta Cobertura de Esportes \u2713 Reivindicar B\u00f4nus aqui \u27a8\" \/>\n<meta name=\"robots\" content=\"index, follow, max-snippet:-1, max-image-preview:large, max-video-preview:-1\" \/>\n<link rel=\"canonical\" href=\"https:\/\/bet-bonus.net\/br\/stake-com\/\" \/>\n<meta property=\"og:locale\" content=\"pt_BR\" \/>\n<meta property=\"og:type\" content=\"article\" \/>\n<meta property=\"og:title\" content=\"C\u00f3digo de b\u00f4nus Stake.com 2022 | Aposta gr\u00e1tis sem dep\u00f3sito\" \/>\n<meta property=\"og:url\" content=\"https:\/\/bet-bonus.net\/br\/stake-com\/\" \/>\n<meta property=\"og:site_name\" content=\"bet-bonus.net\/br\" \/>\n<meta property=\"article:modified_time\" content=\"2022-01-24T14:56:11+00:00\" \/>\n<meta name=\"twitter:card\" content=\"summary_large_image\" \/>\n<meta name=\"twitter:label1\" content=\"Est. tempo de leitura\" \/>\n\t<meta name=\"twitter:data1\" content=\"8 minutos\" \/>\n<script type=\"application\/ld+json\" class=\"yoast-schema-graph\">{\"@context\":\"https:\/\/schema.org\",\"@graph\":[{\"@type\":\"WebPage\",\"@id\":\"https:\/\/bet-bonus.net\/br\/stake-com\/\",\"url\":\"https:\/\/bet-bonus.net\/br\/stake-com\/\",\"name\":\"C\u00f3digo de b\u00f4nus Stake.com 2022 | Aposta gr\u00e1tis sem dep\u00f3sito\",\"isPartOf\":{\"@id\":\"https:\/\/bet-bonus.net\/br\/#website\"},\"datePublished\":\"2022-01-24T12:46:59+00:00\",\"dateModified\":\"2022-01-24T14:56:11+00:00\",\"description\":\"C\u00f3digo de B\u00f4nus Stake.com \u27a8 At\u00e9 $ 1000 em Criptomoeda \u27a4 Apostas gr\u00e1tis inclu\u00eddas \u2713 Alta Cobertura de Esportes \u2713 Reivindicar B\u00f4nus aqui \u27a8\",\"breadcrumb\":{\"@id\":\"https:\/\/bet-bonus.net\/br\/stake-com\/#breadcrumb\"},\"inLanguage\":\"pt-BR\",\"potentialAction\":[{\"@type\":\"ReadAction\",\"target\":[\"https:\/\/bet-bonus.net\/br\/stake-com\/\"]}]},{\"@type\":\"BreadcrumbList\",\"@id\":\"https:\/\/bet-bonus.net\/br\/stake-com\/#breadcrumb\",\"itemListElement\":[{\"@type\":\"ListItem\",\"position\":1,\"name\":\"Home\",\"item\":\"https:\/\/bet-bonus.net\/br\/\"},{\"@type\":\"ListItem\",\"position\":2,\"name\":\"Os Melhores B\u00f4nus da Stake.com - Veja todas as Ofertas e C\u00f3digos B\u00f4nus\"}]},{\"@type\":\"WebSite\",\"@id\":\"https:\/\/bet-bonus.net\/br\/#website\",\"url\":\"https:\/\/bet-bonus.net\/br\/\",\"name\":\"bet-bonus.net\/br\",\"description\":\"\",\"potentialAction\":[{\"@type\":\"SearchAction\",\"target\":{\"@type\":\"EntryPoint\",\"urlTemplate\":\"https:\/\/bet-bonus.net\/br\/?s={search_term_string}\"},\"query-input\":{\"@type\":\"PropertyValueSpecification\",\"valueRequired\":true,\"valueName\":\"search_term_string\"}}],\"inLanguage\":\"pt-BR\"}]}<\/script>\n<!-- \/ Yoast SEO plugin. -->","yoast_head_json":{"title":"C\u00f3digo de b\u00f4nus Stake.com 2022 | Aposta gr\u00e1tis sem dep\u00f3sito","description":"C\u00f3digo de B\u00f4nus Stake.com \u27a8 At\u00e9 $ 1000 em Criptomoeda \u27a4 Apostas gr\u00e1tis inclu\u00eddas \u2713 Alta Cobertura de Esportes \u2713 Reivindicar B\u00f4nus aqui \u27a8","robots":{"index":"index","follow":"follow","max-snippet":"max-snippet:-1","max-image-preview":"max-image-preview:large","max-video-preview":"max-video-preview:-1"},"canonical":"https:\/\/bet-bonus.net\/br\/stake-com\/","og_locale":"pt_BR","og_type":"article","og_title":"C\u00f3digo de b\u00f4nus Stake.com 2022 | Aposta gr\u00e1tis sem dep\u00f3sito","og_url":"https:\/\/bet-bonus.net\/br\/stake-com\/","og_site_name":"bet-bonus.net\/br","article_modified_time":"2022-01-24T14:56:11+00:00","twitter_card":"summary_large_image","twitter_misc":{"Est. tempo de leitura":"8 minutos"},"schema":{"@context":"https:\/\/schema.org","@graph":[{"@type":"WebPage","@id":"https:\/\/bet-bonus.net\/br\/stake-com\/","url":"https:\/\/bet-bonus.net\/br\/stake-com\/","name":"C\u00f3digo de b\u00f4nus Stake.com 2022 | Aposta gr\u00e1tis sem dep\u00f3sito","isPartOf":{"@id":"https:\/\/bet-bonus.net\/br\/#website"},"datePublished":"2022-01-24T12:46:59+00:00","dateModified":"2022-01-24T14:56:11+00:00","description":"C\u00f3digo de B\u00f4nus Stake.com \u27a8 At\u00e9 $ 1000 em Criptomoeda \u27a4 Apostas gr\u00e1tis inclu\u00eddas \u2713 Alta Cobertura de Esportes \u2713 Reivindicar B\u00f4nus aqui \u27a8","breadcrumb":{"@id":"https:\/\/bet-bonus.net\/br\/stake-com\/#breadcrumb"},"inLanguage":"pt-BR","potentialAction":[{"@type":"ReadAction","target":["https:\/\/bet-bonus.net\/br\/stake-com\/"]}]},{"@type":"BreadcrumbList","@id":"https:\/\/bet-bonus.net\/br\/stake-com\/#breadcrumb","itemListElement":[{"@type":"ListItem","position":1,"name":"Home","item":"https:\/\/bet-bonus.net\/br\/"},{"@type":"ListItem","position":2,"name":"Os Melhores B\u00f4nus da Stake.com - Veja todas as Ofertas e C\u00f3digos B\u00f4nus"}]},{"@type":"WebSite","@id":"https:\/\/bet-bonus.net\/br\/#website","url":"https:\/\/bet-bonus.net\/br\/","name":"bet-bonus.net\/br","description":"","potentialAction":[{"@type":"SearchAction","target":{"@type":"EntryPoint","urlTemplate":"https:\/\/bet-bonus.net\/br\/?s={search_term_string}"},"query-input":{"@type":"PropertyValueSpecification","valueRequired":true,"valueName":"search_term_string"}}],"inLanguage":"pt-BR"}]}},"_links":{"self":[{"href":"https:\/\/bet-bonus.net\/br\/wp-json\/wp\/v2\/pages\/522","targetHints":{"allow":["GET"]}}],"collection":[{"href":"https:\/\/bet-bonus.net\/br\/wp-json\/wp\/v2\/pages"}],"about":[{"href":"https:\/\/bet-bonus.net\/br\/wp-json\/wp\/v2\/types\/page"}],"author":[{"embeddable":true,"href":"https:\/\/bet-bonus.net\/br\/wp-json\/wp\/v2\/users\/1"}],"replies":[{"embeddable":true,"href":"https:\/\/bet-bonus.net\/br\/wp-json\/wp\/v2\/comments?post=522"}],"version-history":[{"count":2,"href":"https:\/\/bet-bonus.net\/br\/wp-json\/wp\/v2\/pages\/522\/revisions"}],"predecessor-version":[{"id":524,"href":"https:\/\/bet-bonus.net\/br\/wp-json\/wp\/v2\/pages\/522\/revisions\/524"}],"wp:attachment":[{"href":"https:\/\/bet-bonus.net\/br\/wp-json\/wp\/v2\/media?parent=522"}],"wp:term":[{"taxonomy":"category","embeddable":true,"href":"https:\/\/bet-bonus.net\/br\/wp-json\/wp\/v2\/categories?post=522"},{"taxonomy":"post_tag","embeddable":true,"href":"https:\/\/bet-bonus.net\/br\/wp-json\/wp\/v2\/tags?post=522"}],"curies":[{"name":"wp","href":"https:\/\/api.w.org\/{rel}","templated":true}]}}