{"id":51,"date":"2018-07-15T19:57:16","date_gmt":"2018-07-15T19:57:16","guid":{"rendered":"http:\/\/bet-bonus.net\/br\/?page_id=51"},"modified":"2018-07-27T11:51:40","modified_gmt":"2018-07-27T11:51:40","slug":"financas","status":"publish","type":"page","link":"https:\/\/bet-bonus.net\/br\/financas\/","title":{"rendered":"Apostas Financeiras da 1xBet - Fa\u00e7a Op\u00e7\u00f5es Bin\u00e1rias"},"content":{"rendered":"<p class=\"text-justify\">Os <strong>mercados financeiros<\/strong> podem reservar uma importante forma de se ganhar dinheiro. No mundo dos jogos essa realidade pode ser facilmente concretizada atrav\u00e9s do cassino online 1xBet. Com as apostas, o jogador realiza uma esp\u00e9cie de previs\u00e3o acerca de determinado <strong>mercado de valores<\/strong> e isso pode ser tanto em rela\u00e7\u00e3o aos que est\u00e3o subindo, quando para os que est\u00e3o em queda em determinado per\u00edodo do dia. Na 1xBet pode encontrar <a href=\"https:\/\/bet-bonus.net\/br\/mais-jogos\/\">mais jogos<\/a> em cassino assim como apostas esportivas<\/p> \r\n\r\n            <div class=\"bonus-box first-box\">\n                <div class=\"bonus-box-head\">\n                    <div class=\"col-lg-3 col-md-4 col-sm-4 col-xs-12 \">\n                        <span class=\"hotfix operator-logo\"><img decoding=\"async\" src=\"\/portuguese\/assets\/logos\/sport\/dark-back\/1xbet.png\" width=\"auto\" height=\"auto\" alt=\"1xBet\" \/><\/span>                    <\/div>\n                    <div class=\"col-lg-4 col-md-4 col-sm-4 col-xs-6\">\n                        <p class=\"box-title\">1xBet&nbsp;sport<\/p>\n                    <\/div>\n                    <div class=\"col-lg-5 col-md-4 col-sm-4 col-xs-6\">\n                        <div class=\"likes-box likes-js\" data-likesid=\"1\">\n                            <div class=\"likes-icon-js\"><i class=\"fa fa-heart\" aria-hidden=\"true\"><\/i><\/div>\n                            <div class=\"likes-text-js\"><p>1196 likes<\/p><\/div>\n                        <\/div>\n                    <\/div>\n                <\/div>\n                <div class=\"bonus-box-body\">\n                    <div class=\"col-lg-3 col-md-3 col-sm-6 col-xs-12 rightBordered m-bonus no-padding\">\n                        <p>B\u00f4nus M\u00e1ximo<\/p>\n                        <p class=\"bonus-value max-bonus\">R$1200<\/p>\n                    <\/div>\n                                            <div class=\"col-lg-2 col-md-2 col-sm-6 col-xs-12 no-padding\">\n                            <p>Odds M\u00edn.<\/p>\n                            <p class=\"bonus-value\">2.00<\/p>\n                        <\/div>\n                                                                <div class=\"col-lg-2 col-md-2 col-sm-6 col-xs-12 no-padding \">\n                            <p>Requisito<\/p>\n                            <p class=\"bonus-value\">9x Bonus<\/p>\n                        <\/div>\n                                        <div class=\"col-lg-2 col-md-2 col-sm-6 col-xs-12 no-padding\">\n                        <p>Porcentagem<\/p>\n                        <p class=\"bonus-value\">100%<\/p>\n                    <\/div>\n                    <div class=\"col-lg-3 col-md-3 col-sm-6 col-xs-12 claim-bonus-sec \">\n\n                                                <div>\n                             <div   class=\"bonuscode  secret-code \"><span>Nenhum C\u00f3digo b\u00f4nus Obrigat\u00f3rio<\/span><\/div> <span class=\"cursored button js-golink  claim-bonus-code\"  onclick=\"OpenGoLink(this);\" data-operator=\"7\" data-bonus=\"3921\"   data-clicks=\"1\"data-type=\"sport\" ><div class='hvr-animation bonus-btn-main-sec'><span>Mostrar o C\u00f3digo de B\u00f4nus<\/span><\/div> <\/span>                         <\/div>\n                    <\/div>\n                <\/div>\n                            <\/div>\n                        <div class=\"bonus-box first-box\">\n                <div class=\"bonus-box-head\">\n                    <div class=\"col-lg-3 col-md-4 col-sm-4 col-xs-12 \">\n                        <span class=\"hotfix operator-logo\"><img decoding=\"async\" src=\"\/portuguese\/assets\/logos\/casino\/dark-back\/1xbet-casino.png\" width=\"auto\" height=\"auto\" alt=\"1xBet\" \/><\/span>                    <\/div>\n                    <div class=\"col-lg-4 col-md-4 col-sm-4 col-xs-6\">\n                        <p class=\"box-title\">1xBet&nbsp;casino<\/p>\n                    <\/div>\n                    <div class=\"col-lg-5 col-md-4 col-sm-4 col-xs-6\">\n                        <div class=\"likes-box likes-js\" data-likesid=\"16\">\n                            <div class=\"likes-icon-js\"><i class=\"fa fa-heart\" aria-hidden=\"true\"><\/i><\/div>\n                            <div class=\"likes-text-js\"><p>1755 likes<\/p><\/div>\n                        <\/div>\n                    <\/div>\n                <\/div>\n                <div class=\"bonus-box-body\">\n                    <div class=\"col-lg-3 col-md-3 col-sm-6 col-xs-12 rightBordered m-bonus no-padding\">\n                        <p>B\u00f4nus M\u00e1ximo<\/p>\n                        <p class=\"bonus-value max-bonus\">R$1600<\/p>\n                    <\/div>\n                                                                <div class=\"col-lg-2 col-md-2 col-sm-6 col-xs-12 no-padding \">\n                            <p>Requisito<\/p>\n                            <p class=\"bonus-value\">35x Bonus<\/p>\n                        <\/div>\n                                        <div class=\"col-lg-2 col-md-2 col-sm-6 col-xs-12 no-padding\">\n                        <p>Porcentagem<\/p>\n                        <p class=\"bonus-value\">100%<\/p>\n                    <\/div>\n                    <div class=\"col-lg-3 col-md-3 col-sm-6 col-xs-12 claim-bonus-sec \">\n\n                                                <div>\n                             <div   class=\"bonuscode  secret-code \"><span>Nenhum C\u00f3digo b\u00f4nus Obrigat\u00f3rio<\/span><\/div> <span class=\"cursored button js-golink  claim-bonus-code\"  onclick=\"OpenGoLink(this);\" data-operator=\"8\" data-bonus=\"5396\"   data-clicks=\"17\"data-type=\"casino\" ><div class='hvr-animation bonus-btn-main-sec'><span>Mostrar o C\u00f3digo de B\u00f4nus<\/span><\/div> <\/span>                         <\/div>\n                    <\/div>\n                <\/div>\n                            <\/div>\n                        <div class=\"bonus-box first-box\">\n                <div class=\"bonus-box-head\">\n                    <div class=\"col-lg-3 col-md-4 col-sm-4 col-xs-12 \">\n                        <span class=\"hotfix operator-logo\"><img decoding=\"async\" src=\"\/portuguese\/assets\/logos\/poker\/dark-back\/1xbet-poker.png\" width=\"auto\" height=\"auto\" alt=\"1xBet\" \/><\/span>                    <\/div>\n                    <div class=\"col-lg-4 col-md-4 col-sm-4 col-xs-6\">\n                        <p class=\"box-title\">1xBet&nbsp;poker<\/p>\n                    <\/div>\n                    <div class=\"col-lg-5 col-md-4 col-sm-4 col-xs-6\">\n                        <div class=\"likes-box likes-js\" data-likesid=\"12\">\n                            <div class=\"likes-icon-js\"><i class=\"fa fa-heart\" aria-hidden=\"true\"><\/i><\/div>\n                            <div class=\"likes-text-js\"><p>1130 likes<\/p><\/div>\n                        <\/div>\n                    <\/div>\n                <\/div>\n                <div class=\"bonus-box-body\">\n                    <div class=\"col-lg-3 col-md-3 col-sm-6 col-xs-12 rightBordered m-bonus no-padding\">\n                        <p>B\u00f4nus M\u00e1ximo<\/p>\n                        <p class=\"bonus-value max-bonus\">No Bonus<\/p>\n                    <\/div>\n                                                                <div class=\"col-lg-2 col-md-2 col-sm-6 col-xs-12 no-padding \">\n                            <p>Requisito<\/p>\n                            <p class=\"bonus-value\">x <\/p>\n                        <\/div>\n                                        <div class=\"col-lg-2 col-md-2 col-sm-6 col-xs-12 no-padding\">\n                        <p>Porcentagem<\/p>\n                        <p class=\"bonus-value\">-<\/p>\n                    <\/div>\n                    <div class=\"col-lg-3 col-md-3 col-sm-6 col-xs-12 claim-bonus-sec \">\n\n                                                <div>\n                             <div   class=\"bonuscode  secret-code \"><span>Nenhum C\u00f3digo b\u00f4nus Obrigat\u00f3rio<\/span><\/div> <span class=\"cursored button js-golink  claim-bonus-code\"  onclick=\"OpenGoLink(this);\" data-operator=\"573\" data-bonus=\"4043\"   data-clicks=\"13\"data-type=\"poker\" ><div class='hvr-animation bonus-btn-main-sec'><span>Mostrar o C\u00f3digo de B\u00f4nus<\/span><\/div> <\/span>                         <\/div>\n                    <\/div>\n                <\/div>\n                            <\/div>\n            \r\n\r\n<h2>B\u00f4nus para as apostas financeiras da 1xBet<\/h2>\r\n \r\n<p class=\"text-justify\">Assim como em rela\u00e7\u00e3o aos outros tipos de apostas, a 1xBet pode ofertar determinadas quantidades de b\u00f4nus para os usu\u00e1rios que optam por apostar em mercados financeiros. Com isso os usu\u00e1rios podem aumentar suas chances de lucratividade e divers\u00e3o, j\u00e1 que ir\u00e3o dispor de mais possibilidades para tanto.<\/p> \r\n\r\n<p class=\"text-justify\">\u00c9 necess\u00e1rio, contudo, que se atente para as promo\u00e7\u00f5es de b\u00f4nus que est\u00e3o em vig\u00eancia no per\u00edodo estipulado. Os jogadores que est\u00e3o iniciando suas atividades no site tamb\u00e9m recebem os chamados <strong>b\u00f4nus de boas-vindas<\/strong>, sendo necess\u00e1rio para isso que os usu\u00e1rios realizem cadastro na plataforma.<\/p> \r\n\r\n\r\n<div class=\"cta-direct-bonus\">\r\n    <div class=\"col-lg-8 col-md-8 col-sm-8 col-xs-12\">\r\n        <div class=\"row\">\r\n            <p class=\"cta-direct-slogan\">\r\n                Est\u00e1 Pronto para Pegar Seu B\u00f4nus de Boas-Vindas?            <\/p>\r\n        <\/div>\r\n    <\/div>\r\n    <div class=\"col-lg-4 col-md-4 col-sm-4 col-xs-12\">\r\n        <div class=\"row\">\r\n             <span class=\"cursored button js-golink cta-direct-button hvr-animation new-hover\"  onclick=\"OpenGoLink(this);\" data-operator=\"7\" data-bonus=\"4043\"   data-clicks=\"12\"data-type=\"sport\" ><span>Visitar 1xBet Agora!<\/span> <\/span> \r\n        <\/div>\r\n    <\/div>\r\n<\/div>\r\n\r\n<style type=\"text\/css\" media=\"screen\">\r\n    .cta-direct-button.new-hover {\r\n        padding: 3px 0 2px;\r\n    }\r\n<\/style>\r\n\r\n<h2>Em que consistem as apostas financeiras da 1xBet?<\/h2>\r\n\r\n<p class=\"text-justify\">O site de apostas 1xBet disponibiliza gr\u00e1ficos de demonstra\u00e7\u00e3o das oscila\u00e7\u00f5es dos principais mercados mundiais de valores. Com base na observa\u00e7\u00e3o desses gr\u00e1ficos os jogadores t\u00eam a possibilidade de fazer apostas sobre os pr\u00f3ximos rumos que os mercados em quest\u00e3o ir\u00e3o tomar. Vale ressaltar que os materiais disponibilizados pela 1xBet s\u00e3o de f\u00e1cil interpreta\u00e7\u00e3o, servindo para nortear os usu\u00e1rios no que diz respeito ao andamento das <strong>finan\u00e7as<\/strong> em todo o mundo. O jogador, por sua vez, ter\u00e1 a possibilidade de escolher qual sobre qual mercado ir\u00e1 fazer suas apostas.<\/p> \r\n\r\n<p class=\"text-justify\">Assim como em outros tipos de jogos, sabe-se rapidamente se o desempenho foi positivo, ou seja, se o usu\u00e1rio conseguir acertar determinado desempenho ele se sair\u00e1 vencedor e poder\u00e1 embolsar uma quantia satisfat\u00f3ria de dinheiro, de acordo com os valores anteriormente adicionados. Quem gosta de finan\u00e7as encontra nesse jogo uma forma bastante divertida de ganhar dinheiro.<\/p> \r\n\r\n\r\n<div class=\"cta-direct-bonus\">\r\n    <div class=\"col-lg-8 col-md-8 col-sm-8 col-xs-12\">\r\n        <div class=\"row\">\r\n            <p class=\"cta-direct-slogan\">\r\n                Est\u00e1 Pronto para Pegar Seu B\u00f4nus de Boas-Vindas?            <\/p>\r\n        <\/div>\r\n    <\/div>\r\n    <div class=\"col-lg-4 col-md-4 col-sm-4 col-xs-12\">\r\n        <div class=\"row\">\r\n             <span class=\"cursored button js-golink cta-direct-button hvr-animation new-hover\"  onclick=\"OpenGoLink(this);\" data-operator=\"7\" data-bonus=\"3921\"   data-clicks=\"1\"data-type=\"sport\" ><span>Visitar 1xBet Agora!<\/span> <\/span> \r\n        <\/div>\r\n    <\/div>\r\n<\/div>\r\n\r\n<style type=\"text\/css\" media=\"screen\">\r\n    .cta-direct-button.new-hover {\r\n        padding: 3px 0 2px;\r\n    }\r\n<\/style>\r\n\r\n<h2>Guia para fazer apostas financeiras da 1xBet<\/h2>\r\n \r\n<p class=\"text-justify\">Todo o processo referente \u00e0s jogadas tem in\u00edcio com a efetiva\u00e7\u00e3o do cadastro do usu\u00e1rio interessado. Ap\u00f3s esta fase inicial, o jogador deve fazer a op\u00e7\u00e3o pelo mercado financeiro de sua prefer\u00eancia, bem como a escolha sobre as formas de jogadas que melhor lhe agradar. De forma geral a plataforma apresenta 12 n\u00edveis diferentes de apostas, que s\u00e3o reajustadas de acordo com o andamento real dos mercados financeiros, fazendo com que tudo esteja em conformidade com o que de fato est\u00e1 acontecendo no mundo das finan\u00e7as.<\/p> \r\n\r\n<p class=\"text-justify\">Al\u00e9m de escolher a maneira como prefere apostar, tamb\u00e9m \u00e9 preciso que o jogador esteja atento ao per\u00edodo de tempo que deseja disponibilizar para o jogo, algo que pode ser facilmente escolhido nas configura\u00e7\u00f5es do site. Ap\u00f3s estas etapas o jogador j\u00e1 poder\u00e1 dispor das divers\u00f5es proporcionadas pela modalidade financeira de apostas, al\u00e9m de ter a oportunidade de aumentar suas pr\u00f3prias finan\u00e7as.<\/p> \r\n\r\n\r\n<div class=\"cta-direct-bonus\">\r\n    <div class=\"col-lg-8 col-md-8 col-sm-8 col-xs-12\">\r\n        <div class=\"row\">\r\n            <p class=\"cta-direct-slogan\">\r\n                Est\u00e1 Pronto para Pegar Seu B\u00f4nus de Boas-Vindas?            <\/p>\r\n        <\/div>\r\n    <\/div>\r\n    <div class=\"col-lg-4 col-md-4 col-sm-4 col-xs-12\">\r\n        <div class=\"row\">\r\n             <span class=\"cursored button js-golink cta-direct-button hvr-animation new-hover\"  onclick=\"OpenGoLink(this);\" data-operator=\"7\" data-bonus=\"3921\"   data-clicks=\"1\"data-type=\"sport\" ><span>Visitar 1xBet Agora!<\/span> <\/span> \r\n        <\/div>\r\n    <\/div>\r\n<\/div>\r\n\r\n<style type=\"text\/css\" media=\"screen\">\r\n    .cta-direct-button.new-hover {\r\n        padding: 3px 0 2px;\r\n    }\r\n<\/style>\r\n\r\n<h2>Que apostas financeiras online ou op\u00e7\u00f5es bin\u00e1rias posso realizar?<\/h2>\r\n \r\n<p class=\"text-justify\">Quando se trata de apostas financeiras, vale ressaltar que as <strong>op\u00e7\u00f5es bin\u00e1rias<\/strong> s\u00e3o aquelas em que o jogador tem sempre duas op\u00e7\u00f5es: aquela que se refere a um poss\u00edvel fechamento do mercado em alta ou aquela em que as oscila\u00e7\u00f5es financeiras fazem com que este termine o dia em baixa. Assim sendo, o jogador que conseguir analisar mais cuidadosamente as varia\u00e7\u00f5es dos gr\u00e1ficos presentes na plataforma ter\u00e1 muito mais chances de acerto quando realizar suas apostas.<\/p> \r\n\r\n<p class=\"text-justify\">Ter um pr\u00e9vio conhecimento sobre o andamento dos mercados financeiros \u00e9 outro fator que costuma contribuir para que um determinado usu\u00e1rio consiga \u00eaxito em suas jogadas, mas isto tamb\u00e9m pode ser aprendido pelo jogador, tornando-o ainda mais alinhado com esta modalidade. Outro aspecto que deve ser atentamente observado \u00e9 o momento em que determinada aposta ser\u00e1 finalizada, pois antes ou ap\u00f3s este per\u00edodo outras modifica\u00e7\u00f5es poder\u00e3o ocorrer nas finan\u00e7as.<\/p>","protected":false},"excerpt":{"rendered":"Os mercados financeiros podem reservar uma importante forma de se ganhar dinheiro. No mundo dos jogos essa realidade pode ser facilmente concretizada atrav\u00e9s do cassino online 1xBet. Com as apostas, o jogador realiza uma esp\u00e9cie de previs\u00e3o acerca de determinado mercado de valores e isso pode ser tanto em rela\u00e7\u00e3o aos que est\u00e3o subindo, quando<a href=\"https:\/\/bet-bonus.net\/br\/financas\/\"> &#8230;<\/a>","protected":false},"author":1,"featured_media":0,"parent":0,"menu_order":0,"comment_status":"closed","ping_status":"closed","template":"","meta":{"footnotes":""},"categories":[],"tags":[4],"class_list":["post-51","page","type-page","status-publish","hentry","tag-interesting"],"yoast_head":"<!-- This site is optimized with the Yoast SEO plugin v26.7 - https:\/\/yoast.com\/wordpress\/plugins\/seo\/ -->\n<title>1xBet Finan\u00e7as \u00bb Compre a\u00e7\u00f5es como na Bolsa de Valores<\/title>\n<meta name=\"robots\" content=\"index, follow, max-snippet:-1, max-image-preview:large, max-video-preview:-1\" \/>\n<link rel=\"canonical\" href=\"https:\/\/bet-bonus.net\/br\/financas\/\" \/>\n<meta property=\"og:locale\" content=\"pt_BR\" \/>\n<meta property=\"og:type\" content=\"article\" \/>\n<meta property=\"og:title\" content=\"1xBet Finan\u00e7as \u00bb Compre a\u00e7\u00f5es como na Bolsa de Valores\" \/>\n<meta property=\"og:url\" content=\"https:\/\/bet-bonus.net\/br\/financas\/\" \/>\n<meta property=\"og:site_name\" content=\"bet-bonus.net\/br\" \/>\n<meta property=\"article:modified_time\" content=\"2018-07-27T11:51:40+00:00\" \/>\n<meta name=\"twitter:card\" content=\"summary_large_image\" \/>\n<meta name=\"twitter:label1\" content=\"Est. tempo de leitura\" \/>\n\t<meta name=\"twitter:data1\" content=\"4 minutos\" \/>\n<script type=\"application\/ld+json\" class=\"yoast-schema-graph\">{\"@context\":\"https:\/\/schema.org\",\"@graph\":[{\"@type\":\"WebPage\",\"@id\":\"https:\/\/bet-bonus.net\/br\/financas\/\",\"url\":\"https:\/\/bet-bonus.net\/br\/financas\/\",\"name\":\"1xBet Finan\u00e7as \u00bb Compre a\u00e7\u00f5es como na Bolsa de Valores\",\"isPartOf\":{\"@id\":\"https:\/\/bet-bonus.net\/br\/#website\"},\"datePublished\":\"2018-07-15T19:57:16+00:00\",\"dateModified\":\"2018-07-27T11:51:40+00:00\",\"breadcrumb\":{\"@id\":\"https:\/\/bet-bonus.net\/br\/financas\/#breadcrumb\"},\"inLanguage\":\"pt-BR\",\"potentialAction\":[{\"@type\":\"ReadAction\",\"target\":[\"https:\/\/bet-bonus.net\/br\/financas\/\"]}]},{\"@type\":\"BreadcrumbList\",\"@id\":\"https:\/\/bet-bonus.net\/br\/financas\/#breadcrumb\",\"itemListElement\":[{\"@type\":\"ListItem\",\"position\":1,\"name\":\"Home\",\"item\":\"https:\/\/bet-bonus.net\/br\/\"},{\"@type\":\"ListItem\",\"position\":2,\"name\":\"Apostas Financeiras da 1xBet - Fa\u00e7a Op\u00e7\u00f5es Bin\u00e1rias\"}]},{\"@type\":\"WebSite\",\"@id\":\"https:\/\/bet-bonus.net\/br\/#website\",\"url\":\"https:\/\/bet-bonus.net\/br\/\",\"name\":\"bet-bonus.net\/br\",\"description\":\"\",\"potentialAction\":[{\"@type\":\"SearchAction\",\"target\":{\"@type\":\"EntryPoint\",\"urlTemplate\":\"https:\/\/bet-bonus.net\/br\/?s={search_term_string}\"},\"query-input\":{\"@type\":\"PropertyValueSpecification\",\"valueRequired\":true,\"valueName\":\"search_term_string\"}}],\"inLanguage\":\"pt-BR\"}]}<\/script>\n<!-- \/ Yoast SEO plugin. -->","yoast_head_json":{"title":"1xBet Finan\u00e7as \u00bb Compre a\u00e7\u00f5es como na Bolsa de Valores","robots":{"index":"index","follow":"follow","max-snippet":"max-snippet:-1","max-image-preview":"max-image-preview:large","max-video-preview":"max-video-preview:-1"},"canonical":"https:\/\/bet-bonus.net\/br\/financas\/","og_locale":"pt_BR","og_type":"article","og_title":"1xBet Finan\u00e7as \u00bb Compre a\u00e7\u00f5es como na Bolsa de Valores","og_url":"https:\/\/bet-bonus.net\/br\/financas\/","og_site_name":"bet-bonus.net\/br","article_modified_time":"2018-07-27T11:51:40+00:00","twitter_card":"summary_large_image","twitter_misc":{"Est. tempo de leitura":"4 minutos"},"schema":{"@context":"https:\/\/schema.org","@graph":[{"@type":"WebPage","@id":"https:\/\/bet-bonus.net\/br\/financas\/","url":"https:\/\/bet-bonus.net\/br\/financas\/","name":"1xBet Finan\u00e7as \u00bb Compre a\u00e7\u00f5es como na Bolsa de Valores","isPartOf":{"@id":"https:\/\/bet-bonus.net\/br\/#website"},"datePublished":"2018-07-15T19:57:16+00:00","dateModified":"2018-07-27T11:51:40+00:00","breadcrumb":{"@id":"https:\/\/bet-bonus.net\/br\/financas\/#breadcrumb"},"inLanguage":"pt-BR","potentialAction":[{"@type":"ReadAction","target":["https:\/\/bet-bonus.net\/br\/financas\/"]}]},{"@type":"BreadcrumbList","@id":"https:\/\/bet-bonus.net\/br\/financas\/#breadcrumb","itemListElement":[{"@type":"ListItem","position":1,"name":"Home","item":"https:\/\/bet-bonus.net\/br\/"},{"@type":"ListItem","position":2,"name":"Apostas Financeiras da 1xBet - Fa\u00e7a Op\u00e7\u00f5es Bin\u00e1rias"}]},{"@type":"WebSite","@id":"https:\/\/bet-bonus.net\/br\/#website","url":"https:\/\/bet-bonus.net\/br\/","name":"bet-bonus.net\/br","description":"","potentialAction":[{"@type":"SearchAction","target":{"@type":"EntryPoint","urlTemplate":"https:\/\/bet-bonus.net\/br\/?s={search_term_string}"},"query-input":{"@type":"PropertyValueSpecification","valueRequired":true,"valueName":"search_term_string"}}],"inLanguage":"pt-BR"}]}},"_links":{"self":[{"href":"https:\/\/bet-bonus.net\/br\/wp-json\/wp\/v2\/pages\/51","targetHints":{"allow":["GET"]}}],"collection":[{"href":"https:\/\/bet-bonus.net\/br\/wp-json\/wp\/v2\/pages"}],"about":[{"href":"https:\/\/bet-bonus.net\/br\/wp-json\/wp\/v2\/types\/page"}],"author":[{"embeddable":true,"href":"https:\/\/bet-bonus.net\/br\/wp-json\/wp\/v2\/users\/1"}],"replies":[{"embeddable":true,"href":"https:\/\/bet-bonus.net\/br\/wp-json\/wp\/v2\/comments?post=51"}],"version-history":[{"count":4,"href":"https:\/\/bet-bonus.net\/br\/wp-json\/wp\/v2\/pages\/51\/revisions"}],"predecessor-version":[{"id":461,"href":"https:\/\/bet-bonus.net\/br\/wp-json\/wp\/v2\/pages\/51\/revisions\/461"}],"wp:attachment":[{"href":"https:\/\/bet-bonus.net\/br\/wp-json\/wp\/v2\/media?parent=51"}],"wp:term":[{"taxonomy":"category","embeddable":true,"href":"https:\/\/bet-bonus.net\/br\/wp-json\/wp\/v2\/categories?post=51"},{"taxonomy":"post_tag","embeddable":true,"href":"https:\/\/bet-bonus.net\/br\/wp-json\/wp\/v2\/tags?post=51"}],"curies":[{"name":"wp","href":"https:\/\/api.w.org\/{rel}","templated":true}]}}