{"id":49,"date":"2018-07-15T19:54:03","date_gmt":"2018-07-15T19:54:03","guid":{"rendered":"http:\/\/bet-bonus.net\/br\/?page_id=49"},"modified":"2018-07-27T12:32:17","modified_gmt":"2018-07-27T12:32:17","slug":"cambio-criptomoedas","status":"publish","type":"page","link":"https:\/\/bet-bonus.net\/br\/cambio-criptomoedas\/","title":{"rendered":"Compre Criptomoedas Reais Online na Bolsa de Valores"},"content":{"rendered":"<p class=\"text-justify\">Na 1xBet \u00e9 poss\u00edvel comprar cr\u00e9ditos e fazer apostas a partir de criptomoedas, como as bitcoins assim como fazer apostas esportivas ou jogar no <a href=\"https:\/\/bet-bonus.net\/br\/cassino\/\">cassino<\/a>. Isso \u00e9 feito a partir do 1xBet Exchange, plataforma online para negocia\u00e7\u00e3o de moedas virtuais.<\/p>\r\n<p class=\"text-justify\">\u00c9 poss\u00edvel comprar e vender dezenas de diferentes moedas com o 1xBet c\u00e2mbio criptomoedas. Assim, voc\u00ea pode acompanhar as flutua\u00e7\u00f5es de valores de cada moeda, que acontecem a cada instante, e at\u00e9 mesmo troc\u00e1-las para moedas f\u00edsicas, como o euro ou d\u00f3lar, obtendo ganhos reais com o mercado cambial de moedas virtuais! No cassino online tamb\u00e9m existem <a href=\"http:\/\/bet-bonus.net\/br\/mais-jogos\/\">mais jogos<\/a> como por exemplo Bingo ou Poker.<\/p>\r\n\r\n<h2>Como funciona o Exchange de Criptomoedas da 1xBet?<\/h2>\r\n<p class=\"text-justify\">Na plataforma de apostas da 1xBet, voc\u00ea pode depositar qualquer valor em criptomoedas, e esse valor ser\u00e1 convertido ao seu respectivo valor em pontos de aposta da 1xBet. Para isso, cada conta possui um link e um QR Code \u00fanico para realizar dep\u00f3sitos de criptomoedas, garantindo a seguran\u00e7a do processo.<\/p>\r\n<p class=\"text-justify\">J\u00e1 as opera\u00e7\u00f5es de c\u00e2mbio da 1xBet s\u00e3o realizadas pela plataforma CREX24. Essa plataforma \u00e9 um mercado de compra e venda de criptomoedas, no qual voc\u00ea pode trocar moedas convencionais, como d\u00f3lar, euro ou rublo, em moedas virtuais, como 1xBet Bitcoin ou Litecoin. Tamb\u00e9m \u00e9 poss\u00edvel realizar a opera\u00e7\u00e3o contr\u00e1ria, obtendo moedas tradicionais a partir da venda de criptomoedas, ou ainda realizar o c\u00e2mbio entre moedas virtuais, seguindo suas respectivas cota\u00e7\u00f5es.<\/p>\r\n<p class=\"text-justify\">As opera\u00e7\u00f5es s\u00e3o simples e claras, podendo ser realizadas tanto por investidores quanto por aqueles mais experientes. Para isso, a CREX24 possui uma central de ajuda 24 horas, 7 dias por semana, al\u00e9m de disponibilizar gr\u00e1ficos para an\u00e1lise do hist\u00f3rico de cota\u00e7\u00f5es e informa\u00e7\u00f5es sobre todas as criptomoedas dispon\u00edveis para transa\u00e7\u00f5es.<\/p>\r\n            <div class=\"bonus-box first-box\">\n                <div class=\"bonus-box-head\">\n                    <div class=\"col-lg-3 col-md-4 col-sm-4 col-xs-12 \">\n                        <span class=\"hotfix operator-logo\"><img decoding=\"async\" src=\"\/portuguese\/assets\/logos\/sport\/dark-back\/1xbet.png\" width=\"auto\" height=\"auto\" alt=\"1xBet\" \/><\/span>                    <\/div>\n                    <div class=\"col-lg-4 col-md-4 col-sm-4 col-xs-6\">\n                        <p class=\"box-title\">1xBet&nbsp;sport<\/p>\n                    <\/div>\n                    <div class=\"col-lg-5 col-md-4 col-sm-4 col-xs-6\">\n                        <div class=\"likes-box likes-js\" data-likesid=\"1\">\n                            <div class=\"likes-icon-js\"><i class=\"fa fa-heart\" aria-hidden=\"true\"><\/i><\/div>\n                            <div class=\"likes-text-js\"><p>1196 likes<\/p><\/div>\n                        <\/div>\n                    <\/div>\n                <\/div>\n                <div class=\"bonus-box-body\">\n                    <div class=\"col-lg-3 col-md-3 col-sm-6 col-xs-12 rightBordered m-bonus no-padding\">\n                        <p>B\u00f4nus M\u00e1ximo<\/p>\n                        <p class=\"bonus-value max-bonus\">R$1200<\/p>\n                    <\/div>\n                                            <div class=\"col-lg-2 col-md-2 col-sm-6 col-xs-12 no-padding\">\n                            <p>Odds M\u00edn.<\/p>\n                            <p class=\"bonus-value\">2.00<\/p>\n                        <\/div>\n                                                                <div class=\"col-lg-2 col-md-2 col-sm-6 col-xs-12 no-padding \">\n                            <p>Requisito<\/p>\n                            <p class=\"bonus-value\">9x Bonus<\/p>\n                        <\/div>\n                                        <div class=\"col-lg-2 col-md-2 col-sm-6 col-xs-12 no-padding\">\n                        <p>Porcentagem<\/p>\n                        <p class=\"bonus-value\">100%<\/p>\n                    <\/div>\n                    <div class=\"col-lg-3 col-md-3 col-sm-6 col-xs-12 claim-bonus-sec \">\n\n                                                <div>\n                             <div   class=\"bonuscode  secret-code \"><span>Nenhum C\u00f3digo b\u00f4nus Obrigat\u00f3rio<\/span><\/div> <span class=\"cursored button js-golink  claim-bonus-code\"  onclick=\"OpenGoLink(this);\" data-operator=\"7\" data-bonus=\"3921\"   data-clicks=\"1\"data-type=\"sport\" ><div class='hvr-animation bonus-btn-main-sec'><span>Mostrar o C\u00f3digo de B\u00f4nus<\/span><\/div> <\/span>                         <\/div>\n                    <\/div>\n                <\/div>\n                            <\/div>\n                        <div class=\"bonus-box first-box\">\n                <div class=\"bonus-box-head\">\n                    <div class=\"col-lg-3 col-md-4 col-sm-4 col-xs-12 \">\n                        <span class=\"hotfix operator-logo\"><img decoding=\"async\" src=\"\/portuguese\/assets\/logos\/casino\/dark-back\/1xbet-casino.png\" width=\"auto\" height=\"auto\" alt=\"1xBet\" \/><\/span>                    <\/div>\n                    <div class=\"col-lg-4 col-md-4 col-sm-4 col-xs-6\">\n                        <p class=\"box-title\">1xBet&nbsp;casino<\/p>\n                    <\/div>\n                    <div class=\"col-lg-5 col-md-4 col-sm-4 col-xs-6\">\n                        <div class=\"likes-box likes-js\" data-likesid=\"16\">\n                            <div class=\"likes-icon-js\"><i class=\"fa fa-heart\" aria-hidden=\"true\"><\/i><\/div>\n                            <div class=\"likes-text-js\"><p>1755 likes<\/p><\/div>\n                        <\/div>\n                    <\/div>\n                <\/div>\n                <div class=\"bonus-box-body\">\n                    <div class=\"col-lg-3 col-md-3 col-sm-6 col-xs-12 rightBordered m-bonus no-padding\">\n                        <p>B\u00f4nus M\u00e1ximo<\/p>\n                        <p class=\"bonus-value max-bonus\">R$1600<\/p>\n                    <\/div>\n                                                                <div class=\"col-lg-2 col-md-2 col-sm-6 col-xs-12 no-padding \">\n                            <p>Requisito<\/p>\n                            <p class=\"bonus-value\">35x Bonus<\/p>\n                        <\/div>\n                                        <div class=\"col-lg-2 col-md-2 col-sm-6 col-xs-12 no-padding\">\n                        <p>Porcentagem<\/p>\n                        <p class=\"bonus-value\">100%<\/p>\n                    <\/div>\n                    <div class=\"col-lg-3 col-md-3 col-sm-6 col-xs-12 claim-bonus-sec \">\n\n                                                <div>\n                             <div   class=\"bonuscode  secret-code \"><span>Nenhum C\u00f3digo b\u00f4nus Obrigat\u00f3rio<\/span><\/div> <span class=\"cursored button js-golink  claim-bonus-code\"  onclick=\"OpenGoLink(this);\" data-operator=\"8\" data-bonus=\"5396\"   data-clicks=\"17\"data-type=\"casino\" ><div class='hvr-animation bonus-btn-main-sec'><span>Mostrar o C\u00f3digo de B\u00f4nus<\/span><\/div> <\/span>                         <\/div>\n                    <\/div>\n                <\/div>\n                            <\/div>\n                        <div class=\"bonus-box first-box\">\n                <div class=\"bonus-box-head\">\n                    <div class=\"col-lg-3 col-md-4 col-sm-4 col-xs-12 \">\n                        <span class=\"hotfix operator-logo\"><img decoding=\"async\" src=\"\/portuguese\/assets\/logos\/poker\/dark-back\/1xbet-poker.png\" width=\"auto\" height=\"auto\" alt=\"1xBet\" \/><\/span>                    <\/div>\n                    <div class=\"col-lg-4 col-md-4 col-sm-4 col-xs-6\">\n                        <p class=\"box-title\">1xBet&nbsp;poker<\/p>\n                    <\/div>\n                    <div class=\"col-lg-5 col-md-4 col-sm-4 col-xs-6\">\n                        <div class=\"likes-box likes-js\" data-likesid=\"12\">\n                            <div class=\"likes-icon-js\"><i class=\"fa fa-heart\" aria-hidden=\"true\"><\/i><\/div>\n                            <div class=\"likes-text-js\"><p>1130 likes<\/p><\/div>\n                        <\/div>\n                    <\/div>\n                <\/div>\n                <div class=\"bonus-box-body\">\n                    <div class=\"col-lg-3 col-md-3 col-sm-6 col-xs-12 rightBordered m-bonus no-padding\">\n                        <p>B\u00f4nus M\u00e1ximo<\/p>\n                        <p class=\"bonus-value max-bonus\">No Bonus<\/p>\n                    <\/div>\n                                                                <div class=\"col-lg-2 col-md-2 col-sm-6 col-xs-12 no-padding \">\n                            <p>Requisito<\/p>\n                            <p class=\"bonus-value\">x <\/p>\n                        <\/div>\n                                        <div class=\"col-lg-2 col-md-2 col-sm-6 col-xs-12 no-padding\">\n                        <p>Porcentagem<\/p>\n                        <p class=\"bonus-value\">-<\/p>\n                    <\/div>\n                    <div class=\"col-lg-3 col-md-3 col-sm-6 col-xs-12 claim-bonus-sec \">\n\n                                                <div>\n                             <div   class=\"bonuscode  secret-code \"><span>Nenhum C\u00f3digo b\u00f4nus Obrigat\u00f3rio<\/span><\/div> <span class=\"cursored button js-golink  claim-bonus-code\"  onclick=\"OpenGoLink(this);\" data-operator=\"573\" data-bonus=\"4043\"   data-clicks=\"13\"data-type=\"poker\" ><div class='hvr-animation bonus-btn-main-sec'><span>Mostrar o C\u00f3digo de B\u00f4nus<\/span><\/div> <\/span>                         <\/div>\n                    <\/div>\n                <\/div>\n                            <\/div>\n            \r\n<p class=\"text-justify\">Al\u00e9m disso, como em qualquer transa\u00e7\u00e3o financeira, s\u00e3o cobradas taxas. Entretanto, as taxas da CREX24 s\u00e3o baixas e transparentes, podendo ser consultadas a qualquer momento.<\/p>\r\n\r\n<h2>Quais s\u00e3o as moedas dispon\u00edveis?<\/h2>\r\n<p class=\"text-justify\">No site de apostas da 1xBet, \u00e9 poss\u00edvel realizar dep\u00f3sitos com diversas moedas virtuais. S\u00e3o elas: Bitcoin, Litecoin, Dogecoin, Dash, Ethereum, Monero, ZCash, GameCredits, NEM, Bytecoin, Sibcoin, DigiByte, Bitcoin Cash, Bitcoin Gold, Ethereum Classic, xGOx e BotShares.<\/p>\r\n<p class=\"text-justify\">Cada uma dessas moedas possuem uma cota\u00e7\u00e3o diferente entre si e entre as moedas tradicionais, como o euro, d\u00f3lar e rublo. Al\u00e9m disso, cada uma possui suas particularidades, locais de aceita\u00e7\u00e3o e formas de uso, que devem sempre ser analisadas.<\/p>\r\n<p class=\"text-justify\">Enquanto isso, na plataforma da CREX24, \u00e9 poss\u00edvel realizar transa\u00e7\u00f5es envolvendo todas as moedas acima, al\u00e9m de diversas outras, que podem ser encontradas na se\u00e7\u00e3o \u201cMercados\u201d do site da investidora. L\u00e1 tamb\u00e9m \u00e9 poss\u00edvel realizar as chamadas \u201copera\u00e7\u00f5es fiduci\u00e1rias\u201d, nas quais as moedas virtuais s\u00e3o trocadas por moedas reais. Nessa opera\u00e7\u00e3o, \u00e9 poss\u00edvel comprar as seguintes moedas: euro, d\u00f3lar, yen e rublo.<\/p>\r\n\r\n<div class=\"cta-direct-bonus\">\r\n    <div class=\"col-lg-8 col-md-8 col-sm-8 col-xs-12\">\r\n        <div class=\"row\">\r\n            <p class=\"cta-direct-slogan\">\r\n                Est\u00e1 Pronto para Pegar Seu B\u00f4nus de Boas-Vindas?            <\/p>\r\n        <\/div>\r\n    <\/div>\r\n    <div class=\"col-lg-4 col-md-4 col-sm-4 col-xs-12\">\r\n        <div class=\"row\">\r\n             <span class=\"cursored button js-golink cta-direct-button hvr-animation new-hover\"  onclick=\"OpenGoLink(this);\" data-operator=\"7\" data-bonus=\"4043\"   data-clicks=\"12\"data-type=\"sport\" ><span>Visitar 1xBet Agora!<\/span> <\/span> \r\n        <\/div>\r\n    <\/div>\r\n<\/div>\r\n\r\n<style type=\"text\/css\" media=\"screen\">\r\n    .cta-direct-button.new-hover {\r\n        padding: 3px 0 2px;\r\n    }\r\n<\/style>\r\n<h2>A revolu\u00e7\u00e3o das criptomoedas<\/h2>\r\n<p class=\"text-justify\">As criptomoedas surgiram com a Bitcoin, em 2009, com a proposta de criar um sistema financeiro independente e descentralizado, longe de influ\u00eancias pol\u00edticas e governamentais de qualquer pa\u00eds.<\/p>\r\n<p class=\"text-justify\">Com o avan\u00e7o da tecnologia e maior conhecimento do p\u00fablico, foram criadas novas criptomoedas, e o mercado foi muito aquecido, proporcionando aos investidores grandes lucros em um tempo muito curto.<\/p>\r\n<p class=\"text-justify\">Hoje, o mercado de moedas virtuais possui grande variedade, e estas s\u00e3o aceitas em diversas transa\u00e7\u00f5es, sejam virtuais ou at\u00e9 mesmo f\u00edsicas. Com isso, a valoriza\u00e7\u00e3o das criptomoedas continua crescente, representando ainda um \u00f3timo investimento.<\/p>\r\n<p class=\"text-justify\">Entretanto, devido a sua natureza descentralizada e sem interven\u00e7\u00e3o, a cota\u00e7\u00e3o das moedas podem variar bruscamente, significando um investimento de alto risco. Essa caracter\u00edstica, no entanto, est\u00e1 presente em diversos investimentos, incluindo aqueles realizados no mercado cambial de moedas f\u00edsicas.<\/p>\r\n\r\n<div class=\"cta-direct-bonus\">\r\n    <div class=\"col-lg-8 col-md-8 col-sm-8 col-xs-12\">\r\n        <div class=\"row\">\r\n            <p class=\"cta-direct-slogan\">\r\n                Est\u00e1 Pronto para Pegar Seu B\u00f4nus de Boas-Vindas?            <\/p>\r\n        <\/div>\r\n    <\/div>\r\n    <div class=\"col-lg-4 col-md-4 col-sm-4 col-xs-12\">\r\n        <div class=\"row\">\r\n             <span class=\"cursored button js-golink cta-direct-button hvr-animation new-hover\"  onclick=\"OpenGoLink(this);\" data-operator=\"7\" data-bonus=\"3921\"   data-clicks=\"1\"data-type=\"sport\" ><span>Visitar 1xBet Agora!<\/span> <\/span> \r\n        <\/div>\r\n    <\/div>\r\n<\/div>\r\n\r\n<style type=\"text\/css\" media=\"screen\">\r\n    .cta-direct-button.new-hover {\r\n        padding: 3px 0 2px;\r\n    }\r\n<\/style>\r\n<h2>Estrat\u00e9gias para apostar no Mercado de Divisas<\/h2>\r\n<p class=\"text-justify\">Assim como em qualquer mercado financeiro, \u00e9 fundamental que voc\u00ea estude bem qualquer investimento que deseje fazer. Pesquise sobre as criptomoedas existentes antes de decidir em qual colocar o seu dinheiro. Para isso, voc\u00ea pode utilizar as informa\u00e7\u00f5es dispon\u00edveis na 1xBet Exchange, a CREX24, ou ent\u00e3o conversar com um de seus consultores, que est\u00e3o dispon\u00edveis 24 horas por dia.<\/p>\r\n<p class=\"text-justify\">Al\u00e9m disso, outra estrat\u00e9gia fundamental \u00e9 a diversifica\u00e7\u00e3o de seus investimentos. Tente comprar n\u00e3o s\u00f3 uma criptomoedas, mas sim pulverizar seu capital em diversas escolhas eficientes. Dessa forma, voc\u00ea ir\u00e1 se proteger melhor de eventuais quedas bruscas de cota\u00e7\u00f5es de moedas, diminuindo o risco envolvido nas opera\u00e7\u00f5es. Al\u00e9m disso, com uma carteira ampla, voc\u00ea ter\u00e1 uma possibilidade maior de ter investimentos em uma criptomoedas que se supervalorize subitamente, o que pode significar ganhos astron\u00f4micos, que em situa\u00e7\u00f5es passadas j\u00e1 chegaram ao patamar de mais de 1000% em poucos instantes!<\/p>","protected":false},"excerpt":{"rendered":"Na 1xBet \u00e9 poss\u00edvel comprar cr\u00e9ditos e fazer apostas a partir de criptomoedas, como as bitcoins assim como fazer apostas esportivas ou jogar no cassino. Isso \u00e9 feito a partir do 1xBet Exchange, plataforma online para negocia\u00e7\u00e3o de moedas virtuais. \u00c9 poss\u00edvel comprar e vender dezenas de diferentes moedas com o 1xBet c\u00e2mbio criptomoedas. Assim,<a href=\"https:\/\/bet-bonus.net\/br\/cambio-criptomoedas\/\"> &#8230;<\/a>","protected":false},"author":1,"featured_media":0,"parent":0,"menu_order":0,"comment_status":"closed","ping_status":"closed","template":"","meta":{"footnotes":""},"categories":[],"tags":[4],"class_list":["post-49","page","type-page","status-publish","hentry","tag-interesting"],"yoast_head":"<!-- This site is optimized with the Yoast SEO plugin v26.7 - https:\/\/yoast.com\/wordpress\/plugins\/seo\/ -->\n<title>1xBet C\u00e2mbio Criptomoedas \u00bb Bitcoins, Litecoin ou Ethereum<\/title>\n<meta name=\"robots\" content=\"index, follow, max-snippet:-1, max-image-preview:large, max-video-preview:-1\" \/>\n<link rel=\"canonical\" href=\"https:\/\/bet-bonus.net\/br\/cambio-criptomoedas\/\" \/>\n<meta property=\"og:locale\" content=\"pt_BR\" \/>\n<meta property=\"og:type\" content=\"article\" \/>\n<meta property=\"og:title\" content=\"1xBet C\u00e2mbio Criptomoedas \u00bb Bitcoins, Litecoin ou Ethereum\" \/>\n<meta property=\"og:url\" content=\"https:\/\/bet-bonus.net\/br\/cambio-criptomoedas\/\" \/>\n<meta property=\"og:site_name\" content=\"bet-bonus.net\/br\" \/>\n<meta property=\"article:modified_time\" content=\"2018-07-27T12:32:17+00:00\" \/>\n<meta name=\"twitter:card\" content=\"summary_large_image\" \/>\n<meta name=\"twitter:label1\" content=\"Est. tempo de leitura\" \/>\n\t<meta name=\"twitter:data1\" content=\"4 minutos\" \/>\n<script type=\"application\/ld+json\" class=\"yoast-schema-graph\">{\"@context\":\"https:\/\/schema.org\",\"@graph\":[{\"@type\":\"WebPage\",\"@id\":\"https:\/\/bet-bonus.net\/br\/cambio-criptomoedas\/\",\"url\":\"https:\/\/bet-bonus.net\/br\/cambio-criptomoedas\/\",\"name\":\"1xBet C\u00e2mbio Criptomoedas \u00bb Bitcoins, Litecoin ou Ethereum\",\"isPartOf\":{\"@id\":\"https:\/\/bet-bonus.net\/br\/#website\"},\"datePublished\":\"2018-07-15T19:54:03+00:00\",\"dateModified\":\"2018-07-27T12:32:17+00:00\",\"breadcrumb\":{\"@id\":\"https:\/\/bet-bonus.net\/br\/cambio-criptomoedas\/#breadcrumb\"},\"inLanguage\":\"pt-BR\",\"potentialAction\":[{\"@type\":\"ReadAction\",\"target\":[\"https:\/\/bet-bonus.net\/br\/cambio-criptomoedas\/\"]}]},{\"@type\":\"BreadcrumbList\",\"@id\":\"https:\/\/bet-bonus.net\/br\/cambio-criptomoedas\/#breadcrumb\",\"itemListElement\":[{\"@type\":\"ListItem\",\"position\":1,\"name\":\"Home\",\"item\":\"https:\/\/bet-bonus.net\/br\/\"},{\"@type\":\"ListItem\",\"position\":2,\"name\":\"Compre Criptomoedas Reais Online na Bolsa de Valores\"}]},{\"@type\":\"WebSite\",\"@id\":\"https:\/\/bet-bonus.net\/br\/#website\",\"url\":\"https:\/\/bet-bonus.net\/br\/\",\"name\":\"bet-bonus.net\/br\",\"description\":\"\",\"potentialAction\":[{\"@type\":\"SearchAction\",\"target\":{\"@type\":\"EntryPoint\",\"urlTemplate\":\"https:\/\/bet-bonus.net\/br\/?s={search_term_string}\"},\"query-input\":{\"@type\":\"PropertyValueSpecification\",\"valueRequired\":true,\"valueName\":\"search_term_string\"}}],\"inLanguage\":\"pt-BR\"}]}<\/script>\n<!-- \/ Yoast SEO plugin. -->","yoast_head_json":{"title":"1xBet C\u00e2mbio Criptomoedas \u00bb Bitcoins, Litecoin ou Ethereum","robots":{"index":"index","follow":"follow","max-snippet":"max-snippet:-1","max-image-preview":"max-image-preview:large","max-video-preview":"max-video-preview:-1"},"canonical":"https:\/\/bet-bonus.net\/br\/cambio-criptomoedas\/","og_locale":"pt_BR","og_type":"article","og_title":"1xBet C\u00e2mbio Criptomoedas \u00bb Bitcoins, Litecoin ou Ethereum","og_url":"https:\/\/bet-bonus.net\/br\/cambio-criptomoedas\/","og_site_name":"bet-bonus.net\/br","article_modified_time":"2018-07-27T12:32:17+00:00","twitter_card":"summary_large_image","twitter_misc":{"Est. tempo de leitura":"4 minutos"},"schema":{"@context":"https:\/\/schema.org","@graph":[{"@type":"WebPage","@id":"https:\/\/bet-bonus.net\/br\/cambio-criptomoedas\/","url":"https:\/\/bet-bonus.net\/br\/cambio-criptomoedas\/","name":"1xBet C\u00e2mbio Criptomoedas \u00bb Bitcoins, Litecoin ou Ethereum","isPartOf":{"@id":"https:\/\/bet-bonus.net\/br\/#website"},"datePublished":"2018-07-15T19:54:03+00:00","dateModified":"2018-07-27T12:32:17+00:00","breadcrumb":{"@id":"https:\/\/bet-bonus.net\/br\/cambio-criptomoedas\/#breadcrumb"},"inLanguage":"pt-BR","potentialAction":[{"@type":"ReadAction","target":["https:\/\/bet-bonus.net\/br\/cambio-criptomoedas\/"]}]},{"@type":"BreadcrumbList","@id":"https:\/\/bet-bonus.net\/br\/cambio-criptomoedas\/#breadcrumb","itemListElement":[{"@type":"ListItem","position":1,"name":"Home","item":"https:\/\/bet-bonus.net\/br\/"},{"@type":"ListItem","position":2,"name":"Compre Criptomoedas Reais Online na Bolsa de Valores"}]},{"@type":"WebSite","@id":"https:\/\/bet-bonus.net\/br\/#website","url":"https:\/\/bet-bonus.net\/br\/","name":"bet-bonus.net\/br","description":"","potentialAction":[{"@type":"SearchAction","target":{"@type":"EntryPoint","urlTemplate":"https:\/\/bet-bonus.net\/br\/?s={search_term_string}"},"query-input":{"@type":"PropertyValueSpecification","valueRequired":true,"valueName":"search_term_string"}}],"inLanguage":"pt-BR"}]}},"_links":{"self":[{"href":"https:\/\/bet-bonus.net\/br\/wp-json\/wp\/v2\/pages\/49","targetHints":{"allow":["GET"]}}],"collection":[{"href":"https:\/\/bet-bonus.net\/br\/wp-json\/wp\/v2\/pages"}],"about":[{"href":"https:\/\/bet-bonus.net\/br\/wp-json\/wp\/v2\/types\/page"}],"author":[{"embeddable":true,"href":"https:\/\/bet-bonus.net\/br\/wp-json\/wp\/v2\/users\/1"}],"replies":[{"embeddable":true,"href":"https:\/\/bet-bonus.net\/br\/wp-json\/wp\/v2\/comments?post=49"}],"version-history":[{"count":6,"href":"https:\/\/bet-bonus.net\/br\/wp-json\/wp\/v2\/pages\/49\/revisions"}],"predecessor-version":[{"id":471,"href":"https:\/\/bet-bonus.net\/br\/wp-json\/wp\/v2\/pages\/49\/revisions\/471"}],"wp:attachment":[{"href":"https:\/\/bet-bonus.net\/br\/wp-json\/wp\/v2\/media?parent=49"}],"wp:term":[{"taxonomy":"category","embeddable":true,"href":"https:\/\/bet-bonus.net\/br\/wp-json\/wp\/v2\/categories?post=49"},{"taxonomy":"post_tag","embeddable":true,"href":"https:\/\/bet-bonus.net\/br\/wp-json\/wp\/v2\/tags?post=49"}],"curies":[{"name":"wp","href":"https:\/\/api.w.org\/{rel}","templated":true}]}}