{"id":47,"date":"2018-07-15T19:48:58","date_gmt":"2018-07-15T19:48:58","guid":{"rendered":"http:\/\/bet-bonus.net\/br\/?page_id=47"},"modified":"2018-07-27T11:47:08","modified_gmt":"2018-07-27T11:47:08","slug":"poker","status":"publish","type":"page","link":"https:\/\/bet-bonus.net\/br\/poker\/","title":{"rendered":"1xBet Poker Gr\u00e1tis - Jogue Poker Real contra v\u00e1rios advers\u00e1rios"},"content":{"rendered":"<p class=\"text-justify\">O Poker \u00e9 um dos jogos de cartas com maior n\u00famero de adeptos em todo o mundo. Trata-se de uma pr\u00e1tica que re\u00fane pessoas de todo o mundo para se divertirem, se socializarem e ter mais emo\u00e7\u00e3o.\r\nApesar de exigir um pouco de conhecimento dos jogadores mais inexperientes, jogar p\u00f4quer \u00e9 f\u00e1cil, emocionante e pode trazer bons rendimentos. Vamos conhecer um pouco do poker da 1xBet assim como de <a href=\"https:\/\/bet-bonus.net\/br\/mais-jogos\/\">mais jogos<\/a> ? Continue lendo e comece a jogar.<\/p>\r\n<p class=\"text-justify\">Na <strong>1xBet<\/strong> o usu\u00e1rio s\u00f3 precisa se cadastrar para jogar. Existem dois tipos de de poker dispon\u00edveis: o primeiro \u00e9 jogado com dinheiro virtual (fichas de dinheiro) e o segundo com dinheiro real, na moeda do jogador. Ao se cadastrar o usu\u00e1rio pode jogar com pessoas de todo o mundo, sendo ideal para quem est\u00e1 iniciando e quer aprender mais.<\/p>\r\n<p class=\"text-justify\">Para jogar com o dinheiro virtual, basta clicar em \"Free Play Money Chips\", definir um intervalo de tempo para carregar as fichas. Tamb\u00e9m \u00e9 poss\u00edvel comprar fichas com <strong>dinheiro real<\/strong> na aba \u201cCaixa\u201d. Lembrando que as fichas do dinheiro virtual n\u00e3o podem ser trocadas por dinheiro real ou retiradas da conta 1xBet.<\/p>\r\n\r\n<h2>B\u00f4nus para jogar P\u00f3quer na 1xBet<\/h2>\r\n<p class=\"text-justify\">Os b\u00f4nus s\u00e3o comuns no site desde o momento que o jogador faz seu cadastro e faz o primeiro dep\u00f3sito. Com ele o usu\u00e1rio pode apostar da mesma assim como aposta com dinheiro real, contudo existem algumas regras para manter a integridade e a boa jogabilidade das partidas.<\/p>\r\n<p class=\"text-justify\">O b\u00f4nus inicial \u00e9 aquele feito a partir do primeiro dep\u00f3sito em dinheiro. Nesse caso, ele \u00e9 igual a <strong>100%<\/strong> do valor depositado (limite de R$ 500 ou o equivalente se levar em conta outra unidade monet\u00e1ria). Ele \u00e9 depositado na conta automaticamente assim que o dep\u00f3sito for concretizado se os dados estiverem todos preenchidos.<\/p>\r\n            <div class=\"bonus-box first-box\">\n                <div class=\"bonus-box-head\">\n                    <div class=\"col-lg-3 col-md-4 col-sm-4 col-xs-12 \">\n                        <span class=\"hotfix operator-logo\"><img decoding=\"async\" src=\"\/portuguese\/assets\/logos\/sport\/dark-back\/1xbet.png\" width=\"auto\" height=\"auto\" alt=\"1xBet\" \/><\/span>                    <\/div>\n                    <div class=\"col-lg-4 col-md-4 col-sm-4 col-xs-6\">\n                        <p class=\"box-title\">1xBet&nbsp;sport<\/p>\n                    <\/div>\n                    <div class=\"col-lg-5 col-md-4 col-sm-4 col-xs-6\">\n                        <div class=\"likes-box likes-js\" data-likesid=\"1\">\n                            <div class=\"likes-icon-js\"><i class=\"fa fa-heart\" aria-hidden=\"true\"><\/i><\/div>\n                            <div class=\"likes-text-js\"><p>1196 likes<\/p><\/div>\n                        <\/div>\n                    <\/div>\n                <\/div>\n                <div class=\"bonus-box-body\">\n                    <div class=\"col-lg-3 col-md-3 col-sm-6 col-xs-12 rightBordered m-bonus no-padding\">\n                        <p>B\u00f4nus M\u00e1ximo<\/p>\n                        <p class=\"bonus-value max-bonus\">R$1200<\/p>\n                    <\/div>\n                                            <div class=\"col-lg-2 col-md-2 col-sm-6 col-xs-12 no-padding\">\n                            <p>Odds M\u00edn.<\/p>\n                            <p class=\"bonus-value\">2.00<\/p>\n                        <\/div>\n                                                                <div class=\"col-lg-2 col-md-2 col-sm-6 col-xs-12 no-padding \">\n                            <p>Requisito<\/p>\n                            <p class=\"bonus-value\">9x Bonus<\/p>\n                        <\/div>\n                                        <div class=\"col-lg-2 col-md-2 col-sm-6 col-xs-12 no-padding\">\n                        <p>Porcentagem<\/p>\n                        <p class=\"bonus-value\">100%<\/p>\n                    <\/div>\n                    <div class=\"col-lg-3 col-md-3 col-sm-6 col-xs-12 claim-bonus-sec \">\n\n                                                <div>\n                             <div   class=\"bonuscode  secret-code \"><span>Nenhum C\u00f3digo b\u00f4nus Obrigat\u00f3rio<\/span><\/div> <span class=\"cursored button js-golink  claim-bonus-code\"  onclick=\"OpenGoLink(this);\" data-operator=\"7\" data-bonus=\"3921\"   data-clicks=\"1\"data-type=\"sport\" ><div class='hvr-animation bonus-btn-main-sec'><span>Mostrar o C\u00f3digo de B\u00f4nus<\/span><\/div> <\/span>                         <\/div>\n                    <\/div>\n                <\/div>\n                            <\/div>\n                        <div class=\"bonus-box first-box\">\n                <div class=\"bonus-box-head\">\n                    <div class=\"col-lg-3 col-md-4 col-sm-4 col-xs-12 \">\n                        <span class=\"hotfix operator-logo\"><img decoding=\"async\" src=\"\/portuguese\/assets\/logos\/casino\/dark-back\/1xbet-casino.png\" width=\"auto\" height=\"auto\" alt=\"1xBet\" \/><\/span>                    <\/div>\n                    <div class=\"col-lg-4 col-md-4 col-sm-4 col-xs-6\">\n                        <p class=\"box-title\">1xBet&nbsp;casino<\/p>\n                    <\/div>\n                    <div class=\"col-lg-5 col-md-4 col-sm-4 col-xs-6\">\n                        <div class=\"likes-box likes-js\" data-likesid=\"16\">\n                            <div class=\"likes-icon-js\"><i class=\"fa fa-heart\" aria-hidden=\"true\"><\/i><\/div>\n                            <div class=\"likes-text-js\"><p>1755 likes<\/p><\/div>\n                        <\/div>\n                    <\/div>\n                <\/div>\n                <div class=\"bonus-box-body\">\n                    <div class=\"col-lg-3 col-md-3 col-sm-6 col-xs-12 rightBordered m-bonus no-padding\">\n                        <p>B\u00f4nus M\u00e1ximo<\/p>\n                        <p class=\"bonus-value max-bonus\">R$1600<\/p>\n                    <\/div>\n                                                                <div class=\"col-lg-2 col-md-2 col-sm-6 col-xs-12 no-padding \">\n                            <p>Requisito<\/p>\n                            <p class=\"bonus-value\">35x Bonus<\/p>\n                        <\/div>\n                                        <div class=\"col-lg-2 col-md-2 col-sm-6 col-xs-12 no-padding\">\n                        <p>Porcentagem<\/p>\n                        <p class=\"bonus-value\">100%<\/p>\n                    <\/div>\n                    <div class=\"col-lg-3 col-md-3 col-sm-6 col-xs-12 claim-bonus-sec \">\n\n                                                <div>\n                             <div   class=\"bonuscode  secret-code \"><span>Nenhum C\u00f3digo b\u00f4nus Obrigat\u00f3rio<\/span><\/div> <span class=\"cursored button js-golink  claim-bonus-code\"  onclick=\"OpenGoLink(this);\" data-operator=\"8\" data-bonus=\"5396\"   data-clicks=\"17\"data-type=\"casino\" ><div class='hvr-animation bonus-btn-main-sec'><span>Mostrar o C\u00f3digo de B\u00f4nus<\/span><\/div> <\/span>                         <\/div>\n                    <\/div>\n                <\/div>\n                            <\/div>\n                        <div class=\"bonus-box first-box\">\n                <div class=\"bonus-box-head\">\n                    <div class=\"col-lg-3 col-md-4 col-sm-4 col-xs-12 \">\n                        <span class=\"hotfix operator-logo\"><img decoding=\"async\" src=\"\/portuguese\/assets\/logos\/poker\/dark-back\/1xbet-poker.png\" width=\"auto\" height=\"auto\" alt=\"1xBet\" \/><\/span>                    <\/div>\n                    <div class=\"col-lg-4 col-md-4 col-sm-4 col-xs-6\">\n                        <p class=\"box-title\">1xBet&nbsp;poker<\/p>\n                    <\/div>\n                    <div class=\"col-lg-5 col-md-4 col-sm-4 col-xs-6\">\n                        <div class=\"likes-box likes-js\" data-likesid=\"12\">\n                            <div class=\"likes-icon-js\"><i class=\"fa fa-heart\" aria-hidden=\"true\"><\/i><\/div>\n                            <div class=\"likes-text-js\"><p>1130 likes<\/p><\/div>\n                        <\/div>\n                    <\/div>\n                <\/div>\n                <div class=\"bonus-box-body\">\n                    <div class=\"col-lg-3 col-md-3 col-sm-6 col-xs-12 rightBordered m-bonus no-padding\">\n                        <p>B\u00f4nus M\u00e1ximo<\/p>\n                        <p class=\"bonus-value max-bonus\">No Bonus<\/p>\n                    <\/div>\n                                                                <div class=\"col-lg-2 col-md-2 col-sm-6 col-xs-12 no-padding \">\n                            <p>Requisito<\/p>\n                            <p class=\"bonus-value\">x <\/p>\n                        <\/div>\n                                        <div class=\"col-lg-2 col-md-2 col-sm-6 col-xs-12 no-padding\">\n                        <p>Porcentagem<\/p>\n                        <p class=\"bonus-value\">-<\/p>\n                    <\/div>\n                    <div class=\"col-lg-3 col-md-3 col-sm-6 col-xs-12 claim-bonus-sec \">\n\n                                                <div>\n                             <div   class=\"bonuscode  secret-code \"><span>Nenhum C\u00f3digo b\u00f4nus Obrigat\u00f3rio<\/span><\/div> <span class=\"cursored button js-golink  claim-bonus-code\"  onclick=\"OpenGoLink(this);\" data-operator=\"573\" data-bonus=\"4043\"   data-clicks=\"13\"data-type=\"poker\" ><div class='hvr-animation bonus-btn-main-sec'><span>Mostrar o C\u00f3digo de B\u00f4nus<\/span><\/div> <\/span>                         <\/div>\n                    <\/div>\n                <\/div>\n                            <\/div>\n            \r\n<p class=\"text-justify\">Durante as partidas, o jogador tem a chance de ganhar mais b\u00f4nus, contudo h\u00e1 regras espec\u00edficas para o uso e por isso \u00e9 importante conhec\u00ea-las. Uma delas diz que o valor do b\u00f4nus \u00e9 considerado como apostado somente quando todas as apostas colocadas \u00e0 mesa tiverem sido resolvidas.<\/p>\r\n<p class=\"text-justify\">Vale ressaltar que o b\u00f4nus inicial \u00e9 unit\u00e1rio e \u00e9 dado para dep\u00f3sitos acima de R$ 4 e deve ser utilizado em at\u00e9 30 dias ap\u00f3s sua ativa\u00e7\u00e3o. S\u00f3 \u00e9 permitido um por cliente, por endere\u00e7o, computador e endere\u00e7o de IP e conta. Al\u00e9m disso, essa oferta n\u00e3o pode ser aplicada em conjunto com outras ofertas especiais ou promocionais do site.<\/p>\r\n\r\n<div class=\"cta-direct-bonus\">\r\n    <div class=\"col-lg-8 col-md-8 col-sm-8 col-xs-12\">\r\n        <div class=\"row\">\r\n            <p class=\"cta-direct-slogan\">\r\n                Est\u00e1 Pronto para Pegar Seu B\u00f4nus de Boas-Vindas?            <\/p>\r\n        <\/div>\r\n    <\/div>\r\n    <div class=\"col-lg-4 col-md-4 col-sm-4 col-xs-12\">\r\n        <div class=\"row\">\r\n             <span class=\"cursored button js-golink cta-direct-button hvr-animation new-hover\"  onclick=\"OpenGoLink(this);\" data-operator=\"7\" data-bonus=\"4043\"   data-clicks=\"12\"data-type=\"sport\" ><span>Visitar 1xBet Agora!<\/span> <\/span> \r\n        <\/div>\r\n    <\/div>\r\n<\/div>\r\n\r\n<style type=\"text\/css\" media=\"screen\">\r\n    .cta-direct-button.new-hover {\r\n        padding: 3px 0 2px;\r\n    }\r\n<\/style>\r\n<h2>Jogar ao Poker na 1xBet - Informa\u00e7\u00e3o Geral<\/h2>\r\n<p class=\"text-justify\">Agora que j\u00e1 sabe o sistema de apostas\/ b\u00f4nus o passo seguinte \u00e9 conhecer um pouco do poker do 1xBet, sua jogabilidade e demais informa\u00e7\u00f5es. N\u00e3o \u00e9 preciso fazer download de qualquer aplica\u00e7\u00e3o, pois tudo funciona diretamente no navegador de forma \u00e1gil e din\u00e2mica. Ap\u00f3s decidir a modalidade que ir\u00e1 jogar (com dinheiro real ou virtual) o jogador ir\u00e1 clicar no diret\u00f3rio poker e ser\u00e1 direcionado para a p\u00e1gina da mesa.<\/p>\r\n<p class=\"text-justify\">Quem j\u00e1 tem entendimento de como funciona o poker n\u00e3o encontrar\u00e1 barreiras para jogar no 1xBet. A mesa \u00e9 de simples compreens\u00e3o e na esquerda \u00e9 poss\u00edvel visualizar um menu com informa\u00e7\u00f5es sobre as mesas e apostas. Na parte de cima h\u00e1 informa\u00e7\u00f5es como o n\u00famero de mesas funcionando, a quantidade de jogadores online e torneios acontecendo.<\/p>\r\n<p class=\"text-justify\">O jogador pode escolher a mesa por nome, quantidade de jogadores, n\u00edvel, entre outros crit\u00e9rios. Ele pode optar por jogar uma partida aleat\u00f3ria ou ingressar em um torneio, em que os ganhos geralmente s\u00e3o maiores. Ao escolher a op\u00e7\u00e3o mais interessante, basta clicar na op\u00e7\u00e3o \u201c<strong>Play Now<\/strong>\u201d, esperar por outros jogadores e iniciar a partida.\r\nNo canto direito, os usu\u00e1rios ainda optam por mesas e torneios abertos. Ainda \u00e9 poss\u00edvel se comunicar com os outros usu\u00e1rios por meio do chat no canto inferior esquerdo.<\/p>\r\n\r\n<h2>Tipos de Poker dispon\u00edveis na 1xBet - O Cl\u00e1ssico Texas Hold'em<\/h2>\r\n<p class=\"text-justify\">O <strong>Texas Hold\u2019em<\/strong> \u00e9 o estilo do poker mais popular nos cassinos, podendo ser jogado por 2 a 23 jogadores, caso n\u00e3o sejam queimadas cartas nos turnos. Se houver a queima, at\u00e9 22 pessoas jogam.\r\nNesse sistema cada jogador recebe duas cartas e outras s\u00e3o apresentadas \u00e0 mesa (geralmente 6). As apostas s\u00e3o feitas usando small blinds e big blinds, de forma que a vencedor leva todo o pot. Se n\u00e3o houver um carteador, um jogador dar\u00e1 as cartas e cada jogada come\u00e7a a partir do jogador seguinte e em cada jogada o carteador muda.<\/p>\r\n<p class=\"text-justify\">N\u00e3o h\u00e1 uma estrat\u00e9gia padr\u00e3o para jogar, uma vez que at\u00e9 mesmo se o jogador estiver sem uma \u201cm\u00e3o boa\u201d pode levar o pot. Por exemplo, h\u00e1 estrat\u00e9gias que visam apostar menos quando estiver nas posi\u00e7\u00f5es iniciais e mais nas posi\u00e7\u00f5es finais. Isso porque quem joga nas posi\u00e7\u00f5es finais tem mais informa\u00e7\u00f5es de apostas.<\/p>\r\n\r\n<div class=\"cta-direct-bonus\">\r\n    <div class=\"col-lg-8 col-md-8 col-sm-8 col-xs-12\">\r\n        <div class=\"row\">\r\n            <p class=\"cta-direct-slogan\">\r\n                Est\u00e1 Pronto para Pegar Seu B\u00f4nus de Boas-Vindas?            <\/p>\r\n        <\/div>\r\n    <\/div>\r\n    <div class=\"col-lg-4 col-md-4 col-sm-4 col-xs-12\">\r\n        <div class=\"row\">\r\n             <span class=\"cursored button js-golink cta-direct-button hvr-animation new-hover\"  onclick=\"OpenGoLink(this);\" data-operator=\"7\" data-bonus=\"3921\"   data-clicks=\"1\"data-type=\"sport\" ><span>Visitar 1xBet Agora!<\/span> <\/span> \r\n        <\/div>\r\n    <\/div>\r\n<\/div>\r\n\r\n<style type=\"text\/css\" media=\"screen\">\r\n    .cta-direct-button.new-hover {\r\n        padding: 3px 0 2px;\r\n    }\r\n<\/style>\r\n<h2>Jogar Poker na 1xBet pelo Celular<\/h2>\r\n<p class=\"text-justify\">Jogar poker pelo 1xBet \u00e9 simples e seguro. O jogo est\u00e1 dispon\u00edvel para Android acima da vers\u00e3o 4.1 e IOS (na App Store). O download \u00e9 gr\u00e1tis e tamb\u00e9m \u00e9 poss\u00edvel usufruir do b\u00f4nus inicial. Independente da plataforma utilizada, os arquivos s\u00e3o pequenos e n\u00e3o comprometem o espa\u00e7o dispon\u00edvel no dispositivo.<\/p>\r\n<p class=\"text-justify\">Todas as informa\u00e7\u00f5es s\u00e3o criptografadas e o usu\u00e1rio pode utilizar a mesma conta no PC e no dispositivo m\u00f3vel de sua prefer\u00eancia. Dessa poder\u00e1 se divertir em qualquer lugar com acesso a internet.<\/p>\r\n\r\n<h2>O Poker da 1xBet \u00e9 para Profissionais ou Principiantes?<\/h2>\r\n<p class=\"text-justify\">Todos os estilos podem jogar. Principiantes, amadores e profissionais. At\u00e9 mesmos praticantes de fins de semana t\u00eam sua vez. s\u00e3o pessoas comuns como comerciantes, m\u00e9dicos, advogados, oper\u00e1rios, entre outros, uma vez que o esporte \u00e9 democr\u00e1tico e o 1xBet tamb\u00e9m.<\/p>\r\n<p class=\"text-justify\">O ambiente \u00e9 din\u00e2mico e intuitivo, mesmo para quem est\u00e1 conhecendo as regras do estilo Texas Holde'm. Com poucos minutos acessando e conhecendo o site, o usu\u00e1rio j\u00e1 consegue jogar, fazer suas apostas e entender como funciona o sistema de resgate para a conta banc\u00e1ria. Tudo de forma simples.<\/p>\r\n<p class=\"text-justify\">O diferencial da casa \u00e9 a divers\u00e3o saud\u00e1vel entre os membros. Pessoas de todo o mundo jogam de forma harmoniosa, em igualdade de condi\u00e7\u00f5es independente se est\u00e1 no Brasil ou em qualquer outro pa\u00eds. Homens mulheres e jovens acima de 18 anos t\u00eam a possibilidade de jogar sem qualquer problema.<\/p>\r\n\r\n<div class=\"cta-direct-bonus\">\r\n    <div class=\"col-lg-8 col-md-8 col-sm-8 col-xs-12\">\r\n        <div class=\"row\">\r\n            <p class=\"cta-direct-slogan\">\r\n                Est\u00e1 Pronto para Pegar Seu B\u00f4nus de Boas-Vindas?            <\/p>\r\n        <\/div>\r\n    <\/div>\r\n    <div class=\"col-lg-4 col-md-4 col-sm-4 col-xs-12\">\r\n        <div class=\"row\">\r\n             <span class=\"cursored button js-golink cta-direct-button hvr-animation new-hover\"  onclick=\"OpenGoLink(this);\" data-operator=\"7\" data-bonus=\"3921\"   data-clicks=\"1\"data-type=\"sport\" ><span>Visitar 1xBet Agora!<\/span> <\/span> \r\n        <\/div>\r\n    <\/div>\r\n<\/div>\r\n\r\n<style type=\"text\/css\" media=\"screen\">\r\n    .cta-direct-button.new-hover {\r\n        padding: 3px 0 2px;\r\n    }\r\n<\/style>\r\n<h2>Existe Poker para High Rollers na 1xBet?<\/h2>\r\n<p class=\"text-justify\">A express\u00e3o High Rollers se d\u00e1 por conta do mercado de a\u00e7\u00f5es, que est\u00e1 associado a investidores que arcam com riscos altos, sejam ganhos ou perdas. A ideia \u00e9 criar torneios com grandes buy-ins, ocasionando em pots gigantescos. O que atrai jogadores profissionais e experientes de todo o mundo.<\/p>\r\n<p class=\"text-justify\">Jogando pelo pc ou dispositivo m\u00f3vel, qualquer jogador independente da aposta, tem um ambiente seguro para jogar, desenvolver sua estrat\u00e9gia. O recebimento \u00e9 feito de forma \u00e1gil pela conta banc\u00e1ria cadastrada.<\/p>\r\n<p class=\"text-justify\">No 1xBet Poker h\u00e1 salas espec\u00edficas para grandes apostas, refor\u00e7ando a pol\u00edtica da marca de atender a todos os p\u00fablicos jogadores. Com regras bem claras, qualquer pessoa pode se divertir e lucrar com uma experi\u00eancia interessante, e interativa.<\/p>","protected":false},"excerpt":{"rendered":"O Poker \u00e9 um dos jogos de cartas com maior n\u00famero de adeptos em todo o mundo. Trata-se de uma pr\u00e1tica que re\u00fane pessoas de todo o mundo para se divertirem, se socializarem e ter mais emo\u00e7\u00e3o. Apesar de exigir um pouco de conhecimento dos jogadores mais inexperientes, jogar p\u00f4quer \u00e9 f\u00e1cil, emocionante e pode<a href=\"https:\/\/bet-bonus.net\/br\/poker\/\"> &#8230;<\/a>","protected":false},"author":1,"featured_media":0,"parent":0,"menu_order":0,"comment_status":"closed","ping_status":"closed","template":"","meta":{"footnotes":""},"categories":[],"tags":[4],"class_list":["post-47","page","type-page","status-publish","hentry","tag-interesting"],"yoast_head":"<!-- This site is optimized with the Yoast SEO plugin v26.7 - https:\/\/yoast.com\/wordpress\/plugins\/seo\/ -->\n<title>1xBet Poker Online \u00bb Jogue Texas Holdem em Cash Games<\/title>\n<meta name=\"robots\" content=\"index, follow, max-snippet:-1, max-image-preview:large, max-video-preview:-1\" \/>\n<link rel=\"canonical\" href=\"https:\/\/bet-bonus.net\/br\/poker\/\" \/>\n<meta property=\"og:locale\" content=\"pt_BR\" \/>\n<meta property=\"og:type\" content=\"article\" \/>\n<meta property=\"og:title\" content=\"1xBet Poker Online \u00bb Jogue Texas Holdem em Cash Games\" \/>\n<meta property=\"og:url\" content=\"https:\/\/bet-bonus.net\/br\/poker\/\" \/>\n<meta property=\"og:site_name\" content=\"bet-bonus.net\/br\" \/>\n<meta property=\"article:modified_time\" content=\"2018-07-27T11:47:08+00:00\" \/>\n<meta name=\"twitter:card\" content=\"summary_large_image\" \/>\n<meta name=\"twitter:label1\" content=\"Est. tempo de leitura\" \/>\n\t<meta name=\"twitter:data1\" content=\"6 minutos\" \/>\n<script type=\"application\/ld+json\" class=\"yoast-schema-graph\">{\"@context\":\"https:\/\/schema.org\",\"@graph\":[{\"@type\":\"WebPage\",\"@id\":\"https:\/\/bet-bonus.net\/br\/poker\/\",\"url\":\"https:\/\/bet-bonus.net\/br\/poker\/\",\"name\":\"1xBet Poker Online \u00bb Jogue Texas Holdem em Cash Games\",\"isPartOf\":{\"@id\":\"https:\/\/bet-bonus.net\/br\/#website\"},\"datePublished\":\"2018-07-15T19:48:58+00:00\",\"dateModified\":\"2018-07-27T11:47:08+00:00\",\"breadcrumb\":{\"@id\":\"https:\/\/bet-bonus.net\/br\/poker\/#breadcrumb\"},\"inLanguage\":\"pt-BR\",\"potentialAction\":[{\"@type\":\"ReadAction\",\"target\":[\"https:\/\/bet-bonus.net\/br\/poker\/\"]}]},{\"@type\":\"BreadcrumbList\",\"@id\":\"https:\/\/bet-bonus.net\/br\/poker\/#breadcrumb\",\"itemListElement\":[{\"@type\":\"ListItem\",\"position\":1,\"name\":\"Home\",\"item\":\"https:\/\/bet-bonus.net\/br\/\"},{\"@type\":\"ListItem\",\"position\":2,\"name\":\"1xBet Poker Gr\u00e1tis - Jogue Poker Real contra v\u00e1rios advers\u00e1rios\"}]},{\"@type\":\"WebSite\",\"@id\":\"https:\/\/bet-bonus.net\/br\/#website\",\"url\":\"https:\/\/bet-bonus.net\/br\/\",\"name\":\"bet-bonus.net\/br\",\"description\":\"\",\"potentialAction\":[{\"@type\":\"SearchAction\",\"target\":{\"@type\":\"EntryPoint\",\"urlTemplate\":\"https:\/\/bet-bonus.net\/br\/?s={search_term_string}\"},\"query-input\":{\"@type\":\"PropertyValueSpecification\",\"valueRequired\":true,\"valueName\":\"search_term_string\"}}],\"inLanguage\":\"pt-BR\"}]}<\/script>\n<!-- \/ Yoast SEO plugin. -->","yoast_head_json":{"title":"1xBet Poker Online \u00bb Jogue Texas Holdem em Cash Games","robots":{"index":"index","follow":"follow","max-snippet":"max-snippet:-1","max-image-preview":"max-image-preview:large","max-video-preview":"max-video-preview:-1"},"canonical":"https:\/\/bet-bonus.net\/br\/poker\/","og_locale":"pt_BR","og_type":"article","og_title":"1xBet Poker Online \u00bb Jogue Texas Holdem em Cash Games","og_url":"https:\/\/bet-bonus.net\/br\/poker\/","og_site_name":"bet-bonus.net\/br","article_modified_time":"2018-07-27T11:47:08+00:00","twitter_card":"summary_large_image","twitter_misc":{"Est. tempo de leitura":"6 minutos"},"schema":{"@context":"https:\/\/schema.org","@graph":[{"@type":"WebPage","@id":"https:\/\/bet-bonus.net\/br\/poker\/","url":"https:\/\/bet-bonus.net\/br\/poker\/","name":"1xBet Poker Online \u00bb Jogue Texas Holdem em Cash Games","isPartOf":{"@id":"https:\/\/bet-bonus.net\/br\/#website"},"datePublished":"2018-07-15T19:48:58+00:00","dateModified":"2018-07-27T11:47:08+00:00","breadcrumb":{"@id":"https:\/\/bet-bonus.net\/br\/poker\/#breadcrumb"},"inLanguage":"pt-BR","potentialAction":[{"@type":"ReadAction","target":["https:\/\/bet-bonus.net\/br\/poker\/"]}]},{"@type":"BreadcrumbList","@id":"https:\/\/bet-bonus.net\/br\/poker\/#breadcrumb","itemListElement":[{"@type":"ListItem","position":1,"name":"Home","item":"https:\/\/bet-bonus.net\/br\/"},{"@type":"ListItem","position":2,"name":"1xBet Poker Gr\u00e1tis - Jogue Poker Real contra v\u00e1rios advers\u00e1rios"}]},{"@type":"WebSite","@id":"https:\/\/bet-bonus.net\/br\/#website","url":"https:\/\/bet-bonus.net\/br\/","name":"bet-bonus.net\/br","description":"","potentialAction":[{"@type":"SearchAction","target":{"@type":"EntryPoint","urlTemplate":"https:\/\/bet-bonus.net\/br\/?s={search_term_string}"},"query-input":{"@type":"PropertyValueSpecification","valueRequired":true,"valueName":"search_term_string"}}],"inLanguage":"pt-BR"}]}},"_links":{"self":[{"href":"https:\/\/bet-bonus.net\/br\/wp-json\/wp\/v2\/pages\/47","targetHints":{"allow":["GET"]}}],"collection":[{"href":"https:\/\/bet-bonus.net\/br\/wp-json\/wp\/v2\/pages"}],"about":[{"href":"https:\/\/bet-bonus.net\/br\/wp-json\/wp\/v2\/types\/page"}],"author":[{"embeddable":true,"href":"https:\/\/bet-bonus.net\/br\/wp-json\/wp\/v2\/users\/1"}],"replies":[{"embeddable":true,"href":"https:\/\/bet-bonus.net\/br\/wp-json\/wp\/v2\/comments?post=47"}],"version-history":[{"count":5,"href":"https:\/\/bet-bonus.net\/br\/wp-json\/wp\/v2\/pages\/47\/revisions"}],"predecessor-version":[{"id":456,"href":"https:\/\/bet-bonus.net\/br\/wp-json\/wp\/v2\/pages\/47\/revisions\/456"}],"wp:attachment":[{"href":"https:\/\/bet-bonus.net\/br\/wp-json\/wp\/v2\/media?parent=47"}],"wp:term":[{"taxonomy":"category","embeddable":true,"href":"https:\/\/bet-bonus.net\/br\/wp-json\/wp\/v2\/categories?post=47"},{"taxonomy":"post_tag","embeddable":true,"href":"https:\/\/bet-bonus.net\/br\/wp-json\/wp\/v2\/tags?post=47"}],"curies":[{"name":"wp","href":"https:\/\/api.w.org\/{rel}","templated":true}]}}